{"id":779,"date":"2025-03-25T15:38:04","date_gmt":"2025-03-25T15:38:04","guid":{"rendered":"https:\/\/houseofotoko.com\/?post_type=product&#038;p=779"},"modified":"2025-03-25T15:38:04","modified_gmt":"2025-03-25T15:38:04","slug":"vintage-bookshelf-wallpaper","status":"publish","type":"product","link":"https:\/\/houseofotoko.com\/fr\/produit\/vintage-bookshelf-wallpaper\/","title":{"rendered":"Papier peint biblioth\u00e8que vintage"},"content":{"rendered":"<p class=\"\" data-start=\"0\" data-end=\"332\">Le papier peint Vintage Bookshelf de Mineheart est une pi\u00e8ce audacieuse qui apporte le charme robuste des vieilles biblioth\u00e8ques dans votre espace. Que vous cherchiez \u00e0 transformer votre couloir, votre bureau ou votre cuisine, ce papier peint d\u00e9gage une atmosph\u00e8re de biblioth\u00e8que \u00e0 l'ancienne, comme si vous \u00e9tiez entour\u00e9 de l'odeur de pages bien us\u00e9es et d'histoires intemporelles.<\/p>\n<p class=\"\" data-start=\"334\" data-end=\"609\">Le design complexe de ce papier peint ajoute une touche litt\u00e9raire ind\u00e9niable \u00e0 votre d\u00e9cor, rehaussant instantan\u00e9ment l'atmosph\u00e8re avec son motif classique de biblioth\u00e8que. De plus, il est disponible dans une vari\u00e9t\u00e9 de combinaisons de couleurs sur demande, afin que vous puissiez trouver l'adaptation parfaite \u00e0 votre espace.<\/p>\n<p class=\"\" data-start=\"611\" data-end=\"638\"><strong data-start=\"611\" data-end=\"638\">Sp\u00e9cifications :<\/strong><\/p>\n<ul>\n<li data-start=\"641\" data-end=\"674\"><strong><em>Type de papier : Vinyle textur\u00e9 (260g)<\/em><\/strong><\/li>\n<li data-start=\"677\" data-end=\"719\"><strong><em>Dimensions du rouleau : 52 cm de large x 1000 cm de long<\/em><\/strong><\/li>\n<li data-start=\"722\" data-end=\"739\"><strong><em>Couleur : Gris d\u00e9lav\u00e9<\/em><\/strong><\/li>\n<li data-start=\"742\" data-end=\"765\"><strong><em>R\u00e9p\u00e9tition du motif : 62,5 cm<\/em><\/strong><\/li>\n<li data-start=\"801\" data-end=\"858\"><strong><em>Application : Le papier peint doit \u00eatre pr\u00e9encoll\u00e9<\/em><\/strong><\/li>\n<li data-start=\"861\" data-end=\"922\"><strong><em>Durabilit\u00e9 : Mineheart plante un arbre pour chaque rouleau vendu.<\/em><\/strong><\/li>\n<li data-start=\"925\" data-end=\"949\"><strong><em>Conception : Jong &amp; Battaglia<\/em><\/strong><\/li>\n<li data-start=\"952\" data-end=\"968\"><strong><em>Marque : Mineheart<\/em><\/strong><\/li>\n<\/ul>\n<ul>\n<li><strong><em>D\u00e9lai de livraison : environ 3 semaines<\/em><\/strong><\/li>\n<\/ul>\n<p>&nbsp;<\/p>\n<p class=\"\" data-start=\"970\" data-end=\"1183\">","protected":false},"excerpt":{"rendered":"<p>Papier peint biblioth\u00e8que vintage ; pour une touche virile et robuste qui apporte une touche litt\u00e9raire \u00e0 n'importe quelle pi\u00e8ce, ce papier peint est tr\u00e8s convaincant. Parfait pour cr\u00e9er ce look vintage et industriel dont vous avez envie avec une pinc\u00e9e de style intellectuel.<\/p>","protected":false},"featured_media":804,"comment_status":"open","ping_status":"closed","template":"","meta":{"neve_meta_sidebar":"","neve_meta_container":"","neve_meta_enable_content_width":"off","neve_meta_content_width":100,"neve_meta_title_alignment":"","neve_meta_author_avatar":"","neve_post_elements_order":"","neve_meta_disable_header":"","neve_meta_disable_footer":"","neve_meta_disable_title":"","neve_meta_reading_time":"","_themeisle_gutenberg_block_has_review":false,"neve_tabs_data":"","neve_override_tab_layout":""},"product_brand":[139],"product_cat":[16,40,22,41],"product_tag":[141,142,140],"class_list":{"0":"post-779","1":"product","2":"type-product","3":"status-publish","4":"has-post-thumbnail","6":"product_brand-mineheart","7":"product_cat-all","8":"product_cat-home-decor","9":"product_cat-living","10":"product_cat-wall-art","11":"product_tag-books","12":"product_tag-vintage","13":"product_tag-wallpaper","14":"product_shipping_class-standard-package","16":"first","17":"instock","18":"taxable","19":"shipping-taxable","20":"purchasable","21":"product-type-simple"},"yoast_head":"<!-- This site is optimized with the Yoast SEO plugin v27.4 - https:\/\/yoast.com\/product\/yoast-seo-wordpress\/ -->\n<title>Vintage Bookshelf Wallpaper - House of Otoko<\/title>\n<meta name=\"description\" content=\"Vintage Bookshelf Wallpaper; for a manly, rugged touch that brings a bit of literary flair into any room, this wallpaper makes a strong statement.\" \/>\n<meta name=\"robots\" content=\"index, follow, max-snippet:-1, max-image-preview:large, max-video-preview:-1\" \/>\n<link rel=\"canonical\" href=\"https:\/\/houseofotoko.com\/fr\/produit\/vintage-bookshelf-wallpaper\/\" \/>\n<meta property=\"og:locale\" content=\"fr_FR\" \/>\n<meta property=\"og:type\" content=\"article\" \/>\n<meta property=\"og:title\" content=\"Vintage Bookshelf Wallpaper - House of Otoko\" \/>\n<meta property=\"og:description\" content=\"Vintage Bookshelf Wallpaper; for a manly, rugged touch that brings a bit of literary flair into any room, this wallpaper makes a strong statement.\" \/>\n<meta property=\"og:url\" content=\"https:\/\/houseofotoko.com\/fr\/produit\/vintage-bookshelf-wallpaper\/\" \/>\n<meta property=\"og:site_name\" content=\"House of Otoko\" \/>\n<meta property=\"og:image\" content=\"https:\/\/houseofotoko.com\/wp-content\/uploads\/2025\/03\/Mineheart-Vintage-Bookshelf-wallpaper-2-1.webp\" \/>\n\t<meta property=\"og:image:width\" content=\"400\" \/>\n\t<meta property=\"og:image:height\" content=\"400\" \/>\n\t<meta property=\"og:image:type\" content=\"image\/webp\" \/>\n<meta name=\"twitter:card\" content=\"summary_large_image\" \/>\n<meta name=\"twitter:label1\" content=\"Dur\u00e9e de lecture estim\u00e9e\" \/>\n\t<meta name=\"twitter:data1\" content=\"1 minute\" \/>\n<script type=\"application\/ld+json\" class=\"yoast-schema-graph\">{\"@context\":\"https:\\\/\\\/schema.org\",\"@graph\":[{\"@type\":\"WebPage\",\"@id\":\"https:\\\/\\\/houseofotoko.com\\\/product\\\/vintage-bookshelf-wallpaper\\\/\",\"url\":\"https:\\\/\\\/houseofotoko.com\\\/product\\\/vintage-bookshelf-wallpaper\\\/\",\"name\":\"Vintage Bookshelf Wallpaper - House of Otoko\",\"isPartOf\":{\"@id\":\"https:\\\/\\\/houseofotoko.com\\\/#website\"},\"primaryImageOfPage\":{\"@id\":\"https:\\\/\\\/houseofotoko.com\\\/product\\\/vintage-bookshelf-wallpaper\\\/#primaryimage\"},\"image\":{\"@id\":\"https:\\\/\\\/houseofotoko.com\\\/product\\\/vintage-bookshelf-wallpaper\\\/#primaryimage\"},\"thumbnailUrl\":\"https:\\\/\\\/houseofotoko.com\\\/wp-content\\\/uploads\\\/2025\\\/03\\\/Mineheart-Vintage-Bookshelf-wallpaper-2-1.webp\",\"datePublished\":\"2025-03-25T15:38:04+00:00\",\"description\":\"Vintage Bookshelf Wallpaper; for a manly, rugged touch that brings a bit of literary flair into any room, this wallpaper makes a strong statement.\",\"breadcrumb\":{\"@id\":\"https:\\\/\\\/houseofotoko.com\\\/product\\\/vintage-bookshelf-wallpaper\\\/#breadcrumb\"},\"inLanguage\":\"fr-FR\",\"potentialAction\":[{\"@type\":\"ReadAction\",\"target\":[\"https:\\\/\\\/houseofotoko.com\\\/product\\\/vintage-bookshelf-wallpaper\\\/\"]}]},{\"@type\":\"ImageObject\",\"inLanguage\":\"fr-FR\",\"@id\":\"https:\\\/\\\/houseofotoko.com\\\/product\\\/vintage-bookshelf-wallpaper\\\/#primaryimage\",\"url\":\"https:\\\/\\\/houseofotoko.com\\\/wp-content\\\/uploads\\\/2025\\\/03\\\/Mineheart-Vintage-Bookshelf-wallpaper-2-1.webp\",\"contentUrl\":\"https:\\\/\\\/houseofotoko.com\\\/wp-content\\\/uploads\\\/2025\\\/03\\\/Mineheart-Vintage-Bookshelf-wallpaper-2-1.webp\",\"width\":400,\"height\":400,\"caption\":\"Mineheart Vintage Bookshelf wallpaper\"},{\"@type\":\"BreadcrumbList\",\"@id\":\"https:\\\/\\\/houseofotoko.com\\\/product\\\/vintage-bookshelf-wallpaper\\\/#breadcrumb\",\"itemListElement\":[{\"@type\":\"ListItem\",\"position\":1,\"name\":\"Home\",\"item\":\"https:\\\/\\\/houseofotoko.com\\\/\"},{\"@type\":\"ListItem\",\"position\":2,\"name\":\"Shop\",\"item\":\"https:\\\/\\\/houseofotoko.com\\\/shop\\\/\"},{\"@type\":\"ListItem\",\"position\":3,\"name\":\"Vintage Bookshelf Wallpaper\"}]},{\"@type\":\"WebSite\",\"@id\":\"https:\\\/\\\/houseofotoko.com\\\/#website\",\"url\":\"https:\\\/\\\/houseofotoko.com\\\/\",\"name\":\"House of Otoko\",\"description\":\"\",\"publisher\":{\"@id\":\"https:\\\/\\\/houseofotoko.com\\\/#organization\"},\"potentialAction\":[{\"@type\":\"SearchAction\",\"target\":{\"@type\":\"EntryPoint\",\"urlTemplate\":\"https:\\\/\\\/houseofotoko.com\\\/?s={search_term_string}\"},\"query-input\":{\"@type\":\"PropertyValueSpecification\",\"valueRequired\":true,\"valueName\":\"search_term_string\"}}],\"inLanguage\":\"fr-FR\"},{\"@type\":\"Organization\",\"@id\":\"https:\\\/\\\/houseofotoko.com\\\/#organization\",\"name\":\"House of Otoko\",\"url\":\"https:\\\/\\\/houseofotoko.com\\\/\",\"logo\":{\"@type\":\"ImageObject\",\"inLanguage\":\"fr-FR\",\"@id\":\"https:\\\/\\\/houseofotoko.com\\\/#\\\/schema\\\/logo\\\/image\\\/\",\"url\":\"https:\\\/\\\/mlfln9ez57ke.i.optimole.com\\\/w:1123\\\/h:1038\\\/q:mauto\\\/f:best\\\/ig:avif\\\/https:\\\/\\\/houseofotoko.com\\\/wp-content\\\/uploads\\\/2025\\\/01\\\/LOGO-PNG-1.png\",\"contentUrl\":\"https:\\\/\\\/mlfln9ez57ke.i.optimole.com\\\/w:1123\\\/h:1038\\\/q:mauto\\\/f:best\\\/ig:avif\\\/https:\\\/\\\/houseofotoko.com\\\/wp-content\\\/uploads\\\/2025\\\/01\\\/LOGO-PNG-1.png\",\"width\":1123,\"height\":1038,\"caption\":\"House of Otoko\"},\"image\":{\"@id\":\"https:\\\/\\\/houseofotoko.com\\\/#\\\/schema\\\/logo\\\/image\\\/\"},\"sameAs\":[\"https:\\\/\\\/www.instagram.com\\\/houseofotoko\\\/\"]}]}<\/script>\n<!-- \/ Yoast SEO plugin. -->","yoast_head_json":{"title":"Vintage Bookshelf Wallpaper - House of Otoko","description":"Vintage Bookshelf Wallpaper; for a manly, rugged touch that brings a bit of literary flair into any room, this wallpaper makes a strong statement.","robots":{"index":"index","follow":"follow","max-snippet":"max-snippet:-1","max-image-preview":"max-image-preview:large","max-video-preview":"max-video-preview:-1"},"canonical":"https:\/\/houseofotoko.com\/fr\/produit\/vintage-bookshelf-wallpaper\/","og_locale":"fr_FR","og_type":"article","og_title":"Vintage Bookshelf Wallpaper - House of Otoko","og_description":"Vintage Bookshelf Wallpaper; for a manly, rugged touch that brings a bit of literary flair into any room, this wallpaper makes a strong statement.","og_url":"https:\/\/houseofotoko.com\/fr\/produit\/vintage-bookshelf-wallpaper\/","og_site_name":"House of Otoko","og_image":[{"width":400,"height":400,"url":"https:\/\/houseofotoko.com\/wp-content\/uploads\/2025\/03\/Mineheart-Vintage-Bookshelf-wallpaper-2-1.webp","type":"image\/webp"}],"twitter_card":"summary_large_image","twitter_misc":{"Dur\u00e9e de lecture estim\u00e9e":"1 minute"},"schema":{"@context":"https:\/\/schema.org","@graph":[{"@type":"WebPage","@id":"https:\/\/houseofotoko.com\/product\/vintage-bookshelf-wallpaper\/","url":"https:\/\/houseofotoko.com\/product\/vintage-bookshelf-wallpaper\/","name":"Vintage Bookshelf Wallpaper - House of Otoko","isPartOf":{"@id":"https:\/\/houseofotoko.com\/#website"},"primaryImageOfPage":{"@id":"https:\/\/houseofotoko.com\/product\/vintage-bookshelf-wallpaper\/#primaryimage"},"image":{"@id":"https:\/\/houseofotoko.com\/product\/vintage-bookshelf-wallpaper\/#primaryimage"},"thumbnailUrl":"https:\/\/houseofotoko.com\/wp-content\/uploads\/2025\/03\/Mineheart-Vintage-Bookshelf-wallpaper-2-1.webp","datePublished":"2025-03-25T15:38:04+00:00","description":"Vintage Bookshelf Wallpaper; for a manly, rugged touch that brings a bit of literary flair into any room, this wallpaper makes a strong statement.","breadcrumb":{"@id":"https:\/\/houseofotoko.com\/product\/vintage-bookshelf-wallpaper\/#breadcrumb"},"inLanguage":"fr-FR","potentialAction":[{"@type":"ReadAction","target":["https:\/\/houseofotoko.com\/product\/vintage-bookshelf-wallpaper\/"]}]},{"@type":"ImageObject","inLanguage":"fr-FR","@id":"https:\/\/houseofotoko.com\/product\/vintage-bookshelf-wallpaper\/#primaryimage","url":"https:\/\/houseofotoko.com\/wp-content\/uploads\/2025\/03\/Mineheart-Vintage-Bookshelf-wallpaper-2-1.webp","contentUrl":"https:\/\/houseofotoko.com\/wp-content\/uploads\/2025\/03\/Mineheart-Vintage-Bookshelf-wallpaper-2-1.webp","width":400,"height":400,"caption":"Mineheart Vintage Bookshelf wallpaper"},{"@type":"BreadcrumbList","@id":"https:\/\/houseofotoko.com\/product\/vintage-bookshelf-wallpaper\/#breadcrumb","itemListElement":[{"@type":"ListItem","position":1,"name":"Home","item":"https:\/\/houseofotoko.com\/"},{"@type":"ListItem","position":2,"name":"Shop","item":"https:\/\/houseofotoko.com\/shop\/"},{"@type":"ListItem","position":3,"name":"Vintage Bookshelf Wallpaper"}]},{"@type":"WebSite","@id":"https:\/\/houseofotoko.com\/#website","url":"https:\/\/houseofotoko.com\/","name":"House of Otoko","description":"","publisher":{"@id":"https:\/\/houseofotoko.com\/#organization"},"potentialAction":[{"@type":"SearchAction","target":{"@type":"EntryPoint","urlTemplate":"https:\/\/houseofotoko.com\/?s={search_term_string}"},"query-input":{"@type":"PropertyValueSpecification","valueRequired":true,"valueName":"search_term_string"}}],"inLanguage":"fr-FR"},{"@type":"Organization","@id":"https:\/\/houseofotoko.com\/#organization","name":"House of Otoko","url":"https:\/\/houseofotoko.com\/","logo":{"@type":"ImageObject","inLanguage":"fr-FR","@id":"https:\/\/houseofotoko.com\/#\/schema\/logo\/image\/","url":"https:\/\/mlfln9ez57ke.i.optimole.com\/w:1123\/h:1038\/q:mauto\/f:best\/ig:avif\/https:\/\/houseofotoko.com\/wp-content\/uploads\/2025\/01\/LOGO-PNG-1.png","contentUrl":"https:\/\/mlfln9ez57ke.i.optimole.com\/w:1123\/h:1038\/q:mauto\/f:best\/ig:avif\/https:\/\/houseofotoko.com\/wp-content\/uploads\/2025\/01\/LOGO-PNG-1.png","width":1123,"height":1038,"caption":"House of Otoko"},"image":{"@id":"https:\/\/houseofotoko.com\/#\/schema\/logo\/image\/"},"sameAs":["https:\/\/www.instagram.com\/houseofotoko\/"]}]}},"_links":{"self":[{"href":"https:\/\/houseofotoko.com\/fr\/wp-json\/wp\/v2\/product\/779","targetHints":{"allow":["GET"]}}],"collection":[{"href":"https:\/\/houseofotoko.com\/fr\/wp-json\/wp\/v2\/product"}],"about":[{"href":"https:\/\/houseofotoko.com\/fr\/wp-json\/wp\/v2\/types\/product"}],"replies":[{"embeddable":true,"href":"https:\/\/houseofotoko.com\/fr\/wp-json\/wp\/v2\/comments?post=779"}],"wp:featuredmedia":[{"embeddable":true,"href":"https:\/\/houseofotoko.com\/fr\/wp-json\/wp\/v2\/media\/804"}],"wp:attachment":[{"href":"https:\/\/houseofotoko.com\/fr\/wp-json\/wp\/v2\/media?parent=779"}],"wp:term":[{"taxonomy":"product_brand","embeddable":true,"href":"https:\/\/houseofotoko.com\/fr\/wp-json\/wp\/v2\/product_brand?post=779"},{"taxonomy":"product_cat","embeddable":true,"href":"https:\/\/houseofotoko.com\/fr\/wp-json\/wp\/v2\/product_cat?post=779"},{"taxonomy":"product_tag","embeddable":true,"href":"https:\/\/houseofotoko.com\/fr\/wp-json\/wp\/v2\/product_tag?post=779"}],"curies":[{"name":"wp","href":"https:\/\/api.w.org\/{rel}","templated":true}]}}