{"id":777,"date":"2025-03-24T16:32:27","date_gmt":"2025-03-24T16:32:27","guid":{"rendered":"https:\/\/houseofotoko.com\/?post_type=product&#038;p=777"},"modified":"2025-05-05T13:07:23","modified_gmt":"2025-05-05T13:07:23","slug":"vintage-bivouac-trivet","status":"publish","type":"product","link":"https:\/\/houseofotoko.com\/fr\/produit\/vintage-bivouac-trivet\/","title":{"rendered":"Dessous de plat vintage Bivouac"},"content":{"rendered":"<p class=\"\" data-start=\"57\" data-end=\"280\">Le dessous de plat Vintage Bivouac est un sous-verre robuste et \u00e9l\u00e9gant qui allie fonctionnalit\u00e9 et esth\u00e9tique. Fabriqu\u00e9 \u00e0 partir de mat\u00e9riaux recycl\u00e9s, ce dessous de plat ajoute un look industriel vintage \u00e0 votre int\u00e9rieur.<\/p>\n<p class=\"\" data-start=\"1078\" data-end=\"1199\"><strong data-start=\"570\" data-end=\"587\">Sp\u00e9cifications :<\/strong><\/p>\n<ul data-start=\"588\" data-end=\"991\">\n<li data-start=\"588\" data-end=\"684\"><em><strong>Mat\u00e9riau : Fabriqu\u00e9 \u00e0 partir de tissus recycl\u00e9s<\/strong><\/em><\/li>\n<li data-start=\"685\" data-end=\"791\"><em><strong>Dimensions : 25 x 25 x 1 cm : 25 x 25 x 1 cm<\/strong><\/em><\/li>\n<li data-start=\"792\" data-end=\"868\"><em><strong>Couleur : en raison de l'utilisation de mat\u00e9riaux recycl\u00e9s, il peut y avoir des variations dans la couleur et le design.<\/strong><\/em><\/li>\n<li data-start=\"869\" data-end=\"991\"><em><strong>Fabrication respectueuse de l'environnement : Fabriqu\u00e9 \u00e0 la main \u00e0 partir de tissus recycl\u00e9s<\/strong><\/em><\/li>\n<li><em><strong data-start=\"595\" data-end=\"604\">Remarque : Ce dessous-de-plat n'est pas adapt\u00e9 pour r\u00e9sister \u00e0 la chaleur ou aux flammes.<\/strong>e.<\/em><\/li>\n<li><em><strong>Marque : <a href=\"https:\/\/houseofotoko.com\/product-categorie\/shop\/brands\/puebco\/\">Puebco<\/a><\/strong><\/em><\/li>\n<\/ul>\n<p data-start=\"1793\" data-end=\"1903\">En raison de la nature du bois naturel, il y a des fissures et des br\u00fblures.  En outre, il existe des diff\u00e9rences individuelles dans l'apparence des veines du bois, des n\u0153uds, de la couleur, etc.<\/p>","protected":false},"excerpt":{"rendered":"<p class=\"\" data-start=\"952\" data-end=\"1075\">Chaque tr\u00e9pied Vintage Bivouac est unique gr\u00e2ce \u00e0 l'utilisation de diff\u00e9rents tissus usag\u00e9s, offrant des variations de couleurs et de motifs. Il prot\u00e8ge les surfaces des rayures tout en ajoutant un \u00e9l\u00e9ment industriel vintage \u00e0 votre espace.<\/p>","protected":false},"featured_media":799,"comment_status":"open","ping_status":"closed","template":"","meta":{"neve_meta_sidebar":"","neve_meta_container":"","neve_meta_enable_content_width":"off","neve_meta_content_width":100,"neve_meta_title_alignment":"","neve_meta_author_avatar":"","neve_post_elements_order":"","neve_meta_disable_header":"","neve_meta_disable_footer":"","neve_meta_disable_title":"","neve_meta_reading_time":"","_themeisle_gutenberg_block_has_review":false,"neve_tabs_data":"","neve_override_tab_layout":""},"product_brand":[118],"product_cat":[16,48,43,42,25,69,23],"product_tag":[54,83,137,138],"class_list":{"0":"post-777","1":"product","2":"type-product","3":"status-publish","4":"has-post-thumbnail","6":"product_brand-puebco","7":"product_cat-all","8":"product_cat-bbq","9":"product_cat-home-textiles","10":"product_cat-kitchen_dining","11":"product_cat-outdoor","12":"product_cat-puebco","13":"product_cat-sustainable","14":"product_tag-green","15":"product_tag-puebco","16":"product_tag-reclycled","17":"product_tag-trivet","18":"product_shipping_class-letterbox-package","20":"first","21":"outofstock","22":"taxable","23":"shipping-taxable","24":"purchasable","25":"product-type-simple"},"yoast_head":"<!-- This site is optimized with the Yoast SEO plugin v27.4 - https:\/\/yoast.com\/product\/yoast-seo-wordpress\/ -->\n<title>Vintage Bivouac Trivet - House of Otoko<\/title>\n<meta name=\"description\" content=\"Vintage Bivouac Trivet protects your surfaces from scratches. The Trivet is unique due to the use of used fabrics, offering variation in color and pattern.\" \/>\n<meta name=\"robots\" content=\"index, follow, max-snippet:-1, max-image-preview:large, max-video-preview:-1\" \/>\n<link rel=\"canonical\" href=\"https:\/\/houseofotoko.com\/fr\/produit\/vintage-bivouac-trivet\/\" \/>\n<meta property=\"og:locale\" content=\"fr_FR\" \/>\n<meta property=\"og:type\" content=\"article\" \/>\n<meta property=\"og:title\" content=\"Vintage Bivouac Trivet - House of Otoko\" \/>\n<meta property=\"og:description\" content=\"Vintage Bivouac Trivet protects your surfaces from scratches. The Trivet is unique due to the use of used fabrics, offering variation in color and pattern.\" \/>\n<meta property=\"og:url\" content=\"https:\/\/houseofotoko.com\/fr\/produit\/vintage-bivouac-trivet\/\" \/>\n<meta property=\"og:site_name\" content=\"House of Otoko\" \/>\n<meta property=\"article:modified_time\" content=\"2025-05-05T13:07:23+00:00\" \/>\n<meta property=\"og:image\" content=\"https:\/\/houseofotoko.com\/wp-content\/uploads\/2025\/03\/Vintage-Bivouac-Trivet-2-1.webp\" \/>\n\t<meta property=\"og:image:width\" content=\"600\" \/>\n\t<meta property=\"og:image:height\" content=\"600\" \/>\n\t<meta property=\"og:image:type\" content=\"image\/webp\" \/>\n<meta name=\"twitter:card\" content=\"summary_large_image\" \/>\n<meta name=\"twitter:label1\" content=\"Dur\u00e9e de lecture estim\u00e9e\" \/>\n\t<meta name=\"twitter:data1\" content=\"1 minute\" \/>\n<script type=\"application\/ld+json\" class=\"yoast-schema-graph\">{\"@context\":\"https:\\\/\\\/schema.org\",\"@graph\":[{\"@type\":\"WebPage\",\"@id\":\"https:\\\/\\\/houseofotoko.com\\\/product\\\/vintage-bivouac-trivet\\\/\",\"url\":\"https:\\\/\\\/houseofotoko.com\\\/product\\\/vintage-bivouac-trivet\\\/\",\"name\":\"Vintage Bivouac Trivet - House of Otoko\",\"isPartOf\":{\"@id\":\"https:\\\/\\\/houseofotoko.com\\\/#website\"},\"primaryImageOfPage\":{\"@id\":\"https:\\\/\\\/houseofotoko.com\\\/product\\\/vintage-bivouac-trivet\\\/#primaryimage\"},\"image\":{\"@id\":\"https:\\\/\\\/houseofotoko.com\\\/product\\\/vintage-bivouac-trivet\\\/#primaryimage\"},\"thumbnailUrl\":\"https:\\\/\\\/houseofotoko.com\\\/wp-content\\\/uploads\\\/2025\\\/03\\\/Vintage-Bivouac-Trivet-2-1.webp\",\"datePublished\":\"2025-03-24T16:32:27+00:00\",\"dateModified\":\"2025-05-05T13:07:23+00:00\",\"description\":\"Vintage Bivouac Trivet protects your surfaces from scratches. The Trivet is unique due to the use of used fabrics, offering variation in color and pattern.\",\"breadcrumb\":{\"@id\":\"https:\\\/\\\/houseofotoko.com\\\/product\\\/vintage-bivouac-trivet\\\/#breadcrumb\"},\"inLanguage\":\"fr-FR\",\"potentialAction\":[{\"@type\":\"ReadAction\",\"target\":[\"https:\\\/\\\/houseofotoko.com\\\/product\\\/vintage-bivouac-trivet\\\/\"]}]},{\"@type\":\"ImageObject\",\"inLanguage\":\"fr-FR\",\"@id\":\"https:\\\/\\\/houseofotoko.com\\\/product\\\/vintage-bivouac-trivet\\\/#primaryimage\",\"url\":\"https:\\\/\\\/houseofotoko.com\\\/wp-content\\\/uploads\\\/2025\\\/03\\\/Vintage-Bivouac-Trivet-2-1.webp\",\"contentUrl\":\"https:\\\/\\\/houseofotoko.com\\\/wp-content\\\/uploads\\\/2025\\\/03\\\/Vintage-Bivouac-Trivet-2-1.webp\",\"width\":600,\"height\":600,\"caption\":\"Puebco Vintage Bivouac Trivet; House of Otoko\"},{\"@type\":\"BreadcrumbList\",\"@id\":\"https:\\\/\\\/houseofotoko.com\\\/product\\\/vintage-bivouac-trivet\\\/#breadcrumb\",\"itemListElement\":[{\"@type\":\"ListItem\",\"position\":1,\"name\":\"Home\",\"item\":\"https:\\\/\\\/houseofotoko.com\\\/\"},{\"@type\":\"ListItem\",\"position\":2,\"name\":\"Shop\",\"item\":\"https:\\\/\\\/houseofotoko.com\\\/shop\\\/\"},{\"@type\":\"ListItem\",\"position\":3,\"name\":\"Vintage Bivouac Trivet\"}]},{\"@type\":\"WebSite\",\"@id\":\"https:\\\/\\\/houseofotoko.com\\\/#website\",\"url\":\"https:\\\/\\\/houseofotoko.com\\\/\",\"name\":\"House of Otoko\",\"description\":\"\",\"publisher\":{\"@id\":\"https:\\\/\\\/houseofotoko.com\\\/#organization\"},\"potentialAction\":[{\"@type\":\"SearchAction\",\"target\":{\"@type\":\"EntryPoint\",\"urlTemplate\":\"https:\\\/\\\/houseofotoko.com\\\/?s={search_term_string}\"},\"query-input\":{\"@type\":\"PropertyValueSpecification\",\"valueRequired\":true,\"valueName\":\"search_term_string\"}}],\"inLanguage\":\"fr-FR\"},{\"@type\":\"Organization\",\"@id\":\"https:\\\/\\\/houseofotoko.com\\\/#organization\",\"name\":\"House of Otoko\",\"url\":\"https:\\\/\\\/houseofotoko.com\\\/\",\"logo\":{\"@type\":\"ImageObject\",\"inLanguage\":\"fr-FR\",\"@id\":\"https:\\\/\\\/houseofotoko.com\\\/#\\\/schema\\\/logo\\\/image\\\/\",\"url\":\"https:\\\/\\\/mlfln9ez57ke.i.optimole.com\\\/w:1123\\\/h:1038\\\/q:mauto\\\/f:best\\\/ig:avif\\\/https:\\\/\\\/houseofotoko.com\\\/wp-content\\\/uploads\\\/2025\\\/01\\\/LOGO-PNG-1.png\",\"contentUrl\":\"https:\\\/\\\/mlfln9ez57ke.i.optimole.com\\\/w:1123\\\/h:1038\\\/q:mauto\\\/f:best\\\/ig:avif\\\/https:\\\/\\\/houseofotoko.com\\\/wp-content\\\/uploads\\\/2025\\\/01\\\/LOGO-PNG-1.png\",\"width\":1123,\"height\":1038,\"caption\":\"House of Otoko\"},\"image\":{\"@id\":\"https:\\\/\\\/houseofotoko.com\\\/#\\\/schema\\\/logo\\\/image\\\/\"},\"sameAs\":[\"https:\\\/\\\/www.instagram.com\\\/houseofotoko\\\/\"]}]}<\/script>\n<!-- \/ Yoast SEO plugin. -->","yoast_head_json":{"title":"Vintage Bivouac Trivet - House of Otoko","description":"Vintage Bivouac Trivet protects your surfaces from scratches. The Trivet is unique due to the use of used fabrics, offering variation in color and pattern.","robots":{"index":"index","follow":"follow","max-snippet":"max-snippet:-1","max-image-preview":"max-image-preview:large","max-video-preview":"max-video-preview:-1"},"canonical":"https:\/\/houseofotoko.com\/fr\/produit\/vintage-bivouac-trivet\/","og_locale":"fr_FR","og_type":"article","og_title":"Vintage Bivouac Trivet - House of Otoko","og_description":"Vintage Bivouac Trivet protects your surfaces from scratches. The Trivet is unique due to the use of used fabrics, offering variation in color and pattern.","og_url":"https:\/\/houseofotoko.com\/fr\/produit\/vintage-bivouac-trivet\/","og_site_name":"House of Otoko","article_modified_time":"2025-05-05T13:07:23+00:00","og_image":[{"width":600,"height":600,"url":"https:\/\/houseofotoko.com\/wp-content\/uploads\/2025\/03\/Vintage-Bivouac-Trivet-2-1.webp","type":"image\/webp"}],"twitter_card":"summary_large_image","twitter_misc":{"Dur\u00e9e de lecture estim\u00e9e":"1 minute"},"schema":{"@context":"https:\/\/schema.org","@graph":[{"@type":"WebPage","@id":"https:\/\/houseofotoko.com\/product\/vintage-bivouac-trivet\/","url":"https:\/\/houseofotoko.com\/product\/vintage-bivouac-trivet\/","name":"Vintage Bivouac Trivet - House of Otoko","isPartOf":{"@id":"https:\/\/houseofotoko.com\/#website"},"primaryImageOfPage":{"@id":"https:\/\/houseofotoko.com\/product\/vintage-bivouac-trivet\/#primaryimage"},"image":{"@id":"https:\/\/houseofotoko.com\/product\/vintage-bivouac-trivet\/#primaryimage"},"thumbnailUrl":"https:\/\/houseofotoko.com\/wp-content\/uploads\/2025\/03\/Vintage-Bivouac-Trivet-2-1.webp","datePublished":"2025-03-24T16:32:27+00:00","dateModified":"2025-05-05T13:07:23+00:00","description":"Vintage Bivouac Trivet protects your surfaces from scratches. The Trivet is unique due to the use of used fabrics, offering variation in color and pattern.","breadcrumb":{"@id":"https:\/\/houseofotoko.com\/product\/vintage-bivouac-trivet\/#breadcrumb"},"inLanguage":"fr-FR","potentialAction":[{"@type":"ReadAction","target":["https:\/\/houseofotoko.com\/product\/vintage-bivouac-trivet\/"]}]},{"@type":"ImageObject","inLanguage":"fr-FR","@id":"https:\/\/houseofotoko.com\/product\/vintage-bivouac-trivet\/#primaryimage","url":"https:\/\/houseofotoko.com\/wp-content\/uploads\/2025\/03\/Vintage-Bivouac-Trivet-2-1.webp","contentUrl":"https:\/\/houseofotoko.com\/wp-content\/uploads\/2025\/03\/Vintage-Bivouac-Trivet-2-1.webp","width":600,"height":600,"caption":"Puebco Vintage Bivouac Trivet; House of Otoko"},{"@type":"BreadcrumbList","@id":"https:\/\/houseofotoko.com\/product\/vintage-bivouac-trivet\/#breadcrumb","itemListElement":[{"@type":"ListItem","position":1,"name":"Home","item":"https:\/\/houseofotoko.com\/"},{"@type":"ListItem","position":2,"name":"Shop","item":"https:\/\/houseofotoko.com\/shop\/"},{"@type":"ListItem","position":3,"name":"Vintage Bivouac Trivet"}]},{"@type":"WebSite","@id":"https:\/\/houseofotoko.com\/#website","url":"https:\/\/houseofotoko.com\/","name":"House of Otoko","description":"","publisher":{"@id":"https:\/\/houseofotoko.com\/#organization"},"potentialAction":[{"@type":"SearchAction","target":{"@type":"EntryPoint","urlTemplate":"https:\/\/houseofotoko.com\/?s={search_term_string}"},"query-input":{"@type":"PropertyValueSpecification","valueRequired":true,"valueName":"search_term_string"}}],"inLanguage":"fr-FR"},{"@type":"Organization","@id":"https:\/\/houseofotoko.com\/#organization","name":"House of Otoko","url":"https:\/\/houseofotoko.com\/","logo":{"@type":"ImageObject","inLanguage":"fr-FR","@id":"https:\/\/houseofotoko.com\/#\/schema\/logo\/image\/","url":"https:\/\/mlfln9ez57ke.i.optimole.com\/w:1123\/h:1038\/q:mauto\/f:best\/ig:avif\/https:\/\/houseofotoko.com\/wp-content\/uploads\/2025\/01\/LOGO-PNG-1.png","contentUrl":"https:\/\/mlfln9ez57ke.i.optimole.com\/w:1123\/h:1038\/q:mauto\/f:best\/ig:avif\/https:\/\/houseofotoko.com\/wp-content\/uploads\/2025\/01\/LOGO-PNG-1.png","width":1123,"height":1038,"caption":"House of Otoko"},"image":{"@id":"https:\/\/houseofotoko.com\/#\/schema\/logo\/image\/"},"sameAs":["https:\/\/www.instagram.com\/houseofotoko\/"]}]}},"_links":{"self":[{"href":"https:\/\/houseofotoko.com\/fr\/wp-json\/wp\/v2\/product\/777","targetHints":{"allow":["GET"]}}],"collection":[{"href":"https:\/\/houseofotoko.com\/fr\/wp-json\/wp\/v2\/product"}],"about":[{"href":"https:\/\/houseofotoko.com\/fr\/wp-json\/wp\/v2\/types\/product"}],"replies":[{"embeddable":true,"href":"https:\/\/houseofotoko.com\/fr\/wp-json\/wp\/v2\/comments?post=777"}],"wp:featuredmedia":[{"embeddable":true,"href":"https:\/\/houseofotoko.com\/fr\/wp-json\/wp\/v2\/media\/799"}],"wp:attachment":[{"href":"https:\/\/houseofotoko.com\/fr\/wp-json\/wp\/v2\/media?parent=777"}],"wp:term":[{"taxonomy":"product_brand","embeddable":true,"href":"https:\/\/houseofotoko.com\/fr\/wp-json\/wp\/v2\/product_brand?post=777"},{"taxonomy":"product_cat","embeddable":true,"href":"https:\/\/houseofotoko.com\/fr\/wp-json\/wp\/v2\/product_cat?post=777"},{"taxonomy":"product_tag","embeddable":true,"href":"https:\/\/houseofotoko.com\/fr\/wp-json\/wp\/v2\/product_tag?post=777"}],"curies":[{"name":"wp","href":"https:\/\/api.w.org\/{rel}","templated":true}]}}