{"id":775,"date":"2025-03-24T16:31:24","date_gmt":"2025-03-24T16:31:24","guid":{"rendered":"https:\/\/houseofotoko.com\/?post_type=product&#038;p=775"},"modified":"2025-09-23T09:45:17","modified_gmt":"2025-09-23T09:45:17","slug":"carafe-amber-zuma","status":"publish","type":"product","link":"https:\/\/houseofotoko.com\/fr\/produit\/carafe-amber-zuma\/","title":{"rendered":"Carafe Amber Zuma"},"content":{"rendered":"<p>La carafe Amber Zuma rehausse votre collection de verres. Il s'agit d'une pi\u00e8ce d'apparat con\u00e7ue par Kelly Wearstler. Inspir\u00e9e de l'esth\u00e9tique Bauhaus, cette carafe robuste mais raffin\u00e9e allie des lignes architecturales \u00e0 une riche teinte ambr\u00e9e, pour un impact visuel saisissant.<\/p>\n<p class=\"\" data-start=\"582\" data-end=\"850\">Parfaite pour servir du whisky, du vin ou de l'eau, cette carafe en verre \u00e9pais ajoute une touche d'artisanat et de masculinit\u00e9 \u00e0 tout d\u00e9cor. Que vous organisiez une soir\u00e9e cocktail \u00e9l\u00e9gante ou que vous d\u00e9gustiez simplement un verre avec style, la carafe Zuma fait une impression audacieuse.<\/p>\n<p data-start=\"259\" data-end=\"276\"><strong data-start=\"259\" data-end=\"276\">Sp\u00e9cifications :<\/strong><\/p>\n<ul>\n<li data-start=\"367\" data-end=\"596\"><strong><em>Mat\u00e9riau : verre de potassium<\/em><\/strong><\/li>\n<li data-start=\"367\" data-end=\"596\"><strong><em>Couleur : claire et ambr\u00e9e<\/em><\/strong><\/li>\n<li data-start=\"367\" data-end=\"596\"><strong><em>Dimensions : 23 x 12,8 cm : 23 x 12,8 cm<\/em><\/strong><\/li>\n<li data-start=\"367\" data-end=\"596\"><strong><em>Lavable au lave-vaisselle<\/em><\/strong><\/li>\n<li data-start=\"367\" data-end=\"596\"><em><strong>Designer : Kelly Wearstler<\/strong><\/em><\/li>\n<li data-start=\"367\" data-end=\"596\"><strong><em>Marque : <a href=\"https:\/\/houseofotoko.com\/product-categorie\/shop\/brands\/serax\/\">Serax<\/a><\/em><\/strong><\/li>\n<\/ul>\n<p>Une carafe qui incarne la force, le style et la sophistication, parce que votre bar ne m\u00e9rite rien de moins.<\/p>","protected":false},"excerpt":{"rendered":"<p>Parfaite pour servir du whisky, du vin ou de l'eau, cette carafe en verre lourd Amber Zuma ajoute une touche d'artisanat et de masculinit\u00e9 \u00e0 tout d\u00e9cor.<\/p>","protected":false},"featured_media":791,"comment_status":"open","ping_status":"closed","template":"","meta":{"neve_meta_sidebar":"","neve_meta_container":"","neve_meta_enable_content_width":"off","neve_meta_content_width":100,"neve_meta_title_alignment":"","neve_meta_author_avatar":"","neve_post_elements_order":"","neve_meta_disable_header":"","neve_meta_disable_footer":"","neve_meta_disable_title":"","neve_meta_reading_time":"","_themeisle_gutenberg_block_has_review":false,"neve_tabs_data":"","neve_override_tab_layout":""},"product_brand":[112],"product_cat":[16,52,42,22,111],"product_tag":[130,114],"class_list":{"0":"post-775","1":"product","2":"type-product","3":"status-publish","4":"has-post-thumbnail","6":"product_brand-serax","7":"product_cat-all","8":"product_cat-glassware_bar","9":"product_cat-kitchen_dining","10":"product_cat-living","11":"product_cat-serax","12":"product_tag-opener","13":"product_tag-serax","14":"product_shipping_class-standard-package","16":"first","17":"instock","18":"taxable","19":"shipping-taxable","20":"purchasable","21":"product-type-simple"},"yoast_head":"<!-- This site is optimized with the Yoast SEO plugin v27.4 - https:\/\/yoast.com\/product\/yoast-seo-wordpress\/ -->\n<title>Carafe Amber Zuma - House of Otoko<\/title>\n<meta name=\"description\" content=\"Perfect for serving whiskey, wine, or water, this heavyweight glass Carafe Amber Zuma adds a sense of craftsmanship and masculinity to any setting.\" \/>\n<meta name=\"robots\" content=\"index, follow, max-snippet:-1, max-image-preview:large, max-video-preview:-1\" \/>\n<link rel=\"canonical\" href=\"https:\/\/houseofotoko.com\/fr\/produit\/carafe-amber-zuma\/\" \/>\n<meta property=\"og:locale\" content=\"fr_FR\" \/>\n<meta property=\"og:type\" content=\"article\" \/>\n<meta property=\"og:title\" content=\"Carafe Amber Zuma - House of Otoko\" \/>\n<meta property=\"og:description\" content=\"Perfect for serving whiskey, wine, or water, this heavyweight glass Carafe Amber Zuma adds a sense of craftsmanship and masculinity to any setting.\" \/>\n<meta property=\"og:url\" content=\"https:\/\/houseofotoko.com\/fr\/produit\/carafe-amber-zuma\/\" \/>\n<meta property=\"og:site_name\" content=\"House of Otoko\" \/>\n<meta property=\"article:modified_time\" content=\"2025-09-23T09:45:17+00:00\" \/>\n<meta property=\"og:image\" content=\"https:\/\/houseofotoko.com\/wp-content\/uploads\/2025\/03\/Carafe-amber-zuma.webp\" \/>\n\t<meta property=\"og:image:width\" content=\"600\" \/>\n\t<meta property=\"og:image:height\" content=\"600\" \/>\n\t<meta property=\"og:image:type\" content=\"image\/webp\" \/>\n<meta name=\"twitter:card\" content=\"summary_large_image\" \/>\n<meta name=\"twitter:label1\" content=\"Dur\u00e9e de lecture estim\u00e9e\" \/>\n\t<meta name=\"twitter:data1\" content=\"1 minute\" \/>\n<script type=\"application\/ld+json\" class=\"yoast-schema-graph\">{\"@context\":\"https:\\\/\\\/schema.org\",\"@graph\":[{\"@type\":\"WebPage\",\"@id\":\"https:\\\/\\\/houseofotoko.com\\\/product\\\/carafe-amber-zuma\\\/\",\"url\":\"https:\\\/\\\/houseofotoko.com\\\/product\\\/carafe-amber-zuma\\\/\",\"name\":\"Carafe Amber Zuma - House of Otoko\",\"isPartOf\":{\"@id\":\"https:\\\/\\\/houseofotoko.com\\\/#website\"},\"primaryImageOfPage\":{\"@id\":\"https:\\\/\\\/houseofotoko.com\\\/product\\\/carafe-amber-zuma\\\/#primaryimage\"},\"image\":{\"@id\":\"https:\\\/\\\/houseofotoko.com\\\/product\\\/carafe-amber-zuma\\\/#primaryimage\"},\"thumbnailUrl\":\"https:\\\/\\\/houseofotoko.com\\\/wp-content\\\/uploads\\\/2025\\\/03\\\/Carafe-amber-zuma.webp\",\"datePublished\":\"2025-03-24T16:31:24+00:00\",\"dateModified\":\"2025-09-23T09:45:17+00:00\",\"description\":\"Perfect for serving whiskey, wine, or water, this heavyweight glass Carafe Amber Zuma adds a sense of craftsmanship and masculinity to any setting.\",\"breadcrumb\":{\"@id\":\"https:\\\/\\\/houseofotoko.com\\\/product\\\/carafe-amber-zuma\\\/#breadcrumb\"},\"inLanguage\":\"fr-FR\",\"potentialAction\":[{\"@type\":\"ReadAction\",\"target\":[\"https:\\\/\\\/houseofotoko.com\\\/product\\\/carafe-amber-zuma\\\/\"]}]},{\"@type\":\"ImageObject\",\"inLanguage\":\"fr-FR\",\"@id\":\"https:\\\/\\\/houseofotoko.com\\\/product\\\/carafe-amber-zuma\\\/#primaryimage\",\"url\":\"https:\\\/\\\/houseofotoko.com\\\/wp-content\\\/uploads\\\/2025\\\/03\\\/Carafe-amber-zuma.webp\",\"contentUrl\":\"https:\\\/\\\/houseofotoko.com\\\/wp-content\\\/uploads\\\/2025\\\/03\\\/Carafe-amber-zuma.webp\",\"width\":600,\"height\":600,\"caption\":\"Serax; Carafe Amber Zuma; House of Otoko\"},{\"@type\":\"BreadcrumbList\",\"@id\":\"https:\\\/\\\/houseofotoko.com\\\/product\\\/carafe-amber-zuma\\\/#breadcrumb\",\"itemListElement\":[{\"@type\":\"ListItem\",\"position\":1,\"name\":\"Home\",\"item\":\"https:\\\/\\\/houseofotoko.com\\\/\"},{\"@type\":\"ListItem\",\"position\":2,\"name\":\"Shop\",\"item\":\"https:\\\/\\\/houseofotoko.com\\\/shop\\\/\"},{\"@type\":\"ListItem\",\"position\":3,\"name\":\"Carafe Amber Zuma\"}]},{\"@type\":\"WebSite\",\"@id\":\"https:\\\/\\\/houseofotoko.com\\\/#website\",\"url\":\"https:\\\/\\\/houseofotoko.com\\\/\",\"name\":\"House of Otoko\",\"description\":\"\",\"publisher\":{\"@id\":\"https:\\\/\\\/houseofotoko.com\\\/#organization\"},\"potentialAction\":[{\"@type\":\"SearchAction\",\"target\":{\"@type\":\"EntryPoint\",\"urlTemplate\":\"https:\\\/\\\/houseofotoko.com\\\/?s={search_term_string}\"},\"query-input\":{\"@type\":\"PropertyValueSpecification\",\"valueRequired\":true,\"valueName\":\"search_term_string\"}}],\"inLanguage\":\"fr-FR\"},{\"@type\":\"Organization\",\"@id\":\"https:\\\/\\\/houseofotoko.com\\\/#organization\",\"name\":\"House of Otoko\",\"url\":\"https:\\\/\\\/houseofotoko.com\\\/\",\"logo\":{\"@type\":\"ImageObject\",\"inLanguage\":\"fr-FR\",\"@id\":\"https:\\\/\\\/houseofotoko.com\\\/#\\\/schema\\\/logo\\\/image\\\/\",\"url\":\"https:\\\/\\\/mlfln9ez57ke.i.optimole.com\\\/w:1123\\\/h:1038\\\/q:mauto\\\/f:best\\\/ig:avif\\\/https:\\\/\\\/houseofotoko.com\\\/wp-content\\\/uploads\\\/2025\\\/01\\\/LOGO-PNG-1.png\",\"contentUrl\":\"https:\\\/\\\/mlfln9ez57ke.i.optimole.com\\\/w:1123\\\/h:1038\\\/q:mauto\\\/f:best\\\/ig:avif\\\/https:\\\/\\\/houseofotoko.com\\\/wp-content\\\/uploads\\\/2025\\\/01\\\/LOGO-PNG-1.png\",\"width\":1123,\"height\":1038,\"caption\":\"House of Otoko\"},\"image\":{\"@id\":\"https:\\\/\\\/houseofotoko.com\\\/#\\\/schema\\\/logo\\\/image\\\/\"},\"sameAs\":[\"https:\\\/\\\/www.instagram.com\\\/houseofotoko\\\/\"]}]}<\/script>\n<!-- \/ Yoast SEO plugin. -->","yoast_head_json":{"title":"Carafe Amber Zuma - House of Otoko","description":"Parfaite pour servir du whisky, du vin ou de l'eau, cette carafe en verre lourd Amber Zuma ajoute une touche d'artisanat et de masculinit\u00e9 \u00e0 tout d\u00e9cor.","robots":{"index":"index","follow":"follow","max-snippet":"max-snippet:-1","max-image-preview":"max-image-preview:large","max-video-preview":"max-video-preview:-1"},"canonical":"https:\/\/houseofotoko.com\/fr\/produit\/carafe-amber-zuma\/","og_locale":"fr_FR","og_type":"article","og_title":"Carafe Amber Zuma - House of Otoko","og_description":"Perfect for serving whiskey, wine, or water, this heavyweight glass Carafe Amber Zuma adds a sense of craftsmanship and masculinity to any setting.","og_url":"https:\/\/houseofotoko.com\/fr\/produit\/carafe-amber-zuma\/","og_site_name":"House of Otoko","article_modified_time":"2025-09-23T09:45:17+00:00","og_image":[{"width":600,"height":600,"url":"https:\/\/houseofotoko.com\/wp-content\/uploads\/2025\/03\/Carafe-amber-zuma.webp","type":"image\/webp"}],"twitter_card":"summary_large_image","twitter_misc":{"Dur\u00e9e de lecture estim\u00e9e":"1 minute"},"schema":{"@context":"https:\/\/schema.org","@graph":[{"@type":"WebPage","@id":"https:\/\/houseofotoko.com\/product\/carafe-amber-zuma\/","url":"https:\/\/houseofotoko.com\/product\/carafe-amber-zuma\/","name":"Carafe Amber Zuma - House of Otoko","isPartOf":{"@id":"https:\/\/houseofotoko.com\/#website"},"primaryImageOfPage":{"@id":"https:\/\/houseofotoko.com\/product\/carafe-amber-zuma\/#primaryimage"},"image":{"@id":"https:\/\/houseofotoko.com\/product\/carafe-amber-zuma\/#primaryimage"},"thumbnailUrl":"https:\/\/houseofotoko.com\/wp-content\/uploads\/2025\/03\/Carafe-amber-zuma.webp","datePublished":"2025-03-24T16:31:24+00:00","dateModified":"2025-09-23T09:45:17+00:00","description":"Parfaite pour servir du whisky, du vin ou de l'eau, cette carafe en verre lourd Amber Zuma ajoute une touche d'artisanat et de masculinit\u00e9 \u00e0 tout d\u00e9cor.","breadcrumb":{"@id":"https:\/\/houseofotoko.com\/product\/carafe-amber-zuma\/#breadcrumb"},"inLanguage":"fr-FR","potentialAction":[{"@type":"ReadAction","target":["https:\/\/houseofotoko.com\/product\/carafe-amber-zuma\/"]}]},{"@type":"ImageObject","inLanguage":"fr-FR","@id":"https:\/\/houseofotoko.com\/product\/carafe-amber-zuma\/#primaryimage","url":"https:\/\/houseofotoko.com\/wp-content\/uploads\/2025\/03\/Carafe-amber-zuma.webp","contentUrl":"https:\/\/houseofotoko.com\/wp-content\/uploads\/2025\/03\/Carafe-amber-zuma.webp","width":600,"height":600,"caption":"Serax; Carafe Amber Zuma; House of Otoko"},{"@type":"BreadcrumbList","@id":"https:\/\/houseofotoko.com\/product\/carafe-amber-zuma\/#breadcrumb","itemListElement":[{"@type":"ListItem","position":1,"name":"Home","item":"https:\/\/houseofotoko.com\/"},{"@type":"ListItem","position":2,"name":"Shop","item":"https:\/\/houseofotoko.com\/shop\/"},{"@type":"ListItem","position":3,"name":"Carafe Amber Zuma"}]},{"@type":"WebSite","@id":"https:\/\/houseofotoko.com\/#website","url":"https:\/\/houseofotoko.com\/","name":"House of Otoko","description":"","publisher":{"@id":"https:\/\/houseofotoko.com\/#organization"},"potentialAction":[{"@type":"SearchAction","target":{"@type":"EntryPoint","urlTemplate":"https:\/\/houseofotoko.com\/?s={search_term_string}"},"query-input":{"@type":"PropertyValueSpecification","valueRequired":true,"valueName":"search_term_string"}}],"inLanguage":"fr-FR"},{"@type":"Organization","@id":"https:\/\/houseofotoko.com\/#organization","name":"House of Otoko","url":"https:\/\/houseofotoko.com\/","logo":{"@type":"ImageObject","inLanguage":"fr-FR","@id":"https:\/\/houseofotoko.com\/#\/schema\/logo\/image\/","url":"https:\/\/mlfln9ez57ke.i.optimole.com\/w:1123\/h:1038\/q:mauto\/f:best\/ig:avif\/https:\/\/houseofotoko.com\/wp-content\/uploads\/2025\/01\/LOGO-PNG-1.png","contentUrl":"https:\/\/mlfln9ez57ke.i.optimole.com\/w:1123\/h:1038\/q:mauto\/f:best\/ig:avif\/https:\/\/houseofotoko.com\/wp-content\/uploads\/2025\/01\/LOGO-PNG-1.png","width":1123,"height":1038,"caption":"House of Otoko"},"image":{"@id":"https:\/\/houseofotoko.com\/#\/schema\/logo\/image\/"},"sameAs":["https:\/\/www.instagram.com\/houseofotoko\/"]}]}},"_links":{"self":[{"href":"https:\/\/houseofotoko.com\/fr\/wp-json\/wp\/v2\/product\/775","targetHints":{"allow":["GET"]}}],"collection":[{"href":"https:\/\/houseofotoko.com\/fr\/wp-json\/wp\/v2\/product"}],"about":[{"href":"https:\/\/houseofotoko.com\/fr\/wp-json\/wp\/v2\/types\/product"}],"replies":[{"embeddable":true,"href":"https:\/\/houseofotoko.com\/fr\/wp-json\/wp\/v2\/comments?post=775"}],"wp:featuredmedia":[{"embeddable":true,"href":"https:\/\/houseofotoko.com\/fr\/wp-json\/wp\/v2\/media\/791"}],"wp:attachment":[{"href":"https:\/\/houseofotoko.com\/fr\/wp-json\/wp\/v2\/media?parent=775"}],"wp:term":[{"taxonomy":"product_brand","embeddable":true,"href":"https:\/\/houseofotoko.com\/fr\/wp-json\/wp\/v2\/product_brand?post=775"},{"taxonomy":"product_cat","embeddable":true,"href":"https:\/\/houseofotoko.com\/fr\/wp-json\/wp\/v2\/product_cat?post=775"},{"taxonomy":"product_tag","embeddable":true,"href":"https:\/\/houseofotoko.com\/fr\/wp-json\/wp\/v2\/product_tag?post=775"}],"curies":[{"name":"wp","href":"https:\/\/api.w.org\/{rel}","templated":true}]}}