{"id":774,"date":"2025-03-24T16:30:56","date_gmt":"2025-03-24T16:30:56","guid":{"rendered":"https:\/\/houseofotoko.com\/?post_type=product&#038;p=774"},"modified":"2025-03-27T15:00:44","modified_gmt":"2025-03-27T15:00:44","slug":"whisky-glass-amber-zuma","status":"publish","type":"product","link":"https:\/\/houseofotoko.com\/fr\/produit\/whisky-glass-amber-zuma\/","title":{"rendered":"Verre \u00e0 whisky Amber Zuma"},"content":{"rendered":"<p class=\"\" data-start=\"180\" data-end=\"568\">Whisky Glass Amber Zuma elevates your drinking experience, designed by the renowned American designer Kelly Wearstler for Serax. This glass blends high-end aesthetics with practical functionality, making it the perfect addition to your barware collection. Crafted with precision and style, it\u2019s a bold statement piece that adds an earthy, sophisticated touch to any setting. Features a three-layer construction with the amber hue embedded between two transparent glass layers, creating a striking ombre effect that catches the light.<\/p>\n<p data-start=\"259\" data-end=\"276\"><strong data-start=\"259\" data-end=\"276\">Specifications:<\/strong><\/p>\n<ul>\n<li data-start=\"367\" data-end=\"596\"><strong><em>Material: <span class=\"relative -mx-px my-[-0.2rem] rounded px-px py-[0.2rem]\">Glass<\/span><\/em><\/strong><\/li>\n<li data-start=\"367\" data-end=\"596\"><strong><em>Color: Clear and Amber<\/em><\/strong><\/li>\n<li data-start=\"367\" data-end=\"596\"><strong><em>Dimensions: 8 x 8,5 cm<\/em><\/strong><\/li>\n<li data-start=\"367\" data-end=\"596\"><strong><em>Capacity: 20 cl<\/em><\/strong><\/li>\n<li data-start=\"367\" data-end=\"596\"><strong><em>Dishwasher safe<\/em><\/strong><\/li>\n<li data-start=\"367\" data-end=\"596\"><em><strong>Designer: Kelly Wearstler <\/strong><\/em><\/li>\n<li data-start=\"367\" data-end=\"596\"><strong><em>Brand: <a href=\"https:\/\/houseofotoko.com\/product-categorie\/shop\/brands\/serax\/\">Serax<\/a><\/em><\/strong><\/li>\n<\/ul>\n","protected":false},"excerpt":{"rendered":"<p>Parfait pour siroter votre whisky, bourbon ou tout autre spiritueux pr\u00e9f\u00e9r\u00e9, ainsi que des cocktails. Son design ergonomique assure une prise en main confortable, pour que chaque boisson devienne une exp\u00e9rience.<\/p>","protected":false},"featured_media":784,"comment_status":"open","ping_status":"closed","template":"","meta":{"neve_meta_sidebar":"","neve_meta_container":"","neve_meta_enable_content_width":"off","neve_meta_content_width":100,"neve_meta_title_alignment":"","neve_meta_author_avatar":"","neve_post_elements_order":"","neve_meta_disable_header":"","neve_meta_disable_footer":"","neve_meta_disable_title":"","neve_meta_reading_time":"","_themeisle_gutenberg_block_has_review":false,"neve_tabs_data":"","neve_override_tab_layout":""},"product_brand":[112],"product_cat":[16,52,42,22,111,146],"product_tag":[134,133,114,131,132],"class_list":{"0":"post-774","1":"product","2":"type-product","3":"status-publish","4":"has-post-thumbnail","6":"product_brand-serax","7":"product_cat-all","8":"product_cat-glassware_bar","9":"product_cat-kitchen_dining","10":"product_cat-living","11":"product_cat-serax","12":"product_cat-uitgelicht","13":"product_tag-amber","14":"product_tag-glass","15":"product_tag-serax","16":"product_tag-whisky","17":"product_tag-zuma","18":"product_shipping_class-standard-package","20":"first","21":"instock","22":"taxable","23":"shipping-taxable","24":"purchasable","25":"product-type-simple"},"yoast_head":"<!-- This site is optimized with the Yoast SEO plugin v27.4 - https:\/\/yoast.com\/product\/yoast-seo-wordpress\/ -->\n<title>Whisky Glass Amber Zuma - House of Otoko<\/title>\n<meta name=\"description\" content=\"Whether for a quiet night at home or a stylish gathering, Whisky Glass Amber Zuma is made for both casual and sophisticated settings.\" \/>\n<meta name=\"robots\" content=\"index, follow, max-snippet:-1, max-image-preview:large, max-video-preview:-1\" \/>\n<link rel=\"canonical\" href=\"https:\/\/houseofotoko.com\/fr\/produit\/whisky-glass-amber-zuma\/\" \/>\n<meta property=\"og:locale\" content=\"fr_FR\" \/>\n<meta property=\"og:type\" content=\"article\" \/>\n<meta property=\"og:title\" content=\"Whisky Glass Amber Zuma - House of Otoko\" \/>\n<meta property=\"og:description\" content=\"Whether for a quiet night at home or a stylish gathering, Whisky Glass Amber Zuma is made for both casual and sophisticated settings.\" \/>\n<meta property=\"og:url\" content=\"https:\/\/houseofotoko.com\/fr\/produit\/whisky-glass-amber-zuma\/\" \/>\n<meta property=\"og:site_name\" content=\"House of Otoko\" \/>\n<meta property=\"article:modified_time\" content=\"2025-03-27T15:00:44+00:00\" \/>\n<meta property=\"og:image\" content=\"https:\/\/houseofotoko.com\/wp-content\/uploads\/2025\/03\/SERAX-WHISKY-GLASS-AMBER-ZUMA-3.webp\" \/>\n\t<meta property=\"og:image:width\" content=\"600\" \/>\n\t<meta property=\"og:image:height\" content=\"600\" \/>\n\t<meta property=\"og:image:type\" content=\"image\/webp\" \/>\n<meta name=\"twitter:card\" content=\"summary_large_image\" \/>\n<meta name=\"twitter:label1\" content=\"Dur\u00e9e de lecture estim\u00e9e\" \/>\n\t<meta name=\"twitter:data1\" content=\"1 minute\" \/>\n<script type=\"application\/ld+json\" class=\"yoast-schema-graph\">{\"@context\":\"https:\\\/\\\/schema.org\",\"@graph\":[{\"@type\":\"WebPage\",\"@id\":\"https:\\\/\\\/houseofotoko.com\\\/product\\\/whisky-glass-amber-zuma\\\/\",\"url\":\"https:\\\/\\\/houseofotoko.com\\\/product\\\/whisky-glass-amber-zuma\\\/\",\"name\":\"Whisky Glass Amber Zuma - House of Otoko\",\"isPartOf\":{\"@id\":\"https:\\\/\\\/houseofotoko.com\\\/#website\"},\"primaryImageOfPage\":{\"@id\":\"https:\\\/\\\/houseofotoko.com\\\/product\\\/whisky-glass-amber-zuma\\\/#primaryimage\"},\"image\":{\"@id\":\"https:\\\/\\\/houseofotoko.com\\\/product\\\/whisky-glass-amber-zuma\\\/#primaryimage\"},\"thumbnailUrl\":\"https:\\\/\\\/houseofotoko.com\\\/wp-content\\\/uploads\\\/2025\\\/03\\\/SERAX-WHISKY-GLASS-AMBER-ZUMA-3.webp\",\"datePublished\":\"2025-03-24T16:30:56+00:00\",\"dateModified\":\"2025-03-27T15:00:44+00:00\",\"description\":\"Whether for a quiet night at home or a stylish gathering, Whisky Glass Amber Zuma is made for both casual and sophisticated settings.\",\"breadcrumb\":{\"@id\":\"https:\\\/\\\/houseofotoko.com\\\/product\\\/whisky-glass-amber-zuma\\\/#breadcrumb\"},\"inLanguage\":\"fr-FR\",\"potentialAction\":[{\"@type\":\"ReadAction\",\"target\":[\"https:\\\/\\\/houseofotoko.com\\\/product\\\/whisky-glass-amber-zuma\\\/\"]}]},{\"@type\":\"ImageObject\",\"inLanguage\":\"fr-FR\",\"@id\":\"https:\\\/\\\/houseofotoko.com\\\/product\\\/whisky-glass-amber-zuma\\\/#primaryimage\",\"url\":\"https:\\\/\\\/houseofotoko.com\\\/wp-content\\\/uploads\\\/2025\\\/03\\\/SERAX-WHISKY-GLASS-AMBER-ZUMA-3.webp\",\"contentUrl\":\"https:\\\/\\\/houseofotoko.com\\\/wp-content\\\/uploads\\\/2025\\\/03\\\/SERAX-WHISKY-GLASS-AMBER-ZUMA-3.webp\",\"width\":600,\"height\":600,\"caption\":\"Serax 5400959046800; Kelly Wearstler; House of Otoko\"},{\"@type\":\"BreadcrumbList\",\"@id\":\"https:\\\/\\\/houseofotoko.com\\\/product\\\/whisky-glass-amber-zuma\\\/#breadcrumb\",\"itemListElement\":[{\"@type\":\"ListItem\",\"position\":1,\"name\":\"Home\",\"item\":\"https:\\\/\\\/houseofotoko.com\\\/\"},{\"@type\":\"ListItem\",\"position\":2,\"name\":\"Shop\",\"item\":\"https:\\\/\\\/houseofotoko.com\\\/shop\\\/\"},{\"@type\":\"ListItem\",\"position\":3,\"name\":\"Whisky Glass Amber Zuma\"}]},{\"@type\":\"WebSite\",\"@id\":\"https:\\\/\\\/houseofotoko.com\\\/#website\",\"url\":\"https:\\\/\\\/houseofotoko.com\\\/\",\"name\":\"House of Otoko\",\"description\":\"\",\"publisher\":{\"@id\":\"https:\\\/\\\/houseofotoko.com\\\/#organization\"},\"potentialAction\":[{\"@type\":\"SearchAction\",\"target\":{\"@type\":\"EntryPoint\",\"urlTemplate\":\"https:\\\/\\\/houseofotoko.com\\\/?s={search_term_string}\"},\"query-input\":{\"@type\":\"PropertyValueSpecification\",\"valueRequired\":true,\"valueName\":\"search_term_string\"}}],\"inLanguage\":\"fr-FR\"},{\"@type\":\"Organization\",\"@id\":\"https:\\\/\\\/houseofotoko.com\\\/#organization\",\"name\":\"House of Otoko\",\"url\":\"https:\\\/\\\/houseofotoko.com\\\/\",\"logo\":{\"@type\":\"ImageObject\",\"inLanguage\":\"fr-FR\",\"@id\":\"https:\\\/\\\/houseofotoko.com\\\/#\\\/schema\\\/logo\\\/image\\\/\",\"url\":\"https:\\\/\\\/mlfln9ez57ke.i.optimole.com\\\/w:1123\\\/h:1038\\\/q:mauto\\\/f:best\\\/ig:avif\\\/https:\\\/\\\/houseofotoko.com\\\/wp-content\\\/uploads\\\/2025\\\/01\\\/LOGO-PNG-1.png\",\"contentUrl\":\"https:\\\/\\\/mlfln9ez57ke.i.optimole.com\\\/w:1123\\\/h:1038\\\/q:mauto\\\/f:best\\\/ig:avif\\\/https:\\\/\\\/houseofotoko.com\\\/wp-content\\\/uploads\\\/2025\\\/01\\\/LOGO-PNG-1.png\",\"width\":1123,\"height\":1038,\"caption\":\"House of Otoko\"},\"image\":{\"@id\":\"https:\\\/\\\/houseofotoko.com\\\/#\\\/schema\\\/logo\\\/image\\\/\"},\"sameAs\":[\"https:\\\/\\\/www.instagram.com\\\/houseofotoko\\\/\"]}]}<\/script>\n<!-- \/ Yoast SEO plugin. -->","yoast_head_json":{"title":"Whisky Glass Amber Zuma - House of Otoko","description":"Whether for a quiet night at home or a stylish gathering, Whisky Glass Amber Zuma is made for both casual and sophisticated settings.","robots":{"index":"index","follow":"follow","max-snippet":"max-snippet:-1","max-image-preview":"max-image-preview:large","max-video-preview":"max-video-preview:-1"},"canonical":"https:\/\/houseofotoko.com\/fr\/produit\/whisky-glass-amber-zuma\/","og_locale":"fr_FR","og_type":"article","og_title":"Whisky Glass Amber Zuma - House of Otoko","og_description":"Whether for a quiet night at home or a stylish gathering, Whisky Glass Amber Zuma is made for both casual and sophisticated settings.","og_url":"https:\/\/houseofotoko.com\/fr\/produit\/whisky-glass-amber-zuma\/","og_site_name":"House of Otoko","article_modified_time":"2025-03-27T15:00:44+00:00","og_image":[{"width":600,"height":600,"url":"https:\/\/houseofotoko.com\/wp-content\/uploads\/2025\/03\/SERAX-WHISKY-GLASS-AMBER-ZUMA-3.webp","type":"image\/webp"}],"twitter_card":"summary_large_image","twitter_misc":{"Dur\u00e9e de lecture estim\u00e9e":"1 minute"},"schema":{"@context":"https:\/\/schema.org","@graph":[{"@type":"WebPage","@id":"https:\/\/houseofotoko.com\/product\/whisky-glass-amber-zuma\/","url":"https:\/\/houseofotoko.com\/product\/whisky-glass-amber-zuma\/","name":"Whisky Glass Amber Zuma - House of Otoko","isPartOf":{"@id":"https:\/\/houseofotoko.com\/#website"},"primaryImageOfPage":{"@id":"https:\/\/houseofotoko.com\/product\/whisky-glass-amber-zuma\/#primaryimage"},"image":{"@id":"https:\/\/houseofotoko.com\/product\/whisky-glass-amber-zuma\/#primaryimage"},"thumbnailUrl":"https:\/\/houseofotoko.com\/wp-content\/uploads\/2025\/03\/SERAX-WHISKY-GLASS-AMBER-ZUMA-3.webp","datePublished":"2025-03-24T16:30:56+00:00","dateModified":"2025-03-27T15:00:44+00:00","description":"Whether for a quiet night at home or a stylish gathering, Whisky Glass Amber Zuma is made for both casual and sophisticated settings.","breadcrumb":{"@id":"https:\/\/houseofotoko.com\/product\/whisky-glass-amber-zuma\/#breadcrumb"},"inLanguage":"fr-FR","potentialAction":[{"@type":"ReadAction","target":["https:\/\/houseofotoko.com\/product\/whisky-glass-amber-zuma\/"]}]},{"@type":"ImageObject","inLanguage":"fr-FR","@id":"https:\/\/houseofotoko.com\/product\/whisky-glass-amber-zuma\/#primaryimage","url":"https:\/\/houseofotoko.com\/wp-content\/uploads\/2025\/03\/SERAX-WHISKY-GLASS-AMBER-ZUMA-3.webp","contentUrl":"https:\/\/houseofotoko.com\/wp-content\/uploads\/2025\/03\/SERAX-WHISKY-GLASS-AMBER-ZUMA-3.webp","width":600,"height":600,"caption":"Serax 5400959046800; Kelly Wearstler; House of Otoko"},{"@type":"BreadcrumbList","@id":"https:\/\/houseofotoko.com\/product\/whisky-glass-amber-zuma\/#breadcrumb","itemListElement":[{"@type":"ListItem","position":1,"name":"Home","item":"https:\/\/houseofotoko.com\/"},{"@type":"ListItem","position":2,"name":"Shop","item":"https:\/\/houseofotoko.com\/shop\/"},{"@type":"ListItem","position":3,"name":"Whisky Glass Amber Zuma"}]},{"@type":"WebSite","@id":"https:\/\/houseofotoko.com\/#website","url":"https:\/\/houseofotoko.com\/","name":"House of Otoko","description":"","publisher":{"@id":"https:\/\/houseofotoko.com\/#organization"},"potentialAction":[{"@type":"SearchAction","target":{"@type":"EntryPoint","urlTemplate":"https:\/\/houseofotoko.com\/?s={search_term_string}"},"query-input":{"@type":"PropertyValueSpecification","valueRequired":true,"valueName":"search_term_string"}}],"inLanguage":"fr-FR"},{"@type":"Organization","@id":"https:\/\/houseofotoko.com\/#organization","name":"House of Otoko","url":"https:\/\/houseofotoko.com\/","logo":{"@type":"ImageObject","inLanguage":"fr-FR","@id":"https:\/\/houseofotoko.com\/#\/schema\/logo\/image\/","url":"https:\/\/mlfln9ez57ke.i.optimole.com\/w:1123\/h:1038\/q:mauto\/f:best\/ig:avif\/https:\/\/houseofotoko.com\/wp-content\/uploads\/2025\/01\/LOGO-PNG-1.png","contentUrl":"https:\/\/mlfln9ez57ke.i.optimole.com\/w:1123\/h:1038\/q:mauto\/f:best\/ig:avif\/https:\/\/houseofotoko.com\/wp-content\/uploads\/2025\/01\/LOGO-PNG-1.png","width":1123,"height":1038,"caption":"House of Otoko"},"image":{"@id":"https:\/\/houseofotoko.com\/#\/schema\/logo\/image\/"},"sameAs":["https:\/\/www.instagram.com\/houseofotoko\/"]}]}},"_links":{"self":[{"href":"https:\/\/houseofotoko.com\/fr\/wp-json\/wp\/v2\/product\/774","targetHints":{"allow":["GET"]}}],"collection":[{"href":"https:\/\/houseofotoko.com\/fr\/wp-json\/wp\/v2\/product"}],"about":[{"href":"https:\/\/houseofotoko.com\/fr\/wp-json\/wp\/v2\/types\/product"}],"replies":[{"embeddable":true,"href":"https:\/\/houseofotoko.com\/fr\/wp-json\/wp\/v2\/comments?post=774"}],"wp:featuredmedia":[{"embeddable":true,"href":"https:\/\/houseofotoko.com\/fr\/wp-json\/wp\/v2\/media\/784"}],"wp:attachment":[{"href":"https:\/\/houseofotoko.com\/fr\/wp-json\/wp\/v2\/media?parent=774"}],"wp:term":[{"taxonomy":"product_brand","embeddable":true,"href":"https:\/\/houseofotoko.com\/fr\/wp-json\/wp\/v2\/product_brand?post=774"},{"taxonomy":"product_cat","embeddable":true,"href":"https:\/\/houseofotoko.com\/fr\/wp-json\/wp\/v2\/product_cat?post=774"},{"taxonomy":"product_tag","embeddable":true,"href":"https:\/\/houseofotoko.com\/fr\/wp-json\/wp\/v2\/product_tag?post=774"}],"curies":[{"name":"wp","href":"https:\/\/api.w.org\/{rel}","templated":true}]}}