{"id":743,"date":"2025-03-24T13:07:20","date_gmt":"2025-03-24T13:07:20","guid":{"rendered":"https:\/\/houseofotoko.com\/?post_type=product&#038;p=743"},"modified":"2025-10-15T15:30:43","modified_gmt":"2025-10-15T15:30:43","slug":"wooden-cutting-board","status":"publish","type":"product","link":"https:\/\/houseofotoko.com\/fr\/produit\/wooden-cutting-board\/","title":{"rendered":"Planche \u00e0 d\u00e9couper en bois"},"content":{"rendered":"<p class=\"\" data-start=\"78\" data-end=\"357\">La planche \u00e0 d\u00e9couper en bois est un \u00e9l\u00e9ment essentiel de la cuisine, audacieux et durable, con\u00e7u pour ceux qui appr\u00e9cient le design industriel et l'artisanat de haute qualit\u00e9. Sa construction robuste et son esth\u00e9tique brute lui permettent de s'int\u00e9grer parfaitement dans les espaces modernes et masculins.<\/p>\n<p data-start=\"570\" data-end=\"587\"><strong data-start=\"570\" data-end=\"587\">Sp\u00e9cifications :<\/strong><\/p>\n<ul data-start=\"588\" data-end=\"991\">\n<li data-start=\"588\" data-end=\"684\"><strong><em>Mat\u00e9riau : Fabriqu\u00e9 en bois de manguier dense et solide et manche en acier inoxydable.<\/em><\/strong><\/li>\n<li data-start=\"685\" data-end=\"791\"><strong><em>Dimensions : 20 x 32 x 3 cm : 20 x 32 x 3 cm<\/em><\/strong><\/li>\n<li data-start=\"792\" data-end=\"868\"><strong><em>Couleur : bois, manche en acier<\/em><\/strong><\/li>\n<li data-start=\"792\" data-end=\"868\"><em><strong>Trois couteaux sp\u00e9cialis\u00e9s - un \u00e9carteur, un ciseau et un couteau \u00e0 pointe fourchue<\/strong><\/em><\/li>\n<li data-start=\"869\" data-end=\"991\"><strong><em>Fabrication respectueuse de l'environnement : Fabriqu\u00e9 \u00e0 la main \u00e0 partir d'acier recycl\u00e9<\/em><\/strong><\/li>\n<li><strong><em>Instructions d'entretien : Livr\u00e9 avec du papier de verre et des instructions d'entretien<\/em><\/strong><\/li>\n<li><strong><em>Marque : <a href=\"https:\/\/houseofotoko.com\/product-categorie\/shop\/brands\/puebco\/\">Puebco<\/a><\/em><\/strong><\/li>\n<\/ul>\n<p data-start=\"1793\" data-end=\"1903\">En raison de la nature du bois naturel, il y a des fissures et des br\u00fblures.  En outre, il existe des diff\u00e9rences individuelles dans l'apparence des veines du bois, des n\u0153uds, de la couleur, etc.<\/p>","protected":false},"excerpt":{"rendered":"<p>Am\u00e9liorez votre cuisine avec cette planche \u00e0 d\u00e9couper en bois de manguier de la marque Puebco ; une pi\u00e8ce robuste aussi r\u00e9sistante qu'\u00e9l\u00e9gante.<\/p>","protected":false},"featured_media":746,"comment_status":"open","ping_status":"closed","template":"","meta":{"neve_meta_sidebar":"","neve_meta_container":"","neve_meta_enable_content_width":"off","neve_meta_content_width":100,"neve_meta_title_alignment":"","neve_meta_author_avatar":"","neve_post_elements_order":"","neve_meta_disable_header":"","neve_meta_disable_footer":"","neve_meta_disable_title":"","neve_meta_reading_time":"","_themeisle_gutenberg_block_has_review":false,"neve_tabs_data":"","neve_override_tab_layout":""},"product_brand":[118],"product_cat":[16,48,42,25,69],"product_tag":[125,83,64,67],"class_list":{"0":"post-743","1":"product","2":"type-product","3":"status-publish","4":"has-post-thumbnail","6":"product_brand-puebco","7":"product_cat-all","8":"product_cat-bbq","9":"product_cat-kitchen_dining","10":"product_cat-outdoor","11":"product_cat-puebco","12":"product_tag-cutting-board","13":"product_tag-puebco","14":"product_tag-steel","15":"product_tag-wood","16":"product_shipping_class-standard-package","18":"first","19":"outofstock","20":"taxable","21":"shipping-taxable","22":"purchasable","23":"product-type-simple"},"yoast_head":"<!-- This site is optimized with the Yoast SEO plugin v27.4 - https:\/\/yoast.com\/product\/yoast-seo-wordpress\/ -->\n<title>Wooden Cutting Board - House of Otoko<\/title>\n<meta name=\"description\" content=\"Upgrade your kitchen with this mango wooden Cutting Board from the brand Puebco; a robust piece that\u2019s as tough as it is stylish.\" \/>\n<meta name=\"robots\" content=\"index, follow, max-snippet:-1, max-image-preview:large, max-video-preview:-1\" \/>\n<link rel=\"canonical\" href=\"https:\/\/houseofotoko.com\/fr\/produit\/wooden-cutting-board\/\" \/>\n<meta property=\"og:locale\" content=\"fr_FR\" \/>\n<meta property=\"og:type\" content=\"article\" \/>\n<meta property=\"og:title\" content=\"Wooden Cutting Board - House of Otoko\" \/>\n<meta property=\"og:description\" content=\"Upgrade your kitchen with this mango wooden Cutting Board from the brand Puebco; a robust piece that\u2019s as tough as it is stylish.\" \/>\n<meta property=\"og:url\" content=\"https:\/\/houseofotoko.com\/fr\/produit\/wooden-cutting-board\/\" \/>\n<meta property=\"og:site_name\" content=\"House of Otoko\" \/>\n<meta property=\"article:modified_time\" content=\"2025-10-15T15:30:43+00:00\" \/>\n<meta property=\"og:image\" content=\"https:\/\/houseofotoko.com\/wp-content\/uploads\/2025\/03\/Puebco-Cutting-board-wood-4.webp\" \/>\n\t<meta property=\"og:image:width\" content=\"600\" \/>\n\t<meta property=\"og:image:height\" content=\"600\" \/>\n\t<meta property=\"og:image:type\" content=\"image\/webp\" \/>\n<meta name=\"twitter:card\" content=\"summary_large_image\" \/>\n<meta name=\"twitter:label1\" content=\"Dur\u00e9e de lecture estim\u00e9e\" \/>\n\t<meta name=\"twitter:data1\" content=\"1 minute\" \/>\n<script type=\"application\/ld+json\" class=\"yoast-schema-graph\">{\"@context\":\"https:\\\/\\\/schema.org\",\"@graph\":[{\"@type\":\"WebPage\",\"@id\":\"https:\\\/\\\/houseofotoko.com\\\/product\\\/wooden-cutting-board\\\/\",\"url\":\"https:\\\/\\\/houseofotoko.com\\\/product\\\/wooden-cutting-board\\\/\",\"name\":\"Wooden Cutting Board - House of Otoko\",\"isPartOf\":{\"@id\":\"https:\\\/\\\/houseofotoko.com\\\/#website\"},\"primaryImageOfPage\":{\"@id\":\"https:\\\/\\\/houseofotoko.com\\\/product\\\/wooden-cutting-board\\\/#primaryimage\"},\"image\":{\"@id\":\"https:\\\/\\\/houseofotoko.com\\\/product\\\/wooden-cutting-board\\\/#primaryimage\"},\"thumbnailUrl\":\"https:\\\/\\\/houseofotoko.com\\\/wp-content\\\/uploads\\\/2025\\\/03\\\/Puebco-Cutting-board-wood-4.webp\",\"datePublished\":\"2025-03-24T13:07:20+00:00\",\"dateModified\":\"2025-10-15T15:30:43+00:00\",\"description\":\"Upgrade your kitchen with this mango wooden Cutting Board from the brand Puebco; a robust piece that\u2019s as tough as it is stylish.\",\"breadcrumb\":{\"@id\":\"https:\\\/\\\/houseofotoko.com\\\/product\\\/wooden-cutting-board\\\/#breadcrumb\"},\"inLanguage\":\"fr-FR\",\"potentialAction\":[{\"@type\":\"ReadAction\",\"target\":[\"https:\\\/\\\/houseofotoko.com\\\/product\\\/wooden-cutting-board\\\/\"]}]},{\"@type\":\"ImageObject\",\"inLanguage\":\"fr-FR\",\"@id\":\"https:\\\/\\\/houseofotoko.com\\\/product\\\/wooden-cutting-board\\\/#primaryimage\",\"url\":\"https:\\\/\\\/houseofotoko.com\\\/wp-content\\\/uploads\\\/2025\\\/03\\\/Puebco-Cutting-board-wood-4.webp\",\"contentUrl\":\"https:\\\/\\\/houseofotoko.com\\\/wp-content\\\/uploads\\\/2025\\\/03\\\/Puebco-Cutting-board-wood-4.webp\",\"width\":600,\"height\":600,\"caption\":\"Puebco Cutting board wood; House of Otoko\"},{\"@type\":\"BreadcrumbList\",\"@id\":\"https:\\\/\\\/houseofotoko.com\\\/product\\\/wooden-cutting-board\\\/#breadcrumb\",\"itemListElement\":[{\"@type\":\"ListItem\",\"position\":1,\"name\":\"Home\",\"item\":\"https:\\\/\\\/houseofotoko.com\\\/\"},{\"@type\":\"ListItem\",\"position\":2,\"name\":\"Shop\",\"item\":\"https:\\\/\\\/houseofotoko.com\\\/shop\\\/\"},{\"@type\":\"ListItem\",\"position\":3,\"name\":\"Wooden Cutting Board\"}]},{\"@type\":\"WebSite\",\"@id\":\"https:\\\/\\\/houseofotoko.com\\\/#website\",\"url\":\"https:\\\/\\\/houseofotoko.com\\\/\",\"name\":\"House of Otoko\",\"description\":\"\",\"publisher\":{\"@id\":\"https:\\\/\\\/houseofotoko.com\\\/#organization\"},\"potentialAction\":[{\"@type\":\"SearchAction\",\"target\":{\"@type\":\"EntryPoint\",\"urlTemplate\":\"https:\\\/\\\/houseofotoko.com\\\/?s={search_term_string}\"},\"query-input\":{\"@type\":\"PropertyValueSpecification\",\"valueRequired\":true,\"valueName\":\"search_term_string\"}}],\"inLanguage\":\"fr-FR\"},{\"@type\":\"Organization\",\"@id\":\"https:\\\/\\\/houseofotoko.com\\\/#organization\",\"name\":\"House of Otoko\",\"url\":\"https:\\\/\\\/houseofotoko.com\\\/\",\"logo\":{\"@type\":\"ImageObject\",\"inLanguage\":\"fr-FR\",\"@id\":\"https:\\\/\\\/houseofotoko.com\\\/#\\\/schema\\\/logo\\\/image\\\/\",\"url\":\"https:\\\/\\\/mlfln9ez57ke.i.optimole.com\\\/w:1123\\\/h:1038\\\/q:mauto\\\/f:best\\\/ig:avif\\\/https:\\\/\\\/houseofotoko.com\\\/wp-content\\\/uploads\\\/2025\\\/01\\\/LOGO-PNG-1.png\",\"contentUrl\":\"https:\\\/\\\/mlfln9ez57ke.i.optimole.com\\\/w:1123\\\/h:1038\\\/q:mauto\\\/f:best\\\/ig:avif\\\/https:\\\/\\\/houseofotoko.com\\\/wp-content\\\/uploads\\\/2025\\\/01\\\/LOGO-PNG-1.png\",\"width\":1123,\"height\":1038,\"caption\":\"House of Otoko\"},\"image\":{\"@id\":\"https:\\\/\\\/houseofotoko.com\\\/#\\\/schema\\\/logo\\\/image\\\/\"},\"sameAs\":[\"https:\\\/\\\/www.instagram.com\\\/houseofotoko\\\/\"]}]}<\/script>\n<!-- \/ Yoast SEO plugin. -->","yoast_head_json":{"title":"Wooden Cutting Board - House of Otoko","description":"Am\u00e9liorez votre cuisine avec cette planche \u00e0 d\u00e9couper en bois de manguier de la marque Puebco ; une pi\u00e8ce robuste aussi r\u00e9sistante qu'\u00e9l\u00e9gante.","robots":{"index":"index","follow":"follow","max-snippet":"max-snippet:-1","max-image-preview":"max-image-preview:large","max-video-preview":"max-video-preview:-1"},"canonical":"https:\/\/houseofotoko.com\/fr\/produit\/wooden-cutting-board\/","og_locale":"fr_FR","og_type":"article","og_title":"Wooden Cutting Board - House of Otoko","og_description":"Upgrade your kitchen with this mango wooden Cutting Board from the brand Puebco; a robust piece that\u2019s as tough as it is stylish.","og_url":"https:\/\/houseofotoko.com\/fr\/produit\/wooden-cutting-board\/","og_site_name":"House of Otoko","article_modified_time":"2025-10-15T15:30:43+00:00","og_image":[{"width":600,"height":600,"url":"https:\/\/houseofotoko.com\/wp-content\/uploads\/2025\/03\/Puebco-Cutting-board-wood-4.webp","type":"image\/webp"}],"twitter_card":"summary_large_image","twitter_misc":{"Dur\u00e9e de lecture estim\u00e9e":"1 minute"},"schema":{"@context":"https:\/\/schema.org","@graph":[{"@type":"WebPage","@id":"https:\/\/houseofotoko.com\/product\/wooden-cutting-board\/","url":"https:\/\/houseofotoko.com\/product\/wooden-cutting-board\/","name":"Wooden Cutting Board - House of Otoko","isPartOf":{"@id":"https:\/\/houseofotoko.com\/#website"},"primaryImageOfPage":{"@id":"https:\/\/houseofotoko.com\/product\/wooden-cutting-board\/#primaryimage"},"image":{"@id":"https:\/\/houseofotoko.com\/product\/wooden-cutting-board\/#primaryimage"},"thumbnailUrl":"https:\/\/houseofotoko.com\/wp-content\/uploads\/2025\/03\/Puebco-Cutting-board-wood-4.webp","datePublished":"2025-03-24T13:07:20+00:00","dateModified":"2025-10-15T15:30:43+00:00","description":"Am\u00e9liorez votre cuisine avec cette planche \u00e0 d\u00e9couper en bois de manguier de la marque Puebco ; une pi\u00e8ce robuste aussi r\u00e9sistante qu'\u00e9l\u00e9gante.","breadcrumb":{"@id":"https:\/\/houseofotoko.com\/product\/wooden-cutting-board\/#breadcrumb"},"inLanguage":"fr-FR","potentialAction":[{"@type":"ReadAction","target":["https:\/\/houseofotoko.com\/product\/wooden-cutting-board\/"]}]},{"@type":"ImageObject","inLanguage":"fr-FR","@id":"https:\/\/houseofotoko.com\/product\/wooden-cutting-board\/#primaryimage","url":"https:\/\/houseofotoko.com\/wp-content\/uploads\/2025\/03\/Puebco-Cutting-board-wood-4.webp","contentUrl":"https:\/\/houseofotoko.com\/wp-content\/uploads\/2025\/03\/Puebco-Cutting-board-wood-4.webp","width":600,"height":600,"caption":"Puebco Cutting board wood; House of Otoko"},{"@type":"BreadcrumbList","@id":"https:\/\/houseofotoko.com\/product\/wooden-cutting-board\/#breadcrumb","itemListElement":[{"@type":"ListItem","position":1,"name":"Home","item":"https:\/\/houseofotoko.com\/"},{"@type":"ListItem","position":2,"name":"Shop","item":"https:\/\/houseofotoko.com\/shop\/"},{"@type":"ListItem","position":3,"name":"Wooden Cutting Board"}]},{"@type":"WebSite","@id":"https:\/\/houseofotoko.com\/#website","url":"https:\/\/houseofotoko.com\/","name":"House of Otoko","description":"","publisher":{"@id":"https:\/\/houseofotoko.com\/#organization"},"potentialAction":[{"@type":"SearchAction","target":{"@type":"EntryPoint","urlTemplate":"https:\/\/houseofotoko.com\/?s={search_term_string}"},"query-input":{"@type":"PropertyValueSpecification","valueRequired":true,"valueName":"search_term_string"}}],"inLanguage":"fr-FR"},{"@type":"Organization","@id":"https:\/\/houseofotoko.com\/#organization","name":"House of Otoko","url":"https:\/\/houseofotoko.com\/","logo":{"@type":"ImageObject","inLanguage":"fr-FR","@id":"https:\/\/houseofotoko.com\/#\/schema\/logo\/image\/","url":"https:\/\/mlfln9ez57ke.i.optimole.com\/w:1123\/h:1038\/q:mauto\/f:best\/ig:avif\/https:\/\/houseofotoko.com\/wp-content\/uploads\/2025\/01\/LOGO-PNG-1.png","contentUrl":"https:\/\/mlfln9ez57ke.i.optimole.com\/w:1123\/h:1038\/q:mauto\/f:best\/ig:avif\/https:\/\/houseofotoko.com\/wp-content\/uploads\/2025\/01\/LOGO-PNG-1.png","width":1123,"height":1038,"caption":"House of Otoko"},"image":{"@id":"https:\/\/houseofotoko.com\/#\/schema\/logo\/image\/"},"sameAs":["https:\/\/www.instagram.com\/houseofotoko\/"]}]}},"_links":{"self":[{"href":"https:\/\/houseofotoko.com\/fr\/wp-json\/wp\/v2\/product\/743","targetHints":{"allow":["GET"]}}],"collection":[{"href":"https:\/\/houseofotoko.com\/fr\/wp-json\/wp\/v2\/product"}],"about":[{"href":"https:\/\/houseofotoko.com\/fr\/wp-json\/wp\/v2\/types\/product"}],"replies":[{"embeddable":true,"href":"https:\/\/houseofotoko.com\/fr\/wp-json\/wp\/v2\/comments?post=743"}],"wp:featuredmedia":[{"embeddable":true,"href":"https:\/\/houseofotoko.com\/fr\/wp-json\/wp\/v2\/media\/746"}],"wp:attachment":[{"href":"https:\/\/houseofotoko.com\/fr\/wp-json\/wp\/v2\/media?parent=743"}],"wp:term":[{"taxonomy":"product_brand","embeddable":true,"href":"https:\/\/houseofotoko.com\/fr\/wp-json\/wp\/v2\/product_brand?post=743"},{"taxonomy":"product_cat","embeddable":true,"href":"https:\/\/houseofotoko.com\/fr\/wp-json\/wp\/v2\/product_cat?post=743"},{"taxonomy":"product_tag","embeddable":true,"href":"https:\/\/houseofotoko.com\/fr\/wp-json\/wp\/v2\/product_tag?post=743"}],"curies":[{"name":"wp","href":"https:\/\/api.w.org\/{rel}","templated":true}]}}