{"id":735,"date":"2025-03-22T12:28:11","date_gmt":"2025-03-22T12:28:11","guid":{"rendered":"https:\/\/houseofotoko.com\/?post_type=product&#038;p=735"},"modified":"2025-03-22T12:46:09","modified_gmt":"2025-03-22T12:46:09","slug":"spoon-merci","status":"publish","type":"product","link":"https:\/\/houseofotoko.com\/fr\/produit\/spoon-merci\/","title":{"rendered":"Cuill\u00e8re Merci"},"content":{"rendered":"<p data-start=\"0\" data-end=\"60\">La cuill\u00e8re Merci est un m\u00e9lange parfait de robustesse industrielle et de design sophistiqu\u00e9. Faisant partie de la collection La Nouvelle Table, cr\u00e9\u00e9e en collaboration avec le c\u00e9l\u00e8bre concept store parisien Merci, cette cuill\u00e8re est con\u00e7ue pour ceux qui appr\u00e9cient la qualit\u00e9, la durabilit\u00e9 et une esth\u00e9tique audacieuse.<\/p>\n<p data-start=\"259\" data-end=\"276\"><strong data-start=\"259\" data-end=\"276\">Sp\u00e9cifications :<\/strong><\/p>\n<ul>\n<li data-start=\"367\" data-end=\"596\"><strong><em>Mat\u00e9riau : acier inoxydable de haute qualit\u00e9\u00a0<\/em><\/strong><\/li>\n<li data-start=\"367\" data-end=\"596\"><strong><em>Couleur : anthracite stonewash<\/em><\/strong><\/li>\n<li data-start=\"367\" data-end=\"596\"><strong><em>Dimensions : 14 x 2,5 cm : 14 x 2,5 cm<\/em><\/strong><\/li>\n<li data-start=\"367\" data-end=\"596\"><strong><em>Lavable au lave-vaisselle<\/em><\/strong><\/li>\n<li data-start=\"367\" data-end=\"596\"><em><strong>Concepteur : Merci<\/strong><\/em><\/li>\n<li data-start=\"367\" data-end=\"596\"><strong><em>Marque : <a href=\"https:\/\/houseofotoko.com\/product-categorie\/shop\/brands\/serax\/\">Serax<\/a><\/em><\/strong><\/li>\n<\/ul>\n<p>Con\u00e7u pour ceux qui appr\u00e9cient la solidit\u00e9 de l'artisanat avec une touche de modernit\u00e9. Parfait pour les repas de tous les jours ou les exp\u00e9riences culinaires haut de gamme.<\/p>","protected":false},"excerpt":{"rendered":"<p>Am\u00e9liorez votre vaisselle avec une cuill\u00e8re qui n'est pas seulement un ustensile de table, mais une d\u00e9claration. La cuill\u00e8re Merci est le point de rencontre entre la forme et la fonction, offrant une durabilit\u00e9, un style et un attrait robuste qui r\u00e9sistent \u00e0 l'\u00e9preuve du temps.<\/p>","protected":false},"featured_media":729,"comment_status":"open","ping_status":"closed","template":"","meta":{"neve_meta_sidebar":"","neve_meta_container":"","neve_meta_enable_content_width":"off","neve_meta_content_width":100,"neve_meta_title_alignment":"","neve_meta_author_avatar":"","neve_post_elements_order":"","neve_meta_disable_header":"","neve_meta_disable_footer":"","neve_meta_disable_title":"","neve_meta_reading_time":"","_themeisle_gutenberg_block_has_review":false,"neve_tabs_data":"","neve_override_tab_layout":""},"product_brand":[112],"product_cat":[16,48,42,22,111],"product_tag":[121,114,123],"class_list":{"0":"post-735","1":"product","2":"type-product","3":"status-publish","4":"has-post-thumbnail","6":"product_brand-serax","7":"product_cat-all","8":"product_cat-bbq","9":"product_cat-kitchen_dining","10":"product_cat-living","11":"product_cat-serax","12":"product_tag-merci","13":"product_tag-serax","14":"product_tag-spoon","15":"product_shipping_class-standard-package","17":"first","18":"instock","19":"taxable","20":"shipping-taxable","21":"purchasable","22":"product-type-simple"},"yoast_head":"<!-- This site is optimized with the Yoast SEO plugin v27.4 - https:\/\/yoast.com\/product\/yoast-seo-wordpress\/ -->\n<title>Spoon Merci - House of Otoko<\/title>\n<meta name=\"description\" content=\"Spoon Merci\u00a0is where form meets function, delivering durability, style, and a rugged appeal that stands the test of time.\" \/>\n<meta name=\"robots\" content=\"index, follow, max-snippet:-1, max-image-preview:large, max-video-preview:-1\" \/>\n<link rel=\"canonical\" href=\"https:\/\/houseofotoko.com\/fr\/produit\/spoon-merci\/\" \/>\n<meta property=\"og:locale\" content=\"fr_FR\" \/>\n<meta property=\"og:type\" content=\"article\" \/>\n<meta property=\"og:title\" content=\"Spoon Merci - House of Otoko\" \/>\n<meta property=\"og:description\" content=\"Spoon Merci\u00a0is where form meets function, delivering durability, style, and a rugged appeal that stands the test of time.\" \/>\n<meta property=\"og:url\" content=\"https:\/\/houseofotoko.com\/fr\/produit\/spoon-merci\/\" \/>\n<meta property=\"og:site_name\" content=\"House of Otoko\" \/>\n<meta property=\"article:modified_time\" content=\"2025-03-22T12:46:09+00:00\" \/>\n<meta property=\"og:image\" content=\"https:\/\/houseofotoko.com\/wp-content\/uploads\/2025\/03\/Fork-Merci-Serax-2.webp\" \/>\n\t<meta property=\"og:image:width\" content=\"600\" \/>\n\t<meta property=\"og:image:height\" content=\"600\" \/>\n\t<meta property=\"og:image:type\" content=\"image\/webp\" \/>\n<meta name=\"twitter:card\" content=\"summary_large_image\" \/>\n<meta name=\"twitter:label1\" content=\"Dur\u00e9e de lecture estim\u00e9e\" \/>\n\t<meta name=\"twitter:data1\" content=\"1 minute\" \/>\n<script type=\"application\/ld+json\" class=\"yoast-schema-graph\">{\"@context\":\"https:\\\/\\\/schema.org\",\"@graph\":[{\"@type\":\"WebPage\",\"@id\":\"https:\\\/\\\/houseofotoko.com\\\/product\\\/spoon-merci\\\/\",\"url\":\"https:\\\/\\\/houseofotoko.com\\\/product\\\/spoon-merci\\\/\",\"name\":\"Spoon Merci - House of Otoko\",\"isPartOf\":{\"@id\":\"https:\\\/\\\/houseofotoko.com\\\/#website\"},\"primaryImageOfPage\":{\"@id\":\"https:\\\/\\\/houseofotoko.com\\\/product\\\/spoon-merci\\\/#primaryimage\"},\"image\":{\"@id\":\"https:\\\/\\\/houseofotoko.com\\\/product\\\/spoon-merci\\\/#primaryimage\"},\"thumbnailUrl\":\"https:\\\/\\\/houseofotoko.com\\\/wp-content\\\/uploads\\\/2025\\\/03\\\/Fork-Merci-Serax-2.webp\",\"datePublished\":\"2025-03-22T12:28:11+00:00\",\"dateModified\":\"2025-03-22T12:46:09+00:00\",\"description\":\"Spoon Merci\u00a0is where form meets function, delivering durability, style, and a rugged appeal that stands the test of time.\",\"breadcrumb\":{\"@id\":\"https:\\\/\\\/houseofotoko.com\\\/product\\\/spoon-merci\\\/#breadcrumb\"},\"inLanguage\":\"fr-FR\",\"potentialAction\":[{\"@type\":\"ReadAction\",\"target\":[\"https:\\\/\\\/houseofotoko.com\\\/product\\\/spoon-merci\\\/\"]}]},{\"@type\":\"ImageObject\",\"inLanguage\":\"fr-FR\",\"@id\":\"https:\\\/\\\/houseofotoko.com\\\/product\\\/spoon-merci\\\/#primaryimage\",\"url\":\"https:\\\/\\\/houseofotoko.com\\\/wp-content\\\/uploads\\\/2025\\\/03\\\/Fork-Merci-Serax-2.webp\",\"contentUrl\":\"https:\\\/\\\/houseofotoko.com\\\/wp-content\\\/uploads\\\/2025\\\/03\\\/Fork-Merci-Serax-2.webp\",\"width\":600,\"height\":600,\"caption\":\"Fork Merci Serax\"},{\"@type\":\"BreadcrumbList\",\"@id\":\"https:\\\/\\\/houseofotoko.com\\\/product\\\/spoon-merci\\\/#breadcrumb\",\"itemListElement\":[{\"@type\":\"ListItem\",\"position\":1,\"name\":\"Home\",\"item\":\"https:\\\/\\\/houseofotoko.com\\\/\"},{\"@type\":\"ListItem\",\"position\":2,\"name\":\"Shop\",\"item\":\"https:\\\/\\\/houseofotoko.com\\\/shop\\\/\"},{\"@type\":\"ListItem\",\"position\":3,\"name\":\"Spoon Merci\"}]},{\"@type\":\"WebSite\",\"@id\":\"https:\\\/\\\/houseofotoko.com\\\/#website\",\"url\":\"https:\\\/\\\/houseofotoko.com\\\/\",\"name\":\"House of Otoko\",\"description\":\"\",\"publisher\":{\"@id\":\"https:\\\/\\\/houseofotoko.com\\\/#organization\"},\"potentialAction\":[{\"@type\":\"SearchAction\",\"target\":{\"@type\":\"EntryPoint\",\"urlTemplate\":\"https:\\\/\\\/houseofotoko.com\\\/?s={search_term_string}\"},\"query-input\":{\"@type\":\"PropertyValueSpecification\",\"valueRequired\":true,\"valueName\":\"search_term_string\"}}],\"inLanguage\":\"fr-FR\"},{\"@type\":\"Organization\",\"@id\":\"https:\\\/\\\/houseofotoko.com\\\/#organization\",\"name\":\"House of Otoko\",\"url\":\"https:\\\/\\\/houseofotoko.com\\\/\",\"logo\":{\"@type\":\"ImageObject\",\"inLanguage\":\"fr-FR\",\"@id\":\"https:\\\/\\\/houseofotoko.com\\\/#\\\/schema\\\/logo\\\/image\\\/\",\"url\":\"https:\\\/\\\/mlfln9ez57ke.i.optimole.com\\\/w:1123\\\/h:1038\\\/q:mauto\\\/f:best\\\/ig:avif\\\/https:\\\/\\\/houseofotoko.com\\\/wp-content\\\/uploads\\\/2025\\\/01\\\/LOGO-PNG-1.png\",\"contentUrl\":\"https:\\\/\\\/mlfln9ez57ke.i.optimole.com\\\/w:1123\\\/h:1038\\\/q:mauto\\\/f:best\\\/ig:avif\\\/https:\\\/\\\/houseofotoko.com\\\/wp-content\\\/uploads\\\/2025\\\/01\\\/LOGO-PNG-1.png\",\"width\":1123,\"height\":1038,\"caption\":\"House of Otoko\"},\"image\":{\"@id\":\"https:\\\/\\\/houseofotoko.com\\\/#\\\/schema\\\/logo\\\/image\\\/\"},\"sameAs\":[\"https:\\\/\\\/www.instagram.com\\\/houseofotoko\\\/\"]}]}<\/script>\n<!-- \/ Yoast SEO plugin. -->","yoast_head_json":{"title":"Spoon Merci - Maison d'Otoko","description":"La cuill\u00e8re Merci est le point de rencontre entre la forme et la fonction, offrant une durabilit\u00e9, un style et un attrait robuste qui r\u00e9sistent \u00e0 l'\u00e9preuve du temps.","robots":{"index":"index","follow":"follow","max-snippet":"max-snippet:-1","max-image-preview":"max-image-preview:large","max-video-preview":"max-video-preview:-1"},"canonical":"https:\/\/houseofotoko.com\/fr\/produit\/spoon-merci\/","og_locale":"fr_FR","og_type":"article","og_title":"Spoon Merci - House of Otoko","og_description":"Spoon Merci\u00a0is where form meets function, delivering durability, style, and a rugged appeal that stands the test of time.","og_url":"https:\/\/houseofotoko.com\/fr\/produit\/spoon-merci\/","og_site_name":"House of Otoko","article_modified_time":"2025-03-22T12:46:09+00:00","og_image":[{"width":600,"height":600,"url":"https:\/\/houseofotoko.com\/wp-content\/uploads\/2025\/03\/Fork-Merci-Serax-2.webp","type":"image\/webp"}],"twitter_card":"summary_large_image","twitter_misc":{"Dur\u00e9e de lecture estim\u00e9e":"1 minute"},"schema":{"@context":"https:\/\/schema.org","@graph":[{"@type":"WebPage","@id":"https:\/\/houseofotoko.com\/product\/spoon-merci\/","url":"https:\/\/houseofotoko.com\/product\/spoon-merci\/","name":"Spoon Merci - Maison d'Otoko","isPartOf":{"@id":"https:\/\/houseofotoko.com\/#website"},"primaryImageOfPage":{"@id":"https:\/\/houseofotoko.com\/product\/spoon-merci\/#primaryimage"},"image":{"@id":"https:\/\/houseofotoko.com\/product\/spoon-merci\/#primaryimage"},"thumbnailUrl":"https:\/\/houseofotoko.com\/wp-content\/uploads\/2025\/03\/Fork-Merci-Serax-2.webp","datePublished":"2025-03-22T12:28:11+00:00","dateModified":"2025-03-22T12:46:09+00:00","description":"La cuill\u00e8re Merci est le point de rencontre entre la forme et la fonction, offrant une durabilit\u00e9, un style et un attrait robuste qui r\u00e9sistent \u00e0 l'\u00e9preuve du temps.","breadcrumb":{"@id":"https:\/\/houseofotoko.com\/product\/spoon-merci\/#breadcrumb"},"inLanguage":"fr-FR","potentialAction":[{"@type":"ReadAction","target":["https:\/\/houseofotoko.com\/product\/spoon-merci\/"]}]},{"@type":"ImageObject","inLanguage":"fr-FR","@id":"https:\/\/houseofotoko.com\/product\/spoon-merci\/#primaryimage","url":"https:\/\/houseofotoko.com\/wp-content\/uploads\/2025\/03\/Fork-Merci-Serax-2.webp","contentUrl":"https:\/\/houseofotoko.com\/wp-content\/uploads\/2025\/03\/Fork-Merci-Serax-2.webp","width":600,"height":600,"caption":"Fork Merci Serax"},{"@type":"BreadcrumbList","@id":"https:\/\/houseofotoko.com\/product\/spoon-merci\/#breadcrumb","itemListElement":[{"@type":"ListItem","position":1,"name":"Home","item":"https:\/\/houseofotoko.com\/"},{"@type":"ListItem","position":2,"name":"Shop","item":"https:\/\/houseofotoko.com\/shop\/"},{"@type":"ListItem","position":3,"name":"Spoon Merci"}]},{"@type":"WebSite","@id":"https:\/\/houseofotoko.com\/#website","url":"https:\/\/houseofotoko.com\/","name":"House of Otoko","description":"","publisher":{"@id":"https:\/\/houseofotoko.com\/#organization"},"potentialAction":[{"@type":"SearchAction","target":{"@type":"EntryPoint","urlTemplate":"https:\/\/houseofotoko.com\/?s={search_term_string}"},"query-input":{"@type":"PropertyValueSpecification","valueRequired":true,"valueName":"search_term_string"}}],"inLanguage":"fr-FR"},{"@type":"Organization","@id":"https:\/\/houseofotoko.com\/#organization","name":"House of Otoko","url":"https:\/\/houseofotoko.com\/","logo":{"@type":"ImageObject","inLanguage":"fr-FR","@id":"https:\/\/houseofotoko.com\/#\/schema\/logo\/image\/","url":"https:\/\/mlfln9ez57ke.i.optimole.com\/w:1123\/h:1038\/q:mauto\/f:best\/ig:avif\/https:\/\/houseofotoko.com\/wp-content\/uploads\/2025\/01\/LOGO-PNG-1.png","contentUrl":"https:\/\/mlfln9ez57ke.i.optimole.com\/w:1123\/h:1038\/q:mauto\/f:best\/ig:avif\/https:\/\/houseofotoko.com\/wp-content\/uploads\/2025\/01\/LOGO-PNG-1.png","width":1123,"height":1038,"caption":"House of Otoko"},"image":{"@id":"https:\/\/houseofotoko.com\/#\/schema\/logo\/image\/"},"sameAs":["https:\/\/www.instagram.com\/houseofotoko\/"]}]}},"_links":{"self":[{"href":"https:\/\/houseofotoko.com\/fr\/wp-json\/wp\/v2\/product\/735","targetHints":{"allow":["GET"]}}],"collection":[{"href":"https:\/\/houseofotoko.com\/fr\/wp-json\/wp\/v2\/product"}],"about":[{"href":"https:\/\/houseofotoko.com\/fr\/wp-json\/wp\/v2\/types\/product"}],"replies":[{"embeddable":true,"href":"https:\/\/houseofotoko.com\/fr\/wp-json\/wp\/v2\/comments?post=735"}],"wp:featuredmedia":[{"embeddable":true,"href":"https:\/\/houseofotoko.com\/fr\/wp-json\/wp\/v2\/media\/729"}],"wp:attachment":[{"href":"https:\/\/houseofotoko.com\/fr\/wp-json\/wp\/v2\/media?parent=735"}],"wp:term":[{"taxonomy":"product_brand","embeddable":true,"href":"https:\/\/houseofotoko.com\/fr\/wp-json\/wp\/v2\/product_brand?post=735"},{"taxonomy":"product_cat","embeddable":true,"href":"https:\/\/houseofotoko.com\/fr\/wp-json\/wp\/v2\/product_cat?post=735"},{"taxonomy":"product_tag","embeddable":true,"href":"https:\/\/houseofotoko.com\/fr\/wp-json\/wp\/v2\/product_tag?post=735"}],"curies":[{"name":"wp","href":"https:\/\/api.w.org\/{rel}","templated":true}]}}