{"id":717,"date":"2025-03-20T12:59:29","date_gmt":"2025-03-20T12:59:29","guid":{"rendered":"https:\/\/houseofotoko.com\/?post_type=product&#038;p=717"},"modified":"2025-03-20T13:30:33","modified_gmt":"2025-03-20T13:30:33","slug":"concrete-stool-pawn","status":"publish","type":"product","link":"https:\/\/houseofotoko.com\/fr\/produit\/concrete-stool-pawn\/","title":{"rendered":"Tabouret en b\u00e9ton pr\u00eat\u00e9 sur gage"},"content":{"rendered":"<p data-start=\"0\" data-end=\"221\">Le tabouret en b\u00e9ton Pawn est une pi\u00e8ce audacieuse et polyvalente con\u00e7ue par Marie Michielssen. Fabriqu\u00e9 en b\u00e9ton massif, ce tabouret incarne une esth\u00e9tique robuste et industrielle, ce qui le rend parfaitement adapt\u00e9 aux int\u00e9rieurs modernes.<\/p>\n<h3 data-start=\"223\" data-end=\"246\"><strong data-start=\"227\" data-end=\"244\">Sp\u00e9cifications :<\/strong><\/h3>\n<ul data-start=\"247\" data-end=\"398\">\n<li data-start=\"247\" data-end=\"279\"><strong><em>Mat\u00e9riau : B\u00e9ton massif<\/em><\/strong><\/li>\n<li data-start=\"280\" data-end=\"299\"><strong><em>Couleur : Gris<\/em><\/strong><\/li>\n<li data-start=\"300\" data-end=\"350\"><strong><em>Dimensions : Diam\u00e8tre 30 cm, hauteur 45,5 cm<\/em><\/strong><\/li>\n<li data-start=\"351\" data-end=\"372\"><strong><em>Poids : 25 kg<\/em><\/strong><\/li>\n<li data-start=\"373\" data-end=\"398\"><strong><em>Utilisation : Utilisation \u00e0 l'int\u00e9rieur<\/em><\/strong><\/li>\n<li data-start=\"367\" data-end=\"596\"><strong><em><em>Concepteur : Marie Michielssen<br \/>\n<\/em><\/em><\/strong><\/li>\n<li data-start=\"367\" data-end=\"596\"><strong><em>Marque : <a href=\"https:\/\/houseofotoko.com\/product-categorie\/shop\/brands\/serax\/\">Serax<\/a><\/em>\u00a0<\/strong><\/li>\n<\/ul>\n<p data-start=\"611\" data-end=\"771\" data-is-last-node=\"\" data-is-only-node=\"\">Id\u00e9al pour ceux qui appr\u00e9cient le design minimaliste et industriel, le tabouret en b\u00e9ton Pawn est une pi\u00e8ce de choix qui allie sans effort forme et fonction.<\/p>","protected":false},"excerpt":{"rendered":"<p>Ce robuste tabouret en b\u00e9ton Pawn se double d'une table d'appoint \u00e9l\u00e9gante, offrant \u00e0 la fois fonction et design. Le m\u00e9lange unique de formes cylindriques et cubiques cr\u00e9e un attrait visuel saisissant, ajoutant une touche sculpturale \u00e0 tout espace.<\/p>","protected":false},"featured_media":720,"comment_status":"open","ping_status":"closed","template":"","meta":{"neve_meta_sidebar":"","neve_meta_container":"","neve_meta_enable_content_width":"off","neve_meta_content_width":100,"neve_meta_title_alignment":"","neve_meta_author_avatar":"","neve_post_elements_order":"","neve_meta_disable_header":"","neve_meta_disable_footer":"","neve_meta_disable_title":"","neve_meta_reading_time":"","_themeisle_gutenberg_block_has_review":false,"neve_tabs_data":"","neve_override_tab_layout":""},"product_brand":[112],"product_cat":[16,39,49,40,22,25,111],"product_tag":[117,114],"class_list":{"0":"post-717","1":"product","2":"type-product","3":"status-publish","4":"has-post-thumbnail","6":"product_brand-serax","7":"product_cat-all","8":"product_cat-furniture","9":"product_cat-garden","10":"product_cat-home-decor","11":"product_cat-living","12":"product_cat-outdoor","13":"product_cat-serax","14":"product_tag-concrete-stool-bijzettafel","15":"product_tag-serax","16":"product_shipping_class-standard-package","18":"first","19":"instock","20":"taxable","21":"shipping-taxable","22":"purchasable","23":"product-type-simple"},"yoast_head":"<!-- This site is optimized with the Yoast SEO plugin v27.4 - https:\/\/yoast.com\/product\/yoast-seo-wordpress\/ -->\n<title>Concrete Stool Pawn - House of Otoko<\/title>\n<meta name=\"description\" content=\"This concrete stool doubles as a stylish side table, offering both function and design. The unique cylindrical shapes creates a striking visual appeal.\" \/>\n<meta name=\"robots\" content=\"index, follow, max-snippet:-1, max-image-preview:large, max-video-preview:-1\" \/>\n<link rel=\"canonical\" href=\"https:\/\/houseofotoko.com\/fr\/produit\/concrete-stool-pawn\/\" \/>\n<meta property=\"og:locale\" content=\"fr_FR\" \/>\n<meta property=\"og:type\" content=\"article\" \/>\n<meta property=\"og:title\" content=\"Concrete Stool Pawn - House of Otoko\" \/>\n<meta property=\"og:description\" content=\"This concrete stool doubles as a stylish side table, offering both function and design. The unique cylindrical shapes creates a striking visual appeal.\" \/>\n<meta property=\"og:url\" content=\"https:\/\/houseofotoko.com\/fr\/produit\/concrete-stool-pawn\/\" \/>\n<meta property=\"og:site_name\" content=\"House of Otoko\" \/>\n<meta property=\"article:modified_time\" content=\"2025-03-20T13:30:33+00:00\" \/>\n<meta property=\"og:image\" content=\"https:\/\/houseofotoko.com\/wp-content\/uploads\/2025\/03\/Concrete-Stool-Marie-Michielssen-Pawn-House-of-Otoko.webp\" \/>\n\t<meta property=\"og:image:width\" content=\"600\" \/>\n\t<meta property=\"og:image:height\" content=\"600\" \/>\n\t<meta property=\"og:image:type\" content=\"image\/webp\" \/>\n<meta name=\"twitter:card\" content=\"summary_large_image\" \/>\n<meta name=\"twitter:label1\" content=\"Dur\u00e9e de lecture estim\u00e9e\" \/>\n\t<meta name=\"twitter:data1\" content=\"1 minute\" \/>\n<script type=\"application\/ld+json\" class=\"yoast-schema-graph\">{\"@context\":\"https:\\\/\\\/schema.org\",\"@graph\":[{\"@type\":\"WebPage\",\"@id\":\"https:\\\/\\\/houseofotoko.com\\\/product\\\/concrete-stool-pawn\\\/\",\"url\":\"https:\\\/\\\/houseofotoko.com\\\/product\\\/concrete-stool-pawn\\\/\",\"name\":\"Concrete Stool Pawn - House of Otoko\",\"isPartOf\":{\"@id\":\"https:\\\/\\\/houseofotoko.com\\\/#website\"},\"primaryImageOfPage\":{\"@id\":\"https:\\\/\\\/houseofotoko.com\\\/product\\\/concrete-stool-pawn\\\/#primaryimage\"},\"image\":{\"@id\":\"https:\\\/\\\/houseofotoko.com\\\/product\\\/concrete-stool-pawn\\\/#primaryimage\"},\"thumbnailUrl\":\"https:\\\/\\\/houseofotoko.com\\\/wp-content\\\/uploads\\\/2025\\\/03\\\/Concrete-Stool-Marie-Michielssen-Pawn-House-of-Otoko.webp\",\"datePublished\":\"2025-03-20T12:59:29+00:00\",\"dateModified\":\"2025-03-20T13:30:33+00:00\",\"description\":\"This concrete stool doubles as a stylish side table, offering both function and design. The unique cylindrical shapes creates a striking visual appeal.\",\"breadcrumb\":{\"@id\":\"https:\\\/\\\/houseofotoko.com\\\/product\\\/concrete-stool-pawn\\\/#breadcrumb\"},\"inLanguage\":\"fr-FR\",\"potentialAction\":[{\"@type\":\"ReadAction\",\"target\":[\"https:\\\/\\\/houseofotoko.com\\\/product\\\/concrete-stool-pawn\\\/\"]}]},{\"@type\":\"ImageObject\",\"inLanguage\":\"fr-FR\",\"@id\":\"https:\\\/\\\/houseofotoko.com\\\/product\\\/concrete-stool-pawn\\\/#primaryimage\",\"url\":\"https:\\\/\\\/houseofotoko.com\\\/wp-content\\\/uploads\\\/2025\\\/03\\\/Concrete-Stool-Marie-Michielssen-Pawn-House-of-Otoko.webp\",\"contentUrl\":\"https:\\\/\\\/houseofotoko.com\\\/wp-content\\\/uploads\\\/2025\\\/03\\\/Concrete-Stool-Marie-Michielssen-Pawn-House-of-Otoko.webp\",\"width\":600,\"height\":600,\"caption\":\"Concrete Stool Pawn Marie Michielssen; House of Otoko\"},{\"@type\":\"BreadcrumbList\",\"@id\":\"https:\\\/\\\/houseofotoko.com\\\/product\\\/concrete-stool-pawn\\\/#breadcrumb\",\"itemListElement\":[{\"@type\":\"ListItem\",\"position\":1,\"name\":\"Home\",\"item\":\"https:\\\/\\\/houseofotoko.com\\\/\"},{\"@type\":\"ListItem\",\"position\":2,\"name\":\"Shop\",\"item\":\"https:\\\/\\\/houseofotoko.com\\\/shop\\\/\"},{\"@type\":\"ListItem\",\"position\":3,\"name\":\"Concrete Stool Pawn\"}]},{\"@type\":\"WebSite\",\"@id\":\"https:\\\/\\\/houseofotoko.com\\\/#website\",\"url\":\"https:\\\/\\\/houseofotoko.com\\\/\",\"name\":\"House of Otoko\",\"description\":\"\",\"publisher\":{\"@id\":\"https:\\\/\\\/houseofotoko.com\\\/#organization\"},\"potentialAction\":[{\"@type\":\"SearchAction\",\"target\":{\"@type\":\"EntryPoint\",\"urlTemplate\":\"https:\\\/\\\/houseofotoko.com\\\/?s={search_term_string}\"},\"query-input\":{\"@type\":\"PropertyValueSpecification\",\"valueRequired\":true,\"valueName\":\"search_term_string\"}}],\"inLanguage\":\"fr-FR\"},{\"@type\":\"Organization\",\"@id\":\"https:\\\/\\\/houseofotoko.com\\\/#organization\",\"name\":\"House of Otoko\",\"url\":\"https:\\\/\\\/houseofotoko.com\\\/\",\"logo\":{\"@type\":\"ImageObject\",\"inLanguage\":\"fr-FR\",\"@id\":\"https:\\\/\\\/houseofotoko.com\\\/#\\\/schema\\\/logo\\\/image\\\/\",\"url\":\"https:\\\/\\\/mlfln9ez57ke.i.optimole.com\\\/w:1123\\\/h:1038\\\/q:mauto\\\/f:best\\\/ig:avif\\\/https:\\\/\\\/houseofotoko.com\\\/wp-content\\\/uploads\\\/2025\\\/01\\\/LOGO-PNG-1.png\",\"contentUrl\":\"https:\\\/\\\/mlfln9ez57ke.i.optimole.com\\\/w:1123\\\/h:1038\\\/q:mauto\\\/f:best\\\/ig:avif\\\/https:\\\/\\\/houseofotoko.com\\\/wp-content\\\/uploads\\\/2025\\\/01\\\/LOGO-PNG-1.png\",\"width\":1123,\"height\":1038,\"caption\":\"House of Otoko\"},\"image\":{\"@id\":\"https:\\\/\\\/houseofotoko.com\\\/#\\\/schema\\\/logo\\\/image\\\/\"},\"sameAs\":[\"https:\\\/\\\/www.instagram.com\\\/houseofotoko\\\/\"]}]}<\/script>\n<!-- \/ Yoast SEO plugin. -->","yoast_head_json":{"title":"Concrete Stool Pawn - House of Otoko","description":"This concrete stool doubles as a stylish side table, offering both function and design. The unique cylindrical shapes creates a striking visual appeal.","robots":{"index":"index","follow":"follow","max-snippet":"max-snippet:-1","max-image-preview":"max-image-preview:large","max-video-preview":"max-video-preview:-1"},"canonical":"https:\/\/houseofotoko.com\/fr\/produit\/concrete-stool-pawn\/","og_locale":"fr_FR","og_type":"article","og_title":"Concrete Stool Pawn - House of Otoko","og_description":"This concrete stool doubles as a stylish side table, offering both function and design. The unique cylindrical shapes creates a striking visual appeal.","og_url":"https:\/\/houseofotoko.com\/fr\/produit\/concrete-stool-pawn\/","og_site_name":"House of Otoko","article_modified_time":"2025-03-20T13:30:33+00:00","og_image":[{"width":600,"height":600,"url":"https:\/\/houseofotoko.com\/wp-content\/uploads\/2025\/03\/Concrete-Stool-Marie-Michielssen-Pawn-House-of-Otoko.webp","type":"image\/webp"}],"twitter_card":"summary_large_image","twitter_misc":{"Dur\u00e9e de lecture estim\u00e9e":"1 minute"},"schema":{"@context":"https:\/\/schema.org","@graph":[{"@type":"WebPage","@id":"https:\/\/houseofotoko.com\/product\/concrete-stool-pawn\/","url":"https:\/\/houseofotoko.com\/product\/concrete-stool-pawn\/","name":"Concrete Stool Pawn - House of Otoko","isPartOf":{"@id":"https:\/\/houseofotoko.com\/#website"},"primaryImageOfPage":{"@id":"https:\/\/houseofotoko.com\/product\/concrete-stool-pawn\/#primaryimage"},"image":{"@id":"https:\/\/houseofotoko.com\/product\/concrete-stool-pawn\/#primaryimage"},"thumbnailUrl":"https:\/\/houseofotoko.com\/wp-content\/uploads\/2025\/03\/Concrete-Stool-Marie-Michielssen-Pawn-House-of-Otoko.webp","datePublished":"2025-03-20T12:59:29+00:00","dateModified":"2025-03-20T13:30:33+00:00","description":"This concrete stool doubles as a stylish side table, offering both function and design. The unique cylindrical shapes creates a striking visual appeal.","breadcrumb":{"@id":"https:\/\/houseofotoko.com\/product\/concrete-stool-pawn\/#breadcrumb"},"inLanguage":"fr-FR","potentialAction":[{"@type":"ReadAction","target":["https:\/\/houseofotoko.com\/product\/concrete-stool-pawn\/"]}]},{"@type":"ImageObject","inLanguage":"fr-FR","@id":"https:\/\/houseofotoko.com\/product\/concrete-stool-pawn\/#primaryimage","url":"https:\/\/houseofotoko.com\/wp-content\/uploads\/2025\/03\/Concrete-Stool-Marie-Michielssen-Pawn-House-of-Otoko.webp","contentUrl":"https:\/\/houseofotoko.com\/wp-content\/uploads\/2025\/03\/Concrete-Stool-Marie-Michielssen-Pawn-House-of-Otoko.webp","width":600,"height":600,"caption":"Concrete Stool Pawn Marie Michielssen; House of Otoko"},{"@type":"BreadcrumbList","@id":"https:\/\/houseofotoko.com\/product\/concrete-stool-pawn\/#breadcrumb","itemListElement":[{"@type":"ListItem","position":1,"name":"Home","item":"https:\/\/houseofotoko.com\/"},{"@type":"ListItem","position":2,"name":"Shop","item":"https:\/\/houseofotoko.com\/shop\/"},{"@type":"ListItem","position":3,"name":"Concrete Stool Pawn"}]},{"@type":"WebSite","@id":"https:\/\/houseofotoko.com\/#website","url":"https:\/\/houseofotoko.com\/","name":"House of Otoko","description":"","publisher":{"@id":"https:\/\/houseofotoko.com\/#organization"},"potentialAction":[{"@type":"SearchAction","target":{"@type":"EntryPoint","urlTemplate":"https:\/\/houseofotoko.com\/?s={search_term_string}"},"query-input":{"@type":"PropertyValueSpecification","valueRequired":true,"valueName":"search_term_string"}}],"inLanguage":"fr-FR"},{"@type":"Organization","@id":"https:\/\/houseofotoko.com\/#organization","name":"House of Otoko","url":"https:\/\/houseofotoko.com\/","logo":{"@type":"ImageObject","inLanguage":"fr-FR","@id":"https:\/\/houseofotoko.com\/#\/schema\/logo\/image\/","url":"https:\/\/mlfln9ez57ke.i.optimole.com\/w:1123\/h:1038\/q:mauto\/f:best\/ig:avif\/https:\/\/houseofotoko.com\/wp-content\/uploads\/2025\/01\/LOGO-PNG-1.png","contentUrl":"https:\/\/mlfln9ez57ke.i.optimole.com\/w:1123\/h:1038\/q:mauto\/f:best\/ig:avif\/https:\/\/houseofotoko.com\/wp-content\/uploads\/2025\/01\/LOGO-PNG-1.png","width":1123,"height":1038,"caption":"House of Otoko"},"image":{"@id":"https:\/\/houseofotoko.com\/#\/schema\/logo\/image\/"},"sameAs":["https:\/\/www.instagram.com\/houseofotoko\/"]}]}},"_links":{"self":[{"href":"https:\/\/houseofotoko.com\/fr\/wp-json\/wp\/v2\/product\/717","targetHints":{"allow":["GET"]}}],"collection":[{"href":"https:\/\/houseofotoko.com\/fr\/wp-json\/wp\/v2\/product"}],"about":[{"href":"https:\/\/houseofotoko.com\/fr\/wp-json\/wp\/v2\/types\/product"}],"replies":[{"embeddable":true,"href":"https:\/\/houseofotoko.com\/fr\/wp-json\/wp\/v2\/comments?post=717"}],"wp:featuredmedia":[{"embeddable":true,"href":"https:\/\/houseofotoko.com\/fr\/wp-json\/wp\/v2\/media\/720"}],"wp:attachment":[{"href":"https:\/\/houseofotoko.com\/fr\/wp-json\/wp\/v2\/media?parent=717"}],"wp:term":[{"taxonomy":"product_brand","embeddable":true,"href":"https:\/\/houseofotoko.com\/fr\/wp-json\/wp\/v2\/product_brand?post=717"},{"taxonomy":"product_cat","embeddable":true,"href":"https:\/\/houseofotoko.com\/fr\/wp-json\/wp\/v2\/product_cat?post=717"},{"taxonomy":"product_tag","embeddable":true,"href":"https:\/\/houseofotoko.com\/fr\/wp-json\/wp\/v2\/product_tag?post=717"}],"curies":[{"name":"wp","href":"https:\/\/api.w.org\/{rel}","templated":true}]}}