{"id":705,"date":"2025-03-19T16:33:50","date_gmt":"2025-03-19T16:33:50","guid":{"rendered":"https:\/\/houseofotoko.com\/?post_type=product&#038;p=705"},"modified":"2025-06-11T12:40:38","modified_gmt":"2025-06-11T12:40:38","slug":"inner-circle-mug-grey","status":"publish","type":"product","link":"https:\/\/houseofotoko.com\/fr\/produit\/inner-circle-mug-grey\/","title":{"rendered":"Mug Inner Circle Gris"},"content":{"rendered":"<p data-start=\"0\" data-end=\"48\">La tasse Inner Circle Mug Grey van Maarten Baas est destin\u00e9e \u00e0 ceux qui appr\u00e9cient un design audacieux et robuste. Cette tasse en gr\u00e8s robuste est tout sauf ordinaire. Avec sa forme brute inspir\u00e9e des dessins \u00e0 la main, elle accepte l'imperfection et ajoute un caract\u00e8re unique et robuste \u00e0 votre collection d'articles de table.<\/p>\n<ul>\n<li data-start=\"367\" data-end=\"596\"><strong><em>Mat\u00e9riau : Gr\u00e8s color\u00e9 avec une gla\u00e7ure transparente<\/em><\/strong><\/li>\n<li data-start=\"367\" data-end=\"596\"><strong><em>Couleur : gris audacieux avec une finition naturelle et mate<\/em><\/strong><\/li>\n<li data-start=\"367\" data-end=\"596\"><strong><em>Dimensions : \u00d8 8 cm x H 9,4 cm : \u00d8 8 cm x H 9,4 cm<\/em><\/strong><\/li>\n<li data-start=\"367\" data-end=\"596\"><strong><em>Capacit\u00e9 : 35 cl - id\u00e9al pour le caf\u00e9 ou le th\u00e9<\/em><\/strong><\/li>\n<li data-start=\"367\" data-end=\"596\"><strong><em>Lavable au lave-vaisselle<\/em><\/strong><\/li>\n<li data-start=\"367\" data-end=\"596\"><em><strong>Concepteur : Maarten Baas<\/strong><\/em><\/li>\n<li data-start=\"367\" data-end=\"596\"><strong><em>Marque : <a href=\"https:\/\/houseofotoko.com\/product-categorie\/shop\/brands\/serax\/\">Serax<\/a><\/em><\/strong><\/li>\n<\/ul>\n<p data-start=\"860\" data-end=\"929\" data-is-last-node=\"\" data-is-only-node=\"\"><strong data-start=\"860\" data-end=\"929\" data-is-last-node=\"\">Brut, masculin et intemporel ; un essentiel de tous les jours avec de l'attitude<\/strong><\/p>","protected":false},"excerpt":{"rendered":"<p>La collection Inner Circle de Maarten Baas rompt avec la sym\u00e9trie parfaite, apportant caract\u00e8re et individualit\u00e9 \u00e0 vos rituels quotidiens. Que vous fassiez le plein d'\u00e9nergie avec un expresso matinal ou que vous vous d\u00e9tendiez avec une tasse de th\u00e9 bien cors\u00e9e, ce mug ne passe pas inaper\u00e7u.<\/p>","protected":false},"featured_media":707,"comment_status":"open","ping_status":"closed","template":"","meta":{"neve_meta_sidebar":"","neve_meta_container":"","neve_meta_enable_content_width":"off","neve_meta_content_width":100,"neve_meta_title_alignment":"","neve_meta_author_avatar":"","neve_post_elements_order":"","neve_meta_disable_header":"","neve_meta_disable_footer":"","neve_meta_disable_title":"","neve_meta_reading_time":"","_themeisle_gutenberg_block_has_review":false,"neve_tabs_data":"","neve_override_tab_layout":""},"product_brand":[112],"product_cat":[16,52,42,22,111],"product_tag":[113,74,114],"class_list":{"0":"post-705","1":"product","2":"type-product","3":"status-publish","4":"has-post-thumbnail","6":"product_brand-serax","7":"product_cat-all","8":"product_cat-glassware_bar","9":"product_cat-kitchen_dining","10":"product_cat-living","11":"product_cat-serax","12":"product_tag-cup","13":"product_tag-grey","14":"product_tag-serax","15":"product_shipping_class-standard-package","17":"first","18":"instock","19":"taxable","20":"shipping-taxable","21":"purchasable","22":"product-type-simple"},"yoast_head":"<!-- This site is optimized with the Yoast SEO plugin v27.4 - https:\/\/yoast.com\/product\/yoast-seo-wordpress\/ -->\n<title>Inner Circle Mug Grey - House of Otoko<\/title>\n<meta name=\"description\" content=\"Inner Circle Mug Grey by Maarten Baas breaks away from perfect symmetry, bringing character and individuality to your daily coffee.\" \/>\n<meta name=\"robots\" content=\"index, follow, max-snippet:-1, max-image-preview:large, max-video-preview:-1\" \/>\n<link rel=\"canonical\" href=\"https:\/\/houseofotoko.com\/fr\/produit\/inner-circle-mug-grey\/\" \/>\n<meta property=\"og:locale\" content=\"fr_FR\" \/>\n<meta property=\"og:type\" content=\"article\" \/>\n<meta property=\"og:title\" content=\"Inner Circle Mug Grey - House of Otoko\" \/>\n<meta property=\"og:description\" content=\"Inner Circle Mug Grey by Maarten Baas breaks away from perfect symmetry, bringing character and individuality to your daily coffee.\" \/>\n<meta property=\"og:url\" content=\"https:\/\/houseofotoko.com\/fr\/produit\/inner-circle-mug-grey\/\" \/>\n<meta property=\"og:site_name\" content=\"House of Otoko\" \/>\n<meta property=\"article:modified_time\" content=\"2025-06-11T12:40:38+00:00\" \/>\n<meta property=\"og:image\" content=\"https:\/\/houseofotoko.com\/wp-content\/uploads\/2025\/03\/Inner-circle-cup-grey-3.webp\" \/>\n\t<meta property=\"og:image:width\" content=\"600\" \/>\n\t<meta property=\"og:image:height\" content=\"600\" \/>\n\t<meta property=\"og:image:type\" content=\"image\/webp\" \/>\n<meta name=\"twitter:card\" content=\"summary_large_image\" \/>\n<meta name=\"twitter:label1\" content=\"Dur\u00e9e de lecture estim\u00e9e\" \/>\n\t<meta name=\"twitter:data1\" content=\"1 minute\" \/>\n<script type=\"application\/ld+json\" class=\"yoast-schema-graph\">{\"@context\":\"https:\\\/\\\/schema.org\",\"@graph\":[{\"@type\":\"WebPage\",\"@id\":\"https:\\\/\\\/houseofotoko.com\\\/product\\\/inner-circle-mug-grey\\\/\",\"url\":\"https:\\\/\\\/houseofotoko.com\\\/product\\\/inner-circle-mug-grey\\\/\",\"name\":\"Inner Circle Mug Grey - House of Otoko\",\"isPartOf\":{\"@id\":\"https:\\\/\\\/houseofotoko.com\\\/#website\"},\"primaryImageOfPage\":{\"@id\":\"https:\\\/\\\/houseofotoko.com\\\/product\\\/inner-circle-mug-grey\\\/#primaryimage\"},\"image\":{\"@id\":\"https:\\\/\\\/houseofotoko.com\\\/product\\\/inner-circle-mug-grey\\\/#primaryimage\"},\"thumbnailUrl\":\"https:\\\/\\\/houseofotoko.com\\\/wp-content\\\/uploads\\\/2025\\\/03\\\/Inner-circle-cup-grey-3.webp\",\"datePublished\":\"2025-03-19T16:33:50+00:00\",\"dateModified\":\"2025-06-11T12:40:38+00:00\",\"description\":\"Inner Circle Mug Grey by Maarten Baas breaks away from perfect symmetry, bringing character and individuality to your daily coffee.\",\"breadcrumb\":{\"@id\":\"https:\\\/\\\/houseofotoko.com\\\/product\\\/inner-circle-mug-grey\\\/#breadcrumb\"},\"inLanguage\":\"fr-FR\",\"potentialAction\":[{\"@type\":\"ReadAction\",\"target\":[\"https:\\\/\\\/houseofotoko.com\\\/product\\\/inner-circle-mug-grey\\\/\"]}]},{\"@type\":\"ImageObject\",\"inLanguage\":\"fr-FR\",\"@id\":\"https:\\\/\\\/houseofotoko.com\\\/product\\\/inner-circle-mug-grey\\\/#primaryimage\",\"url\":\"https:\\\/\\\/houseofotoko.com\\\/wp-content\\\/uploads\\\/2025\\\/03\\\/Inner-circle-cup-grey-3.webp\",\"contentUrl\":\"https:\\\/\\\/houseofotoko.com\\\/wp-content\\\/uploads\\\/2025\\\/03\\\/Inner-circle-cup-grey-3.webp\",\"width\":600,\"height\":600,\"caption\":\"mug grey inner circle by maarten baas; House of Otoko\"},{\"@type\":\"BreadcrumbList\",\"@id\":\"https:\\\/\\\/houseofotoko.com\\\/product\\\/inner-circle-mug-grey\\\/#breadcrumb\",\"itemListElement\":[{\"@type\":\"ListItem\",\"position\":1,\"name\":\"Home\",\"item\":\"https:\\\/\\\/houseofotoko.com\\\/\"},{\"@type\":\"ListItem\",\"position\":2,\"name\":\"Shop\",\"item\":\"https:\\\/\\\/houseofotoko.com\\\/shop\\\/\"},{\"@type\":\"ListItem\",\"position\":3,\"name\":\"Inner Circle Mug Grey\"}]},{\"@type\":\"WebSite\",\"@id\":\"https:\\\/\\\/houseofotoko.com\\\/#website\",\"url\":\"https:\\\/\\\/houseofotoko.com\\\/\",\"name\":\"House of Otoko\",\"description\":\"\",\"publisher\":{\"@id\":\"https:\\\/\\\/houseofotoko.com\\\/#organization\"},\"potentialAction\":[{\"@type\":\"SearchAction\",\"target\":{\"@type\":\"EntryPoint\",\"urlTemplate\":\"https:\\\/\\\/houseofotoko.com\\\/?s={search_term_string}\"},\"query-input\":{\"@type\":\"PropertyValueSpecification\",\"valueRequired\":true,\"valueName\":\"search_term_string\"}}],\"inLanguage\":\"fr-FR\"},{\"@type\":\"Organization\",\"@id\":\"https:\\\/\\\/houseofotoko.com\\\/#organization\",\"name\":\"House of Otoko\",\"url\":\"https:\\\/\\\/houseofotoko.com\\\/\",\"logo\":{\"@type\":\"ImageObject\",\"inLanguage\":\"fr-FR\",\"@id\":\"https:\\\/\\\/houseofotoko.com\\\/#\\\/schema\\\/logo\\\/image\\\/\",\"url\":\"https:\\\/\\\/mlfln9ez57ke.i.optimole.com\\\/w:1123\\\/h:1038\\\/q:mauto\\\/f:best\\\/ig:avif\\\/https:\\\/\\\/houseofotoko.com\\\/wp-content\\\/uploads\\\/2025\\\/01\\\/LOGO-PNG-1.png\",\"contentUrl\":\"https:\\\/\\\/mlfln9ez57ke.i.optimole.com\\\/w:1123\\\/h:1038\\\/q:mauto\\\/f:best\\\/ig:avif\\\/https:\\\/\\\/houseofotoko.com\\\/wp-content\\\/uploads\\\/2025\\\/01\\\/LOGO-PNG-1.png\",\"width\":1123,\"height\":1038,\"caption\":\"House of Otoko\"},\"image\":{\"@id\":\"https:\\\/\\\/houseofotoko.com\\\/#\\\/schema\\\/logo\\\/image\\\/\"},\"sameAs\":[\"https:\\\/\\\/www.instagram.com\\\/houseofotoko\\\/\"]}]}<\/script>\n<!-- \/ Yoast SEO plugin. -->","yoast_head_json":{"title":"Inner Circle Mug Grey - House of Otoko","description":"Inner Circle Mug Grey by Maarten Baas breaks away from perfect symmetry, bringing character and individuality to your daily coffee.","robots":{"index":"index","follow":"follow","max-snippet":"max-snippet:-1","max-image-preview":"max-image-preview:large","max-video-preview":"max-video-preview:-1"},"canonical":"https:\/\/houseofotoko.com\/fr\/produit\/inner-circle-mug-grey\/","og_locale":"fr_FR","og_type":"article","og_title":"Inner Circle Mug Grey - House of Otoko","og_description":"Inner Circle Mug Grey by Maarten Baas breaks away from perfect symmetry, bringing character and individuality to your daily coffee.","og_url":"https:\/\/houseofotoko.com\/fr\/produit\/inner-circle-mug-grey\/","og_site_name":"House of Otoko","article_modified_time":"2025-06-11T12:40:38+00:00","og_image":[{"width":600,"height":600,"url":"https:\/\/houseofotoko.com\/wp-content\/uploads\/2025\/03\/Inner-circle-cup-grey-3.webp","type":"image\/webp"}],"twitter_card":"summary_large_image","twitter_misc":{"Dur\u00e9e de lecture estim\u00e9e":"1 minute"},"schema":{"@context":"https:\/\/schema.org","@graph":[{"@type":"WebPage","@id":"https:\/\/houseofotoko.com\/product\/inner-circle-mug-grey\/","url":"https:\/\/houseofotoko.com\/product\/inner-circle-mug-grey\/","name":"Inner Circle Mug Grey - House of Otoko","isPartOf":{"@id":"https:\/\/houseofotoko.com\/#website"},"primaryImageOfPage":{"@id":"https:\/\/houseofotoko.com\/product\/inner-circle-mug-grey\/#primaryimage"},"image":{"@id":"https:\/\/houseofotoko.com\/product\/inner-circle-mug-grey\/#primaryimage"},"thumbnailUrl":"https:\/\/houseofotoko.com\/wp-content\/uploads\/2025\/03\/Inner-circle-cup-grey-3.webp","datePublished":"2025-03-19T16:33:50+00:00","dateModified":"2025-06-11T12:40:38+00:00","description":"Inner Circle Mug Grey by Maarten Baas breaks away from perfect symmetry, bringing character and individuality to your daily coffee.","breadcrumb":{"@id":"https:\/\/houseofotoko.com\/product\/inner-circle-mug-grey\/#breadcrumb"},"inLanguage":"fr-FR","potentialAction":[{"@type":"ReadAction","target":["https:\/\/houseofotoko.com\/product\/inner-circle-mug-grey\/"]}]},{"@type":"ImageObject","inLanguage":"fr-FR","@id":"https:\/\/houseofotoko.com\/product\/inner-circle-mug-grey\/#primaryimage","url":"https:\/\/houseofotoko.com\/wp-content\/uploads\/2025\/03\/Inner-circle-cup-grey-3.webp","contentUrl":"https:\/\/houseofotoko.com\/wp-content\/uploads\/2025\/03\/Inner-circle-cup-grey-3.webp","width":600,"height":600,"caption":"mug grey inner circle by maarten baas; House of Otoko"},{"@type":"BreadcrumbList","@id":"https:\/\/houseofotoko.com\/product\/inner-circle-mug-grey\/#breadcrumb","itemListElement":[{"@type":"ListItem","position":1,"name":"Home","item":"https:\/\/houseofotoko.com\/"},{"@type":"ListItem","position":2,"name":"Shop","item":"https:\/\/houseofotoko.com\/shop\/"},{"@type":"ListItem","position":3,"name":"Inner Circle Mug Grey"}]},{"@type":"WebSite","@id":"https:\/\/houseofotoko.com\/#website","url":"https:\/\/houseofotoko.com\/","name":"House of Otoko","description":"","publisher":{"@id":"https:\/\/houseofotoko.com\/#organization"},"potentialAction":[{"@type":"SearchAction","target":{"@type":"EntryPoint","urlTemplate":"https:\/\/houseofotoko.com\/?s={search_term_string}"},"query-input":{"@type":"PropertyValueSpecification","valueRequired":true,"valueName":"search_term_string"}}],"inLanguage":"fr-FR"},{"@type":"Organization","@id":"https:\/\/houseofotoko.com\/#organization","name":"House of Otoko","url":"https:\/\/houseofotoko.com\/","logo":{"@type":"ImageObject","inLanguage":"fr-FR","@id":"https:\/\/houseofotoko.com\/#\/schema\/logo\/image\/","url":"https:\/\/mlfln9ez57ke.i.optimole.com\/w:1123\/h:1038\/q:mauto\/f:best\/ig:avif\/https:\/\/houseofotoko.com\/wp-content\/uploads\/2025\/01\/LOGO-PNG-1.png","contentUrl":"https:\/\/mlfln9ez57ke.i.optimole.com\/w:1123\/h:1038\/q:mauto\/f:best\/ig:avif\/https:\/\/houseofotoko.com\/wp-content\/uploads\/2025\/01\/LOGO-PNG-1.png","width":1123,"height":1038,"caption":"House of Otoko"},"image":{"@id":"https:\/\/houseofotoko.com\/#\/schema\/logo\/image\/"},"sameAs":["https:\/\/www.instagram.com\/houseofotoko\/"]}]}},"_links":{"self":[{"href":"https:\/\/houseofotoko.com\/fr\/wp-json\/wp\/v2\/product\/705","targetHints":{"allow":["GET"]}}],"collection":[{"href":"https:\/\/houseofotoko.com\/fr\/wp-json\/wp\/v2\/product"}],"about":[{"href":"https:\/\/houseofotoko.com\/fr\/wp-json\/wp\/v2\/types\/product"}],"replies":[{"embeddable":true,"href":"https:\/\/houseofotoko.com\/fr\/wp-json\/wp\/v2\/comments?post=705"}],"wp:featuredmedia":[{"embeddable":true,"href":"https:\/\/houseofotoko.com\/fr\/wp-json\/wp\/v2\/media\/707"}],"wp:attachment":[{"href":"https:\/\/houseofotoko.com\/fr\/wp-json\/wp\/v2\/media?parent=705"}],"wp:term":[{"taxonomy":"product_brand","embeddable":true,"href":"https:\/\/houseofotoko.com\/fr\/wp-json\/wp\/v2\/product_brand?post=705"},{"taxonomy":"product_cat","embeddable":true,"href":"https:\/\/houseofotoko.com\/fr\/wp-json\/wp\/v2\/product_cat?post=705"},{"taxonomy":"product_tag","embeddable":true,"href":"https:\/\/houseofotoko.com\/fr\/wp-json\/wp\/v2\/product_tag?post=705"}],"curies":[{"name":"wp","href":"https:\/\/api.w.org\/{rel}","templated":true}]}}