{"id":695,"date":"2025-03-18T15:50:39","date_gmt":"2025-03-18T15:50:39","guid":{"rendered":"https:\/\/houseofotoko.com\/?post_type=product&#038;p=695"},"modified":"2026-01-06T16:55:54","modified_gmt":"2026-01-06T16:55:54","slug":"flower-power-sword-vase","status":"publish","type":"product","link":"https:\/\/houseofotoko.com\/fr\/produit\/flower-power-sword-vase\/","title":{"rendered":"Vase \u00e9p\u00e9e Flower Power"},"content":{"rendered":"<p data-start=\"0\" data-end=\"319\">Le Flower Power Sword Vase de Jasmin Djerzic est une pi\u00e8ce audacieuse qui allie force et cr\u00e9ativit\u00e9. Ce vase mural en c\u00e9ramique prend la forme d'une \u00e9p\u00e9e, transformant un symbole de pouvoir en un r\u00e9cipient pour la nature. Fix\u00e9 au mur, il accueille une seule fleur, transformant le contraste en art - l'ar\u00eate brute rencontre la beaut\u00e9 raffin\u00e9e.<\/p>\n<h3 data-start=\"321\" data-end=\"344\"><strong data-start=\"325\" data-end=\"342\">Sp\u00e9cifications :<\/strong><\/h3>\n<ul data-start=\"345\" data-end=\"549\">\n<li data-start=\"345\" data-end=\"403\"><em><strong>Design : Vase mural en forme d'\u00e9p\u00e9e en c\u00e9ramique fabriqu\u00e9 \u00e0 la main<\/strong><\/em><\/li>\n<li data-start=\"345\" data-end=\"403\"><em><strong>Mat\u00e9riau : C\u00e9ramique<\/strong><\/em><\/li>\n<li data-start=\"404\" data-end=\"445\"><em><strong>Dimensions : environ 35 cm x 18 cm : Environ 35 cm x 18 cm<\/strong><\/em><\/li>\n<li data-start=\"446\" data-end=\"485\"><em><strong>Couleur : Noir<\/strong><\/em><\/li>\n<li data-start=\"446\" data-end=\"485\"><em><strong>Conception : Jasmin Djerzic<\/strong><\/em><\/li>\n<\/ul>\n<p data-start=\"551\" data-end=\"851\">Cette pi\u00e8ce n'est pas seulement un d\u00e9cor, c'est un sujet de conversation. Le vase Flower Power Sword d\u00e9fie les perceptions, m\u00ealant robustesse et \u00e9l\u00e9gance d'une mani\u00e8re qui attire l'attention. Que vous cherchiez \u00e0 ajouter un \u00e9l\u00e9ment inattendu \u00e0 votre int\u00e9rieur ou \u00e0 faire une d\u00e9claration artistique audacieuse, cette pi\u00e8ce r\u00e9pondra \u00e0 vos attentes.<\/p>\n<hr \/>\n<p data-start=\"853\" data-end=\"886\" data-is-last-node=\"\" data-is-only-node=\"\">Puissant. Percutant. Sans \u00e9quivoque.<\/p>\n<hr \/>\n<p data-start=\"853\" data-end=\"886\" data-is-last-node=\"\" data-is-only-node=\"\">","protected":false},"excerpt":{"rendered":"<p>Le vase Flower Power Sword d\u00e9fie les perceptions, alliant robustesse et \u00e9l\u00e9gance d'une mani\u00e8re qui attire l'attention. Que vous cherchiez \u00e0 ajouter un \u00e9l\u00e9ment inattendu \u00e0 votre int\u00e9rieur ou \u00e0 faire une d\u00e9claration artistique audacieuse, cette pi\u00e8ce r\u00e9pondra \u00e0 vos attentes.<\/p>","protected":false},"featured_media":698,"comment_status":"open","ping_status":"closed","template":"","meta":{"neve_meta_sidebar":"","neve_meta_container":"","neve_meta_enable_content_width":"off","neve_meta_content_width":100,"neve_meta_title_alignment":"","neve_meta_author_avatar":"","neve_post_elements_order":"","neve_meta_disable_header":"","neve_meta_disable_footer":"","neve_meta_disable_title":"","neve_meta_reading_time":"","_themeisle_gutenberg_block_has_review":false,"neve_tabs_data":"","neve_override_tab_layout":""},"product_brand":[209],"product_cat":[16,40,22,41],"product_tag":[65,109,108],"class_list":{"0":"post-695","1":"product","2":"type-product","3":"status-publish","4":"has-post-thumbnail","6":"product_brand-jasmin-djerzic","7":"product_cat-all","8":"product_cat-home-decor","9":"product_cat-living","10":"product_cat-wall-art","11":"product_tag-black","12":"product_tag-jasmin-djerzic","13":"product_tag-vase","14":"product_shipping_class-standard-package","16":"first","17":"instock","18":"taxable","19":"shipping-taxable","20":"purchasable","21":"product-type-simple"},"yoast_head":"<!-- This site is optimized with the Yoast SEO plugin v27.4 - https:\/\/yoast.com\/product\/yoast-seo-wordpress\/ -->\n<title>Flower Power Sword Vase - House of Otoko<\/title>\n<meta name=\"description\" content=\"The Flower Power Sword Vase challenges perceptions, blending toughness and elegance in a way that draws attention. An unexpected element to your interior.\" \/>\n<meta name=\"robots\" content=\"index, follow, max-snippet:-1, max-image-preview:large, max-video-preview:-1\" \/>\n<link rel=\"canonical\" href=\"https:\/\/houseofotoko.com\/fr\/produit\/flower-power-sword-vase\/\" \/>\n<meta property=\"og:locale\" content=\"fr_FR\" \/>\n<meta property=\"og:type\" content=\"article\" \/>\n<meta property=\"og:title\" content=\"Flower Power Sword Vase - House of Otoko\" \/>\n<meta property=\"og:description\" content=\"The Flower Power Sword Vase challenges perceptions, blending toughness and elegance in a way that draws attention. An unexpected element to your interior.\" \/>\n<meta property=\"og:url\" content=\"https:\/\/houseofotoko.com\/fr\/produit\/flower-power-sword-vase\/\" \/>\n<meta property=\"og:site_name\" content=\"House of Otoko\" \/>\n<meta property=\"article:modified_time\" content=\"2026-01-06T16:55:54+00:00\" \/>\n<meta property=\"og:image\" content=\"https:\/\/houseofotoko.com\/wp-content\/uploads\/2025\/03\/Jasmin-Djerzic-Flower-Power-Sword-Vase.webp\" \/>\n\t<meta property=\"og:image:width\" content=\"600\" \/>\n\t<meta property=\"og:image:height\" content=\"600\" \/>\n\t<meta property=\"og:image:type\" content=\"image\/webp\" \/>\n<meta name=\"twitter:card\" content=\"summary_large_image\" \/>\n<meta name=\"twitter:label1\" content=\"Dur\u00e9e de lecture estim\u00e9e\" \/>\n\t<meta name=\"twitter:data1\" content=\"1 minute\" \/>\n<script type=\"application\/ld+json\" class=\"yoast-schema-graph\">{\"@context\":\"https:\\\/\\\/schema.org\",\"@graph\":[{\"@type\":\"WebPage\",\"@id\":\"https:\\\/\\\/houseofotoko.com\\\/product\\\/flower-power-sword-vase\\\/\",\"url\":\"https:\\\/\\\/houseofotoko.com\\\/product\\\/flower-power-sword-vase\\\/\",\"name\":\"Flower Power Sword Vase - House of Otoko\",\"isPartOf\":{\"@id\":\"https:\\\/\\\/houseofotoko.com\\\/#website\"},\"primaryImageOfPage\":{\"@id\":\"https:\\\/\\\/houseofotoko.com\\\/product\\\/flower-power-sword-vase\\\/#primaryimage\"},\"image\":{\"@id\":\"https:\\\/\\\/houseofotoko.com\\\/product\\\/flower-power-sword-vase\\\/#primaryimage\"},\"thumbnailUrl\":\"https:\\\/\\\/houseofotoko.com\\\/wp-content\\\/uploads\\\/2025\\\/03\\\/Jasmin-Djerzic-Flower-Power-Sword-Vase.webp\",\"datePublished\":\"2025-03-18T15:50:39+00:00\",\"dateModified\":\"2026-01-06T16:55:54+00:00\",\"description\":\"The Flower Power Sword Vase challenges perceptions, blending toughness and elegance in a way that draws attention. An unexpected element to your interior.\",\"breadcrumb\":{\"@id\":\"https:\\\/\\\/houseofotoko.com\\\/product\\\/flower-power-sword-vase\\\/#breadcrumb\"},\"inLanguage\":\"fr-FR\",\"potentialAction\":[{\"@type\":\"ReadAction\",\"target\":[\"https:\\\/\\\/houseofotoko.com\\\/product\\\/flower-power-sword-vase\\\/\"]}]},{\"@type\":\"ImageObject\",\"inLanguage\":\"fr-FR\",\"@id\":\"https:\\\/\\\/houseofotoko.com\\\/product\\\/flower-power-sword-vase\\\/#primaryimage\",\"url\":\"https:\\\/\\\/houseofotoko.com\\\/wp-content\\\/uploads\\\/2025\\\/03\\\/Jasmin-Djerzic-Flower-Power-Sword-Vase.webp\",\"contentUrl\":\"https:\\\/\\\/houseofotoko.com\\\/wp-content\\\/uploads\\\/2025\\\/03\\\/Jasmin-Djerzic-Flower-Power-Sword-Vase.webp\",\"width\":600,\"height\":600},{\"@type\":\"BreadcrumbList\",\"@id\":\"https:\\\/\\\/houseofotoko.com\\\/product\\\/flower-power-sword-vase\\\/#breadcrumb\",\"itemListElement\":[{\"@type\":\"ListItem\",\"position\":1,\"name\":\"Home\",\"item\":\"https:\\\/\\\/houseofotoko.com\\\/\"},{\"@type\":\"ListItem\",\"position\":2,\"name\":\"Shop\",\"item\":\"https:\\\/\\\/houseofotoko.com\\\/shop\\\/\"},{\"@type\":\"ListItem\",\"position\":3,\"name\":\"Flower Power Sword Vase\"}]},{\"@type\":\"WebSite\",\"@id\":\"https:\\\/\\\/houseofotoko.com\\\/#website\",\"url\":\"https:\\\/\\\/houseofotoko.com\\\/\",\"name\":\"House of Otoko\",\"description\":\"\",\"publisher\":{\"@id\":\"https:\\\/\\\/houseofotoko.com\\\/#organization\"},\"potentialAction\":[{\"@type\":\"SearchAction\",\"target\":{\"@type\":\"EntryPoint\",\"urlTemplate\":\"https:\\\/\\\/houseofotoko.com\\\/?s={search_term_string}\"},\"query-input\":{\"@type\":\"PropertyValueSpecification\",\"valueRequired\":true,\"valueName\":\"search_term_string\"}}],\"inLanguage\":\"fr-FR\"},{\"@type\":\"Organization\",\"@id\":\"https:\\\/\\\/houseofotoko.com\\\/#organization\",\"name\":\"House of Otoko\",\"url\":\"https:\\\/\\\/houseofotoko.com\\\/\",\"logo\":{\"@type\":\"ImageObject\",\"inLanguage\":\"fr-FR\",\"@id\":\"https:\\\/\\\/houseofotoko.com\\\/#\\\/schema\\\/logo\\\/image\\\/\",\"url\":\"https:\\\/\\\/mlfln9ez57ke.i.optimole.com\\\/w:1123\\\/h:1038\\\/q:mauto\\\/f:best\\\/ig:avif\\\/https:\\\/\\\/houseofotoko.com\\\/wp-content\\\/uploads\\\/2025\\\/01\\\/LOGO-PNG-1.png\",\"contentUrl\":\"https:\\\/\\\/mlfln9ez57ke.i.optimole.com\\\/w:1123\\\/h:1038\\\/q:mauto\\\/f:best\\\/ig:avif\\\/https:\\\/\\\/houseofotoko.com\\\/wp-content\\\/uploads\\\/2025\\\/01\\\/LOGO-PNG-1.png\",\"width\":1123,\"height\":1038,\"caption\":\"House of Otoko\"},\"image\":{\"@id\":\"https:\\\/\\\/houseofotoko.com\\\/#\\\/schema\\\/logo\\\/image\\\/\"},\"sameAs\":[\"https:\\\/\\\/www.instagram.com\\\/houseofotoko\\\/\"]}]}<\/script>\n<!-- \/ Yoast SEO plugin. -->","yoast_head_json":{"title":"Vase \u00e9p\u00e9e Flower Power - House of Otoko","description":"Le vase Flower Power Sword d\u00e9fie les id\u00e9es re\u00e7ues en alliant robustesse et \u00e9l\u00e9gance de mani\u00e8re \u00e0 attirer l'attention. Un \u00e9l\u00e9ment inattendu pour votre int\u00e9rieur.","robots":{"index":"index","follow":"follow","max-snippet":"max-snippet:-1","max-image-preview":"max-image-preview:large","max-video-preview":"max-video-preview:-1"},"canonical":"https:\/\/houseofotoko.com\/fr\/produit\/flower-power-sword-vase\/","og_locale":"fr_FR","og_type":"article","og_title":"Flower Power Sword Vase - House of Otoko","og_description":"The Flower Power Sword Vase challenges perceptions, blending toughness and elegance in a way that draws attention. An unexpected element to your interior.","og_url":"https:\/\/houseofotoko.com\/fr\/produit\/flower-power-sword-vase\/","og_site_name":"House of Otoko","article_modified_time":"2026-01-06T16:55:54+00:00","og_image":[{"width":600,"height":600,"url":"https:\/\/houseofotoko.com\/wp-content\/uploads\/2025\/03\/Jasmin-Djerzic-Flower-Power-Sword-Vase.webp","type":"image\/webp"}],"twitter_card":"summary_large_image","twitter_misc":{"Dur\u00e9e de lecture estim\u00e9e":"1 minute"},"schema":{"@context":"https:\/\/schema.org","@graph":[{"@type":"WebPage","@id":"https:\/\/houseofotoko.com\/product\/flower-power-sword-vase\/","url":"https:\/\/houseofotoko.com\/product\/flower-power-sword-vase\/","name":"Vase \u00e9p\u00e9e Flower Power - House of Otoko","isPartOf":{"@id":"https:\/\/houseofotoko.com\/#website"},"primaryImageOfPage":{"@id":"https:\/\/houseofotoko.com\/product\/flower-power-sword-vase\/#primaryimage"},"image":{"@id":"https:\/\/houseofotoko.com\/product\/flower-power-sword-vase\/#primaryimage"},"thumbnailUrl":"https:\/\/houseofotoko.com\/wp-content\/uploads\/2025\/03\/Jasmin-Djerzic-Flower-Power-Sword-Vase.webp","datePublished":"2025-03-18T15:50:39+00:00","dateModified":"2026-01-06T16:55:54+00:00","description":"Le vase Flower Power Sword d\u00e9fie les id\u00e9es re\u00e7ues en alliant robustesse et \u00e9l\u00e9gance de mani\u00e8re \u00e0 attirer l'attention. Un \u00e9l\u00e9ment inattendu pour votre int\u00e9rieur.","breadcrumb":{"@id":"https:\/\/houseofotoko.com\/product\/flower-power-sword-vase\/#breadcrumb"},"inLanguage":"fr-FR","potentialAction":[{"@type":"ReadAction","target":["https:\/\/houseofotoko.com\/product\/flower-power-sword-vase\/"]}]},{"@type":"ImageObject","inLanguage":"fr-FR","@id":"https:\/\/houseofotoko.com\/product\/flower-power-sword-vase\/#primaryimage","url":"https:\/\/houseofotoko.com\/wp-content\/uploads\/2025\/03\/Jasmin-Djerzic-Flower-Power-Sword-Vase.webp","contentUrl":"https:\/\/houseofotoko.com\/wp-content\/uploads\/2025\/03\/Jasmin-Djerzic-Flower-Power-Sword-Vase.webp","width":600,"height":600},{"@type":"BreadcrumbList","@id":"https:\/\/houseofotoko.com\/product\/flower-power-sword-vase\/#breadcrumb","itemListElement":[{"@type":"ListItem","position":1,"name":"Home","item":"https:\/\/houseofotoko.com\/"},{"@type":"ListItem","position":2,"name":"Shop","item":"https:\/\/houseofotoko.com\/shop\/"},{"@type":"ListItem","position":3,"name":"Flower Power Sword Vase"}]},{"@type":"WebSite","@id":"https:\/\/houseofotoko.com\/#website","url":"https:\/\/houseofotoko.com\/","name":"House of Otoko","description":"","publisher":{"@id":"https:\/\/houseofotoko.com\/#organization"},"potentialAction":[{"@type":"SearchAction","target":{"@type":"EntryPoint","urlTemplate":"https:\/\/houseofotoko.com\/?s={search_term_string}"},"query-input":{"@type":"PropertyValueSpecification","valueRequired":true,"valueName":"search_term_string"}}],"inLanguage":"fr-FR"},{"@type":"Organization","@id":"https:\/\/houseofotoko.com\/#organization","name":"House of Otoko","url":"https:\/\/houseofotoko.com\/","logo":{"@type":"ImageObject","inLanguage":"fr-FR","@id":"https:\/\/houseofotoko.com\/#\/schema\/logo\/image\/","url":"https:\/\/mlfln9ez57ke.i.optimole.com\/w:1123\/h:1038\/q:mauto\/f:best\/ig:avif\/https:\/\/houseofotoko.com\/wp-content\/uploads\/2025\/01\/LOGO-PNG-1.png","contentUrl":"https:\/\/mlfln9ez57ke.i.optimole.com\/w:1123\/h:1038\/q:mauto\/f:best\/ig:avif\/https:\/\/houseofotoko.com\/wp-content\/uploads\/2025\/01\/LOGO-PNG-1.png","width":1123,"height":1038,"caption":"House of Otoko"},"image":{"@id":"https:\/\/houseofotoko.com\/#\/schema\/logo\/image\/"},"sameAs":["https:\/\/www.instagram.com\/houseofotoko\/"]}]}},"_links":{"self":[{"href":"https:\/\/houseofotoko.com\/fr\/wp-json\/wp\/v2\/product\/695","targetHints":{"allow":["GET"]}}],"collection":[{"href":"https:\/\/houseofotoko.com\/fr\/wp-json\/wp\/v2\/product"}],"about":[{"href":"https:\/\/houseofotoko.com\/fr\/wp-json\/wp\/v2\/types\/product"}],"replies":[{"embeddable":true,"href":"https:\/\/houseofotoko.com\/fr\/wp-json\/wp\/v2\/comments?post=695"}],"wp:featuredmedia":[{"embeddable":true,"href":"https:\/\/houseofotoko.com\/fr\/wp-json\/wp\/v2\/media\/698"}],"wp:attachment":[{"href":"https:\/\/houseofotoko.com\/fr\/wp-json\/wp\/v2\/media?parent=695"}],"wp:term":[{"taxonomy":"product_brand","embeddable":true,"href":"https:\/\/houseofotoko.com\/fr\/wp-json\/wp\/v2\/product_brand?post=695"},{"taxonomy":"product_cat","embeddable":true,"href":"https:\/\/houseofotoko.com\/fr\/wp-json\/wp\/v2\/product_cat?post=695"},{"taxonomy":"product_tag","embeddable":true,"href":"https:\/\/houseofotoko.com\/fr\/wp-json\/wp\/v2\/product_tag?post=695"}],"curies":[{"name":"wp","href":"https:\/\/api.w.org\/{rel}","templated":true}]}}