{"id":664,"date":"2025-03-18T10:00:18","date_gmt":"2025-03-18T10:00:18","guid":{"rendered":"https:\/\/houseofotoko.com\/?post_type=product&#038;p=664"},"modified":"2026-01-06T16:54:09","modified_gmt":"2026-01-06T16:54:09","slug":"recycled-wool-mix-cushion-cover","status":"publish","type":"product","link":"https:\/\/houseofotoko.com\/fr\/produit\/recycled-wool-mix-cushion-cover\/","title":{"rendered":"Housse de coussin en laine recycl\u00e9e"},"content":{"rendered":"<p>La housse de coussin Recycled Wool Mix est un ajout robuste et \u00e9cologique \u00e0 votre espace de vie. Fabriqu\u00e9e \u00e0 partir de tissus de laine recycl\u00e9s, chaque housse de coussin pr\u00e9sente un m\u00e9lange unique de couleurs et de motifs, refl\u00e9tant ses origines durables. Sa texture robuste et son design distinctif en font une pi\u00e8ce \u00e0 part, ajoutant une touche masculine et industrielle \u00e0 tout d\u00e9cor.<\/p>\n<h3 data-start=\"379\" data-end=\"402\">Sp\u00e9cifications :<\/h3>\n<ul data-start=\"403\" data-end=\"680\">\n<li data-start=\"403\" data-end=\"477\"><em><strong>Mati\u00e8re : Laine recycl\u00e9e et autres fibres provenant de tissus usag\u00e9s.<\/strong><\/em><\/li>\n<li data-start=\"478\" data-end=\"536\"><em><strong>Dimensions : environ 45 cm x 45 cm (18\u2033 x 18\u2033) : Environ 45 cm x 45 cm (18\u2033 x 18\u2033).<\/strong><\/em><\/li>\n<li data-start=\"537\" data-end=\"648\"><em><strong>Couleur et motif : Assortis ; chaque couverture pr\u00e9sente une combinaison unique gr\u00e2ce \u00e0 l'utilisation de mat\u00e9riaux recycl\u00e9s.<\/strong><\/em><\/li>\n<li data-start=\"288\" data-end=\"378\"><em><strong>Mati\u00e8re : Polyester et acrylique recycl\u00e9s, provenant de tissus authentiques de si\u00e8ges de camions.<\/strong><\/em><\/li>\n<li data-start=\"379\" data-end=\"439\"><em><strong>Taille : Environ 45 cm x 45 cm<\/strong><\/em><\/li>\n<li><em><strong>Code produit : No. 110806.<\/strong><\/em><\/li>\n<li data-start=\"1499\" data-end=\"1530\"><em><strong>Marque : <a href=\"https:\/\/houseofotoko.com\/product-categorie\/shop\/brands\/puebco\/\">Puebco<\/a><\/strong><\/em><\/li>\n<\/ul>\n<p>Remarque : cette offre concerne uniquement la housse de coussin ; le coussin int\u00e9rieur n'est pas inclus. Compte tenu de la nature recycl\u00e9e des mat\u00e9riaux, les couleurs et les motifs sont assortis et ne peuvent \u00eatre pr\u00e9s\u00e9lectionn\u00e9s. La laine peut entra\u00eener un l\u00e9ger r\u00e9tr\u00e9cissement ou des changements de texture si elle est expos\u00e9e \u00e0 l'humidit\u00e9. En outre, le frottement peut entra\u00eener un peluchage ou un boulochage au fil du temps.<\/p>","protected":false},"excerpt":{"rendered":"<p>\u00c9levez votre int\u00e9rieur avec la housse de coussin Puebco Recycled Wool Mix - un m\u00e9lange parfait de durabilit\u00e9, de charme robuste et de design unique.<\/p>","protected":false},"featured_media":668,"comment_status":"open","ping_status":"closed","template":"","meta":{"neve_meta_sidebar":"","neve_meta_container":"","neve_meta_enable_content_width":"off","neve_meta_content_width":100,"neve_meta_title_alignment":"","neve_meta_author_avatar":"","neve_post_elements_order":"","neve_meta_disable_header":"","neve_meta_disable_footer":"","neve_meta_disable_title":"","neve_meta_reading_time":"","_themeisle_gutenberg_block_has_review":false,"neve_tabs_data":"","neve_override_tab_layout":""},"product_brand":[118],"product_cat":[16,43,69,23,146],"product_tag":[101,83,81,60],"class_list":{"0":"post-664","1":"product","2":"type-product","3":"status-publish","4":"has-post-thumbnail","6":"product_brand-puebco","7":"product_cat-all","8":"product_cat-home-textiles","9":"product_cat-puebco","10":"product_cat-sustainable","11":"product_cat-uitgelicht","12":"product_tag-cushion","13":"product_tag-puebco","14":"product_tag-sustainable","15":"product_tag-wool","16":"product_shipping_class-standard-package","18":"first","19":"instock","20":"taxable","21":"shipping-taxable","22":"purchasable","23":"product-type-simple"},"yoast_head":"<!-- This site is optimized with the Yoast SEO plugin v27.4 - https:\/\/yoast.com\/product\/yoast-seo-wordpress\/ -->\n<title>Recycled Wool Mix Cushion Cover - House of Otoko<\/title>\n<meta name=\"description\" content=\"Elevate your interior with the Puebco Recycled Wool Mix Cushion Cover - a perfect blend of sustainability, rugged charm, and unique design.\" \/>\n<meta name=\"robots\" content=\"index, follow, max-snippet:-1, max-image-preview:large, max-video-preview:-1\" \/>\n<link rel=\"canonical\" href=\"https:\/\/houseofotoko.com\/fr\/produit\/recycled-wool-mix-cushion-cover\/\" \/>\n<meta property=\"og:locale\" content=\"fr_FR\" \/>\n<meta property=\"og:type\" content=\"article\" \/>\n<meta property=\"og:title\" content=\"Recycled Wool Mix Cushion Cover - House of Otoko\" \/>\n<meta property=\"og:description\" content=\"Elevate your interior with the Puebco Recycled Wool Mix Cushion Cover - a perfect blend of sustainability, rugged charm, and unique design.\" \/>\n<meta property=\"og:url\" content=\"https:\/\/houseofotoko.com\/fr\/produit\/recycled-wool-mix-cushion-cover\/\" \/>\n<meta property=\"og:site_name\" content=\"House of Otoko\" \/>\n<meta property=\"article:modified_time\" content=\"2026-01-06T16:54:09+00:00\" \/>\n<meta property=\"og:image\" content=\"https:\/\/houseofotoko.com\/wp-content\/uploads\/2025\/03\/Recyled-wool-mix-cushion-cover.webp\" \/>\n\t<meta property=\"og:image:width\" content=\"600\" \/>\n\t<meta property=\"og:image:height\" content=\"600\" \/>\n\t<meta property=\"og:image:type\" content=\"image\/webp\" \/>\n<meta name=\"twitter:card\" content=\"summary_large_image\" \/>\n<meta name=\"twitter:label1\" content=\"Dur\u00e9e de lecture estim\u00e9e\" \/>\n\t<meta name=\"twitter:data1\" content=\"2 minutes\" \/>\n<script type=\"application\/ld+json\" class=\"yoast-schema-graph\">{\"@context\":\"https:\\\/\\\/schema.org\",\"@graph\":[{\"@type\":\"WebPage\",\"@id\":\"https:\\\/\\\/houseofotoko.com\\\/product\\\/recycled-wool-mix-cushion-cover\\\/\",\"url\":\"https:\\\/\\\/houseofotoko.com\\\/product\\\/recycled-wool-mix-cushion-cover\\\/\",\"name\":\"Recycled Wool Mix Cushion Cover - House of Otoko\",\"isPartOf\":{\"@id\":\"https:\\\/\\\/houseofotoko.com\\\/#website\"},\"primaryImageOfPage\":{\"@id\":\"https:\\\/\\\/houseofotoko.com\\\/product\\\/recycled-wool-mix-cushion-cover\\\/#primaryimage\"},\"image\":{\"@id\":\"https:\\\/\\\/houseofotoko.com\\\/product\\\/recycled-wool-mix-cushion-cover\\\/#primaryimage\"},\"thumbnailUrl\":\"https:\\\/\\\/houseofotoko.com\\\/wp-content\\\/uploads\\\/2025\\\/03\\\/Recyled-wool-mix-cushion-cover.webp\",\"datePublished\":\"2025-03-18T10:00:18+00:00\",\"dateModified\":\"2026-01-06T16:54:09+00:00\",\"description\":\"Elevate your interior with the Puebco Recycled Wool Mix Cushion Cover - a perfect blend of sustainability, rugged charm, and unique design.\",\"breadcrumb\":{\"@id\":\"https:\\\/\\\/houseofotoko.com\\\/product\\\/recycled-wool-mix-cushion-cover\\\/#breadcrumb\"},\"inLanguage\":\"fr-FR\",\"potentialAction\":[{\"@type\":\"ReadAction\",\"target\":[\"https:\\\/\\\/houseofotoko.com\\\/product\\\/recycled-wool-mix-cushion-cover\\\/\"]}]},{\"@type\":\"ImageObject\",\"inLanguage\":\"fr-FR\",\"@id\":\"https:\\\/\\\/houseofotoko.com\\\/product\\\/recycled-wool-mix-cushion-cover\\\/#primaryimage\",\"url\":\"https:\\\/\\\/houseofotoko.com\\\/wp-content\\\/uploads\\\/2025\\\/03\\\/Recyled-wool-mix-cushion-cover.webp\",\"contentUrl\":\"https:\\\/\\\/houseofotoko.com\\\/wp-content\\\/uploads\\\/2025\\\/03\\\/Recyled-wool-mix-cushion-cover.webp\",\"width\":600,\"height\":600,\"caption\":\"Puebco no.110806; House of Otoko\"},{\"@type\":\"BreadcrumbList\",\"@id\":\"https:\\\/\\\/houseofotoko.com\\\/product\\\/recycled-wool-mix-cushion-cover\\\/#breadcrumb\",\"itemListElement\":[{\"@type\":\"ListItem\",\"position\":1,\"name\":\"Home\",\"item\":\"https:\\\/\\\/houseofotoko.com\\\/\"},{\"@type\":\"ListItem\",\"position\":2,\"name\":\"Shop\",\"item\":\"https:\\\/\\\/houseofotoko.com\\\/shop\\\/\"},{\"@type\":\"ListItem\",\"position\":3,\"name\":\"Recycled Wool Mix Cushion Cover\"}]},{\"@type\":\"WebSite\",\"@id\":\"https:\\\/\\\/houseofotoko.com\\\/#website\",\"url\":\"https:\\\/\\\/houseofotoko.com\\\/\",\"name\":\"House of Otoko\",\"description\":\"\",\"publisher\":{\"@id\":\"https:\\\/\\\/houseofotoko.com\\\/#organization\"},\"potentialAction\":[{\"@type\":\"SearchAction\",\"target\":{\"@type\":\"EntryPoint\",\"urlTemplate\":\"https:\\\/\\\/houseofotoko.com\\\/?s={search_term_string}\"},\"query-input\":{\"@type\":\"PropertyValueSpecification\",\"valueRequired\":true,\"valueName\":\"search_term_string\"}}],\"inLanguage\":\"fr-FR\"},{\"@type\":\"Organization\",\"@id\":\"https:\\\/\\\/houseofotoko.com\\\/#organization\",\"name\":\"House of Otoko\",\"url\":\"https:\\\/\\\/houseofotoko.com\\\/\",\"logo\":{\"@type\":\"ImageObject\",\"inLanguage\":\"fr-FR\",\"@id\":\"https:\\\/\\\/houseofotoko.com\\\/#\\\/schema\\\/logo\\\/image\\\/\",\"url\":\"https:\\\/\\\/mlfln9ez57ke.i.optimole.com\\\/w:1123\\\/h:1038\\\/q:mauto\\\/f:best\\\/ig:avif\\\/https:\\\/\\\/houseofotoko.com\\\/wp-content\\\/uploads\\\/2025\\\/01\\\/LOGO-PNG-1.png\",\"contentUrl\":\"https:\\\/\\\/mlfln9ez57ke.i.optimole.com\\\/w:1123\\\/h:1038\\\/q:mauto\\\/f:best\\\/ig:avif\\\/https:\\\/\\\/houseofotoko.com\\\/wp-content\\\/uploads\\\/2025\\\/01\\\/LOGO-PNG-1.png\",\"width\":1123,\"height\":1038,\"caption\":\"House of Otoko\"},\"image\":{\"@id\":\"https:\\\/\\\/houseofotoko.com\\\/#\\\/schema\\\/logo\\\/image\\\/\"},\"sameAs\":[\"https:\\\/\\\/www.instagram.com\\\/houseofotoko\\\/\"]}]}<\/script>\n<!-- \/ Yoast SEO plugin. -->","yoast_head_json":{"title":"Recycled Wool Mix Cushion Cover - House of Otoko","description":"Elevate your interior with the Puebco Recycled Wool Mix Cushion Cover - a perfect blend of sustainability, rugged charm, and unique design.","robots":{"index":"index","follow":"follow","max-snippet":"max-snippet:-1","max-image-preview":"max-image-preview:large","max-video-preview":"max-video-preview:-1"},"canonical":"https:\/\/houseofotoko.com\/fr\/produit\/recycled-wool-mix-cushion-cover\/","og_locale":"fr_FR","og_type":"article","og_title":"Recycled Wool Mix Cushion Cover - House of Otoko","og_description":"Elevate your interior with the Puebco Recycled Wool Mix Cushion Cover - a perfect blend of sustainability, rugged charm, and unique design.","og_url":"https:\/\/houseofotoko.com\/fr\/produit\/recycled-wool-mix-cushion-cover\/","og_site_name":"House of Otoko","article_modified_time":"2026-01-06T16:54:09+00:00","og_image":[{"width":600,"height":600,"url":"https:\/\/houseofotoko.com\/wp-content\/uploads\/2025\/03\/Recyled-wool-mix-cushion-cover.webp","type":"image\/webp"}],"twitter_card":"summary_large_image","twitter_misc":{"Dur\u00e9e de lecture estim\u00e9e":"2 minutes"},"schema":{"@context":"https:\/\/schema.org","@graph":[{"@type":"WebPage","@id":"https:\/\/houseofotoko.com\/product\/recycled-wool-mix-cushion-cover\/","url":"https:\/\/houseofotoko.com\/product\/recycled-wool-mix-cushion-cover\/","name":"Recycled Wool Mix Cushion Cover - House of Otoko","isPartOf":{"@id":"https:\/\/houseofotoko.com\/#website"},"primaryImageOfPage":{"@id":"https:\/\/houseofotoko.com\/product\/recycled-wool-mix-cushion-cover\/#primaryimage"},"image":{"@id":"https:\/\/houseofotoko.com\/product\/recycled-wool-mix-cushion-cover\/#primaryimage"},"thumbnailUrl":"https:\/\/houseofotoko.com\/wp-content\/uploads\/2025\/03\/Recyled-wool-mix-cushion-cover.webp","datePublished":"2025-03-18T10:00:18+00:00","dateModified":"2026-01-06T16:54:09+00:00","description":"Elevate your interior with the Puebco Recycled Wool Mix Cushion Cover - a perfect blend of sustainability, rugged charm, and unique design.","breadcrumb":{"@id":"https:\/\/houseofotoko.com\/product\/recycled-wool-mix-cushion-cover\/#breadcrumb"},"inLanguage":"fr-FR","potentialAction":[{"@type":"ReadAction","target":["https:\/\/houseofotoko.com\/product\/recycled-wool-mix-cushion-cover\/"]}]},{"@type":"ImageObject","inLanguage":"fr-FR","@id":"https:\/\/houseofotoko.com\/product\/recycled-wool-mix-cushion-cover\/#primaryimage","url":"https:\/\/houseofotoko.com\/wp-content\/uploads\/2025\/03\/Recyled-wool-mix-cushion-cover.webp","contentUrl":"https:\/\/houseofotoko.com\/wp-content\/uploads\/2025\/03\/Recyled-wool-mix-cushion-cover.webp","width":600,"height":600,"caption":"Puebco no.110806; House of Otoko"},{"@type":"BreadcrumbList","@id":"https:\/\/houseofotoko.com\/product\/recycled-wool-mix-cushion-cover\/#breadcrumb","itemListElement":[{"@type":"ListItem","position":1,"name":"Home","item":"https:\/\/houseofotoko.com\/"},{"@type":"ListItem","position":2,"name":"Shop","item":"https:\/\/houseofotoko.com\/shop\/"},{"@type":"ListItem","position":3,"name":"Recycled Wool Mix Cushion Cover"}]},{"@type":"WebSite","@id":"https:\/\/houseofotoko.com\/#website","url":"https:\/\/houseofotoko.com\/","name":"House of Otoko","description":"","publisher":{"@id":"https:\/\/houseofotoko.com\/#organization"},"potentialAction":[{"@type":"SearchAction","target":{"@type":"EntryPoint","urlTemplate":"https:\/\/houseofotoko.com\/?s={search_term_string}"},"query-input":{"@type":"PropertyValueSpecification","valueRequired":true,"valueName":"search_term_string"}}],"inLanguage":"fr-FR"},{"@type":"Organization","@id":"https:\/\/houseofotoko.com\/#organization","name":"House of Otoko","url":"https:\/\/houseofotoko.com\/","logo":{"@type":"ImageObject","inLanguage":"fr-FR","@id":"https:\/\/houseofotoko.com\/#\/schema\/logo\/image\/","url":"https:\/\/mlfln9ez57ke.i.optimole.com\/w:1123\/h:1038\/q:mauto\/f:best\/ig:avif\/https:\/\/houseofotoko.com\/wp-content\/uploads\/2025\/01\/LOGO-PNG-1.png","contentUrl":"https:\/\/mlfln9ez57ke.i.optimole.com\/w:1123\/h:1038\/q:mauto\/f:best\/ig:avif\/https:\/\/houseofotoko.com\/wp-content\/uploads\/2025\/01\/LOGO-PNG-1.png","width":1123,"height":1038,"caption":"House of Otoko"},"image":{"@id":"https:\/\/houseofotoko.com\/#\/schema\/logo\/image\/"},"sameAs":["https:\/\/www.instagram.com\/houseofotoko\/"]}]}},"_links":{"self":[{"href":"https:\/\/houseofotoko.com\/fr\/wp-json\/wp\/v2\/product\/664","targetHints":{"allow":["GET"]}}],"collection":[{"href":"https:\/\/houseofotoko.com\/fr\/wp-json\/wp\/v2\/product"}],"about":[{"href":"https:\/\/houseofotoko.com\/fr\/wp-json\/wp\/v2\/types\/product"}],"replies":[{"embeddable":true,"href":"https:\/\/houseofotoko.com\/fr\/wp-json\/wp\/v2\/comments?post=664"}],"wp:featuredmedia":[{"embeddable":true,"href":"https:\/\/houseofotoko.com\/fr\/wp-json\/wp\/v2\/media\/668"}],"wp:attachment":[{"href":"https:\/\/houseofotoko.com\/fr\/wp-json\/wp\/v2\/media?parent=664"}],"wp:term":[{"taxonomy":"product_brand","embeddable":true,"href":"https:\/\/houseofotoko.com\/fr\/wp-json\/wp\/v2\/product_brand?post=664"},{"taxonomy":"product_cat","embeddable":true,"href":"https:\/\/houseofotoko.com\/fr\/wp-json\/wp\/v2\/product_cat?post=664"},{"taxonomy":"product_tag","embeddable":true,"href":"https:\/\/houseofotoko.com\/fr\/wp-json\/wp\/v2\/product_tag?post=664"}],"curies":[{"name":"wp","href":"https:\/\/api.w.org\/{rel}","templated":true}]}}