{"id":652,"date":"2025-03-17T15:39:02","date_gmt":"2025-03-17T15:39:02","guid":{"rendered":"https:\/\/houseofotoko.com\/?post_type=product&#038;p=652"},"modified":"2026-01-06T16:53:38","modified_gmt":"2026-01-06T16:53:38","slug":"marble-pet-bowl","status":"publish","type":"product","link":"https:\/\/houseofotoko.com\/fr\/produit\/marble-pet-bowl\/","title":{"rendered":"Gamelle en marbre"},"content":{"rendered":"<p>La gamelle Marble Pet Bowl est \u00e9l\u00e9gante et \u00e9cologique, c'est un choix de premier ordre pour votre animal de compagnie. Fabriqu\u00e9e \u00e0 partir de marbre recycl\u00e9, chaque gamelle pr\u00e9sente un motif unique et une esth\u00e9tique haut de gamme. Ce bol solide et lourd reste en place et est parfait pour la nourriture et l'eau.<\/p>\n<ul data-start=\"1402\" data-end=\"1530\">\n<li data-start=\"1402\" data-end=\"1426\"><em><strong>Mat\u00e9riau : Marbre<\/strong><\/em><\/li>\n<li data-start=\"1402\" data-end=\"1426\"><em><strong data-start=\"1247\" data-end=\"1264\">Un design unique<\/strong> - Il n'y a pas deux bols identiques.<\/em><\/li>\n<li data-start=\"1427\" data-end=\"1498\"><em><strong>Dimensions : 13 X 13 X 4 cm<\/strong><\/em><\/li>\n<li data-start=\"1499\" data-end=\"1530\"><em><em><strong>Num\u00e9ro de produit : Non.<\/strong><\/em><\/em><strong data-start=\"800\" data-end=\"852\">110387<\/strong><\/li>\n<li data-start=\"1499\" data-end=\"1530\"><em><strong>Marque : <a href=\"https:\/\/houseofotoko.com\/product-categorie\/shop\/brands\/puebco\/\">Puebco<\/a><\/strong><\/em><\/li>\n<\/ul>\n<p data-start=\"1532\" data-end=\"1774\">\u2714 \u00c9cologique et durable - Con\u00e7u avec du marbre usag\u00e9 provenant de l'Inde, il accepte les imperfections telles que les petits \u00e9clats ou les rayures sur la surface.<\/p>","protected":false},"excerpt":{"rendered":"<p>La gamelle Marble Pet Bowl est \u00e9l\u00e9gante et respectueuse de l'environnement. C'est un choix de premier ordre pour votre animal de compagnie qui allie le luxe \u00e0 la fonctionnalit\u00e9 quotidienne.<\/p>","protected":false},"featured_media":653,"comment_status":"open","ping_status":"closed","template":"","meta":{"neve_meta_sidebar":"","neve_meta_container":"","neve_meta_enable_content_width":"off","neve_meta_content_width":100,"neve_meta_title_alignment":"","neve_meta_author_avatar":"","neve_post_elements_order":"","neve_meta_disable_header":"","neve_meta_disable_footer":"","neve_meta_disable_title":"","neve_meta_reading_time":"","_themeisle_gutenberg_block_has_review":false,"neve_tabs_data":"","neve_override_tab_layout":""},"product_brand":[118],"product_cat":[16,22,24,69,23],"product_tag":[97,96,81],"class_list":{"0":"post-652","1":"product","2":"type-product","3":"status-publish","4":"has-post-thumbnail","6":"product_brand-puebco","7":"product_cat-all","8":"product_cat-living","9":"product_cat-pets","10":"product_cat-puebco","11":"product_cat-sustainable","12":"product_tag-marble","13":"product_tag-pet-bowl","14":"product_tag-sustainable","15":"product_shipping_class-standard-package","17":"first","18":"instock","19":"taxable","20":"shipping-taxable","21":"purchasable","22":"product-type-simple"},"yoast_head":"<!-- This site is optimized with the Yoast SEO plugin v27.4 - https:\/\/yoast.com\/product\/yoast-seo-wordpress\/ -->\n<title>Marble Pet Bowl - House of Otoko<\/title>\n<meta name=\"description\" content=\"Marble Pet Bowl is stylish, and eco-friendly it&#039;s a premium choice for your pet that blends luxury with everyday functionality.\" \/>\n<meta name=\"robots\" content=\"index, follow, max-snippet:-1, max-image-preview:large, max-video-preview:-1\" \/>\n<link rel=\"canonical\" href=\"https:\/\/houseofotoko.com\/fr\/produit\/marble-pet-bowl\/\" \/>\n<meta property=\"og:locale\" content=\"fr_FR\" \/>\n<meta property=\"og:type\" content=\"article\" \/>\n<meta property=\"og:title\" content=\"Marble Pet Bowl - House of Otoko\" \/>\n<meta property=\"og:description\" content=\"Marble Pet Bowl is stylish, and eco-friendly it&#039;s a premium choice for your pet that blends luxury with everyday functionality.\" \/>\n<meta property=\"og:url\" content=\"https:\/\/houseofotoko.com\/fr\/produit\/marble-pet-bowl\/\" \/>\n<meta property=\"og:site_name\" content=\"House of Otoko\" \/>\n<meta property=\"article:modified_time\" content=\"2026-01-06T16:53:38+00:00\" \/>\n<meta property=\"og:image\" content=\"https:\/\/houseofotoko.com\/wp-content\/uploads\/2025\/03\/pet-food-bowl-marble.webp\" \/>\n\t<meta property=\"og:image:width\" content=\"600\" \/>\n\t<meta property=\"og:image:height\" content=\"600\" \/>\n\t<meta property=\"og:image:type\" content=\"image\/webp\" \/>\n<meta name=\"twitter:card\" content=\"summary_large_image\" \/>\n<meta name=\"twitter:label1\" content=\"Dur\u00e9e de lecture estim\u00e9e\" \/>\n\t<meta name=\"twitter:data1\" content=\"1 minute\" \/>\n<script type=\"application\/ld+json\" class=\"yoast-schema-graph\">{\"@context\":\"https:\\\/\\\/schema.org\",\"@graph\":[{\"@type\":\"WebPage\",\"@id\":\"https:\\\/\\\/houseofotoko.com\\\/product\\\/marble-pet-bowl\\\/\",\"url\":\"https:\\\/\\\/houseofotoko.com\\\/product\\\/marble-pet-bowl\\\/\",\"name\":\"Marble Pet Bowl - House of Otoko\",\"isPartOf\":{\"@id\":\"https:\\\/\\\/houseofotoko.com\\\/#website\"},\"primaryImageOfPage\":{\"@id\":\"https:\\\/\\\/houseofotoko.com\\\/product\\\/marble-pet-bowl\\\/#primaryimage\"},\"image\":{\"@id\":\"https:\\\/\\\/houseofotoko.com\\\/product\\\/marble-pet-bowl\\\/#primaryimage\"},\"thumbnailUrl\":\"https:\\\/\\\/houseofotoko.com\\\/wp-content\\\/uploads\\\/2025\\\/03\\\/pet-food-bowl-marble.webp\",\"datePublished\":\"2025-03-17T15:39:02+00:00\",\"dateModified\":\"2026-01-06T16:53:38+00:00\",\"description\":\"Marble Pet Bowl is stylish, and eco-friendly it's a premium choice for your pet that blends luxury with everyday functionality.\",\"breadcrumb\":{\"@id\":\"https:\\\/\\\/houseofotoko.com\\\/product\\\/marble-pet-bowl\\\/#breadcrumb\"},\"inLanguage\":\"fr-FR\",\"potentialAction\":[{\"@type\":\"ReadAction\",\"target\":[\"https:\\\/\\\/houseofotoko.com\\\/product\\\/marble-pet-bowl\\\/\"]}]},{\"@type\":\"ImageObject\",\"inLanguage\":\"fr-FR\",\"@id\":\"https:\\\/\\\/houseofotoko.com\\\/product\\\/marble-pet-bowl\\\/#primaryimage\",\"url\":\"https:\\\/\\\/houseofotoko.com\\\/wp-content\\\/uploads\\\/2025\\\/03\\\/pet-food-bowl-marble.webp\",\"contentUrl\":\"https:\\\/\\\/houseofotoko.com\\\/wp-content\\\/uploads\\\/2025\\\/03\\\/pet-food-bowl-marble.webp\",\"width\":600,\"height\":600,\"caption\":\"Puebco pet bowl marble; House of Otoko\"},{\"@type\":\"BreadcrumbList\",\"@id\":\"https:\\\/\\\/houseofotoko.com\\\/product\\\/marble-pet-bowl\\\/#breadcrumb\",\"itemListElement\":[{\"@type\":\"ListItem\",\"position\":1,\"name\":\"Home\",\"item\":\"https:\\\/\\\/houseofotoko.com\\\/\"},{\"@type\":\"ListItem\",\"position\":2,\"name\":\"Shop\",\"item\":\"https:\\\/\\\/houseofotoko.com\\\/shop\\\/\"},{\"@type\":\"ListItem\",\"position\":3,\"name\":\"Marble Pet Bowl\"}]},{\"@type\":\"WebSite\",\"@id\":\"https:\\\/\\\/houseofotoko.com\\\/#website\",\"url\":\"https:\\\/\\\/houseofotoko.com\\\/\",\"name\":\"House of Otoko\",\"description\":\"\",\"publisher\":{\"@id\":\"https:\\\/\\\/houseofotoko.com\\\/#organization\"},\"potentialAction\":[{\"@type\":\"SearchAction\",\"target\":{\"@type\":\"EntryPoint\",\"urlTemplate\":\"https:\\\/\\\/houseofotoko.com\\\/?s={search_term_string}\"},\"query-input\":{\"@type\":\"PropertyValueSpecification\",\"valueRequired\":true,\"valueName\":\"search_term_string\"}}],\"inLanguage\":\"fr-FR\"},{\"@type\":\"Organization\",\"@id\":\"https:\\\/\\\/houseofotoko.com\\\/#organization\",\"name\":\"House of Otoko\",\"url\":\"https:\\\/\\\/houseofotoko.com\\\/\",\"logo\":{\"@type\":\"ImageObject\",\"inLanguage\":\"fr-FR\",\"@id\":\"https:\\\/\\\/houseofotoko.com\\\/#\\\/schema\\\/logo\\\/image\\\/\",\"url\":\"https:\\\/\\\/mlfln9ez57ke.i.optimole.com\\\/w:1123\\\/h:1038\\\/q:mauto\\\/f:best\\\/ig:avif\\\/https:\\\/\\\/houseofotoko.com\\\/wp-content\\\/uploads\\\/2025\\\/01\\\/LOGO-PNG-1.png\",\"contentUrl\":\"https:\\\/\\\/mlfln9ez57ke.i.optimole.com\\\/w:1123\\\/h:1038\\\/q:mauto\\\/f:best\\\/ig:avif\\\/https:\\\/\\\/houseofotoko.com\\\/wp-content\\\/uploads\\\/2025\\\/01\\\/LOGO-PNG-1.png\",\"width\":1123,\"height\":1038,\"caption\":\"House of Otoko\"},\"image\":{\"@id\":\"https:\\\/\\\/houseofotoko.com\\\/#\\\/schema\\\/logo\\\/image\\\/\"},\"sameAs\":[\"https:\\\/\\\/www.instagram.com\\\/houseofotoko\\\/\"]}]}<\/script>\n<!-- \/ Yoast SEO plugin. -->","yoast_head_json":{"title":"Gamelle en marbre - House of Otoko","description":"La gamelle Marble Pet Bowl est \u00e9l\u00e9gante et respectueuse de l'environnement. C'est un choix de premier ordre pour votre animal de compagnie qui allie le luxe \u00e0 la fonctionnalit\u00e9 quotidienne.","robots":{"index":"index","follow":"follow","max-snippet":"max-snippet:-1","max-image-preview":"max-image-preview:large","max-video-preview":"max-video-preview:-1"},"canonical":"https:\/\/houseofotoko.com\/fr\/produit\/marble-pet-bowl\/","og_locale":"fr_FR","og_type":"article","og_title":"Marble Pet Bowl - House of Otoko","og_description":"Marble Pet Bowl is stylish, and eco-friendly it's a premium choice for your pet that blends luxury with everyday functionality.","og_url":"https:\/\/houseofotoko.com\/fr\/produit\/marble-pet-bowl\/","og_site_name":"House of Otoko","article_modified_time":"2026-01-06T16:53:38+00:00","og_image":[{"width":600,"height":600,"url":"https:\/\/houseofotoko.com\/wp-content\/uploads\/2025\/03\/pet-food-bowl-marble.webp","type":"image\/webp"}],"twitter_card":"summary_large_image","twitter_misc":{"Dur\u00e9e de lecture estim\u00e9e":"1 minute"},"schema":{"@context":"https:\/\/schema.org","@graph":[{"@type":"WebPage","@id":"https:\/\/houseofotoko.com\/product\/marble-pet-bowl\/","url":"https:\/\/houseofotoko.com\/product\/marble-pet-bowl\/","name":"Gamelle en marbre - House of Otoko","isPartOf":{"@id":"https:\/\/houseofotoko.com\/#website"},"primaryImageOfPage":{"@id":"https:\/\/houseofotoko.com\/product\/marble-pet-bowl\/#primaryimage"},"image":{"@id":"https:\/\/houseofotoko.com\/product\/marble-pet-bowl\/#primaryimage"},"thumbnailUrl":"https:\/\/houseofotoko.com\/wp-content\/uploads\/2025\/03\/pet-food-bowl-marble.webp","datePublished":"2025-03-17T15:39:02+00:00","dateModified":"2026-01-06T16:53:38+00:00","description":"La gamelle Marble Pet Bowl est \u00e9l\u00e9gante et respectueuse de l'environnement. C'est un choix de premier ordre pour votre animal de compagnie qui allie le luxe \u00e0 la fonctionnalit\u00e9 quotidienne.","breadcrumb":{"@id":"https:\/\/houseofotoko.com\/product\/marble-pet-bowl\/#breadcrumb"},"inLanguage":"fr-FR","potentialAction":[{"@type":"ReadAction","target":["https:\/\/houseofotoko.com\/product\/marble-pet-bowl\/"]}]},{"@type":"ImageObject","inLanguage":"fr-FR","@id":"https:\/\/houseofotoko.com\/product\/marble-pet-bowl\/#primaryimage","url":"https:\/\/houseofotoko.com\/wp-content\/uploads\/2025\/03\/pet-food-bowl-marble.webp","contentUrl":"https:\/\/houseofotoko.com\/wp-content\/uploads\/2025\/03\/pet-food-bowl-marble.webp","width":600,"height":600,"caption":"Puebco pet bowl marble; House of Otoko"},{"@type":"BreadcrumbList","@id":"https:\/\/houseofotoko.com\/product\/marble-pet-bowl\/#breadcrumb","itemListElement":[{"@type":"ListItem","position":1,"name":"Home","item":"https:\/\/houseofotoko.com\/"},{"@type":"ListItem","position":2,"name":"Shop","item":"https:\/\/houseofotoko.com\/shop\/"},{"@type":"ListItem","position":3,"name":"Marble Pet Bowl"}]},{"@type":"WebSite","@id":"https:\/\/houseofotoko.com\/#website","url":"https:\/\/houseofotoko.com\/","name":"House of Otoko","description":"","publisher":{"@id":"https:\/\/houseofotoko.com\/#organization"},"potentialAction":[{"@type":"SearchAction","target":{"@type":"EntryPoint","urlTemplate":"https:\/\/houseofotoko.com\/?s={search_term_string}"},"query-input":{"@type":"PropertyValueSpecification","valueRequired":true,"valueName":"search_term_string"}}],"inLanguage":"fr-FR"},{"@type":"Organization","@id":"https:\/\/houseofotoko.com\/#organization","name":"House of Otoko","url":"https:\/\/houseofotoko.com\/","logo":{"@type":"ImageObject","inLanguage":"fr-FR","@id":"https:\/\/houseofotoko.com\/#\/schema\/logo\/image\/","url":"https:\/\/mlfln9ez57ke.i.optimole.com\/w:1123\/h:1038\/q:mauto\/f:best\/ig:avif\/https:\/\/houseofotoko.com\/wp-content\/uploads\/2025\/01\/LOGO-PNG-1.png","contentUrl":"https:\/\/mlfln9ez57ke.i.optimole.com\/w:1123\/h:1038\/q:mauto\/f:best\/ig:avif\/https:\/\/houseofotoko.com\/wp-content\/uploads\/2025\/01\/LOGO-PNG-1.png","width":1123,"height":1038,"caption":"House of Otoko"},"image":{"@id":"https:\/\/houseofotoko.com\/#\/schema\/logo\/image\/"},"sameAs":["https:\/\/www.instagram.com\/houseofotoko\/"]}]}},"_links":{"self":[{"href":"https:\/\/houseofotoko.com\/fr\/wp-json\/wp\/v2\/product\/652","targetHints":{"allow":["GET"]}}],"collection":[{"href":"https:\/\/houseofotoko.com\/fr\/wp-json\/wp\/v2\/product"}],"about":[{"href":"https:\/\/houseofotoko.com\/fr\/wp-json\/wp\/v2\/types\/product"}],"replies":[{"embeddable":true,"href":"https:\/\/houseofotoko.com\/fr\/wp-json\/wp\/v2\/comments?post=652"}],"wp:featuredmedia":[{"embeddable":true,"href":"https:\/\/houseofotoko.com\/fr\/wp-json\/wp\/v2\/media\/653"}],"wp:attachment":[{"href":"https:\/\/houseofotoko.com\/fr\/wp-json\/wp\/v2\/media?parent=652"}],"wp:term":[{"taxonomy":"product_brand","embeddable":true,"href":"https:\/\/houseofotoko.com\/fr\/wp-json\/wp\/v2\/product_brand?post=652"},{"taxonomy":"product_cat","embeddable":true,"href":"https:\/\/houseofotoko.com\/fr\/wp-json\/wp\/v2\/product_cat?post=652"},{"taxonomy":"product_tag","embeddable":true,"href":"https:\/\/houseofotoko.com\/fr\/wp-json\/wp\/v2\/product_tag?post=652"}],"curies":[{"name":"wp","href":"https:\/\/api.w.org\/{rel}","templated":true}]}}