{"id":636,"date":"2025-03-17T14:22:36","date_gmt":"2025-03-17T14:22:36","guid":{"rendered":"https:\/\/houseofotoko.com\/?post_type=product&#038;p=636"},"modified":"2026-01-06T16:53:16","modified_gmt":"2026-01-06T16:53:16","slug":"foldable-travel-pet-bowl-melo","status":"publish","type":"product","link":"https:\/\/houseofotoko.com\/fr\/produit\/foldable-travel-pet-bowl-melo\/","title":{"rendered":"Gamelle de voyage pliable pour animaux de compagnie MELO"},"content":{"rendered":"<p>La gamelle de voyage pliable MELO est con\u00e7ue pour les chiens et les ma\u00eetres aventureux. Fabriqu\u00e9e \u00e0 la main \u00e0 partir de cuir et de toile r\u00e9sistants \u00e0 l'eau, elle est con\u00e7ue pour \u00eatre facilement transportable, parfaite pour les randonn\u00e9es, les voyages en voiture ou le camping. Elle se nettoie \u00e0 l'eau et se plie facilement, pr\u00eate pour le prochain voyage.<\/p>\n<ul>\n<li><strong><em>Compact et pliable<\/em><\/strong><\/li>\n<li><strong><em>Mati\u00e8re : cuir naturel et toile cir\u00e9e r\u00e9sistant \u00e0 l'humidit\u00e9<\/em><\/strong><\/li>\n<li><strong><em>Doublure : Tissu PET \u00e9cologique fabriqu\u00e9 \u00e0 partir de bouteilles d'animaux recycl\u00e9es avec rev\u00eatement imperm\u00e9able non toxique<\/em><\/strong><\/li>\n<li><em><strong>Couleur : beige et marron<\/strong><\/em><\/li>\n<li><strong><em>Dimensions : \u00d8 16 x 8,5 cm \/ 1,0 litre \u00d8 16 x 8,5 cm \/ 1,0 litre\u00a0<\/em><\/strong><\/li>\n<li><strong><em>Design robuste et intemporel - fabriqu\u00e9 \u00e0 la main et con\u00e7u pour durer des ann\u00e9es.<\/em><\/strong><\/li>\n<li><strong><em>Marque<\/em>:<\/strong> <strong><em>Band &amp; Roll<\/em><\/strong><\/li>\n<\/ul>\n<hr \/>\n<p>Pour le chien toujours en mouvement et le ma\u00eetre qui appr\u00e9cie \u00e0 la fois le style et l'aspect pratique.<\/p>\n<hr \/>\n<p>&nbsp;<\/p>","protected":false},"excerpt":{"rendered":"<p>Lorsque vous avez soif, MELO est l\u00e0. L\u00e9ger et compact, il est le compagnon id\u00e9al des aventures de votre ami \u00e0 fourrure.<\/p>","protected":false},"featured_media":640,"comment_status":"open","ping_status":"closed","template":"","meta":{"neve_meta_sidebar":"","neve_meta_container":"","neve_meta_enable_content_width":"off","neve_meta_content_width":100,"neve_meta_title_alignment":"","neve_meta_author_avatar":"","neve_post_elements_order":"","neve_meta_disable_header":"","neve_meta_disable_footer":"","neve_meta_disable_title":"","neve_meta_reading_time":"","_themeisle_gutenberg_block_has_review":false,"neve_tabs_data":"","neve_override_tab_layout":""},"product_brand":[208],"product_cat":[16,50,25,24,23,46],"product_tag":[95,94,81],"class_list":{"0":"post-636","1":"product","2":"type-product","3":"status-publish","4":"has-post-thumbnail","6":"product_brand-band-roll","7":"product_cat-all","8":"product_cat-camping","9":"product_cat-outdoor","10":"product_cat-pets","11":"product_cat-sustainable","12":"product_cat-usefull","13":"product_tag-bowl","14":"product_tag-pet","15":"product_tag-sustainable","16":"product_shipping_class-standard-package","18":"first","19":"instock","20":"taxable","21":"shipping-taxable","22":"purchasable","23":"product-type-simple"},"yoast_head":"<!-- This site is optimized with the Yoast SEO plugin v27.4 - https:\/\/yoast.com\/product\/yoast-seo-wordpress\/ -->\n<title>Foldable Travel Pet Bowl MELO - House of Otoko<\/title>\n<meta name=\"description\" content=\"When thirst strikes on the go, MELO is there. Lightweight and compact, it\u2019s the perfect companion for your furry friend\u2019s adventures.\" \/>\n<meta name=\"robots\" content=\"index, follow, max-snippet:-1, max-image-preview:large, max-video-preview:-1\" \/>\n<link rel=\"canonical\" href=\"https:\/\/houseofotoko.com\/fr\/produit\/foldable-travel-pet-bowl-melo\/\" \/>\n<meta property=\"og:locale\" content=\"fr_FR\" \/>\n<meta property=\"og:type\" content=\"article\" \/>\n<meta property=\"og:title\" content=\"Foldable Travel Pet Bowl MELO - House of Otoko\" \/>\n<meta property=\"og:description\" content=\"When thirst strikes on the go, MELO is there. Lightweight and compact, it\u2019s the perfect companion for your furry friend\u2019s adventures.\" \/>\n<meta property=\"og:url\" content=\"https:\/\/houseofotoko.com\/fr\/produit\/foldable-travel-pet-bowl-melo\/\" \/>\n<meta property=\"og:site_name\" content=\"House of Otoko\" \/>\n<meta property=\"article:modified_time\" content=\"2026-01-06T16:53:16+00:00\" \/>\n<meta property=\"og:image\" content=\"https:\/\/houseofotoko.com\/wp-content\/uploads\/2025\/03\/foldable-travel-bowl-5.webp\" \/>\n\t<meta property=\"og:image:width\" content=\"600\" \/>\n\t<meta property=\"og:image:height\" content=\"600\" \/>\n\t<meta property=\"og:image:type\" content=\"image\/webp\" \/>\n<meta name=\"twitter:card\" content=\"summary_large_image\" \/>\n<meta name=\"twitter:label1\" content=\"Dur\u00e9e de lecture estim\u00e9e\" \/>\n\t<meta name=\"twitter:data1\" content=\"1 minute\" \/>\n<script type=\"application\/ld+json\" class=\"yoast-schema-graph\">{\"@context\":\"https:\\\/\\\/schema.org\",\"@graph\":[{\"@type\":\"WebPage\",\"@id\":\"https:\\\/\\\/houseofotoko.com\\\/product\\\/foldable-travel-pet-bowl-melo\\\/\",\"url\":\"https:\\\/\\\/houseofotoko.com\\\/product\\\/foldable-travel-pet-bowl-melo\\\/\",\"name\":\"Foldable Travel Pet Bowl MELO - House of Otoko\",\"isPartOf\":{\"@id\":\"https:\\\/\\\/houseofotoko.com\\\/#website\"},\"primaryImageOfPage\":{\"@id\":\"https:\\\/\\\/houseofotoko.com\\\/product\\\/foldable-travel-pet-bowl-melo\\\/#primaryimage\"},\"image\":{\"@id\":\"https:\\\/\\\/houseofotoko.com\\\/product\\\/foldable-travel-pet-bowl-melo\\\/#primaryimage\"},\"thumbnailUrl\":\"https:\\\/\\\/houseofotoko.com\\\/wp-content\\\/uploads\\\/2025\\\/03\\\/foldable-travel-bowl-5.webp\",\"datePublished\":\"2025-03-17T14:22:36+00:00\",\"dateModified\":\"2026-01-06T16:53:16+00:00\",\"description\":\"When thirst strikes on the go, MELO is there. Lightweight and compact, it\u2019s the perfect companion for your furry friend\u2019s adventures.\",\"breadcrumb\":{\"@id\":\"https:\\\/\\\/houseofotoko.com\\\/product\\\/foldable-travel-pet-bowl-melo\\\/#breadcrumb\"},\"inLanguage\":\"fr-FR\",\"potentialAction\":[{\"@type\":\"ReadAction\",\"target\":[\"https:\\\/\\\/houseofotoko.com\\\/product\\\/foldable-travel-pet-bowl-melo\\\/\"]}]},{\"@type\":\"ImageObject\",\"inLanguage\":\"fr-FR\",\"@id\":\"https:\\\/\\\/houseofotoko.com\\\/product\\\/foldable-travel-pet-bowl-melo\\\/#primaryimage\",\"url\":\"https:\\\/\\\/houseofotoko.com\\\/wp-content\\\/uploads\\\/2025\\\/03\\\/foldable-travel-bowl-5.webp\",\"contentUrl\":\"https:\\\/\\\/houseofotoko.com\\\/wp-content\\\/uploads\\\/2025\\\/03\\\/foldable-travel-bowl-5.webp\",\"width\":600,\"height\":600,\"caption\":\"drinkbak hond opvouwbaar\"},{\"@type\":\"BreadcrumbList\",\"@id\":\"https:\\\/\\\/houseofotoko.com\\\/product\\\/foldable-travel-pet-bowl-melo\\\/#breadcrumb\",\"itemListElement\":[{\"@type\":\"ListItem\",\"position\":1,\"name\":\"Home\",\"item\":\"https:\\\/\\\/houseofotoko.com\\\/\"},{\"@type\":\"ListItem\",\"position\":2,\"name\":\"Shop\",\"item\":\"https:\\\/\\\/houseofotoko.com\\\/shop\\\/\"},{\"@type\":\"ListItem\",\"position\":3,\"name\":\"Foldable Travel Pet Bowl MELO\"}]},{\"@type\":\"WebSite\",\"@id\":\"https:\\\/\\\/houseofotoko.com\\\/#website\",\"url\":\"https:\\\/\\\/houseofotoko.com\\\/\",\"name\":\"House of Otoko\",\"description\":\"\",\"publisher\":{\"@id\":\"https:\\\/\\\/houseofotoko.com\\\/#organization\"},\"potentialAction\":[{\"@type\":\"SearchAction\",\"target\":{\"@type\":\"EntryPoint\",\"urlTemplate\":\"https:\\\/\\\/houseofotoko.com\\\/?s={search_term_string}\"},\"query-input\":{\"@type\":\"PropertyValueSpecification\",\"valueRequired\":true,\"valueName\":\"search_term_string\"}}],\"inLanguage\":\"fr-FR\"},{\"@type\":\"Organization\",\"@id\":\"https:\\\/\\\/houseofotoko.com\\\/#organization\",\"name\":\"House of Otoko\",\"url\":\"https:\\\/\\\/houseofotoko.com\\\/\",\"logo\":{\"@type\":\"ImageObject\",\"inLanguage\":\"fr-FR\",\"@id\":\"https:\\\/\\\/houseofotoko.com\\\/#\\\/schema\\\/logo\\\/image\\\/\",\"url\":\"https:\\\/\\\/mlfln9ez57ke.i.optimole.com\\\/w:1123\\\/h:1038\\\/q:mauto\\\/f:best\\\/ig:avif\\\/https:\\\/\\\/houseofotoko.com\\\/wp-content\\\/uploads\\\/2025\\\/01\\\/LOGO-PNG-1.png\",\"contentUrl\":\"https:\\\/\\\/mlfln9ez57ke.i.optimole.com\\\/w:1123\\\/h:1038\\\/q:mauto\\\/f:best\\\/ig:avif\\\/https:\\\/\\\/houseofotoko.com\\\/wp-content\\\/uploads\\\/2025\\\/01\\\/LOGO-PNG-1.png\",\"width\":1123,\"height\":1038,\"caption\":\"House of Otoko\"},\"image\":{\"@id\":\"https:\\\/\\\/houseofotoko.com\\\/#\\\/schema\\\/logo\\\/image\\\/\"},\"sameAs\":[\"https:\\\/\\\/www.instagram.com\\\/houseofotoko\\\/\"]}]}<\/script>\n<!-- \/ Yoast SEO plugin. -->","yoast_head_json":{"title":"Foldable Travel Pet Bowl MELO - House of Otoko","description":"Lorsque vous avez soif, MELO est l\u00e0. L\u00e9ger et compact, il est le compagnon id\u00e9al des aventures de votre ami \u00e0 fourrure.","robots":{"index":"index","follow":"follow","max-snippet":"max-snippet:-1","max-image-preview":"max-image-preview:large","max-video-preview":"max-video-preview:-1"},"canonical":"https:\/\/houseofotoko.com\/fr\/produit\/foldable-travel-pet-bowl-melo\/","og_locale":"fr_FR","og_type":"article","og_title":"Foldable Travel Pet Bowl MELO - House of Otoko","og_description":"When thirst strikes on the go, MELO is there. Lightweight and compact, it\u2019s the perfect companion for your furry friend\u2019s adventures.","og_url":"https:\/\/houseofotoko.com\/fr\/produit\/foldable-travel-pet-bowl-melo\/","og_site_name":"House of Otoko","article_modified_time":"2026-01-06T16:53:16+00:00","og_image":[{"width":600,"height":600,"url":"https:\/\/houseofotoko.com\/wp-content\/uploads\/2025\/03\/foldable-travel-bowl-5.webp","type":"image\/webp"}],"twitter_card":"summary_large_image","twitter_misc":{"Dur\u00e9e de lecture estim\u00e9e":"1 minute"},"schema":{"@context":"https:\/\/schema.org","@graph":[{"@type":"WebPage","@id":"https:\/\/houseofotoko.com\/product\/foldable-travel-pet-bowl-melo\/","url":"https:\/\/houseofotoko.com\/product\/foldable-travel-pet-bowl-melo\/","name":"Foldable Travel Pet Bowl MELO - House of Otoko","isPartOf":{"@id":"https:\/\/houseofotoko.com\/#website"},"primaryImageOfPage":{"@id":"https:\/\/houseofotoko.com\/product\/foldable-travel-pet-bowl-melo\/#primaryimage"},"image":{"@id":"https:\/\/houseofotoko.com\/product\/foldable-travel-pet-bowl-melo\/#primaryimage"},"thumbnailUrl":"https:\/\/houseofotoko.com\/wp-content\/uploads\/2025\/03\/foldable-travel-bowl-5.webp","datePublished":"2025-03-17T14:22:36+00:00","dateModified":"2026-01-06T16:53:16+00:00","description":"Lorsque vous avez soif, MELO est l\u00e0. L\u00e9ger et compact, il est le compagnon id\u00e9al des aventures de votre ami \u00e0 fourrure.","breadcrumb":{"@id":"https:\/\/houseofotoko.com\/product\/foldable-travel-pet-bowl-melo\/#breadcrumb"},"inLanguage":"fr-FR","potentialAction":[{"@type":"ReadAction","target":["https:\/\/houseofotoko.com\/product\/foldable-travel-pet-bowl-melo\/"]}]},{"@type":"ImageObject","inLanguage":"fr-FR","@id":"https:\/\/houseofotoko.com\/product\/foldable-travel-pet-bowl-melo\/#primaryimage","url":"https:\/\/houseofotoko.com\/wp-content\/uploads\/2025\/03\/foldable-travel-bowl-5.webp","contentUrl":"https:\/\/houseofotoko.com\/wp-content\/uploads\/2025\/03\/foldable-travel-bowl-5.webp","width":600,"height":600,"caption":"drinkbak hond opvouwbaar"},{"@type":"BreadcrumbList","@id":"https:\/\/houseofotoko.com\/product\/foldable-travel-pet-bowl-melo\/#breadcrumb","itemListElement":[{"@type":"ListItem","position":1,"name":"Home","item":"https:\/\/houseofotoko.com\/"},{"@type":"ListItem","position":2,"name":"Shop","item":"https:\/\/houseofotoko.com\/shop\/"},{"@type":"ListItem","position":3,"name":"Foldable Travel Pet Bowl MELO"}]},{"@type":"WebSite","@id":"https:\/\/houseofotoko.com\/#website","url":"https:\/\/houseofotoko.com\/","name":"House of Otoko","description":"","publisher":{"@id":"https:\/\/houseofotoko.com\/#organization"},"potentialAction":[{"@type":"SearchAction","target":{"@type":"EntryPoint","urlTemplate":"https:\/\/houseofotoko.com\/?s={search_term_string}"},"query-input":{"@type":"PropertyValueSpecification","valueRequired":true,"valueName":"search_term_string"}}],"inLanguage":"fr-FR"},{"@type":"Organization","@id":"https:\/\/houseofotoko.com\/#organization","name":"House of Otoko","url":"https:\/\/houseofotoko.com\/","logo":{"@type":"ImageObject","inLanguage":"fr-FR","@id":"https:\/\/houseofotoko.com\/#\/schema\/logo\/image\/","url":"https:\/\/mlfln9ez57ke.i.optimole.com\/w:1123\/h:1038\/q:mauto\/f:best\/ig:avif\/https:\/\/houseofotoko.com\/wp-content\/uploads\/2025\/01\/LOGO-PNG-1.png","contentUrl":"https:\/\/mlfln9ez57ke.i.optimole.com\/w:1123\/h:1038\/q:mauto\/f:best\/ig:avif\/https:\/\/houseofotoko.com\/wp-content\/uploads\/2025\/01\/LOGO-PNG-1.png","width":1123,"height":1038,"caption":"House of Otoko"},"image":{"@id":"https:\/\/houseofotoko.com\/#\/schema\/logo\/image\/"},"sameAs":["https:\/\/www.instagram.com\/houseofotoko\/"]}]}},"_links":{"self":[{"href":"https:\/\/houseofotoko.com\/fr\/wp-json\/wp\/v2\/product\/636","targetHints":{"allow":["GET"]}}],"collection":[{"href":"https:\/\/houseofotoko.com\/fr\/wp-json\/wp\/v2\/product"}],"about":[{"href":"https:\/\/houseofotoko.com\/fr\/wp-json\/wp\/v2\/types\/product"}],"replies":[{"embeddable":true,"href":"https:\/\/houseofotoko.com\/fr\/wp-json\/wp\/v2\/comments?post=636"}],"wp:featuredmedia":[{"embeddable":true,"href":"https:\/\/houseofotoko.com\/fr\/wp-json\/wp\/v2\/media\/640"}],"wp:attachment":[{"href":"https:\/\/houseofotoko.com\/fr\/wp-json\/wp\/v2\/media?parent=636"}],"wp:term":[{"taxonomy":"product_brand","embeddable":true,"href":"https:\/\/houseofotoko.com\/fr\/wp-json\/wp\/v2\/product_brand?post=636"},{"taxonomy":"product_cat","embeddable":true,"href":"https:\/\/houseofotoko.com\/fr\/wp-json\/wp\/v2\/product_cat?post=636"},{"taxonomy":"product_tag","embeddable":true,"href":"https:\/\/houseofotoko.com\/fr\/wp-json\/wp\/v2\/product_tag?post=636"}],"curies":[{"name":"wp","href":"https:\/\/api.w.org\/{rel}","templated":true}]}}