{"id":623,"date":"2025-03-05T16:29:54","date_gmt":"2025-03-05T16:29:54","guid":{"rendered":"https:\/\/houseofotoko.com\/?post_type=product&#038;p=623"},"modified":"2026-01-06T16:51:37","modified_gmt":"2026-01-06T16:51:37","slug":"padel-tennis-racket-cover","status":"publish","type":"product","link":"https:\/\/houseofotoko.com\/fr\/produit\/padel-tennis-racket-cover\/","title":{"rendered":"Housse de raquette de tennis Padel"},"content":{"rendered":"<p data-start=\"0\" data-end=\"78\">Housse pour raquette de padel Puebco offre \u00e0 votre raquette de padel la protection qu'elle m\u00e9rite. Con\u00e7ue dans un souci de durabilit\u00e9 et de style, cette housse est fabriqu\u00e9e \u00e0 partir de tissu recycl\u00e9 de housse de si\u00e8ge de camion, offrant une esth\u00e9tique unique et us\u00e9e qui se d\u00e9marque. Que vous vous rendiez \u00e0 un match ou que vous rangiez votre mat\u00e9riel, cette housse garantit la s\u00e9curit\u00e9 de votre raquette tout en affichant un caract\u00e8re audacieux et masculin.<\/p>\n<p data-start=\"456\" data-end=\"928\">\u2714 <strong data-start=\"770\" data-end=\"800\">Respectueux de l'environnement et durable<\/strong> - Con\u00e7us \u00e0 partir de mat\u00e9riaux recycl\u00e9s, ils pr\u00e9sentent des imperfections telles que des couleurs d\u00e9lav\u00e9es, des variations de coutures et un aspect brut et us\u00e9.<\/p>\n<ul data-start=\"1402\" data-end=\"1530\">\n<li data-start=\"1402\" data-end=\"1426\"><em><strong>Mati\u00e8re : Tissu pour si\u00e8ge de camion \/ polyester et acrylique<\/strong><\/em><\/li>\n<li data-start=\"1427\" data-end=\"1498\"><em><strong>Dimensions : 30 x 5 x 70 cm : 30 x 5 x 70 cm<\/strong><\/em><\/li>\n<li data-start=\"1499\" data-end=\"1530\"><em><strong>Num\u00e9ro de produit : No.504957<\/strong><\/em><\/li>\n<li data-start=\"1499\" data-end=\"1530\"><em><strong>Marque : <a href=\"https:\/\/houseofotoko.com\/product-categorie\/shop\/brands\/puebco\/\">Puebco<\/a><\/strong><\/em><\/li>\n<\/ul>\n<p data-start=\"1532\" data-end=\"1774\">","protected":false},"excerpt":{"rendered":"<p>Housse pour raquette de padel Puebco offre \u00e0 votre raquette de padel la protection qu'elle m\u00e9rite. Con\u00e7ue dans un souci de durabilit\u00e9 et de style, cette housse est fabriqu\u00e9e \u00e0 partir de tissu recycl\u00e9 de housse de si\u00e8ge de camion.<\/p>","protected":false},"featured_media":624,"comment_status":"open","ping_status":"closed","template":"","meta":{"neve_meta_sidebar":"","neve_meta_container":"","neve_meta_enable_content_width":"off","neve_meta_content_width":100,"neve_meta_title_alignment":"","neve_meta_author_avatar":"","neve_post_elements_order":"","neve_meta_disable_header":"","neve_meta_disable_footer":"","neve_meta_disable_title":"","neve_meta_reading_time":"","_themeisle_gutenberg_block_has_review":false,"neve_tabs_data":"","neve_override_tab_layout":""},"product_brand":[118],"product_cat":[16,47,25,69,23],"product_tag":[87,81,88],"class_list":{"0":"post-623","1":"product","2":"type-product","3":"status-publish","4":"has-post-thumbnail","6":"product_brand-puebco","7":"product_cat-all","8":"product_cat-games","9":"product_cat-outdoor","10":"product_cat-puebco","11":"product_cat-sustainable","12":"product_tag-padel","13":"product_tag-sustainable","14":"product_tag-truck-seat-cover","15":"product_shipping_class-standard-package","17":"first","18":"outofstock","19":"taxable","20":"shipping-taxable","21":"purchasable","22":"product-type-simple"},"yoast_head":"<!-- This site is optimized with the Yoast SEO plugin v27.4 - https:\/\/yoast.com\/product\/yoast-seo-wordpress\/ -->\n<title>Padel Tennis Racket Cover - House of Otoko<\/title>\n<meta name=\"description\" content=\"Padel Tennis Racket Cover Puebco gives your padel racket the protection it deserves. Designed with durability and style in mind, this cover is crafted from repurposed truck seat cover fabric.\" \/>\n<meta name=\"robots\" content=\"index, follow, max-snippet:-1, max-image-preview:large, max-video-preview:-1\" \/>\n<link rel=\"canonical\" href=\"https:\/\/houseofotoko.com\/fr\/produit\/padel-tennis-racket-cover\/\" \/>\n<meta property=\"og:locale\" content=\"fr_FR\" \/>\n<meta property=\"og:type\" content=\"article\" \/>\n<meta property=\"og:title\" content=\"Padel Tennis Racket Cover - House of Otoko\" \/>\n<meta property=\"og:description\" content=\"Padel Tennis Racket Cover Puebco gives your padel racket the protection it deserves. Designed with durability and style in mind, this cover is crafted from repurposed truck seat cover fabric.\" \/>\n<meta property=\"og:url\" content=\"https:\/\/houseofotoko.com\/fr\/produit\/padel-tennis-racket-cover\/\" \/>\n<meta property=\"og:site_name\" content=\"House of Otoko\" \/>\n<meta property=\"article:modified_time\" content=\"2026-01-06T16:51:37+00:00\" \/>\n<meta property=\"og:image\" content=\"https:\/\/houseofotoko.com\/wp-content\/uploads\/2025\/03\/Padel-racket-cover-Puebco.webp\" \/>\n\t<meta property=\"og:image:width\" content=\"600\" \/>\n\t<meta property=\"og:image:height\" content=\"600\" \/>\n\t<meta property=\"og:image:type\" content=\"image\/webp\" \/>\n<meta name=\"twitter:card\" content=\"summary_large_image\" \/>\n<meta name=\"twitter:label1\" content=\"Dur\u00e9e de lecture estim\u00e9e\" \/>\n\t<meta name=\"twitter:data1\" content=\"1 minute\" \/>\n<script type=\"application\/ld+json\" class=\"yoast-schema-graph\">{\"@context\":\"https:\\\/\\\/schema.org\",\"@graph\":[{\"@type\":\"WebPage\",\"@id\":\"https:\\\/\\\/houseofotoko.com\\\/product\\\/padel-tennis-racket-cover\\\/\",\"url\":\"https:\\\/\\\/houseofotoko.com\\\/product\\\/padel-tennis-racket-cover\\\/\",\"name\":\"Padel Tennis Racket Cover - House of Otoko\",\"isPartOf\":{\"@id\":\"https:\\\/\\\/houseofotoko.com\\\/#website\"},\"primaryImageOfPage\":{\"@id\":\"https:\\\/\\\/houseofotoko.com\\\/product\\\/padel-tennis-racket-cover\\\/#primaryimage\"},\"image\":{\"@id\":\"https:\\\/\\\/houseofotoko.com\\\/product\\\/padel-tennis-racket-cover\\\/#primaryimage\"},\"thumbnailUrl\":\"https:\\\/\\\/houseofotoko.com\\\/wp-content\\\/uploads\\\/2025\\\/03\\\/Padel-racket-cover-Puebco.webp\",\"datePublished\":\"2025-03-05T16:29:54+00:00\",\"dateModified\":\"2026-01-06T16:51:37+00:00\",\"description\":\"Padel Tennis Racket Cover Puebco gives your padel racket the protection it deserves. Designed with durability and style in mind, this cover is crafted from repurposed truck seat cover fabric.\",\"breadcrumb\":{\"@id\":\"https:\\\/\\\/houseofotoko.com\\\/product\\\/padel-tennis-racket-cover\\\/#breadcrumb\"},\"inLanguage\":\"fr-FR\",\"potentialAction\":[{\"@type\":\"ReadAction\",\"target\":[\"https:\\\/\\\/houseofotoko.com\\\/product\\\/padel-tennis-racket-cover\\\/\"]}]},{\"@type\":\"ImageObject\",\"inLanguage\":\"fr-FR\",\"@id\":\"https:\\\/\\\/houseofotoko.com\\\/product\\\/padel-tennis-racket-cover\\\/#primaryimage\",\"url\":\"https:\\\/\\\/houseofotoko.com\\\/wp-content\\\/uploads\\\/2025\\\/03\\\/Padel-racket-cover-Puebco.webp\",\"contentUrl\":\"https:\\\/\\\/houseofotoko.com\\\/wp-content\\\/uploads\\\/2025\\\/03\\\/Padel-racket-cover-Puebco.webp\",\"width\":600,\"height\":600,\"caption\":\"Puebco Padel Racket Cover\"},{\"@type\":\"BreadcrumbList\",\"@id\":\"https:\\\/\\\/houseofotoko.com\\\/product\\\/padel-tennis-racket-cover\\\/#breadcrumb\",\"itemListElement\":[{\"@type\":\"ListItem\",\"position\":1,\"name\":\"Home\",\"item\":\"https:\\\/\\\/houseofotoko.com\\\/\"},{\"@type\":\"ListItem\",\"position\":2,\"name\":\"Shop\",\"item\":\"https:\\\/\\\/houseofotoko.com\\\/shop\\\/\"},{\"@type\":\"ListItem\",\"position\":3,\"name\":\"Padel Tennis Racket Cover\"}]},{\"@type\":\"WebSite\",\"@id\":\"https:\\\/\\\/houseofotoko.com\\\/#website\",\"url\":\"https:\\\/\\\/houseofotoko.com\\\/\",\"name\":\"House of Otoko\",\"description\":\"\",\"publisher\":{\"@id\":\"https:\\\/\\\/houseofotoko.com\\\/#organization\"},\"potentialAction\":[{\"@type\":\"SearchAction\",\"target\":{\"@type\":\"EntryPoint\",\"urlTemplate\":\"https:\\\/\\\/houseofotoko.com\\\/?s={search_term_string}\"},\"query-input\":{\"@type\":\"PropertyValueSpecification\",\"valueRequired\":true,\"valueName\":\"search_term_string\"}}],\"inLanguage\":\"fr-FR\"},{\"@type\":\"Organization\",\"@id\":\"https:\\\/\\\/houseofotoko.com\\\/#organization\",\"name\":\"House of Otoko\",\"url\":\"https:\\\/\\\/houseofotoko.com\\\/\",\"logo\":{\"@type\":\"ImageObject\",\"inLanguage\":\"fr-FR\",\"@id\":\"https:\\\/\\\/houseofotoko.com\\\/#\\\/schema\\\/logo\\\/image\\\/\",\"url\":\"https:\\\/\\\/mlfln9ez57ke.i.optimole.com\\\/w:1123\\\/h:1038\\\/q:mauto\\\/f:best\\\/ig:avif\\\/https:\\\/\\\/houseofotoko.com\\\/wp-content\\\/uploads\\\/2025\\\/01\\\/LOGO-PNG-1.png\",\"contentUrl\":\"https:\\\/\\\/mlfln9ez57ke.i.optimole.com\\\/w:1123\\\/h:1038\\\/q:mauto\\\/f:best\\\/ig:avif\\\/https:\\\/\\\/houseofotoko.com\\\/wp-content\\\/uploads\\\/2025\\\/01\\\/LOGO-PNG-1.png\",\"width\":1123,\"height\":1038,\"caption\":\"House of Otoko\"},\"image\":{\"@id\":\"https:\\\/\\\/houseofotoko.com\\\/#\\\/schema\\\/logo\\\/image\\\/\"},\"sameAs\":[\"https:\\\/\\\/www.instagram.com\\\/houseofotoko\\\/\"]}]}<\/script>\n<!-- \/ Yoast SEO plugin. -->","yoast_head_json":{"title":"Padel Tennis Racket Cover - House of Otoko","description":"Housse pour raquette de padel Puebco offre \u00e0 votre raquette de padel la protection qu'elle m\u00e9rite. Con\u00e7ue dans un souci de durabilit\u00e9 et de style, cette housse est fabriqu\u00e9e \u00e0 partir de tissu recycl\u00e9 de housse de si\u00e8ge de camion.","robots":{"index":"index","follow":"follow","max-snippet":"max-snippet:-1","max-image-preview":"max-image-preview:large","max-video-preview":"max-video-preview:-1"},"canonical":"https:\/\/houseofotoko.com\/fr\/produit\/padel-tennis-racket-cover\/","og_locale":"fr_FR","og_type":"article","og_title":"Padel Tennis Racket Cover - House of Otoko","og_description":"Padel Tennis Racket Cover Puebco gives your padel racket the protection it deserves. Designed with durability and style in mind, this cover is crafted from repurposed truck seat cover fabric.","og_url":"https:\/\/houseofotoko.com\/fr\/produit\/padel-tennis-racket-cover\/","og_site_name":"House of Otoko","article_modified_time":"2026-01-06T16:51:37+00:00","og_image":[{"width":600,"height":600,"url":"https:\/\/houseofotoko.com\/wp-content\/uploads\/2025\/03\/Padel-racket-cover-Puebco.webp","type":"image\/webp"}],"twitter_card":"summary_large_image","twitter_misc":{"Dur\u00e9e de lecture estim\u00e9e":"1 minute"},"schema":{"@context":"https:\/\/schema.org","@graph":[{"@type":"WebPage","@id":"https:\/\/houseofotoko.com\/product\/padel-tennis-racket-cover\/","url":"https:\/\/houseofotoko.com\/product\/padel-tennis-racket-cover\/","name":"Padel Tennis Racket Cover - House of Otoko","isPartOf":{"@id":"https:\/\/houseofotoko.com\/#website"},"primaryImageOfPage":{"@id":"https:\/\/houseofotoko.com\/product\/padel-tennis-racket-cover\/#primaryimage"},"image":{"@id":"https:\/\/houseofotoko.com\/product\/padel-tennis-racket-cover\/#primaryimage"},"thumbnailUrl":"https:\/\/houseofotoko.com\/wp-content\/uploads\/2025\/03\/Padel-racket-cover-Puebco.webp","datePublished":"2025-03-05T16:29:54+00:00","dateModified":"2026-01-06T16:51:37+00:00","description":"Housse pour raquette de padel Puebco offre \u00e0 votre raquette de padel la protection qu'elle m\u00e9rite. Con\u00e7ue dans un souci de durabilit\u00e9 et de style, cette housse est fabriqu\u00e9e \u00e0 partir de tissu recycl\u00e9 de housse de si\u00e8ge de camion.","breadcrumb":{"@id":"https:\/\/houseofotoko.com\/product\/padel-tennis-racket-cover\/#breadcrumb"},"inLanguage":"fr-FR","potentialAction":[{"@type":"ReadAction","target":["https:\/\/houseofotoko.com\/product\/padel-tennis-racket-cover\/"]}]},{"@type":"ImageObject","inLanguage":"fr-FR","@id":"https:\/\/houseofotoko.com\/product\/padel-tennis-racket-cover\/#primaryimage","url":"https:\/\/houseofotoko.com\/wp-content\/uploads\/2025\/03\/Padel-racket-cover-Puebco.webp","contentUrl":"https:\/\/houseofotoko.com\/wp-content\/uploads\/2025\/03\/Padel-racket-cover-Puebco.webp","width":600,"height":600,"caption":"Puebco Padel Racket Cover"},{"@type":"BreadcrumbList","@id":"https:\/\/houseofotoko.com\/product\/padel-tennis-racket-cover\/#breadcrumb","itemListElement":[{"@type":"ListItem","position":1,"name":"Home","item":"https:\/\/houseofotoko.com\/"},{"@type":"ListItem","position":2,"name":"Shop","item":"https:\/\/houseofotoko.com\/shop\/"},{"@type":"ListItem","position":3,"name":"Padel Tennis Racket Cover"}]},{"@type":"WebSite","@id":"https:\/\/houseofotoko.com\/#website","url":"https:\/\/houseofotoko.com\/","name":"House of Otoko","description":"","publisher":{"@id":"https:\/\/houseofotoko.com\/#organization"},"potentialAction":[{"@type":"SearchAction","target":{"@type":"EntryPoint","urlTemplate":"https:\/\/houseofotoko.com\/?s={search_term_string}"},"query-input":{"@type":"PropertyValueSpecification","valueRequired":true,"valueName":"search_term_string"}}],"inLanguage":"fr-FR"},{"@type":"Organization","@id":"https:\/\/houseofotoko.com\/#organization","name":"House of Otoko","url":"https:\/\/houseofotoko.com\/","logo":{"@type":"ImageObject","inLanguage":"fr-FR","@id":"https:\/\/houseofotoko.com\/#\/schema\/logo\/image\/","url":"https:\/\/mlfln9ez57ke.i.optimole.com\/w:1123\/h:1038\/q:mauto\/f:best\/ig:avif\/https:\/\/houseofotoko.com\/wp-content\/uploads\/2025\/01\/LOGO-PNG-1.png","contentUrl":"https:\/\/mlfln9ez57ke.i.optimole.com\/w:1123\/h:1038\/q:mauto\/f:best\/ig:avif\/https:\/\/houseofotoko.com\/wp-content\/uploads\/2025\/01\/LOGO-PNG-1.png","width":1123,"height":1038,"caption":"House of Otoko"},"image":{"@id":"https:\/\/houseofotoko.com\/#\/schema\/logo\/image\/"},"sameAs":["https:\/\/www.instagram.com\/houseofotoko\/"]}]}},"_links":{"self":[{"href":"https:\/\/houseofotoko.com\/fr\/wp-json\/wp\/v2\/product\/623","targetHints":{"allow":["GET"]}}],"collection":[{"href":"https:\/\/houseofotoko.com\/fr\/wp-json\/wp\/v2\/product"}],"about":[{"href":"https:\/\/houseofotoko.com\/fr\/wp-json\/wp\/v2\/types\/product"}],"replies":[{"embeddable":true,"href":"https:\/\/houseofotoko.com\/fr\/wp-json\/wp\/v2\/comments?post=623"}],"wp:featuredmedia":[{"embeddable":true,"href":"https:\/\/houseofotoko.com\/fr\/wp-json\/wp\/v2\/media\/624"}],"wp:attachment":[{"href":"https:\/\/houseofotoko.com\/fr\/wp-json\/wp\/v2\/media?parent=623"}],"wp:term":[{"taxonomy":"product_brand","embeddable":true,"href":"https:\/\/houseofotoko.com\/fr\/wp-json\/wp\/v2\/product_brand?post=623"},{"taxonomy":"product_cat","embeddable":true,"href":"https:\/\/houseofotoko.com\/fr\/wp-json\/wp\/v2\/product_cat?post=623"},{"taxonomy":"product_tag","embeddable":true,"href":"https:\/\/houseofotoko.com\/fr\/wp-json\/wp\/v2\/product_tag?post=623"}],"curies":[{"name":"wp","href":"https:\/\/api.w.org\/{rel}","templated":true}]}}