{"id":578,"date":"2025-03-05T12:46:23","date_gmt":"2025-03-05T12:46:23","guid":{"rendered":"https:\/\/houseofotoko.com\/?post_type=product&#038;p=578"},"modified":"2026-01-06T16:49:12","modified_gmt":"2026-01-06T16:49:12","slug":"lantern-star","status":"publish","type":"product","link":"https:\/\/houseofotoko.com\/fr\/produit\/lantern-star\/","title":{"rendered":"\u00c9toile lanterne"},"content":{"rendered":"<p data-start=\"217\" data-end=\"509\">Lantern Star, une lanterne innovante et pratique con\u00e7ue pour s'adapter \u00e0 toutes vos activit\u00e9s en plein air ou \u00e0 la maison. Avec son design moderne et ses fonctionnalit\u00e9s avanc\u00e9es, elle allie \u00e9clairage, confort et technologie pour illuminer vos moments pr\u00e9cieux.<\/p>\n<ul>\n<li data-start=\"1577\" data-end=\"1979\"><em><strong>Couleur : Noir<\/strong><\/em><\/li>\n<li><em><strong>Dimensions : 10 x 31 x 14 cm : 10 x 31 x 14 cm\u00a0<\/strong><\/em><\/li>\n<li><em><strong>Poids : 830g<\/strong><\/em><\/li>\n<li><em><strong>Mat\u00e9riau : ABS\/ PC\/ Aluminium<\/strong><\/em><\/li>\n<li><em><strong>Batterie : Rechargeable 3.7V 10400mAH<\/strong><\/em><\/li>\n<li><em><strong>Puissance lumineuse : LED 500 lumens<\/strong><\/em><\/li>\n<li><em><strong>Autonomie de la batterie : Jusqu'\u00e0 81 heures (mode bas)<\/strong><\/em><\/li>\n<li><em><strong>R\u00e9sistance \u00e0 l'eau : IPX4 (r\u00e9sistant \u00e0 l'eau)<\/strong><\/em><\/li>\n<li><em><strong>Modes : niveaux d'intensit\u00e9 r\u00e9glables et SOS<\/strong><\/em><\/li>\n<li><em><strong>Banque d'\u00e9nergie int\u00e9gr\u00e9e<\/strong><\/em><\/li>\n<li><em><strong>Parfait pour : Survie, utilisation tactique, camping, aventures en plein air, pr\u00e9paration aux situations d'urgence<\/strong><\/em><\/li>\n<li><em><strong>Marque : <a href=\"https:\/\/houseofotoko.com\/product-categorie\/shop\/brands\/lovork\/\">Lovork<\/a><\/strong><\/em><\/li>\n<\/ul>\n<p data-start=\"1981\" data-end=\"2071\">Lorsque vous avez besoin de puissance, de pr\u00e9cision et de fiabilit\u00e9, faites confiance au Lovork Hurricane Evolution.<\/p>","protected":false},"excerpt":{"rendered":"<p>Choisissez la lanterne Star et illuminez vos soir\u00e9es avec style, efficacit\u00e9 et tranquillit\u00e9.<\/p>\n<p>Lantern Star est une centrale \u00e9lectrique con\u00e7ue pour les aventuriers, les professionnels et tous ceux qui ont besoin d'une lumi\u00e8re fiable dans les situations difficiles. <em>Fonction Powerbank int\u00e9gr\u00e9e et mode SOS.<\/em><\/p>","protected":false},"featured_media":586,"comment_status":"open","ping_status":"closed","template":"","meta":{"neve_meta_sidebar":"","neve_meta_container":"","neve_meta_enable_content_width":"off","neve_meta_content_width":100,"neve_meta_title_alignment":"","neve_meta_author_avatar":"","neve_post_elements_order":"","neve_meta_disable_header":"","neve_meta_disable_footer":"","neve_meta_disable_title":"","neve_meta_reading_time":"","_themeisle_gutenberg_block_has_review":false,"neve_tabs_data":"","neve_override_tab_layout":""},"product_brand":[207],"product_cat":[16,50,49,51,22,75,25,146,46],"product_tag":[77,76,78],"class_list":{"0":"post-578","1":"product","2":"type-product","3":"status-publish","4":"has-post-thumbnail","6":"product_brand-lovork","7":"product_cat-all","8":"product_cat-camping","9":"product_cat-garden","10":"product_cat-lighting","11":"product_cat-living","12":"product_cat-lovork","13":"product_cat-outdoor","14":"product_cat-uitgelicht","15":"product_cat-usefull","16":"product_tag-lamp","17":"product_tag-lantern","18":"product_tag-powerbank","19":"product_shipping_class-standard-package","21":"first","22":"instock","23":"taxable","24":"shipping-taxable","25":"purchasable","26":"product-type-simple"},"yoast_head":"<!-- This site is optimized with the Yoast SEO plugin v27.4 - https:\/\/yoast.com\/product\/yoast-seo-wordpress\/ -->\n<title>Lantern Star - House of Otoko<\/title>\n<meta name=\"description\" content=\"Choose the Star Lantern and light up your evenings with style, efficiency and tranquility. Built in Powerbank Function and SOS mode.\" \/>\n<meta name=\"robots\" content=\"index, follow, max-snippet:-1, max-image-preview:large, max-video-preview:-1\" \/>\n<link rel=\"canonical\" href=\"https:\/\/houseofotoko.com\/fr\/produit\/lantern-star\/\" \/>\n<meta property=\"og:locale\" content=\"fr_FR\" \/>\n<meta property=\"og:type\" content=\"article\" \/>\n<meta property=\"og:title\" content=\"Lantern Star - House of Otoko\" \/>\n<meta property=\"og:description\" content=\"Choose the Star Lantern and light up your evenings with style, efficiency and tranquility. Built in Powerbank Function and SOS mode.\" \/>\n<meta property=\"og:url\" content=\"https:\/\/houseofotoko.com\/fr\/produit\/lantern-star\/\" \/>\n<meta property=\"og:site_name\" content=\"House of Otoko\" \/>\n<meta property=\"article:modified_time\" content=\"2026-01-06T16:49:12+00:00\" \/>\n<meta property=\"og:image\" content=\"https:\/\/houseofotoko.com\/wp-content\/uploads\/2025\/03\/Lantern-Star-5-1.webp\" \/>\n\t<meta property=\"og:image:width\" content=\"600\" \/>\n\t<meta property=\"og:image:height\" content=\"600\" \/>\n\t<meta property=\"og:image:type\" content=\"image\/webp\" \/>\n<meta name=\"twitter:card\" content=\"summary_large_image\" \/>\n<meta name=\"twitter:label1\" content=\"Dur\u00e9e de lecture estim\u00e9e\" \/>\n\t<meta name=\"twitter:data1\" content=\"1 minute\" \/>\n<script type=\"application\/ld+json\" class=\"yoast-schema-graph\">{\"@context\":\"https:\\\/\\\/schema.org\",\"@graph\":[{\"@type\":\"WebPage\",\"@id\":\"https:\\\/\\\/houseofotoko.com\\\/product\\\/lantern-star\\\/\",\"url\":\"https:\\\/\\\/houseofotoko.com\\\/product\\\/lantern-star\\\/\",\"name\":\"Lantern Star - House of Otoko\",\"isPartOf\":{\"@id\":\"https:\\\/\\\/houseofotoko.com\\\/#website\"},\"primaryImageOfPage\":{\"@id\":\"https:\\\/\\\/houseofotoko.com\\\/product\\\/lantern-star\\\/#primaryimage\"},\"image\":{\"@id\":\"https:\\\/\\\/houseofotoko.com\\\/product\\\/lantern-star\\\/#primaryimage\"},\"thumbnailUrl\":\"https:\\\/\\\/houseofotoko.com\\\/wp-content\\\/uploads\\\/2025\\\/03\\\/Lantern-Star-5-1.webp\",\"datePublished\":\"2025-03-05T12:46:23+00:00\",\"dateModified\":\"2026-01-06T16:49:12+00:00\",\"description\":\"Choose the Star Lantern and light up your evenings with style, efficiency and tranquility. Built in Powerbank Function and SOS mode.\",\"breadcrumb\":{\"@id\":\"https:\\\/\\\/houseofotoko.com\\\/product\\\/lantern-star\\\/#breadcrumb\"},\"inLanguage\":\"fr-FR\",\"potentialAction\":[{\"@type\":\"ReadAction\",\"target\":[\"https:\\\/\\\/houseofotoko.com\\\/product\\\/lantern-star\\\/\"]}]},{\"@type\":\"ImageObject\",\"inLanguage\":\"fr-FR\",\"@id\":\"https:\\\/\\\/houseofotoko.com\\\/product\\\/lantern-star\\\/#primaryimage\",\"url\":\"https:\\\/\\\/houseofotoko.com\\\/wp-content\\\/uploads\\\/2025\\\/03\\\/Lantern-Star-5-1.webp\",\"contentUrl\":\"https:\\\/\\\/houseofotoko.com\\\/wp-content\\\/uploads\\\/2025\\\/03\\\/Lantern-Star-5-1.webp\",\"width\":600,\"height\":600,\"caption\":\"Lovork Lantern Star; Outdoor gear; House of Otoko\"},{\"@type\":\"BreadcrumbList\",\"@id\":\"https:\\\/\\\/houseofotoko.com\\\/product\\\/lantern-star\\\/#breadcrumb\",\"itemListElement\":[{\"@type\":\"ListItem\",\"position\":1,\"name\":\"Home\",\"item\":\"https:\\\/\\\/houseofotoko.com\\\/\"},{\"@type\":\"ListItem\",\"position\":2,\"name\":\"Shop\",\"item\":\"https:\\\/\\\/houseofotoko.com\\\/shop\\\/\"},{\"@type\":\"ListItem\",\"position\":3,\"name\":\"Lantern Star\"}]},{\"@type\":\"WebSite\",\"@id\":\"https:\\\/\\\/houseofotoko.com\\\/#website\",\"url\":\"https:\\\/\\\/houseofotoko.com\\\/\",\"name\":\"House of Otoko\",\"description\":\"\",\"publisher\":{\"@id\":\"https:\\\/\\\/houseofotoko.com\\\/#organization\"},\"potentialAction\":[{\"@type\":\"SearchAction\",\"target\":{\"@type\":\"EntryPoint\",\"urlTemplate\":\"https:\\\/\\\/houseofotoko.com\\\/?s={search_term_string}\"},\"query-input\":{\"@type\":\"PropertyValueSpecification\",\"valueRequired\":true,\"valueName\":\"search_term_string\"}}],\"inLanguage\":\"fr-FR\"},{\"@type\":\"Organization\",\"@id\":\"https:\\\/\\\/houseofotoko.com\\\/#organization\",\"name\":\"House of Otoko\",\"url\":\"https:\\\/\\\/houseofotoko.com\\\/\",\"logo\":{\"@type\":\"ImageObject\",\"inLanguage\":\"fr-FR\",\"@id\":\"https:\\\/\\\/houseofotoko.com\\\/#\\\/schema\\\/logo\\\/image\\\/\",\"url\":\"https:\\\/\\\/mlfln9ez57ke.i.optimole.com\\\/w:1123\\\/h:1038\\\/q:mauto\\\/f:best\\\/ig:avif\\\/https:\\\/\\\/houseofotoko.com\\\/wp-content\\\/uploads\\\/2025\\\/01\\\/LOGO-PNG-1.png\",\"contentUrl\":\"https:\\\/\\\/mlfln9ez57ke.i.optimole.com\\\/w:1123\\\/h:1038\\\/q:mauto\\\/f:best\\\/ig:avif\\\/https:\\\/\\\/houseofotoko.com\\\/wp-content\\\/uploads\\\/2025\\\/01\\\/LOGO-PNG-1.png\",\"width\":1123,\"height\":1038,\"caption\":\"House of Otoko\"},\"image\":{\"@id\":\"https:\\\/\\\/houseofotoko.com\\\/#\\\/schema\\\/logo\\\/image\\\/\"},\"sameAs\":[\"https:\\\/\\\/www.instagram.com\\\/houseofotoko\\\/\"]}]}<\/script>\n<!-- \/ Yoast SEO plugin. -->","yoast_head_json":{"title":"Lanterne \u00c9toile - Maison Otoko","description":"Choisissez la Lanterne \u00c9toile et illuminez vos soir\u00e9es avec style, efficacit\u00e9 et tranquillit\u00e9. Fonction Powerbank int\u00e9gr\u00e9e et mode SOS.","robots":{"index":"index","follow":"follow","max-snippet":"max-snippet:-1","max-image-preview":"max-image-preview:large","max-video-preview":"max-video-preview:-1"},"canonical":"https:\/\/houseofotoko.com\/fr\/produit\/lantern-star\/","og_locale":"fr_FR","og_type":"article","og_title":"Lantern Star - House of Otoko","og_description":"Choose the Star Lantern and light up your evenings with style, efficiency and tranquility. Built in Powerbank Function and SOS mode.","og_url":"https:\/\/houseofotoko.com\/fr\/produit\/lantern-star\/","og_site_name":"House of Otoko","article_modified_time":"2026-01-06T16:49:12+00:00","og_image":[{"width":600,"height":600,"url":"https:\/\/houseofotoko.com\/wp-content\/uploads\/2025\/03\/Lantern-Star-5-1.webp","type":"image\/webp"}],"twitter_card":"summary_large_image","twitter_misc":{"Dur\u00e9e de lecture estim\u00e9e":"1 minute"},"schema":{"@context":"https:\/\/schema.org","@graph":[{"@type":"WebPage","@id":"https:\/\/houseofotoko.com\/product\/lantern-star\/","url":"https:\/\/houseofotoko.com\/product\/lantern-star\/","name":"Lanterne \u00c9toile - Maison Otoko","isPartOf":{"@id":"https:\/\/houseofotoko.com\/#website"},"primaryImageOfPage":{"@id":"https:\/\/houseofotoko.com\/product\/lantern-star\/#primaryimage"},"image":{"@id":"https:\/\/houseofotoko.com\/product\/lantern-star\/#primaryimage"},"thumbnailUrl":"https:\/\/houseofotoko.com\/wp-content\/uploads\/2025\/03\/Lantern-Star-5-1.webp","datePublished":"2025-03-05T12:46:23+00:00","dateModified":"2026-01-06T16:49:12+00:00","description":"Choisissez la Lanterne \u00c9toile et illuminez vos soir\u00e9es avec style, efficacit\u00e9 et tranquillit\u00e9. Fonction Powerbank int\u00e9gr\u00e9e et mode SOS.","breadcrumb":{"@id":"https:\/\/houseofotoko.com\/product\/lantern-star\/#breadcrumb"},"inLanguage":"fr-FR","potentialAction":[{"@type":"ReadAction","target":["https:\/\/houseofotoko.com\/product\/lantern-star\/"]}]},{"@type":"ImageObject","inLanguage":"fr-FR","@id":"https:\/\/houseofotoko.com\/product\/lantern-star\/#primaryimage","url":"https:\/\/houseofotoko.com\/wp-content\/uploads\/2025\/03\/Lantern-Star-5-1.webp","contentUrl":"https:\/\/houseofotoko.com\/wp-content\/uploads\/2025\/03\/Lantern-Star-5-1.webp","width":600,"height":600,"caption":"Lovork Lantern Star; Outdoor gear; House of Otoko"},{"@type":"BreadcrumbList","@id":"https:\/\/houseofotoko.com\/product\/lantern-star\/#breadcrumb","itemListElement":[{"@type":"ListItem","position":1,"name":"Home","item":"https:\/\/houseofotoko.com\/"},{"@type":"ListItem","position":2,"name":"Shop","item":"https:\/\/houseofotoko.com\/shop\/"},{"@type":"ListItem","position":3,"name":"Lantern Star"}]},{"@type":"WebSite","@id":"https:\/\/houseofotoko.com\/#website","url":"https:\/\/houseofotoko.com\/","name":"House of Otoko","description":"","publisher":{"@id":"https:\/\/houseofotoko.com\/#organization"},"potentialAction":[{"@type":"SearchAction","target":{"@type":"EntryPoint","urlTemplate":"https:\/\/houseofotoko.com\/?s={search_term_string}"},"query-input":{"@type":"PropertyValueSpecification","valueRequired":true,"valueName":"search_term_string"}}],"inLanguage":"fr-FR"},{"@type":"Organization","@id":"https:\/\/houseofotoko.com\/#organization","name":"House of Otoko","url":"https:\/\/houseofotoko.com\/","logo":{"@type":"ImageObject","inLanguage":"fr-FR","@id":"https:\/\/houseofotoko.com\/#\/schema\/logo\/image\/","url":"https:\/\/mlfln9ez57ke.i.optimole.com\/w:1123\/h:1038\/q:mauto\/f:best\/ig:avif\/https:\/\/houseofotoko.com\/wp-content\/uploads\/2025\/01\/LOGO-PNG-1.png","contentUrl":"https:\/\/mlfln9ez57ke.i.optimole.com\/w:1123\/h:1038\/q:mauto\/f:best\/ig:avif\/https:\/\/houseofotoko.com\/wp-content\/uploads\/2025\/01\/LOGO-PNG-1.png","width":1123,"height":1038,"caption":"House of Otoko"},"image":{"@id":"https:\/\/houseofotoko.com\/#\/schema\/logo\/image\/"},"sameAs":["https:\/\/www.instagram.com\/houseofotoko\/"]}]}},"_links":{"self":[{"href":"https:\/\/houseofotoko.com\/fr\/wp-json\/wp\/v2\/product\/578","targetHints":{"allow":["GET"]}}],"collection":[{"href":"https:\/\/houseofotoko.com\/fr\/wp-json\/wp\/v2\/product"}],"about":[{"href":"https:\/\/houseofotoko.com\/fr\/wp-json\/wp\/v2\/types\/product"}],"replies":[{"embeddable":true,"href":"https:\/\/houseofotoko.com\/fr\/wp-json\/wp\/v2\/comments?post=578"}],"wp:featuredmedia":[{"embeddable":true,"href":"https:\/\/houseofotoko.com\/fr\/wp-json\/wp\/v2\/media\/586"}],"wp:attachment":[{"href":"https:\/\/houseofotoko.com\/fr\/wp-json\/wp\/v2\/media?parent=578"}],"wp:term":[{"taxonomy":"product_brand","embeddable":true,"href":"https:\/\/houseofotoko.com\/fr\/wp-json\/wp\/v2\/product_brand?post=578"},{"taxonomy":"product_cat","embeddable":true,"href":"https:\/\/houseofotoko.com\/fr\/wp-json\/wp\/v2\/product_cat?post=578"},{"taxonomy":"product_tag","embeddable":true,"href":"https:\/\/houseofotoko.com\/fr\/wp-json\/wp\/v2\/product_tag?post=578"}],"curies":[{"name":"wp","href":"https:\/\/api.w.org\/{rel}","templated":true}]}}