{"id":539,"date":"2025-02-28T13:19:03","date_gmt":"2025-02-28T13:19:03","guid":{"rendered":"https:\/\/houseofotoko.com\/?post_type=product&#038;p=539"},"modified":"2026-01-06T16:40:17","modified_gmt":"2026-01-06T16:40:17","slug":"coat-hook-wood","status":"publish","type":"product","link":"https:\/\/houseofotoko.com\/fr\/produit\/coat-hook-wood\/","title":{"rendered":"Pat\u00e8re en bois"},"content":{"rendered":"<p data-start=\"1246\" data-end=\"1466\">La pat\u00e8re en bois et laiton rehausse votre int\u00e9rieur gr\u00e2ce \u00e0 sa robustesse, sa fonctionnalit\u00e9 et son charme naturel. Les tons chauds et les grains uniques du bois d'acacia, combin\u00e9s aux boulons papillon en laiton, en font un compl\u00e9ment parfait pour les int\u00e9rieurs modernes et classiques. Que vous cherchiez \u00e0 embellir votre couloir, votre chambre ou votre bureau, ce crochet ajoute une touche d'\u00e9l\u00e9gance robuste.<\/p>\n<ul data-start=\"1486\" data-end=\"1755\">\n<li data-start=\"1486\" data-end=\"1598\"><em><strong>Mat\u00e9riau : bois d'acacia et boulons papillon en laiton<\/strong><\/em><\/li>\n<li data-start=\"1599\" data-end=\"1679\"><em><strong>Dimensions : 15 x 10 x 3 cm : 15 x 10 x 3 cm<\/strong><\/em><\/li>\n<li data-start=\"1680\" data-end=\"1729\"><em><strong>Poids : 175 grammes<\/strong><\/em><\/li>\n<li data-start=\"1403\" data-end=\"1442\"><em><strong>Marque : <a href=\"https:\/\/houseofotoko.com\/product-categorie\/shop\/brands\/brut-homeware\/\">Br\u00fbt<\/a><\/strong><\/em><\/li>\n<\/ul>\n<p data-start=\"1444\" data-end=\"1647\">","protected":false},"excerpt":{"rendered":"<p>La pat\u00e8re Bois et laiton rehausse votre int\u00e9rieur avec ses tons chauds et les grains uniques du bois d'acacia, combin\u00e9s avec les boulons papillon en laiton.<\/p>","protected":false},"featured_media":547,"comment_status":"open","ping_status":"closed","template":"","meta":{"neve_meta_sidebar":"","neve_meta_container":"","neve_meta_enable_content_width":"off","neve_meta_content_width":100,"neve_meta_title_alignment":"","neve_meta_author_avatar":"","neve_post_elements_order":"","neve_meta_disable_header":"","neve_meta_disable_footer":"","neve_meta_disable_title":"","neve_meta_reading_time":"","_themeisle_gutenberg_block_has_review":false,"neve_tabs_data":"","neve_override_tab_layout":""},"product_brand":[126],"product_cat":[16,62,40,22,45],"product_tag":[68,63,67],"class_list":{"0":"post-539","1":"product","2":"type-product","3":"status-publish","4":"has-post-thumbnail","6":"product_brand-brut-homeware","7":"product_cat-all","8":"product_cat-brut-homeware","9":"product_cat-home-decor","10":"product_cat-living","11":"product_cat-storage","12":"product_tag-brass","13":"product_tag-hook","14":"product_tag-wood","15":"product_shipping_class-standard-package","17":"first","18":"instock","19":"taxable","20":"shipping-taxable","21":"purchasable","22":"product-type-simple"},"yoast_head":"<!-- This site is optimized with the Yoast SEO plugin v27.4 - https:\/\/yoast.com\/product\/yoast-seo-wordpress\/ -->\n<title>Coat Hook Wood - House of Otoko<\/title>\n<meta name=\"description\" content=\"Coat Hook Wood and Brass elevates your interior with his warm tones and unique grains of acacia wood, combined with the striking brass butterfly bolts.\" \/>\n<meta name=\"robots\" content=\"index, follow, max-snippet:-1, max-image-preview:large, max-video-preview:-1\" \/>\n<link rel=\"canonical\" href=\"https:\/\/houseofotoko.com\/fr\/produit\/coat-hook-wood\/\" \/>\n<meta property=\"og:locale\" content=\"fr_FR\" \/>\n<meta property=\"og:type\" content=\"article\" \/>\n<meta property=\"og:title\" content=\"Coat Hook Wood - House of Otoko\" \/>\n<meta property=\"og:description\" content=\"Coat Hook Wood and Brass elevates your interior with his warm tones and unique grains of acacia wood, combined with the striking brass butterfly bolts.\" \/>\n<meta property=\"og:url\" content=\"https:\/\/houseofotoko.com\/fr\/produit\/coat-hook-wood\/\" \/>\n<meta property=\"og:site_name\" content=\"House of Otoko\" \/>\n<meta property=\"article:modified_time\" content=\"2026-01-06T16:40:17+00:00\" \/>\n<meta property=\"og:image\" content=\"https:\/\/houseofotoko.com\/wp-content\/uploads\/2025\/02\/Hook-wood-4.webp\" \/>\n\t<meta property=\"og:image:width\" content=\"600\" \/>\n\t<meta property=\"og:image:height\" content=\"600\" \/>\n\t<meta property=\"og:image:type\" content=\"image\/webp\" \/>\n<meta name=\"twitter:card\" content=\"summary_large_image\" \/>\n<meta name=\"twitter:label1\" content=\"Dur\u00e9e de lecture estim\u00e9e\" \/>\n\t<meta name=\"twitter:data1\" content=\"1 minute\" \/>\n<script type=\"application\/ld+json\" class=\"yoast-schema-graph\">{\"@context\":\"https:\\\/\\\/schema.org\",\"@graph\":[{\"@type\":\"WebPage\",\"@id\":\"https:\\\/\\\/houseofotoko.com\\\/product\\\/coat-hook-wood\\\/\",\"url\":\"https:\\\/\\\/houseofotoko.com\\\/product\\\/coat-hook-wood\\\/\",\"name\":\"Coat Hook Wood - House of Otoko\",\"isPartOf\":{\"@id\":\"https:\\\/\\\/houseofotoko.com\\\/#website\"},\"primaryImageOfPage\":{\"@id\":\"https:\\\/\\\/houseofotoko.com\\\/product\\\/coat-hook-wood\\\/#primaryimage\"},\"image\":{\"@id\":\"https:\\\/\\\/houseofotoko.com\\\/product\\\/coat-hook-wood\\\/#primaryimage\"},\"thumbnailUrl\":\"https:\\\/\\\/houseofotoko.com\\\/wp-content\\\/uploads\\\/2025\\\/02\\\/Hook-wood-4.webp\",\"datePublished\":\"2025-02-28T13:19:03+00:00\",\"dateModified\":\"2026-01-06T16:40:17+00:00\",\"description\":\"Coat Hook Wood and Brass elevates your interior with his warm tones and unique grains of acacia wood, combined with the striking brass butterfly bolts.\",\"breadcrumb\":{\"@id\":\"https:\\\/\\\/houseofotoko.com\\\/product\\\/coat-hook-wood\\\/#breadcrumb\"},\"inLanguage\":\"fr-FR\",\"potentialAction\":[{\"@type\":\"ReadAction\",\"target\":[\"https:\\\/\\\/houseofotoko.com\\\/product\\\/coat-hook-wood\\\/\"]}]},{\"@type\":\"ImageObject\",\"inLanguage\":\"fr-FR\",\"@id\":\"https:\\\/\\\/houseofotoko.com\\\/product\\\/coat-hook-wood\\\/#primaryimage\",\"url\":\"https:\\\/\\\/houseofotoko.com\\\/wp-content\\\/uploads\\\/2025\\\/02\\\/Hook-wood-4.webp\",\"contentUrl\":\"https:\\\/\\\/houseofotoko.com\\\/wp-content\\\/uploads\\\/2025\\\/02\\\/Hook-wood-4.webp\",\"width\":600,\"height\":600,\"caption\":\"Br\u00fbt Homeware; Home accessories for men\"},{\"@type\":\"BreadcrumbList\",\"@id\":\"https:\\\/\\\/houseofotoko.com\\\/product\\\/coat-hook-wood\\\/#breadcrumb\",\"itemListElement\":[{\"@type\":\"ListItem\",\"position\":1,\"name\":\"Home\",\"item\":\"https:\\\/\\\/houseofotoko.com\\\/\"},{\"@type\":\"ListItem\",\"position\":2,\"name\":\"Shop\",\"item\":\"https:\\\/\\\/houseofotoko.com\\\/shop\\\/\"},{\"@type\":\"ListItem\",\"position\":3,\"name\":\"Coat Hook Wood\"}]},{\"@type\":\"WebSite\",\"@id\":\"https:\\\/\\\/houseofotoko.com\\\/#website\",\"url\":\"https:\\\/\\\/houseofotoko.com\\\/\",\"name\":\"House of Otoko\",\"description\":\"\",\"publisher\":{\"@id\":\"https:\\\/\\\/houseofotoko.com\\\/#organization\"},\"potentialAction\":[{\"@type\":\"SearchAction\",\"target\":{\"@type\":\"EntryPoint\",\"urlTemplate\":\"https:\\\/\\\/houseofotoko.com\\\/?s={search_term_string}\"},\"query-input\":{\"@type\":\"PropertyValueSpecification\",\"valueRequired\":true,\"valueName\":\"search_term_string\"}}],\"inLanguage\":\"fr-FR\"},{\"@type\":\"Organization\",\"@id\":\"https:\\\/\\\/houseofotoko.com\\\/#organization\",\"name\":\"House of Otoko\",\"url\":\"https:\\\/\\\/houseofotoko.com\\\/\",\"logo\":{\"@type\":\"ImageObject\",\"inLanguage\":\"fr-FR\",\"@id\":\"https:\\\/\\\/houseofotoko.com\\\/#\\\/schema\\\/logo\\\/image\\\/\",\"url\":\"https:\\\/\\\/mlfln9ez57ke.i.optimole.com\\\/w:1123\\\/h:1038\\\/q:mauto\\\/f:best\\\/ig:avif\\\/https:\\\/\\\/houseofotoko.com\\\/wp-content\\\/uploads\\\/2025\\\/01\\\/LOGO-PNG-1.png\",\"contentUrl\":\"https:\\\/\\\/mlfln9ez57ke.i.optimole.com\\\/w:1123\\\/h:1038\\\/q:mauto\\\/f:best\\\/ig:avif\\\/https:\\\/\\\/houseofotoko.com\\\/wp-content\\\/uploads\\\/2025\\\/01\\\/LOGO-PNG-1.png\",\"width\":1123,\"height\":1038,\"caption\":\"House of Otoko\"},\"image\":{\"@id\":\"https:\\\/\\\/houseofotoko.com\\\/#\\\/schema\\\/logo\\\/image\\\/\"},\"sameAs\":[\"https:\\\/\\\/www.instagram.com\\\/houseofotoko\\\/\"]}]}<\/script>\n<!-- \/ Yoast SEO plugin. -->","yoast_head_json":{"title":"Coat Hook Wood - House of Otoko","description":"La pat\u00e8re Bois et laiton rehausse votre int\u00e9rieur avec ses tons chauds et les grains uniques du bois d'acacia, combin\u00e9s avec les boulons papillon en laiton.","robots":{"index":"index","follow":"follow","max-snippet":"max-snippet:-1","max-image-preview":"max-image-preview:large","max-video-preview":"max-video-preview:-1"},"canonical":"https:\/\/houseofotoko.com\/fr\/produit\/coat-hook-wood\/","og_locale":"fr_FR","og_type":"article","og_title":"Coat Hook Wood - House of Otoko","og_description":"Coat Hook Wood and Brass elevates your interior with his warm tones and unique grains of acacia wood, combined with the striking brass butterfly bolts.","og_url":"https:\/\/houseofotoko.com\/fr\/produit\/coat-hook-wood\/","og_site_name":"House of Otoko","article_modified_time":"2026-01-06T16:40:17+00:00","og_image":[{"width":600,"height":600,"url":"https:\/\/houseofotoko.com\/wp-content\/uploads\/2025\/02\/Hook-wood-4.webp","type":"image\/webp"}],"twitter_card":"summary_large_image","twitter_misc":{"Dur\u00e9e de lecture estim\u00e9e":"1 minute"},"schema":{"@context":"https:\/\/schema.org","@graph":[{"@type":"WebPage","@id":"https:\/\/houseofotoko.com\/product\/coat-hook-wood\/","url":"https:\/\/houseofotoko.com\/product\/coat-hook-wood\/","name":"Coat Hook Wood - House of Otoko","isPartOf":{"@id":"https:\/\/houseofotoko.com\/#website"},"primaryImageOfPage":{"@id":"https:\/\/houseofotoko.com\/product\/coat-hook-wood\/#primaryimage"},"image":{"@id":"https:\/\/houseofotoko.com\/product\/coat-hook-wood\/#primaryimage"},"thumbnailUrl":"https:\/\/houseofotoko.com\/wp-content\/uploads\/2025\/02\/Hook-wood-4.webp","datePublished":"2025-02-28T13:19:03+00:00","dateModified":"2026-01-06T16:40:17+00:00","description":"La pat\u00e8re Bois et laiton rehausse votre int\u00e9rieur avec ses tons chauds et les grains uniques du bois d'acacia, combin\u00e9s avec les boulons papillon en laiton.","breadcrumb":{"@id":"https:\/\/houseofotoko.com\/product\/coat-hook-wood\/#breadcrumb"},"inLanguage":"fr-FR","potentialAction":[{"@type":"ReadAction","target":["https:\/\/houseofotoko.com\/product\/coat-hook-wood\/"]}]},{"@type":"ImageObject","inLanguage":"fr-FR","@id":"https:\/\/houseofotoko.com\/product\/coat-hook-wood\/#primaryimage","url":"https:\/\/houseofotoko.com\/wp-content\/uploads\/2025\/02\/Hook-wood-4.webp","contentUrl":"https:\/\/houseofotoko.com\/wp-content\/uploads\/2025\/02\/Hook-wood-4.webp","width":600,"height":600,"caption":"Br\u00fbt Homeware; Home accessories for men"},{"@type":"BreadcrumbList","@id":"https:\/\/houseofotoko.com\/product\/coat-hook-wood\/#breadcrumb","itemListElement":[{"@type":"ListItem","position":1,"name":"Home","item":"https:\/\/houseofotoko.com\/"},{"@type":"ListItem","position":2,"name":"Shop","item":"https:\/\/houseofotoko.com\/shop\/"},{"@type":"ListItem","position":3,"name":"Coat Hook Wood"}]},{"@type":"WebSite","@id":"https:\/\/houseofotoko.com\/#website","url":"https:\/\/houseofotoko.com\/","name":"House of Otoko","description":"","publisher":{"@id":"https:\/\/houseofotoko.com\/#organization"},"potentialAction":[{"@type":"SearchAction","target":{"@type":"EntryPoint","urlTemplate":"https:\/\/houseofotoko.com\/?s={search_term_string}"},"query-input":{"@type":"PropertyValueSpecification","valueRequired":true,"valueName":"search_term_string"}}],"inLanguage":"fr-FR"},{"@type":"Organization","@id":"https:\/\/houseofotoko.com\/#organization","name":"House of Otoko","url":"https:\/\/houseofotoko.com\/","logo":{"@type":"ImageObject","inLanguage":"fr-FR","@id":"https:\/\/houseofotoko.com\/#\/schema\/logo\/image\/","url":"https:\/\/mlfln9ez57ke.i.optimole.com\/w:1123\/h:1038\/q:mauto\/f:best\/ig:avif\/https:\/\/houseofotoko.com\/wp-content\/uploads\/2025\/01\/LOGO-PNG-1.png","contentUrl":"https:\/\/mlfln9ez57ke.i.optimole.com\/w:1123\/h:1038\/q:mauto\/f:best\/ig:avif\/https:\/\/houseofotoko.com\/wp-content\/uploads\/2025\/01\/LOGO-PNG-1.png","width":1123,"height":1038,"caption":"House of Otoko"},"image":{"@id":"https:\/\/houseofotoko.com\/#\/schema\/logo\/image\/"},"sameAs":["https:\/\/www.instagram.com\/houseofotoko\/"]}]}},"_links":{"self":[{"href":"https:\/\/houseofotoko.com\/fr\/wp-json\/wp\/v2\/product\/539","targetHints":{"allow":["GET"]}}],"collection":[{"href":"https:\/\/houseofotoko.com\/fr\/wp-json\/wp\/v2\/product"}],"about":[{"href":"https:\/\/houseofotoko.com\/fr\/wp-json\/wp\/v2\/types\/product"}],"replies":[{"embeddable":true,"href":"https:\/\/houseofotoko.com\/fr\/wp-json\/wp\/v2\/comments?post=539"}],"wp:featuredmedia":[{"embeddable":true,"href":"https:\/\/houseofotoko.com\/fr\/wp-json\/wp\/v2\/media\/547"}],"wp:attachment":[{"href":"https:\/\/houseofotoko.com\/fr\/wp-json\/wp\/v2\/media?parent=539"}],"wp:term":[{"taxonomy":"product_brand","embeddable":true,"href":"https:\/\/houseofotoko.com\/fr\/wp-json\/wp\/v2\/product_brand?post=539"},{"taxonomy":"product_cat","embeddable":true,"href":"https:\/\/houseofotoko.com\/fr\/wp-json\/wp\/v2\/product_cat?post=539"},{"taxonomy":"product_tag","embeddable":true,"href":"https:\/\/houseofotoko.com\/fr\/wp-json\/wp\/v2\/product_tag?post=539"}],"curies":[{"name":"wp","href":"https:\/\/api.w.org\/{rel}","templated":true}]}}