{"id":517,"date":"2025-02-14T13:37:14","date_gmt":"2025-02-14T13:37:14","guid":{"rendered":"https:\/\/houseofotoko.com\/?post_type=product&#038;p=517"},"modified":"2025-06-09T15:24:45","modified_gmt":"2025-06-09T15:24:45","slug":"ribbed-cappuccino-mug-anthracite","status":"publish","type":"product","link":"https:\/\/houseofotoko.com\/fr\/produit\/ribbed-cappuccino-mug-anthracite\/","title":{"rendered":"Mug Cappuccino c\u00f4tel\u00e9 Anthracite"},"content":{"rendered":"<p data-start=\"0\" data-end=\"266\">Pr\u00e9sentation de la <strong data-start=\"16\" data-end=\"52\">Mug Cappuccino c\u00f4tel\u00e9<\/strong> en Anthracite est un compagnon robuste pour votre boisson quotidienne. Cette tasse en gr\u00e8s pr\u00e9sente un ext\u00e9rieur c\u00f4tel\u00e9 mat et non \u00e9maill\u00e9 qui d\u00e9gage un charme robuste, tandis que son int\u00e9rieur \u00e9maill\u00e9 garantit une exp\u00e9rience de d\u00e9gustation en douceur.<\/p>\n<p><strong>Sp\u00e9cificit\u00e9s :<\/strong><\/p>\n<ul data-start=\"287\" data-end=\"447\">\n<li data-start=\"287\" data-end=\"325\"><em><strong data-start=\"289\" data-end=\"302\">Mat\u00e9riau :<\/strong> Gr\u00e8s de haute qualit\u00e9<\/em><\/li>\n<li data-start=\"326\" data-end=\"349\"><em><strong data-start=\"328\" data-end=\"338\">Couleur :<\/strong> Anthracite<\/em><\/li>\n<li data-start=\"350\" data-end=\"396\"><em><strong data-start=\"352\" data-end=\"367\">Dimensions :<\/strong> Diam\u00e8tre : 8 cm ; hauteur : 6 cm<\/em><\/li>\n<li data-start=\"397\" data-end=\"419\"><em><strong data-start=\"399\" data-end=\"412\">Capacit\u00e9 :<\/strong> 120 ml<\/em><\/li>\n<li data-start=\"420\" data-end=\"447\"><em><strong data-start=\"422\" data-end=\"431\">Soins :<\/strong> Lavable au lave-vaisselle<\/em><\/li>\n<li data-start=\"420\" data-end=\"447\"><em><strong>Marque :<\/strong> <a href=\"https:\/\/houseofotoko.com\/product-categorie\/shop\/brands\/archive-studio\/\">Studio d'archivage<\/a><\/em><\/li>\n<\/ul>\n<hr \/>\n<p data-start=\"449\" data-end=\"717\">Fabriqu\u00e9s avec pr\u00e9cision, les pigments de couleur sont m\u00e9lang\u00e9s \u00e0 l'argile liquide d\u00e8s le d\u00e9part, ce qui garantit une teinte homog\u00e8ne \u00e0 l'int\u00e9rieur comme \u00e0 l'ext\u00e9rieur. L'ext\u00e9rieur c\u00f4tel\u00e9 mat et non \u00e9maill\u00e9 offre une bonne prise en main et ajoute une touche d'\u00e9l\u00e9gance masculine \u00e0 votre rituel du caf\u00e9.<\/p>\n<hr \/>\n<p data-start=\"719\" data-end=\"888\">","protected":false},"excerpt":{"rendered":"<p>La tasse \u00e0 cappuccino nervur\u00e9e Anthracite est con\u00e7ue pour r\u00e9sister aux rigueurs d'une utilisation quotidienne, cette tasse est aussi durable qu'\u00e9l\u00e9gante. Cette tasse vous permettra d'am\u00e9liorer votre exp\u00e9rience du caf\u00e9.<\/p>","protected":false},"featured_media":1102,"comment_status":"open","ping_status":"closed","template":"","meta":{"neve_meta_sidebar":"","neve_meta_container":"","neve_meta_enable_content_width":"off","neve_meta_content_width":100,"neve_meta_title_alignment":"","neve_meta_author_avatar":"","neve_post_elements_order":"","neve_meta_disable_header":"","neve_meta_disable_footer":"","neve_meta_disable_title":"","neve_meta_reading_time":"","_themeisle_gutenberg_block_has_review":false,"neve_tabs_data":"","neve_override_tab_layout":""},"product_brand":[177],"product_cat":[16,58,52,42,146],"product_tag":[180,179,178],"class_list":{"0":"post-517","1":"product","2":"type-product","3":"status-publish","4":"has-post-thumbnail","6":"product_brand-archive-studio","7":"product_cat-all","8":"product_cat-archive-studio","9":"product_cat-glassware_bar","10":"product_cat-kitchen_dining","11":"product_cat-uitgelicht","12":"product_tag-anthracite","13":"product_tag-cappuccino","14":"product_tag-ribbed","15":"product_shipping_class-standard-package","17":"first","18":"instock","19":"taxable","20":"shipping-taxable","21":"purchasable","22":"product-type-simple"},"yoast_head":"<!-- This site is optimized with the Yoast SEO plugin v27.4 - https:\/\/yoast.com\/product\/yoast-seo-wordpress\/ -->\n<title>Ribbed Cappuccino Mug Anthracite - House of Otoko<\/title>\n<meta name=\"description\" content=\"Ribbed Cappuccino Mug Anthracite is built to withstand the rigors of daily use, this mug is as durable as it is stylish. Elevate your coffee experience!\" \/>\n<meta name=\"robots\" content=\"index, follow, max-snippet:-1, max-image-preview:large, max-video-preview:-1\" \/>\n<link rel=\"canonical\" href=\"https:\/\/houseofotoko.com\/fr\/produit\/ribbed-cappuccino-mug-anthracite\/\" \/>\n<meta property=\"og:locale\" content=\"fr_FR\" \/>\n<meta property=\"og:type\" content=\"article\" \/>\n<meta property=\"og:title\" content=\"Ribbed Cappuccino Mug Anthracite - House of Otoko\" \/>\n<meta property=\"og:description\" content=\"Ribbed Cappuccino Mug Anthracite is built to withstand the rigors of daily use, this mug is as durable as it is stylish. Elevate your coffee experience!\" \/>\n<meta property=\"og:url\" content=\"https:\/\/houseofotoko.com\/fr\/produit\/ribbed-cappuccino-mug-anthracite\/\" \/>\n<meta property=\"og:site_name\" content=\"House of Otoko\" \/>\n<meta property=\"article:modified_time\" content=\"2025-06-09T15:24:45+00:00\" \/>\n<meta property=\"og:image\" content=\"https:\/\/houseofotoko.com\/wp-content\/uploads\/2025\/02\/Archive-Studio-ribbed-dark-grey-cappuccino-mug.webp\" \/>\n\t<meta property=\"og:image:width\" content=\"600\" \/>\n\t<meta property=\"og:image:height\" content=\"600\" \/>\n\t<meta property=\"og:image:type\" content=\"image\/webp\" \/>\n<meta name=\"twitter:card\" content=\"summary_large_image\" \/>\n<meta name=\"twitter:label1\" content=\"Dur\u00e9e de lecture estim\u00e9e\" \/>\n\t<meta name=\"twitter:data1\" content=\"1 minute\" \/>\n<script type=\"application\/ld+json\" class=\"yoast-schema-graph\">{\"@context\":\"https:\\\/\\\/schema.org\",\"@graph\":[{\"@type\":\"WebPage\",\"@id\":\"https:\\\/\\\/houseofotoko.com\\\/product\\\/ribbed-cappuccino-mug-anthracite\\\/\",\"url\":\"https:\\\/\\\/houseofotoko.com\\\/product\\\/ribbed-cappuccino-mug-anthracite\\\/\",\"name\":\"Ribbed Cappuccino Mug Anthracite - House of Otoko\",\"isPartOf\":{\"@id\":\"https:\\\/\\\/houseofotoko.com\\\/#website\"},\"primaryImageOfPage\":{\"@id\":\"https:\\\/\\\/houseofotoko.com\\\/product\\\/ribbed-cappuccino-mug-anthracite\\\/#primaryimage\"},\"image\":{\"@id\":\"https:\\\/\\\/houseofotoko.com\\\/product\\\/ribbed-cappuccino-mug-anthracite\\\/#primaryimage\"},\"thumbnailUrl\":\"https:\\\/\\\/houseofotoko.com\\\/wp-content\\\/uploads\\\/2025\\\/02\\\/Archive-Studio-ribbed-dark-grey-cappuccino-mug.webp\",\"datePublished\":\"2025-02-14T13:37:14+00:00\",\"dateModified\":\"2025-06-09T15:24:45+00:00\",\"description\":\"Ribbed Cappuccino Mug Anthracite is built to withstand the rigors of daily use, this mug is as durable as it is stylish. Elevate your coffee experience!\",\"breadcrumb\":{\"@id\":\"https:\\\/\\\/houseofotoko.com\\\/product\\\/ribbed-cappuccino-mug-anthracite\\\/#breadcrumb\"},\"inLanguage\":\"fr-FR\",\"potentialAction\":[{\"@type\":\"ReadAction\",\"target\":[\"https:\\\/\\\/houseofotoko.com\\\/product\\\/ribbed-cappuccino-mug-anthracite\\\/\"]}]},{\"@type\":\"ImageObject\",\"inLanguage\":\"fr-FR\",\"@id\":\"https:\\\/\\\/houseofotoko.com\\\/product\\\/ribbed-cappuccino-mug-anthracite\\\/#primaryimage\",\"url\":\"https:\\\/\\\/houseofotoko.com\\\/wp-content\\\/uploads\\\/2025\\\/02\\\/Archive-Studio-ribbed-dark-grey-cappuccino-mug.webp\",\"contentUrl\":\"https:\\\/\\\/houseofotoko.com\\\/wp-content\\\/uploads\\\/2025\\\/02\\\/Archive-Studio-ribbed-dark-grey-cappuccino-mug.webp\",\"width\":600,\"height\":600,\"caption\":\"Archive Studio ribbed dark grey cappuccino mug\"},{\"@type\":\"BreadcrumbList\",\"@id\":\"https:\\\/\\\/houseofotoko.com\\\/product\\\/ribbed-cappuccino-mug-anthracite\\\/#breadcrumb\",\"itemListElement\":[{\"@type\":\"ListItem\",\"position\":1,\"name\":\"Home\",\"item\":\"https:\\\/\\\/houseofotoko.com\\\/\"},{\"@type\":\"ListItem\",\"position\":2,\"name\":\"Shop\",\"item\":\"https:\\\/\\\/houseofotoko.com\\\/shop\\\/\"},{\"@type\":\"ListItem\",\"position\":3,\"name\":\"Ribbed Cappuccino Mug Anthracite\"}]},{\"@type\":\"WebSite\",\"@id\":\"https:\\\/\\\/houseofotoko.com\\\/#website\",\"url\":\"https:\\\/\\\/houseofotoko.com\\\/\",\"name\":\"House of Otoko\",\"description\":\"\",\"publisher\":{\"@id\":\"https:\\\/\\\/houseofotoko.com\\\/#organization\"},\"potentialAction\":[{\"@type\":\"SearchAction\",\"target\":{\"@type\":\"EntryPoint\",\"urlTemplate\":\"https:\\\/\\\/houseofotoko.com\\\/?s={search_term_string}\"},\"query-input\":{\"@type\":\"PropertyValueSpecification\",\"valueRequired\":true,\"valueName\":\"search_term_string\"}}],\"inLanguage\":\"fr-FR\"},{\"@type\":\"Organization\",\"@id\":\"https:\\\/\\\/houseofotoko.com\\\/#organization\",\"name\":\"House of Otoko\",\"url\":\"https:\\\/\\\/houseofotoko.com\\\/\",\"logo\":{\"@type\":\"ImageObject\",\"inLanguage\":\"fr-FR\",\"@id\":\"https:\\\/\\\/houseofotoko.com\\\/#\\\/schema\\\/logo\\\/image\\\/\",\"url\":\"https:\\\/\\\/mlfln9ez57ke.i.optimole.com\\\/w:1123\\\/h:1038\\\/q:mauto\\\/f:best\\\/ig:avif\\\/https:\\\/\\\/houseofotoko.com\\\/wp-content\\\/uploads\\\/2025\\\/01\\\/LOGO-PNG-1.png\",\"contentUrl\":\"https:\\\/\\\/mlfln9ez57ke.i.optimole.com\\\/w:1123\\\/h:1038\\\/q:mauto\\\/f:best\\\/ig:avif\\\/https:\\\/\\\/houseofotoko.com\\\/wp-content\\\/uploads\\\/2025\\\/01\\\/LOGO-PNG-1.png\",\"width\":1123,\"height\":1038,\"caption\":\"House of Otoko\"},\"image\":{\"@id\":\"https:\\\/\\\/houseofotoko.com\\\/#\\\/schema\\\/logo\\\/image\\\/\"},\"sameAs\":[\"https:\\\/\\\/www.instagram.com\\\/houseofotoko\\\/\"]}]}<\/script>\n<!-- \/ Yoast SEO plugin. -->","yoast_head_json":{"title":"Ribbed Cappuccino Mug Anthracite - House of Otoko","description":"Ribbed Cappuccino Mug Anthracite is built to withstand the rigors of daily use, this mug is as durable as it is stylish. Elevate your coffee experience!","robots":{"index":"index","follow":"follow","max-snippet":"max-snippet:-1","max-image-preview":"max-image-preview:large","max-video-preview":"max-video-preview:-1"},"canonical":"https:\/\/houseofotoko.com\/fr\/produit\/ribbed-cappuccino-mug-anthracite\/","og_locale":"fr_FR","og_type":"article","og_title":"Ribbed Cappuccino Mug Anthracite - House of Otoko","og_description":"Ribbed Cappuccino Mug Anthracite is built to withstand the rigors of daily use, this mug is as durable as it is stylish. Elevate your coffee experience!","og_url":"https:\/\/houseofotoko.com\/fr\/produit\/ribbed-cappuccino-mug-anthracite\/","og_site_name":"House of Otoko","article_modified_time":"2025-06-09T15:24:45+00:00","og_image":[{"width":600,"height":600,"url":"https:\/\/houseofotoko.com\/wp-content\/uploads\/2025\/02\/Archive-Studio-ribbed-dark-grey-cappuccino-mug.webp","type":"image\/webp"}],"twitter_card":"summary_large_image","twitter_misc":{"Dur\u00e9e de lecture estim\u00e9e":"1 minute"},"schema":{"@context":"https:\/\/schema.org","@graph":[{"@type":"WebPage","@id":"https:\/\/houseofotoko.com\/product\/ribbed-cappuccino-mug-anthracite\/","url":"https:\/\/houseofotoko.com\/product\/ribbed-cappuccino-mug-anthracite\/","name":"Ribbed Cappuccino Mug Anthracite - House of Otoko","isPartOf":{"@id":"https:\/\/houseofotoko.com\/#website"},"primaryImageOfPage":{"@id":"https:\/\/houseofotoko.com\/product\/ribbed-cappuccino-mug-anthracite\/#primaryimage"},"image":{"@id":"https:\/\/houseofotoko.com\/product\/ribbed-cappuccino-mug-anthracite\/#primaryimage"},"thumbnailUrl":"https:\/\/houseofotoko.com\/wp-content\/uploads\/2025\/02\/Archive-Studio-ribbed-dark-grey-cappuccino-mug.webp","datePublished":"2025-02-14T13:37:14+00:00","dateModified":"2025-06-09T15:24:45+00:00","description":"Ribbed Cappuccino Mug Anthracite is built to withstand the rigors of daily use, this mug is as durable as it is stylish. Elevate your coffee experience!","breadcrumb":{"@id":"https:\/\/houseofotoko.com\/product\/ribbed-cappuccino-mug-anthracite\/#breadcrumb"},"inLanguage":"fr-FR","potentialAction":[{"@type":"ReadAction","target":["https:\/\/houseofotoko.com\/product\/ribbed-cappuccino-mug-anthracite\/"]}]},{"@type":"ImageObject","inLanguage":"fr-FR","@id":"https:\/\/houseofotoko.com\/product\/ribbed-cappuccino-mug-anthracite\/#primaryimage","url":"https:\/\/houseofotoko.com\/wp-content\/uploads\/2025\/02\/Archive-Studio-ribbed-dark-grey-cappuccino-mug.webp","contentUrl":"https:\/\/houseofotoko.com\/wp-content\/uploads\/2025\/02\/Archive-Studio-ribbed-dark-grey-cappuccino-mug.webp","width":600,"height":600,"caption":"Archive Studio ribbed dark grey cappuccino mug"},{"@type":"BreadcrumbList","@id":"https:\/\/houseofotoko.com\/product\/ribbed-cappuccino-mug-anthracite\/#breadcrumb","itemListElement":[{"@type":"ListItem","position":1,"name":"Home","item":"https:\/\/houseofotoko.com\/"},{"@type":"ListItem","position":2,"name":"Shop","item":"https:\/\/houseofotoko.com\/shop\/"},{"@type":"ListItem","position":3,"name":"Ribbed Cappuccino Mug Anthracite"}]},{"@type":"WebSite","@id":"https:\/\/houseofotoko.com\/#website","url":"https:\/\/houseofotoko.com\/","name":"House of Otoko","description":"","publisher":{"@id":"https:\/\/houseofotoko.com\/#organization"},"potentialAction":[{"@type":"SearchAction","target":{"@type":"EntryPoint","urlTemplate":"https:\/\/houseofotoko.com\/?s={search_term_string}"},"query-input":{"@type":"PropertyValueSpecification","valueRequired":true,"valueName":"search_term_string"}}],"inLanguage":"fr-FR"},{"@type":"Organization","@id":"https:\/\/houseofotoko.com\/#organization","name":"House of Otoko","url":"https:\/\/houseofotoko.com\/","logo":{"@type":"ImageObject","inLanguage":"fr-FR","@id":"https:\/\/houseofotoko.com\/#\/schema\/logo\/image\/","url":"https:\/\/mlfln9ez57ke.i.optimole.com\/w:1123\/h:1038\/q:mauto\/f:best\/ig:avif\/https:\/\/houseofotoko.com\/wp-content\/uploads\/2025\/01\/LOGO-PNG-1.png","contentUrl":"https:\/\/mlfln9ez57ke.i.optimole.com\/w:1123\/h:1038\/q:mauto\/f:best\/ig:avif\/https:\/\/houseofotoko.com\/wp-content\/uploads\/2025\/01\/LOGO-PNG-1.png","width":1123,"height":1038,"caption":"House of Otoko"},"image":{"@id":"https:\/\/houseofotoko.com\/#\/schema\/logo\/image\/"},"sameAs":["https:\/\/www.instagram.com\/houseofotoko\/"]}]}},"_links":{"self":[{"href":"https:\/\/houseofotoko.com\/fr\/wp-json\/wp\/v2\/product\/517","targetHints":{"allow":["GET"]}}],"collection":[{"href":"https:\/\/houseofotoko.com\/fr\/wp-json\/wp\/v2\/product"}],"about":[{"href":"https:\/\/houseofotoko.com\/fr\/wp-json\/wp\/v2\/types\/product"}],"replies":[{"embeddable":true,"href":"https:\/\/houseofotoko.com\/fr\/wp-json\/wp\/v2\/comments?post=517"}],"wp:featuredmedia":[{"embeddable":true,"href":"https:\/\/houseofotoko.com\/fr\/wp-json\/wp\/v2\/media\/1102"}],"wp:attachment":[{"href":"https:\/\/houseofotoko.com\/fr\/wp-json\/wp\/v2\/media?parent=517"}],"wp:term":[{"taxonomy":"product_brand","embeddable":true,"href":"https:\/\/houseofotoko.com\/fr\/wp-json\/wp\/v2\/product_brand?post=517"},{"taxonomy":"product_cat","embeddable":true,"href":"https:\/\/houseofotoko.com\/fr\/wp-json\/wp\/v2\/product_cat?post=517"},{"taxonomy":"product_tag","embeddable":true,"href":"https:\/\/houseofotoko.com\/fr\/wp-json\/wp\/v2\/product_tag?post=517"}],"curies":[{"name":"wp","href":"https:\/\/api.w.org\/{rel}","templated":true}]}}