{"id":510,"date":"2025-02-11T15:16:53","date_gmt":"2025-02-11T15:16:53","guid":{"rendered":"https:\/\/houseofotoko.com\/?post_type=product&#038;p=510"},"modified":"2025-02-13T17:14:20","modified_gmt":"2025-02-13T17:14:20","slug":"carter-vase-by-floris-hovers","status":"publish","type":"product","link":"https:\/\/houseofotoko.com\/fr\/produit\/carter-vase-by-floris-hovers\/","title":{"rendered":"Vase Carter de Floris Hovers"},"content":{"rendered":"<p data-start=\"1042\" data-end=\"1108\"><strong data-start=\"1047\" data-end=\"1106\">Vase Carter de Floris Hovers - Combinaison vert\/jaune<\/strong><\/p>\n<p data-start=\"1332\" data-end=\"1558\">Le vase Carter n'est pas un simple vase, c'est une d\u00e9claration audacieuse.<\/p>\n<p data-start=\"1332\" data-end=\"1558\">Con\u00e7u par Floris Hovers pour Cor Unum, ce chef-d'\u0153uvre industriel fait entrer l'esth\u00e9tique brute des blocs moteurs et des carters d'engrenage dans votre int\u00e9rieur. La variante vert-jaune attire imm\u00e9diatement le regard et apporte une touche de fra\u00eecheur et d'audace \u00e0 n'importe quel espace.<\/p>\n<ul data-start=\"1371\" data-end=\"1749\">\n<li data-start=\"1371\" data-end=\"1462\"><strong data-start=\"1373\" data-end=\"1391\">Audacieux et unique :<\/strong> inspir\u00e9 par la pr\u00e9cision m\u00e9canique de l'ing\u00e9nierie des machines.<\/li>\n<li data-start=\"1544\" data-end=\"1666\"><strong data-start=\"1546\" data-end=\"1564\">Construction modulaire :<\/strong> Deux parties s\u00e9par\u00e9es, reli\u00e9es par des vis et un joint en caoutchouc (comme dans la construction d'un vrai moteur).<\/li>\n<li data-start=\"1667\" data-end=\"1749\"><strong data-start=\"1669\" data-end=\"1692\">Pr\u00e9sence polyvalente :<\/strong> Parfait pour les fleurs, mais tout aussi efficace seul.<\/li>\n<li><em><strong>Couleurs :<\/strong> vert et jaune<\/em><\/li>\n<li><em><strong>Dimensions :<\/strong> 18 x 24 x 33 cm<\/em><\/li>\n<li><em><strong>Mat\u00e9riau :<\/strong> Fabriqu\u00e9 en c\u00e9ramique de haute qualit\u00e9<\/em><\/li>\n<li><em><strong>Concepteur :<\/strong> Floris Hovers\u00a0<\/em><\/li>\n<li><strong><em>Design n\u00e9erlandais<\/em><\/strong><\/li>\n<li><em><strong>Marque :<\/strong> <a href=\"https:\/\/houseofotoko.com\/product-categorie\/shop\/brands\/cor-unum\/\">Cor Unum<\/a><\/em><\/li>\n<li><em>Autres combinaisons de couleurs sur demande<\/em><\/li>\n<\/ul>\n<p data-start=\"1885\" data-end=\"1913\">","protected":false},"excerpt":{"rendered":"<p>Le vase Carter de Floris Hovers attire l'attention. Que ce soit dans un int\u00e9rieur \u00e9pur\u00e9 ou parmi des \u00e9l\u00e9ments industriels, le vase Carter refuse d'\u00eatre ignor\u00e9.<\/p>","protected":false},"featured_media":511,"comment_status":"open","ping_status":"closed","template":"","meta":{"neve_meta_sidebar":"","neve_meta_container":"","neve_meta_enable_content_width":"off","neve_meta_content_width":100,"neve_meta_title_alignment":"","neve_meta_author_avatar":"","neve_post_elements_order":"","neve_meta_disable_header":"","neve_meta_disable_footer":"","neve_meta_disable_title":"","neve_meta_reading_time":"","_themeisle_gutenberg_block_has_review":false,"neve_tabs_data":"","neve_override_tab_layout":""},"product_brand":[],"product_cat":[16,57,40,22],"product_tag":[56],"class_list":{"0":"post-510","1":"product","2":"type-product","3":"status-publish","4":"has-post-thumbnail","6":"product_cat-all","7":"product_cat-cor-unum","8":"product_cat-home-decor","9":"product_cat-living","10":"product_tag-floris-hovers-dutch-design-greenn","11":"product_shipping_class-standard-package","13":"first","14":"instock","15":"taxable","16":"shipping-taxable","17":"purchasable","18":"product-type-simple"},"yoast_head":"<!-- This site is optimized with the Yoast SEO plugin v27.4 - https:\/\/yoast.com\/product\/yoast-seo-wordpress\/ -->\n<title>Carter Vase by Floris Hovers - House of Otoko<\/title>\n<meta name=\"description\" content=\"The Carter Vase by Floris Hovers commands attention. Whether in a sleek interior or among industrial elements, the Carter Vase refuses to be ignored.\" \/>\n<meta name=\"robots\" content=\"index, follow, max-snippet:-1, max-image-preview:large, max-video-preview:-1\" \/>\n<link rel=\"canonical\" href=\"https:\/\/houseofotoko.com\/fr\/produit\/carter-vase-by-floris-hovers\/\" \/>\n<meta property=\"og:locale\" content=\"fr_FR\" \/>\n<meta property=\"og:type\" content=\"article\" \/>\n<meta property=\"og:title\" content=\"Carter Vase by Floris Hovers - House of Otoko\" \/>\n<meta property=\"og:description\" content=\"The Carter Vase by Floris Hovers commands attention. Whether in a sleek interior or among industrial elements, the Carter Vase refuses to be ignored.\" \/>\n<meta property=\"og:url\" content=\"https:\/\/houseofotoko.com\/fr\/produit\/carter-vase-by-floris-hovers\/\" \/>\n<meta property=\"og:site_name\" content=\"House of Otoko\" \/>\n<meta property=\"article:modified_time\" content=\"2025-02-13T17:14:20+00:00\" \/>\n<meta property=\"og:image\" content=\"https:\/\/houseofotoko.com\/wp-content\/uploads\/2025\/02\/Carter-vase-yellow-green-3.webp\" \/>\n\t<meta property=\"og:image:width\" content=\"600\" \/>\n\t<meta property=\"og:image:height\" content=\"600\" \/>\n\t<meta property=\"og:image:type\" content=\"image\/webp\" \/>\n<meta name=\"twitter:card\" content=\"summary_large_image\" \/>\n<meta name=\"twitter:label1\" content=\"Dur\u00e9e de lecture estim\u00e9e\" \/>\n\t<meta name=\"twitter:data1\" content=\"1 minute\" \/>\n<script type=\"application\/ld+json\" class=\"yoast-schema-graph\">{\"@context\":\"https:\\\/\\\/schema.org\",\"@graph\":[{\"@type\":\"WebPage\",\"@id\":\"https:\\\/\\\/houseofotoko.com\\\/product\\\/carter-vase-by-floris-hovers\\\/\",\"url\":\"https:\\\/\\\/houseofotoko.com\\\/product\\\/carter-vase-by-floris-hovers\\\/\",\"name\":\"Carter Vase by Floris Hovers - House of Otoko\",\"isPartOf\":{\"@id\":\"https:\\\/\\\/houseofotoko.com\\\/#website\"},\"primaryImageOfPage\":{\"@id\":\"https:\\\/\\\/houseofotoko.com\\\/product\\\/carter-vase-by-floris-hovers\\\/#primaryimage\"},\"image\":{\"@id\":\"https:\\\/\\\/houseofotoko.com\\\/product\\\/carter-vase-by-floris-hovers\\\/#primaryimage\"},\"thumbnailUrl\":\"https:\\\/\\\/houseofotoko.com\\\/wp-content\\\/uploads\\\/2025\\\/02\\\/Carter-vase-yellow-green-3.webp\",\"datePublished\":\"2025-02-11T15:16:53+00:00\",\"dateModified\":\"2025-02-13T17:14:20+00:00\",\"description\":\"The Carter Vase by Floris Hovers commands attention. Whether in a sleek interior or among industrial elements, the Carter Vase refuses to be ignored.\",\"breadcrumb\":{\"@id\":\"https:\\\/\\\/houseofotoko.com\\\/product\\\/carter-vase-by-floris-hovers\\\/#breadcrumb\"},\"inLanguage\":\"fr-FR\",\"potentialAction\":[{\"@type\":\"ReadAction\",\"target\":[\"https:\\\/\\\/houseofotoko.com\\\/product\\\/carter-vase-by-floris-hovers\\\/\"]}]},{\"@type\":\"ImageObject\",\"inLanguage\":\"fr-FR\",\"@id\":\"https:\\\/\\\/houseofotoko.com\\\/product\\\/carter-vase-by-floris-hovers\\\/#primaryimage\",\"url\":\"https:\\\/\\\/houseofotoko.com\\\/wp-content\\\/uploads\\\/2025\\\/02\\\/Carter-vase-yellow-green-3.webp\",\"contentUrl\":\"https:\\\/\\\/houseofotoko.com\\\/wp-content\\\/uploads\\\/2025\\\/02\\\/Carter-vase-yellow-green-3.webp\",\"width\":600,\"height\":600,\"caption\":\"Gear Vaas; Floris Hovers; Green & Yellow\"},{\"@type\":\"BreadcrumbList\",\"@id\":\"https:\\\/\\\/houseofotoko.com\\\/product\\\/carter-vase-by-floris-hovers\\\/#breadcrumb\",\"itemListElement\":[{\"@type\":\"ListItem\",\"position\":1,\"name\":\"Home\",\"item\":\"https:\\\/\\\/houseofotoko.com\\\/\"},{\"@type\":\"ListItem\",\"position\":2,\"name\":\"Shop\",\"item\":\"https:\\\/\\\/houseofotoko.com\\\/shop\\\/\"},{\"@type\":\"ListItem\",\"position\":3,\"name\":\"Carter Vase by Floris Hovers\"}]},{\"@type\":\"WebSite\",\"@id\":\"https:\\\/\\\/houseofotoko.com\\\/#website\",\"url\":\"https:\\\/\\\/houseofotoko.com\\\/\",\"name\":\"House of Otoko\",\"description\":\"\",\"publisher\":{\"@id\":\"https:\\\/\\\/houseofotoko.com\\\/#organization\"},\"potentialAction\":[{\"@type\":\"SearchAction\",\"target\":{\"@type\":\"EntryPoint\",\"urlTemplate\":\"https:\\\/\\\/houseofotoko.com\\\/?s={search_term_string}\"},\"query-input\":{\"@type\":\"PropertyValueSpecification\",\"valueRequired\":true,\"valueName\":\"search_term_string\"}}],\"inLanguage\":\"fr-FR\"},{\"@type\":\"Organization\",\"@id\":\"https:\\\/\\\/houseofotoko.com\\\/#organization\",\"name\":\"House of Otoko\",\"url\":\"https:\\\/\\\/houseofotoko.com\\\/\",\"logo\":{\"@type\":\"ImageObject\",\"inLanguage\":\"fr-FR\",\"@id\":\"https:\\\/\\\/houseofotoko.com\\\/#\\\/schema\\\/logo\\\/image\\\/\",\"url\":\"https:\\\/\\\/mlfln9ez57ke.i.optimole.com\\\/w:1123\\\/h:1038\\\/q:mauto\\\/f:best\\\/ig:avif\\\/https:\\\/\\\/houseofotoko.com\\\/wp-content\\\/uploads\\\/2025\\\/01\\\/LOGO-PNG-1.png\",\"contentUrl\":\"https:\\\/\\\/mlfln9ez57ke.i.optimole.com\\\/w:1123\\\/h:1038\\\/q:mauto\\\/f:best\\\/ig:avif\\\/https:\\\/\\\/houseofotoko.com\\\/wp-content\\\/uploads\\\/2025\\\/01\\\/LOGO-PNG-1.png\",\"width\":1123,\"height\":1038,\"caption\":\"House of Otoko\"},\"image\":{\"@id\":\"https:\\\/\\\/houseofotoko.com\\\/#\\\/schema\\\/logo\\\/image\\\/\"},\"sameAs\":[\"https:\\\/\\\/www.instagram.com\\\/houseofotoko\\\/\"]}]}<\/script>\n<!-- \/ Yoast SEO plugin. -->","yoast_head_json":{"title":"Carafe Carter par Floris Hovers - House of Otoko","description":"Le vase Carter de Floris Hovers attire l'attention. Que ce soit dans un int\u00e9rieur \u00e9pur\u00e9 ou parmi des \u00e9l\u00e9ments industriels, le vase Carter refuse d'\u00eatre ignor\u00e9.","robots":{"index":"index","follow":"follow","max-snippet":"max-snippet:-1","max-image-preview":"max-image-preview:large","max-video-preview":"max-video-preview:-1"},"canonical":"https:\/\/houseofotoko.com\/fr\/produit\/carter-vase-by-floris-hovers\/","og_locale":"fr_FR","og_type":"article","og_title":"Carter Vase by Floris Hovers - House of Otoko","og_description":"The Carter Vase by Floris Hovers commands attention. Whether in a sleek interior or among industrial elements, the Carter Vase refuses to be ignored.","og_url":"https:\/\/houseofotoko.com\/fr\/produit\/carter-vase-by-floris-hovers\/","og_site_name":"House of Otoko","article_modified_time":"2025-02-13T17:14:20+00:00","og_image":[{"width":600,"height":600,"url":"https:\/\/houseofotoko.com\/wp-content\/uploads\/2025\/02\/Carter-vase-yellow-green-3.webp","type":"image\/webp"}],"twitter_card":"summary_large_image","twitter_misc":{"Dur\u00e9e de lecture estim\u00e9e":"1 minute"},"schema":{"@context":"https:\/\/schema.org","@graph":[{"@type":"WebPage","@id":"https:\/\/houseofotoko.com\/product\/carter-vase-by-floris-hovers\/","url":"https:\/\/houseofotoko.com\/product\/carter-vase-by-floris-hovers\/","name":"Carafe Carter par Floris Hovers - House of Otoko","isPartOf":{"@id":"https:\/\/houseofotoko.com\/#website"},"primaryImageOfPage":{"@id":"https:\/\/houseofotoko.com\/product\/carter-vase-by-floris-hovers\/#primaryimage"},"image":{"@id":"https:\/\/houseofotoko.com\/product\/carter-vase-by-floris-hovers\/#primaryimage"},"thumbnailUrl":"https:\/\/houseofotoko.com\/wp-content\/uploads\/2025\/02\/Carter-vase-yellow-green-3.webp","datePublished":"2025-02-11T15:16:53+00:00","dateModified":"2025-02-13T17:14:20+00:00","description":"Le vase Carter de Floris Hovers attire l'attention. Que ce soit dans un int\u00e9rieur \u00e9pur\u00e9 ou parmi des \u00e9l\u00e9ments industriels, le vase Carter refuse d'\u00eatre ignor\u00e9.","breadcrumb":{"@id":"https:\/\/houseofotoko.com\/product\/carter-vase-by-floris-hovers\/#breadcrumb"},"inLanguage":"fr-FR","potentialAction":[{"@type":"ReadAction","target":["https:\/\/houseofotoko.com\/product\/carter-vase-by-floris-hovers\/"]}]},{"@type":"ImageObject","inLanguage":"fr-FR","@id":"https:\/\/houseofotoko.com\/product\/carter-vase-by-floris-hovers\/#primaryimage","url":"https:\/\/houseofotoko.com\/wp-content\/uploads\/2025\/02\/Carter-vase-yellow-green-3.webp","contentUrl":"https:\/\/houseofotoko.com\/wp-content\/uploads\/2025\/02\/Carter-vase-yellow-green-3.webp","width":600,"height":600,"caption":"Gear Vaas; Floris Hovers; Green & Yellow"},{"@type":"BreadcrumbList","@id":"https:\/\/houseofotoko.com\/product\/carter-vase-by-floris-hovers\/#breadcrumb","itemListElement":[{"@type":"ListItem","position":1,"name":"Home","item":"https:\/\/houseofotoko.com\/"},{"@type":"ListItem","position":2,"name":"Shop","item":"https:\/\/houseofotoko.com\/shop\/"},{"@type":"ListItem","position":3,"name":"Carter Vase by Floris Hovers"}]},{"@type":"WebSite","@id":"https:\/\/houseofotoko.com\/#website","url":"https:\/\/houseofotoko.com\/","name":"House of Otoko","description":"","publisher":{"@id":"https:\/\/houseofotoko.com\/#organization"},"potentialAction":[{"@type":"SearchAction","target":{"@type":"EntryPoint","urlTemplate":"https:\/\/houseofotoko.com\/?s={search_term_string}"},"query-input":{"@type":"PropertyValueSpecification","valueRequired":true,"valueName":"search_term_string"}}],"inLanguage":"fr-FR"},{"@type":"Organization","@id":"https:\/\/houseofotoko.com\/#organization","name":"House of Otoko","url":"https:\/\/houseofotoko.com\/","logo":{"@type":"ImageObject","inLanguage":"fr-FR","@id":"https:\/\/houseofotoko.com\/#\/schema\/logo\/image\/","url":"https:\/\/mlfln9ez57ke.i.optimole.com\/w:1123\/h:1038\/q:mauto\/f:best\/ig:avif\/https:\/\/houseofotoko.com\/wp-content\/uploads\/2025\/01\/LOGO-PNG-1.png","contentUrl":"https:\/\/mlfln9ez57ke.i.optimole.com\/w:1123\/h:1038\/q:mauto\/f:best\/ig:avif\/https:\/\/houseofotoko.com\/wp-content\/uploads\/2025\/01\/LOGO-PNG-1.png","width":1123,"height":1038,"caption":"House of Otoko"},"image":{"@id":"https:\/\/houseofotoko.com\/#\/schema\/logo\/image\/"},"sameAs":["https:\/\/www.instagram.com\/houseofotoko\/"]}]}},"_links":{"self":[{"href":"https:\/\/houseofotoko.com\/fr\/wp-json\/wp\/v2\/product\/510","targetHints":{"allow":["GET"]}}],"collection":[{"href":"https:\/\/houseofotoko.com\/fr\/wp-json\/wp\/v2\/product"}],"about":[{"href":"https:\/\/houseofotoko.com\/fr\/wp-json\/wp\/v2\/types\/product"}],"replies":[{"embeddable":true,"href":"https:\/\/houseofotoko.com\/fr\/wp-json\/wp\/v2\/comments?post=510"}],"wp:featuredmedia":[{"embeddable":true,"href":"https:\/\/houseofotoko.com\/fr\/wp-json\/wp\/v2\/media\/511"}],"wp:attachment":[{"href":"https:\/\/houseofotoko.com\/fr\/wp-json\/wp\/v2\/media?parent=510"}],"wp:term":[{"taxonomy":"product_brand","embeddable":true,"href":"https:\/\/houseofotoko.com\/fr\/wp-json\/wp\/v2\/product_brand?post=510"},{"taxonomy":"product_cat","embeddable":true,"href":"https:\/\/houseofotoko.com\/fr\/wp-json\/wp\/v2\/product_cat?post=510"},{"taxonomy":"product_tag","embeddable":true,"href":"https:\/\/houseofotoko.com\/fr\/wp-json\/wp\/v2\/product_tag?post=510"}],"curies":[{"name":"wp","href":"https:\/\/api.w.org\/{rel}","templated":true}]}}