{"id":465,"date":"2025-02-09T16:17:46","date_gmt":"2025-02-09T16:17:46","guid":{"rendered":"https:\/\/houseofotoko.com\/?post_type=product&#038;p=465"},"modified":"2025-02-10T19:35:48","modified_gmt":"2025-02-10T19:35:48","slug":"wine-bottle-caraf-green","status":"publish","type":"product","link":"https:\/\/houseofotoko.com\/fr\/produit\/wine-bottle-caraf-green\/","title":{"rendered":"Bouteille de vin Caraf Green"},"content":{"rendered":"<p><strong>Carafes pour bouteilles de vin r\u00e9cup\u00e9r\u00e9es en vert olive<\/strong><\/p>\n<p>Am\u00e9liorez votre verrerie avec cette carafe \u00e9cologique, con\u00e7ue pour ceux qui appr\u00e9cient la durabilit\u00e9 sans faire de compromis sur le style.<\/p>\n<p>Chaque carafe est fabriqu\u00e9e \u00e0 la main \u00e0 partir de bouteilles de vin r\u00e9cup\u00e9r\u00e9es, ce qui leur donne une seconde chance dans la vie avec une touche unique.  Les imperfections subtiles racontent une histoire et susciteront une conversation. Cet article est une combinaison parfaite entre la durabilit\u00e9, l'artisanat et le design intemporel.<\/p>\n<ul>\n<li><em><strong>Capacit\u00e9 :<\/strong> \u00b1 600 ml\u00a0<\/em><\/li>\n<li><em><strong>Mat\u00e9riau :<\/strong> 100% verre recycl\u00e9<\/em><\/li>\n<li><em><strong>Dimensions :<\/strong> \u00d8 7,5 cm \/ 18 cm de hauteur<\/em><\/li>\n<li><em><strong>Couleur :<\/strong> Vert olive<\/em><\/li>\n<li><em><strong>Lavable au lave-vaisselle :<\/strong> Jusqu'\u00e0 60\u00b0C<\/em><\/li>\n<li><em><strong>Fabriqu\u00e9 de mani\u00e8re \u00e9thique :<\/strong> Fabriqu\u00e9 avec soin aux Pays-Bas<\/em><\/li>\n<li><em><strong>Unique en son genre :<\/strong> Chaque carafe est porteuse d'un pass\u00e9 unique<\/em><\/li>\n<li><em><strong>Marque :<\/strong> <a href=\"https:\/\/houseofotoko.com\/product-categorie\/shop\/brands\/rebottled\/\">Rebouteux<\/a><\/em><\/li>\n<\/ul>\n<p>&nbsp;<\/p>\n<p>Boire consciemment. Vivre avec audace<\/p>","protected":false},"excerpt":{"rendered":"<p>Carafe \u00e0 bouteilles de vin Green ; Am\u00e9liorez votre verrerie avec cette carafe \u00e9cologique, con\u00e7ue pour ceux qui appr\u00e9cient la durabilit\u00e9 sans faire de compromis sur le style.<\/p>","protected":false},"featured_media":493,"comment_status":"open","ping_status":"closed","template":"","meta":{"neve_meta_sidebar":"","neve_meta_container":"","neve_meta_enable_content_width":"off","neve_meta_content_width":100,"neve_meta_title_alignment":"","neve_meta_author_avatar":"","neve_post_elements_order":"","neve_meta_disable_header":"","neve_meta_disable_footer":"","neve_meta_disable_title":"","neve_meta_reading_time":"","_themeisle_gutenberg_block_has_review":false,"neve_tabs_data":null,"neve_override_tab_layout":"on"},"product_brand":[],"product_cat":[16,52,42,22,36,23],"product_tag":[54,53,32],"class_list":{"0":"post-465","1":"product","2":"type-product","3":"status-publish","4":"has-post-thumbnail","6":"product_cat-all","7":"product_cat-glassware_bar","8":"product_cat-kitchen_dining","9":"product_cat-living","10":"product_cat-rebottled","11":"product_cat-sustainable","12":"product_tag-green","13":"product_tag-rebottled","14":"product_tag-reclaimed","15":"product_shipping_class-standard-package","17":"first","18":"instock","19":"taxable","20":"shipping-taxable","21":"purchasable","22":"product-type-simple"},"yoast_head":"<!-- This site is optimized with the Yoast SEO plugin v27.4 - https:\/\/yoast.com\/product\/yoast-seo-wordpress\/ -->\n<title>Wine Bottle Caraf Green - House of Otoko<\/title>\n<meta name=\"description\" content=\"Upgrade your glassware with this eco-friendly caraf, designed for those who appreciate sustainability without compromising on style.\" \/>\n<meta name=\"robots\" content=\"index, follow, max-snippet:-1, max-image-preview:large, max-video-preview:-1\" \/>\n<link rel=\"canonical\" href=\"https:\/\/houseofotoko.com\/fr\/produit\/wine-bottle-caraf-green\/\" \/>\n<meta property=\"og:locale\" content=\"fr_FR\" \/>\n<meta property=\"og:type\" content=\"article\" \/>\n<meta property=\"og:title\" content=\"Wine Bottle Caraf Green - House of Otoko\" \/>\n<meta property=\"og:description\" content=\"Upgrade your glassware with this eco-friendly caraf, designed for those who appreciate sustainability without compromising on style.\" \/>\n<meta property=\"og:url\" content=\"https:\/\/houseofotoko.com\/fr\/produit\/wine-bottle-caraf-green\/\" \/>\n<meta property=\"og:site_name\" content=\"House of Otoko\" \/>\n<meta property=\"article:modified_time\" content=\"2025-02-10T19:35:48+00:00\" \/>\n<meta property=\"og:image\" content=\"https:\/\/houseofotoko.com\/wp-content\/uploads\/2025\/02\/Reclaimed-winebottle-caraf-olive-3.webp\" \/>\n\t<meta property=\"og:image:width\" content=\"600\" \/>\n\t<meta property=\"og:image:height\" content=\"600\" \/>\n\t<meta property=\"og:image:type\" content=\"image\/webp\" \/>\n<meta name=\"twitter:card\" content=\"summary_large_image\" \/>\n<meta name=\"twitter:label1\" content=\"Dur\u00e9e de lecture estim\u00e9e\" \/>\n\t<meta name=\"twitter:data1\" content=\"1 minute\" \/>\n<script type=\"application\/ld+json\" class=\"yoast-schema-graph\">{\"@context\":\"https:\\\/\\\/schema.org\",\"@graph\":[{\"@type\":\"WebPage\",\"@id\":\"https:\\\/\\\/houseofotoko.com\\\/product\\\/wine-bottle-caraf-green\\\/\",\"url\":\"https:\\\/\\\/houseofotoko.com\\\/product\\\/wine-bottle-caraf-green\\\/\",\"name\":\"Wine Bottle Caraf Green - House of Otoko\",\"isPartOf\":{\"@id\":\"https:\\\/\\\/houseofotoko.com\\\/#website\"},\"primaryImageOfPage\":{\"@id\":\"https:\\\/\\\/houseofotoko.com\\\/product\\\/wine-bottle-caraf-green\\\/#primaryimage\"},\"image\":{\"@id\":\"https:\\\/\\\/houseofotoko.com\\\/product\\\/wine-bottle-caraf-green\\\/#primaryimage\"},\"thumbnailUrl\":\"https:\\\/\\\/houseofotoko.com\\\/wp-content\\\/uploads\\\/2025\\\/02\\\/Reclaimed-winebottle-caraf-olive-3.webp\",\"datePublished\":\"2025-02-09T16:17:46+00:00\",\"dateModified\":\"2025-02-10T19:35:48+00:00\",\"description\":\"Upgrade your glassware with this eco-friendly caraf, designed for those who appreciate sustainability without compromising on style.\",\"breadcrumb\":{\"@id\":\"https:\\\/\\\/houseofotoko.com\\\/product\\\/wine-bottle-caraf-green\\\/#breadcrumb\"},\"inLanguage\":\"fr-FR\",\"potentialAction\":[{\"@type\":\"ReadAction\",\"target\":[\"https:\\\/\\\/houseofotoko.com\\\/product\\\/wine-bottle-caraf-green\\\/\"]}]},{\"@type\":\"ImageObject\",\"inLanguage\":\"fr-FR\",\"@id\":\"https:\\\/\\\/houseofotoko.com\\\/product\\\/wine-bottle-caraf-green\\\/#primaryimage\",\"url\":\"https:\\\/\\\/houseofotoko.com\\\/wp-content\\\/uploads\\\/2025\\\/02\\\/Reclaimed-winebottle-caraf-olive-3.webp\",\"contentUrl\":\"https:\\\/\\\/houseofotoko.com\\\/wp-content\\\/uploads\\\/2025\\\/02\\\/Reclaimed-winebottle-caraf-olive-3.webp\",\"width\":600,\"height\":600},{\"@type\":\"BreadcrumbList\",\"@id\":\"https:\\\/\\\/houseofotoko.com\\\/product\\\/wine-bottle-caraf-green\\\/#breadcrumb\",\"itemListElement\":[{\"@type\":\"ListItem\",\"position\":1,\"name\":\"Home\",\"item\":\"https:\\\/\\\/houseofotoko.com\\\/\"},{\"@type\":\"ListItem\",\"position\":2,\"name\":\"Shop\",\"item\":\"https:\\\/\\\/houseofotoko.com\\\/shop\\\/\"},{\"@type\":\"ListItem\",\"position\":3,\"name\":\"Wine Bottle Caraf Green\"}]},{\"@type\":\"WebSite\",\"@id\":\"https:\\\/\\\/houseofotoko.com\\\/#website\",\"url\":\"https:\\\/\\\/houseofotoko.com\\\/\",\"name\":\"House of Otoko\",\"description\":\"\",\"publisher\":{\"@id\":\"https:\\\/\\\/houseofotoko.com\\\/#organization\"},\"potentialAction\":[{\"@type\":\"SearchAction\",\"target\":{\"@type\":\"EntryPoint\",\"urlTemplate\":\"https:\\\/\\\/houseofotoko.com\\\/?s={search_term_string}\"},\"query-input\":{\"@type\":\"PropertyValueSpecification\",\"valueRequired\":true,\"valueName\":\"search_term_string\"}}],\"inLanguage\":\"fr-FR\"},{\"@type\":\"Organization\",\"@id\":\"https:\\\/\\\/houseofotoko.com\\\/#organization\",\"name\":\"House of Otoko\",\"url\":\"https:\\\/\\\/houseofotoko.com\\\/\",\"logo\":{\"@type\":\"ImageObject\",\"inLanguage\":\"fr-FR\",\"@id\":\"https:\\\/\\\/houseofotoko.com\\\/#\\\/schema\\\/logo\\\/image\\\/\",\"url\":\"https:\\\/\\\/mlfln9ez57ke.i.optimole.com\\\/w:1123\\\/h:1038\\\/q:mauto\\\/f:best\\\/ig:avif\\\/https:\\\/\\\/houseofotoko.com\\\/wp-content\\\/uploads\\\/2025\\\/01\\\/LOGO-PNG-1.png\",\"contentUrl\":\"https:\\\/\\\/mlfln9ez57ke.i.optimole.com\\\/w:1123\\\/h:1038\\\/q:mauto\\\/f:best\\\/ig:avif\\\/https:\\\/\\\/houseofotoko.com\\\/wp-content\\\/uploads\\\/2025\\\/01\\\/LOGO-PNG-1.png\",\"width\":1123,\"height\":1038,\"caption\":\"House of Otoko\"},\"image\":{\"@id\":\"https:\\\/\\\/houseofotoko.com\\\/#\\\/schema\\\/logo\\\/image\\\/\"},\"sameAs\":[\"https:\\\/\\\/www.instagram.com\\\/houseofotoko\\\/\"]}]}<\/script>\n<!-- \/ Yoast SEO plugin. -->","yoast_head_json":{"title":"Wine Bottle Caraf Green - House of Otoko","description":"Am\u00e9liorez votre verrerie avec cette carafe \u00e9cologique, con\u00e7ue pour ceux qui appr\u00e9cient la durabilit\u00e9 sans faire de compromis sur le style.","robots":{"index":"index","follow":"follow","max-snippet":"max-snippet:-1","max-image-preview":"max-image-preview:large","max-video-preview":"max-video-preview:-1"},"canonical":"https:\/\/houseofotoko.com\/fr\/produit\/wine-bottle-caraf-green\/","og_locale":"fr_FR","og_type":"article","og_title":"Wine Bottle Caraf Green - House of Otoko","og_description":"Upgrade your glassware with this eco-friendly caraf, designed for those who appreciate sustainability without compromising on style.","og_url":"https:\/\/houseofotoko.com\/fr\/produit\/wine-bottle-caraf-green\/","og_site_name":"House of Otoko","article_modified_time":"2025-02-10T19:35:48+00:00","og_image":[{"width":600,"height":600,"url":"https:\/\/houseofotoko.com\/wp-content\/uploads\/2025\/02\/Reclaimed-winebottle-caraf-olive-3.webp","type":"image\/webp"}],"twitter_card":"summary_large_image","twitter_misc":{"Dur\u00e9e de lecture estim\u00e9e":"1 minute"},"schema":{"@context":"https:\/\/schema.org","@graph":[{"@type":"WebPage","@id":"https:\/\/houseofotoko.com\/product\/wine-bottle-caraf-green\/","url":"https:\/\/houseofotoko.com\/product\/wine-bottle-caraf-green\/","name":"Wine Bottle Caraf Green - House of Otoko","isPartOf":{"@id":"https:\/\/houseofotoko.com\/#website"},"primaryImageOfPage":{"@id":"https:\/\/houseofotoko.com\/product\/wine-bottle-caraf-green\/#primaryimage"},"image":{"@id":"https:\/\/houseofotoko.com\/product\/wine-bottle-caraf-green\/#primaryimage"},"thumbnailUrl":"https:\/\/houseofotoko.com\/wp-content\/uploads\/2025\/02\/Reclaimed-winebottle-caraf-olive-3.webp","datePublished":"2025-02-09T16:17:46+00:00","dateModified":"2025-02-10T19:35:48+00:00","description":"Am\u00e9liorez votre verrerie avec cette carafe \u00e9cologique, con\u00e7ue pour ceux qui appr\u00e9cient la durabilit\u00e9 sans faire de compromis sur le style.","breadcrumb":{"@id":"https:\/\/houseofotoko.com\/product\/wine-bottle-caraf-green\/#breadcrumb"},"inLanguage":"fr-FR","potentialAction":[{"@type":"ReadAction","target":["https:\/\/houseofotoko.com\/product\/wine-bottle-caraf-green\/"]}]},{"@type":"ImageObject","inLanguage":"fr-FR","@id":"https:\/\/houseofotoko.com\/product\/wine-bottle-caraf-green\/#primaryimage","url":"https:\/\/houseofotoko.com\/wp-content\/uploads\/2025\/02\/Reclaimed-winebottle-caraf-olive-3.webp","contentUrl":"https:\/\/houseofotoko.com\/wp-content\/uploads\/2025\/02\/Reclaimed-winebottle-caraf-olive-3.webp","width":600,"height":600},{"@type":"BreadcrumbList","@id":"https:\/\/houseofotoko.com\/product\/wine-bottle-caraf-green\/#breadcrumb","itemListElement":[{"@type":"ListItem","position":1,"name":"Home","item":"https:\/\/houseofotoko.com\/"},{"@type":"ListItem","position":2,"name":"Shop","item":"https:\/\/houseofotoko.com\/shop\/"},{"@type":"ListItem","position":3,"name":"Wine Bottle Caraf Green"}]},{"@type":"WebSite","@id":"https:\/\/houseofotoko.com\/#website","url":"https:\/\/houseofotoko.com\/","name":"House of Otoko","description":"","publisher":{"@id":"https:\/\/houseofotoko.com\/#organization"},"potentialAction":[{"@type":"SearchAction","target":{"@type":"EntryPoint","urlTemplate":"https:\/\/houseofotoko.com\/?s={search_term_string}"},"query-input":{"@type":"PropertyValueSpecification","valueRequired":true,"valueName":"search_term_string"}}],"inLanguage":"fr-FR"},{"@type":"Organization","@id":"https:\/\/houseofotoko.com\/#organization","name":"House of Otoko","url":"https:\/\/houseofotoko.com\/","logo":{"@type":"ImageObject","inLanguage":"fr-FR","@id":"https:\/\/houseofotoko.com\/#\/schema\/logo\/image\/","url":"https:\/\/mlfln9ez57ke.i.optimole.com\/w:1123\/h:1038\/q:mauto\/f:best\/ig:avif\/https:\/\/houseofotoko.com\/wp-content\/uploads\/2025\/01\/LOGO-PNG-1.png","contentUrl":"https:\/\/mlfln9ez57ke.i.optimole.com\/w:1123\/h:1038\/q:mauto\/f:best\/ig:avif\/https:\/\/houseofotoko.com\/wp-content\/uploads\/2025\/01\/LOGO-PNG-1.png","width":1123,"height":1038,"caption":"House of Otoko"},"image":{"@id":"https:\/\/houseofotoko.com\/#\/schema\/logo\/image\/"},"sameAs":["https:\/\/www.instagram.com\/houseofotoko\/"]}]}},"_links":{"self":[{"href":"https:\/\/houseofotoko.com\/fr\/wp-json\/wp\/v2\/product\/465","targetHints":{"allow":["GET"]}}],"collection":[{"href":"https:\/\/houseofotoko.com\/fr\/wp-json\/wp\/v2\/product"}],"about":[{"href":"https:\/\/houseofotoko.com\/fr\/wp-json\/wp\/v2\/types\/product"}],"replies":[{"embeddable":true,"href":"https:\/\/houseofotoko.com\/fr\/wp-json\/wp\/v2\/comments?post=465"}],"wp:featuredmedia":[{"embeddable":true,"href":"https:\/\/houseofotoko.com\/fr\/wp-json\/wp\/v2\/media\/493"}],"wp:attachment":[{"href":"https:\/\/houseofotoko.com\/fr\/wp-json\/wp\/v2\/media?parent=465"}],"wp:term":[{"taxonomy":"product_brand","embeddable":true,"href":"https:\/\/houseofotoko.com\/fr\/wp-json\/wp\/v2\/product_brand?post=465"},{"taxonomy":"product_cat","embeddable":true,"href":"https:\/\/houseofotoko.com\/fr\/wp-json\/wp\/v2\/product_cat?post=465"},{"taxonomy":"product_tag","embeddable":true,"href":"https:\/\/houseofotoko.com\/fr\/wp-json\/wp\/v2\/product_tag?post=465"}],"curies":[{"name":"wp","href":"https:\/\/api.w.org\/{rel}","templated":true}]}}