{"id":1495,"date":"2026-02-18T16:43:14","date_gmt":"2026-02-18T16:43:14","guid":{"rendered":"https:\/\/houseofotoko.com\/?post_type=product&#038;p=1495"},"modified":"2026-02-18T16:52:49","modified_gmt":"2026-02-18T16:52:49","slug":"nutty-biscuit-premium-soy-candle","status":"publish","type":"product","link":"https:\/\/houseofotoko.com\/fr\/produit\/nutty-biscuit-premium-soy-candle\/","title":{"rendered":"Bougie de soja haut de gamme Nutty Biscuit"},"content":{"rendered":"<p data-start=\"191\" data-end=\"214\">Chaud. Riche. R\u00e9confortant.<\/p>\n<p data-start=\"216\" data-end=\"406\">La bougie de soja haut de gamme Nutty Biscuit est le parfum des apr\u00e8s-midi tranquilles et des plaisirs paisibles. Pensez \u00e0 des noix grill\u00e9es, \u00e0 une douceur subtile et \u00e0 la douce chaleur d'une p\u00e2tisserie fra\u00eechement cuite qui persiste dans l'air. Un parfum familier, mais raffin\u00e9.<\/p>\n<p data-start=\"408\" data-end=\"632\">Coul\u00e9e \u00e0 la main avec de la cire de soja de premi\u00e8re qualit\u00e9, cette bougie de 120 ml offre une combustion propre et uniforme pendant environ 20 \u00e0 25 heures. Le parfum remplit la pi\u00e8ce sans l'alourdir, cr\u00e9ant une atmosph\u00e8re qui semble ancr\u00e9e et invitante.<\/p>\n<p data-start=\"634\" data-end=\"747\">Fabriqu\u00e9 avec soin, v\u00e9g\u00e9talien et produit de mani\u00e8re consciente, il est con\u00e7u pour ceux qui appr\u00e9cient la chaleur et le caract\u00e8re.<\/p>\n<p data-start=\"1121\" data-end=\"1401\"><strong data-start=\"1121\" data-end=\"1137\">Caract\u00e9ristiques principales :<\/strong><\/p>\n<ul>\n<li data-start=\"1121\" data-end=\"1401\"><strong><em data-start=\"1167\" data-end=\"1198\">Ar\u00f4me chaud de ch\u00e2taigne et de tonka<\/em><\/strong><\/li>\n<li data-start=\"1121\" data-end=\"1401\"><strong><em>Taille : hauteur : 6,5 cm - diam\u00e8tre : 6,5 cm<\/em><\/strong><\/li>\n<li data-start=\"1121\" data-end=\"1401\"><em><strong>Volume : 120 ml<\/strong><\/em><\/li>\n<li><strong><em>22-25 heures de combustion<\/em><\/strong><\/li>\n<li data-start=\"1121\" data-end=\"1401\"><strong><em>100 % Cire de soja europ\u00e9enne <\/em><\/strong><\/li>\n<li data-start=\"1121\" data-end=\"1401\"><strong><em>Artisanat coul\u00e9 \u00e0 la main <\/em><\/strong><\/li>\n<li data-start=\"1121\" data-end=\"1401\"><strong><em> Vegan, sans cruaut\u00e9, sans phtalates ni d\u00e9riv\u00e9s du p\u00e9trole<\/em><\/strong><\/li>\n<li data-start=\"1121\" data-end=\"1401\"><em><strong>Marque : Andyourstories<\/strong><\/em><\/li>\n<\/ul>\n<hr \/>\n<p data-start=\"1403\" data-end=\"1505\">Roasted Chestnut (ch\u00e2taigne grill\u00e9e) est destin\u00e9 \u00e0 tous ceux qui souhaitent que leur environnement soit \u00e0 la fois solide et riche. Allumez-le lorsque vous ralentissez, r\u00e9fl\u00e9chissez et vous laissez envahir par la chaleur.<\/p>\n<hr \/>\n<p data-start=\"1403\" data-end=\"1505\">","protected":false},"excerpt":{"rendered":"<p data-start=\"461\" data-end=\"507\">Nutty Biscuit Premium Soy Candle est un parfum vraiment indulgent qui vous entoure d'un ar\u00f4me de biscuits aux noisettes fra\u00eechement sortis du four lorsque vous l'allumez.<\/p>","protected":false},"featured_media":1497,"comment_status":"closed","ping_status":"closed","template":"","meta":{"neve_meta_sidebar":"","neve_meta_container":"","neve_meta_enable_content_width":"off","neve_meta_content_width":100,"neve_meta_title_alignment":"","neve_meta_author_avatar":"","neve_post_elements_order":"","neve_meta_disable_header":"","neve_meta_disable_footer":"","neve_meta_disable_title":"","neve_meta_reading_time":"","_themeisle_gutenberg_block_has_review":false,"neve_tabs_data":"","neve_override_tab_layout":""},"product_brand":[212],"product_cat":[16,51,22,37],"product_tag":[210,216],"class_list":{"0":"post-1495","1":"product","2":"type-product","3":"status-publish","4":"has-post-thumbnail","6":"product_brand-andyourstories","7":"product_cat-all","8":"product_cat-lighting","9":"product_cat-living","10":"product_cat-shop","11":"product_tag-candle","12":"product_tag-nutty-biscuit","13":"product_shipping_class-standard-package","15":"first","16":"instock","17":"taxable","18":"shipping-taxable","19":"purchasable","20":"product-type-simple"},"yoast_head":"<!-- This site is optimized with the Yoast SEO plugin v27.4 - https:\/\/yoast.com\/product\/yoast-seo-wordpress\/ -->\n<title>Nutty Biscuit Premium Soy Candle - House of Otoko<\/title>\n<meta name=\"description\" content=\"Nutty Biscuit Premium Soy Candle is a truly indulgent scent that surrounds you with the aroma of freshly baked hazelnut cookies as you light it.\" \/>\n<meta name=\"robots\" content=\"index, follow, max-snippet:-1, max-image-preview:large, max-video-preview:-1\" \/>\n<link rel=\"canonical\" href=\"https:\/\/houseofotoko.com\/fr\/produit\/nutty-biscuit-premium-soy-candle\/\" \/>\n<meta property=\"og:locale\" content=\"fr_FR\" \/>\n<meta property=\"og:type\" content=\"article\" \/>\n<meta property=\"og:title\" content=\"Nutty Biscuit Premium Soy Candle - House of Otoko\" \/>\n<meta property=\"og:description\" content=\"Nutty Biscuit Premium Soy Candle is a truly indulgent scent that surrounds you with the aroma of freshly baked hazelnut cookies as you light it.\" \/>\n<meta property=\"og:url\" content=\"https:\/\/houseofotoko.com\/fr\/produit\/nutty-biscuit-premium-soy-candle\/\" \/>\n<meta property=\"og:site_name\" content=\"House of Otoko\" \/>\n<meta property=\"article:modified_time\" content=\"2026-02-18T16:52:49+00:00\" \/>\n<meta property=\"og:image\" content=\"https:\/\/houseofotoko.com\/wp-content\/uploads\/2026\/02\/Nutty-biscuit-scent-Premium-Soy-Candle.webp\" \/>\n\t<meta property=\"og:image:width\" content=\"600\" \/>\n\t<meta property=\"og:image:height\" content=\"600\" \/>\n\t<meta property=\"og:image:type\" content=\"image\/webp\" \/>\n<meta name=\"twitter:card\" content=\"summary_large_image\" \/>\n<meta name=\"twitter:label1\" content=\"Dur\u00e9e de lecture estim\u00e9e\" \/>\n\t<meta name=\"twitter:data1\" content=\"1 minute\" \/>\n<script type=\"application\/ld+json\" class=\"yoast-schema-graph\">{\"@context\":\"https:\\\/\\\/schema.org\",\"@graph\":[{\"@type\":\"WebPage\",\"@id\":\"https:\\\/\\\/houseofotoko.com\\\/product\\\/nutty-biscuit-premium-soy-candle\\\/\",\"url\":\"https:\\\/\\\/houseofotoko.com\\\/product\\\/nutty-biscuit-premium-soy-candle\\\/\",\"name\":\"Nutty Biscuit Premium Soy Candle - House of Otoko\",\"isPartOf\":{\"@id\":\"https:\\\/\\\/houseofotoko.com\\\/#website\"},\"primaryImageOfPage\":{\"@id\":\"https:\\\/\\\/houseofotoko.com\\\/product\\\/nutty-biscuit-premium-soy-candle\\\/#primaryimage\"},\"image\":{\"@id\":\"https:\\\/\\\/houseofotoko.com\\\/product\\\/nutty-biscuit-premium-soy-candle\\\/#primaryimage\"},\"thumbnailUrl\":\"https:\\\/\\\/houseofotoko.com\\\/wp-content\\\/uploads\\\/2026\\\/02\\\/Nutty-biscuit-scent-Premium-Soy-Candle.webp\",\"datePublished\":\"2026-02-18T16:43:14+00:00\",\"dateModified\":\"2026-02-18T16:52:49+00:00\",\"description\":\"Nutty Biscuit Premium Soy Candle is a truly indulgent scent that surrounds you with the aroma of freshly baked hazelnut cookies as you light it.\",\"breadcrumb\":{\"@id\":\"https:\\\/\\\/houseofotoko.com\\\/product\\\/nutty-biscuit-premium-soy-candle\\\/#breadcrumb\"},\"inLanguage\":\"fr-FR\",\"potentialAction\":[{\"@type\":\"ReadAction\",\"target\":[\"https:\\\/\\\/houseofotoko.com\\\/product\\\/nutty-biscuit-premium-soy-candle\\\/\"]}]},{\"@type\":\"ImageObject\",\"inLanguage\":\"fr-FR\",\"@id\":\"https:\\\/\\\/houseofotoko.com\\\/product\\\/nutty-biscuit-premium-soy-candle\\\/#primaryimage\",\"url\":\"https:\\\/\\\/houseofotoko.com\\\/wp-content\\\/uploads\\\/2026\\\/02\\\/Nutty-biscuit-scent-Premium-Soy-Candle.webp\",\"contentUrl\":\"https:\\\/\\\/houseofotoko.com\\\/wp-content\\\/uploads\\\/2026\\\/02\\\/Nutty-biscuit-scent-Premium-Soy-Candle.webp\",\"width\":600,\"height\":600,\"caption\":\"Nutty biscuit scent Premium Soy Candle\"},{\"@type\":\"BreadcrumbList\",\"@id\":\"https:\\\/\\\/houseofotoko.com\\\/product\\\/nutty-biscuit-premium-soy-candle\\\/#breadcrumb\",\"itemListElement\":[{\"@type\":\"ListItem\",\"position\":1,\"name\":\"Home\",\"item\":\"https:\\\/\\\/houseofotoko.com\\\/\"},{\"@type\":\"ListItem\",\"position\":2,\"name\":\"Shop\",\"item\":\"https:\\\/\\\/houseofotoko.com\\\/shop\\\/\"},{\"@type\":\"ListItem\",\"position\":3,\"name\":\"Nutty Biscuit Premium Soy Candle\"}]},{\"@type\":\"WebSite\",\"@id\":\"https:\\\/\\\/houseofotoko.com\\\/#website\",\"url\":\"https:\\\/\\\/houseofotoko.com\\\/\",\"name\":\"House of Otoko\",\"description\":\"\",\"publisher\":{\"@id\":\"https:\\\/\\\/houseofotoko.com\\\/#organization\"},\"potentialAction\":[{\"@type\":\"SearchAction\",\"target\":{\"@type\":\"EntryPoint\",\"urlTemplate\":\"https:\\\/\\\/houseofotoko.com\\\/?s={search_term_string}\"},\"query-input\":{\"@type\":\"PropertyValueSpecification\",\"valueRequired\":true,\"valueName\":\"search_term_string\"}}],\"inLanguage\":\"fr-FR\"},{\"@type\":\"Organization\",\"@id\":\"https:\\\/\\\/houseofotoko.com\\\/#organization\",\"name\":\"House of Otoko\",\"url\":\"https:\\\/\\\/houseofotoko.com\\\/\",\"logo\":{\"@type\":\"ImageObject\",\"inLanguage\":\"fr-FR\",\"@id\":\"https:\\\/\\\/houseofotoko.com\\\/#\\\/schema\\\/logo\\\/image\\\/\",\"url\":\"https:\\\/\\\/mlfln9ez57ke.i.optimole.com\\\/w:1123\\\/h:1038\\\/q:mauto\\\/f:best\\\/ig:avif\\\/https:\\\/\\\/houseofotoko.com\\\/wp-content\\\/uploads\\\/2025\\\/01\\\/LOGO-PNG-1.png\",\"contentUrl\":\"https:\\\/\\\/mlfln9ez57ke.i.optimole.com\\\/w:1123\\\/h:1038\\\/q:mauto\\\/f:best\\\/ig:avif\\\/https:\\\/\\\/houseofotoko.com\\\/wp-content\\\/uploads\\\/2025\\\/01\\\/LOGO-PNG-1.png\",\"width\":1123,\"height\":1038,\"caption\":\"House of Otoko\"},\"image\":{\"@id\":\"https:\\\/\\\/houseofotoko.com\\\/#\\\/schema\\\/logo\\\/image\\\/\"},\"sameAs\":[\"https:\\\/\\\/www.instagram.com\\\/houseofotoko\\\/\"]}]}<\/script>\n<!-- \/ Yoast SEO plugin. -->","yoast_head_json":{"title":"Nutty Biscuit Premium Soy Candle - House of Otoko","description":"Nutty Biscuit Premium Soy Candle est un parfum vraiment indulgent qui vous entoure d'un ar\u00f4me de biscuits aux noisettes fra\u00eechement sortis du four lorsque vous l'allumez.","robots":{"index":"index","follow":"follow","max-snippet":"max-snippet:-1","max-image-preview":"max-image-preview:large","max-video-preview":"max-video-preview:-1"},"canonical":"https:\/\/houseofotoko.com\/fr\/produit\/nutty-biscuit-premium-soy-candle\/","og_locale":"fr_FR","og_type":"article","og_title":"Nutty Biscuit Premium Soy Candle - House of Otoko","og_description":"Nutty Biscuit Premium Soy Candle is a truly indulgent scent that surrounds you with the aroma of freshly baked hazelnut cookies as you light it.","og_url":"https:\/\/houseofotoko.com\/fr\/produit\/nutty-biscuit-premium-soy-candle\/","og_site_name":"House of Otoko","article_modified_time":"2026-02-18T16:52:49+00:00","og_image":[{"width":600,"height":600,"url":"https:\/\/houseofotoko.com\/wp-content\/uploads\/2026\/02\/Nutty-biscuit-scent-Premium-Soy-Candle.webp","type":"image\/webp"}],"twitter_card":"summary_large_image","twitter_misc":{"Dur\u00e9e de lecture estim\u00e9e":"1 minute"},"schema":{"@context":"https:\/\/schema.org","@graph":[{"@type":"WebPage","@id":"https:\/\/houseofotoko.com\/product\/nutty-biscuit-premium-soy-candle\/","url":"https:\/\/houseofotoko.com\/product\/nutty-biscuit-premium-soy-candle\/","name":"Nutty Biscuit Premium Soy Candle - House of Otoko","isPartOf":{"@id":"https:\/\/houseofotoko.com\/#website"},"primaryImageOfPage":{"@id":"https:\/\/houseofotoko.com\/product\/nutty-biscuit-premium-soy-candle\/#primaryimage"},"image":{"@id":"https:\/\/houseofotoko.com\/product\/nutty-biscuit-premium-soy-candle\/#primaryimage"},"thumbnailUrl":"https:\/\/houseofotoko.com\/wp-content\/uploads\/2026\/02\/Nutty-biscuit-scent-Premium-Soy-Candle.webp","datePublished":"2026-02-18T16:43:14+00:00","dateModified":"2026-02-18T16:52:49+00:00","description":"Nutty Biscuit Premium Soy Candle est un parfum vraiment indulgent qui vous entoure d'un ar\u00f4me de biscuits aux noisettes fra\u00eechement sortis du four lorsque vous l'allumez.","breadcrumb":{"@id":"https:\/\/houseofotoko.com\/product\/nutty-biscuit-premium-soy-candle\/#breadcrumb"},"inLanguage":"fr-FR","potentialAction":[{"@type":"ReadAction","target":["https:\/\/houseofotoko.com\/product\/nutty-biscuit-premium-soy-candle\/"]}]},{"@type":"ImageObject","inLanguage":"fr-FR","@id":"https:\/\/houseofotoko.com\/product\/nutty-biscuit-premium-soy-candle\/#primaryimage","url":"https:\/\/houseofotoko.com\/wp-content\/uploads\/2026\/02\/Nutty-biscuit-scent-Premium-Soy-Candle.webp","contentUrl":"https:\/\/houseofotoko.com\/wp-content\/uploads\/2026\/02\/Nutty-biscuit-scent-Premium-Soy-Candle.webp","width":600,"height":600,"caption":"Nutty biscuit scent Premium Soy Candle"},{"@type":"BreadcrumbList","@id":"https:\/\/houseofotoko.com\/product\/nutty-biscuit-premium-soy-candle\/#breadcrumb","itemListElement":[{"@type":"ListItem","position":1,"name":"Home","item":"https:\/\/houseofotoko.com\/"},{"@type":"ListItem","position":2,"name":"Shop","item":"https:\/\/houseofotoko.com\/shop\/"},{"@type":"ListItem","position":3,"name":"Nutty Biscuit Premium Soy Candle"}]},{"@type":"WebSite","@id":"https:\/\/houseofotoko.com\/#website","url":"https:\/\/houseofotoko.com\/","name":"House of Otoko","description":"","publisher":{"@id":"https:\/\/houseofotoko.com\/#organization"},"potentialAction":[{"@type":"SearchAction","target":{"@type":"EntryPoint","urlTemplate":"https:\/\/houseofotoko.com\/?s={search_term_string}"},"query-input":{"@type":"PropertyValueSpecification","valueRequired":true,"valueName":"search_term_string"}}],"inLanguage":"fr-FR"},{"@type":"Organization","@id":"https:\/\/houseofotoko.com\/#organization","name":"House of Otoko","url":"https:\/\/houseofotoko.com\/","logo":{"@type":"ImageObject","inLanguage":"fr-FR","@id":"https:\/\/houseofotoko.com\/#\/schema\/logo\/image\/","url":"https:\/\/mlfln9ez57ke.i.optimole.com\/w:1123\/h:1038\/q:mauto\/f:best\/ig:avif\/https:\/\/houseofotoko.com\/wp-content\/uploads\/2025\/01\/LOGO-PNG-1.png","contentUrl":"https:\/\/mlfln9ez57ke.i.optimole.com\/w:1123\/h:1038\/q:mauto\/f:best\/ig:avif\/https:\/\/houseofotoko.com\/wp-content\/uploads\/2025\/01\/LOGO-PNG-1.png","width":1123,"height":1038,"caption":"House of Otoko"},"image":{"@id":"https:\/\/houseofotoko.com\/#\/schema\/logo\/image\/"},"sameAs":["https:\/\/www.instagram.com\/houseofotoko\/"]}]}},"_links":{"self":[{"href":"https:\/\/houseofotoko.com\/fr\/wp-json\/wp\/v2\/product\/1495","targetHints":{"allow":["GET"]}}],"collection":[{"href":"https:\/\/houseofotoko.com\/fr\/wp-json\/wp\/v2\/product"}],"about":[{"href":"https:\/\/houseofotoko.com\/fr\/wp-json\/wp\/v2\/types\/product"}],"replies":[{"embeddable":true,"href":"https:\/\/houseofotoko.com\/fr\/wp-json\/wp\/v2\/comments?post=1495"}],"wp:featuredmedia":[{"embeddable":true,"href":"https:\/\/houseofotoko.com\/fr\/wp-json\/wp\/v2\/media\/1497"}],"wp:attachment":[{"href":"https:\/\/houseofotoko.com\/fr\/wp-json\/wp\/v2\/media?parent=1495"}],"wp:term":[{"taxonomy":"product_brand","embeddable":true,"href":"https:\/\/houseofotoko.com\/fr\/wp-json\/wp\/v2\/product_brand?post=1495"},{"taxonomy":"product_cat","embeddable":true,"href":"https:\/\/houseofotoko.com\/fr\/wp-json\/wp\/v2\/product_cat?post=1495"},{"taxonomy":"product_tag","embeddable":true,"href":"https:\/\/houseofotoko.com\/fr\/wp-json\/wp\/v2\/product_tag?post=1495"}],"curies":[{"name":"wp","href":"https:\/\/api.w.org\/{rel}","templated":true}]}}