{"id":1493,"date":"2026-02-18T16:15:35","date_gmt":"2026-02-18T16:15:35","guid":{"rendered":"https:\/\/houseofotoko.com\/?post_type=product&#038;p=1493"},"modified":"2026-02-18T16:40:25","modified_gmt":"2026-02-18T16:40:25","slug":"palo-santo-incense-sticks","status":"publish","type":"product","link":"https:\/\/houseofotoko.com\/fr\/produit\/palo-santo-incense-sticks\/","title":{"rendered":"Encens Palo Santo\u00a0"},"content":{"rendered":"<h3 data-start=\"135\" data-end=\"177\"><strong data-start=\"135\" data-end=\"177\">Encens Palo Santo\u00a0<\/strong><\/h3>\n<p data-start=\"179\" data-end=\"212\">Un rituel pur. Rien d'inutile.<\/p>\n<p data-start=\"214\" data-end=\"427\">Ces b\u00e2tonnets d'encens Palo Santo apportent une <strong>une atmosph\u00e8re sereine et apaisante<\/strong> dans votre espace. Connu sous le nom de \u201cbois sacr\u00e9\u201d, le Palo Santo est utilis\u00e9 depuis des si\u00e8cles pour purifier l'\u00e9nergie, aiguiser la concentration et cr\u00e9er un moment de calme.<\/p>\n<p data-start=\"429\" data-end=\"606\">Le parfum est chaud, bois\u00e9 et l\u00e9g\u00e8rement r\u00e9sineux avec une subtile douceur naturelle. Il n'est pas trop fort. Pas artificiel. Juste une fum\u00e9e pure et sacr\u00e9e qui persiste doucement en arri\u00e8re-plan.<\/p>\n<p data-start=\"608\" data-end=\"768\">Allumez un b\u00e2ton pendant votre routine matinale, avant l'entra\u00eenement, pendant la m\u00e9ditation ou \u00e0 la fin d'une longue journ\u00e9e. Il transforme les moments ordinaires en moments intentionnels.<\/p>\n<p data-start=\"1121\" data-end=\"1401\"><strong data-start=\"1121\" data-end=\"1137\">Caract\u00e9ristiques principales :<\/strong><\/p>\n<ul>\n<li data-start=\"1121\" data-end=\"1401\"><em><strong>Parfum naturel de Palo Santo<\/strong><\/em><\/li>\n<li data-start=\"1121\" data-end=\"1401\"><em><strong>Ar\u00f4me chaud, bois\u00e9 et subtilement sucr\u00e9<\/strong><\/em><\/li>\n<li data-start=\"1121\" data-end=\"1401\"><em><strong>Set de 3 b\u00e2tons d'encens<\/strong><\/em><\/li>\n<li data-start=\"1121\" data-end=\"1401\"><em><strong>environ 10-12 cm de long<\/strong><\/em><\/li>\n<li data-start=\"1121\" data-end=\"1401\"><em><strong>provenant de sources \u00e9thiques et durables.<\/strong><\/em><\/li>\n<li data-start=\"1121\" data-end=\"1401\"><em><strong>Exp\u00e9rience minimale et atmosph\u00e9rique<\/strong><\/em><\/li>\n<li data-start=\"1121\" data-end=\"1401\"><em><strong>Marque : Andyourstories<\/strong><\/em><\/li>\n<\/ul>\n<hr \/>\n<p data-start=\"1403\" data-end=\"1505\">Pour ceux qui appr\u00e9cient le silence, la concentration et la pr\u00e9sence. Parfait pour les rituels, la concentration et la relaxation<\/p>\n<hr \/>\n<p data-start=\"1403\" data-end=\"1505\">","protected":false},"excerpt":{"rendered":"<p data-start=\"461\" data-end=\"507\">Ces b\u00e2tonnets d'encens Palo Santo conf\u00e8rent \u00e0 votre espace une atmosph\u00e8re de terre et de calme. Connu sous le nom de \u201cbois sacr\u00e9\u201d, le Palo Santo est utilis\u00e9 depuis des si\u00e8cles pour purifier l'\u00e9nergie, aiguiser la concentration et cr\u00e9er un moment de calme.<\/p>","protected":false},"featured_media":1494,"comment_status":"closed","ping_status":"closed","template":"","meta":{"neve_meta_sidebar":"","neve_meta_container":"","neve_meta_enable_content_width":"off","neve_meta_content_width":100,"neve_meta_title_alignment":"","neve_meta_author_avatar":"","neve_post_elements_order":"","neve_meta_disable_header":"","neve_meta_disable_footer":"","neve_meta_disable_title":"","neve_meta_reading_time":"","_themeisle_gutenberg_block_has_review":false,"neve_tabs_data":"","neve_override_tab_layout":""},"product_brand":[212],"product_cat":[16,22,37,46],"product_tag":[214,215],"class_list":{"0":"post-1493","1":"product","2":"type-product","3":"status-publish","4":"has-post-thumbnail","6":"product_brand-andyourstories","7":"product_cat-all","8":"product_cat-living","9":"product_cat-shop","10":"product_cat-usefull","11":"product_tag-insence","12":"product_tag-palo-santo","13":"product_shipping_class-standard-package","15":"first","16":"instock","17":"taxable","18":"shipping-taxable","19":"purchasable","20":"product-type-simple"},"yoast_head":"<!-- This site is optimized with the Yoast SEO plugin v27.4 - https:\/\/yoast.com\/product\/yoast-seo-wordpress\/ -->\n<title>Palo Santo Incense Sticks\u00a0 - House of Otoko<\/title>\n<meta name=\"description\" content=\"These Palo Santo incense sticks bring a grounded, calming atmosphere into your space. Known as \u201choly wood,\u201d Palo Santo has been used for centuries.\" \/>\n<meta name=\"robots\" content=\"index, follow, max-snippet:-1, max-image-preview:large, max-video-preview:-1\" \/>\n<link rel=\"canonical\" href=\"https:\/\/houseofotoko.com\/fr\/produit\/palo-santo-incense-sticks\/\" \/>\n<meta property=\"og:locale\" content=\"fr_FR\" \/>\n<meta property=\"og:type\" content=\"article\" \/>\n<meta property=\"og:title\" content=\"Palo Santo Incense Sticks\u00a0 - House of Otoko\" \/>\n<meta property=\"og:description\" content=\"These Palo Santo incense sticks bring a grounded, calming atmosphere into your space. Known as \u201choly wood,\u201d Palo Santo has been used for centuries.\" \/>\n<meta property=\"og:url\" content=\"https:\/\/houseofotoko.com\/fr\/produit\/palo-santo-incense-sticks\/\" \/>\n<meta property=\"og:site_name\" content=\"House of Otoko\" \/>\n<meta property=\"article:modified_time\" content=\"2026-02-18T16:40:25+00:00\" \/>\n<meta property=\"og:image\" content=\"https:\/\/houseofotoko.com\/wp-content\/uploads\/2026\/02\/Palo-Santo.webp\" \/>\n\t<meta property=\"og:image:width\" content=\"600\" \/>\n\t<meta property=\"og:image:height\" content=\"600\" \/>\n\t<meta property=\"og:image:type\" content=\"image\/webp\" \/>\n<meta name=\"twitter:card\" content=\"summary_large_image\" \/>\n<meta name=\"twitter:label1\" content=\"Dur\u00e9e de lecture estim\u00e9e\" \/>\n\t<meta name=\"twitter:data1\" content=\"1 minute\" \/>\n<script type=\"application\/ld+json\" class=\"yoast-schema-graph\">{\"@context\":\"https:\\\/\\\/schema.org\",\"@graph\":[{\"@type\":\"WebPage\",\"@id\":\"https:\\\/\\\/houseofotoko.com\\\/product\\\/palo-santo-incense-sticks\\\/\",\"url\":\"https:\\\/\\\/houseofotoko.com\\\/product\\\/palo-santo-incense-sticks\\\/\",\"name\":\"Palo Santo Incense Sticks\u00a0 - House of Otoko\",\"isPartOf\":{\"@id\":\"https:\\\/\\\/houseofotoko.com\\\/#website\"},\"primaryImageOfPage\":{\"@id\":\"https:\\\/\\\/houseofotoko.com\\\/product\\\/palo-santo-incense-sticks\\\/#primaryimage\"},\"image\":{\"@id\":\"https:\\\/\\\/houseofotoko.com\\\/product\\\/palo-santo-incense-sticks\\\/#primaryimage\"},\"thumbnailUrl\":\"https:\\\/\\\/houseofotoko.com\\\/wp-content\\\/uploads\\\/2026\\\/02\\\/Palo-Santo.webp\",\"datePublished\":\"2026-02-18T16:15:35+00:00\",\"dateModified\":\"2026-02-18T16:40:25+00:00\",\"description\":\"These Palo Santo incense sticks bring a grounded, calming atmosphere into your space. Known as \u201choly wood,\u201d Palo Santo has been used for centuries.\",\"breadcrumb\":{\"@id\":\"https:\\\/\\\/houseofotoko.com\\\/product\\\/palo-santo-incense-sticks\\\/#breadcrumb\"},\"inLanguage\":\"fr-FR\",\"potentialAction\":[{\"@type\":\"ReadAction\",\"target\":[\"https:\\\/\\\/houseofotoko.com\\\/product\\\/palo-santo-incense-sticks\\\/\"]}]},{\"@type\":\"ImageObject\",\"inLanguage\":\"fr-FR\",\"@id\":\"https:\\\/\\\/houseofotoko.com\\\/product\\\/palo-santo-incense-sticks\\\/#primaryimage\",\"url\":\"https:\\\/\\\/houseofotoko.com\\\/wp-content\\\/uploads\\\/2026\\\/02\\\/Palo-Santo.webp\",\"contentUrl\":\"https:\\\/\\\/houseofotoko.com\\\/wp-content\\\/uploads\\\/2026\\\/02\\\/Palo-Santo.webp\",\"width\":600,\"height\":600,\"caption\":\"Palo Santo - House of Otoko\"},{\"@type\":\"BreadcrumbList\",\"@id\":\"https:\\\/\\\/houseofotoko.com\\\/product\\\/palo-santo-incense-sticks\\\/#breadcrumb\",\"itemListElement\":[{\"@type\":\"ListItem\",\"position\":1,\"name\":\"Home\",\"item\":\"https:\\\/\\\/houseofotoko.com\\\/\"},{\"@type\":\"ListItem\",\"position\":2,\"name\":\"Shop\",\"item\":\"https:\\\/\\\/houseofotoko.com\\\/shop\\\/\"},{\"@type\":\"ListItem\",\"position\":3,\"name\":\"Palo Santo Incense Sticks\u00a0\"}]},{\"@type\":\"WebSite\",\"@id\":\"https:\\\/\\\/houseofotoko.com\\\/#website\",\"url\":\"https:\\\/\\\/houseofotoko.com\\\/\",\"name\":\"House of Otoko\",\"description\":\"\",\"publisher\":{\"@id\":\"https:\\\/\\\/houseofotoko.com\\\/#organization\"},\"potentialAction\":[{\"@type\":\"SearchAction\",\"target\":{\"@type\":\"EntryPoint\",\"urlTemplate\":\"https:\\\/\\\/houseofotoko.com\\\/?s={search_term_string}\"},\"query-input\":{\"@type\":\"PropertyValueSpecification\",\"valueRequired\":true,\"valueName\":\"search_term_string\"}}],\"inLanguage\":\"fr-FR\"},{\"@type\":\"Organization\",\"@id\":\"https:\\\/\\\/houseofotoko.com\\\/#organization\",\"name\":\"House of Otoko\",\"url\":\"https:\\\/\\\/houseofotoko.com\\\/\",\"logo\":{\"@type\":\"ImageObject\",\"inLanguage\":\"fr-FR\",\"@id\":\"https:\\\/\\\/houseofotoko.com\\\/#\\\/schema\\\/logo\\\/image\\\/\",\"url\":\"https:\\\/\\\/mlfln9ez57ke.i.optimole.com\\\/w:1123\\\/h:1038\\\/q:mauto\\\/f:best\\\/ig:avif\\\/https:\\\/\\\/houseofotoko.com\\\/wp-content\\\/uploads\\\/2025\\\/01\\\/LOGO-PNG-1.png\",\"contentUrl\":\"https:\\\/\\\/mlfln9ez57ke.i.optimole.com\\\/w:1123\\\/h:1038\\\/q:mauto\\\/f:best\\\/ig:avif\\\/https:\\\/\\\/houseofotoko.com\\\/wp-content\\\/uploads\\\/2025\\\/01\\\/LOGO-PNG-1.png\",\"width\":1123,\"height\":1038,\"caption\":\"House of Otoko\"},\"image\":{\"@id\":\"https:\\\/\\\/houseofotoko.com\\\/#\\\/schema\\\/logo\\\/image\\\/\"},\"sameAs\":[\"https:\\\/\\\/www.instagram.com\\\/houseofotoko\\\/\"]}]}<\/script>\n<!-- \/ Yoast SEO plugin. -->","yoast_head_json":{"title":"Palo Santo Incense Sticks\u00a0 - House of Otoko","description":"These Palo Santo incense sticks bring a grounded, calming atmosphere into your space. Known as \u201choly wood,\u201d Palo Santo has been used for centuries.","robots":{"index":"index","follow":"follow","max-snippet":"max-snippet:-1","max-image-preview":"max-image-preview:large","max-video-preview":"max-video-preview:-1"},"canonical":"https:\/\/houseofotoko.com\/fr\/produit\/palo-santo-incense-sticks\/","og_locale":"fr_FR","og_type":"article","og_title":"Palo Santo Incense Sticks\u00a0 - House of Otoko","og_description":"These Palo Santo incense sticks bring a grounded, calming atmosphere into your space. Known as \u201choly wood,\u201d Palo Santo has been used for centuries.","og_url":"https:\/\/houseofotoko.com\/fr\/produit\/palo-santo-incense-sticks\/","og_site_name":"House of Otoko","article_modified_time":"2026-02-18T16:40:25+00:00","og_image":[{"width":600,"height":600,"url":"https:\/\/houseofotoko.com\/wp-content\/uploads\/2026\/02\/Palo-Santo.webp","type":"image\/webp"}],"twitter_card":"summary_large_image","twitter_misc":{"Dur\u00e9e de lecture estim\u00e9e":"1 minute"},"schema":{"@context":"https:\/\/schema.org","@graph":[{"@type":"WebPage","@id":"https:\/\/houseofotoko.com\/product\/palo-santo-incense-sticks\/","url":"https:\/\/houseofotoko.com\/product\/palo-santo-incense-sticks\/","name":"Palo Santo Incense Sticks\u00a0 - House of Otoko","isPartOf":{"@id":"https:\/\/houseofotoko.com\/#website"},"primaryImageOfPage":{"@id":"https:\/\/houseofotoko.com\/product\/palo-santo-incense-sticks\/#primaryimage"},"image":{"@id":"https:\/\/houseofotoko.com\/product\/palo-santo-incense-sticks\/#primaryimage"},"thumbnailUrl":"https:\/\/houseofotoko.com\/wp-content\/uploads\/2026\/02\/Palo-Santo.webp","datePublished":"2026-02-18T16:15:35+00:00","dateModified":"2026-02-18T16:40:25+00:00","description":"These Palo Santo incense sticks bring a grounded, calming atmosphere into your space. Known as \u201choly wood,\u201d Palo Santo has been used for centuries.","breadcrumb":{"@id":"https:\/\/houseofotoko.com\/product\/palo-santo-incense-sticks\/#breadcrumb"},"inLanguage":"fr-FR","potentialAction":[{"@type":"ReadAction","target":["https:\/\/houseofotoko.com\/product\/palo-santo-incense-sticks\/"]}]},{"@type":"ImageObject","inLanguage":"fr-FR","@id":"https:\/\/houseofotoko.com\/product\/palo-santo-incense-sticks\/#primaryimage","url":"https:\/\/houseofotoko.com\/wp-content\/uploads\/2026\/02\/Palo-Santo.webp","contentUrl":"https:\/\/houseofotoko.com\/wp-content\/uploads\/2026\/02\/Palo-Santo.webp","width":600,"height":600,"caption":"Palo Santo - House of Otoko"},{"@type":"BreadcrumbList","@id":"https:\/\/houseofotoko.com\/product\/palo-santo-incense-sticks\/#breadcrumb","itemListElement":[{"@type":"ListItem","position":1,"name":"Home","item":"https:\/\/houseofotoko.com\/"},{"@type":"ListItem","position":2,"name":"Shop","item":"https:\/\/houseofotoko.com\/shop\/"},{"@type":"ListItem","position":3,"name":"Palo Santo Incense Sticks\u00a0"}]},{"@type":"WebSite","@id":"https:\/\/houseofotoko.com\/#website","url":"https:\/\/houseofotoko.com\/","name":"House of Otoko","description":"","publisher":{"@id":"https:\/\/houseofotoko.com\/#organization"},"potentialAction":[{"@type":"SearchAction","target":{"@type":"EntryPoint","urlTemplate":"https:\/\/houseofotoko.com\/?s={search_term_string}"},"query-input":{"@type":"PropertyValueSpecification","valueRequired":true,"valueName":"search_term_string"}}],"inLanguage":"fr-FR"},{"@type":"Organization","@id":"https:\/\/houseofotoko.com\/#organization","name":"House of Otoko","url":"https:\/\/houseofotoko.com\/","logo":{"@type":"ImageObject","inLanguage":"fr-FR","@id":"https:\/\/houseofotoko.com\/#\/schema\/logo\/image\/","url":"https:\/\/mlfln9ez57ke.i.optimole.com\/w:1123\/h:1038\/q:mauto\/f:best\/ig:avif\/https:\/\/houseofotoko.com\/wp-content\/uploads\/2025\/01\/LOGO-PNG-1.png","contentUrl":"https:\/\/mlfln9ez57ke.i.optimole.com\/w:1123\/h:1038\/q:mauto\/f:best\/ig:avif\/https:\/\/houseofotoko.com\/wp-content\/uploads\/2025\/01\/LOGO-PNG-1.png","width":1123,"height":1038,"caption":"House of Otoko"},"image":{"@id":"https:\/\/houseofotoko.com\/#\/schema\/logo\/image\/"},"sameAs":["https:\/\/www.instagram.com\/houseofotoko\/"]}]}},"_links":{"self":[{"href":"https:\/\/houseofotoko.com\/fr\/wp-json\/wp\/v2\/product\/1493","targetHints":{"allow":["GET"]}}],"collection":[{"href":"https:\/\/houseofotoko.com\/fr\/wp-json\/wp\/v2\/product"}],"about":[{"href":"https:\/\/houseofotoko.com\/fr\/wp-json\/wp\/v2\/types\/product"}],"replies":[{"embeddable":true,"href":"https:\/\/houseofotoko.com\/fr\/wp-json\/wp\/v2\/comments?post=1493"}],"wp:featuredmedia":[{"embeddable":true,"href":"https:\/\/houseofotoko.com\/fr\/wp-json\/wp\/v2\/media\/1494"}],"wp:attachment":[{"href":"https:\/\/houseofotoko.com\/fr\/wp-json\/wp\/v2\/media?parent=1493"}],"wp:term":[{"taxonomy":"product_brand","embeddable":true,"href":"https:\/\/houseofotoko.com\/fr\/wp-json\/wp\/v2\/product_brand?post=1493"},{"taxonomy":"product_cat","embeddable":true,"href":"https:\/\/houseofotoko.com\/fr\/wp-json\/wp\/v2\/product_cat?post=1493"},{"taxonomy":"product_tag","embeddable":true,"href":"https:\/\/houseofotoko.com\/fr\/wp-json\/wp\/v2\/product_tag?post=1493"}],"curies":[{"name":"wp","href":"https:\/\/api.w.org\/{rel}","templated":true}]}}