{"id":1486,"date":"2026-02-18T15:47:18","date_gmt":"2026-02-18T15:47:18","guid":{"rendered":"https:\/\/houseofotoko.com\/?post_type=product&#038;p=1486"},"modified":"2026-02-18T15:56:46","modified_gmt":"2026-02-18T15:56:46","slug":"roasted-chestnut-premium-soy-candle","status":"publish","type":"product","link":"https:\/\/houseofotoko.com\/fr\/produit\/roasted-chestnut-premium-soy-candle\/","title":{"rendered":"Bougie de soja Premium aux marrons grill\u00e9s"},"content":{"rendered":"<h3 data-start=\"392\" data-end=\"442\"><strong data-start=\"392\" data-end=\"442\">Bougie de soja Premium aux marrons grill\u00e9s<\/strong><\/h3>\n<p data-start=\"444\" data-end=\"766\">La bougie Roasted Chestnut apporte chaleur et confort dans votre espace avec un parfum qui rappelle l'air vif de l'automne et les feux de chemin\u00e9e. Fabriqu\u00e9e \u00e0 partir de cire de soja europ\u00e9enne 100 %, cette bougie br\u00fble proprement et r\u00e9guli\u00e8rement pendant 20 \u00e0 25 heures, vous permettant de prolonger les moments de calme et de pr\u00e9sence.<\/p>\n<p data-start=\"768\" data-end=\"1144\">Les notes de ch\u00e2taigne et de tonka se fondent dans un parfum chaud, l\u00e9g\u00e8rement sucr\u00e9 et l\u00e9g\u00e8rement gourmand qui remplit la pi\u00e8ce sans la dominer. Vers\u00e9e \u00e0 la main par des artisans de Budapest, cette bougie est v\u00e9g\u00e9talienne, sans cruaut\u00e9, sans phtalates ni d\u00e9riv\u00e9s du p\u00e9trole, et est livr\u00e9e avec une m\u00e8che en coton \u00e9cologique pour une exp\u00e9rience attentive de la premi\u00e8re \u00e0 la derni\u00e8re lueur.<\/p>\n<p data-start=\"1121\" data-end=\"1401\"><strong data-start=\"1121\" data-end=\"1137\">Caract\u00e9ristiques principales :<\/strong><\/p>\n<ul>\n<li data-start=\"1121\" data-end=\"1401\"><strong><em data-start=\"1167\" data-end=\"1198\">Ar\u00f4me chaud de ch\u00e2taigne et de tonka<\/em><\/strong><\/li>\n<li data-start=\"1121\" data-end=\"1401\"><strong><em>Taille : hauteur : 6,5 cm - diam\u00e8tre : 6,5 cm<\/em><\/strong><\/li>\n<li data-start=\"1121\" data-end=\"1401\"><em><strong>Volume : 120 ml<\/strong><\/em><\/li>\n<li><strong><em>22-25 heures de combustion<\/em><\/strong><\/li>\n<li data-start=\"1121\" data-end=\"1401\"><strong><em>100 % Cire de soja europ\u00e9enne <\/em><\/strong><\/li>\n<li data-start=\"1121\" data-end=\"1401\"><strong><em>Artisanat coul\u00e9 \u00e0 la main <\/em><\/strong><\/li>\n<li data-start=\"1121\" data-end=\"1401\"><strong><em> Vegan, sans cruaut\u00e9, sans phtalates ni d\u00e9riv\u00e9s du p\u00e9trole<\/em><\/strong><\/li>\n<li data-start=\"1121\" data-end=\"1401\"><em><strong>Marque : Andyourstories<\/strong><\/em><\/li>\n<\/ul>\n<hr \/>\n<p data-start=\"1403\" data-end=\"1505\">Roasted Chestnut (ch\u00e2taigne grill\u00e9e) est destin\u00e9 \u00e0 tous ceux qui souhaitent que leur environnement soit \u00e0 la fois solide et riche. Allumez-le lorsque vous ralentissez, r\u00e9fl\u00e9chissez et vous laissez envahir par la chaleur.<\/p>\n<hr \/>\n<p data-start=\"1403\" data-end=\"1505\">","protected":false},"excerpt":{"rendered":"<p data-start=\"461\" data-end=\"507\">Ch\u00e2taigne grill\u00e9e avec un soup\u00e7on de tonka. Chaud, sucr\u00e9, l\u00e9g\u00e8rement gourmand avec un caract\u00e8re masculin subtil, semblable \u00e0 un parfum, c'est un vrai parfum de confort. Si vous aimez les parfums distinctifs, vous aimerez celui-ci aussi.<\/p>","protected":false},"featured_media":1487,"comment_status":"closed","ping_status":"closed","template":"","meta":{"neve_meta_sidebar":"","neve_meta_container":"","neve_meta_enable_content_width":"off","neve_meta_content_width":100,"neve_meta_title_alignment":"","neve_meta_author_avatar":"","neve_post_elements_order":"","neve_meta_disable_header":"","neve_meta_disable_footer":"","neve_meta_disable_title":"","neve_meta_reading_time":"","_themeisle_gutenberg_block_has_review":false,"neve_tabs_data":"","neve_override_tab_layout":""},"product_brand":[212],"product_cat":[16,51,22,37],"product_tag":[210,213],"class_list":{"0":"post-1486","1":"product","2":"type-product","3":"status-publish","4":"has-post-thumbnail","6":"product_brand-andyourstories","7":"product_cat-all","8":"product_cat-lighting","9":"product_cat-living","10":"product_cat-shop","11":"product_tag-candle","12":"product_tag-roasted-chesnut","13":"product_shipping_class-standard-package","15":"first","16":"instock","17":"taxable","18":"shipping-taxable","19":"purchasable","20":"product-type-simple"},"yoast_head":"<!-- This site is optimized with the Yoast SEO plugin v27.4 - https:\/\/yoast.com\/product\/yoast-seo-wordpress\/ -->\n<title>Roasted Chestnut Premium Soy Candle - House of Otoko<\/title>\n<meta name=\"description\" content=\"Roasted chestnut with a hint of tonka. Warm, sweet, slightly gourmand with a subtle masculine, perfume-like character it&#039;s a true comfort scent.\" \/>\n<meta name=\"robots\" content=\"index, follow, max-snippet:-1, max-image-preview:large, max-video-preview:-1\" \/>\n<link rel=\"canonical\" href=\"https:\/\/houseofotoko.com\/fr\/produit\/roasted-chestnut-premium-soy-candle\/\" \/>\n<meta property=\"og:locale\" content=\"fr_FR\" \/>\n<meta property=\"og:type\" content=\"article\" \/>\n<meta property=\"og:title\" content=\"Roasted Chestnut Premium Soy Candle - House of Otoko\" \/>\n<meta property=\"og:description\" content=\"Roasted chestnut with a hint of tonka. Warm, sweet, slightly gourmand with a subtle masculine, perfume-like character it&#039;s a true comfort scent.\" \/>\n<meta property=\"og:url\" content=\"https:\/\/houseofotoko.com\/fr\/produit\/roasted-chestnut-premium-soy-candle\/\" \/>\n<meta property=\"og:site_name\" content=\"House of Otoko\" \/>\n<meta property=\"article:modified_time\" content=\"2026-02-18T15:56:46+00:00\" \/>\n<meta property=\"og:image\" content=\"https:\/\/houseofotoko.com\/wp-content\/uploads\/2026\/02\/Roasted-Chesnut-scent-Premium-Soy-Candle-andyourstories-House-of-Otoko-2.webp\" \/>\n\t<meta property=\"og:image:width\" content=\"600\" \/>\n\t<meta property=\"og:image:height\" content=\"600\" \/>\n\t<meta property=\"og:image:type\" content=\"image\/webp\" \/>\n<meta name=\"twitter:card\" content=\"summary_large_image\" \/>\n<meta name=\"twitter:label1\" content=\"Dur\u00e9e de lecture estim\u00e9e\" \/>\n\t<meta name=\"twitter:data1\" content=\"2 minutes\" \/>\n<script type=\"application\/ld+json\" class=\"yoast-schema-graph\">{\"@context\":\"https:\\\/\\\/schema.org\",\"@graph\":[{\"@type\":\"WebPage\",\"@id\":\"https:\\\/\\\/houseofotoko.com\\\/product\\\/roasted-chestnut-premium-soy-candle\\\/\",\"url\":\"https:\\\/\\\/houseofotoko.com\\\/product\\\/roasted-chestnut-premium-soy-candle\\\/\",\"name\":\"Roasted Chestnut Premium Soy Candle - House of Otoko\",\"isPartOf\":{\"@id\":\"https:\\\/\\\/houseofotoko.com\\\/#website\"},\"primaryImageOfPage\":{\"@id\":\"https:\\\/\\\/houseofotoko.com\\\/product\\\/roasted-chestnut-premium-soy-candle\\\/#primaryimage\"},\"image\":{\"@id\":\"https:\\\/\\\/houseofotoko.com\\\/product\\\/roasted-chestnut-premium-soy-candle\\\/#primaryimage\"},\"thumbnailUrl\":\"https:\\\/\\\/houseofotoko.com\\\/wp-content\\\/uploads\\\/2026\\\/02\\\/Roasted-Chesnut-scent-Premium-Soy-Candle-andyourstories-House-of-Otoko-2.webp\",\"datePublished\":\"2026-02-18T15:47:18+00:00\",\"dateModified\":\"2026-02-18T15:56:46+00:00\",\"description\":\"Roasted chestnut with a hint of tonka. Warm, sweet, slightly gourmand with a subtle masculine, perfume-like character it's a true comfort scent.\",\"breadcrumb\":{\"@id\":\"https:\\\/\\\/houseofotoko.com\\\/product\\\/roasted-chestnut-premium-soy-candle\\\/#breadcrumb\"},\"inLanguage\":\"fr-FR\",\"potentialAction\":[{\"@type\":\"ReadAction\",\"target\":[\"https:\\\/\\\/houseofotoko.com\\\/product\\\/roasted-chestnut-premium-soy-candle\\\/\"]}]},{\"@type\":\"ImageObject\",\"inLanguage\":\"fr-FR\",\"@id\":\"https:\\\/\\\/houseofotoko.com\\\/product\\\/roasted-chestnut-premium-soy-candle\\\/#primaryimage\",\"url\":\"https:\\\/\\\/houseofotoko.com\\\/wp-content\\\/uploads\\\/2026\\\/02\\\/Roasted-Chesnut-scent-Premium-Soy-Candle-andyourstories-House-of-Otoko-2.webp\",\"contentUrl\":\"https:\\\/\\\/houseofotoko.com\\\/wp-content\\\/uploads\\\/2026\\\/02\\\/Roasted-Chesnut-scent-Premium-Soy-Candle-andyourstories-House-of-Otoko-2.webp\",\"width\":600,\"height\":600,\"caption\":\"Roasted Chestnut Premium Soy Candle\"},{\"@type\":\"BreadcrumbList\",\"@id\":\"https:\\\/\\\/houseofotoko.com\\\/product\\\/roasted-chestnut-premium-soy-candle\\\/#breadcrumb\",\"itemListElement\":[{\"@type\":\"ListItem\",\"position\":1,\"name\":\"Home\",\"item\":\"https:\\\/\\\/houseofotoko.com\\\/\"},{\"@type\":\"ListItem\",\"position\":2,\"name\":\"Shop\",\"item\":\"https:\\\/\\\/houseofotoko.com\\\/shop\\\/\"},{\"@type\":\"ListItem\",\"position\":3,\"name\":\"Roasted Chestnut Premium Soy Candle\"}]},{\"@type\":\"WebSite\",\"@id\":\"https:\\\/\\\/houseofotoko.com\\\/#website\",\"url\":\"https:\\\/\\\/houseofotoko.com\\\/\",\"name\":\"House of Otoko\",\"description\":\"\",\"publisher\":{\"@id\":\"https:\\\/\\\/houseofotoko.com\\\/#organization\"},\"potentialAction\":[{\"@type\":\"SearchAction\",\"target\":{\"@type\":\"EntryPoint\",\"urlTemplate\":\"https:\\\/\\\/houseofotoko.com\\\/?s={search_term_string}\"},\"query-input\":{\"@type\":\"PropertyValueSpecification\",\"valueRequired\":true,\"valueName\":\"search_term_string\"}}],\"inLanguage\":\"fr-FR\"},{\"@type\":\"Organization\",\"@id\":\"https:\\\/\\\/houseofotoko.com\\\/#organization\",\"name\":\"House of Otoko\",\"url\":\"https:\\\/\\\/houseofotoko.com\\\/\",\"logo\":{\"@type\":\"ImageObject\",\"inLanguage\":\"fr-FR\",\"@id\":\"https:\\\/\\\/houseofotoko.com\\\/#\\\/schema\\\/logo\\\/image\\\/\",\"url\":\"https:\\\/\\\/mlfln9ez57ke.i.optimole.com\\\/w:1123\\\/h:1038\\\/q:mauto\\\/f:best\\\/ig:avif\\\/https:\\\/\\\/houseofotoko.com\\\/wp-content\\\/uploads\\\/2025\\\/01\\\/LOGO-PNG-1.png\",\"contentUrl\":\"https:\\\/\\\/mlfln9ez57ke.i.optimole.com\\\/w:1123\\\/h:1038\\\/q:mauto\\\/f:best\\\/ig:avif\\\/https:\\\/\\\/houseofotoko.com\\\/wp-content\\\/uploads\\\/2025\\\/01\\\/LOGO-PNG-1.png\",\"width\":1123,\"height\":1038,\"caption\":\"House of Otoko\"},\"image\":{\"@id\":\"https:\\\/\\\/houseofotoko.com\\\/#\\\/schema\\\/logo\\\/image\\\/\"},\"sameAs\":[\"https:\\\/\\\/www.instagram.com\\\/houseofotoko\\\/\"]}]}<\/script>\n<!-- \/ Yoast SEO plugin. -->","yoast_head_json":{"title":"Roasted Chestnut Premium Soy Candle - House of Otoko","description":"Roasted chestnut with a hint of tonka. Warm, sweet, slightly gourmand with a subtle masculine, perfume-like character it's a true comfort scent.","robots":{"index":"index","follow":"follow","max-snippet":"max-snippet:-1","max-image-preview":"max-image-preview:large","max-video-preview":"max-video-preview:-1"},"canonical":"https:\/\/houseofotoko.com\/fr\/produit\/roasted-chestnut-premium-soy-candle\/","og_locale":"fr_FR","og_type":"article","og_title":"Roasted Chestnut Premium Soy Candle - House of Otoko","og_description":"Roasted chestnut with a hint of tonka. Warm, sweet, slightly gourmand with a subtle masculine, perfume-like character it's a true comfort scent.","og_url":"https:\/\/houseofotoko.com\/fr\/produit\/roasted-chestnut-premium-soy-candle\/","og_site_name":"House of Otoko","article_modified_time":"2026-02-18T15:56:46+00:00","og_image":[{"width":600,"height":600,"url":"https:\/\/houseofotoko.com\/wp-content\/uploads\/2026\/02\/Roasted-Chesnut-scent-Premium-Soy-Candle-andyourstories-House-of-Otoko-2.webp","type":"image\/webp"}],"twitter_card":"summary_large_image","twitter_misc":{"Dur\u00e9e de lecture estim\u00e9e":"2 minutes"},"schema":{"@context":"https:\/\/schema.org","@graph":[{"@type":"WebPage","@id":"https:\/\/houseofotoko.com\/product\/roasted-chestnut-premium-soy-candle\/","url":"https:\/\/houseofotoko.com\/product\/roasted-chestnut-premium-soy-candle\/","name":"Roasted Chestnut Premium Soy Candle - House of Otoko","isPartOf":{"@id":"https:\/\/houseofotoko.com\/#website"},"primaryImageOfPage":{"@id":"https:\/\/houseofotoko.com\/product\/roasted-chestnut-premium-soy-candle\/#primaryimage"},"image":{"@id":"https:\/\/houseofotoko.com\/product\/roasted-chestnut-premium-soy-candle\/#primaryimage"},"thumbnailUrl":"https:\/\/houseofotoko.com\/wp-content\/uploads\/2026\/02\/Roasted-Chesnut-scent-Premium-Soy-Candle-andyourstories-House-of-Otoko-2.webp","datePublished":"2026-02-18T15:47:18+00:00","dateModified":"2026-02-18T15:56:46+00:00","description":"Roasted chestnut with a hint of tonka. Warm, sweet, slightly gourmand with a subtle masculine, perfume-like character it's a true comfort scent.","breadcrumb":{"@id":"https:\/\/houseofotoko.com\/product\/roasted-chestnut-premium-soy-candle\/#breadcrumb"},"inLanguage":"fr-FR","potentialAction":[{"@type":"ReadAction","target":["https:\/\/houseofotoko.com\/product\/roasted-chestnut-premium-soy-candle\/"]}]},{"@type":"ImageObject","inLanguage":"fr-FR","@id":"https:\/\/houseofotoko.com\/product\/roasted-chestnut-premium-soy-candle\/#primaryimage","url":"https:\/\/houseofotoko.com\/wp-content\/uploads\/2026\/02\/Roasted-Chesnut-scent-Premium-Soy-Candle-andyourstories-House-of-Otoko-2.webp","contentUrl":"https:\/\/houseofotoko.com\/wp-content\/uploads\/2026\/02\/Roasted-Chesnut-scent-Premium-Soy-Candle-andyourstories-House-of-Otoko-2.webp","width":600,"height":600,"caption":"Roasted Chestnut Premium Soy Candle"},{"@type":"BreadcrumbList","@id":"https:\/\/houseofotoko.com\/product\/roasted-chestnut-premium-soy-candle\/#breadcrumb","itemListElement":[{"@type":"ListItem","position":1,"name":"Home","item":"https:\/\/houseofotoko.com\/"},{"@type":"ListItem","position":2,"name":"Shop","item":"https:\/\/houseofotoko.com\/shop\/"},{"@type":"ListItem","position":3,"name":"Roasted Chestnut Premium Soy Candle"}]},{"@type":"WebSite","@id":"https:\/\/houseofotoko.com\/#website","url":"https:\/\/houseofotoko.com\/","name":"House of Otoko","description":"","publisher":{"@id":"https:\/\/houseofotoko.com\/#organization"},"potentialAction":[{"@type":"SearchAction","target":{"@type":"EntryPoint","urlTemplate":"https:\/\/houseofotoko.com\/?s={search_term_string}"},"query-input":{"@type":"PropertyValueSpecification","valueRequired":true,"valueName":"search_term_string"}}],"inLanguage":"fr-FR"},{"@type":"Organization","@id":"https:\/\/houseofotoko.com\/#organization","name":"House of Otoko","url":"https:\/\/houseofotoko.com\/","logo":{"@type":"ImageObject","inLanguage":"fr-FR","@id":"https:\/\/houseofotoko.com\/#\/schema\/logo\/image\/","url":"https:\/\/mlfln9ez57ke.i.optimole.com\/w:1123\/h:1038\/q:mauto\/f:best\/ig:avif\/https:\/\/houseofotoko.com\/wp-content\/uploads\/2025\/01\/LOGO-PNG-1.png","contentUrl":"https:\/\/mlfln9ez57ke.i.optimole.com\/w:1123\/h:1038\/q:mauto\/f:best\/ig:avif\/https:\/\/houseofotoko.com\/wp-content\/uploads\/2025\/01\/LOGO-PNG-1.png","width":1123,"height":1038,"caption":"House of Otoko"},"image":{"@id":"https:\/\/houseofotoko.com\/#\/schema\/logo\/image\/"},"sameAs":["https:\/\/www.instagram.com\/houseofotoko\/"]}]}},"_links":{"self":[{"href":"https:\/\/houseofotoko.com\/fr\/wp-json\/wp\/v2\/product\/1486","targetHints":{"allow":["GET"]}}],"collection":[{"href":"https:\/\/houseofotoko.com\/fr\/wp-json\/wp\/v2\/product"}],"about":[{"href":"https:\/\/houseofotoko.com\/fr\/wp-json\/wp\/v2\/types\/product"}],"replies":[{"embeddable":true,"href":"https:\/\/houseofotoko.com\/fr\/wp-json\/wp\/v2\/comments?post=1486"}],"wp:featuredmedia":[{"embeddable":true,"href":"https:\/\/houseofotoko.com\/fr\/wp-json\/wp\/v2\/media\/1487"}],"wp:attachment":[{"href":"https:\/\/houseofotoko.com\/fr\/wp-json\/wp\/v2\/media?parent=1486"}],"wp:term":[{"taxonomy":"product_brand","embeddable":true,"href":"https:\/\/houseofotoko.com\/fr\/wp-json\/wp\/v2\/product_brand?post=1486"},{"taxonomy":"product_cat","embeddable":true,"href":"https:\/\/houseofotoko.com\/fr\/wp-json\/wp\/v2\/product_cat?post=1486"},{"taxonomy":"product_tag","embeddable":true,"href":"https:\/\/houseofotoko.com\/fr\/wp-json\/wp\/v2\/product_tag?post=1486"}],"curies":[{"name":"wp","href":"https:\/\/api.w.org\/{rel}","templated":true}]}}