{"id":1329,"date":"2025-10-16T14:15:59","date_gmt":"2025-10-16T14:15:59","guid":{"rendered":"https:\/\/houseofotoko.com\/?post_type=product&#038;p=1329"},"modified":"2025-10-16T14:56:29","modified_gmt":"2025-10-16T14:56:29","slug":"rubberized-fabric-separate-shoes-case","status":"publish","type":"product","link":"https:\/\/houseofotoko.com\/fr\/produit\/rubberized-fabric-separate-shoes-case\/","title":{"rendered":"Etui \u00e0 chaussures s\u00e9par\u00e9 en tissu caoutchout\u00e9"},"content":{"rendered":"<h2 data-start=\"167\" data-end=\"259\"><strong data-start=\"167\" data-end=\"257\">Etui \u00e0 chaussures s\u00e9par\u00e9 en tissu caoutchout\u00e9\u00a0<\/strong><\/h2>\n<p data-start=\"261\" data-end=\"447\">Un coffre-fort fonctionnel pour vos chaussures. L'\u00e9tui \u00e0 chaussures Puebco 505046 utilise un textile recouvert de caoutchouc pour isoler chaque chaussure dans sa propre chambre. Con\u00e7u pour l'organisation, la protection et l'utilit\u00e9.<\/p>\n<p data-start=\"449\" data-end=\"469\"><strong data-start=\"449\" data-end=\"467\">Sp\u00e9cifications<\/strong><\/p>\n<ul>\n<li data-start=\"554\" data-end=\"641\"><em><strong>Dimensions : 42 \u00d7 4 \u00d7 31 cm<\/strong><\/em><\/li>\n<li data-start=\"644\" data-end=\"757\"><em><strong>Mati\u00e8re : Tissu polyester avec rev\u00eatement caoutchout\u00e9 pour une protection accrue <\/strong><\/em><\/li>\n<li data-start=\"760\" data-end=\"852\"><em><strong>Capacit\u00e9 : Peut contenir une chaussure de chaque c\u00f4t\u00e9 (gauche et droite)<\/strong><\/em><\/li>\n<li data-start=\"855\" data-end=\"938\"><em><strong>Longueur de chaussure compatible : Jusqu'\u00e0 environ 29,0 cm <\/strong><\/em><\/li>\n<li data-start=\"1102\" data-end=\"1208\"><em><strong>Entretien : Essuyer avec un chiffon imbib\u00e9 d'eau puis bien essor\u00e9.\u00a0<\/strong><\/em><\/li>\n<li data-start=\"1211\" data-end=\"1396\"><em><strong>Pr\u00e9cautions d'utilisation : Dans les environnements chauds et humides, le caoutchouc peut se ramollir ou devenir collant. Dans les climats froids et secs, le tissu peut durcir ou se d\u00e9t\u00e9riorer.<\/strong><\/em><\/li>\n<li><strong><em>Marque : <a href=\"https:\/\/houseofotoko.com\/product-categorie\/shop\/brands\/puebco\/\">Puebco<\/a><\/em><\/strong><\/li>\n<\/ul>\n<hr \/>\n<p data-start=\"901\" data-end=\"1060\">Avertissement concernant l'odeur int\u00e9rieure : le tissu caoutchout\u00e9 a une forte odeur qui peut se transmettre aux chaussures entrepos\u00e9es ou aux mat\u00e9riaux environnants.<\/p>\n<hr \/>\n<p data-start=\"901\" data-end=\"1060\">","protected":false},"excerpt":{"rendered":"<p>Mallette \u00e0 chaussures s\u00e9par\u00e9es en tissu caoutchout\u00e9 Mallette \u00e0 chaussures s\u00e9par\u00e9es en tissu caoutchout\u00e9 robuste \u00e0 deux compartiments. Rangez-les proprement, prot\u00e9gez les bords tranchants et transportez-les en toute confiance.<\/p>","protected":false},"featured_media":1332,"comment_status":"open","ping_status":"closed","template":"","meta":{"neve_meta_sidebar":"","neve_meta_container":"","neve_meta_enable_content_width":"off","neve_meta_content_width":100,"neve_meta_title_alignment":"","neve_meta_author_avatar":"","neve_post_elements_order":"","neve_meta_disable_header":"","neve_meta_disable_footer":"","neve_meta_disable_title":"","neve_meta_reading_time":"","_themeisle_gutenberg_block_has_review":false,"neve_tabs_data":"","neve_override_tab_layout":""},"product_brand":[118],"product_cat":[16,43,22,69,45,23],"product_tag":[205,99,83],"class_list":{"0":"post-1329","1":"product","2":"type-product","3":"status-publish","4":"has-post-thumbnail","6":"product_brand-puebco","7":"product_cat-all","8":"product_cat-home-textiles","9":"product_cat-living","10":"product_cat-puebco","11":"product_cat-storage","12":"product_cat-sustainable","13":"product_tag-apron","14":"product_tag-cotton","15":"product_tag-puebco","16":"product_shipping_class-standard-package","18":"first","19":"instock","20":"taxable","21":"shipping-taxable","22":"purchasable","23":"product-type-simple"},"yoast_head":"<!-- This site is optimized with the Yoast SEO plugin v27.4 - https:\/\/yoast.com\/product\/yoast-seo-wordpress\/ -->\n<title>Rubberized Fabric Separate Shoes Case - House of Otoko<\/title>\n<meta name=\"description\" content=\"Rubberized Fabric Separate Shoes Case rugged, dual-compartment shoe vault in rubberized textile. Store clean, protect sharp edges, carry with confidence.\" \/>\n<meta name=\"robots\" content=\"index, follow, max-snippet:-1, max-image-preview:large, max-video-preview:-1\" \/>\n<link rel=\"canonical\" href=\"https:\/\/houseofotoko.com\/fr\/produit\/rubberized-fabric-separate-shoes-case\/\" \/>\n<meta property=\"og:locale\" content=\"fr_FR\" \/>\n<meta property=\"og:type\" content=\"article\" \/>\n<meta property=\"og:title\" content=\"Rubberized Fabric Separate Shoes Case - House of Otoko\" \/>\n<meta property=\"og:description\" content=\"Rubberized Fabric Separate Shoes Case rugged, dual-compartment shoe vault in rubberized textile. Store clean, protect sharp edges, carry with confidence.\" \/>\n<meta property=\"og:url\" content=\"https:\/\/houseofotoko.com\/fr\/produit\/rubberized-fabric-separate-shoes-case\/\" \/>\n<meta property=\"og:site_name\" content=\"House of Otoko\" \/>\n<meta property=\"article:modified_time\" content=\"2025-10-16T14:56:29+00:00\" \/>\n<meta property=\"og:image\" content=\"https:\/\/houseofotoko.com\/wp-content\/uploads\/2025\/10\/Puebco-SHOE-CASE-505046.webp\" \/>\n\t<meta property=\"og:image:width\" content=\"600\" \/>\n\t<meta property=\"og:image:height\" content=\"600\" \/>\n\t<meta property=\"og:image:type\" content=\"image\/webp\" \/>\n<meta name=\"twitter:card\" content=\"summary_large_image\" \/>\n<meta name=\"twitter:label1\" content=\"Dur\u00e9e de lecture estim\u00e9e\" \/>\n\t<meta name=\"twitter:data1\" content=\"1 minute\" \/>\n<script type=\"application\/ld+json\" class=\"yoast-schema-graph\">{\"@context\":\"https:\\\/\\\/schema.org\",\"@graph\":[{\"@type\":\"WebPage\",\"@id\":\"https:\\\/\\\/houseofotoko.com\\\/product\\\/rubberized-fabric-separate-shoes-case\\\/\",\"url\":\"https:\\\/\\\/houseofotoko.com\\\/product\\\/rubberized-fabric-separate-shoes-case\\\/\",\"name\":\"Rubberized Fabric Separate Shoes Case - House of Otoko\",\"isPartOf\":{\"@id\":\"https:\\\/\\\/houseofotoko.com\\\/#website\"},\"primaryImageOfPage\":{\"@id\":\"https:\\\/\\\/houseofotoko.com\\\/product\\\/rubberized-fabric-separate-shoes-case\\\/#primaryimage\"},\"image\":{\"@id\":\"https:\\\/\\\/houseofotoko.com\\\/product\\\/rubberized-fabric-separate-shoes-case\\\/#primaryimage\"},\"thumbnailUrl\":\"https:\\\/\\\/houseofotoko.com\\\/wp-content\\\/uploads\\\/2025\\\/10\\\/Puebco-SHOE-CASE-505046.webp\",\"datePublished\":\"2025-10-16T14:15:59+00:00\",\"dateModified\":\"2025-10-16T14:56:29+00:00\",\"description\":\"Rubberized Fabric Separate Shoes Case rugged, dual-compartment shoe vault in rubberized textile. Store clean, protect sharp edges, carry with confidence.\",\"breadcrumb\":{\"@id\":\"https:\\\/\\\/houseofotoko.com\\\/product\\\/rubberized-fabric-separate-shoes-case\\\/#breadcrumb\"},\"inLanguage\":\"fr-FR\",\"potentialAction\":[{\"@type\":\"ReadAction\",\"target\":[\"https:\\\/\\\/houseofotoko.com\\\/product\\\/rubberized-fabric-separate-shoes-case\\\/\"]}]},{\"@type\":\"ImageObject\",\"inLanguage\":\"fr-FR\",\"@id\":\"https:\\\/\\\/houseofotoko.com\\\/product\\\/rubberized-fabric-separate-shoes-case\\\/#primaryimage\",\"url\":\"https:\\\/\\\/houseofotoko.com\\\/wp-content\\\/uploads\\\/2025\\\/10\\\/Puebco-SHOE-CASE-505046.webp\",\"contentUrl\":\"https:\\\/\\\/houseofotoko.com\\\/wp-content\\\/uploads\\\/2025\\\/10\\\/Puebco-SHOE-CASE-505046.webp\",\"width\":600,\"height\":600,\"caption\":\"Puebco - SHOE CASE - 505046\"},{\"@type\":\"BreadcrumbList\",\"@id\":\"https:\\\/\\\/houseofotoko.com\\\/product\\\/rubberized-fabric-separate-shoes-case\\\/#breadcrumb\",\"itemListElement\":[{\"@type\":\"ListItem\",\"position\":1,\"name\":\"Home\",\"item\":\"https:\\\/\\\/houseofotoko.com\\\/\"},{\"@type\":\"ListItem\",\"position\":2,\"name\":\"Shop\",\"item\":\"https:\\\/\\\/houseofotoko.com\\\/shop\\\/\"},{\"@type\":\"ListItem\",\"position\":3,\"name\":\"Rubberized Fabric Separate Shoes Case\"}]},{\"@type\":\"WebSite\",\"@id\":\"https:\\\/\\\/houseofotoko.com\\\/#website\",\"url\":\"https:\\\/\\\/houseofotoko.com\\\/\",\"name\":\"House of Otoko\",\"description\":\"\",\"publisher\":{\"@id\":\"https:\\\/\\\/houseofotoko.com\\\/#organization\"},\"potentialAction\":[{\"@type\":\"SearchAction\",\"target\":{\"@type\":\"EntryPoint\",\"urlTemplate\":\"https:\\\/\\\/houseofotoko.com\\\/?s={search_term_string}\"},\"query-input\":{\"@type\":\"PropertyValueSpecification\",\"valueRequired\":true,\"valueName\":\"search_term_string\"}}],\"inLanguage\":\"fr-FR\"},{\"@type\":\"Organization\",\"@id\":\"https:\\\/\\\/houseofotoko.com\\\/#organization\",\"name\":\"House of Otoko\",\"url\":\"https:\\\/\\\/houseofotoko.com\\\/\",\"logo\":{\"@type\":\"ImageObject\",\"inLanguage\":\"fr-FR\",\"@id\":\"https:\\\/\\\/houseofotoko.com\\\/#\\\/schema\\\/logo\\\/image\\\/\",\"url\":\"https:\\\/\\\/mlfln9ez57ke.i.optimole.com\\\/w:1123\\\/h:1038\\\/q:mauto\\\/f:best\\\/ig:avif\\\/https:\\\/\\\/houseofotoko.com\\\/wp-content\\\/uploads\\\/2025\\\/01\\\/LOGO-PNG-1.png\",\"contentUrl\":\"https:\\\/\\\/mlfln9ez57ke.i.optimole.com\\\/w:1123\\\/h:1038\\\/q:mauto\\\/f:best\\\/ig:avif\\\/https:\\\/\\\/houseofotoko.com\\\/wp-content\\\/uploads\\\/2025\\\/01\\\/LOGO-PNG-1.png\",\"width\":1123,\"height\":1038,\"caption\":\"House of Otoko\"},\"image\":{\"@id\":\"https:\\\/\\\/houseofotoko.com\\\/#\\\/schema\\\/logo\\\/image\\\/\"},\"sameAs\":[\"https:\\\/\\\/www.instagram.com\\\/houseofotoko\\\/\"]}]}<\/script>\n<!-- \/ Yoast SEO plugin. -->","yoast_head_json":{"title":"Rubberized Fabric Separate Shoes Case - House of Otoko","description":"Mallette \u00e0 chaussures s\u00e9par\u00e9es en tissu caoutchout\u00e9 Mallette \u00e0 chaussures s\u00e9par\u00e9es en tissu caoutchout\u00e9 robuste \u00e0 deux compartiments. Rangez-les proprement, prot\u00e9gez les bords tranchants et transportez-les en toute confiance.","robots":{"index":"index","follow":"follow","max-snippet":"max-snippet:-1","max-image-preview":"max-image-preview:large","max-video-preview":"max-video-preview:-1"},"canonical":"https:\/\/houseofotoko.com\/fr\/produit\/rubberized-fabric-separate-shoes-case\/","og_locale":"fr_FR","og_type":"article","og_title":"Rubberized Fabric Separate Shoes Case - House of Otoko","og_description":"Rubberized Fabric Separate Shoes Case rugged, dual-compartment shoe vault in rubberized textile. Store clean, protect sharp edges, carry with confidence.","og_url":"https:\/\/houseofotoko.com\/fr\/produit\/rubberized-fabric-separate-shoes-case\/","og_site_name":"House of Otoko","article_modified_time":"2025-10-16T14:56:29+00:00","og_image":[{"width":600,"height":600,"url":"https:\/\/houseofotoko.com\/wp-content\/uploads\/2025\/10\/Puebco-SHOE-CASE-505046.webp","type":"image\/webp"}],"twitter_card":"summary_large_image","twitter_misc":{"Dur\u00e9e de lecture estim\u00e9e":"1 minute"},"schema":{"@context":"https:\/\/schema.org","@graph":[{"@type":"WebPage","@id":"https:\/\/houseofotoko.com\/product\/rubberized-fabric-separate-shoes-case\/","url":"https:\/\/houseofotoko.com\/product\/rubberized-fabric-separate-shoes-case\/","name":"Rubberized Fabric Separate Shoes Case - House of Otoko","isPartOf":{"@id":"https:\/\/houseofotoko.com\/#website"},"primaryImageOfPage":{"@id":"https:\/\/houseofotoko.com\/product\/rubberized-fabric-separate-shoes-case\/#primaryimage"},"image":{"@id":"https:\/\/houseofotoko.com\/product\/rubberized-fabric-separate-shoes-case\/#primaryimage"},"thumbnailUrl":"https:\/\/houseofotoko.com\/wp-content\/uploads\/2025\/10\/Puebco-SHOE-CASE-505046.webp","datePublished":"2025-10-16T14:15:59+00:00","dateModified":"2025-10-16T14:56:29+00:00","description":"Mallette \u00e0 chaussures s\u00e9par\u00e9es en tissu caoutchout\u00e9 Mallette \u00e0 chaussures s\u00e9par\u00e9es en tissu caoutchout\u00e9 robuste \u00e0 deux compartiments. Rangez-les proprement, prot\u00e9gez les bords tranchants et transportez-les en toute confiance.","breadcrumb":{"@id":"https:\/\/houseofotoko.com\/product\/rubberized-fabric-separate-shoes-case\/#breadcrumb"},"inLanguage":"fr-FR","potentialAction":[{"@type":"ReadAction","target":["https:\/\/houseofotoko.com\/product\/rubberized-fabric-separate-shoes-case\/"]}]},{"@type":"ImageObject","inLanguage":"fr-FR","@id":"https:\/\/houseofotoko.com\/product\/rubberized-fabric-separate-shoes-case\/#primaryimage","url":"https:\/\/houseofotoko.com\/wp-content\/uploads\/2025\/10\/Puebco-SHOE-CASE-505046.webp","contentUrl":"https:\/\/houseofotoko.com\/wp-content\/uploads\/2025\/10\/Puebco-SHOE-CASE-505046.webp","width":600,"height":600,"caption":"Puebco - SHOE CASE - 505046"},{"@type":"BreadcrumbList","@id":"https:\/\/houseofotoko.com\/product\/rubberized-fabric-separate-shoes-case\/#breadcrumb","itemListElement":[{"@type":"ListItem","position":1,"name":"Home","item":"https:\/\/houseofotoko.com\/"},{"@type":"ListItem","position":2,"name":"Shop","item":"https:\/\/houseofotoko.com\/shop\/"},{"@type":"ListItem","position":3,"name":"Rubberized Fabric Separate Shoes Case"}]},{"@type":"WebSite","@id":"https:\/\/houseofotoko.com\/#website","url":"https:\/\/houseofotoko.com\/","name":"House of Otoko","description":"","publisher":{"@id":"https:\/\/houseofotoko.com\/#organization"},"potentialAction":[{"@type":"SearchAction","target":{"@type":"EntryPoint","urlTemplate":"https:\/\/houseofotoko.com\/?s={search_term_string}"},"query-input":{"@type":"PropertyValueSpecification","valueRequired":true,"valueName":"search_term_string"}}],"inLanguage":"fr-FR"},{"@type":"Organization","@id":"https:\/\/houseofotoko.com\/#organization","name":"House of Otoko","url":"https:\/\/houseofotoko.com\/","logo":{"@type":"ImageObject","inLanguage":"fr-FR","@id":"https:\/\/houseofotoko.com\/#\/schema\/logo\/image\/","url":"https:\/\/mlfln9ez57ke.i.optimole.com\/w:1123\/h:1038\/q:mauto\/f:best\/ig:avif\/https:\/\/houseofotoko.com\/wp-content\/uploads\/2025\/01\/LOGO-PNG-1.png","contentUrl":"https:\/\/mlfln9ez57ke.i.optimole.com\/w:1123\/h:1038\/q:mauto\/f:best\/ig:avif\/https:\/\/houseofotoko.com\/wp-content\/uploads\/2025\/01\/LOGO-PNG-1.png","width":1123,"height":1038,"caption":"House of Otoko"},"image":{"@id":"https:\/\/houseofotoko.com\/#\/schema\/logo\/image\/"},"sameAs":["https:\/\/www.instagram.com\/houseofotoko\/"]}]}},"_links":{"self":[{"href":"https:\/\/houseofotoko.com\/fr\/wp-json\/wp\/v2\/product\/1329","targetHints":{"allow":["GET"]}}],"collection":[{"href":"https:\/\/houseofotoko.com\/fr\/wp-json\/wp\/v2\/product"}],"about":[{"href":"https:\/\/houseofotoko.com\/fr\/wp-json\/wp\/v2\/types\/product"}],"replies":[{"embeddable":true,"href":"https:\/\/houseofotoko.com\/fr\/wp-json\/wp\/v2\/comments?post=1329"}],"wp:featuredmedia":[{"embeddable":true,"href":"https:\/\/houseofotoko.com\/fr\/wp-json\/wp\/v2\/media\/1332"}],"wp:attachment":[{"href":"https:\/\/houseofotoko.com\/fr\/wp-json\/wp\/v2\/media?parent=1329"}],"wp:term":[{"taxonomy":"product_brand","embeddable":true,"href":"https:\/\/houseofotoko.com\/fr\/wp-json\/wp\/v2\/product_brand?post=1329"},{"taxonomy":"product_cat","embeddable":true,"href":"https:\/\/houseofotoko.com\/fr\/wp-json\/wp\/v2\/product_cat?post=1329"},{"taxonomy":"product_tag","embeddable":true,"href":"https:\/\/houseofotoko.com\/fr\/wp-json\/wp\/v2\/product_tag?post=1329"}],"curies":[{"name":"wp","href":"https:\/\/api.w.org\/{rel}","templated":true}]}}