{"id":1322,"date":"2025-10-16T13:23:41","date_gmt":"2025-10-16T13:23:41","guid":{"rendered":"https:\/\/houseofotoko.com\/?post_type=product&#038;p=1322"},"modified":"2025-10-16T14:05:43","modified_gmt":"2025-10-16T14:05:43","slug":"puebco-potters-apron","status":"publish","type":"product","link":"https:\/\/houseofotoko.com\/fr\/produit\/puebco-potters-apron\/","title":{"rendered":"Puebco Tablier de potier"},"content":{"rendered":"<h2 data-start=\"155\" data-end=\"197\">Puebco Tablier de potier<\/h2>\n<p data-start=\"238\" data-end=\"512\">Une couche d'histoire sur la forme. Les <strong>Puebco<\/strong> <strong data-start=\"270\" data-end=\"298\">Tablier de potier No. 302911<\/strong> n'est pas un uniforme st\u00e9rile, c'est une toile de vies pass\u00e9es. Fabriqu\u00e9 \u00e0 partir de <strong data-start=\"378\" data-end=\"398\">tissus recycl\u00e9s<\/strong>, Chaque tablier a ses propres imperfections, ses plis, sa d\u00e9coloration et son caract\u00e8re. Il ne cache pas les marques, il les porte.<\/p>\n<p data-start=\"514\" data-end=\"681\">Utilis\u00e9 dans le studio, l'atelier ou \u00e0 la maison, ce tablier bouge avec vous. Il att\u00e9nue l'\u00e9clat mais r\u00e9v\u00e8le la texture. Con\u00e7u pour ceux qui pr\u00e9f\u00e8rent l'histoire des mat\u00e9riaux aux surfaces parfaites.<\/p>\n<p data-start=\"683\" data-end=\"703\"><strong data-start=\"683\" data-end=\"701\">Sp\u00e9cifications<\/strong><\/p>\n<ul>\n<li><strong><em>Mod\u00e8le : Puebco Tablier de potier No. 302911\u00a0<\/em><\/strong><\/li>\n<li><strong><em>Taille (approx) : 73 cm \u00d7 88 cm \/ 28.75 in \u00d7 34.5 in\u00a0<\/em><\/strong><\/li>\n<li><strong><em>Mati\u00e8re : Tissus r\u00e9cup\u00e9r\u00e9s \/ r\u00e9utilis\u00e9s (m\u00e9langes de coton et autres)\u00a0<\/em><\/strong><\/li>\n<li><strong><em>Couleur \/ motif : Assortis - chaque pi\u00e8ce est unique en termes de tonalit\u00e9, d'usure et de d\u00e9tresse\u00a0<\/em><\/strong><\/li>\n<li><strong><em>S\u00e9curit\u00e9 incendie : Non r\u00e9sistant \u00e0 la flamme ou retardateur de flamme, \u00e9viter les flammes nues.\u00a0<\/em><\/strong><\/li>\n<li><strong><em>Usure et d\u00e9t\u00e9rioration : Les d\u00e9chirures, les taches, la d\u00e9coloration l\u00e9g\u00e8re et les variations de texture sont des caract\u00e9ristiques intrins\u00e8ques et non des d\u00e9fauts.\u00a0<\/em><\/strong><\/li>\n<li><strong><em>Marque : <a href=\"https:\/\/houseofotoko.com\/product-categorie\/shop\/brands\/puebco\/\">Puebco<\/a><\/em><\/strong><\/li>\n<\/ul>\n<hr \/>\n<p data-start=\"901\" data-end=\"1060\">Tablier Puebco Potters Tablier de potier robuste, r\u00e9cup\u00e9r\u00e9, unique en son genre, fabriqu\u00e9 \u00e0 partir de tissus recycl\u00e9s. L'histoire dans chaque pli.<\/p>\n<hr \/>\n<p data-start=\"901\" data-end=\"1060\">","protected":false},"excerpt":{"rendered":"<p>Tablier Puebco Potters Tablier de potier robuste, r\u00e9cup\u00e9r\u00e9, unique en son genre, fabriqu\u00e9 \u00e0 partir de tissus recycl\u00e9s. L'histoire dans chaque pli.<\/p>","protected":false},"featured_media":1328,"comment_status":"open","ping_status":"closed","template":"","meta":{"neve_meta_sidebar":"","neve_meta_container":"","neve_meta_enable_content_width":"off","neve_meta_content_width":100,"neve_meta_title_alignment":"","neve_meta_author_avatar":"","neve_post_elements_order":"","neve_meta_disable_header":"","neve_meta_disable_footer":"","neve_meta_disable_title":"","neve_meta_reading_time":"","_themeisle_gutenberg_block_has_review":false,"neve_tabs_data":"","neve_override_tab_layout":""},"product_brand":[118],"product_cat":[16,43,42,22,69,23],"product_tag":[205,99,83],"class_list":{"0":"post-1322","1":"product","2":"type-product","3":"status-publish","4":"has-post-thumbnail","6":"product_brand-puebco","7":"product_cat-all","8":"product_cat-home-textiles","9":"product_cat-kitchen_dining","10":"product_cat-living","11":"product_cat-puebco","12":"product_cat-sustainable","13":"product_tag-apron","14":"product_tag-cotton","15":"product_tag-puebco","16":"product_shipping_class-standard-package","18":"first","19":"instock","20":"taxable","21":"shipping-taxable","22":"purchasable","23":"product-type-simple"},"yoast_head":"<!-- This site is optimized with the Yoast SEO plugin v27.4 - https:\/\/yoast.com\/product\/yoast-seo-wordpress\/ -->\n<title>Puebco Potters Apron - House of Otoko<\/title>\n<meta name=\"description\" content=\"Puebco Potters Apron rugged, reclaimed, one-of-a-kind studio wear made from recycled fabric. History in every fold.\" \/>\n<meta name=\"robots\" content=\"index, follow, max-snippet:-1, max-image-preview:large, max-video-preview:-1\" \/>\n<link rel=\"canonical\" href=\"https:\/\/houseofotoko.com\/fr\/produit\/puebco-potters-apron\/\" \/>\n<meta property=\"og:locale\" content=\"fr_FR\" \/>\n<meta property=\"og:type\" content=\"article\" \/>\n<meta property=\"og:title\" content=\"Puebco Potters Apron - House of Otoko\" \/>\n<meta property=\"og:description\" content=\"Puebco Potters Apron rugged, reclaimed, one-of-a-kind studio wear made from recycled fabric. History in every fold.\" \/>\n<meta property=\"og:url\" content=\"https:\/\/houseofotoko.com\/fr\/produit\/puebco-potters-apron\/\" \/>\n<meta property=\"og:site_name\" content=\"House of Otoko\" \/>\n<meta property=\"article:modified_time\" content=\"2025-10-16T14:05:43+00:00\" \/>\n<meta property=\"og:image\" content=\"https:\/\/houseofotoko.com\/wp-content\/uploads\/2025\/10\/Puebco-potters-apron-302911.webp\" \/>\n\t<meta property=\"og:image:width\" content=\"600\" \/>\n\t<meta property=\"og:image:height\" content=\"600\" \/>\n\t<meta property=\"og:image:type\" content=\"image\/webp\" \/>\n<meta name=\"twitter:card\" content=\"summary_large_image\" \/>\n<meta name=\"twitter:label1\" content=\"Dur\u00e9e de lecture estim\u00e9e\" \/>\n\t<meta name=\"twitter:data1\" content=\"1 minute\" \/>\n<script type=\"application\/ld+json\" class=\"yoast-schema-graph\">{\"@context\":\"https:\\\/\\\/schema.org\",\"@graph\":[{\"@type\":\"WebPage\",\"@id\":\"https:\\\/\\\/houseofotoko.com\\\/product\\\/puebco-potters-apron\\\/\",\"url\":\"https:\\\/\\\/houseofotoko.com\\\/product\\\/puebco-potters-apron\\\/\",\"name\":\"Puebco Potters Apron - House of Otoko\",\"isPartOf\":{\"@id\":\"https:\\\/\\\/houseofotoko.com\\\/#website\"},\"primaryImageOfPage\":{\"@id\":\"https:\\\/\\\/houseofotoko.com\\\/product\\\/puebco-potters-apron\\\/#primaryimage\"},\"image\":{\"@id\":\"https:\\\/\\\/houseofotoko.com\\\/product\\\/puebco-potters-apron\\\/#primaryimage\"},\"thumbnailUrl\":\"https:\\\/\\\/houseofotoko.com\\\/wp-content\\\/uploads\\\/2025\\\/10\\\/Puebco-potters-apron-302911.webp\",\"datePublished\":\"2025-10-16T13:23:41+00:00\",\"dateModified\":\"2025-10-16T14:05:43+00:00\",\"description\":\"Puebco Potters Apron rugged, reclaimed, one-of-a-kind studio wear made from recycled fabric. History in every fold.\",\"breadcrumb\":{\"@id\":\"https:\\\/\\\/houseofotoko.com\\\/product\\\/puebco-potters-apron\\\/#breadcrumb\"},\"inLanguage\":\"fr-FR\",\"potentialAction\":[{\"@type\":\"ReadAction\",\"target\":[\"https:\\\/\\\/houseofotoko.com\\\/product\\\/puebco-potters-apron\\\/\"]}]},{\"@type\":\"ImageObject\",\"inLanguage\":\"fr-FR\",\"@id\":\"https:\\\/\\\/houseofotoko.com\\\/product\\\/puebco-potters-apron\\\/#primaryimage\",\"url\":\"https:\\\/\\\/houseofotoko.com\\\/wp-content\\\/uploads\\\/2025\\\/10\\\/Puebco-potters-apron-302911.webp\",\"contentUrl\":\"https:\\\/\\\/houseofotoko.com\\\/wp-content\\\/uploads\\\/2025\\\/10\\\/Puebco-potters-apron-302911.webp\",\"width\":600,\"height\":600},{\"@type\":\"BreadcrumbList\",\"@id\":\"https:\\\/\\\/houseofotoko.com\\\/product\\\/puebco-potters-apron\\\/#breadcrumb\",\"itemListElement\":[{\"@type\":\"ListItem\",\"position\":1,\"name\":\"Home\",\"item\":\"https:\\\/\\\/houseofotoko.com\\\/\"},{\"@type\":\"ListItem\",\"position\":2,\"name\":\"Shop\",\"item\":\"https:\\\/\\\/houseofotoko.com\\\/shop\\\/\"},{\"@type\":\"ListItem\",\"position\":3,\"name\":\"Puebco Potters Apron\"}]},{\"@type\":\"WebSite\",\"@id\":\"https:\\\/\\\/houseofotoko.com\\\/#website\",\"url\":\"https:\\\/\\\/houseofotoko.com\\\/\",\"name\":\"House of Otoko\",\"description\":\"\",\"publisher\":{\"@id\":\"https:\\\/\\\/houseofotoko.com\\\/#organization\"},\"potentialAction\":[{\"@type\":\"SearchAction\",\"target\":{\"@type\":\"EntryPoint\",\"urlTemplate\":\"https:\\\/\\\/houseofotoko.com\\\/?s={search_term_string}\"},\"query-input\":{\"@type\":\"PropertyValueSpecification\",\"valueRequired\":true,\"valueName\":\"search_term_string\"}}],\"inLanguage\":\"fr-FR\"},{\"@type\":\"Organization\",\"@id\":\"https:\\\/\\\/houseofotoko.com\\\/#organization\",\"name\":\"House of Otoko\",\"url\":\"https:\\\/\\\/houseofotoko.com\\\/\",\"logo\":{\"@type\":\"ImageObject\",\"inLanguage\":\"fr-FR\",\"@id\":\"https:\\\/\\\/houseofotoko.com\\\/#\\\/schema\\\/logo\\\/image\\\/\",\"url\":\"https:\\\/\\\/mlfln9ez57ke.i.optimole.com\\\/w:1123\\\/h:1038\\\/q:mauto\\\/f:best\\\/ig:avif\\\/https:\\\/\\\/houseofotoko.com\\\/wp-content\\\/uploads\\\/2025\\\/01\\\/LOGO-PNG-1.png\",\"contentUrl\":\"https:\\\/\\\/mlfln9ez57ke.i.optimole.com\\\/w:1123\\\/h:1038\\\/q:mauto\\\/f:best\\\/ig:avif\\\/https:\\\/\\\/houseofotoko.com\\\/wp-content\\\/uploads\\\/2025\\\/01\\\/LOGO-PNG-1.png\",\"width\":1123,\"height\":1038,\"caption\":\"House of Otoko\"},\"image\":{\"@id\":\"https:\\\/\\\/houseofotoko.com\\\/#\\\/schema\\\/logo\\\/image\\\/\"},\"sameAs\":[\"https:\\\/\\\/www.instagram.com\\\/houseofotoko\\\/\"]}]}<\/script>\n<!-- \/ Yoast SEO plugin. -->","yoast_head_json":{"title":"Puebco Potters Apron - House of Otoko","description":"Tablier Puebco Potters Tablier de potier robuste, r\u00e9cup\u00e9r\u00e9, unique en son genre, fabriqu\u00e9 \u00e0 partir de tissus recycl\u00e9s. L'histoire dans chaque pli.","robots":{"index":"index","follow":"follow","max-snippet":"max-snippet:-1","max-image-preview":"max-image-preview:large","max-video-preview":"max-video-preview:-1"},"canonical":"https:\/\/houseofotoko.com\/fr\/produit\/puebco-potters-apron\/","og_locale":"fr_FR","og_type":"article","og_title":"Puebco Potters Apron - House of Otoko","og_description":"Puebco Potters Apron rugged, reclaimed, one-of-a-kind studio wear made from recycled fabric. History in every fold.","og_url":"https:\/\/houseofotoko.com\/fr\/produit\/puebco-potters-apron\/","og_site_name":"House of Otoko","article_modified_time":"2025-10-16T14:05:43+00:00","og_image":[{"width":600,"height":600,"url":"https:\/\/houseofotoko.com\/wp-content\/uploads\/2025\/10\/Puebco-potters-apron-302911.webp","type":"image\/webp"}],"twitter_card":"summary_large_image","twitter_misc":{"Dur\u00e9e de lecture estim\u00e9e":"1 minute"},"schema":{"@context":"https:\/\/schema.org","@graph":[{"@type":"WebPage","@id":"https:\/\/houseofotoko.com\/product\/puebco-potters-apron\/","url":"https:\/\/houseofotoko.com\/product\/puebco-potters-apron\/","name":"Puebco Potters Apron - House of Otoko","isPartOf":{"@id":"https:\/\/houseofotoko.com\/#website"},"primaryImageOfPage":{"@id":"https:\/\/houseofotoko.com\/product\/puebco-potters-apron\/#primaryimage"},"image":{"@id":"https:\/\/houseofotoko.com\/product\/puebco-potters-apron\/#primaryimage"},"thumbnailUrl":"https:\/\/houseofotoko.com\/wp-content\/uploads\/2025\/10\/Puebco-potters-apron-302911.webp","datePublished":"2025-10-16T13:23:41+00:00","dateModified":"2025-10-16T14:05:43+00:00","description":"Tablier Puebco Potters Tablier de potier robuste, r\u00e9cup\u00e9r\u00e9, unique en son genre, fabriqu\u00e9 \u00e0 partir de tissus recycl\u00e9s. L'histoire dans chaque pli.","breadcrumb":{"@id":"https:\/\/houseofotoko.com\/product\/puebco-potters-apron\/#breadcrumb"},"inLanguage":"fr-FR","potentialAction":[{"@type":"ReadAction","target":["https:\/\/houseofotoko.com\/product\/puebco-potters-apron\/"]}]},{"@type":"ImageObject","inLanguage":"fr-FR","@id":"https:\/\/houseofotoko.com\/product\/puebco-potters-apron\/#primaryimage","url":"https:\/\/houseofotoko.com\/wp-content\/uploads\/2025\/10\/Puebco-potters-apron-302911.webp","contentUrl":"https:\/\/houseofotoko.com\/wp-content\/uploads\/2025\/10\/Puebco-potters-apron-302911.webp","width":600,"height":600},{"@type":"BreadcrumbList","@id":"https:\/\/houseofotoko.com\/product\/puebco-potters-apron\/#breadcrumb","itemListElement":[{"@type":"ListItem","position":1,"name":"Home","item":"https:\/\/houseofotoko.com\/"},{"@type":"ListItem","position":2,"name":"Shop","item":"https:\/\/houseofotoko.com\/shop\/"},{"@type":"ListItem","position":3,"name":"Puebco Potters Apron"}]},{"@type":"WebSite","@id":"https:\/\/houseofotoko.com\/#website","url":"https:\/\/houseofotoko.com\/","name":"House of Otoko","description":"","publisher":{"@id":"https:\/\/houseofotoko.com\/#organization"},"potentialAction":[{"@type":"SearchAction","target":{"@type":"EntryPoint","urlTemplate":"https:\/\/houseofotoko.com\/?s={search_term_string}"},"query-input":{"@type":"PropertyValueSpecification","valueRequired":true,"valueName":"search_term_string"}}],"inLanguage":"fr-FR"},{"@type":"Organization","@id":"https:\/\/houseofotoko.com\/#organization","name":"House of Otoko","url":"https:\/\/houseofotoko.com\/","logo":{"@type":"ImageObject","inLanguage":"fr-FR","@id":"https:\/\/houseofotoko.com\/#\/schema\/logo\/image\/","url":"https:\/\/mlfln9ez57ke.i.optimole.com\/w:1123\/h:1038\/q:mauto\/f:best\/ig:avif\/https:\/\/houseofotoko.com\/wp-content\/uploads\/2025\/01\/LOGO-PNG-1.png","contentUrl":"https:\/\/mlfln9ez57ke.i.optimole.com\/w:1123\/h:1038\/q:mauto\/f:best\/ig:avif\/https:\/\/houseofotoko.com\/wp-content\/uploads\/2025\/01\/LOGO-PNG-1.png","width":1123,"height":1038,"caption":"House of Otoko"},"image":{"@id":"https:\/\/houseofotoko.com\/#\/schema\/logo\/image\/"},"sameAs":["https:\/\/www.instagram.com\/houseofotoko\/"]}]}},"_links":{"self":[{"href":"https:\/\/houseofotoko.com\/fr\/wp-json\/wp\/v2\/product\/1322","targetHints":{"allow":["GET"]}}],"collection":[{"href":"https:\/\/houseofotoko.com\/fr\/wp-json\/wp\/v2\/product"}],"about":[{"href":"https:\/\/houseofotoko.com\/fr\/wp-json\/wp\/v2\/types\/product"}],"replies":[{"embeddable":true,"href":"https:\/\/houseofotoko.com\/fr\/wp-json\/wp\/v2\/comments?post=1322"}],"wp:featuredmedia":[{"embeddable":true,"href":"https:\/\/houseofotoko.com\/fr\/wp-json\/wp\/v2\/media\/1328"}],"wp:attachment":[{"href":"https:\/\/houseofotoko.com\/fr\/wp-json\/wp\/v2\/media?parent=1322"}],"wp:term":[{"taxonomy":"product_brand","embeddable":true,"href":"https:\/\/houseofotoko.com\/fr\/wp-json\/wp\/v2\/product_brand?post=1322"},{"taxonomy":"product_cat","embeddable":true,"href":"https:\/\/houseofotoko.com\/fr\/wp-json\/wp\/v2\/product_cat?post=1322"},{"taxonomy":"product_tag","embeddable":true,"href":"https:\/\/houseofotoko.com\/fr\/wp-json\/wp\/v2\/product_tag?post=1322"}],"curies":[{"name":"wp","href":"https:\/\/api.w.org\/{rel}","templated":true}]}}