{"id":1315,"date":"2025-10-16T09:19:50","date_gmt":"2025-10-16T09:19:50","guid":{"rendered":"https:\/\/houseofotoko.com\/?post_type=product&#038;p=1315"},"modified":"2025-10-16T12:47:38","modified_gmt":"2025-10-16T12:47:38","slug":"undercover-imari-plates","status":"publish","type":"product","link":"https:\/\/houseofotoko.com\/fr\/produit\/undercover-imari-plates\/","title":{"rendered":"Plaques Undercover Imari"},"content":{"rendered":"<h2 data-start=\"0\" data-end=\"88\">\u200b<strong data-start=\"123\" data-end=\"171\">Plaques Undercover Imari<\/strong><\/h2>\n<p data-start=\"173\" data-end=\"560\">Quand la tradition rencontre la r\u00e9bellion. L'ensemble des trois <strong data-start=\"210\" data-end=\"236\">Plaques Undercover Imari<\/strong>, cr\u00e9\u00e9 par <strong data-start=\"249\" data-end=\"270\">Young &amp; Battaglia<\/strong> pour Mineheart, r\u00e9imagine la porcelaine classique \u00e0 travers une lentille contemporaine. Avec des fen\u00eatres \u201cgraffiti\u201d \u00e9clabouss\u00e9es qui brisent les sc\u00e8nes famili\u00e8res sur la c\u00e9ramique blanche brillante, cette assiette devient une \"bo\u00eete \u00e0 outils\". <strong data-start=\"459\" data-end=\"492\">pi\u00e8ce de vaisselle perturbatrice<\/strong>.<\/p>\n<p data-start=\"562\" data-end=\"583\"><strong data-start=\"562\" data-end=\"581\">Sp\u00e9cifications :<\/strong><\/p>\n<ul>\n<li data-start=\"586\" data-end=\"665\"><em><strong>Mat\u00e9riau : Porcelaine fine en porcelaine d'os\u00a0<\/strong><\/em><\/li>\n<li data-start=\"586\" data-end=\"665\"><em><strong>Ensemble de trois<\/strong><\/em><\/li>\n<li data-start=\"668\" data-end=\"888\"><strong><em>Tailles :<\/em><\/strong><br data-start=\"688\" data-end=\"691\" \/><strong><em>- Petit : \u00d8 165 mm \/ 6.5\u2033.\u00a0<\/em><\/strong><br data-start=\"754\" data-end=\"757\" \/><strong><em>- Moyen : \u00d8 203 mm \/ 8\u2033.<\/em><\/strong><br data-start=\"819\" data-end=\"822\" \/><strong><em>- Grand : \u00d8 266 mm \/ 10.5\u2033.<\/em><\/strong><\/li>\n<li data-start=\"891\" data-end=\"959\"><strong><em>Finition : Base blanche brillante avec impression superpos\u00e9e \u201csplatter window\u201d (fen\u00eatre d'\u00e9claboussures)<\/em><\/strong><\/li>\n<li data-start=\"962\" data-end=\"1053\"><strong><em>Ne passe pas au micro-ondes<\/em><\/strong><\/li>\n<li><strong><em>Conception : Jong &amp; Battaglia<\/em><\/strong><\/li>\n<li><strong><em>Marque : Mineheart<\/em><\/strong><\/li>\n<\/ul>\n<hr \/>\n<p>La porcelaine rencontre l'art de la rue dans ce design o\u00f9 le style Imari blanc classique entre en collision avec des d\u00e9tails graffiti audacieux. Un compl\u00e9ment id\u00e9al \u00e0 tout mur d'art.<\/p>\n<hr \/>\n<p>&nbsp;<\/p>\n<p class=\"\" data-start=\"970\" data-end=\"1183\">","protected":false},"excerpt":{"rendered":"<p>Undercover Imari Plate set by Mineheart o\u00f9 la porcelaine classique entre en collision avec des imprim\u00e9s architecturaux expressifs. Une vaisselle audacieuse et un compl\u00e9ment id\u00e9al \u00e0 tout mur d'exposition.<\/p>","protected":false},"featured_media":1320,"comment_status":"open","ping_status":"closed","template":"","meta":{"neve_meta_sidebar":"","neve_meta_container":"","neve_meta_enable_content_width":"off","neve_meta_content_width":100,"neve_meta_title_alignment":"","neve_meta_author_avatar":"","neve_post_elements_order":"","neve_meta_disable_header":"","neve_meta_disable_footer":"","neve_meta_disable_title":"","neve_meta_reading_time":"","_themeisle_gutenberg_block_has_review":false,"neve_tabs_data":"","neve_override_tab_layout":""},"product_brand":[139],"product_cat":[16,40,42,22,41],"product_tag":[204,203,150],"class_list":{"0":"post-1315","1":"product","2":"type-product","3":"status-publish","4":"has-post-thumbnail","6":"product_brand-mineheart","7":"product_cat-all","8":"product_cat-home-decor","9":"product_cat-kitchen_dining","10":"product_cat-living","11":"product_cat-wall-art","12":"product_tag-japanese","13":"product_tag-plate","14":"product_tag-white","15":"product_shipping_class-standard-package","17":"first","18":"instock","19":"taxable","20":"shipping-taxable","21":"purchasable","22":"product-type-simple"},"yoast_head":"<!-- This site is optimized with the Yoast SEO plugin v27.4 - https:\/\/yoast.com\/product\/yoast-seo-wordpress\/ -->\n<title>\u200bUndercover Imari Plates - House of Otoko<\/title>\n<meta name=\"description\" content=\"Undercover Imari Plate by Mineheart where classic bone china collides with expressive architectural prints. A bold tableware statement.\" \/>\n<meta name=\"robots\" content=\"index, follow, max-snippet:-1, max-image-preview:large, max-video-preview:-1\" \/>\n<link rel=\"canonical\" href=\"https:\/\/houseofotoko.com\/fr\/produit\/undercover-imari-plates\/\" \/>\n<meta property=\"og:locale\" content=\"fr_FR\" \/>\n<meta property=\"og:type\" content=\"article\" \/>\n<meta property=\"og:title\" content=\"\u200bUndercover Imari Plates - House of Otoko\" \/>\n<meta property=\"og:description\" content=\"Undercover Imari Plate by Mineheart where classic bone china collides with expressive architectural prints. A bold tableware statement.\" \/>\n<meta property=\"og:url\" content=\"https:\/\/houseofotoko.com\/fr\/produit\/undercover-imari-plates\/\" \/>\n<meta property=\"og:site_name\" content=\"House of Otoko\" \/>\n<meta property=\"article:modified_time\" content=\"2025-10-16T12:47:38+00:00\" \/>\n<meta property=\"og:image\" content=\"https:\/\/houseofotoko.com\/wp-content\/uploads\/2025\/10\/Undercover-Imari-Plates-mineheart-6.webp\" \/>\n\t<meta property=\"og:image:width\" content=\"600\" \/>\n\t<meta property=\"og:image:height\" content=\"600\" \/>\n\t<meta property=\"og:image:type\" content=\"image\/webp\" \/>\n<meta name=\"twitter:card\" content=\"summary_large_image\" \/>\n<meta name=\"twitter:label1\" content=\"Dur\u00e9e de lecture estim\u00e9e\" \/>\n\t<meta name=\"twitter:data1\" content=\"1 minute\" \/>\n<script type=\"application\/ld+json\" class=\"yoast-schema-graph\">{\"@context\":\"https:\\\/\\\/schema.org\",\"@graph\":[{\"@type\":\"WebPage\",\"@id\":\"https:\\\/\\\/houseofotoko.com\\\/product\\\/undercover-imari-plates\\\/\",\"url\":\"https:\\\/\\\/houseofotoko.com\\\/product\\\/undercover-imari-plates\\\/\",\"name\":\"\u200bUndercover Imari Plates - House of Otoko\",\"isPartOf\":{\"@id\":\"https:\\\/\\\/houseofotoko.com\\\/#website\"},\"primaryImageOfPage\":{\"@id\":\"https:\\\/\\\/houseofotoko.com\\\/product\\\/undercover-imari-plates\\\/#primaryimage\"},\"image\":{\"@id\":\"https:\\\/\\\/houseofotoko.com\\\/product\\\/undercover-imari-plates\\\/#primaryimage\"},\"thumbnailUrl\":\"https:\\\/\\\/houseofotoko.com\\\/wp-content\\\/uploads\\\/2025\\\/10\\\/Undercover-Imari-Plates-mineheart-6.webp\",\"datePublished\":\"2025-10-16T09:19:50+00:00\",\"dateModified\":\"2025-10-16T12:47:38+00:00\",\"description\":\"Undercover Imari Plate by Mineheart where classic bone china collides with expressive architectural prints. A bold tableware statement.\",\"breadcrumb\":{\"@id\":\"https:\\\/\\\/houseofotoko.com\\\/product\\\/undercover-imari-plates\\\/#breadcrumb\"},\"inLanguage\":\"fr-FR\",\"potentialAction\":[{\"@type\":\"ReadAction\",\"target\":[\"https:\\\/\\\/houseofotoko.com\\\/product\\\/undercover-imari-plates\\\/\"]}]},{\"@type\":\"ImageObject\",\"inLanguage\":\"fr-FR\",\"@id\":\"https:\\\/\\\/houseofotoko.com\\\/product\\\/undercover-imari-plates\\\/#primaryimage\",\"url\":\"https:\\\/\\\/houseofotoko.com\\\/wp-content\\\/uploads\\\/2025\\\/10\\\/Undercover-Imari-Plates-mineheart-6.webp\",\"contentUrl\":\"https:\\\/\\\/houseofotoko.com\\\/wp-content\\\/uploads\\\/2025\\\/10\\\/Undercover-Imari-Plates-mineheart-6.webp\",\"width\":600,\"height\":600,\"caption\":\"Undercover Imari Plates - mineheart\"},{\"@type\":\"BreadcrumbList\",\"@id\":\"https:\\\/\\\/houseofotoko.com\\\/product\\\/undercover-imari-plates\\\/#breadcrumb\",\"itemListElement\":[{\"@type\":\"ListItem\",\"position\":1,\"name\":\"Home\",\"item\":\"https:\\\/\\\/houseofotoko.com\\\/\"},{\"@type\":\"ListItem\",\"position\":2,\"name\":\"Shop\",\"item\":\"https:\\\/\\\/houseofotoko.com\\\/shop\\\/\"},{\"@type\":\"ListItem\",\"position\":3,\"name\":\"\u200bUndercover Imari Plates\"}]},{\"@type\":\"WebSite\",\"@id\":\"https:\\\/\\\/houseofotoko.com\\\/#website\",\"url\":\"https:\\\/\\\/houseofotoko.com\\\/\",\"name\":\"House of Otoko\",\"description\":\"\",\"publisher\":{\"@id\":\"https:\\\/\\\/houseofotoko.com\\\/#organization\"},\"potentialAction\":[{\"@type\":\"SearchAction\",\"target\":{\"@type\":\"EntryPoint\",\"urlTemplate\":\"https:\\\/\\\/houseofotoko.com\\\/?s={search_term_string}\"},\"query-input\":{\"@type\":\"PropertyValueSpecification\",\"valueRequired\":true,\"valueName\":\"search_term_string\"}}],\"inLanguage\":\"fr-FR\"},{\"@type\":\"Organization\",\"@id\":\"https:\\\/\\\/houseofotoko.com\\\/#organization\",\"name\":\"House of Otoko\",\"url\":\"https:\\\/\\\/houseofotoko.com\\\/\",\"logo\":{\"@type\":\"ImageObject\",\"inLanguage\":\"fr-FR\",\"@id\":\"https:\\\/\\\/houseofotoko.com\\\/#\\\/schema\\\/logo\\\/image\\\/\",\"url\":\"https:\\\/\\\/mlfln9ez57ke.i.optimole.com\\\/w:1123\\\/h:1038\\\/q:mauto\\\/f:best\\\/ig:avif\\\/https:\\\/\\\/houseofotoko.com\\\/wp-content\\\/uploads\\\/2025\\\/01\\\/LOGO-PNG-1.png\",\"contentUrl\":\"https:\\\/\\\/mlfln9ez57ke.i.optimole.com\\\/w:1123\\\/h:1038\\\/q:mauto\\\/f:best\\\/ig:avif\\\/https:\\\/\\\/houseofotoko.com\\\/wp-content\\\/uploads\\\/2025\\\/01\\\/LOGO-PNG-1.png\",\"width\":1123,\"height\":1038,\"caption\":\"House of Otoko\"},\"image\":{\"@id\":\"https:\\\/\\\/houseofotoko.com\\\/#\\\/schema\\\/logo\\\/image\\\/\"},\"sameAs\":[\"https:\\\/\\\/www.instagram.com\\\/houseofotoko\\\/\"]}]}<\/script>\n<!-- \/ Yoast SEO plugin. -->","yoast_head_json":{"title":"\u200bUndercover Imari Plates - House of Otoko","description":"Undercover Imari Plate by Mineheart where classic bone china collides with expressive architectural prints. A bold tableware statement.","robots":{"index":"index","follow":"follow","max-snippet":"max-snippet:-1","max-image-preview":"max-image-preview:large","max-video-preview":"max-video-preview:-1"},"canonical":"https:\/\/houseofotoko.com\/fr\/produit\/undercover-imari-plates\/","og_locale":"fr_FR","og_type":"article","og_title":"\u200bUndercover Imari Plates - House of Otoko","og_description":"Undercover Imari Plate by Mineheart where classic bone china collides with expressive architectural prints. A bold tableware statement.","og_url":"https:\/\/houseofotoko.com\/fr\/produit\/undercover-imari-plates\/","og_site_name":"House of Otoko","article_modified_time":"2025-10-16T12:47:38+00:00","og_image":[{"width":600,"height":600,"url":"https:\/\/houseofotoko.com\/wp-content\/uploads\/2025\/10\/Undercover-Imari-Plates-mineheart-6.webp","type":"image\/webp"}],"twitter_card":"summary_large_image","twitter_misc":{"Dur\u00e9e de lecture estim\u00e9e":"1 minute"},"schema":{"@context":"https:\/\/schema.org","@graph":[{"@type":"WebPage","@id":"https:\/\/houseofotoko.com\/product\/undercover-imari-plates\/","url":"https:\/\/houseofotoko.com\/product\/undercover-imari-plates\/","name":"\u200bUndercover Imari Plates - House of Otoko","isPartOf":{"@id":"https:\/\/houseofotoko.com\/#website"},"primaryImageOfPage":{"@id":"https:\/\/houseofotoko.com\/product\/undercover-imari-plates\/#primaryimage"},"image":{"@id":"https:\/\/houseofotoko.com\/product\/undercover-imari-plates\/#primaryimage"},"thumbnailUrl":"https:\/\/houseofotoko.com\/wp-content\/uploads\/2025\/10\/Undercover-Imari-Plates-mineheart-6.webp","datePublished":"2025-10-16T09:19:50+00:00","dateModified":"2025-10-16T12:47:38+00:00","description":"Undercover Imari Plate by Mineheart where classic bone china collides with expressive architectural prints. A bold tableware statement.","breadcrumb":{"@id":"https:\/\/houseofotoko.com\/product\/undercover-imari-plates\/#breadcrumb"},"inLanguage":"fr-FR","potentialAction":[{"@type":"ReadAction","target":["https:\/\/houseofotoko.com\/product\/undercover-imari-plates\/"]}]},{"@type":"ImageObject","inLanguage":"fr-FR","@id":"https:\/\/houseofotoko.com\/product\/undercover-imari-plates\/#primaryimage","url":"https:\/\/houseofotoko.com\/wp-content\/uploads\/2025\/10\/Undercover-Imari-Plates-mineheart-6.webp","contentUrl":"https:\/\/houseofotoko.com\/wp-content\/uploads\/2025\/10\/Undercover-Imari-Plates-mineheart-6.webp","width":600,"height":600,"caption":"Undercover Imari Plates - mineheart"},{"@type":"BreadcrumbList","@id":"https:\/\/houseofotoko.com\/product\/undercover-imari-plates\/#breadcrumb","itemListElement":[{"@type":"ListItem","position":1,"name":"Home","item":"https:\/\/houseofotoko.com\/"},{"@type":"ListItem","position":2,"name":"Shop","item":"https:\/\/houseofotoko.com\/shop\/"},{"@type":"ListItem","position":3,"name":"\u200bUndercover Imari Plates"}]},{"@type":"WebSite","@id":"https:\/\/houseofotoko.com\/#website","url":"https:\/\/houseofotoko.com\/","name":"House of Otoko","description":"","publisher":{"@id":"https:\/\/houseofotoko.com\/#organization"},"potentialAction":[{"@type":"SearchAction","target":{"@type":"EntryPoint","urlTemplate":"https:\/\/houseofotoko.com\/?s={search_term_string}"},"query-input":{"@type":"PropertyValueSpecification","valueRequired":true,"valueName":"search_term_string"}}],"inLanguage":"fr-FR"},{"@type":"Organization","@id":"https:\/\/houseofotoko.com\/#organization","name":"House of Otoko","url":"https:\/\/houseofotoko.com\/","logo":{"@type":"ImageObject","inLanguage":"fr-FR","@id":"https:\/\/houseofotoko.com\/#\/schema\/logo\/image\/","url":"https:\/\/mlfln9ez57ke.i.optimole.com\/w:1123\/h:1038\/q:mauto\/f:best\/ig:avif\/https:\/\/houseofotoko.com\/wp-content\/uploads\/2025\/01\/LOGO-PNG-1.png","contentUrl":"https:\/\/mlfln9ez57ke.i.optimole.com\/w:1123\/h:1038\/q:mauto\/f:best\/ig:avif\/https:\/\/houseofotoko.com\/wp-content\/uploads\/2025\/01\/LOGO-PNG-1.png","width":1123,"height":1038,"caption":"House of Otoko"},"image":{"@id":"https:\/\/houseofotoko.com\/#\/schema\/logo\/image\/"},"sameAs":["https:\/\/www.instagram.com\/houseofotoko\/"]}]}},"_links":{"self":[{"href":"https:\/\/houseofotoko.com\/fr\/wp-json\/wp\/v2\/product\/1315","targetHints":{"allow":["GET"]}}],"collection":[{"href":"https:\/\/houseofotoko.com\/fr\/wp-json\/wp\/v2\/product"}],"about":[{"href":"https:\/\/houseofotoko.com\/fr\/wp-json\/wp\/v2\/types\/product"}],"replies":[{"embeddable":true,"href":"https:\/\/houseofotoko.com\/fr\/wp-json\/wp\/v2\/comments?post=1315"}],"wp:featuredmedia":[{"embeddable":true,"href":"https:\/\/houseofotoko.com\/fr\/wp-json\/wp\/v2\/media\/1320"}],"wp:attachment":[{"href":"https:\/\/houseofotoko.com\/fr\/wp-json\/wp\/v2\/media?parent=1315"}],"wp:term":[{"taxonomy":"product_brand","embeddable":true,"href":"https:\/\/houseofotoko.com\/fr\/wp-json\/wp\/v2\/product_brand?post=1315"},{"taxonomy":"product_cat","embeddable":true,"href":"https:\/\/houseofotoko.com\/fr\/wp-json\/wp\/v2\/product_cat?post=1315"},{"taxonomy":"product_tag","embeddable":true,"href":"https:\/\/houseofotoko.com\/fr\/wp-json\/wp\/v2\/product_tag?post=1315"}],"curies":[{"name":"wp","href":"https:\/\/api.w.org\/{rel}","templated":true}]}}