{"id":1251,"date":"2025-10-09T13:38:49","date_gmt":"2025-10-09T13:38:49","guid":{"rendered":"https:\/\/houseofotoko.com\/?post_type=product&#038;p=1251"},"modified":"2025-10-09T14:29:47","modified_gmt":"2025-10-09T14:29:47","slug":"puebco-not-paper-noodle-cup","status":"publish","type":"product","link":"https:\/\/houseofotoko.com\/fr\/produit\/puebco-not-paper-noodle-cup\/","title":{"rendered":"Puebco Not Tasse \u00e0 nouilles en papier"},"content":{"rendered":"<h2 data-start=\"155\" data-end=\"197\">Puebco Not Tasse \u00e0 nouilles en papier<\/h2>\n<p data-start=\"199\" data-end=\"382\">Vous aimez l'aspect des gobelets en papier mais pr\u00e9f\u00e9rez quelque chose de plus durable ? Le gobelet \u00e0 nouilles en papier Puebco Not r\u00e9imagine le gobelet jetable classique en c\u00e9ramique durable. Son design minimaliste et sa construction robuste en font une pi\u00e8ce remarquable pour tout espace moderne.<\/p>\n<p data-start=\"384\" data-end=\"403\"><strong data-start=\"384\" data-end=\"403\">Sp\u00e9cifications :<\/strong><\/p>\n<ul>\n<li data-start=\"406\" data-end=\"427\"><strong><em>Mat\u00e9riau : C\u00e9ramique<\/em><\/strong><\/li>\n<li data-start=\"430\" data-end=\"475\"><strong><em>Dimensions : Environ \u00d8115 mm \u00d7 H125 mm<\/em><\/strong><\/li>\n<li data-start=\"478\" data-end=\"506\"><strong><em>Capacit\u00e9 : Environ 550 ml<\/em><\/strong><\/li>\n<li><strong><em>Mod\u00e8le n\u00b0 : 302997<\/em><\/strong><\/li>\n<li><strong><em>Egalement disponible en tasse \u00e0 caf\u00e9 et \u00e0 glace<\/em><\/strong><\/li>\n<li data-start=\"509\" data-end=\"576\"><strong><em>Instructions d'entretien : Passe au four \u00e0 micro-ondes et au lave-vaisselle ; ne passe pas au four<\/em><\/strong><\/li>\n<li data-start=\"579\" data-end=\"668\"><strong><em>Note : Manipuler avec pr\u00e9caution lorsqu'il s'agit de liquides chauds ; \u00e9viter les changements brusques de temp\u00e9rature.<\/em><\/strong><\/li>\n<li><strong><em>Marque : <a href=\"https:\/\/houseofotoko.com\/product-categorie\/shop\/brands\/puebco\/\">Puebco<\/a><\/em><\/strong><\/li>\n<\/ul>\n<hr \/>\n<p data-start=\"901\" data-end=\"1060\">Ce gobelet \u00e0 nouilles en c\u00e9ramique allie fonctionnalit\u00e9 et ironie, ce qui en fait un compl\u00e9ment id\u00e9al pour votre cuisine ou un cadeau attentionn\u00e9.<\/p>\n<hr \/>\n<p data-start=\"901\" data-end=\"1060\">","protected":false},"excerpt":{"rendered":"<p><strong>Puebco Not Tasse \u00e0 nouilles en papier<\/strong> Tasse en c\u00e9ramique durable au design minimaliste. Cette tasse allie la fonctionnalit\u00e9 \u00e0 une touche d'ironie.<\/p>","protected":false},"featured_media":1256,"comment_status":"open","ping_status":"closed","template":"","meta":{"neve_meta_sidebar":"","neve_meta_container":"","neve_meta_enable_content_width":"off","neve_meta_content_width":100,"neve_meta_title_alignment":"","neve_meta_author_avatar":"","neve_post_elements_order":"","neve_meta_disable_header":"","neve_meta_disable_footer":"","neve_meta_disable_title":"","neve_meta_reading_time":"","_themeisle_gutenberg_block_has_review":false,"neve_tabs_data":"","neve_override_tab_layout":""},"product_brand":[118],"product_cat":[16,52,42,22,69],"product_tag":[201,113,83],"class_list":{"0":"post-1251","1":"product","2":"type-product","3":"status-publish","4":"has-post-thumbnail","6":"product_brand-puebco","7":"product_cat-all","8":"product_cat-glassware_bar","9":"product_cat-kitchen_dining","10":"product_cat-living","11":"product_cat-puebco","12":"product_tag-ceramic","13":"product_tag-cup","14":"product_tag-puebco","15":"product_shipping_class-standard-package","17":"first","18":"instock","19":"taxable","20":"shipping-taxable","21":"purchasable","22":"product-type-simple"},"yoast_head":"<!-- This site is optimized with the Yoast SEO plugin v27.4 - https:\/\/yoast.com\/product\/yoast-seo-wordpress\/ -->\n<title>Puebco Not Paper Noodle Cup - House of Otoko<\/title>\n<meta name=\"description\" content=\"Puebco Not Paper Noodle Cup. Durable ceramic cup with a minimalist design. This cup combines functionality with a touch of irony.\" \/>\n<meta name=\"robots\" content=\"index, follow, max-snippet:-1, max-image-preview:large, max-video-preview:-1\" \/>\n<link rel=\"canonical\" href=\"https:\/\/houseofotoko.com\/fr\/produit\/puebco-not-paper-noodle-cup\/\" \/>\n<meta property=\"og:locale\" content=\"fr_FR\" \/>\n<meta property=\"og:type\" content=\"article\" \/>\n<meta property=\"og:title\" content=\"Puebco Not Paper Noodle Cup - House of Otoko\" \/>\n<meta property=\"og:description\" content=\"Puebco Not Paper Noodle Cup. Durable ceramic cup with a minimalist design. This cup combines functionality with a touch of irony.\" \/>\n<meta property=\"og:url\" content=\"https:\/\/houseofotoko.com\/fr\/produit\/puebco-not-paper-noodle-cup\/\" \/>\n<meta property=\"og:site_name\" content=\"House of Otoko\" \/>\n<meta property=\"article:modified_time\" content=\"2025-10-09T14:29:47+00:00\" \/>\n<meta property=\"og:image\" content=\"https:\/\/houseofotoko.com\/wp-content\/uploads\/2025\/10\/Puebco-not-a-paper-noodle-cup-302997.webp\" \/>\n\t<meta property=\"og:image:width\" content=\"600\" \/>\n\t<meta property=\"og:image:height\" content=\"600\" \/>\n\t<meta property=\"og:image:type\" content=\"image\/webp\" \/>\n<meta name=\"twitter:card\" content=\"summary_large_image\" \/>\n<meta name=\"twitter:label1\" content=\"Dur\u00e9e de lecture estim\u00e9e\" \/>\n\t<meta name=\"twitter:data1\" content=\"1 minute\" \/>\n<script type=\"application\/ld+json\" class=\"yoast-schema-graph\">{\"@context\":\"https:\\\/\\\/schema.org\",\"@graph\":[{\"@type\":\"WebPage\",\"@id\":\"https:\\\/\\\/houseofotoko.com\\\/product\\\/puebco-not-paper-noodle-cup\\\/\",\"url\":\"https:\\\/\\\/houseofotoko.com\\\/product\\\/puebco-not-paper-noodle-cup\\\/\",\"name\":\"Puebco Not Paper Noodle Cup - House of Otoko\",\"isPartOf\":{\"@id\":\"https:\\\/\\\/houseofotoko.com\\\/#website\"},\"primaryImageOfPage\":{\"@id\":\"https:\\\/\\\/houseofotoko.com\\\/product\\\/puebco-not-paper-noodle-cup\\\/#primaryimage\"},\"image\":{\"@id\":\"https:\\\/\\\/houseofotoko.com\\\/product\\\/puebco-not-paper-noodle-cup\\\/#primaryimage\"},\"thumbnailUrl\":\"https:\\\/\\\/houseofotoko.com\\\/wp-content\\\/uploads\\\/2025\\\/10\\\/Puebco-not-a-paper-noodle-cup-302997.webp\",\"datePublished\":\"2025-10-09T13:38:49+00:00\",\"dateModified\":\"2025-10-09T14:29:47+00:00\",\"description\":\"Puebco Not Paper Noodle Cup. Durable ceramic cup with a minimalist design. This cup combines functionality with a touch of irony.\",\"breadcrumb\":{\"@id\":\"https:\\\/\\\/houseofotoko.com\\\/product\\\/puebco-not-paper-noodle-cup\\\/#breadcrumb\"},\"inLanguage\":\"fr-FR\",\"potentialAction\":[{\"@type\":\"ReadAction\",\"target\":[\"https:\\\/\\\/houseofotoko.com\\\/product\\\/puebco-not-paper-noodle-cup\\\/\"]}]},{\"@type\":\"ImageObject\",\"inLanguage\":\"fr-FR\",\"@id\":\"https:\\\/\\\/houseofotoko.com\\\/product\\\/puebco-not-paper-noodle-cup\\\/#primaryimage\",\"url\":\"https:\\\/\\\/houseofotoko.com\\\/wp-content\\\/uploads\\\/2025\\\/10\\\/Puebco-not-a-paper-noodle-cup-302997.webp\",\"contentUrl\":\"https:\\\/\\\/houseofotoko.com\\\/wp-content\\\/uploads\\\/2025\\\/10\\\/Puebco-not-a-paper-noodle-cup-302997.webp\",\"width\":600,\"height\":600,\"caption\":\"Puebco - not a paper noodle cup - 302997\"},{\"@type\":\"BreadcrumbList\",\"@id\":\"https:\\\/\\\/houseofotoko.com\\\/product\\\/puebco-not-paper-noodle-cup\\\/#breadcrumb\",\"itemListElement\":[{\"@type\":\"ListItem\",\"position\":1,\"name\":\"Home\",\"item\":\"https:\\\/\\\/houseofotoko.com\\\/\"},{\"@type\":\"ListItem\",\"position\":2,\"name\":\"Shop\",\"item\":\"https:\\\/\\\/houseofotoko.com\\\/shop\\\/\"},{\"@type\":\"ListItem\",\"position\":3,\"name\":\"Puebco Not Paper Noodle Cup\"}]},{\"@type\":\"WebSite\",\"@id\":\"https:\\\/\\\/houseofotoko.com\\\/#website\",\"url\":\"https:\\\/\\\/houseofotoko.com\\\/\",\"name\":\"House of Otoko\",\"description\":\"\",\"publisher\":{\"@id\":\"https:\\\/\\\/houseofotoko.com\\\/#organization\"},\"potentialAction\":[{\"@type\":\"SearchAction\",\"target\":{\"@type\":\"EntryPoint\",\"urlTemplate\":\"https:\\\/\\\/houseofotoko.com\\\/?s={search_term_string}\"},\"query-input\":{\"@type\":\"PropertyValueSpecification\",\"valueRequired\":true,\"valueName\":\"search_term_string\"}}],\"inLanguage\":\"fr-FR\"},{\"@type\":\"Organization\",\"@id\":\"https:\\\/\\\/houseofotoko.com\\\/#organization\",\"name\":\"House of Otoko\",\"url\":\"https:\\\/\\\/houseofotoko.com\\\/\",\"logo\":{\"@type\":\"ImageObject\",\"inLanguage\":\"fr-FR\",\"@id\":\"https:\\\/\\\/houseofotoko.com\\\/#\\\/schema\\\/logo\\\/image\\\/\",\"url\":\"https:\\\/\\\/mlfln9ez57ke.i.optimole.com\\\/w:1123\\\/h:1038\\\/q:mauto\\\/f:best\\\/ig:avif\\\/https:\\\/\\\/houseofotoko.com\\\/wp-content\\\/uploads\\\/2025\\\/01\\\/LOGO-PNG-1.png\",\"contentUrl\":\"https:\\\/\\\/mlfln9ez57ke.i.optimole.com\\\/w:1123\\\/h:1038\\\/q:mauto\\\/f:best\\\/ig:avif\\\/https:\\\/\\\/houseofotoko.com\\\/wp-content\\\/uploads\\\/2025\\\/01\\\/LOGO-PNG-1.png\",\"width\":1123,\"height\":1038,\"caption\":\"House of Otoko\"},\"image\":{\"@id\":\"https:\\\/\\\/houseofotoko.com\\\/#\\\/schema\\\/logo\\\/image\\\/\"},\"sameAs\":[\"https:\\\/\\\/www.instagram.com\\\/houseofotoko\\\/\"]}]}<\/script>\n<!-- \/ Yoast SEO plugin. -->","yoast_head_json":{"title":"Puebco Not Paper Noodle Cup - House of Otoko","description":"Puebco Not Paper Noodle Cup. Durable ceramic cup with a minimalist design. This cup combines functionality with a touch of irony.","robots":{"index":"index","follow":"follow","max-snippet":"max-snippet:-1","max-image-preview":"max-image-preview:large","max-video-preview":"max-video-preview:-1"},"canonical":"https:\/\/houseofotoko.com\/fr\/produit\/puebco-not-paper-noodle-cup\/","og_locale":"fr_FR","og_type":"article","og_title":"Puebco Not Paper Noodle Cup - House of Otoko","og_description":"Puebco Not Paper Noodle Cup. Durable ceramic cup with a minimalist design. This cup combines functionality with a touch of irony.","og_url":"https:\/\/houseofotoko.com\/fr\/produit\/puebco-not-paper-noodle-cup\/","og_site_name":"House of Otoko","article_modified_time":"2025-10-09T14:29:47+00:00","og_image":[{"width":600,"height":600,"url":"https:\/\/houseofotoko.com\/wp-content\/uploads\/2025\/10\/Puebco-not-a-paper-noodle-cup-302997.webp","type":"image\/webp"}],"twitter_card":"summary_large_image","twitter_misc":{"Dur\u00e9e de lecture estim\u00e9e":"1 minute"},"schema":{"@context":"https:\/\/schema.org","@graph":[{"@type":"WebPage","@id":"https:\/\/houseofotoko.com\/product\/puebco-not-paper-noodle-cup\/","url":"https:\/\/houseofotoko.com\/product\/puebco-not-paper-noodle-cup\/","name":"Puebco Not Paper Noodle Cup - House of Otoko","isPartOf":{"@id":"https:\/\/houseofotoko.com\/#website"},"primaryImageOfPage":{"@id":"https:\/\/houseofotoko.com\/product\/puebco-not-paper-noodle-cup\/#primaryimage"},"image":{"@id":"https:\/\/houseofotoko.com\/product\/puebco-not-paper-noodle-cup\/#primaryimage"},"thumbnailUrl":"https:\/\/houseofotoko.com\/wp-content\/uploads\/2025\/10\/Puebco-not-a-paper-noodle-cup-302997.webp","datePublished":"2025-10-09T13:38:49+00:00","dateModified":"2025-10-09T14:29:47+00:00","description":"Puebco Not Paper Noodle Cup. Durable ceramic cup with a minimalist design. This cup combines functionality with a touch of irony.","breadcrumb":{"@id":"https:\/\/houseofotoko.com\/product\/puebco-not-paper-noodle-cup\/#breadcrumb"},"inLanguage":"fr-FR","potentialAction":[{"@type":"ReadAction","target":["https:\/\/houseofotoko.com\/product\/puebco-not-paper-noodle-cup\/"]}]},{"@type":"ImageObject","inLanguage":"fr-FR","@id":"https:\/\/houseofotoko.com\/product\/puebco-not-paper-noodle-cup\/#primaryimage","url":"https:\/\/houseofotoko.com\/wp-content\/uploads\/2025\/10\/Puebco-not-a-paper-noodle-cup-302997.webp","contentUrl":"https:\/\/houseofotoko.com\/wp-content\/uploads\/2025\/10\/Puebco-not-a-paper-noodle-cup-302997.webp","width":600,"height":600,"caption":"Puebco - not a paper noodle cup - 302997"},{"@type":"BreadcrumbList","@id":"https:\/\/houseofotoko.com\/product\/puebco-not-paper-noodle-cup\/#breadcrumb","itemListElement":[{"@type":"ListItem","position":1,"name":"Home","item":"https:\/\/houseofotoko.com\/"},{"@type":"ListItem","position":2,"name":"Shop","item":"https:\/\/houseofotoko.com\/shop\/"},{"@type":"ListItem","position":3,"name":"Puebco Not Paper Noodle Cup"}]},{"@type":"WebSite","@id":"https:\/\/houseofotoko.com\/#website","url":"https:\/\/houseofotoko.com\/","name":"House of Otoko","description":"","publisher":{"@id":"https:\/\/houseofotoko.com\/#organization"},"potentialAction":[{"@type":"SearchAction","target":{"@type":"EntryPoint","urlTemplate":"https:\/\/houseofotoko.com\/?s={search_term_string}"},"query-input":{"@type":"PropertyValueSpecification","valueRequired":true,"valueName":"search_term_string"}}],"inLanguage":"fr-FR"},{"@type":"Organization","@id":"https:\/\/houseofotoko.com\/#organization","name":"House of Otoko","url":"https:\/\/houseofotoko.com\/","logo":{"@type":"ImageObject","inLanguage":"fr-FR","@id":"https:\/\/houseofotoko.com\/#\/schema\/logo\/image\/","url":"https:\/\/mlfln9ez57ke.i.optimole.com\/w:1123\/h:1038\/q:mauto\/f:best\/ig:avif\/https:\/\/houseofotoko.com\/wp-content\/uploads\/2025\/01\/LOGO-PNG-1.png","contentUrl":"https:\/\/mlfln9ez57ke.i.optimole.com\/w:1123\/h:1038\/q:mauto\/f:best\/ig:avif\/https:\/\/houseofotoko.com\/wp-content\/uploads\/2025\/01\/LOGO-PNG-1.png","width":1123,"height":1038,"caption":"House of Otoko"},"image":{"@id":"https:\/\/houseofotoko.com\/#\/schema\/logo\/image\/"},"sameAs":["https:\/\/www.instagram.com\/houseofotoko\/"]}]}},"_links":{"self":[{"href":"https:\/\/houseofotoko.com\/fr\/wp-json\/wp\/v2\/product\/1251","targetHints":{"allow":["GET"]}}],"collection":[{"href":"https:\/\/houseofotoko.com\/fr\/wp-json\/wp\/v2\/product"}],"about":[{"href":"https:\/\/houseofotoko.com\/fr\/wp-json\/wp\/v2\/types\/product"}],"replies":[{"embeddable":true,"href":"https:\/\/houseofotoko.com\/fr\/wp-json\/wp\/v2\/comments?post=1251"}],"wp:featuredmedia":[{"embeddable":true,"href":"https:\/\/houseofotoko.com\/fr\/wp-json\/wp\/v2\/media\/1256"}],"wp:attachment":[{"href":"https:\/\/houseofotoko.com\/fr\/wp-json\/wp\/v2\/media?parent=1251"}],"wp:term":[{"taxonomy":"product_brand","embeddable":true,"href":"https:\/\/houseofotoko.com\/fr\/wp-json\/wp\/v2\/product_brand?post=1251"},{"taxonomy":"product_cat","embeddable":true,"href":"https:\/\/houseofotoko.com\/fr\/wp-json\/wp\/v2\/product_cat?post=1251"},{"taxonomy":"product_tag","embeddable":true,"href":"https:\/\/houseofotoko.com\/fr\/wp-json\/wp\/v2\/product_tag?post=1251"}],"curies":[{"name":"wp","href":"https:\/\/api.w.org\/{rel}","templated":true}]}}