{"id":1229,"date":"2025-10-09T10:01:40","date_gmt":"2025-10-09T10:01:40","guid":{"rendered":"https:\/\/houseofotoko.com\/?post_type=product&#038;p=1229"},"modified":"2025-10-09T10:37:58","modified_gmt":"2025-10-09T10:37:58","slug":"puebco-magazine-wire-basket","status":"publish","type":"product","link":"https:\/\/houseofotoko.com\/fr\/produit\/puebco-magazine-wire-basket\/","title":{"rendered":"Puebco Magazine Wire Basket\u00a0"},"content":{"rendered":"<h2 data-start=\"125\" data-end=\"172\"><strong data-start=\"128\" data-end=\"172\">Puebco Magazine Wire Basket\u00a0<\/strong><\/h2>\n<p data-start=\"174\" data-end=\"402\">Ajoutez un charme industriel brut \u00e0 votre espace avec le <strong data-start=\"222\" data-end=\"266\">Puebco Magazine Wire Basket.<\/strong>\u00a0Fabriqu\u00e9e en acier robuste, cette pi\u00e8ce de rangement utilitaire allie force et style - parfait pour les hommes qui exigent une fonction avec une attitude.<\/p>\n<h3 data-start=\"404\" data-end=\"427\"><strong data-start=\"408\" data-end=\"427\">Sp\u00e9cifications :<\/strong><\/h3>\n<ul>\n<li data-start=\"424\" data-end=\"507\"><strong><em>Mat\u00e9riau : Acier robuste\u00a0<\/em><\/strong><\/li>\n<li data-start=\"510\" data-end=\"593\"><strong><em>Taille : Environ 37 \u00d7 14 \u00d7 24,5 cm<\/em><\/strong><\/li>\n<li><strong><em>Couleur : Acier fonc\u00e9<\/em><\/strong><\/li>\n<li data-start=\"596\" data-end=\"728\"><strong><em>Conception : Fil ouvert avec poign\u00e9e int\u00e9gr\u00e9e<\/em><\/strong><\/li>\n<li data-start=\"731\" data-end=\"819\"><strong><em>Objet : Id\u00e9al pour les magazines, les brochures, le courrier ou comme \u00e9tui pour les disques vinyles.<\/em><\/strong><\/li>\n<li data-start=\"822\" data-end=\"899\"><strong><em>Style adapt\u00e9 : Compl\u00e8te les int\u00e9rieurs loft, industriels et modernes masculins.<\/em><\/strong><\/li>\n<li><strong><em>Marque : <a href=\"https:\/\/houseofotoko.com\/product-categorie\/shop\/brands\/puebco\/\">Puebco<\/a><\/em><\/strong><\/li>\n<\/ul>\n<hr \/>\n<p data-start=\"901\" data-end=\"1060\">Qu'il s'agisse d'organiser vos livres ou de ranger vos disques vinyles, ce panier en fil de fer est \u00e0 la fois pratique et \u00e9l\u00e9gant.<\/p>\n<hr \/>\n<p data-start=\"901\" data-end=\"1060\">","protected":false},"excerpt":{"rendered":"<p><strong>Puebco Magazine Wire Basket<\/strong>, Construit en acier solide, il est assez grand pour contenir des vinyles ou des magazines, avec une poign\u00e9e robuste pour le transport et l'exposition.<\/p>","protected":false},"featured_media":1232,"comment_status":"open","ping_status":"closed","template":"","meta":{"neve_meta_sidebar":"","neve_meta_container":"","neve_meta_enable_content_width":"off","neve_meta_content_width":100,"neve_meta_title_alignment":"","neve_meta_author_avatar":"","neve_post_elements_order":"","neve_meta_disable_header":"","neve_meta_disable_footer":"","neve_meta_disable_title":"","neve_meta_reading_time":"","_themeisle_gutenberg_block_has_review":false,"neve_tabs_data":"","neve_override_tab_layout":""},"product_brand":[118],"product_cat":[16,40,22,69,45,46],"product_tag":[197,83,64,198],"class_list":{"0":"post-1229","1":"product","2":"type-product","3":"status-publish","4":"has-post-thumbnail","6":"product_brand-puebco","7":"product_cat-all","8":"product_cat-home-decor","9":"product_cat-living","10":"product_cat-puebco","11":"product_cat-storage","12":"product_cat-usefull","13":"product_tag-basket","14":"product_tag-puebco","15":"product_tag-steel","16":"product_tag-storage","17":"product_shipping_class-standard-package","19":"first","20":"instock","21":"taxable","22":"shipping-taxable","23":"purchasable","24":"product-type-simple"},"yoast_head":"<!-- This site is optimized with the Yoast SEO plugin v27.4 - https:\/\/yoast.com\/product\/yoast-seo-wordpress\/ -->\n<title>Puebco Magazine Wire Basket\u00a0 - House of Otoko<\/title>\n<meta name=\"description\" content=\"Puebco Magazine Wire Basket, built from solid steel, is big enough for vinyl or magazines, with a sturdy handle for hauling and display.\" \/>\n<meta name=\"robots\" content=\"index, follow, max-snippet:-1, max-image-preview:large, max-video-preview:-1\" \/>\n<link rel=\"canonical\" href=\"https:\/\/houseofotoko.com\/fr\/produit\/puebco-magazine-wire-basket\/\" \/>\n<meta property=\"og:locale\" content=\"fr_FR\" \/>\n<meta property=\"og:type\" content=\"article\" \/>\n<meta property=\"og:title\" content=\"Puebco Magazine Wire Basket\u00a0 - House of Otoko\" \/>\n<meta property=\"og:description\" content=\"Puebco Magazine Wire Basket, built from solid steel, is big enough for vinyl or magazines, with a sturdy handle for hauling and display.\" \/>\n<meta property=\"og:url\" content=\"https:\/\/houseofotoko.com\/fr\/produit\/puebco-magazine-wire-basket\/\" \/>\n<meta property=\"og:site_name\" content=\"House of Otoko\" \/>\n<meta property=\"article:modified_time\" content=\"2025-10-09T10:37:58+00:00\" \/>\n<meta property=\"og:image\" content=\"https:\/\/houseofotoko.com\/wp-content\/uploads\/2025\/10\/Puebco-Magazine-wire-basket-108841.webp\" \/>\n\t<meta property=\"og:image:width\" content=\"600\" \/>\n\t<meta property=\"og:image:height\" content=\"600\" \/>\n\t<meta property=\"og:image:type\" content=\"image\/webp\" \/>\n<meta name=\"twitter:card\" content=\"summary_large_image\" \/>\n<meta name=\"twitter:label1\" content=\"Dur\u00e9e de lecture estim\u00e9e\" \/>\n\t<meta name=\"twitter:data1\" content=\"1 minute\" \/>\n<script type=\"application\/ld+json\" class=\"yoast-schema-graph\">{\"@context\":\"https:\\\/\\\/schema.org\",\"@graph\":[{\"@type\":\"WebPage\",\"@id\":\"https:\\\/\\\/houseofotoko.com\\\/product\\\/puebco-magazine-wire-basket\\\/\",\"url\":\"https:\\\/\\\/houseofotoko.com\\\/product\\\/puebco-magazine-wire-basket\\\/\",\"name\":\"Puebco Magazine Wire Basket\u00a0 - House of Otoko\",\"isPartOf\":{\"@id\":\"https:\\\/\\\/houseofotoko.com\\\/#website\"},\"primaryImageOfPage\":{\"@id\":\"https:\\\/\\\/houseofotoko.com\\\/product\\\/puebco-magazine-wire-basket\\\/#primaryimage\"},\"image\":{\"@id\":\"https:\\\/\\\/houseofotoko.com\\\/product\\\/puebco-magazine-wire-basket\\\/#primaryimage\"},\"thumbnailUrl\":\"https:\\\/\\\/houseofotoko.com\\\/wp-content\\\/uploads\\\/2025\\\/10\\\/Puebco-Magazine-wire-basket-108841.webp\",\"datePublished\":\"2025-10-09T10:01:40+00:00\",\"dateModified\":\"2025-10-09T10:37:58+00:00\",\"description\":\"Puebco Magazine Wire Basket, built from solid steel, is big enough for vinyl or magazines, with a sturdy handle for hauling and display.\",\"breadcrumb\":{\"@id\":\"https:\\\/\\\/houseofotoko.com\\\/product\\\/puebco-magazine-wire-basket\\\/#breadcrumb\"},\"inLanguage\":\"fr-FR\",\"potentialAction\":[{\"@type\":\"ReadAction\",\"target\":[\"https:\\\/\\\/houseofotoko.com\\\/product\\\/puebco-magazine-wire-basket\\\/\"]}]},{\"@type\":\"ImageObject\",\"inLanguage\":\"fr-FR\",\"@id\":\"https:\\\/\\\/houseofotoko.com\\\/product\\\/puebco-magazine-wire-basket\\\/#primaryimage\",\"url\":\"https:\\\/\\\/houseofotoko.com\\\/wp-content\\\/uploads\\\/2025\\\/10\\\/Puebco-Magazine-wire-basket-108841.webp\",\"contentUrl\":\"https:\\\/\\\/houseofotoko.com\\\/wp-content\\\/uploads\\\/2025\\\/10\\\/Puebco-Magazine-wire-basket-108841.webp\",\"width\":600,\"height\":600,\"caption\":\"Puebco - Magazine wire basket\"},{\"@type\":\"BreadcrumbList\",\"@id\":\"https:\\\/\\\/houseofotoko.com\\\/product\\\/puebco-magazine-wire-basket\\\/#breadcrumb\",\"itemListElement\":[{\"@type\":\"ListItem\",\"position\":1,\"name\":\"Home\",\"item\":\"https:\\\/\\\/houseofotoko.com\\\/\"},{\"@type\":\"ListItem\",\"position\":2,\"name\":\"Shop\",\"item\":\"https:\\\/\\\/houseofotoko.com\\\/shop\\\/\"},{\"@type\":\"ListItem\",\"position\":3,\"name\":\"Puebco Magazine Wire Basket\u00a0\"}]},{\"@type\":\"WebSite\",\"@id\":\"https:\\\/\\\/houseofotoko.com\\\/#website\",\"url\":\"https:\\\/\\\/houseofotoko.com\\\/\",\"name\":\"House of Otoko\",\"description\":\"\",\"publisher\":{\"@id\":\"https:\\\/\\\/houseofotoko.com\\\/#organization\"},\"potentialAction\":[{\"@type\":\"SearchAction\",\"target\":{\"@type\":\"EntryPoint\",\"urlTemplate\":\"https:\\\/\\\/houseofotoko.com\\\/?s={search_term_string}\"},\"query-input\":{\"@type\":\"PropertyValueSpecification\",\"valueRequired\":true,\"valueName\":\"search_term_string\"}}],\"inLanguage\":\"fr-FR\"},{\"@type\":\"Organization\",\"@id\":\"https:\\\/\\\/houseofotoko.com\\\/#organization\",\"name\":\"House of Otoko\",\"url\":\"https:\\\/\\\/houseofotoko.com\\\/\",\"logo\":{\"@type\":\"ImageObject\",\"inLanguage\":\"fr-FR\",\"@id\":\"https:\\\/\\\/houseofotoko.com\\\/#\\\/schema\\\/logo\\\/image\\\/\",\"url\":\"https:\\\/\\\/mlfln9ez57ke.i.optimole.com\\\/w:1123\\\/h:1038\\\/q:mauto\\\/f:best\\\/ig:avif\\\/https:\\\/\\\/houseofotoko.com\\\/wp-content\\\/uploads\\\/2025\\\/01\\\/LOGO-PNG-1.png\",\"contentUrl\":\"https:\\\/\\\/mlfln9ez57ke.i.optimole.com\\\/w:1123\\\/h:1038\\\/q:mauto\\\/f:best\\\/ig:avif\\\/https:\\\/\\\/houseofotoko.com\\\/wp-content\\\/uploads\\\/2025\\\/01\\\/LOGO-PNG-1.png\",\"width\":1123,\"height\":1038,\"caption\":\"House of Otoko\"},\"image\":{\"@id\":\"https:\\\/\\\/houseofotoko.com\\\/#\\\/schema\\\/logo\\\/image\\\/\"},\"sameAs\":[\"https:\\\/\\\/www.instagram.com\\\/houseofotoko\\\/\"]}]}<\/script>\n<!-- \/ Yoast SEO plugin. -->","yoast_head_json":{"title":"Puebco Magazine Wire Basket\u00a0 - House of Otoko","description":"Puebco Magazine Wire Basket, built from solid steel, is big enough for vinyl or magazines, with a sturdy handle for hauling and display.","robots":{"index":"index","follow":"follow","max-snippet":"max-snippet:-1","max-image-preview":"max-image-preview:large","max-video-preview":"max-video-preview:-1"},"canonical":"https:\/\/houseofotoko.com\/fr\/produit\/puebco-magazine-wire-basket\/","og_locale":"fr_FR","og_type":"article","og_title":"Puebco Magazine Wire Basket\u00a0 - House of Otoko","og_description":"Puebco Magazine Wire Basket, built from solid steel, is big enough for vinyl or magazines, with a sturdy handle for hauling and display.","og_url":"https:\/\/houseofotoko.com\/fr\/produit\/puebco-magazine-wire-basket\/","og_site_name":"House of Otoko","article_modified_time":"2025-10-09T10:37:58+00:00","og_image":[{"width":600,"height":600,"url":"https:\/\/houseofotoko.com\/wp-content\/uploads\/2025\/10\/Puebco-Magazine-wire-basket-108841.webp","type":"image\/webp"}],"twitter_card":"summary_large_image","twitter_misc":{"Dur\u00e9e de lecture estim\u00e9e":"1 minute"},"schema":{"@context":"https:\/\/schema.org","@graph":[{"@type":"WebPage","@id":"https:\/\/houseofotoko.com\/product\/puebco-magazine-wire-basket\/","url":"https:\/\/houseofotoko.com\/product\/puebco-magazine-wire-basket\/","name":"Puebco Magazine Wire Basket\u00a0 - House of Otoko","isPartOf":{"@id":"https:\/\/houseofotoko.com\/#website"},"primaryImageOfPage":{"@id":"https:\/\/houseofotoko.com\/product\/puebco-magazine-wire-basket\/#primaryimage"},"image":{"@id":"https:\/\/houseofotoko.com\/product\/puebco-magazine-wire-basket\/#primaryimage"},"thumbnailUrl":"https:\/\/houseofotoko.com\/wp-content\/uploads\/2025\/10\/Puebco-Magazine-wire-basket-108841.webp","datePublished":"2025-10-09T10:01:40+00:00","dateModified":"2025-10-09T10:37:58+00:00","description":"Puebco Magazine Wire Basket, built from solid steel, is big enough for vinyl or magazines, with a sturdy handle for hauling and display.","breadcrumb":{"@id":"https:\/\/houseofotoko.com\/product\/puebco-magazine-wire-basket\/#breadcrumb"},"inLanguage":"fr-FR","potentialAction":[{"@type":"ReadAction","target":["https:\/\/houseofotoko.com\/product\/puebco-magazine-wire-basket\/"]}]},{"@type":"ImageObject","inLanguage":"fr-FR","@id":"https:\/\/houseofotoko.com\/product\/puebco-magazine-wire-basket\/#primaryimage","url":"https:\/\/houseofotoko.com\/wp-content\/uploads\/2025\/10\/Puebco-Magazine-wire-basket-108841.webp","contentUrl":"https:\/\/houseofotoko.com\/wp-content\/uploads\/2025\/10\/Puebco-Magazine-wire-basket-108841.webp","width":600,"height":600,"caption":"Puebco - Magazine wire basket"},{"@type":"BreadcrumbList","@id":"https:\/\/houseofotoko.com\/product\/puebco-magazine-wire-basket\/#breadcrumb","itemListElement":[{"@type":"ListItem","position":1,"name":"Home","item":"https:\/\/houseofotoko.com\/"},{"@type":"ListItem","position":2,"name":"Shop","item":"https:\/\/houseofotoko.com\/shop\/"},{"@type":"ListItem","position":3,"name":"Puebco Magazine Wire Basket\u00a0"}]},{"@type":"WebSite","@id":"https:\/\/houseofotoko.com\/#website","url":"https:\/\/houseofotoko.com\/","name":"House of Otoko","description":"","publisher":{"@id":"https:\/\/houseofotoko.com\/#organization"},"potentialAction":[{"@type":"SearchAction","target":{"@type":"EntryPoint","urlTemplate":"https:\/\/houseofotoko.com\/?s={search_term_string}"},"query-input":{"@type":"PropertyValueSpecification","valueRequired":true,"valueName":"search_term_string"}}],"inLanguage":"fr-FR"},{"@type":"Organization","@id":"https:\/\/houseofotoko.com\/#organization","name":"House of Otoko","url":"https:\/\/houseofotoko.com\/","logo":{"@type":"ImageObject","inLanguage":"fr-FR","@id":"https:\/\/houseofotoko.com\/#\/schema\/logo\/image\/","url":"https:\/\/mlfln9ez57ke.i.optimole.com\/w:1123\/h:1038\/q:mauto\/f:best\/ig:avif\/https:\/\/houseofotoko.com\/wp-content\/uploads\/2025\/01\/LOGO-PNG-1.png","contentUrl":"https:\/\/mlfln9ez57ke.i.optimole.com\/w:1123\/h:1038\/q:mauto\/f:best\/ig:avif\/https:\/\/houseofotoko.com\/wp-content\/uploads\/2025\/01\/LOGO-PNG-1.png","width":1123,"height":1038,"caption":"House of Otoko"},"image":{"@id":"https:\/\/houseofotoko.com\/#\/schema\/logo\/image\/"},"sameAs":["https:\/\/www.instagram.com\/houseofotoko\/"]}]}},"_links":{"self":[{"href":"https:\/\/houseofotoko.com\/fr\/wp-json\/wp\/v2\/product\/1229","targetHints":{"allow":["GET"]}}],"collection":[{"href":"https:\/\/houseofotoko.com\/fr\/wp-json\/wp\/v2\/product"}],"about":[{"href":"https:\/\/houseofotoko.com\/fr\/wp-json\/wp\/v2\/types\/product"}],"replies":[{"embeddable":true,"href":"https:\/\/houseofotoko.com\/fr\/wp-json\/wp\/v2\/comments?post=1229"}],"wp:featuredmedia":[{"embeddable":true,"href":"https:\/\/houseofotoko.com\/fr\/wp-json\/wp\/v2\/media\/1232"}],"wp:attachment":[{"href":"https:\/\/houseofotoko.com\/fr\/wp-json\/wp\/v2\/media?parent=1229"}],"wp:term":[{"taxonomy":"product_brand","embeddable":true,"href":"https:\/\/houseofotoko.com\/fr\/wp-json\/wp\/v2\/product_brand?post=1229"},{"taxonomy":"product_cat","embeddable":true,"href":"https:\/\/houseofotoko.com\/fr\/wp-json\/wp\/v2\/product_cat?post=1229"},{"taxonomy":"product_tag","embeddable":true,"href":"https:\/\/houseofotoko.com\/fr\/wp-json\/wp\/v2\/product_tag?post=1229"}],"curies":[{"name":"wp","href":"https:\/\/api.w.org\/{rel}","templated":true}]}}