{"id":1094,"date":"2025-06-09T14:21:41","date_gmt":"2025-06-09T14:21:41","guid":{"rendered":"https:\/\/houseofotoko.com\/?post_type=product&#038;p=1094"},"modified":"2025-08-29T16:20:16","modified_gmt":"2025-08-29T16:20:16","slug":"ribbed-espresso-mug-light-grey","status":"publish","type":"product","link":"https:\/\/houseofotoko.com\/fr\/produit\/ribbed-espresso-mug-light-grey\/","title":{"rendered":"Mug Espresso c\u00f4tel\u00e9 Gris clair"},"content":{"rendered":"<p data-start=\"0\" data-end=\"352\">La tasse \u00e0 espresso stri\u00e9e gris clair d'Archive Studio est un ajout robuste et masculin \u00e0 votre rituel du caf\u00e9. Fabriqu\u00e9e en gr\u00e8s de haute qualit\u00e9, cette tasse \u00e0 espresso pr\u00e9sente un ext\u00e9rieur c\u00f4tel\u00e9 mat, non \u00e9maill\u00e9, qui d\u00e9gage une sophistication robuste. L'int\u00e9rieur est \u00e9maill\u00e9, offrant une finition lisse qui compl\u00e8te le design robuste de la tasse.<\/p>\n<ul data-start=\"373\" data-end=\"521\">\n<li data-start=\"373\" data-end=\"398\"><em><strong data-start=\"375\" data-end=\"388\">Mat\u00e9riau :<\/strong> Gr\u00e8s<\/em><\/li>\n<li data-start=\"399\" data-end=\"422\"><em><strong data-start=\"401\" data-end=\"411\">Couleur :<\/strong> Gris clair<\/em><\/li>\n<li data-start=\"423\" data-end=\"471\"><em><strong data-start=\"425\" data-end=\"440\">Dimensions :<\/strong> Diam\u00e8tre : 5,5 cm ; hauteur : 6 cm<\/em><\/li>\n<li data-start=\"472\" data-end=\"493\"><em><strong data-start=\"474\" data-end=\"487\">Capacit\u00e9 :<\/strong> 60 ml<\/em><\/li>\n<li data-start=\"494\" data-end=\"521\"><em><strong data-start=\"496\" data-end=\"505\">Soins :<\/strong> Lavable au lave-vaisselle<\/em><\/li>\n<li><em><strong>Marque :<\/strong> <a href=\"https:\/\/houseofotoko.com\/product-categorie\/shop\/brands\/archive-studio\/\">Studio d'archivage<\/a><\/em><\/li>\n<\/ul>\n<p data-start=\"523\" data-end=\"804\">Au cours du processus de fabrication, des pigments de couleur sont m\u00e9lang\u00e9s \u00e0 l'argile liquide, ce qui garantit une teinte homog\u00e8ne \u00e0 l'int\u00e9rieur comme \u00e0 l'ext\u00e9rieur. L'ext\u00e9rieur c\u00f4tel\u00e9 mat et non \u00e9maill\u00e9 offre non seulement une bonne prise en main, mais ajoute \u00e9galement une touche d'\u00e9l\u00e9gance masculine \u00e0 votre exp\u00e9rience du caf\u00e9.<\/p>\n<p data-start=\"719\" data-end=\"888\">","protected":false},"excerpt":{"rendered":"<p>La tasse \u00e0 espresso nervur\u00e9e est con\u00e7ue pour r\u00e9sister aux rigueurs de l'usage quotidien, cette tasse est aussi durable qu'elle est \u00e9l\u00e9gante. Cette tasse rehausse votre exp\u00e9rience du caf\u00e9.<\/p>","protected":false},"featured_media":522,"comment_status":"open","ping_status":"closed","template":"","meta":{"neve_meta_sidebar":"","neve_meta_container":"","neve_meta_enable_content_width":"off","neve_meta_content_width":100,"neve_meta_title_alignment":"","neve_meta_author_avatar":"","neve_post_elements_order":"","neve_meta_disable_header":"","neve_meta_disable_footer":"","neve_meta_disable_title":"","neve_meta_reading_time":"","_themeisle_gutenberg_block_has_review":false,"neve_tabs_data":"","neve_override_tab_layout":""},"product_brand":[],"product_cat":[16,52,42],"product_tag":[],"class_list":{"0":"post-1094","1":"product","2":"type-product","3":"status-publish","4":"has-post-thumbnail","6":"product_cat-all","7":"product_cat-glassware_bar","8":"product_cat-kitchen_dining","9":"product_shipping_class-standard-package","11":"first","12":"instock","13":"taxable","14":"shipping-taxable","15":"purchasable","16":"product-type-simple"},"yoast_head":"<!-- This site is optimized with the Yoast SEO plugin v27.4 - https:\/\/yoast.com\/product\/yoast-seo-wordpress\/ -->\n<title>Ribbed Espresso Mug Light Grey - House of Otoko<\/title>\n<meta name=\"description\" content=\"Ribbed Espresso Mug is Built to withstand daily use, this espresso cup is as durable as it is stylish. Elevate your coffee moments with a this sophisticated cup.\" \/>\n<meta name=\"robots\" content=\"index, follow, max-snippet:-1, max-image-preview:large, max-video-preview:-1\" \/>\n<link rel=\"canonical\" href=\"https:\/\/houseofotoko.com\/fr\/produit\/ribbed-espresso-mug-light-grey\/\" \/>\n<meta property=\"og:locale\" content=\"fr_FR\" \/>\n<meta property=\"og:type\" content=\"article\" \/>\n<meta property=\"og:title\" content=\"Ribbed Espresso Mug Light Grey - House of Otoko\" \/>\n<meta property=\"og:description\" content=\"Ribbed Espresso Mug is Built to withstand daily use, this espresso cup is as durable as it is stylish. Elevate your coffee moments with a this sophisticated cup.\" \/>\n<meta property=\"og:url\" content=\"https:\/\/houseofotoko.com\/fr\/produit\/ribbed-espresso-mug-light-grey\/\" \/>\n<meta property=\"og:site_name\" content=\"House of Otoko\" \/>\n<meta property=\"article:modified_time\" content=\"2025-08-29T16:20:16+00:00\" \/>\n<meta property=\"og:image\" content=\"https:\/\/houseofotoko.com\/wp-content\/uploads\/2025\/02\/Espresso-kop-lichtgrijs-2.webp\" \/>\n\t<meta property=\"og:image:width\" content=\"600\" \/>\n\t<meta property=\"og:image:height\" content=\"600\" \/>\n\t<meta property=\"og:image:type\" content=\"image\/webp\" \/>\n<meta name=\"twitter:card\" content=\"summary_large_image\" \/>\n<meta name=\"twitter:label1\" content=\"Dur\u00e9e de lecture estim\u00e9e\" \/>\n\t<meta name=\"twitter:data1\" content=\"1 minute\" \/>\n<script type=\"application\/ld+json\" class=\"yoast-schema-graph\">{\"@context\":\"https:\\\/\\\/schema.org\",\"@graph\":[{\"@type\":\"WebPage\",\"@id\":\"https:\\\/\\\/houseofotoko.com\\\/product\\\/ribbed-espresso-mug-light-grey\\\/\",\"url\":\"https:\\\/\\\/houseofotoko.com\\\/product\\\/ribbed-espresso-mug-light-grey\\\/\",\"name\":\"Ribbed Espresso Mug Light Grey - House of Otoko\",\"isPartOf\":{\"@id\":\"https:\\\/\\\/houseofotoko.com\\\/#website\"},\"primaryImageOfPage\":{\"@id\":\"https:\\\/\\\/houseofotoko.com\\\/product\\\/ribbed-espresso-mug-light-grey\\\/#primaryimage\"},\"image\":{\"@id\":\"https:\\\/\\\/houseofotoko.com\\\/product\\\/ribbed-espresso-mug-light-grey\\\/#primaryimage\"},\"thumbnailUrl\":\"https:\\\/\\\/houseofotoko.com\\\/wp-content\\\/uploads\\\/2025\\\/02\\\/Espresso-kop-lichtgrijs-2.webp\",\"datePublished\":\"2025-06-09T14:21:41+00:00\",\"dateModified\":\"2025-08-29T16:20:16+00:00\",\"description\":\"Ribbed Espresso Mug is Built to withstand daily use, this espresso cup is as durable as it is stylish. Elevate your coffee moments with a this sophisticated cup.\",\"breadcrumb\":{\"@id\":\"https:\\\/\\\/houseofotoko.com\\\/product\\\/ribbed-espresso-mug-light-grey\\\/#breadcrumb\"},\"inLanguage\":\"fr-FR\",\"potentialAction\":[{\"@type\":\"ReadAction\",\"target\":[\"https:\\\/\\\/houseofotoko.com\\\/product\\\/ribbed-espresso-mug-light-grey\\\/\"]}]},{\"@type\":\"ImageObject\",\"inLanguage\":\"fr-FR\",\"@id\":\"https:\\\/\\\/houseofotoko.com\\\/product\\\/ribbed-espresso-mug-light-grey\\\/#primaryimage\",\"url\":\"https:\\\/\\\/houseofotoko.com\\\/wp-content\\\/uploads\\\/2025\\\/02\\\/Espresso-kop-lichtgrijs-2.webp\",\"contentUrl\":\"https:\\\/\\\/houseofotoko.com\\\/wp-content\\\/uploads\\\/2025\\\/02\\\/Espresso-kop-lichtgrijs-2.webp\",\"width\":600,\"height\":600,\"caption\":\"espresso cup ribbed light grey\"},{\"@type\":\"BreadcrumbList\",\"@id\":\"https:\\\/\\\/houseofotoko.com\\\/product\\\/ribbed-espresso-mug-light-grey\\\/#breadcrumb\",\"itemListElement\":[{\"@type\":\"ListItem\",\"position\":1,\"name\":\"Home\",\"item\":\"https:\\\/\\\/houseofotoko.com\\\/\"},{\"@type\":\"ListItem\",\"position\":2,\"name\":\"Shop\",\"item\":\"https:\\\/\\\/houseofotoko.com\\\/shop\\\/\"},{\"@type\":\"ListItem\",\"position\":3,\"name\":\"Ribbed Espresso Mug Light Grey\"}]},{\"@type\":\"WebSite\",\"@id\":\"https:\\\/\\\/houseofotoko.com\\\/#website\",\"url\":\"https:\\\/\\\/houseofotoko.com\\\/\",\"name\":\"House of Otoko\",\"description\":\"\",\"publisher\":{\"@id\":\"https:\\\/\\\/houseofotoko.com\\\/#organization\"},\"potentialAction\":[{\"@type\":\"SearchAction\",\"target\":{\"@type\":\"EntryPoint\",\"urlTemplate\":\"https:\\\/\\\/houseofotoko.com\\\/?s={search_term_string}\"},\"query-input\":{\"@type\":\"PropertyValueSpecification\",\"valueRequired\":true,\"valueName\":\"search_term_string\"}}],\"inLanguage\":\"fr-FR\"},{\"@type\":\"Organization\",\"@id\":\"https:\\\/\\\/houseofotoko.com\\\/#organization\",\"name\":\"House of Otoko\",\"url\":\"https:\\\/\\\/houseofotoko.com\\\/\",\"logo\":{\"@type\":\"ImageObject\",\"inLanguage\":\"fr-FR\",\"@id\":\"https:\\\/\\\/houseofotoko.com\\\/#\\\/schema\\\/logo\\\/image\\\/\",\"url\":\"https:\\\/\\\/mlfln9ez57ke.i.optimole.com\\\/w:1123\\\/h:1038\\\/q:mauto\\\/f:best\\\/ig:avif\\\/https:\\\/\\\/houseofotoko.com\\\/wp-content\\\/uploads\\\/2025\\\/01\\\/LOGO-PNG-1.png\",\"contentUrl\":\"https:\\\/\\\/mlfln9ez57ke.i.optimole.com\\\/w:1123\\\/h:1038\\\/q:mauto\\\/f:best\\\/ig:avif\\\/https:\\\/\\\/houseofotoko.com\\\/wp-content\\\/uploads\\\/2025\\\/01\\\/LOGO-PNG-1.png\",\"width\":1123,\"height\":1038,\"caption\":\"House of Otoko\"},\"image\":{\"@id\":\"https:\\\/\\\/houseofotoko.com\\\/#\\\/schema\\\/logo\\\/image\\\/\"},\"sameAs\":[\"https:\\\/\\\/www.instagram.com\\\/houseofotoko\\\/\"]}]}<\/script>\n<!-- \/ Yoast SEO plugin. -->","yoast_head_json":{"title":"Ribbed Espresso Mug Light Grey - House of Otoko","description":"Ribbed Espresso Mug is Built to withstand daily use, this espresso cup is as durable as it is stylish. Elevate your coffee moments with a this sophisticated cup.","robots":{"index":"index","follow":"follow","max-snippet":"max-snippet:-1","max-image-preview":"max-image-preview:large","max-video-preview":"max-video-preview:-1"},"canonical":"https:\/\/houseofotoko.com\/fr\/produit\/ribbed-espresso-mug-light-grey\/","og_locale":"fr_FR","og_type":"article","og_title":"Ribbed Espresso Mug Light Grey - House of Otoko","og_description":"Ribbed Espresso Mug is Built to withstand daily use, this espresso cup is as durable as it is stylish. Elevate your coffee moments with a this sophisticated cup.","og_url":"https:\/\/houseofotoko.com\/fr\/produit\/ribbed-espresso-mug-light-grey\/","og_site_name":"House of Otoko","article_modified_time":"2025-08-29T16:20:16+00:00","og_image":[{"width":600,"height":600,"url":"https:\/\/houseofotoko.com\/wp-content\/uploads\/2025\/02\/Espresso-kop-lichtgrijs-2.webp","type":"image\/webp"}],"twitter_card":"summary_large_image","twitter_misc":{"Dur\u00e9e de lecture estim\u00e9e":"1 minute"},"schema":{"@context":"https:\/\/schema.org","@graph":[{"@type":"WebPage","@id":"https:\/\/houseofotoko.com\/product\/ribbed-espresso-mug-light-grey\/","url":"https:\/\/houseofotoko.com\/product\/ribbed-espresso-mug-light-grey\/","name":"Ribbed Espresso Mug Light Grey - House of Otoko","isPartOf":{"@id":"https:\/\/houseofotoko.com\/#website"},"primaryImageOfPage":{"@id":"https:\/\/houseofotoko.com\/product\/ribbed-espresso-mug-light-grey\/#primaryimage"},"image":{"@id":"https:\/\/houseofotoko.com\/product\/ribbed-espresso-mug-light-grey\/#primaryimage"},"thumbnailUrl":"https:\/\/houseofotoko.com\/wp-content\/uploads\/2025\/02\/Espresso-kop-lichtgrijs-2.webp","datePublished":"2025-06-09T14:21:41+00:00","dateModified":"2025-08-29T16:20:16+00:00","description":"Ribbed Espresso Mug is Built to withstand daily use, this espresso cup is as durable as it is stylish. Elevate your coffee moments with a this sophisticated cup.","breadcrumb":{"@id":"https:\/\/houseofotoko.com\/product\/ribbed-espresso-mug-light-grey\/#breadcrumb"},"inLanguage":"fr-FR","potentialAction":[{"@type":"ReadAction","target":["https:\/\/houseofotoko.com\/product\/ribbed-espresso-mug-light-grey\/"]}]},{"@type":"ImageObject","inLanguage":"fr-FR","@id":"https:\/\/houseofotoko.com\/product\/ribbed-espresso-mug-light-grey\/#primaryimage","url":"https:\/\/houseofotoko.com\/wp-content\/uploads\/2025\/02\/Espresso-kop-lichtgrijs-2.webp","contentUrl":"https:\/\/houseofotoko.com\/wp-content\/uploads\/2025\/02\/Espresso-kop-lichtgrijs-2.webp","width":600,"height":600,"caption":"espresso cup ribbed light grey"},{"@type":"BreadcrumbList","@id":"https:\/\/houseofotoko.com\/product\/ribbed-espresso-mug-light-grey\/#breadcrumb","itemListElement":[{"@type":"ListItem","position":1,"name":"Home","item":"https:\/\/houseofotoko.com\/"},{"@type":"ListItem","position":2,"name":"Shop","item":"https:\/\/houseofotoko.com\/shop\/"},{"@type":"ListItem","position":3,"name":"Ribbed Espresso Mug Light Grey"}]},{"@type":"WebSite","@id":"https:\/\/houseofotoko.com\/#website","url":"https:\/\/houseofotoko.com\/","name":"House of Otoko","description":"","publisher":{"@id":"https:\/\/houseofotoko.com\/#organization"},"potentialAction":[{"@type":"SearchAction","target":{"@type":"EntryPoint","urlTemplate":"https:\/\/houseofotoko.com\/?s={search_term_string}"},"query-input":{"@type":"PropertyValueSpecification","valueRequired":true,"valueName":"search_term_string"}}],"inLanguage":"fr-FR"},{"@type":"Organization","@id":"https:\/\/houseofotoko.com\/#organization","name":"House of Otoko","url":"https:\/\/houseofotoko.com\/","logo":{"@type":"ImageObject","inLanguage":"fr-FR","@id":"https:\/\/houseofotoko.com\/#\/schema\/logo\/image\/","url":"https:\/\/mlfln9ez57ke.i.optimole.com\/w:1123\/h:1038\/q:mauto\/f:best\/ig:avif\/https:\/\/houseofotoko.com\/wp-content\/uploads\/2025\/01\/LOGO-PNG-1.png","contentUrl":"https:\/\/mlfln9ez57ke.i.optimole.com\/w:1123\/h:1038\/q:mauto\/f:best\/ig:avif\/https:\/\/houseofotoko.com\/wp-content\/uploads\/2025\/01\/LOGO-PNG-1.png","width":1123,"height":1038,"caption":"House of Otoko"},"image":{"@id":"https:\/\/houseofotoko.com\/#\/schema\/logo\/image\/"},"sameAs":["https:\/\/www.instagram.com\/houseofotoko\/"]}]}},"_links":{"self":[{"href":"https:\/\/houseofotoko.com\/fr\/wp-json\/wp\/v2\/product\/1094","targetHints":{"allow":["GET"]}}],"collection":[{"href":"https:\/\/houseofotoko.com\/fr\/wp-json\/wp\/v2\/product"}],"about":[{"href":"https:\/\/houseofotoko.com\/fr\/wp-json\/wp\/v2\/types\/product"}],"replies":[{"embeddable":true,"href":"https:\/\/houseofotoko.com\/fr\/wp-json\/wp\/v2\/comments?post=1094"}],"wp:featuredmedia":[{"embeddable":true,"href":"https:\/\/houseofotoko.com\/fr\/wp-json\/wp\/v2\/media\/522"}],"wp:attachment":[{"href":"https:\/\/houseofotoko.com\/fr\/wp-json\/wp\/v2\/media?parent=1094"}],"wp:term":[{"taxonomy":"product_brand","embeddable":true,"href":"https:\/\/houseofotoko.com\/fr\/wp-json\/wp\/v2\/product_brand?post=1094"},{"taxonomy":"product_cat","embeddable":true,"href":"https:\/\/houseofotoko.com\/fr\/wp-json\/wp\/v2\/product_cat?post=1094"},{"taxonomy":"product_tag","embeddable":true,"href":"https:\/\/houseofotoko.com\/fr\/wp-json\/wp\/v2\/product_tag?post=1094"}],"curies":[{"name":"wp","href":"https:\/\/api.w.org\/{rel}","templated":true}]}}