{"id":248,"date":"2025-01-21T12:52:15","date_gmt":"2025-01-21T12:52:15","guid":{"rendered":"https:\/\/houseofotoko.com\/?page_id=248"},"modified":"2026-01-24T11:11:39","modified_gmt":"2026-01-24T11:11:39","slug":"terms-conditions","status":"publish","type":"page","link":"https:\/\/houseofotoko.com\/fr\/terms-conditions\/","title":{"rendered":"Conditions g\u00e9n\u00e9rales d'utilisation"},"content":{"rendered":"<div class=\"wp-block-cover\" style=\"min-height:350px;aspect-ratio:unset;\"><img loading=\"lazy\" decoding=\"async\" width=\"960\" height=\"578\" class=\"wp-block-cover__image-background wp-image-1426\" alt=\"\" src=\"https:\/\/houseofotoko.com\/wp-content\/uploads\/2026\/01\/VZBJUVPO25.jpg\" style=\"object-position:51% 29%\" data-object-fit=\"cover\" data-object-position=\"51% 29%\"\/><span aria-hidden=\"true\" class=\"wp-block-cover__background has-background-dim-30 has-background-dim\"><\/span><div class=\"wp-block-cover__inner-container is-layout-flow wp-block-cover-is-layout-flow\">\n<p class=\"has-text-align-center has-nv-site-bg-color has-text-color has-link-color has-large-font-size wp-elements-9607bd254974777b964d373209c241a4\"><strong>Conditions g\u00e9n\u00e9rales d'utilisation<\/strong><\/p>\n<\/div><\/div>\n\n\n\n<div style=\"height:80px\" aria-hidden=\"true\" class=\"wp-block-spacer\"><\/div>\n\n\n\n<div class=\"nv-cv-m wp-block-group alignwide\"><div class=\"wp-block-group__inner-container is-layout-constrained wp-block-group-is-layout-constrained\">\n<p><\/p>\n\n\n\n<p><strong>Conditions g\u00e9n\u00e9rales d'utilisation - House of Otoko<\/strong><\/p>\n\n\n\n<p><strong>Article 1 - D\u00e9finitions<\/strong><br>Les d\u00e9finitions suivantes s'appliquent aux pr\u00e9sentes conditions g\u00e9n\u00e9rales :<\/p>\n\n\n\n<p><strong>Entrepreneur :<\/strong> la personne physique ou morale qui propose des produits et\/ou des services \u00e0 des consommateurs \u00e0 distance ;<\/p>\n\n\n\n<p><strong>Consommateur :<\/strong> la personne physique qui n'agit pas dans l'exercice d'une profession ou d'une entreprise et qui conclut un contrat \u00e0 distance avec l'entrepreneur ;<\/p>\n\n\n\n<p><strong>Contrat \u00e0 distance :<\/strong> un contrat conclu dans le cadre d'un syst\u00e8me organis\u00e9 par l'entrepreneur pour la vente \u00e0 distance de produits et\/ou de services, par le recours exclusif \u00e0 une ou plusieurs techniques de communication \u00e0 distance jusqu'\u00e0 et y compris la conclusion du contrat ;<\/p>\n\n\n\n<p><strong>Technique de communication \u00e0 distance :<\/strong> un moyen qui peut \u00eatre utilis\u00e9 pour conclure un contrat sans que le consommateur et l'entrepreneur soient simultan\u00e9ment pr\u00e9sents dans le m\u00eame espace ;<\/p>\n\n\n\n<p><strong>P\u00e9riode de r\u00e9flexion :<\/strong> le d\u00e9lai dans lequel le consommateur peut exercer son droit de r\u00e9tractation ;<\/p>\n\n\n\n<p><strong>Droit de r\u00e9tractation :<\/strong> la possibilit\u00e9 pour le consommateur de r\u00e9silier le contrat \u00e0 distance pendant la p\u00e9riode de r\u00e9flexion.<\/p>\n\n\n\n<hr class=\"wp-block-separator has-alpha-channel-opacity\"\/>\n\n\n\n<p><strong>Article 2 - Identit\u00e9 de l'entrepreneur<\/strong><br>House of Otoko<br>Adresse : Lopikerweg West 26, 3411 AM Lopik, Pays-Bas<br>Adresse \u00e9lectronique : <a href=\"mailto:info@houseofotoko.com\" target=\"_blank\" rel=\"noreferrer noopener\">info@houseofotoko.com<\/a><br>Num\u00e9ro de la chambre de commerce : 24452564 (House of Otoko fait partie de <a href=\"http:\/\/www.funfetti.shop\">FunFetti<\/a>)<br>Num\u00e9ro de TVA : NL001623642B54<\/p>\n\n\n\n<hr class=\"wp-block-separator has-alpha-channel-opacity\"\/>\n\n\n\n<p><strong>Article 3 - Applicabilit\u00e9<\/strong><\/p>\n\n\n\n<p>Les pr\u00e9sentes conditions g\u00e9n\u00e9rales s'appliquent \u00e0 toute offre faite par l'entrepreneur et \u00e0 tout contrat \u00e0 distance conclu entre l'entrepreneur et le consommateur.<\/p>\n\n\n\n<p>Les d\u00e9rogations \u00e0 ces conditions ne sont valables que si elles ont \u00e9t\u00e9 convenues par \u00e9crit.<\/p>\n\n\n\n<hr class=\"wp-block-separator has-alpha-channel-opacity\"\/>\n\n\n\n<p><strong>Article 4 - L'offre<\/strong><\/p>\n\n\n\n<p>L'offre contient une description compl\u00e8te et pr\u00e9cise des produits et\/ou services propos\u00e9s. La description est suffisamment d\u00e9taill\u00e9e pour permettre au consommateur d'\u00e9valuer correctement l'offre.<\/p>\n\n\n\n<p>Les erreurs \u00e9videntes dans l'offre ne sont pas contraignantes pour l'entrepreneur.<\/p>\n\n\n\n<p>Toutes les offres sont valables dans la limite des stocks disponibles.<\/p>\n\n\n\n<hr class=\"wp-block-separator has-alpha-channel-opacity\"\/>\n\n\n\n<p><strong>Article 5 - Le contrat<\/strong><\/p>\n\n\n\n<p>Le contrat est conclu au moment o\u00f9 le consommateur accepte l'offre et remplit les conditions qui y sont \u00e9nonc\u00e9es.<\/p>\n\n\n\n<p>Si le consommateur a accept\u00e9 l'offre par voie \u00e9lectronique, l'entrepreneur confirme sans d\u00e9lai la r\u00e9ception de l'acceptation par voie \u00e9lectronique.<\/p>\n\n\n\n<p>L'entrepreneur prend les mesures techniques et organisationnelles appropri\u00e9es pour s\u00e9curiser le transfert \u00e9lectronique des donn\u00e9es.<\/p>\n\n\n\n<hr class=\"wp-block-separator has-alpha-channel-opacity\"\/>\n\n\n\n<p><strong>Article 6 - Droit de retrait<\/strong><\/p>\n\n\n\n<p>Le consommateur a le droit de r\u00e9silier le contrat dans un d\u00e9lai de r\u00e9flexion de 14 jours sans donner de raison.<\/p>\n\n\n\n<p>Le d\u00e9lai de r\u00e9flexion commence \u00e0 courir le lendemain du jour o\u00f9 le consommateur ou un tiers d\u00e9sign\u00e9 par lui a re\u00e7u le produit.<\/p>\n\n\n\n<p>Pour exercer le droit de r\u00e9tractation, le consommateur doit informer l'entrepreneur au moyen du mod\u00e8le de formulaire de r\u00e9tractation ou d'une autre d\u00e9claration \u00e9crite claire.<\/p>\n\n\n\n<hr class=\"wp-block-separator has-alpha-channel-opacity\"\/>\n\n\n\n<p><strong>Article 7 - Obligations du consommateur pendant le d\u00e9lai de r\u00e9flexion<\/strong><\/p>\n\n\n\n<p>Pendant la p\u00e9riode de refroidissement, le consommateur doit manipuler le produit et son emballage avec soin. Le produit ne peut \u00eatre d\u00e9ball\u00e9 ou utilis\u00e9 que dans la mesure n\u00e9cessaire pour d\u00e9terminer la nature, les caract\u00e9ristiques et le fonctionnement du produit.<\/p>\n\n\n\n<p>Si le consommateur exerce son droit de r\u00e9tractation, le produit doit \u00eatre renvoy\u00e9 avec tous les accessoires fournis et, dans la mesure du possible, dans son \u00e9tat et son emballage d'origine.<\/p>\n\n\n\n<hr class=\"wp-block-separator has-alpha-channel-opacity\"\/>\n\n\n\n<p><strong>Article 8 - Exercice du droit de r\u00e9tractation par le consommateur et co\u00fbts associ\u00e9s<\/strong><\/p>\n\n\n\n<p>Si le consommateur exerce son droit de r\u00e9tractation, les frais de retour sont \u00e0 sa charge.<\/p>\n\n\n\n<p>L'entrepreneur rembourse tous les paiements effectu\u00e9s par le consommateur, y compris les frais de livraison, sans d\u00e9lai et, en tout \u00e9tat de cause, dans les 14 jours suivant la date \u00e0 laquelle le consommateur a renvoy\u00e9 le retrait.<\/p>\n\n\n\n<hr class=\"wp-block-separator has-alpha-channel-opacity\"\/>\n\n\n\n<p><strong>Article 9 - Livraison et ex\u00e9cution<\/strong><\/p>\n\n\n\n<p>L'entrepreneur doit faire preuve du plus grand soin lors de la r\u00e9ception et de l'ex\u00e9cution des commandes de produits.<\/p>\n\n\n\n<p>Le lieu de livraison est l'adresse fournie par le consommateur \u00e0 l'entrepreneur.<\/p>\n\n\n\n<p>Les commandes accept\u00e9es sont ex\u00e9cut\u00e9es avec c\u00e9l\u00e9rit\u00e9, mais au plus tard dans un d\u00e9lai de 30 jours, sauf si un d\u00e9lai de livraison plus long a \u00e9t\u00e9 convenu.<\/p>\n\n\n\n<hr class=\"wp-block-separator has-alpha-channel-opacity\"\/>\n\n\n\n<p><strong>Article 10 - Paiement<\/strong><\/p>\n\n\n\n<p>Sauf convention contraire, les montants dus par le consommateur doivent \u00eatre pay\u00e9s imm\u00e9diatement apr\u00e8s la conclusion du contrat.<\/p>\n\n\n\n<p>Le consommateur est tenu de signaler sans d\u00e9lai \u00e0 l'entrepreneur toute inexactitude dans les donn\u00e9es de paiement fournies ou d\u00e9clar\u00e9es.<\/p>\n\n\n\n<p>Si le consommateur n'effectue aucun paiement, House of Otoko a le droit de suspendre l'ex\u00e9cution du contrat en question et de tous les accords connexes, ou de les r\u00e9silier.<\/p>\n\n\n\n<hr class=\"wp-block-separator has-alpha-channel-opacity\"\/>\n\n\n\n<p><strong>Article 11 - Proc\u00e9dure de r\u00e9clamation<\/strong><\/p>\n\n\n\n<p>Les plaintes concernant l'ex\u00e9cution du contrat doivent \u00eatre soumises \u00e0 l'entrepreneur par \u00e9crit dans un d\u00e9lai raisonnable, et d\u00e9crites de mani\u00e8re compl\u00e8te et claire.<\/p>\n\n\n\n<p>Les plaintes d\u00e9pos\u00e9es aupr\u00e8s de l'entrepreneur re\u00e7oivent une r\u00e9ponse dans un d\u00e9lai de 14 jours \u00e0 compter de la date de r\u00e9ception.<\/p>\n\n\n\n<hr class=\"wp-block-separator has-alpha-channel-opacity\"\/>\n\n\n\n<p><strong>Article 12 - Litiges<\/strong><\/p>\n\n\n\n<p>Le droit n\u00e9erlandais s'applique exclusivement aux accords entre l'entrepreneur et le consommateur auxquels s'appliquent les pr\u00e9sentes conditions g\u00e9n\u00e9rales.<\/p>\n\n\n\n<p>Tout litige sera soumis au tribunal comp\u00e9tent de la r\u00e9gion d'Utrecht.<\/p>\n\n\n\n<hr class=\"wp-block-separator has-alpha-channel-opacity\"\/>\n\n\n\n<p><strong>Derni\u00e8re mise \u00e0 jour : 23 f\u00e9vrier 2025<\/strong><\/p>\n<\/div><\/div>\n\n\n\n<div style=\"height:30px\" aria-hidden=\"true\" class=\"wp-block-spacer\"><\/div>","protected":false},"excerpt":{"rendered":"<p>General Terms and Conditions &#8211; House of Otoko Article 1 &#8211; DefinitionsIn these general terms and conditions, the following definitions apply: Entrepreneur: the natural or legal person who offers products and or services to consumers at a distance; Consumer: the natural person who does not act in the exercise of a profession or business and&hellip;&nbsp;<a href=\"https:\/\/houseofotoko.com\/fr\/terms-conditions\/\" rel=\"bookmark\">Lire plus \u00bb<span class=\"screen-reader-text\">Conditions g\u00e9n\u00e9rales d'utilisation<\/span><\/a><\/p>","protected":false},"author":1,"featured_media":0,"parent":0,"menu_order":0,"comment_status":"closed","ping_status":"closed","template":"","meta":{"neve_meta_sidebar":"full-width","neve_meta_container":"default","neve_meta_enable_content_width":"","neve_meta_content_width":0,"neve_meta_title_alignment":"","neve_meta_author_avatar":"","neve_post_elements_order":"","neve_meta_disable_header":"","neve_meta_disable_footer":"","neve_meta_disable_title":"","neve_meta_reading_time":"","_themeisle_gutenberg_block_has_review":false,"footnotes":""},"class_list":["post-248","page","type-page","status-publish","hentry"],"yoast_head":"<!-- This site is optimized with the Yoast SEO plugin v27.4 - https:\/\/yoast.com\/product\/yoast-seo-wordpress\/ -->\n<title>Terms and Conditions - House of Otoko<\/title>\n<meta name=\"description\" content=\"General Terms and Conditions - House of Otoko\" \/>\n<meta name=\"robots\" content=\"index, follow, max-snippet:-1, max-image-preview:large, max-video-preview:-1\" \/>\n<link rel=\"canonical\" href=\"https:\/\/houseofotoko.com\/fr\/terms-conditions\/\" \/>\n<meta property=\"og:locale\" content=\"fr_FR\" \/>\n<meta property=\"og:type\" content=\"article\" \/>\n<meta property=\"og:title\" content=\"Terms and Conditions - House of Otoko\" \/>\n<meta property=\"og:description\" content=\"General Terms and Conditions - House of Otoko\" \/>\n<meta property=\"og:url\" content=\"https:\/\/houseofotoko.com\/fr\/terms-conditions\/\" \/>\n<meta property=\"og:site_name\" content=\"House of Otoko\" \/>\n<meta property=\"article:modified_time\" content=\"2026-01-24T11:11:39+00:00\" \/>\n<meta property=\"og:image\" content=\"https:\/\/houseofotoko.com\/wp-content\/uploads\/2026\/01\/VZBJUVPO25.jpg\" \/>\n\t<meta property=\"og:image:width\" content=\"960\" \/>\n\t<meta property=\"og:image:height\" content=\"578\" \/>\n\t<meta property=\"og:image:type\" content=\"image\/jpeg\" \/>\n<meta name=\"twitter:card\" content=\"summary_large_image\" \/>\n<meta name=\"twitter:label1\" content=\"Dur\u00e9e de lecture estim\u00e9e\" \/>\n\t<meta name=\"twitter:data1\" content=\"5 minutes\" \/>\n<script type=\"application\/ld+json\" class=\"yoast-schema-graph\">{\"@context\":\"https:\\\/\\\/schema.org\",\"@graph\":[{\"@type\":\"WebPage\",\"@id\":\"https:\\\/\\\/houseofotoko.com\\\/terms-conditions\\\/\",\"url\":\"https:\\\/\\\/houseofotoko.com\\\/terms-conditions\\\/\",\"name\":\"Terms and Conditions - House of Otoko\",\"isPartOf\":{\"@id\":\"https:\\\/\\\/houseofotoko.com\\\/#website\"},\"primaryImageOfPage\":{\"@id\":\"https:\\\/\\\/houseofotoko.com\\\/terms-conditions\\\/#primaryimage\"},\"image\":{\"@id\":\"https:\\\/\\\/houseofotoko.com\\\/terms-conditions\\\/#primaryimage\"},\"thumbnailUrl\":\"https:\\\/\\\/houseofotoko.com\\\/wp-content\\\/uploads\\\/2026\\\/01\\\/VZBJUVPO25.jpg\",\"datePublished\":\"2025-01-21T12:52:15+00:00\",\"dateModified\":\"2026-01-24T11:11:39+00:00\",\"description\":\"General Terms and Conditions - House of Otoko\",\"breadcrumb\":{\"@id\":\"https:\\\/\\\/houseofotoko.com\\\/terms-conditions\\\/#breadcrumb\"},\"inLanguage\":\"fr-FR\",\"potentialAction\":[{\"@type\":\"ReadAction\",\"target\":[\"https:\\\/\\\/houseofotoko.com\\\/terms-conditions\\\/\"]}]},{\"@type\":\"ImageObject\",\"inLanguage\":\"fr-FR\",\"@id\":\"https:\\\/\\\/houseofotoko.com\\\/terms-conditions\\\/#primaryimage\",\"url\":\"https:\\\/\\\/houseofotoko.com\\\/wp-content\\\/uploads\\\/2026\\\/01\\\/VZBJUVPO25.jpg\",\"contentUrl\":\"https:\\\/\\\/houseofotoko.com\\\/wp-content\\\/uploads\\\/2026\\\/01\\\/VZBJUVPO25.jpg\"},{\"@type\":\"BreadcrumbList\",\"@id\":\"https:\\\/\\\/houseofotoko.com\\\/terms-conditions\\\/#breadcrumb\",\"itemListElement\":[{\"@type\":\"ListItem\",\"position\":1,\"name\":\"Home\",\"item\":\"https:\\\/\\\/houseofotoko.com\\\/\"},{\"@type\":\"ListItem\",\"position\":2,\"name\":\"Terms and Conditions\"}]},{\"@type\":\"WebSite\",\"@id\":\"https:\\\/\\\/houseofotoko.com\\\/#website\",\"url\":\"https:\\\/\\\/houseofotoko.com\\\/\",\"name\":\"House of Otoko\",\"description\":\"\",\"publisher\":{\"@id\":\"https:\\\/\\\/houseofotoko.com\\\/#organization\"},\"potentialAction\":[{\"@type\":\"SearchAction\",\"target\":{\"@type\":\"EntryPoint\",\"urlTemplate\":\"https:\\\/\\\/houseofotoko.com\\\/?s={search_term_string}\"},\"query-input\":{\"@type\":\"PropertyValueSpecification\",\"valueRequired\":true,\"valueName\":\"search_term_string\"}}],\"inLanguage\":\"fr-FR\"},{\"@type\":\"Organization\",\"@id\":\"https:\\\/\\\/houseofotoko.com\\\/#organization\",\"name\":\"House of Otoko\",\"url\":\"https:\\\/\\\/houseofotoko.com\\\/\",\"logo\":{\"@type\":\"ImageObject\",\"inLanguage\":\"fr-FR\",\"@id\":\"https:\\\/\\\/houseofotoko.com\\\/#\\\/schema\\\/logo\\\/image\\\/\",\"url\":\"https:\\\/\\\/mlfln9ez57ke.i.optimole.com\\\/w:1123\\\/h:1038\\\/q:mauto\\\/f:best\\\/ig:avif\\\/https:\\\/\\\/houseofotoko.com\\\/wp-content\\\/uploads\\\/2025\\\/01\\\/LOGO-PNG-1.png\",\"contentUrl\":\"https:\\\/\\\/mlfln9ez57ke.i.optimole.com\\\/w:1123\\\/h:1038\\\/q:mauto\\\/f:best\\\/ig:avif\\\/https:\\\/\\\/houseofotoko.com\\\/wp-content\\\/uploads\\\/2025\\\/01\\\/LOGO-PNG-1.png\",\"width\":1123,\"height\":1038,\"caption\":\"House of Otoko\"},\"image\":{\"@id\":\"https:\\\/\\\/houseofotoko.com\\\/#\\\/schema\\\/logo\\\/image\\\/\"},\"sameAs\":[\"https:\\\/\\\/www.instagram.com\\\/houseofotoko\\\/\"]}]}<\/script>\n<!-- \/ Yoast SEO plugin. -->","yoast_head_json":{"title":"Terms and Conditions - House of Otoko","description":"General Terms and Conditions - House of Otoko","robots":{"index":"index","follow":"follow","max-snippet":"max-snippet:-1","max-image-preview":"max-image-preview:large","max-video-preview":"max-video-preview:-1"},"canonical":"https:\/\/houseofotoko.com\/fr\/terms-conditions\/","og_locale":"fr_FR","og_type":"article","og_title":"Terms and Conditions - House of Otoko","og_description":"General Terms and Conditions - House of Otoko","og_url":"https:\/\/houseofotoko.com\/fr\/terms-conditions\/","og_site_name":"House of Otoko","article_modified_time":"2026-01-24T11:11:39+00:00","og_image":[{"width":960,"height":578,"url":"https:\/\/houseofotoko.com\/wp-content\/uploads\/2026\/01\/VZBJUVPO25.jpg","type":"image\/jpeg"}],"twitter_card":"summary_large_image","twitter_misc":{"Dur\u00e9e de lecture estim\u00e9e":"5 minutes"},"schema":{"@context":"https:\/\/schema.org","@graph":[{"@type":"WebPage","@id":"https:\/\/houseofotoko.com\/terms-conditions\/","url":"https:\/\/houseofotoko.com\/terms-conditions\/","name":"Terms and Conditions - House of Otoko","isPartOf":{"@id":"https:\/\/houseofotoko.com\/#website"},"primaryImageOfPage":{"@id":"https:\/\/houseofotoko.com\/terms-conditions\/#primaryimage"},"image":{"@id":"https:\/\/houseofotoko.com\/terms-conditions\/#primaryimage"},"thumbnailUrl":"https:\/\/houseofotoko.com\/wp-content\/uploads\/2026\/01\/VZBJUVPO25.jpg","datePublished":"2025-01-21T12:52:15+00:00","dateModified":"2026-01-24T11:11:39+00:00","description":"General Terms and Conditions - House of Otoko","breadcrumb":{"@id":"https:\/\/houseofotoko.com\/terms-conditions\/#breadcrumb"},"inLanguage":"fr-FR","potentialAction":[{"@type":"ReadAction","target":["https:\/\/houseofotoko.com\/terms-conditions\/"]}]},{"@type":"ImageObject","inLanguage":"fr-FR","@id":"https:\/\/houseofotoko.com\/terms-conditions\/#primaryimage","url":"https:\/\/houseofotoko.com\/wp-content\/uploads\/2026\/01\/VZBJUVPO25.jpg","contentUrl":"https:\/\/houseofotoko.com\/wp-content\/uploads\/2026\/01\/VZBJUVPO25.jpg"},{"@type":"BreadcrumbList","@id":"https:\/\/houseofotoko.com\/terms-conditions\/#breadcrumb","itemListElement":[{"@type":"ListItem","position":1,"name":"Home","item":"https:\/\/houseofotoko.com\/"},{"@type":"ListItem","position":2,"name":"Terms and Conditions"}]},{"@type":"WebSite","@id":"https:\/\/houseofotoko.com\/#website","url":"https:\/\/houseofotoko.com\/","name":"House of Otoko","description":"","publisher":{"@id":"https:\/\/houseofotoko.com\/#organization"},"potentialAction":[{"@type":"SearchAction","target":{"@type":"EntryPoint","urlTemplate":"https:\/\/houseofotoko.com\/?s={search_term_string}"},"query-input":{"@type":"PropertyValueSpecification","valueRequired":true,"valueName":"search_term_string"}}],"inLanguage":"fr-FR"},{"@type":"Organization","@id":"https:\/\/houseofotoko.com\/#organization","name":"House of Otoko","url":"https:\/\/houseofotoko.com\/","logo":{"@type":"ImageObject","inLanguage":"fr-FR","@id":"https:\/\/houseofotoko.com\/#\/schema\/logo\/image\/","url":"https:\/\/mlfln9ez57ke.i.optimole.com\/w:1123\/h:1038\/q:mauto\/f:best\/ig:avif\/https:\/\/houseofotoko.com\/wp-content\/uploads\/2025\/01\/LOGO-PNG-1.png","contentUrl":"https:\/\/mlfln9ez57ke.i.optimole.com\/w:1123\/h:1038\/q:mauto\/f:best\/ig:avif\/https:\/\/houseofotoko.com\/wp-content\/uploads\/2025\/01\/LOGO-PNG-1.png","width":1123,"height":1038,"caption":"House of Otoko"},"image":{"@id":"https:\/\/houseofotoko.com\/#\/schema\/logo\/image\/"},"sameAs":["https:\/\/www.instagram.com\/houseofotoko\/"]}]}},"_links":{"self":[{"href":"https:\/\/houseofotoko.com\/fr\/wp-json\/wp\/v2\/pages\/248","targetHints":{"allow":["GET"]}}],"collection":[{"href":"https:\/\/houseofotoko.com\/fr\/wp-json\/wp\/v2\/pages"}],"about":[{"href":"https:\/\/houseofotoko.com\/fr\/wp-json\/wp\/v2\/types\/page"}],"author":[{"embeddable":true,"href":"https:\/\/houseofotoko.com\/fr\/wp-json\/wp\/v2\/users\/1"}],"replies":[{"embeddable":true,"href":"https:\/\/houseofotoko.com\/fr\/wp-json\/wp\/v2\/comments?post=248"}],"version-history":[{"count":15,"href":"https:\/\/houseofotoko.com\/fr\/wp-json\/wp\/v2\/pages\/248\/revisions"}],"predecessor-version":[{"id":1460,"href":"https:\/\/houseofotoko.com\/fr\/wp-json\/wp\/v2\/pages\/248\/revisions\/1460"}],"wp:attachment":[{"href":"https:\/\/houseofotoko.com\/fr\/wp-json\/wp\/v2\/media?parent=248"}],"curies":[{"name":"wp","href":"https:\/\/api.w.org\/{rel}","templated":true}]}}