{"id":17,"date":"2025-01-21T14:19:58","date_gmt":"2025-01-21T14:19:58","guid":{"rendered":"https:\/\/houseofotoko.com\/?page_id=17"},"modified":"2026-01-06T14:57:55","modified_gmt":"2026-01-06T14:57:55","slug":"returns","status":"publish","type":"page","link":"https:\/\/houseofotoko.com\/fr\/returns\/","title":{"rendered":"Retours"},"content":{"rendered":"<div class=\"wp-block-cover\" style=\"min-height:350px;aspect-ratio:unset;\"><img loading=\"lazy\" decoding=\"async\" width=\"1024\" height=\"779\" class=\"wp-block-cover__image-background wp-image-1412 size-full\" alt=\"\" src=\"https:\/\/houseofotoko.com\/wp-content\/uploads\/2026\/01\/czNmcy1wcml2YXRlL3Jhd3BpeGVsX2ltYWdlcy93ZWJzaXRlX2NvbnRlbnQvbHIvbG9jMjAxNzgxNTkxMi1pbWFnZS5qcGc.webp\" style=\"object-position:55% 62%\" data-object-fit=\"cover\" data-object-position=\"55% 62%\" srcset=\"https:\/\/houseofotoko.com\/wp-content\/uploads\/2026\/01\/czNmcy1wcml2YXRlL3Jhd3BpeGVsX2ltYWdlcy93ZWJzaXRlX2NvbnRlbnQvbHIvbG9jMjAxNzgxNTkxMi1pbWFnZS5qcGc.webp 1024w, https:\/\/houseofotoko.com\/wp-content\/uploads\/2026\/01\/czNmcy1wcml2YXRlL3Jhd3BpeGVsX2ltYWdlcy93ZWJzaXRlX2NvbnRlbnQvbHIvbG9jMjAxNzgxNTkxMi1pbWFnZS5qcGc-300x228.webp 300w, https:\/\/houseofotoko.com\/wp-content\/uploads\/2026\/01\/czNmcy1wcml2YXRlL3Jhd3BpeGVsX2ltYWdlcy93ZWJzaXRlX2NvbnRlbnQvbHIvbG9jMjAxNzgxNTkxMi1pbWFnZS5qcGc-768x584.webp 768w, https:\/\/houseofotoko.com\/wp-content\/uploads\/2026\/01\/czNmcy1wcml2YXRlL3Jhd3BpeGVsX2ltYWdlcy93ZWJzaXRlX2NvbnRlbnQvbHIvbG9jMjAxNzgxNTkxMi1pbWFnZS5qcGc-16x12.webp 16w, https:\/\/houseofotoko.com\/wp-content\/uploads\/2026\/01\/czNmcy1wcml2YXRlL3Jhd3BpeGVsX2ltYWdlcy93ZWJzaXRlX2NvbnRlbnQvbHIvbG9jMjAxNzgxNTkxMi1pbWFnZS5qcGc-600x456.webp 600w\" sizes=\"auto, (max-width: 1024px) 100vw, 1024px\" \/><span aria-hidden=\"true\" class=\"wp-block-cover__background has-background-dim-30 has-background-dim\" style=\"background-color:#7c7c7c\"><\/span><div class=\"wp-block-cover__inner-container is-layout-flow wp-block-cover-is-layout-flow\">\n<p class=\"has-text-align-center has-nv-site-bg-color has-text-color has-link-color has-large-font-size wp-elements-1a5c086fb169087eb46eb02ec30edde1\"><strong>Politique de remboursement et de retour<\/strong><\/p>\n<\/div><\/div>\n\n\n\n<div class=\"wp-block-group alignwide\"><div class=\"wp-block-group__inner-container is-layout-constrained wp-block-group-is-layout-constrained\">\n<p><\/p>\n\n\n\n<p><strong>Politique de remboursement et de retour<\/strong><\/p>\n\n\n\n<p>\u00c0 la Maison d'Otoko, nous nous portons garants de la qualit\u00e9 de nos produits et nous nous effor\u00e7ons d'assurer l'enti\u00e8re satisfaction de nos clients. Si, pour quelque raison que ce soit, vous n'\u00eates pas satisfait de votre achat et souhaitez retourner un article, veuillez consulter notre politique de remboursement et de retour ci-dessous.<\/p>\n\n\n\n<hr class=\"wp-block-separator has-alpha-channel-opacity\"\/>\n\n\n\n<p><strong>Droit de retrait<\/strong> Conform\u00e9ment au droit europ\u00e9en de la consommation et comme indiqu\u00e9 dans nos conditions g\u00e9n\u00e9rales, les clients de l'Union europ\u00e9enne ont le droit de r\u00e9silier le contrat dans un d\u00e9lai de r\u00e9flexion de 14 jours sans indication de motif. Le d\u00e9lai de r\u00e9tractation commence \u00e0 courir le lendemain du jour o\u00f9 le consommateur ou un tiers d\u00e9sign\u00e9 par lui re\u00e7oit le produit.<\/p>\n\n\n\n<div class=\"wp-block-group\"><div class=\"wp-block-group__inner-container is-layout-constrained wp-block-group-is-layout-constrained\">\n<p><strong>Proc\u00e9dure de retour<\/strong> Pour exercer son droit de r\u00e9tractation, le consommateur doit notifier la Maison d'Otoko dans le d\u00e9lai de r\u00e9flexion en contactant <a href=\"mailto:info@houseofotoko.com\">info@houseofotoko.com.<\/a> Apr\u00e8s notification, le consommateur recevra des instructions de retour et une r\u00e9f\u00e9rence d'autorisation de retour.<\/p>\n<\/div><\/div>\n\n\n\n<p><strong>Conditions de retour<\/strong><\/p>\n\n\n\n<ul class=\"wp-block-list\">\n<li>Le produit doit \u00eatre retourn\u00e9 dans les 30 jours suivant sa r\u00e9ception, conform\u00e9ment \u00e0 notre proc\u00e9dure interne de traitement des retours.<\/li>\n\n\n\n<li>Les frais de retour sont \u00e0 la charge du consommateur, comme indiqu\u00e9 \u00e0 l'article 8 de nos conditions g\u00e9n\u00e9rales.<\/li>\n\n\n\n<li>Les articles ne seront accept\u00e9s que s'ils sont retourn\u00e9s dans leur \u00e9tat d'origine, sans avoir \u00e9t\u00e9 utilis\u00e9s, sans avoir \u00e9t\u00e9 port\u00e9s et dans leur emballage d'origine, y compris tous les accessoires fournis.<\/li>\n\n\n\n<li>Une copie du bordereau d'exp\u00e9dition doit \u00eatre jointe \u00e0 l'envoi en retour.<\/li>\n\n\n\n<li>Tous les retours sont effectu\u00e9s aux risques et p\u00e9rils du consommateur.<\/li>\n\n\n\n<li>Le traitement d'un retour peut prendre jusqu'\u00e0 10 jours ouvrables apr\u00e8s r\u00e9ception.<\/li>\n<\/ul>\n\n\n\n<p><strong>A noter :<\/strong> Les produits fabriqu\u00e9s sur mesure ou selon les sp\u00e9cifications du consommateur sont exclus du droit de r\u00e9tractation et ne peuvent \u00eatre renvoy\u00e9s. Si vous n'\u00eates pas s\u00fbr que votre produit soit \u00e9ligible, veuillez nous contacter avant de passer ou de retourner une commande.<\/p>\n\n\n\n<div class=\"wp-block-group is-vertical is-layout-flex wp-container-core-group-is-layout-8cf370e7 wp-block-group-is-layout-flex\">\n<p><strong>Remboursements<\/strong> Apr\u00e8s avoir re\u00e7u et inspect\u00e9 le produit retourn\u00e9, la Maison d'Otoko remboursera tous les paiements effectu\u00e9s par le consommateur, y compris les frais de livraison standard, sans retard excessif et au plus tard 14 jours apr\u00e8s r\u00e9ception du produit retourn\u00e9 ou de la preuve de retour.<\/p>\n\n\n\n<p>Les remboursements seront effectu\u00e9s en utilisant la m\u00eame m\u00e9thode de paiement que celle utilis\u00e9e pour la transaction initiale. Les frais suppl\u00e9mentaires r\u00e9sultant d'un mode de livraison autre que la livraison standard la moins ch\u00e8re propos\u00e9e par la Maison d'Otoko ne seront pas rembours\u00e9s. Si le produit retourn\u00e9 pr\u00e9sente des signes d'utilisation ou n'est pas retourn\u00e9 dans son \u00e9tat d'origine, une d\u00e9pr\u00e9ciation peut \u00eatre appliqu\u00e9e, entra\u00eenant un remboursement partiel.<\/p>\n<\/div>\n\n\n\n<p><strong>Contact<\/strong> Si vous avez des questions concernant cette politique de remboursement et de retour ou l'exercice de votre droit de r\u00e9tractation, veuillez nous contacter \u00e0 l'adresse suivante <a href=\"mailto:info@houseofotoko.com\">info@houseofotoko.com.<\/a><\/p>\n\n\n\n<p><\/p>\n<\/div><\/div>","protected":false},"excerpt":{"rendered":"<p>Refund and Return Policy At House of Otoko, we stand behind the quality of our products and strive to ensure complete customer satisfaction. If for any reason you are not satisfied with your purchase and wish to return an item, please review our refund and return policy below. Right of Withdrawal In accordance with European&hellip;&nbsp;<a href=\"https:\/\/houseofotoko.com\/fr\/returns\/\" rel=\"bookmark\">Lire plus \u00bb<span class=\"screen-reader-text\">Retours<\/span><\/a><\/p>","protected":false},"author":1,"featured_media":0,"parent":0,"menu_order":0,"comment_status":"closed","ping_status":"closed","template":"","meta":{"neve_meta_sidebar":"full-width","neve_meta_container":"","neve_meta_enable_content_width":"","neve_meta_content_width":0,"neve_meta_title_alignment":"","neve_meta_author_avatar":"","neve_post_elements_order":"","neve_meta_disable_header":"","neve_meta_disable_footer":"","neve_meta_disable_title":"","neve_meta_reading_time":"","_themeisle_gutenberg_block_has_review":false,"footnotes":""},"class_list":["post-17","page","type-page","status-publish","hentry"],"yoast_head":"<!-- This site is optimized with the Yoast SEO plugin v27.4 - https:\/\/yoast.com\/product\/yoast-seo-wordpress\/ -->\n<title>Returns - House of Otoko<\/title>\n<meta name=\"description\" content=\"House of Otoko\" \/>\n<meta name=\"robots\" content=\"index, follow, max-snippet:-1, max-image-preview:large, max-video-preview:-1\" \/>\n<link rel=\"canonical\" href=\"https:\/\/houseofotoko.com\/fr\/returns\/\" \/>\n<meta property=\"og:locale\" content=\"fr_FR\" \/>\n<meta property=\"og:type\" content=\"article\" \/>\n<meta property=\"og:title\" content=\"Returns - House of Otoko\" \/>\n<meta property=\"og:description\" content=\"House of Otoko\" \/>\n<meta property=\"og:url\" content=\"https:\/\/houseofotoko.com\/fr\/returns\/\" \/>\n<meta property=\"og:site_name\" content=\"House of Otoko\" \/>\n<meta property=\"article:modified_time\" content=\"2026-01-06T14:57:55+00:00\" \/>\n<meta property=\"og:image\" content=\"https:\/\/houseofotoko.com\/wp-content\/uploads\/2026\/01\/czNmcy1wcml2YXRlL3Jhd3BpeGVsX2ltYWdlcy93ZWJzaXRlX2NvbnRlbnQvbHIvbG9jMjAxNzgxNTkxMi1pbWFnZS5qcGc.webp\" \/>\n\t<meta property=\"og:image:width\" content=\"1024\" \/>\n\t<meta property=\"og:image:height\" content=\"779\" \/>\n\t<meta property=\"og:image:type\" content=\"image\/webp\" \/>\n<meta name=\"twitter:card\" content=\"summary_large_image\" \/>\n<meta name=\"twitter:label1\" content=\"Dur\u00e9e de lecture estim\u00e9e\" \/>\n\t<meta name=\"twitter:data1\" content=\"3 minutes\" \/>\n<script type=\"application\/ld+json\" class=\"yoast-schema-graph\">{\"@context\":\"https:\\\/\\\/schema.org\",\"@graph\":[{\"@type\":\"WebPage\",\"@id\":\"https:\\\/\\\/houseofotoko.com\\\/returns\\\/\",\"url\":\"https:\\\/\\\/houseofotoko.com\\\/returns\\\/\",\"name\":\"Returns - House of Otoko\",\"isPartOf\":{\"@id\":\"https:\\\/\\\/houseofotoko.com\\\/#website\"},\"primaryImageOfPage\":{\"@id\":\"https:\\\/\\\/houseofotoko.com\\\/returns\\\/#primaryimage\"},\"image\":{\"@id\":\"https:\\\/\\\/houseofotoko.com\\\/returns\\\/#primaryimage\"},\"thumbnailUrl\":\"https:\\\/\\\/houseofotoko.com\\\/wp-content\\\/uploads\\\/2026\\\/01\\\/czNmcy1wcml2YXRlL3Jhd3BpeGVsX2ltYWdlcy93ZWJzaXRlX2NvbnRlbnQvbHIvbG9jMjAxNzgxNTkxMi1pbWFnZS5qcGc.webp\",\"datePublished\":\"2025-01-21T14:19:58+00:00\",\"dateModified\":\"2026-01-06T14:57:55+00:00\",\"description\":\"House of Otoko\",\"breadcrumb\":{\"@id\":\"https:\\\/\\\/houseofotoko.com\\\/returns\\\/#breadcrumb\"},\"inLanguage\":\"fr-FR\",\"potentialAction\":[{\"@type\":\"ReadAction\",\"target\":[\"https:\\\/\\\/houseofotoko.com\\\/returns\\\/\"]}]},{\"@type\":\"ImageObject\",\"inLanguage\":\"fr-FR\",\"@id\":\"https:\\\/\\\/houseofotoko.com\\\/returns\\\/#primaryimage\",\"url\":\"https:\\\/\\\/houseofotoko.com\\\/wp-content\\\/uploads\\\/2026\\\/01\\\/czNmcy1wcml2YXRlL3Jhd3BpeGVsX2ltYWdlcy93ZWJzaXRlX2NvbnRlbnQvbHIvbG9jMjAxNzgxNTkxMi1pbWFnZS5qcGc.webp\",\"contentUrl\":\"https:\\\/\\\/houseofotoko.com\\\/wp-content\\\/uploads\\\/2026\\\/01\\\/czNmcy1wcml2YXRlL3Jhd3BpeGVsX2ltYWdlcy93ZWJzaXRlX2NvbnRlbnQvbHIvbG9jMjAxNzgxNTkxMi1pbWFnZS5qcGc.webp\"},{\"@type\":\"BreadcrumbList\",\"@id\":\"https:\\\/\\\/houseofotoko.com\\\/returns\\\/#breadcrumb\",\"itemListElement\":[{\"@type\":\"ListItem\",\"position\":1,\"name\":\"Home\",\"item\":\"https:\\\/\\\/houseofotoko.com\\\/\"},{\"@type\":\"ListItem\",\"position\":2,\"name\":\"Returns\"}]},{\"@type\":\"WebSite\",\"@id\":\"https:\\\/\\\/houseofotoko.com\\\/#website\",\"url\":\"https:\\\/\\\/houseofotoko.com\\\/\",\"name\":\"House of Otoko\",\"description\":\"\",\"publisher\":{\"@id\":\"https:\\\/\\\/houseofotoko.com\\\/#organization\"},\"potentialAction\":[{\"@type\":\"SearchAction\",\"target\":{\"@type\":\"EntryPoint\",\"urlTemplate\":\"https:\\\/\\\/houseofotoko.com\\\/?s={search_term_string}\"},\"query-input\":{\"@type\":\"PropertyValueSpecification\",\"valueRequired\":true,\"valueName\":\"search_term_string\"}}],\"inLanguage\":\"fr-FR\"},{\"@type\":\"Organization\",\"@id\":\"https:\\\/\\\/houseofotoko.com\\\/#organization\",\"name\":\"House of Otoko\",\"url\":\"https:\\\/\\\/houseofotoko.com\\\/\",\"logo\":{\"@type\":\"ImageObject\",\"inLanguage\":\"fr-FR\",\"@id\":\"https:\\\/\\\/houseofotoko.com\\\/#\\\/schema\\\/logo\\\/image\\\/\",\"url\":\"https:\\\/\\\/mlfln9ez57ke.i.optimole.com\\\/w:1123\\\/h:1038\\\/q:mauto\\\/f:best\\\/ig:avif\\\/https:\\\/\\\/houseofotoko.com\\\/wp-content\\\/uploads\\\/2025\\\/01\\\/LOGO-PNG-1.png\",\"contentUrl\":\"https:\\\/\\\/mlfln9ez57ke.i.optimole.com\\\/w:1123\\\/h:1038\\\/q:mauto\\\/f:best\\\/ig:avif\\\/https:\\\/\\\/houseofotoko.com\\\/wp-content\\\/uploads\\\/2025\\\/01\\\/LOGO-PNG-1.png\",\"width\":1123,\"height\":1038,\"caption\":\"House of Otoko\"},\"image\":{\"@id\":\"https:\\\/\\\/houseofotoko.com\\\/#\\\/schema\\\/logo\\\/image\\\/\"},\"sameAs\":[\"https:\\\/\\\/www.instagram.com\\\/houseofotoko\\\/\"]}]}<\/script>\n<!-- \/ Yoast SEO plugin. -->","yoast_head_json":{"title":"Returns - House of Otoko","description":"House of Otoko","robots":{"index":"index","follow":"follow","max-snippet":"max-snippet:-1","max-image-preview":"max-image-preview:large","max-video-preview":"max-video-preview:-1"},"canonical":"https:\/\/houseofotoko.com\/fr\/returns\/","og_locale":"fr_FR","og_type":"article","og_title":"Returns - House of Otoko","og_description":"House of Otoko","og_url":"https:\/\/houseofotoko.com\/fr\/returns\/","og_site_name":"House of Otoko","article_modified_time":"2026-01-06T14:57:55+00:00","og_image":[{"width":1024,"height":779,"url":"https:\/\/houseofotoko.com\/wp-content\/uploads\/2026\/01\/czNmcy1wcml2YXRlL3Jhd3BpeGVsX2ltYWdlcy93ZWJzaXRlX2NvbnRlbnQvbHIvbG9jMjAxNzgxNTkxMi1pbWFnZS5qcGc.webp","type":"image\/webp"}],"twitter_card":"summary_large_image","twitter_misc":{"Dur\u00e9e de lecture estim\u00e9e":"3 minutes"},"schema":{"@context":"https:\/\/schema.org","@graph":[{"@type":"WebPage","@id":"https:\/\/houseofotoko.com\/returns\/","url":"https:\/\/houseofotoko.com\/returns\/","name":"Returns - House of Otoko","isPartOf":{"@id":"https:\/\/houseofotoko.com\/#website"},"primaryImageOfPage":{"@id":"https:\/\/houseofotoko.com\/returns\/#primaryimage"},"image":{"@id":"https:\/\/houseofotoko.com\/returns\/#primaryimage"},"thumbnailUrl":"https:\/\/houseofotoko.com\/wp-content\/uploads\/2026\/01\/czNmcy1wcml2YXRlL3Jhd3BpeGVsX2ltYWdlcy93ZWJzaXRlX2NvbnRlbnQvbHIvbG9jMjAxNzgxNTkxMi1pbWFnZS5qcGc.webp","datePublished":"2025-01-21T14:19:58+00:00","dateModified":"2026-01-06T14:57:55+00:00","description":"House of Otoko","breadcrumb":{"@id":"https:\/\/houseofotoko.com\/returns\/#breadcrumb"},"inLanguage":"fr-FR","potentialAction":[{"@type":"ReadAction","target":["https:\/\/houseofotoko.com\/returns\/"]}]},{"@type":"ImageObject","inLanguage":"fr-FR","@id":"https:\/\/houseofotoko.com\/returns\/#primaryimage","url":"https:\/\/houseofotoko.com\/wp-content\/uploads\/2026\/01\/czNmcy1wcml2YXRlL3Jhd3BpeGVsX2ltYWdlcy93ZWJzaXRlX2NvbnRlbnQvbHIvbG9jMjAxNzgxNTkxMi1pbWFnZS5qcGc.webp","contentUrl":"https:\/\/houseofotoko.com\/wp-content\/uploads\/2026\/01\/czNmcy1wcml2YXRlL3Jhd3BpeGVsX2ltYWdlcy93ZWJzaXRlX2NvbnRlbnQvbHIvbG9jMjAxNzgxNTkxMi1pbWFnZS5qcGc.webp"},{"@type":"BreadcrumbList","@id":"https:\/\/houseofotoko.com\/returns\/#breadcrumb","itemListElement":[{"@type":"ListItem","position":1,"name":"Home","item":"https:\/\/houseofotoko.com\/"},{"@type":"ListItem","position":2,"name":"Returns"}]},{"@type":"WebSite","@id":"https:\/\/houseofotoko.com\/#website","url":"https:\/\/houseofotoko.com\/","name":"House of Otoko","description":"","publisher":{"@id":"https:\/\/houseofotoko.com\/#organization"},"potentialAction":[{"@type":"SearchAction","target":{"@type":"EntryPoint","urlTemplate":"https:\/\/houseofotoko.com\/?s={search_term_string}"},"query-input":{"@type":"PropertyValueSpecification","valueRequired":true,"valueName":"search_term_string"}}],"inLanguage":"fr-FR"},{"@type":"Organization","@id":"https:\/\/houseofotoko.com\/#organization","name":"House of Otoko","url":"https:\/\/houseofotoko.com\/","logo":{"@type":"ImageObject","inLanguage":"fr-FR","@id":"https:\/\/houseofotoko.com\/#\/schema\/logo\/image\/","url":"https:\/\/mlfln9ez57ke.i.optimole.com\/w:1123\/h:1038\/q:mauto\/f:best\/ig:avif\/https:\/\/houseofotoko.com\/wp-content\/uploads\/2025\/01\/LOGO-PNG-1.png","contentUrl":"https:\/\/mlfln9ez57ke.i.optimole.com\/w:1123\/h:1038\/q:mauto\/f:best\/ig:avif\/https:\/\/houseofotoko.com\/wp-content\/uploads\/2025\/01\/LOGO-PNG-1.png","width":1123,"height":1038,"caption":"House of Otoko"},"image":{"@id":"https:\/\/houseofotoko.com\/#\/schema\/logo\/image\/"},"sameAs":["https:\/\/www.instagram.com\/houseofotoko\/"]}]}},"_links":{"self":[{"href":"https:\/\/houseofotoko.com\/fr\/wp-json\/wp\/v2\/pages\/17","targetHints":{"allow":["GET"]}}],"collection":[{"href":"https:\/\/houseofotoko.com\/fr\/wp-json\/wp\/v2\/pages"}],"about":[{"href":"https:\/\/houseofotoko.com\/fr\/wp-json\/wp\/v2\/types\/page"}],"author":[{"embeddable":true,"href":"https:\/\/houseofotoko.com\/fr\/wp-json\/wp\/v2\/users\/1"}],"replies":[{"embeddable":true,"href":"https:\/\/houseofotoko.com\/fr\/wp-json\/wp\/v2\/comments?post=17"}],"version-history":[{"count":10,"href":"https:\/\/houseofotoko.com\/fr\/wp-json\/wp\/v2\/pages\/17\/revisions"}],"predecessor-version":[{"id":1425,"href":"https:\/\/houseofotoko.com\/fr\/wp-json\/wp\/v2\/pages\/17\/revisions\/1425"}],"wp:attachment":[{"href":"https:\/\/houseofotoko.com\/fr\/wp-json\/wp\/v2\/media?parent=17"}],"curies":[{"name":"wp","href":"https:\/\/api.w.org\/{rel}","templated":true}]}}