{"id":101,"date":"2025-01-18T13:03:15","date_gmt":"2025-01-18T13:03:15","guid":{"rendered":"https:\/\/houseofotoko.com\/diensten-pagina\/"},"modified":"2026-01-06T14:55:43","modified_gmt":"2026-01-06T14:55:43","slug":"shipment","status":"publish","type":"page","link":"https:\/\/houseofotoko.com\/fr\/shipment\/","title":{"rendered":"Exp\u00e9dition"},"content":{"rendered":"<main class=\"wp-block-group\" style=\"margin-top:0;margin-bottom:0;padding-top:0;padding-right:0;padding-bottom:0;padding-left:0\"><div class=\"wp-block-group__inner-container is-layout-flow wp-block-group-is-layout-flow\">\n\n\n\n\n\n<\/div><\/main>\n\n\n\n<div class=\"wp-block-cover is-light\" style=\"min-height:350px;aspect-ratio:unset;\"><img loading=\"lazy\" decoding=\"async\" width=\"1024\" height=\"745\" class=\"wp-block-cover__image-background wp-image-1422 size-full\" alt=\"\" src=\"https:\/\/houseofotoko.com\/wp-content\/uploads\/2026\/01\/cHJpdmF0ZS9sci9pbWFnZXMvd2Vic2l0ZS8yMDIzLTAzL21vbnozMzE4OS1pbWFnZS5qcGc.webp\" data-object-fit=\"cover\" srcset=\"https:\/\/houseofotoko.com\/wp-content\/uploads\/2026\/01\/cHJpdmF0ZS9sci9pbWFnZXMvd2Vic2l0ZS8yMDIzLTAzL21vbnozMzE4OS1pbWFnZS5qcGc.webp 1024w, https:\/\/houseofotoko.com\/wp-content\/uploads\/2026\/01\/cHJpdmF0ZS9sci9pbWFnZXMvd2Vic2l0ZS8yMDIzLTAzL21vbnozMzE4OS1pbWFnZS5qcGc-300x218.webp 300w, https:\/\/houseofotoko.com\/wp-content\/uploads\/2026\/01\/cHJpdmF0ZS9sci9pbWFnZXMvd2Vic2l0ZS8yMDIzLTAzL21vbnozMzE4OS1pbWFnZS5qcGc-768x559.webp 768w, https:\/\/houseofotoko.com\/wp-content\/uploads\/2026\/01\/cHJpdmF0ZS9sci9pbWFnZXMvd2Vic2l0ZS8yMDIzLTAzL21vbnozMzE4OS1pbWFnZS5qcGc-16x12.webp 16w, https:\/\/houseofotoko.com\/wp-content\/uploads\/2026\/01\/cHJpdmF0ZS9sci9pbWFnZXMvd2Vic2l0ZS8yMDIzLTAzL21vbnozMzE4OS1pbWFnZS5qcGc-600x437.webp 600w\" sizes=\"auto, (max-width: 1024px) 100vw, 1024px\" \/><span aria-hidden=\"true\" class=\"wp-block-cover__background has-background-dim-30 has-background-dim\" style=\"background-color:#909090\"><\/span><div class=\"wp-block-cover__inner-container is-layout-flow wp-block-cover-is-layout-flow\">\n<p class=\"has-text-align-center has-nv-site-bg-color has-text-color has-link-color has-large-font-size wp-elements-4b63c72ecb0ac4526b8c5c1fb86e98f1\"><strong>Exp\u00e9dition<\/strong><\/p>\n<\/div><\/div>\n\n\n\n<div class=\"nv-cv-m wp-block-group alignwide\"><div class=\"wp-block-group__inner-container is-layout-constrained wp-block-group-is-layout-constrained\">\n<p><\/p>\n\n\n\n<p><strong>Frais d'exp\u00e9dition et d\u00e9lais de livraison - House of Otoko<\/strong><\/p>\n\n\n\n<div style=\"height:30px\" aria-hidden=\"true\" class=\"wp-block-spacer\"><\/div>\n\n\n\n<p><strong>Frais d'exp\u00e9dition<\/strong> <strong>Pays-Bas :<\/strong><\/p>\n\n\n\n<ul class=\"wp-block-list\">\n<li>Colis bo\u00eete aux lettres (avec suivi) : \u20ac5.50<\/li>\n\n\n\n<li>Paquet standard (avec suivi) : \u20ac7.50<\/li>\n\n\n\n<li>Prise en charge (sur rendez-vous \u00e0 Lopik) : Gratuit<\/li>\n<\/ul>\n\n\n\n<p><strong>Frais d'exp\u00e9dition<\/strong> <strong>Belgique \/ Allemagne :<\/strong><\/p>\n\n\n\n<ul class=\"wp-block-list\">\n<li>Forfait standard : 14,50<\/li>\n<\/ul>\n\n\n\n<p><strong>Frais d'exp\u00e9dition<\/strong> <strong>r\u00e9gion 1 :<\/strong><br>Espagne \/ Danemark \/ France \/ Autriche \/ Italie \/ Luxembourg<\/p>\n\n\n\n<ul class=\"wp-block-list\">\n<li>Forfait standard : 18,50<\/li>\n<\/ul>\n\n\n\n<p><strong>Frais d'exp\u00e9dition<\/strong> <strong>r\u00e9gion 2 :<\/strong><br><s>\u00c9tats-Unis<\/s> \/ Royaume-Uni \/ Chypre \/ Su\u00e8de \/ Gr\u00e8ce \/ Suisse \/ Finlande \/ Malte \/ Pologne \/ Hongrie \/ Slovaquie \/ Slov\u00e9nie \/ R\u00e9publique tch\u00e8que \/ Irlande \/ Estonie \/ Portugal \/ Lettonie \/ Lituanie<\/p>\n\n\n\n<ul class=\"wp-block-list\">\n<li>Forfait standard : \u20ac25.00<\/li>\n<\/ul>\n\n\n\n<p><strong>Frais d'exp\u00e9dition<\/strong> <strong>le reste du monde :<\/strong><\/p>\n\n\n\n<ul class=\"wp-block-list\">\n<li>Paquet standard : sur demande<\/li>\n<\/ul>\n\n\n\n<hr class=\"wp-block-separator has-alpha-channel-opacity\"\/>\n\n\n\n<p><strong>A noter :<\/strong><\/p>\n\n\n\n<ul class=\"wp-block-list\">\n<li>Si un colis n'entre pas dans une bo\u00eete aux lettres standard, cette option d'exp\u00e9dition ne sera pas disponible lors de la commande.<\/li>\n\n\n\n<li>En raison des tarifs, l'exp\u00e9dition vers les Etats-Unis n'est pas possible. <\/li>\n\n\n\n<li>Nous prenons grand soin de prot\u00e9ger les produits pendant le transport. Si, malgr\u00e9 ces pr\u00e9cautions, un dommage devait survenir, veuillez nous contacter \u00e0 l'adresse suivante <strong><a>info@houseofotoko.com<\/a><\/strong>.<\/li>\n<\/ul>\n<\/div><\/div>\n\n\n\n<hr class=\"wp-block-separator alignwide has-alpha-channel-opacity\"\/>\n\n\n\n<div class=\"nv-cv-m wp-block-group alignwide\"><div class=\"wp-block-group__inner-container is-layout-constrained wp-block-group-is-layout-constrained\">\n<p><strong>D\u00e9lais de livraison<\/strong><\/p>\n\n\n\n<p><strong>Pays-Bas :<\/strong> 1-3 jours ouvrables<br><strong>Belgique \/ Allemagne :<\/strong> 5-7 jours ouvrables<br><strong>Espagne \/ Danemark \/ France \/ Autriche \/ Italie \/ Luxembourg :<\/strong> 5-10 jours ouvrables<\/p>\n\n\n\n<p>\u00c0 la Maison d'Otoko, nous comprenons l'importance de recevoir votre commande le plus rapidement possible. C'est pourquoi nous nous engageons \u00e0 assurer une livraison rapide et efficace. En outre, nous nous effor\u00e7ons de contribuer au d\u00e9veloppement durable en regroupant les envois et en utilisant des mat\u00e9riaux d'emballage respectueux de l'environnement et des bo\u00eetes recycl\u00e9es.<\/p>\n<\/div><\/div>\n\n\n\n<div style=\"height:42px\" aria-hidden=\"true\" class=\"wp-block-spacer\"><\/div>","protected":false},"excerpt":{"rendered":"<p>Shipping Costs and Delivery Times &#8211; House of Otoko Shipping costs Netherlands: Shipping costs Belgium \/ Germany: Shipping costs region 1:Spain \/ Denmark \/ France \/ Austria \/ Italy \/ Luxembourg Shipping costs region 2:United States \/ United Kingdom \/ Cyprus \/ Sweden \/ Greece \/ Switzerland \/ Finland \/ Malta \/ Poland \/ Hungary&hellip;&nbsp;<a href=\"https:\/\/houseofotoko.com\/fr\/shipment\/\" rel=\"bookmark\">Lire plus \u00bb<span class=\"screen-reader-text\">Exp\u00e9dition<\/span><\/a><\/p>","protected":false},"author":1,"featured_media":0,"parent":0,"menu_order":0,"comment_status":"closed","ping_status":"closed","template":"","meta":{"neve_meta_sidebar":"full-width","neve_meta_container":"","neve_meta_enable_content_width":"","neve_meta_content_width":0,"neve_meta_title_alignment":"","neve_meta_author_avatar":"","neve_post_elements_order":"","neve_meta_disable_header":"","neve_meta_disable_footer":"","neve_meta_disable_title":"","neve_meta_reading_time":"","_themeisle_gutenberg_block_has_review":false,"footnotes":""},"class_list":["post-101","page","type-page","status-publish","hentry"],"yoast_head":"<!-- This site is optimized with the Yoast SEO plugin v27.4 - https:\/\/yoast.com\/product\/yoast-seo-wordpress\/ -->\n<title>Shipment - House of Otoko<\/title>\n<meta name=\"description\" content=\"House of Otoko\" \/>\n<meta name=\"robots\" content=\"index, follow, max-snippet:-1, max-image-preview:large, max-video-preview:-1\" \/>\n<link rel=\"canonical\" href=\"https:\/\/houseofotoko.com\/fr\/shipment\/\" \/>\n<meta property=\"og:locale\" content=\"fr_FR\" \/>\n<meta property=\"og:type\" content=\"article\" \/>\n<meta property=\"og:title\" content=\"Shipment - House of Otoko\" \/>\n<meta property=\"og:description\" content=\"House of Otoko\" \/>\n<meta property=\"og:url\" content=\"https:\/\/houseofotoko.com\/fr\/shipment\/\" \/>\n<meta property=\"og:site_name\" content=\"House of Otoko\" \/>\n<meta property=\"article:modified_time\" content=\"2026-01-06T14:55:43+00:00\" \/>\n<meta property=\"og:image\" content=\"https:\/\/houseofotoko.com\/wp-content\/uploads\/2026\/01\/cHJpdmF0ZS9sci9pbWFnZXMvd2Vic2l0ZS8yMDIzLTAzL21vbnozMzE4OS1pbWFnZS5qcGc.webp\" \/>\n\t<meta property=\"og:image:width\" content=\"1024\" \/>\n\t<meta property=\"og:image:height\" content=\"745\" \/>\n\t<meta property=\"og:image:type\" content=\"image\/webp\" \/>\n<meta name=\"twitter:card\" content=\"summary_large_image\" \/>\n<meta name=\"twitter:label1\" content=\"Dur\u00e9e de lecture estim\u00e9e\" \/>\n\t<meta name=\"twitter:data1\" content=\"2 minutes\" \/>\n<script type=\"application\/ld+json\" class=\"yoast-schema-graph\">{\"@context\":\"https:\\\/\\\/schema.org\",\"@graph\":[{\"@type\":\"WebPage\",\"@id\":\"https:\\\/\\\/houseofotoko.com\\\/shipment\\\/\",\"url\":\"https:\\\/\\\/houseofotoko.com\\\/shipment\\\/\",\"name\":\"Shipment - House of Otoko\",\"isPartOf\":{\"@id\":\"https:\\\/\\\/houseofotoko.com\\\/#website\"},\"primaryImageOfPage\":{\"@id\":\"https:\\\/\\\/houseofotoko.com\\\/shipment\\\/#primaryimage\"},\"image\":{\"@id\":\"https:\\\/\\\/houseofotoko.com\\\/shipment\\\/#primaryimage\"},\"thumbnailUrl\":\"https:\\\/\\\/houseofotoko.com\\\/wp-content\\\/uploads\\\/2026\\\/01\\\/cHJpdmF0ZS9sci9pbWFnZXMvd2Vic2l0ZS8yMDIzLTAzL21vbnozMzE4OS1pbWFnZS5qcGc.webp\",\"datePublished\":\"2025-01-18T13:03:15+00:00\",\"dateModified\":\"2026-01-06T14:55:43+00:00\",\"description\":\"House of Otoko\",\"breadcrumb\":{\"@id\":\"https:\\\/\\\/houseofotoko.com\\\/shipment\\\/#breadcrumb\"},\"inLanguage\":\"fr-FR\",\"potentialAction\":[{\"@type\":\"ReadAction\",\"target\":[\"https:\\\/\\\/houseofotoko.com\\\/shipment\\\/\"]}]},{\"@type\":\"ImageObject\",\"inLanguage\":\"fr-FR\",\"@id\":\"https:\\\/\\\/houseofotoko.com\\\/shipment\\\/#primaryimage\",\"url\":\"https:\\\/\\\/houseofotoko.com\\\/wp-content\\\/uploads\\\/2026\\\/01\\\/cHJpdmF0ZS9sci9pbWFnZXMvd2Vic2l0ZS8yMDIzLTAzL21vbnozMzE4OS1pbWFnZS5qcGc.webp\",\"contentUrl\":\"https:\\\/\\\/houseofotoko.com\\\/wp-content\\\/uploads\\\/2026\\\/01\\\/cHJpdmF0ZS9sci9pbWFnZXMvd2Vic2l0ZS8yMDIzLTAzL21vbnozMzE4OS1pbWFnZS5qcGc.webp\"},{\"@type\":\"BreadcrumbList\",\"@id\":\"https:\\\/\\\/houseofotoko.com\\\/shipment\\\/#breadcrumb\",\"itemListElement\":[{\"@type\":\"ListItem\",\"position\":1,\"name\":\"Home\",\"item\":\"https:\\\/\\\/houseofotoko.com\\\/\"},{\"@type\":\"ListItem\",\"position\":2,\"name\":\"Shipment\"}]},{\"@type\":\"WebSite\",\"@id\":\"https:\\\/\\\/houseofotoko.com\\\/#website\",\"url\":\"https:\\\/\\\/houseofotoko.com\\\/\",\"name\":\"House of Otoko\",\"description\":\"\",\"publisher\":{\"@id\":\"https:\\\/\\\/houseofotoko.com\\\/#organization\"},\"potentialAction\":[{\"@type\":\"SearchAction\",\"target\":{\"@type\":\"EntryPoint\",\"urlTemplate\":\"https:\\\/\\\/houseofotoko.com\\\/?s={search_term_string}\"},\"query-input\":{\"@type\":\"PropertyValueSpecification\",\"valueRequired\":true,\"valueName\":\"search_term_string\"}}],\"inLanguage\":\"fr-FR\"},{\"@type\":\"Organization\",\"@id\":\"https:\\\/\\\/houseofotoko.com\\\/#organization\",\"name\":\"House of Otoko\",\"url\":\"https:\\\/\\\/houseofotoko.com\\\/\",\"logo\":{\"@type\":\"ImageObject\",\"inLanguage\":\"fr-FR\",\"@id\":\"https:\\\/\\\/houseofotoko.com\\\/#\\\/schema\\\/logo\\\/image\\\/\",\"url\":\"https:\\\/\\\/mlfln9ez57ke.i.optimole.com\\\/w:1123\\\/h:1038\\\/q:mauto\\\/f:best\\\/ig:avif\\\/https:\\\/\\\/houseofotoko.com\\\/wp-content\\\/uploads\\\/2025\\\/01\\\/LOGO-PNG-1.png\",\"contentUrl\":\"https:\\\/\\\/mlfln9ez57ke.i.optimole.com\\\/w:1123\\\/h:1038\\\/q:mauto\\\/f:best\\\/ig:avif\\\/https:\\\/\\\/houseofotoko.com\\\/wp-content\\\/uploads\\\/2025\\\/01\\\/LOGO-PNG-1.png\",\"width\":1123,\"height\":1038,\"caption\":\"House of Otoko\"},\"image\":{\"@id\":\"https:\\\/\\\/houseofotoko.com\\\/#\\\/schema\\\/logo\\\/image\\\/\"},\"sameAs\":[\"https:\\\/\\\/www.instagram.com\\\/houseofotoko\\\/\"]}]}<\/script>\n<!-- \/ Yoast SEO plugin. -->","yoast_head_json":{"title":"Shipment - House of Otoko","description":"House of Otoko","robots":{"index":"index","follow":"follow","max-snippet":"max-snippet:-1","max-image-preview":"max-image-preview:large","max-video-preview":"max-video-preview:-1"},"canonical":"https:\/\/houseofotoko.com\/fr\/shipment\/","og_locale":"fr_FR","og_type":"article","og_title":"Shipment - House of Otoko","og_description":"House of Otoko","og_url":"https:\/\/houseofotoko.com\/fr\/shipment\/","og_site_name":"House of Otoko","article_modified_time":"2026-01-06T14:55:43+00:00","og_image":[{"width":1024,"height":745,"url":"https:\/\/houseofotoko.com\/wp-content\/uploads\/2026\/01\/cHJpdmF0ZS9sci9pbWFnZXMvd2Vic2l0ZS8yMDIzLTAzL21vbnozMzE4OS1pbWFnZS5qcGc.webp","type":"image\/webp"}],"twitter_card":"summary_large_image","twitter_misc":{"Dur\u00e9e de lecture estim\u00e9e":"2 minutes"},"schema":{"@context":"https:\/\/schema.org","@graph":[{"@type":"WebPage","@id":"https:\/\/houseofotoko.com\/shipment\/","url":"https:\/\/houseofotoko.com\/shipment\/","name":"Shipment - House of Otoko","isPartOf":{"@id":"https:\/\/houseofotoko.com\/#website"},"primaryImageOfPage":{"@id":"https:\/\/houseofotoko.com\/shipment\/#primaryimage"},"image":{"@id":"https:\/\/houseofotoko.com\/shipment\/#primaryimage"},"thumbnailUrl":"https:\/\/houseofotoko.com\/wp-content\/uploads\/2026\/01\/cHJpdmF0ZS9sci9pbWFnZXMvd2Vic2l0ZS8yMDIzLTAzL21vbnozMzE4OS1pbWFnZS5qcGc.webp","datePublished":"2025-01-18T13:03:15+00:00","dateModified":"2026-01-06T14:55:43+00:00","description":"House of Otoko","breadcrumb":{"@id":"https:\/\/houseofotoko.com\/shipment\/#breadcrumb"},"inLanguage":"fr-FR","potentialAction":[{"@type":"ReadAction","target":["https:\/\/houseofotoko.com\/shipment\/"]}]},{"@type":"ImageObject","inLanguage":"fr-FR","@id":"https:\/\/houseofotoko.com\/shipment\/#primaryimage","url":"https:\/\/houseofotoko.com\/wp-content\/uploads\/2026\/01\/cHJpdmF0ZS9sci9pbWFnZXMvd2Vic2l0ZS8yMDIzLTAzL21vbnozMzE4OS1pbWFnZS5qcGc.webp","contentUrl":"https:\/\/houseofotoko.com\/wp-content\/uploads\/2026\/01\/cHJpdmF0ZS9sci9pbWFnZXMvd2Vic2l0ZS8yMDIzLTAzL21vbnozMzE4OS1pbWFnZS5qcGc.webp"},{"@type":"BreadcrumbList","@id":"https:\/\/houseofotoko.com\/shipment\/#breadcrumb","itemListElement":[{"@type":"ListItem","position":1,"name":"Home","item":"https:\/\/houseofotoko.com\/"},{"@type":"ListItem","position":2,"name":"Shipment"}]},{"@type":"WebSite","@id":"https:\/\/houseofotoko.com\/#website","url":"https:\/\/houseofotoko.com\/","name":"House of Otoko","description":"","publisher":{"@id":"https:\/\/houseofotoko.com\/#organization"},"potentialAction":[{"@type":"SearchAction","target":{"@type":"EntryPoint","urlTemplate":"https:\/\/houseofotoko.com\/?s={search_term_string}"},"query-input":{"@type":"PropertyValueSpecification","valueRequired":true,"valueName":"search_term_string"}}],"inLanguage":"fr-FR"},{"@type":"Organization","@id":"https:\/\/houseofotoko.com\/#organization","name":"House of Otoko","url":"https:\/\/houseofotoko.com\/","logo":{"@type":"ImageObject","inLanguage":"fr-FR","@id":"https:\/\/houseofotoko.com\/#\/schema\/logo\/image\/","url":"https:\/\/mlfln9ez57ke.i.optimole.com\/w:1123\/h:1038\/q:mauto\/f:best\/ig:avif\/https:\/\/houseofotoko.com\/wp-content\/uploads\/2025\/01\/LOGO-PNG-1.png","contentUrl":"https:\/\/mlfln9ez57ke.i.optimole.com\/w:1123\/h:1038\/q:mauto\/f:best\/ig:avif\/https:\/\/houseofotoko.com\/wp-content\/uploads\/2025\/01\/LOGO-PNG-1.png","width":1123,"height":1038,"caption":"House of Otoko"},"image":{"@id":"https:\/\/houseofotoko.com\/#\/schema\/logo\/image\/"},"sameAs":["https:\/\/www.instagram.com\/houseofotoko\/"]}]}},"_links":{"self":[{"href":"https:\/\/houseofotoko.com\/fr\/wp-json\/wp\/v2\/pages\/101","targetHints":{"allow":["GET"]}}],"collection":[{"href":"https:\/\/houseofotoko.com\/fr\/wp-json\/wp\/v2\/pages"}],"about":[{"href":"https:\/\/houseofotoko.com\/fr\/wp-json\/wp\/v2\/types\/page"}],"author":[{"embeddable":true,"href":"https:\/\/houseofotoko.com\/fr\/wp-json\/wp\/v2\/users\/1"}],"replies":[{"embeddable":true,"href":"https:\/\/houseofotoko.com\/fr\/wp-json\/wp\/v2\/comments?post=101"}],"version-history":[{"count":13,"href":"https:\/\/houseofotoko.com\/fr\/wp-json\/wp\/v2\/pages\/101\/revisions"}],"predecessor-version":[{"id":1423,"href":"https:\/\/houseofotoko.com\/fr\/wp-json\/wp\/v2\/pages\/101\/revisions\/1423"}],"wp:attachment":[{"href":"https:\/\/houseofotoko.com\/fr\/wp-json\/wp\/v2\/media?parent=101"}],"curies":[{"name":"wp","href":"https:\/\/api.w.org\/{rel}","templated":true}]}}