{"id":100,"date":"2025-01-18T13:03:15","date_gmt":"2025-01-18T13:03:15","guid":{"rendered":"https:\/\/houseofotoko.com\/over-pagina\/"},"modified":"2025-06-09T11:36:32","modified_gmt":"2025-06-09T11:36:32","slug":"our-story","status":"publish","type":"page","link":"https:\/\/houseofotoko.com\/fr\/our-story\/","title":{"rendered":"Notre histoire"},"content":{"rendered":"<div class=\"wp-block-cover\" style=\"min-height:367px;aspect-ratio:unset;\"><img loading=\"lazy\" decoding=\"async\" width=\"1024\" height=\"682\" class=\"wp-block-cover__image-background wp-image-321 size-large\" alt=\"\" src=\"https:\/\/houseofotoko.com\/wp-content\/uploads\/2025\/01\/image-6-1024x682.jpeg\" style=\"object-position:49% 60%\" data-object-fit=\"cover\" data-object-position=\"49% 60%\" srcset=\"https:\/\/houseofotoko.com\/wp-content\/uploads\/2025\/01\/image-6-1024x682.jpeg 1024w, https:\/\/houseofotoko.com\/wp-content\/uploads\/2025\/01\/image-6-600x400.jpeg 600w, https:\/\/houseofotoko.com\/wp-content\/uploads\/2025\/01\/image-6-300x200.jpeg 300w, https:\/\/houseofotoko.com\/wp-content\/uploads\/2025\/01\/image-6-768x512.jpeg 768w, https:\/\/houseofotoko.com\/wp-content\/uploads\/2025\/01\/image-6-1536x1024.jpeg 1536w, https:\/\/houseofotoko.com\/wp-content\/uploads\/2025\/01\/image-6-18x12.jpeg 18w, https:\/\/houseofotoko.com\/wp-content\/uploads\/2025\/01\/image-6-930x620.jpeg 930w, https:\/\/houseofotoko.com\/wp-content\/uploads\/2025\/01\/image-6.jpeg 1880w\" sizes=\"auto, (max-width: 1024px) 100vw, 1024px\" \/><span aria-hidden=\"true\" class=\"wp-block-cover__background has-background-dim-0 has-background-dim\" style=\"background-color:#656b71\"><\/span><div class=\"wp-block-cover__inner-container is-layout-constrained wp-block-cover-is-layout-constrained\">\n<h3 class=\"wp-block-heading has-text-align-center has-large-font-size\">Notre histoire<\/h3>\n<\/div><\/div>\n\n\n\n<div style=\"height:30px\" aria-hidden=\"true\" class=\"wp-block-spacer\"><\/div>\n\n\n\n<div class=\"nv-cv-m wp-block-group alignwide\"><div class=\"wp-block-group__inner-container is-layout-constrained wp-block-group-is-layout-constrained\">\n<p><strong>Notre histoire - La maison d'Otoko<\/strong><\/p>\n\n\n\n<p>Bienvenue \u00e0 House of Otoko, o\u00f9 le style rencontre la masculinit\u00e9 et o\u00f9 votre maison devient une extension de votre personnalit\u00e9. Notre mission est simple : fournir aux hommes des meubles et accessoires uniques, robustes et audacieux qui rehaussent votre espace et refl\u00e8tent votre personnalit\u00e9.<\/p>\n\n\n\n<p>Chez House of Otoko, nous pensons que l'environnement d'un homme doit \u00eatre aussi fort et distinct que lui. C'est pourquoi nous avons cr\u00e9\u00e9 une collection de pi\u00e8ces robustes mais raffin\u00e9es qui allient fonctionnalit\u00e9 et design remarquable. De la d\u00e9coration d'inspiration industrielle aux essentiels intemporels, chaque article est soigneusement s\u00e9lectionn\u00e9 pour apporter du caract\u00e8re et du charme \u00e0 votre int\u00e9rieur.<\/p>\n\n\n\n<p>Nous nous engageons \u00e9galement en faveur du d\u00e9veloppement durable. En incorporant des mat\u00e9riaux recycl\u00e9s et des pratiques respectueuses de l'environnement dans notre s\u00e9lection de produits, nous veillons \u00e0 ce que votre espace ne soit pas seulement esth\u00e9tique, mais qu'il contribue \u00e9galement \u00e0 une meilleure plan\u00e8te.<\/p>\n\n\n\n<p>Notre engagement va au-del\u00e0 de l'esth\u00e9tique. Nous donnons la priorit\u00e9 \u00e0 la qualit\u00e9 et \u00e0 l'artisanat, en veillant \u00e0 ce que chaque produit r\u00e9ponde aux normes les plus strictes. Que vous souhaitiez cr\u00e9er une gar\u00e7onni\u00e8re \u00e9l\u00e9gante, am\u00e9liorer votre espace de travail ou simplement ajouter une touche d'audace \u00e0 votre salon, House of Otoko est l\u00e0 pour vous aider \u00e0 vous d\u00e9marquer.<\/p>\n\n\n\n<p><strong>Pourquoi nous choisir ?<\/strong><\/p>\n\n\n\n<ul class=\"wp-block-list\">\n<li><strong>Authenticit\u00e9 :<\/strong> Ici, pas de m\u00e9diocrit\u00e9 produite en s\u00e9rie, mais des pi\u00e8ces con\u00e7ues avec soin et ayant une histoire \u00e0 raconter.<\/li>\n\n\n\n<li><strong>Durabilit\u00e9 :<\/strong> Nous privil\u00e9gions les produits con\u00e7us pour durer, tout comme votre sens du style.<\/li>\n\n\n\n<li><strong>Durabilit\u00e9 :<\/strong> Des mat\u00e9riaux recycl\u00e9s et des pratiques respectueuses de l'environnement pour un avenir plus vert.<\/li>\n\n\n\n<li><strong>Un style sans compromis :<\/strong> Masculin, robuste et toujours \u00e0 la mode.<\/li>\n<\/ul>\n\n\n\n<p>Entrez dans la Maison Otoko et red\u00e9finissez votre int\u00e9rieur avec sophistication et \u00e9l\u00e9gance. Parce que votre espace m\u00e9rite d'\u00eatre aussi extraordinaire que vous l'\u00eates.<\/p>\n<\/div><\/div>","protected":false},"excerpt":{"rendered":"<p>Our story &#8211; House of Otoko Welcome to House of Otoko, where style meets masculinity and your home becomes an extension of who you are. Our mission is simple: to provide men with unique, robust, and bold home furnishings and accessories that elevate your space and reflect your personality. At House of Otoko, we believe&hellip;&nbsp;<a href=\"https:\/\/houseofotoko.com\/fr\/our-story\/\" rel=\"bookmark\">Lire plus \u00bb<span class=\"screen-reader-text\">Notre histoire<\/span><\/a><\/p>","protected":false},"author":1,"featured_media":0,"parent":0,"menu_order":0,"comment_status":"closed","ping_status":"closed","template":"","meta":{"neve_meta_sidebar":"","neve_meta_container":"","neve_meta_enable_content_width":"","neve_meta_content_width":0,"neve_meta_title_alignment":"","neve_meta_author_avatar":"","neve_post_elements_order":"","neve_meta_disable_header":"","neve_meta_disable_footer":"","neve_meta_disable_title":"","neve_meta_reading_time":"","_themeisle_gutenberg_block_has_review":false,"footnotes":""},"class_list":["post-100","page","type-page","status-publish","hentry"],"yoast_head":"<!-- This site is optimized with the Yoast SEO plugin v27.4 - https:\/\/yoast.com\/product\/yoast-seo-wordpress\/ -->\n<title>Our story - House of Otoko<\/title>\n<meta name=\"description\" content=\"House of Otoko\" \/>\n<meta name=\"robots\" content=\"index, follow, max-snippet:-1, max-image-preview:large, max-video-preview:-1\" \/>\n<link rel=\"canonical\" href=\"https:\/\/houseofotoko.com\/fr\/our-story\/\" \/>\n<meta property=\"og:locale\" content=\"fr_FR\" \/>\n<meta property=\"og:type\" content=\"article\" \/>\n<meta property=\"og:title\" content=\"Our story - House of Otoko\" \/>\n<meta property=\"og:description\" content=\"House of Otoko\" \/>\n<meta property=\"og:url\" content=\"https:\/\/houseofotoko.com\/fr\/our-story\/\" \/>\n<meta property=\"og:site_name\" content=\"House of Otoko\" \/>\n<meta property=\"article:modified_time\" content=\"2025-06-09T11:36:32+00:00\" \/>\n<meta property=\"og:image\" content=\"https:\/\/houseofotoko.com\/wp-content\/uploads\/2025\/01\/image-6.jpeg\" \/>\n\t<meta property=\"og:image:width\" content=\"1880\" \/>\n\t<meta property=\"og:image:height\" content=\"1253\" \/>\n\t<meta property=\"og:image:type\" content=\"image\/jpeg\" \/>\n<meta name=\"twitter:card\" content=\"summary_large_image\" \/>\n<meta name=\"twitter:label1\" content=\"Dur\u00e9e de lecture estim\u00e9e\" \/>\n\t<meta name=\"twitter:data1\" content=\"2 minutes\" \/>\n<script type=\"application\/ld+json\" class=\"yoast-schema-graph\">{\"@context\":\"https:\\\/\\\/schema.org\",\"@graph\":[{\"@type\":\"WebPage\",\"@id\":\"https:\\\/\\\/houseofotoko.com\\\/our-story\\\/\",\"url\":\"https:\\\/\\\/houseofotoko.com\\\/our-story\\\/\",\"name\":\"Our story - House of Otoko\",\"isPartOf\":{\"@id\":\"https:\\\/\\\/houseofotoko.com\\\/#website\"},\"primaryImageOfPage\":{\"@id\":\"https:\\\/\\\/houseofotoko.com\\\/our-story\\\/#primaryimage\"},\"image\":{\"@id\":\"https:\\\/\\\/houseofotoko.com\\\/our-story\\\/#primaryimage\"},\"thumbnailUrl\":\"https:\\\/\\\/houseofotoko.com\\\/wp-content\\\/uploads\\\/2025\\\/01\\\/image-6-1024x682.jpeg\",\"datePublished\":\"2025-01-18T13:03:15+00:00\",\"dateModified\":\"2025-06-09T11:36:32+00:00\",\"description\":\"House of Otoko\",\"breadcrumb\":{\"@id\":\"https:\\\/\\\/houseofotoko.com\\\/our-story\\\/#breadcrumb\"},\"inLanguage\":\"fr-FR\",\"potentialAction\":[{\"@type\":\"ReadAction\",\"target\":[\"https:\\\/\\\/houseofotoko.com\\\/our-story\\\/\"]}]},{\"@type\":\"ImageObject\",\"inLanguage\":\"fr-FR\",\"@id\":\"https:\\\/\\\/houseofotoko.com\\\/our-story\\\/#primaryimage\",\"url\":\"https:\\\/\\\/houseofotoko.com\\\/wp-content\\\/uploads\\\/2025\\\/01\\\/image-6-1024x682.jpeg\",\"contentUrl\":\"https:\\\/\\\/houseofotoko.com\\\/wp-content\\\/uploads\\\/2025\\\/01\\\/image-6-1024x682.jpeg\"},{\"@type\":\"BreadcrumbList\",\"@id\":\"https:\\\/\\\/houseofotoko.com\\\/our-story\\\/#breadcrumb\",\"itemListElement\":[{\"@type\":\"ListItem\",\"position\":1,\"name\":\"Home\",\"item\":\"https:\\\/\\\/houseofotoko.com\\\/\"},{\"@type\":\"ListItem\",\"position\":2,\"name\":\"Our story\"}]},{\"@type\":\"WebSite\",\"@id\":\"https:\\\/\\\/houseofotoko.com\\\/#website\",\"url\":\"https:\\\/\\\/houseofotoko.com\\\/\",\"name\":\"House of Otoko\",\"description\":\"\",\"publisher\":{\"@id\":\"https:\\\/\\\/houseofotoko.com\\\/#organization\"},\"potentialAction\":[{\"@type\":\"SearchAction\",\"target\":{\"@type\":\"EntryPoint\",\"urlTemplate\":\"https:\\\/\\\/houseofotoko.com\\\/?s={search_term_string}\"},\"query-input\":{\"@type\":\"PropertyValueSpecification\",\"valueRequired\":true,\"valueName\":\"search_term_string\"}}],\"inLanguage\":\"fr-FR\"},{\"@type\":\"Organization\",\"@id\":\"https:\\\/\\\/houseofotoko.com\\\/#organization\",\"name\":\"House of Otoko\",\"url\":\"https:\\\/\\\/houseofotoko.com\\\/\",\"logo\":{\"@type\":\"ImageObject\",\"inLanguage\":\"fr-FR\",\"@id\":\"https:\\\/\\\/houseofotoko.com\\\/#\\\/schema\\\/logo\\\/image\\\/\",\"url\":\"https:\\\/\\\/mlfln9ez57ke.i.optimole.com\\\/w:1123\\\/h:1038\\\/q:mauto\\\/f:best\\\/ig:avif\\\/https:\\\/\\\/houseofotoko.com\\\/wp-content\\\/uploads\\\/2025\\\/01\\\/LOGO-PNG-1.png\",\"contentUrl\":\"https:\\\/\\\/mlfln9ez57ke.i.optimole.com\\\/w:1123\\\/h:1038\\\/q:mauto\\\/f:best\\\/ig:avif\\\/https:\\\/\\\/houseofotoko.com\\\/wp-content\\\/uploads\\\/2025\\\/01\\\/LOGO-PNG-1.png\",\"width\":1123,\"height\":1038,\"caption\":\"House of Otoko\"},\"image\":{\"@id\":\"https:\\\/\\\/houseofotoko.com\\\/#\\\/schema\\\/logo\\\/image\\\/\"},\"sameAs\":[\"https:\\\/\\\/www.instagram.com\\\/houseofotoko\\\/\"]}]}<\/script>\n<!-- \/ Yoast SEO plugin. -->","yoast_head_json":{"title":"Our story - House of Otoko","description":"House of Otoko","robots":{"index":"index","follow":"follow","max-snippet":"max-snippet:-1","max-image-preview":"max-image-preview:large","max-video-preview":"max-video-preview:-1"},"canonical":"https:\/\/houseofotoko.com\/fr\/our-story\/","og_locale":"fr_FR","og_type":"article","og_title":"Our story - House of Otoko","og_description":"House of Otoko","og_url":"https:\/\/houseofotoko.com\/fr\/our-story\/","og_site_name":"House of Otoko","article_modified_time":"2025-06-09T11:36:32+00:00","og_image":[{"width":1880,"height":1253,"url":"https:\/\/houseofotoko.com\/wp-content\/uploads\/2025\/01\/image-6.jpeg","type":"image\/jpeg"}],"twitter_card":"summary_large_image","twitter_misc":{"Dur\u00e9e de lecture estim\u00e9e":"2 minutes"},"schema":{"@context":"https:\/\/schema.org","@graph":[{"@type":"WebPage","@id":"https:\/\/houseofotoko.com\/our-story\/","url":"https:\/\/houseofotoko.com\/our-story\/","name":"Our story - House of Otoko","isPartOf":{"@id":"https:\/\/houseofotoko.com\/#website"},"primaryImageOfPage":{"@id":"https:\/\/houseofotoko.com\/our-story\/#primaryimage"},"image":{"@id":"https:\/\/houseofotoko.com\/our-story\/#primaryimage"},"thumbnailUrl":"https:\/\/houseofotoko.com\/wp-content\/uploads\/2025\/01\/image-6-1024x682.jpeg","datePublished":"2025-01-18T13:03:15+00:00","dateModified":"2025-06-09T11:36:32+00:00","description":"House of Otoko","breadcrumb":{"@id":"https:\/\/houseofotoko.com\/our-story\/#breadcrumb"},"inLanguage":"fr-FR","potentialAction":[{"@type":"ReadAction","target":["https:\/\/houseofotoko.com\/our-story\/"]}]},{"@type":"ImageObject","inLanguage":"fr-FR","@id":"https:\/\/houseofotoko.com\/our-story\/#primaryimage","url":"https:\/\/houseofotoko.com\/wp-content\/uploads\/2025\/01\/image-6-1024x682.jpeg","contentUrl":"https:\/\/houseofotoko.com\/wp-content\/uploads\/2025\/01\/image-6-1024x682.jpeg"},{"@type":"BreadcrumbList","@id":"https:\/\/houseofotoko.com\/our-story\/#breadcrumb","itemListElement":[{"@type":"ListItem","position":1,"name":"Home","item":"https:\/\/houseofotoko.com\/"},{"@type":"ListItem","position":2,"name":"Our story"}]},{"@type":"WebSite","@id":"https:\/\/houseofotoko.com\/#website","url":"https:\/\/houseofotoko.com\/","name":"House of Otoko","description":"","publisher":{"@id":"https:\/\/houseofotoko.com\/#organization"},"potentialAction":[{"@type":"SearchAction","target":{"@type":"EntryPoint","urlTemplate":"https:\/\/houseofotoko.com\/?s={search_term_string}"},"query-input":{"@type":"PropertyValueSpecification","valueRequired":true,"valueName":"search_term_string"}}],"inLanguage":"fr-FR"},{"@type":"Organization","@id":"https:\/\/houseofotoko.com\/#organization","name":"House of Otoko","url":"https:\/\/houseofotoko.com\/","logo":{"@type":"ImageObject","inLanguage":"fr-FR","@id":"https:\/\/houseofotoko.com\/#\/schema\/logo\/image\/","url":"https:\/\/mlfln9ez57ke.i.optimole.com\/w:1123\/h:1038\/q:mauto\/f:best\/ig:avif\/https:\/\/houseofotoko.com\/wp-content\/uploads\/2025\/01\/LOGO-PNG-1.png","contentUrl":"https:\/\/mlfln9ez57ke.i.optimole.com\/w:1123\/h:1038\/q:mauto\/f:best\/ig:avif\/https:\/\/houseofotoko.com\/wp-content\/uploads\/2025\/01\/LOGO-PNG-1.png","width":1123,"height":1038,"caption":"House of Otoko"},"image":{"@id":"https:\/\/houseofotoko.com\/#\/schema\/logo\/image\/"},"sameAs":["https:\/\/www.instagram.com\/houseofotoko\/"]}]}},"_links":{"self":[{"href":"https:\/\/houseofotoko.com\/fr\/wp-json\/wp\/v2\/pages\/100","targetHints":{"allow":["GET"]}}],"collection":[{"href":"https:\/\/houseofotoko.com\/fr\/wp-json\/wp\/v2\/pages"}],"about":[{"href":"https:\/\/houseofotoko.com\/fr\/wp-json\/wp\/v2\/types\/page"}],"author":[{"embeddable":true,"href":"https:\/\/houseofotoko.com\/fr\/wp-json\/wp\/v2\/users\/1"}],"replies":[{"embeddable":true,"href":"https:\/\/houseofotoko.com\/fr\/wp-json\/wp\/v2\/comments?post=100"}],"version-history":[{"count":8,"href":"https:\/\/houseofotoko.com\/fr\/wp-json\/wp\/v2\/pages\/100\/revisions"}],"predecessor-version":[{"id":1081,"href":"https:\/\/houseofotoko.com\/fr\/wp-json\/wp\/v2\/pages\/100\/revisions\/1081"}],"wp:attachment":[{"href":"https:\/\/houseofotoko.com\/fr\/wp-json\/wp\/v2\/media?parent=100"}],"curies":[{"name":"wp","href":"https:\/\/api.w.org\/{rel}","templated":true}]}}