{"id":965,"date":"2025-05-14T10:35:28","date_gmt":"2025-05-14T10:35:28","guid":{"rendered":"https:\/\/houseofotoko.com\/?post_type=product&#038;p=965"},"modified":"2025-10-15T16:48:56","modified_gmt":"2025-10-15T16:48:56","slug":"puebco-copper-cup-straight","status":"publish","type":"product","link":"https:\/\/houseofotoko.com\/de\/produkt\/puebco-copper-cup-straight\/","title":{"rendered":"Puebco Kupferbecher gerade"},"content":{"rendered":"<h2 data-start=\"169\" data-end=\"519\">Puebco Kupferbecher gerade<\/h2>\n<p data-start=\"169\" data-end=\"519\"><br data-start=\"207\" data-end=\"210\" \/>Ein robuster Trinkbecher, neu definiert f\u00fcr das t\u00e4gliche Ritual. Die <strong>Puebco Kupferbecher gerade<\/strong>\u00a0ist aus massivem Kupfer gefertigt, das mit der Zeit an Charakter und Patina gewinnt. Er ist stapelbar und dennoch massiv und verbindet funktionalen Zweck mit haptischer Pr\u00e4senz. Ideal f\u00fcr alle, die Objekte bevorzugen, die sich weiterentwickeln, anstatt statisch zu bleiben.<\/p>\n<p data-start=\"521\" data-end=\"654\">Die klare, zylindrische Form ist an traditionelle Metallwaren angelehnt, doch die Absicht ist modern: ein Werkzeug, das man benutzt, f\u00fchlt und auf dem man Spuren hinterl\u00e4sst.<\/p>\n<hr data-start=\"656\" data-end=\"659\" \/>\n<p data-start=\"661\" data-end=\"681\"><strong data-start=\"661\" data-end=\"679\">Spezifikationen<\/strong><\/p>\n<ul>\n<li data-start=\"684\" data-end=\"740\"><em><strong>Material: Kupfer<\/strong><\/em><\/li>\n<li data-start=\"743\" data-end=\"829\"><em><strong>Abmessungen: \u00d8 8 x 11 cm\u00a0<\/strong><\/em><\/li>\n<li data-start=\"871\" data-end=\"967\"><em><strong>Oberfl\u00e4che: Unbehandeltes Kupfer, das mit der Zeit eine Patina entwickelt\u00a0<\/strong><\/em><\/li>\n<li data-start=\"871\" data-end=\"967\"><em><strong>Kompatibilit\u00e4t: Mikrowelle: \u2717 \/ Geschirrsp\u00fcler: \u2717 \/ Backofen: \u2717<\/strong><\/em><\/li>\n<li data-start=\"1055\" data-end=\"1138\"><em><strong>Verwendung: Geeignet f\u00fcr kalte Fl\u00fcssigkeiten; Vorsicht bei s\u00e4urehaltigen Getr\u00e4nken, die Kupfer angreifen k\u00f6nnen<\/strong><\/em><\/li>\n<li data-start=\"1141\" data-end=\"1189\"><em><strong>Pflege: Handw\u00e4sche empfohlen, um die Patina zu erhalten<\/strong><\/em><\/li>\n<\/ul>\n<p>&nbsp;<\/p>\n<hr data-start=\"1191\" data-end=\"1194\" \/>\n<p data-start=\"1196\" data-end=\"1384\">Aufgrund der Beschaffenheit des Materials kann sich bl\u00e4ulich-gr\u00fcner Rost (Gr\u00fcnspan) bilden, wenn das Kupfer oxidiert. Auch die Oberfl\u00e4che ver\u00e4ndert mit dem Alter und der Nutzung ihre Farbe und Struktur.<\/p>\n<hr \/>\n<p data-start=\"1196\" data-end=\"1384\">","protected":false},"excerpt":{"rendered":"<p>Der Puebco Copper Cup Straight ist ein stapelbarer Becher aus massivem Kupfer, der mit der Zeit Patina ansetzt. Funktional, taktil und f\u00fcr das Alter gebaut.<\/p>","protected":false},"featured_media":1312,"comment_status":"open","ping_status":"closed","template":"","meta":{"neve_meta_sidebar":"","neve_meta_container":"","neve_meta_enable_content_width":"off","neve_meta_content_width":100,"neve_meta_title_alignment":"","neve_meta_author_avatar":"","neve_post_elements_order":"","neve_meta_disable_header":"","neve_meta_disable_footer":"","neve_meta_disable_title":"","neve_meta_reading_time":"","_themeisle_gutenberg_block_has_review":false,"neve_tabs_data":"","neve_override_tab_layout":""},"product_brand":[118],"product_cat":[16,50,52,42,22,25],"product_tag":[157,113,83],"class_list":{"0":"post-965","1":"product","2":"type-product","3":"status-publish","4":"has-post-thumbnail","6":"product_brand-puebco","7":"product_cat-all","8":"product_cat-camping","9":"product_cat-glassware_bar","10":"product_cat-kitchen_dining","11":"product_cat-living","12":"product_cat-outdoor","13":"product_tag-copper","14":"product_tag-cup","15":"product_tag-puebco","16":"product_shipping_class-standard-package","18":"first","19":"instock","20":"taxable","21":"shipping-taxable","22":"purchasable","23":"product-type-simple"},"yoast_head":"<!-- This site is optimized with the Yoast SEO plugin v27.4 - https:\/\/yoast.com\/product\/yoast-seo-wordpress\/ -->\n<title>Puebco Copper Cup Straight - House of Otoko<\/title>\n<meta name=\"description\" content=\"The Puebco Copper Cup Straight is a stackable solid copper cup designed to patina with time. Functional, tactile, and built to age.\" \/>\n<meta name=\"robots\" content=\"index, follow, max-snippet:-1, max-image-preview:large, max-video-preview:-1\" \/>\n<link rel=\"canonical\" href=\"https:\/\/houseofotoko.com\/de\/produkt\/puebco-copper-cup-straight\/\" \/>\n<meta property=\"og:locale\" content=\"de_DE\" \/>\n<meta property=\"og:type\" content=\"article\" \/>\n<meta property=\"og:title\" content=\"Puebco Copper Cup Straight - House of Otoko\" \/>\n<meta property=\"og:description\" content=\"The Puebco Copper Cup Straight is a stackable solid copper cup designed to patina with time. Functional, tactile, and built to age.\" \/>\n<meta property=\"og:url\" content=\"https:\/\/houseofotoko.com\/de\/produkt\/puebco-copper-cup-straight\/\" \/>\n<meta property=\"og:site_name\" content=\"House of Otoko\" \/>\n<meta property=\"article:modified_time\" content=\"2025-10-15T16:48:56+00:00\" \/>\n<meta property=\"og:image\" content=\"https:\/\/houseofotoko.com\/wp-content\/uploads\/2025\/05\/Puebco-Copper-Cup-103259-2.webp\" \/>\n\t<meta property=\"og:image:width\" content=\"600\" \/>\n\t<meta property=\"og:image:height\" content=\"600\" \/>\n\t<meta property=\"og:image:type\" content=\"image\/webp\" \/>\n<meta name=\"twitter:card\" content=\"summary_large_image\" \/>\n<meta name=\"twitter:label1\" content=\"Gesch\u00e4tzte Lesezeit\" \/>\n\t<meta name=\"twitter:data1\" content=\"1\u00a0Minute\" \/>\n<script type=\"application\/ld+json\" class=\"yoast-schema-graph\">{\"@context\":\"https:\\\/\\\/schema.org\",\"@graph\":[{\"@type\":\"WebPage\",\"@id\":\"https:\\\/\\\/houseofotoko.com\\\/product\\\/puebco-copper-cup-straight\\\/\",\"url\":\"https:\\\/\\\/houseofotoko.com\\\/product\\\/puebco-copper-cup-straight\\\/\",\"name\":\"Puebco Copper Cup Straight - House of Otoko\",\"isPartOf\":{\"@id\":\"https:\\\/\\\/houseofotoko.com\\\/#website\"},\"primaryImageOfPage\":{\"@id\":\"https:\\\/\\\/houseofotoko.com\\\/product\\\/puebco-copper-cup-straight\\\/#primaryimage\"},\"image\":{\"@id\":\"https:\\\/\\\/houseofotoko.com\\\/product\\\/puebco-copper-cup-straight\\\/#primaryimage\"},\"thumbnailUrl\":\"https:\\\/\\\/houseofotoko.com\\\/wp-content\\\/uploads\\\/2025\\\/05\\\/Puebco-Copper-Cup-103259-2.webp\",\"datePublished\":\"2025-05-14T10:35:28+00:00\",\"dateModified\":\"2025-10-15T16:48:56+00:00\",\"description\":\"The Puebco Copper Cup Straight is a stackable solid copper cup designed to patina with time. Functional, tactile, and built to age.\",\"breadcrumb\":{\"@id\":\"https:\\\/\\\/houseofotoko.com\\\/product\\\/puebco-copper-cup-straight\\\/#breadcrumb\"},\"inLanguage\":\"de\",\"potentialAction\":[{\"@type\":\"ReadAction\",\"target\":[\"https:\\\/\\\/houseofotoko.com\\\/product\\\/puebco-copper-cup-straight\\\/\"]}]},{\"@type\":\"ImageObject\",\"inLanguage\":\"de\",\"@id\":\"https:\\\/\\\/houseofotoko.com\\\/product\\\/puebco-copper-cup-straight\\\/#primaryimage\",\"url\":\"https:\\\/\\\/houseofotoko.com\\\/wp-content\\\/uploads\\\/2025\\\/05\\\/Puebco-Copper-Cup-103259-2.webp\",\"contentUrl\":\"https:\\\/\\\/houseofotoko.com\\\/wp-content\\\/uploads\\\/2025\\\/05\\\/Puebco-Copper-Cup-103259-2.webp\",\"width\":600,\"height\":600,\"caption\":\"Puebco Copper Cup 103259\"},{\"@type\":\"BreadcrumbList\",\"@id\":\"https:\\\/\\\/houseofotoko.com\\\/product\\\/puebco-copper-cup-straight\\\/#breadcrumb\",\"itemListElement\":[{\"@type\":\"ListItem\",\"position\":1,\"name\":\"Home\",\"item\":\"https:\\\/\\\/houseofotoko.com\\\/\"},{\"@type\":\"ListItem\",\"position\":2,\"name\":\"Shop\",\"item\":\"https:\\\/\\\/houseofotoko.com\\\/shop\\\/\"},{\"@type\":\"ListItem\",\"position\":3,\"name\":\"Puebco Copper Cup Straight\"}]},{\"@type\":\"WebSite\",\"@id\":\"https:\\\/\\\/houseofotoko.com\\\/#website\",\"url\":\"https:\\\/\\\/houseofotoko.com\\\/\",\"name\":\"House of Otoko\",\"description\":\"\",\"publisher\":{\"@id\":\"https:\\\/\\\/houseofotoko.com\\\/#organization\"},\"potentialAction\":[{\"@type\":\"SearchAction\",\"target\":{\"@type\":\"EntryPoint\",\"urlTemplate\":\"https:\\\/\\\/houseofotoko.com\\\/?s={search_term_string}\"},\"query-input\":{\"@type\":\"PropertyValueSpecification\",\"valueRequired\":true,\"valueName\":\"search_term_string\"}}],\"inLanguage\":\"de\"},{\"@type\":\"Organization\",\"@id\":\"https:\\\/\\\/houseofotoko.com\\\/#organization\",\"name\":\"House of Otoko\",\"url\":\"https:\\\/\\\/houseofotoko.com\\\/\",\"logo\":{\"@type\":\"ImageObject\",\"inLanguage\":\"de\",\"@id\":\"https:\\\/\\\/houseofotoko.com\\\/#\\\/schema\\\/logo\\\/image\\\/\",\"url\":\"https:\\\/\\\/mlfln9ez57ke.i.optimole.com\\\/w:1123\\\/h:1038\\\/q:mauto\\\/f:best\\\/ig:avif\\\/https:\\\/\\\/houseofotoko.com\\\/wp-content\\\/uploads\\\/2025\\\/01\\\/LOGO-PNG-1.png\",\"contentUrl\":\"https:\\\/\\\/mlfln9ez57ke.i.optimole.com\\\/w:1123\\\/h:1038\\\/q:mauto\\\/f:best\\\/ig:avif\\\/https:\\\/\\\/houseofotoko.com\\\/wp-content\\\/uploads\\\/2025\\\/01\\\/LOGO-PNG-1.png\",\"width\":1123,\"height\":1038,\"caption\":\"House of Otoko\"},\"image\":{\"@id\":\"https:\\\/\\\/houseofotoko.com\\\/#\\\/schema\\\/logo\\\/image\\\/\"},\"sameAs\":[\"https:\\\/\\\/www.instagram.com\\\/houseofotoko\\\/\"]}]}<\/script>\n<!-- \/ Yoast SEO plugin. -->","yoast_head_json":{"title":"Puebco Copper Cup Straight - House of Otoko","description":"Der Puebco Copper Cup Straight ist ein stapelbarer Becher aus massivem Kupfer, der mit der Zeit Patina ansetzt. Funktional, taktil und f\u00fcr das Alter gebaut.","robots":{"index":"index","follow":"follow","max-snippet":"max-snippet:-1","max-image-preview":"max-image-preview:large","max-video-preview":"max-video-preview:-1"},"canonical":"https:\/\/houseofotoko.com\/de\/produkt\/puebco-copper-cup-straight\/","og_locale":"de_DE","og_type":"article","og_title":"Puebco Copper Cup Straight - House of Otoko","og_description":"The Puebco Copper Cup Straight is a stackable solid copper cup designed to patina with time. Functional, tactile, and built to age.","og_url":"https:\/\/houseofotoko.com\/de\/produkt\/puebco-copper-cup-straight\/","og_site_name":"House of Otoko","article_modified_time":"2025-10-15T16:48:56+00:00","og_image":[{"width":600,"height":600,"url":"https:\/\/houseofotoko.com\/wp-content\/uploads\/2025\/05\/Puebco-Copper-Cup-103259-2.webp","type":"image\/webp"}],"twitter_card":"summary_large_image","twitter_misc":{"Gesch\u00e4tzte Lesezeit":"1\u00a0Minute"},"schema":{"@context":"https:\/\/schema.org","@graph":[{"@type":"WebPage","@id":"https:\/\/houseofotoko.com\/product\/puebco-copper-cup-straight\/","url":"https:\/\/houseofotoko.com\/product\/puebco-copper-cup-straight\/","name":"Puebco Copper Cup Straight - House of Otoko","isPartOf":{"@id":"https:\/\/houseofotoko.com\/#website"},"primaryImageOfPage":{"@id":"https:\/\/houseofotoko.com\/product\/puebco-copper-cup-straight\/#primaryimage"},"image":{"@id":"https:\/\/houseofotoko.com\/product\/puebco-copper-cup-straight\/#primaryimage"},"thumbnailUrl":"https:\/\/houseofotoko.com\/wp-content\/uploads\/2025\/05\/Puebco-Copper-Cup-103259-2.webp","datePublished":"2025-05-14T10:35:28+00:00","dateModified":"2025-10-15T16:48:56+00:00","description":"Der Puebco Copper Cup Straight ist ein stapelbarer Becher aus massivem Kupfer, der mit der Zeit Patina ansetzt. Funktional, taktil und f\u00fcr das Alter gebaut.","breadcrumb":{"@id":"https:\/\/houseofotoko.com\/product\/puebco-copper-cup-straight\/#breadcrumb"},"inLanguage":"de","potentialAction":[{"@type":"ReadAction","target":["https:\/\/houseofotoko.com\/product\/puebco-copper-cup-straight\/"]}]},{"@type":"ImageObject","inLanguage":"de","@id":"https:\/\/houseofotoko.com\/product\/puebco-copper-cup-straight\/#primaryimage","url":"https:\/\/houseofotoko.com\/wp-content\/uploads\/2025\/05\/Puebco-Copper-Cup-103259-2.webp","contentUrl":"https:\/\/houseofotoko.com\/wp-content\/uploads\/2025\/05\/Puebco-Copper-Cup-103259-2.webp","width":600,"height":600,"caption":"Puebco Copper Cup 103259"},{"@type":"BreadcrumbList","@id":"https:\/\/houseofotoko.com\/product\/puebco-copper-cup-straight\/#breadcrumb","itemListElement":[{"@type":"ListItem","position":1,"name":"Home","item":"https:\/\/houseofotoko.com\/"},{"@type":"ListItem","position":2,"name":"Shop","item":"https:\/\/houseofotoko.com\/shop\/"},{"@type":"ListItem","position":3,"name":"Puebco Copper Cup Straight"}]},{"@type":"WebSite","@id":"https:\/\/houseofotoko.com\/#website","url":"https:\/\/houseofotoko.com\/","name":"House of Otoko","description":"","publisher":{"@id":"https:\/\/houseofotoko.com\/#organization"},"potentialAction":[{"@type":"SearchAction","target":{"@type":"EntryPoint","urlTemplate":"https:\/\/houseofotoko.com\/?s={search_term_string}"},"query-input":{"@type":"PropertyValueSpecification","valueRequired":true,"valueName":"search_term_string"}}],"inLanguage":"de"},{"@type":"Organization","@id":"https:\/\/houseofotoko.com\/#organization","name":"House of Otoko","url":"https:\/\/houseofotoko.com\/","logo":{"@type":"ImageObject","inLanguage":"de","@id":"https:\/\/houseofotoko.com\/#\/schema\/logo\/image\/","url":"https:\/\/mlfln9ez57ke.i.optimole.com\/w:1123\/h:1038\/q:mauto\/f:best\/ig:avif\/https:\/\/houseofotoko.com\/wp-content\/uploads\/2025\/01\/LOGO-PNG-1.png","contentUrl":"https:\/\/mlfln9ez57ke.i.optimole.com\/w:1123\/h:1038\/q:mauto\/f:best\/ig:avif\/https:\/\/houseofotoko.com\/wp-content\/uploads\/2025\/01\/LOGO-PNG-1.png","width":1123,"height":1038,"caption":"House of Otoko"},"image":{"@id":"https:\/\/houseofotoko.com\/#\/schema\/logo\/image\/"},"sameAs":["https:\/\/www.instagram.com\/houseofotoko\/"]}]}},"_links":{"self":[{"href":"https:\/\/houseofotoko.com\/de\/wp-json\/wp\/v2\/product\/965","targetHints":{"allow":["GET"]}}],"collection":[{"href":"https:\/\/houseofotoko.com\/de\/wp-json\/wp\/v2\/product"}],"about":[{"href":"https:\/\/houseofotoko.com\/de\/wp-json\/wp\/v2\/types\/product"}],"replies":[{"embeddable":true,"href":"https:\/\/houseofotoko.com\/de\/wp-json\/wp\/v2\/comments?post=965"}],"wp:featuredmedia":[{"embeddable":true,"href":"https:\/\/houseofotoko.com\/de\/wp-json\/wp\/v2\/media\/1312"}],"wp:attachment":[{"href":"https:\/\/houseofotoko.com\/de\/wp-json\/wp\/v2\/media?parent=965"}],"wp:term":[{"taxonomy":"product_brand","embeddable":true,"href":"https:\/\/houseofotoko.com\/de\/wp-json\/wp\/v2\/product_brand?post=965"},{"taxonomy":"product_cat","embeddable":true,"href":"https:\/\/houseofotoko.com\/de\/wp-json\/wp\/v2\/product_cat?post=965"},{"taxonomy":"product_tag","embeddable":true,"href":"https:\/\/houseofotoko.com\/de\/wp-json\/wp\/v2\/product_tag?post=965"}],"curies":[{"name":"wp","href":"https:\/\/api.w.org\/{rel}","templated":true}]}}