{"id":776,"date":"2025-03-24T16:31:52","date_gmt":"2025-03-24T16:31:52","guid":{"rendered":"https:\/\/houseofotoko.com\/?post_type=product&#038;p=776"},"modified":"2025-09-23T09:37:24","modified_gmt":"2025-09-23T09:37:24","slug":"bbq-oven-gloves","status":"publish","type":"product","link":"https:\/\/houseofotoko.com\/de\/produkt\/bbq-oven-gloves\/","title":{"rendered":"BBQ-Ofenhandschuhe"},"content":{"rendered":"<p class=\"\" data-start=\"82\" data-end=\"353\">BBQ Oven Gloves entfesselt Ihren inneren Grillmeister. Inspiriert von industriellen Schwei\u00dferhandschuhen, bieten diese robusten Handschuhe maximale Hitzebest\u00e4ndigkeit, Haltbarkeit und Stil - ein Muss f\u00fcr Grillfans, K\u00f6che und Outdoor-Abenteurer. Sie sind aus hochwertigem B\u00fcffelleder und Wildleder gefertigt, was einen hervorragenden Schutz und eine lange Nutzungsdauer gew\u00e4hrleistet.<\/p>\n<h3 class=\"\" data-start=\"976\" data-end=\"1001\"><strong data-start=\"980\" data-end=\"999\">Spezifikationen:<\/strong><\/h3>\n<ul>\n<li data-start=\"1004\" data-end=\"1058\"><strong><em>Material: B\u00fcffelleder, Wildleder, Flanellfutter<\/em><\/strong><\/li>\n<li data-start=\"1061\" data-end=\"1106\"><strong><em>Farbe: Dunkelbraun<\/em><\/strong><\/li>\n<li data-start=\"1109\" data-end=\"1155\"><strong><em>Gr\u00f6\u00dfe: Eine Gr\u00f6\u00dfe passt am besten\u00a0<\/em><\/strong><\/li>\n<li data-start=\"1158\" data-end=\"1235\"><strong><em>L\u00e4nge: Ca. 35 cm \/ 13,8 Zoll<\/em><\/strong><\/li>\n<li data-start=\"1238\" data-end=\"1288\"><strong><em>Dicke: Heavy-Duty f\u00fcr optimale Isolierung<\/em><\/strong><\/li>\n<li data-start=\"1291\" data-end=\"1336\"><strong><em>Gewicht: Ca. 500 Gramm<\/em><\/strong><\/li>\n<li data-start=\"1339\" data-end=\"1390\"><strong><em>Verwendung: Hitzebest\u00e4ndig bis zu 500\u00b0C \/932\u00b0F<\/em><\/strong><\/li>\n<li data-start=\"1403\" data-end=\"1442\"><strong><em>Marke: <a href=\"https:\/\/houseofotoko.com\/product-categorie\/shop\/brands\/brut-homeware\/\">Br\u00fbt<\/a><\/em><\/strong><\/li>\n<\/ul>\n<p data-start=\"1444\" data-end=\"1647\">","protected":false},"excerpt":{"rendered":"<p>Die BBQ Oven Gloves mit ihrem industriellen, robusten Design, das Funktionalit\u00e4t mit maskuliner \u00c4sthetik verbindet, sind perfekt f\u00fcr das Grillen, Backen, Kochen im Ofen, die Pflege von Feuerstellen und den Umgang mit dem Lagerfeuer.<\/p>","protected":false},"featured_media":794,"comment_status":"open","ping_status":"closed","template":"","meta":{"neve_meta_sidebar":"","neve_meta_container":"","neve_meta_enable_content_width":"off","neve_meta_content_width":100,"neve_meta_title_alignment":"","neve_meta_author_avatar":"","neve_post_elements_order":"","neve_meta_disable_header":"","neve_meta_disable_footer":"","neve_meta_disable_title":"","neve_meta_reading_time":"","_themeisle_gutenberg_block_has_review":false,"neve_tabs_data":"","neve_override_tab_layout":""},"product_brand":[126],"product_cat":[16,48,62,42,22,25],"product_tag":[135,129,136,127],"class_list":{"0":"post-776","1":"product","2":"type-product","3":"status-publish","4":"has-post-thumbnail","6":"product_brand-brut-homeware","7":"product_cat-all","8":"product_cat-bbq","9":"product_cat-brut-homeware","10":"product_cat-kitchen_dining","11":"product_cat-living","12":"product_cat-outdoor","13":"product_tag-bbq","14":"product_tag-brut","15":"product_tag-gloves","16":"product_tag-leather","17":"product_shipping_class-standard-package","19":"first","20":"instock","21":"taxable","22":"shipping-taxable","23":"purchasable","24":"product-type-simple"},"yoast_head":"<!-- This site is optimized with the Yoast SEO plugin v27.4 - https:\/\/yoast.com\/product\/yoast-seo-wordpress\/ -->\n<title>BBQ Oven Gloves - House of Otoko<\/title>\n<meta name=\"description\" content=\"BBQ Oven Gloves combines functionality with masculine aesthetics are perfect for BBQ grilling, baking, oven cooking, fireplace maintenance, and campfires.\" \/>\n<meta name=\"robots\" content=\"index, follow, max-snippet:-1, max-image-preview:large, max-video-preview:-1\" \/>\n<link rel=\"canonical\" href=\"https:\/\/houseofotoko.com\/de\/produkt\/bbq-oven-gloves\/\" \/>\n<meta property=\"og:locale\" content=\"de_DE\" \/>\n<meta property=\"og:type\" content=\"article\" \/>\n<meta property=\"og:title\" content=\"BBQ Oven Gloves - House of Otoko\" \/>\n<meta property=\"og:description\" content=\"BBQ Oven Gloves combines functionality with masculine aesthetics are perfect for BBQ grilling, baking, oven cooking, fireplace maintenance, and campfires.\" \/>\n<meta property=\"og:url\" content=\"https:\/\/houseofotoko.com\/de\/produkt\/bbq-oven-gloves\/\" \/>\n<meta property=\"og:site_name\" content=\"House of Otoko\" \/>\n<meta property=\"article:modified_time\" content=\"2025-09-23T09:37:24+00:00\" \/>\n<meta property=\"og:image\" content=\"https:\/\/houseofotoko.com\/wp-content\/uploads\/2025\/03\/Brut-Homeware-BBQ-oven-gloves-House-of-Otoko.webp\" \/>\n\t<meta property=\"og:image:width\" content=\"600\" \/>\n\t<meta property=\"og:image:height\" content=\"600\" \/>\n\t<meta property=\"og:image:type\" content=\"image\/webp\" \/>\n<meta name=\"twitter:card\" content=\"summary_large_image\" \/>\n<meta name=\"twitter:label1\" content=\"Gesch\u00e4tzte Lesezeit\" \/>\n\t<meta name=\"twitter:data1\" content=\"1\u00a0Minute\" \/>\n<script type=\"application\/ld+json\" class=\"yoast-schema-graph\">{\"@context\":\"https:\\\/\\\/schema.org\",\"@graph\":[{\"@type\":\"WebPage\",\"@id\":\"https:\\\/\\\/houseofotoko.com\\\/product\\\/bbq-oven-gloves\\\/\",\"url\":\"https:\\\/\\\/houseofotoko.com\\\/product\\\/bbq-oven-gloves\\\/\",\"name\":\"BBQ Oven Gloves - House of Otoko\",\"isPartOf\":{\"@id\":\"https:\\\/\\\/houseofotoko.com\\\/#website\"},\"primaryImageOfPage\":{\"@id\":\"https:\\\/\\\/houseofotoko.com\\\/product\\\/bbq-oven-gloves\\\/#primaryimage\"},\"image\":{\"@id\":\"https:\\\/\\\/houseofotoko.com\\\/product\\\/bbq-oven-gloves\\\/#primaryimage\"},\"thumbnailUrl\":\"https:\\\/\\\/houseofotoko.com\\\/wp-content\\\/uploads\\\/2025\\\/03\\\/Brut-Homeware-BBQ-oven-gloves-House-of-Otoko.webp\",\"datePublished\":\"2025-03-24T16:31:52+00:00\",\"dateModified\":\"2025-09-23T09:37:24+00:00\",\"description\":\"BBQ Oven Gloves combines functionality with masculine aesthetics are perfect for BBQ grilling, baking, oven cooking, fireplace maintenance, and campfires.\",\"breadcrumb\":{\"@id\":\"https:\\\/\\\/houseofotoko.com\\\/product\\\/bbq-oven-gloves\\\/#breadcrumb\"},\"inLanguage\":\"de\",\"potentialAction\":[{\"@type\":\"ReadAction\",\"target\":[\"https:\\\/\\\/houseofotoko.com\\\/product\\\/bbq-oven-gloves\\\/\"]}]},{\"@type\":\"ImageObject\",\"inLanguage\":\"de\",\"@id\":\"https:\\\/\\\/houseofotoko.com\\\/product\\\/bbq-oven-gloves\\\/#primaryimage\",\"url\":\"https:\\\/\\\/houseofotoko.com\\\/wp-content\\\/uploads\\\/2025\\\/03\\\/Brut-Homeware-BBQ-oven-gloves-House-of-Otoko.webp\",\"contentUrl\":\"https:\\\/\\\/houseofotoko.com\\\/wp-content\\\/uploads\\\/2025\\\/03\\\/Brut-Homeware-BBQ-oven-gloves-House-of-Otoko.webp\",\"width\":600,\"height\":600,\"caption\":\"Br\u00fbt Homeware BBQ oven gloves; House of Otoko\"},{\"@type\":\"BreadcrumbList\",\"@id\":\"https:\\\/\\\/houseofotoko.com\\\/product\\\/bbq-oven-gloves\\\/#breadcrumb\",\"itemListElement\":[{\"@type\":\"ListItem\",\"position\":1,\"name\":\"Home\",\"item\":\"https:\\\/\\\/houseofotoko.com\\\/\"},{\"@type\":\"ListItem\",\"position\":2,\"name\":\"Shop\",\"item\":\"https:\\\/\\\/houseofotoko.com\\\/shop\\\/\"},{\"@type\":\"ListItem\",\"position\":3,\"name\":\"BBQ Oven Gloves\"}]},{\"@type\":\"WebSite\",\"@id\":\"https:\\\/\\\/houseofotoko.com\\\/#website\",\"url\":\"https:\\\/\\\/houseofotoko.com\\\/\",\"name\":\"House of Otoko\",\"description\":\"\",\"publisher\":{\"@id\":\"https:\\\/\\\/houseofotoko.com\\\/#organization\"},\"potentialAction\":[{\"@type\":\"SearchAction\",\"target\":{\"@type\":\"EntryPoint\",\"urlTemplate\":\"https:\\\/\\\/houseofotoko.com\\\/?s={search_term_string}\"},\"query-input\":{\"@type\":\"PropertyValueSpecification\",\"valueRequired\":true,\"valueName\":\"search_term_string\"}}],\"inLanguage\":\"de\"},{\"@type\":\"Organization\",\"@id\":\"https:\\\/\\\/houseofotoko.com\\\/#organization\",\"name\":\"House of Otoko\",\"url\":\"https:\\\/\\\/houseofotoko.com\\\/\",\"logo\":{\"@type\":\"ImageObject\",\"inLanguage\":\"de\",\"@id\":\"https:\\\/\\\/houseofotoko.com\\\/#\\\/schema\\\/logo\\\/image\\\/\",\"url\":\"https:\\\/\\\/mlfln9ez57ke.i.optimole.com\\\/w:1123\\\/h:1038\\\/q:mauto\\\/f:best\\\/ig:avif\\\/https:\\\/\\\/houseofotoko.com\\\/wp-content\\\/uploads\\\/2025\\\/01\\\/LOGO-PNG-1.png\",\"contentUrl\":\"https:\\\/\\\/mlfln9ez57ke.i.optimole.com\\\/w:1123\\\/h:1038\\\/q:mauto\\\/f:best\\\/ig:avif\\\/https:\\\/\\\/houseofotoko.com\\\/wp-content\\\/uploads\\\/2025\\\/01\\\/LOGO-PNG-1.png\",\"width\":1123,\"height\":1038,\"caption\":\"House of Otoko\"},\"image\":{\"@id\":\"https:\\\/\\\/houseofotoko.com\\\/#\\\/schema\\\/logo\\\/image\\\/\"},\"sameAs\":[\"https:\\\/\\\/www.instagram.com\\\/houseofotoko\\\/\"]}]}<\/script>\n<!-- \/ Yoast SEO plugin. -->","yoast_head_json":{"title":"BBQ Oven Gloves - House of Otoko","description":"BBQ Oven Gloves combines functionality with masculine aesthetics are perfect for BBQ grilling, baking, oven cooking, fireplace maintenance, and campfires.","robots":{"index":"index","follow":"follow","max-snippet":"max-snippet:-1","max-image-preview":"max-image-preview:large","max-video-preview":"max-video-preview:-1"},"canonical":"https:\/\/houseofotoko.com\/de\/produkt\/bbq-oven-gloves\/","og_locale":"de_DE","og_type":"article","og_title":"BBQ Oven Gloves - House of Otoko","og_description":"BBQ Oven Gloves combines functionality with masculine aesthetics are perfect for BBQ grilling, baking, oven cooking, fireplace maintenance, and campfires.","og_url":"https:\/\/houseofotoko.com\/de\/produkt\/bbq-oven-gloves\/","og_site_name":"House of Otoko","article_modified_time":"2025-09-23T09:37:24+00:00","og_image":[{"width":600,"height":600,"url":"https:\/\/houseofotoko.com\/wp-content\/uploads\/2025\/03\/Brut-Homeware-BBQ-oven-gloves-House-of-Otoko.webp","type":"image\/webp"}],"twitter_card":"summary_large_image","twitter_misc":{"Gesch\u00e4tzte Lesezeit":"1\u00a0Minute"},"schema":{"@context":"https:\/\/schema.org","@graph":[{"@type":"WebPage","@id":"https:\/\/houseofotoko.com\/product\/bbq-oven-gloves\/","url":"https:\/\/houseofotoko.com\/product\/bbq-oven-gloves\/","name":"BBQ Oven Gloves - House of Otoko","isPartOf":{"@id":"https:\/\/houseofotoko.com\/#website"},"primaryImageOfPage":{"@id":"https:\/\/houseofotoko.com\/product\/bbq-oven-gloves\/#primaryimage"},"image":{"@id":"https:\/\/houseofotoko.com\/product\/bbq-oven-gloves\/#primaryimage"},"thumbnailUrl":"https:\/\/houseofotoko.com\/wp-content\/uploads\/2025\/03\/Brut-Homeware-BBQ-oven-gloves-House-of-Otoko.webp","datePublished":"2025-03-24T16:31:52+00:00","dateModified":"2025-09-23T09:37:24+00:00","description":"BBQ Oven Gloves combines functionality with masculine aesthetics are perfect for BBQ grilling, baking, oven cooking, fireplace maintenance, and campfires.","breadcrumb":{"@id":"https:\/\/houseofotoko.com\/product\/bbq-oven-gloves\/#breadcrumb"},"inLanguage":"de","potentialAction":[{"@type":"ReadAction","target":["https:\/\/houseofotoko.com\/product\/bbq-oven-gloves\/"]}]},{"@type":"ImageObject","inLanguage":"de","@id":"https:\/\/houseofotoko.com\/product\/bbq-oven-gloves\/#primaryimage","url":"https:\/\/houseofotoko.com\/wp-content\/uploads\/2025\/03\/Brut-Homeware-BBQ-oven-gloves-House-of-Otoko.webp","contentUrl":"https:\/\/houseofotoko.com\/wp-content\/uploads\/2025\/03\/Brut-Homeware-BBQ-oven-gloves-House-of-Otoko.webp","width":600,"height":600,"caption":"Br\u00fbt Homeware BBQ oven gloves; House of Otoko"},{"@type":"BreadcrumbList","@id":"https:\/\/houseofotoko.com\/product\/bbq-oven-gloves\/#breadcrumb","itemListElement":[{"@type":"ListItem","position":1,"name":"Home","item":"https:\/\/houseofotoko.com\/"},{"@type":"ListItem","position":2,"name":"Shop","item":"https:\/\/houseofotoko.com\/shop\/"},{"@type":"ListItem","position":3,"name":"BBQ Oven Gloves"}]},{"@type":"WebSite","@id":"https:\/\/houseofotoko.com\/#website","url":"https:\/\/houseofotoko.com\/","name":"House of Otoko","description":"","publisher":{"@id":"https:\/\/houseofotoko.com\/#organization"},"potentialAction":[{"@type":"SearchAction","target":{"@type":"EntryPoint","urlTemplate":"https:\/\/houseofotoko.com\/?s={search_term_string}"},"query-input":{"@type":"PropertyValueSpecification","valueRequired":true,"valueName":"search_term_string"}}],"inLanguage":"de"},{"@type":"Organization","@id":"https:\/\/houseofotoko.com\/#organization","name":"House of Otoko","url":"https:\/\/houseofotoko.com\/","logo":{"@type":"ImageObject","inLanguage":"de","@id":"https:\/\/houseofotoko.com\/#\/schema\/logo\/image\/","url":"https:\/\/mlfln9ez57ke.i.optimole.com\/w:1123\/h:1038\/q:mauto\/f:best\/ig:avif\/https:\/\/houseofotoko.com\/wp-content\/uploads\/2025\/01\/LOGO-PNG-1.png","contentUrl":"https:\/\/mlfln9ez57ke.i.optimole.com\/w:1123\/h:1038\/q:mauto\/f:best\/ig:avif\/https:\/\/houseofotoko.com\/wp-content\/uploads\/2025\/01\/LOGO-PNG-1.png","width":1123,"height":1038,"caption":"House of Otoko"},"image":{"@id":"https:\/\/houseofotoko.com\/#\/schema\/logo\/image\/"},"sameAs":["https:\/\/www.instagram.com\/houseofotoko\/"]}]}},"_links":{"self":[{"href":"https:\/\/houseofotoko.com\/de\/wp-json\/wp\/v2\/product\/776","targetHints":{"allow":["GET"]}}],"collection":[{"href":"https:\/\/houseofotoko.com\/de\/wp-json\/wp\/v2\/product"}],"about":[{"href":"https:\/\/houseofotoko.com\/de\/wp-json\/wp\/v2\/types\/product"}],"replies":[{"embeddable":true,"href":"https:\/\/houseofotoko.com\/de\/wp-json\/wp\/v2\/comments?post=776"}],"wp:featuredmedia":[{"embeddable":true,"href":"https:\/\/houseofotoko.com\/de\/wp-json\/wp\/v2\/media\/794"}],"wp:attachment":[{"href":"https:\/\/houseofotoko.com\/de\/wp-json\/wp\/v2\/media?parent=776"}],"wp:term":[{"taxonomy":"product_brand","embeddable":true,"href":"https:\/\/houseofotoko.com\/de\/wp-json\/wp\/v2\/product_brand?post=776"},{"taxonomy":"product_cat","embeddable":true,"href":"https:\/\/houseofotoko.com\/de\/wp-json\/wp\/v2\/product_cat?post=776"},{"taxonomy":"product_tag","embeddable":true,"href":"https:\/\/houseofotoko.com\/de\/wp-json\/wp\/v2\/product_tag?post=776"}],"curies":[{"name":"wp","href":"https:\/\/api.w.org\/{rel}","templated":true}]}}