{"id":743,"date":"2025-03-24T13:07:20","date_gmt":"2025-03-24T13:07:20","guid":{"rendered":"https:\/\/houseofotoko.com\/?post_type=product&#038;p=743"},"modified":"2025-10-15T15:30:43","modified_gmt":"2025-10-15T15:30:43","slug":"wooden-cutting-board","status":"publish","type":"product","link":"https:\/\/houseofotoko.com\/de\/produkt\/wooden-cutting-board\/","title":{"rendered":"Schneidebrett aus Holz"},"content":{"rendered":"<p class=\"\" data-start=\"78\" data-end=\"357\">Das Schneidebrett aus Holz ist ein k\u00fchnes und langlebiges K\u00fcchenutensil f\u00fcr alle, die industrielles Design und hochwertige Handwerkskunst sch\u00e4tzen. Die robuste Konstruktion und die raue \u00c4sthetik machen es zu einem perfekten Begleiter f\u00fcr moderne, maskuline R\u00e4ume.<\/p>\n<p data-start=\"570\" data-end=\"587\"><strong data-start=\"570\" data-end=\"587\">Spezifikationen:<\/strong><\/p>\n<ul data-start=\"588\" data-end=\"991\">\n<li data-start=\"588\" data-end=\"684\"><strong><em>Material: Hergestellt aus dichtem, massivem Mangoholz und Griff aus Edelstahl<\/em><\/strong><\/li>\n<li data-start=\"685\" data-end=\"791\"><strong><em>Abmessungen: 20 x 32 x 3 cm<\/em><\/strong><\/li>\n<li data-start=\"792\" data-end=\"868\"><strong><em>Farbe: Holz, Stahlgriff<\/em><\/strong><\/li>\n<li data-start=\"792\" data-end=\"868\"><em><strong>Drei spezialisierte Messer - Spreizer, Mei\u00dfel und Gabelspitzenmesser<\/strong><\/em><\/li>\n<li data-start=\"869\" data-end=\"991\"><strong><em>Umweltfreundliche Handwerkskunst: Handgefertigt aus upgecyceltem Stahl<\/em><\/strong><\/li>\n<li><strong><em>Pflegehinweise: Wird mit Schleifpapier und Pflegeanleitung geliefert<\/em><\/strong><\/li>\n<li><strong><em>Marke: <a href=\"https:\/\/houseofotoko.com\/product-categorie\/shop\/brands\/puebco\/\">Puebco<\/a><\/em><\/strong><\/li>\n<\/ul>\n<p data-start=\"1793\" data-end=\"1903\">\u2714 Es liegt in der Natur des nat\u00fcrlichen Holzes, dass es Risse und Verbrennungen gibt.  Au\u00dferdem gibt es individuelle Unterschiede im Aussehen von Maserung, \u00c4sten, Farbe usw.<\/p>","protected":false},"excerpt":{"rendered":"<p>Verbessern Sie Ihre K\u00fcche mit diesem Schneidebrett aus Mangoholz der Marke Puebco; ein robustes St\u00fcck, das ebenso robust wie stilvoll ist.<\/p>","protected":false},"featured_media":746,"comment_status":"open","ping_status":"closed","template":"","meta":{"neve_meta_sidebar":"","neve_meta_container":"","neve_meta_enable_content_width":"off","neve_meta_content_width":100,"neve_meta_title_alignment":"","neve_meta_author_avatar":"","neve_post_elements_order":"","neve_meta_disable_header":"","neve_meta_disable_footer":"","neve_meta_disable_title":"","neve_meta_reading_time":"","_themeisle_gutenberg_block_has_review":false,"neve_tabs_data":"","neve_override_tab_layout":""},"product_brand":[118],"product_cat":[16,48,42,25,69],"product_tag":[125,83,64,67],"class_list":{"0":"post-743","1":"product","2":"type-product","3":"status-publish","4":"has-post-thumbnail","6":"product_brand-puebco","7":"product_cat-all","8":"product_cat-bbq","9":"product_cat-kitchen_dining","10":"product_cat-outdoor","11":"product_cat-puebco","12":"product_tag-cutting-board","13":"product_tag-puebco","14":"product_tag-steel","15":"product_tag-wood","16":"product_shipping_class-standard-package","18":"first","19":"outofstock","20":"taxable","21":"shipping-taxable","22":"purchasable","23":"product-type-simple"},"yoast_head":"<!-- This site is optimized with the Yoast SEO plugin v27.4 - https:\/\/yoast.com\/product\/yoast-seo-wordpress\/ -->\n<title>Wooden Cutting Board - House of Otoko<\/title>\n<meta name=\"description\" content=\"Upgrade your kitchen with this mango wooden Cutting Board from the brand Puebco; a robust piece that\u2019s as tough as it is stylish.\" \/>\n<meta name=\"robots\" content=\"index, follow, max-snippet:-1, max-image-preview:large, max-video-preview:-1\" \/>\n<link rel=\"canonical\" href=\"https:\/\/houseofotoko.com\/de\/produkt\/wooden-cutting-board\/\" \/>\n<meta property=\"og:locale\" content=\"de_DE\" \/>\n<meta property=\"og:type\" content=\"article\" \/>\n<meta property=\"og:title\" content=\"Wooden Cutting Board - House of Otoko\" \/>\n<meta property=\"og:description\" content=\"Upgrade your kitchen with this mango wooden Cutting Board from the brand Puebco; a robust piece that\u2019s as tough as it is stylish.\" \/>\n<meta property=\"og:url\" content=\"https:\/\/houseofotoko.com\/de\/produkt\/wooden-cutting-board\/\" \/>\n<meta property=\"og:site_name\" content=\"House of Otoko\" \/>\n<meta property=\"article:modified_time\" content=\"2025-10-15T15:30:43+00:00\" \/>\n<meta property=\"og:image\" content=\"https:\/\/houseofotoko.com\/wp-content\/uploads\/2025\/03\/Puebco-Cutting-board-wood-4.webp\" \/>\n\t<meta property=\"og:image:width\" content=\"600\" \/>\n\t<meta property=\"og:image:height\" content=\"600\" \/>\n\t<meta property=\"og:image:type\" content=\"image\/webp\" \/>\n<meta name=\"twitter:card\" content=\"summary_large_image\" \/>\n<meta name=\"twitter:label1\" content=\"Gesch\u00e4tzte Lesezeit\" \/>\n\t<meta name=\"twitter:data1\" content=\"1\u00a0Minute\" \/>\n<script type=\"application\/ld+json\" class=\"yoast-schema-graph\">{\"@context\":\"https:\\\/\\\/schema.org\",\"@graph\":[{\"@type\":\"WebPage\",\"@id\":\"https:\\\/\\\/houseofotoko.com\\\/product\\\/wooden-cutting-board\\\/\",\"url\":\"https:\\\/\\\/houseofotoko.com\\\/product\\\/wooden-cutting-board\\\/\",\"name\":\"Wooden Cutting Board - House of Otoko\",\"isPartOf\":{\"@id\":\"https:\\\/\\\/houseofotoko.com\\\/#website\"},\"primaryImageOfPage\":{\"@id\":\"https:\\\/\\\/houseofotoko.com\\\/product\\\/wooden-cutting-board\\\/#primaryimage\"},\"image\":{\"@id\":\"https:\\\/\\\/houseofotoko.com\\\/product\\\/wooden-cutting-board\\\/#primaryimage\"},\"thumbnailUrl\":\"https:\\\/\\\/houseofotoko.com\\\/wp-content\\\/uploads\\\/2025\\\/03\\\/Puebco-Cutting-board-wood-4.webp\",\"datePublished\":\"2025-03-24T13:07:20+00:00\",\"dateModified\":\"2025-10-15T15:30:43+00:00\",\"description\":\"Upgrade your kitchen with this mango wooden Cutting Board from the brand Puebco; a robust piece that\u2019s as tough as it is stylish.\",\"breadcrumb\":{\"@id\":\"https:\\\/\\\/houseofotoko.com\\\/product\\\/wooden-cutting-board\\\/#breadcrumb\"},\"inLanguage\":\"de\",\"potentialAction\":[{\"@type\":\"ReadAction\",\"target\":[\"https:\\\/\\\/houseofotoko.com\\\/product\\\/wooden-cutting-board\\\/\"]}]},{\"@type\":\"ImageObject\",\"inLanguage\":\"de\",\"@id\":\"https:\\\/\\\/houseofotoko.com\\\/product\\\/wooden-cutting-board\\\/#primaryimage\",\"url\":\"https:\\\/\\\/houseofotoko.com\\\/wp-content\\\/uploads\\\/2025\\\/03\\\/Puebco-Cutting-board-wood-4.webp\",\"contentUrl\":\"https:\\\/\\\/houseofotoko.com\\\/wp-content\\\/uploads\\\/2025\\\/03\\\/Puebco-Cutting-board-wood-4.webp\",\"width\":600,\"height\":600,\"caption\":\"Puebco Cutting board wood; House of Otoko\"},{\"@type\":\"BreadcrumbList\",\"@id\":\"https:\\\/\\\/houseofotoko.com\\\/product\\\/wooden-cutting-board\\\/#breadcrumb\",\"itemListElement\":[{\"@type\":\"ListItem\",\"position\":1,\"name\":\"Home\",\"item\":\"https:\\\/\\\/houseofotoko.com\\\/\"},{\"@type\":\"ListItem\",\"position\":2,\"name\":\"Shop\",\"item\":\"https:\\\/\\\/houseofotoko.com\\\/shop\\\/\"},{\"@type\":\"ListItem\",\"position\":3,\"name\":\"Wooden Cutting Board\"}]},{\"@type\":\"WebSite\",\"@id\":\"https:\\\/\\\/houseofotoko.com\\\/#website\",\"url\":\"https:\\\/\\\/houseofotoko.com\\\/\",\"name\":\"House of Otoko\",\"description\":\"\",\"publisher\":{\"@id\":\"https:\\\/\\\/houseofotoko.com\\\/#organization\"},\"potentialAction\":[{\"@type\":\"SearchAction\",\"target\":{\"@type\":\"EntryPoint\",\"urlTemplate\":\"https:\\\/\\\/houseofotoko.com\\\/?s={search_term_string}\"},\"query-input\":{\"@type\":\"PropertyValueSpecification\",\"valueRequired\":true,\"valueName\":\"search_term_string\"}}],\"inLanguage\":\"de\"},{\"@type\":\"Organization\",\"@id\":\"https:\\\/\\\/houseofotoko.com\\\/#organization\",\"name\":\"House of Otoko\",\"url\":\"https:\\\/\\\/houseofotoko.com\\\/\",\"logo\":{\"@type\":\"ImageObject\",\"inLanguage\":\"de\",\"@id\":\"https:\\\/\\\/houseofotoko.com\\\/#\\\/schema\\\/logo\\\/image\\\/\",\"url\":\"https:\\\/\\\/mlfln9ez57ke.i.optimole.com\\\/w:1123\\\/h:1038\\\/q:mauto\\\/f:best\\\/ig:avif\\\/https:\\\/\\\/houseofotoko.com\\\/wp-content\\\/uploads\\\/2025\\\/01\\\/LOGO-PNG-1.png\",\"contentUrl\":\"https:\\\/\\\/mlfln9ez57ke.i.optimole.com\\\/w:1123\\\/h:1038\\\/q:mauto\\\/f:best\\\/ig:avif\\\/https:\\\/\\\/houseofotoko.com\\\/wp-content\\\/uploads\\\/2025\\\/01\\\/LOGO-PNG-1.png\",\"width\":1123,\"height\":1038,\"caption\":\"House of Otoko\"},\"image\":{\"@id\":\"https:\\\/\\\/houseofotoko.com\\\/#\\\/schema\\\/logo\\\/image\\\/\"},\"sameAs\":[\"https:\\\/\\\/www.instagram.com\\\/houseofotoko\\\/\"]}]}<\/script>\n<!-- \/ Yoast SEO plugin. -->","yoast_head_json":{"title":"Wooden Cutting Board - House of Otoko","description":"Verbessern Sie Ihre K\u00fcche mit diesem Schneidebrett aus Mangoholz der Marke Puebco; ein robustes St\u00fcck, das ebenso robust wie stilvoll ist.","robots":{"index":"index","follow":"follow","max-snippet":"max-snippet:-1","max-image-preview":"max-image-preview:large","max-video-preview":"max-video-preview:-1"},"canonical":"https:\/\/houseofotoko.com\/de\/produkt\/wooden-cutting-board\/","og_locale":"de_DE","og_type":"article","og_title":"Wooden Cutting Board - House of Otoko","og_description":"Upgrade your kitchen with this mango wooden Cutting Board from the brand Puebco; a robust piece that\u2019s as tough as it is stylish.","og_url":"https:\/\/houseofotoko.com\/de\/produkt\/wooden-cutting-board\/","og_site_name":"House of Otoko","article_modified_time":"2025-10-15T15:30:43+00:00","og_image":[{"width":600,"height":600,"url":"https:\/\/houseofotoko.com\/wp-content\/uploads\/2025\/03\/Puebco-Cutting-board-wood-4.webp","type":"image\/webp"}],"twitter_card":"summary_large_image","twitter_misc":{"Gesch\u00e4tzte Lesezeit":"1\u00a0Minute"},"schema":{"@context":"https:\/\/schema.org","@graph":[{"@type":"WebPage","@id":"https:\/\/houseofotoko.com\/product\/wooden-cutting-board\/","url":"https:\/\/houseofotoko.com\/product\/wooden-cutting-board\/","name":"Wooden Cutting Board - House of Otoko","isPartOf":{"@id":"https:\/\/houseofotoko.com\/#website"},"primaryImageOfPage":{"@id":"https:\/\/houseofotoko.com\/product\/wooden-cutting-board\/#primaryimage"},"image":{"@id":"https:\/\/houseofotoko.com\/product\/wooden-cutting-board\/#primaryimage"},"thumbnailUrl":"https:\/\/houseofotoko.com\/wp-content\/uploads\/2025\/03\/Puebco-Cutting-board-wood-4.webp","datePublished":"2025-03-24T13:07:20+00:00","dateModified":"2025-10-15T15:30:43+00:00","description":"Verbessern Sie Ihre K\u00fcche mit diesem Schneidebrett aus Mangoholz der Marke Puebco; ein robustes St\u00fcck, das ebenso robust wie stilvoll ist.","breadcrumb":{"@id":"https:\/\/houseofotoko.com\/product\/wooden-cutting-board\/#breadcrumb"},"inLanguage":"de","potentialAction":[{"@type":"ReadAction","target":["https:\/\/houseofotoko.com\/product\/wooden-cutting-board\/"]}]},{"@type":"ImageObject","inLanguage":"de","@id":"https:\/\/houseofotoko.com\/product\/wooden-cutting-board\/#primaryimage","url":"https:\/\/houseofotoko.com\/wp-content\/uploads\/2025\/03\/Puebco-Cutting-board-wood-4.webp","contentUrl":"https:\/\/houseofotoko.com\/wp-content\/uploads\/2025\/03\/Puebco-Cutting-board-wood-4.webp","width":600,"height":600,"caption":"Puebco Cutting board wood; House of Otoko"},{"@type":"BreadcrumbList","@id":"https:\/\/houseofotoko.com\/product\/wooden-cutting-board\/#breadcrumb","itemListElement":[{"@type":"ListItem","position":1,"name":"Home","item":"https:\/\/houseofotoko.com\/"},{"@type":"ListItem","position":2,"name":"Shop","item":"https:\/\/houseofotoko.com\/shop\/"},{"@type":"ListItem","position":3,"name":"Wooden Cutting Board"}]},{"@type":"WebSite","@id":"https:\/\/houseofotoko.com\/#website","url":"https:\/\/houseofotoko.com\/","name":"House of Otoko","description":"","publisher":{"@id":"https:\/\/houseofotoko.com\/#organization"},"potentialAction":[{"@type":"SearchAction","target":{"@type":"EntryPoint","urlTemplate":"https:\/\/houseofotoko.com\/?s={search_term_string}"},"query-input":{"@type":"PropertyValueSpecification","valueRequired":true,"valueName":"search_term_string"}}],"inLanguage":"de"},{"@type":"Organization","@id":"https:\/\/houseofotoko.com\/#organization","name":"House of Otoko","url":"https:\/\/houseofotoko.com\/","logo":{"@type":"ImageObject","inLanguage":"de","@id":"https:\/\/houseofotoko.com\/#\/schema\/logo\/image\/","url":"https:\/\/mlfln9ez57ke.i.optimole.com\/w:1123\/h:1038\/q:mauto\/f:best\/ig:avif\/https:\/\/houseofotoko.com\/wp-content\/uploads\/2025\/01\/LOGO-PNG-1.png","contentUrl":"https:\/\/mlfln9ez57ke.i.optimole.com\/w:1123\/h:1038\/q:mauto\/f:best\/ig:avif\/https:\/\/houseofotoko.com\/wp-content\/uploads\/2025\/01\/LOGO-PNG-1.png","width":1123,"height":1038,"caption":"House of Otoko"},"image":{"@id":"https:\/\/houseofotoko.com\/#\/schema\/logo\/image\/"},"sameAs":["https:\/\/www.instagram.com\/houseofotoko\/"]}]}},"_links":{"self":[{"href":"https:\/\/houseofotoko.com\/de\/wp-json\/wp\/v2\/product\/743","targetHints":{"allow":["GET"]}}],"collection":[{"href":"https:\/\/houseofotoko.com\/de\/wp-json\/wp\/v2\/product"}],"about":[{"href":"https:\/\/houseofotoko.com\/de\/wp-json\/wp\/v2\/types\/product"}],"replies":[{"embeddable":true,"href":"https:\/\/houseofotoko.com\/de\/wp-json\/wp\/v2\/comments?post=743"}],"wp:featuredmedia":[{"embeddable":true,"href":"https:\/\/houseofotoko.com\/de\/wp-json\/wp\/v2\/media\/746"}],"wp:attachment":[{"href":"https:\/\/houseofotoko.com\/de\/wp-json\/wp\/v2\/media?parent=743"}],"wp:term":[{"taxonomy":"product_brand","embeddable":true,"href":"https:\/\/houseofotoko.com\/de\/wp-json\/wp\/v2\/product_brand?post=743"},{"taxonomy":"product_cat","embeddable":true,"href":"https:\/\/houseofotoko.com\/de\/wp-json\/wp\/v2\/product_cat?post=743"},{"taxonomy":"product_tag","embeddable":true,"href":"https:\/\/houseofotoko.com\/de\/wp-json\/wp\/v2\/product_tag?post=743"}],"curies":[{"name":"wp","href":"https:\/\/api.w.org\/{rel}","templated":true}]}}