{"id":723,"date":"2025-03-20T14:22:33","date_gmt":"2025-03-20T14:22:33","guid":{"rendered":"https:\/\/houseofotoko.com\/?post_type=product&#038;p=723"},"modified":"2025-03-20T14:58:38","modified_gmt":"2025-03-20T14:58:38","slug":"wire-step-stool","status":"publish","type":"product","link":"https:\/\/houseofotoko.com\/de\/produkt\/wire-step-stool\/","title":{"rendered":"Tritthocker aus Draht"},"content":{"rendered":"<p data-start=\"220\" data-end=\"303\">Der Wire Step Stool ist minimalistisch, robust und f\u00fcr den t\u00e4glichen Gebrauch gebaut. Er ist eine Verschmelzung von industrieller \u00c4sthetik und funktionaler Handwerkskunst. Ganz gleich, ob Sie eine robuste zus\u00e4tzliche Stufe oder einen stilvollen Akzent ben\u00f6tigen, dieser Hocker verleiht jedem Raum einen rohen, utilitaristischen Charme.<\/p>\n<p data-start=\"570\" data-end=\"587\"><strong data-start=\"570\" data-end=\"587\">Spezifikationen:<\/strong><\/p>\n<ul data-start=\"588\" data-end=\"991\">\n<li data-start=\"588\" data-end=\"684\"><strong><em>Material: Hochwertiger Edelstahl<\/em><\/strong><\/li>\n<li data-start=\"685\" data-end=\"791\"><strong><em>Abmessungen: Ungef\u00e4hr 18,5 x 45 x 26 cm\u00a0<\/em><\/strong><\/li>\n<li data-start=\"792\" data-end=\"868\"><strong><em>Farbe: Naturbelassener Stahl, der seine rohe, ungeschliffene \u00c4sthetik zur Geltung bringt.<\/em><\/strong><\/li>\n<li data-start=\"869\" data-end=\"991\"><strong><em>Umweltfreundliche Handwerkskunst: Handgefertigt aus upgecyceltem Stahl<\/em><\/strong><\/li>\n<li data-start=\"869\" data-end=\"991\"><strong><em>Gewichtskapazit\u00e4t: Bis zu 80 kg belastbar, daher funktionell und zuverl\u00e4ssig.<\/em><\/strong><\/li>\n<li><strong><em>Marke: <a href=\"https:\/\/houseofotoko.com\/product-categorie\/shop\/brands\/puebco\/\">Puebco<\/a><\/em><\/strong><\/li>\n<\/ul>\n<p data-start=\"1793\" data-end=\"1903\"><em><strong data-start=\"1793\" data-end=\"1903\">- Der Puebco Wire Step Stool ist eine robuste Erg\u00e4nzung f\u00fcr jede Umgebung und verk\u00f6rpert St\u00e4rke, Stil und Nachhaltigkeit.<\/strong><\/em><\/p>","protected":false},"excerpt":{"rendered":"<p>Ideal als Tritthocker, Beistelltisch oder Dekorationsobjekt, das sich nahtlos in verschiedene Einrichtungsstile einf\u00fcgt. Mit diesem minimalistischen Tritthocker der japanischen Marke Puebco verleihen Sie Ihrem Haus einen einzigartigen industriellen Touch. Jeder Hocker wird von Hand aus upgecyceltem Stahl hergestellt und hat einen attraktiven und modernen, utilitaristischen Charakter.<\/p>","protected":false},"featured_media":724,"comment_status":"open","ping_status":"closed","template":"","meta":{"neve_meta_sidebar":"","neve_meta_container":"","neve_meta_enable_content_width":"off","neve_meta_content_width":100,"neve_meta_title_alignment":"","neve_meta_author_avatar":"","neve_post_elements_order":"","neve_meta_disable_header":"","neve_meta_disable_footer":"","neve_meta_disable_title":"","neve_meta_reading_time":"","_themeisle_gutenberg_block_has_review":false,"neve_tabs_data":"","neve_override_tab_layout":""},"product_brand":[118],"product_cat":[16,39,49,25,69,23,46],"product_tag":[83,64,81,119],"class_list":{"0":"post-723","1":"product","2":"type-product","3":"status-publish","4":"has-post-thumbnail","6":"product_brand-puebco","7":"product_cat-all","8":"product_cat-furniture","9":"product_cat-garden","10":"product_cat-outdoor","11":"product_cat-puebco","12":"product_cat-sustainable","13":"product_cat-usefull","14":"product_tag-puebco","15":"product_tag-steel","16":"product_tag-sustainable","17":"product_tag-wire-stool","18":"product_shipping_class-standard-package","20":"first","21":"instock","22":"taxable","23":"shipping-taxable","24":"purchasable","25":"product-type-simple"},"yoast_head":"<!-- This site is optimized with the Yoast SEO plugin v27.4 - https:\/\/yoast.com\/product\/yoast-seo-wordpress\/ -->\n<title>Wire Step Stool - House of Otoko<\/title>\n<meta name=\"description\" content=\"Wire Step Stool is made by hand from upcycled steel, each stool has an attractive and modern utilitarian appeal. An unique industrial touch to your house.\" \/>\n<meta name=\"robots\" content=\"index, follow, max-snippet:-1, max-image-preview:large, max-video-preview:-1\" \/>\n<link rel=\"canonical\" href=\"https:\/\/houseofotoko.com\/de\/produkt\/wire-step-stool\/\" \/>\n<meta property=\"og:locale\" content=\"de_DE\" \/>\n<meta property=\"og:type\" content=\"article\" \/>\n<meta property=\"og:title\" content=\"Wire Step Stool - House of Otoko\" \/>\n<meta property=\"og:description\" content=\"Wire Step Stool is made by hand from upcycled steel, each stool has an attractive and modern utilitarian appeal. An unique industrial touch to your house.\" \/>\n<meta property=\"og:url\" content=\"https:\/\/houseofotoko.com\/de\/produkt\/wire-step-stool\/\" \/>\n<meta property=\"og:site_name\" content=\"House of Otoko\" \/>\n<meta property=\"article:modified_time\" content=\"2025-03-20T14:58:38+00:00\" \/>\n<meta property=\"og:image\" content=\"https:\/\/houseofotoko.com\/wp-content\/uploads\/2025\/03\/Puebco-Wire-stool-step-2.webp\" \/>\n\t<meta property=\"og:image:width\" content=\"600\" \/>\n\t<meta property=\"og:image:height\" content=\"600\" \/>\n\t<meta property=\"og:image:type\" content=\"image\/webp\" \/>\n<meta name=\"twitter:card\" content=\"summary_large_image\" \/>\n<meta name=\"twitter:label1\" content=\"Gesch\u00e4tzte Lesezeit\" \/>\n\t<meta name=\"twitter:data1\" content=\"1\u00a0Minute\" \/>\n<script type=\"application\/ld+json\" class=\"yoast-schema-graph\">{\"@context\":\"https:\\\/\\\/schema.org\",\"@graph\":[{\"@type\":\"WebPage\",\"@id\":\"https:\\\/\\\/houseofotoko.com\\\/product\\\/wire-step-stool\\\/\",\"url\":\"https:\\\/\\\/houseofotoko.com\\\/product\\\/wire-step-stool\\\/\",\"name\":\"Wire Step Stool - House of Otoko\",\"isPartOf\":{\"@id\":\"https:\\\/\\\/houseofotoko.com\\\/#website\"},\"primaryImageOfPage\":{\"@id\":\"https:\\\/\\\/houseofotoko.com\\\/product\\\/wire-step-stool\\\/#primaryimage\"},\"image\":{\"@id\":\"https:\\\/\\\/houseofotoko.com\\\/product\\\/wire-step-stool\\\/#primaryimage\"},\"thumbnailUrl\":\"https:\\\/\\\/houseofotoko.com\\\/wp-content\\\/uploads\\\/2025\\\/03\\\/Puebco-Wire-stool-step-2.webp\",\"datePublished\":\"2025-03-20T14:22:33+00:00\",\"dateModified\":\"2025-03-20T14:58:38+00:00\",\"description\":\"Wire Step Stool is made by hand from upcycled steel, each stool has an attractive and modern utilitarian appeal. An unique industrial touch to your house.\",\"breadcrumb\":{\"@id\":\"https:\\\/\\\/houseofotoko.com\\\/product\\\/wire-step-stool\\\/#breadcrumb\"},\"inLanguage\":\"de\",\"potentialAction\":[{\"@type\":\"ReadAction\",\"target\":[\"https:\\\/\\\/houseofotoko.com\\\/product\\\/wire-step-stool\\\/\"]}]},{\"@type\":\"ImageObject\",\"inLanguage\":\"de\",\"@id\":\"https:\\\/\\\/houseofotoko.com\\\/product\\\/wire-step-stool\\\/#primaryimage\",\"url\":\"https:\\\/\\\/houseofotoko.com\\\/wp-content\\\/uploads\\\/2025\\\/03\\\/Puebco-Wire-stool-step-2.webp\",\"contentUrl\":\"https:\\\/\\\/houseofotoko.com\\\/wp-content\\\/uploads\\\/2025\\\/03\\\/Puebco-Wire-stool-step-2.webp\",\"width\":600,\"height\":600,\"caption\":\"Puebco Wire stool step no.107370; House of Otoko\"},{\"@type\":\"BreadcrumbList\",\"@id\":\"https:\\\/\\\/houseofotoko.com\\\/product\\\/wire-step-stool\\\/#breadcrumb\",\"itemListElement\":[{\"@type\":\"ListItem\",\"position\":1,\"name\":\"Home\",\"item\":\"https:\\\/\\\/houseofotoko.com\\\/\"},{\"@type\":\"ListItem\",\"position\":2,\"name\":\"Shop\",\"item\":\"https:\\\/\\\/houseofotoko.com\\\/shop\\\/\"},{\"@type\":\"ListItem\",\"position\":3,\"name\":\"Wire Step Stool\"}]},{\"@type\":\"WebSite\",\"@id\":\"https:\\\/\\\/houseofotoko.com\\\/#website\",\"url\":\"https:\\\/\\\/houseofotoko.com\\\/\",\"name\":\"House of Otoko\",\"description\":\"\",\"publisher\":{\"@id\":\"https:\\\/\\\/houseofotoko.com\\\/#organization\"},\"potentialAction\":[{\"@type\":\"SearchAction\",\"target\":{\"@type\":\"EntryPoint\",\"urlTemplate\":\"https:\\\/\\\/houseofotoko.com\\\/?s={search_term_string}\"},\"query-input\":{\"@type\":\"PropertyValueSpecification\",\"valueRequired\":true,\"valueName\":\"search_term_string\"}}],\"inLanguage\":\"de\"},{\"@type\":\"Organization\",\"@id\":\"https:\\\/\\\/houseofotoko.com\\\/#organization\",\"name\":\"House of Otoko\",\"url\":\"https:\\\/\\\/houseofotoko.com\\\/\",\"logo\":{\"@type\":\"ImageObject\",\"inLanguage\":\"de\",\"@id\":\"https:\\\/\\\/houseofotoko.com\\\/#\\\/schema\\\/logo\\\/image\\\/\",\"url\":\"https:\\\/\\\/mlfln9ez57ke.i.optimole.com\\\/w:1123\\\/h:1038\\\/q:mauto\\\/f:best\\\/ig:avif\\\/https:\\\/\\\/houseofotoko.com\\\/wp-content\\\/uploads\\\/2025\\\/01\\\/LOGO-PNG-1.png\",\"contentUrl\":\"https:\\\/\\\/mlfln9ez57ke.i.optimole.com\\\/w:1123\\\/h:1038\\\/q:mauto\\\/f:best\\\/ig:avif\\\/https:\\\/\\\/houseofotoko.com\\\/wp-content\\\/uploads\\\/2025\\\/01\\\/LOGO-PNG-1.png\",\"width\":1123,\"height\":1038,\"caption\":\"House of Otoko\"},\"image\":{\"@id\":\"https:\\\/\\\/houseofotoko.com\\\/#\\\/schema\\\/logo\\\/image\\\/\"},\"sameAs\":[\"https:\\\/\\\/www.instagram.com\\\/houseofotoko\\\/\"]}]}<\/script>\n<!-- \/ Yoast SEO plugin. -->","yoast_head_json":{"title":"Wire Step Stool - House of Otoko","description":"Wire Step Stool is made by hand from upcycled steel, each stool has an attractive and modern utilitarian appeal. An unique industrial touch to your house.","robots":{"index":"index","follow":"follow","max-snippet":"max-snippet:-1","max-image-preview":"max-image-preview:large","max-video-preview":"max-video-preview:-1"},"canonical":"https:\/\/houseofotoko.com\/de\/produkt\/wire-step-stool\/","og_locale":"de_DE","og_type":"article","og_title":"Wire Step Stool - House of Otoko","og_description":"Wire Step Stool is made by hand from upcycled steel, each stool has an attractive and modern utilitarian appeal. An unique industrial touch to your house.","og_url":"https:\/\/houseofotoko.com\/de\/produkt\/wire-step-stool\/","og_site_name":"House of Otoko","article_modified_time":"2025-03-20T14:58:38+00:00","og_image":[{"width":600,"height":600,"url":"https:\/\/houseofotoko.com\/wp-content\/uploads\/2025\/03\/Puebco-Wire-stool-step-2.webp","type":"image\/webp"}],"twitter_card":"summary_large_image","twitter_misc":{"Gesch\u00e4tzte Lesezeit":"1\u00a0Minute"},"schema":{"@context":"https:\/\/schema.org","@graph":[{"@type":"WebPage","@id":"https:\/\/houseofotoko.com\/product\/wire-step-stool\/","url":"https:\/\/houseofotoko.com\/product\/wire-step-stool\/","name":"Wire Step Stool - House of Otoko","isPartOf":{"@id":"https:\/\/houseofotoko.com\/#website"},"primaryImageOfPage":{"@id":"https:\/\/houseofotoko.com\/product\/wire-step-stool\/#primaryimage"},"image":{"@id":"https:\/\/houseofotoko.com\/product\/wire-step-stool\/#primaryimage"},"thumbnailUrl":"https:\/\/houseofotoko.com\/wp-content\/uploads\/2025\/03\/Puebco-Wire-stool-step-2.webp","datePublished":"2025-03-20T14:22:33+00:00","dateModified":"2025-03-20T14:58:38+00:00","description":"Wire Step Stool is made by hand from upcycled steel, each stool has an attractive and modern utilitarian appeal. An unique industrial touch to your house.","breadcrumb":{"@id":"https:\/\/houseofotoko.com\/product\/wire-step-stool\/#breadcrumb"},"inLanguage":"de","potentialAction":[{"@type":"ReadAction","target":["https:\/\/houseofotoko.com\/product\/wire-step-stool\/"]}]},{"@type":"ImageObject","inLanguage":"de","@id":"https:\/\/houseofotoko.com\/product\/wire-step-stool\/#primaryimage","url":"https:\/\/houseofotoko.com\/wp-content\/uploads\/2025\/03\/Puebco-Wire-stool-step-2.webp","contentUrl":"https:\/\/houseofotoko.com\/wp-content\/uploads\/2025\/03\/Puebco-Wire-stool-step-2.webp","width":600,"height":600,"caption":"Puebco Wire stool step no.107370; House of Otoko"},{"@type":"BreadcrumbList","@id":"https:\/\/houseofotoko.com\/product\/wire-step-stool\/#breadcrumb","itemListElement":[{"@type":"ListItem","position":1,"name":"Home","item":"https:\/\/houseofotoko.com\/"},{"@type":"ListItem","position":2,"name":"Shop","item":"https:\/\/houseofotoko.com\/shop\/"},{"@type":"ListItem","position":3,"name":"Wire Step Stool"}]},{"@type":"WebSite","@id":"https:\/\/houseofotoko.com\/#website","url":"https:\/\/houseofotoko.com\/","name":"House of Otoko","description":"","publisher":{"@id":"https:\/\/houseofotoko.com\/#organization"},"potentialAction":[{"@type":"SearchAction","target":{"@type":"EntryPoint","urlTemplate":"https:\/\/houseofotoko.com\/?s={search_term_string}"},"query-input":{"@type":"PropertyValueSpecification","valueRequired":true,"valueName":"search_term_string"}}],"inLanguage":"de"},{"@type":"Organization","@id":"https:\/\/houseofotoko.com\/#organization","name":"House of Otoko","url":"https:\/\/houseofotoko.com\/","logo":{"@type":"ImageObject","inLanguage":"de","@id":"https:\/\/houseofotoko.com\/#\/schema\/logo\/image\/","url":"https:\/\/mlfln9ez57ke.i.optimole.com\/w:1123\/h:1038\/q:mauto\/f:best\/ig:avif\/https:\/\/houseofotoko.com\/wp-content\/uploads\/2025\/01\/LOGO-PNG-1.png","contentUrl":"https:\/\/mlfln9ez57ke.i.optimole.com\/w:1123\/h:1038\/q:mauto\/f:best\/ig:avif\/https:\/\/houseofotoko.com\/wp-content\/uploads\/2025\/01\/LOGO-PNG-1.png","width":1123,"height":1038,"caption":"House of Otoko"},"image":{"@id":"https:\/\/houseofotoko.com\/#\/schema\/logo\/image\/"},"sameAs":["https:\/\/www.instagram.com\/houseofotoko\/"]}]}},"_links":{"self":[{"href":"https:\/\/houseofotoko.com\/de\/wp-json\/wp\/v2\/product\/723","targetHints":{"allow":["GET"]}}],"collection":[{"href":"https:\/\/houseofotoko.com\/de\/wp-json\/wp\/v2\/product"}],"about":[{"href":"https:\/\/houseofotoko.com\/de\/wp-json\/wp\/v2\/types\/product"}],"replies":[{"embeddable":true,"href":"https:\/\/houseofotoko.com\/de\/wp-json\/wp\/v2\/comments?post=723"}],"wp:featuredmedia":[{"embeddable":true,"href":"https:\/\/houseofotoko.com\/de\/wp-json\/wp\/v2\/media\/724"}],"wp:attachment":[{"href":"https:\/\/houseofotoko.com\/de\/wp-json\/wp\/v2\/media?parent=723"}],"wp:term":[{"taxonomy":"product_brand","embeddable":true,"href":"https:\/\/houseofotoko.com\/de\/wp-json\/wp\/v2\/product_brand?post=723"},{"taxonomy":"product_cat","embeddable":true,"href":"https:\/\/houseofotoko.com\/de\/wp-json\/wp\/v2\/product_cat?post=723"},{"taxonomy":"product_tag","embeddable":true,"href":"https:\/\/houseofotoko.com\/de\/wp-json\/wp\/v2\/product_tag?post=723"}],"curies":[{"name":"wp","href":"https:\/\/api.w.org\/{rel}","templated":true}]}}