{"id":661,"date":"2025-03-18T09:29:15","date_gmt":"2025-03-18T09:29:15","guid":{"rendered":"https:\/\/houseofotoko.com\/?post_type=product&#038;p=661"},"modified":"2026-01-08T14:46:06","modified_gmt":"2026-01-08T14:46:06","slug":"truck-seat-fabric-cushion","status":"publish","type":"product","link":"https:\/\/houseofotoko.com\/de\/produkt\/truck-seat-fabric-cushion\/","title":{"rendered":"Lkw-Sitz-Stoff-Kissen"},"content":{"rendered":"<p data-start=\"0\" data-end=\"262\">Das Truck Seat Fabric Cushion ist eine robuste und stilvolle Erg\u00e4nzung f\u00fcr jeden Raum und wird aus authentischem, recyceltem LKW-Sitzstoff hergestellt. Jedes Kissen verf\u00fcgt \u00fcber ein einzigartiges Design, das sein industrielles Erbe widerspiegelt und es zu einem herausragenden St\u00fcck in Ihrer Einrichtung macht.<\/p>\n<ul data-start=\"288\" data-end=\"727\">\n<li data-start=\"288\" data-end=\"378\"><em><strong>Material: Recyceltes Polyester und Acryl, das aus authentischen Lkw-Sitzstoffen gewonnen wird.<\/strong><\/em><\/li>\n<li data-start=\"379\" data-end=\"439\"><em><strong>Gr\u00f6\u00dfe: Ungef\u00e4hr 45 cm x 45 cm<\/strong><\/em><\/li>\n<li data-start=\"440\" data-end=\"548\"><em><strong>Design: Jedes Kissen weist aufgrund der verwendeten recycelten Materialien ein einzigartiges Muster und Farbvariationen auf.<\/strong><\/em><\/li>\n<li data-start=\"637\" data-end=\"727\"><em><strong>Pflegehinweise: Fleckenreinigung empfohlen, um den einzigartigen Stoff und die Textur zu erhalten.<\/strong><\/em><\/li>\n<li data-start=\"1499\" data-end=\"1530\"><em><strong>Produkt-Nummer: Nr.504957<\/strong><\/em><\/li>\n<li data-start=\"1499\" data-end=\"1530\"><em><strong>Marke: <a href=\"https:\/\/houseofotoko.com\/product-categorie\/shop\/brands\/puebco\/\">Puebco<\/a><\/strong><\/em><\/li>\n<\/ul>\n<p data-start=\"729\" data-end=\"931\">Das Puebco Truck Seat Fabric Cushion ist die perfekte Wahl f\u00fcr alle, die einen maskulinen, robusten und umweltfreundlichen Akzent f\u00fcr ihren Wohnbereich suchen.<\/p>\n<p>&nbsp;<\/p>\n<p data-start=\"1532\" data-end=\"1774\">","protected":false},"excerpt":{"rendered":"<p>Wenn Sie rohe Materialien mit einer maskulinen, lebendigen Ausstrahlung sch\u00e4tzen, ist der Puebco Truck Seat Fabric Kissenbezug die perfekte Erg\u00e4nzung f\u00fcr Ihre kreativen oder funktionalen Projekte. Strapazierf\u00e4hig, nachhaltig und einmalig.<\/p>","protected":false},"featured_media":1442,"comment_status":"open","ping_status":"closed","template":"","meta":{"neve_meta_sidebar":"","neve_meta_container":"","neve_meta_enable_content_width":"off","neve_meta_content_width":100,"neve_meta_title_alignment":"","neve_meta_author_avatar":"","neve_post_elements_order":"","neve_meta_disable_header":"","neve_meta_disable_footer":"","neve_meta_disable_title":"","neve_meta_reading_time":"","_themeisle_gutenberg_block_has_review":false,"neve_tabs_data":"","neve_override_tab_layout":""},"product_brand":[118],"product_cat":[16,43,69,23],"product_tag":[101,83,81,88],"class_list":{"0":"post-661","1":"product","2":"type-product","3":"status-publish","4":"has-post-thumbnail","6":"product_brand-puebco","7":"product_cat-all","8":"product_cat-home-textiles","9":"product_cat-puebco","10":"product_cat-sustainable","11":"product_tag-cushion","12":"product_tag-puebco","13":"product_tag-sustainable","14":"product_tag-truck-seat-cover","15":"product_shipping_class-standard-package","17":"first","18":"instock","19":"taxable","20":"shipping-taxable","21":"purchasable","22":"product-type-simple"},"yoast_head":"<!-- This site is optimized with the Yoast SEO plugin v27.4 - https:\/\/yoast.com\/product\/yoast-seo-wordpress\/ -->\n<title>Truck Seat Fabric Cushion - House of Otoko<\/title>\n<meta name=\"description\" content=\"If you appreciate raw materials with a masculine, lived-in appeal, the Puebco Truck Seat Fabric cushion cover is the perfect addition to your home.\" \/>\n<meta name=\"robots\" content=\"index, follow, max-snippet:-1, max-image-preview:large, max-video-preview:-1\" \/>\n<link rel=\"canonical\" href=\"https:\/\/houseofotoko.com\/de\/produkt\/truck-seat-fabric-cushion\/\" \/>\n<meta property=\"og:locale\" content=\"de_DE\" \/>\n<meta property=\"og:type\" content=\"article\" \/>\n<meta property=\"og:title\" content=\"Truck Seat Fabric Cushion - House of Otoko\" \/>\n<meta property=\"og:description\" content=\"If you appreciate raw materials with a masculine, lived-in appeal, the Puebco Truck Seat Fabric cushion cover is the perfect addition to your home.\" \/>\n<meta property=\"og:url\" content=\"https:\/\/houseofotoko.com\/de\/produkt\/truck-seat-fabric-cushion\/\" \/>\n<meta property=\"og:site_name\" content=\"House of Otoko\" \/>\n<meta property=\"article:modified_time\" content=\"2026-01-08T14:46:06+00:00\" \/>\n<meta property=\"og:image\" content=\"https:\/\/houseofotoko.com\/wp-content\/uploads\/2025\/03\/Truck-seat-fabrick-cushion-3.webp\" \/>\n\t<meta property=\"og:image:width\" content=\"600\" \/>\n\t<meta property=\"og:image:height\" content=\"600\" \/>\n\t<meta property=\"og:image:type\" content=\"image\/webp\" \/>\n<meta name=\"twitter:card\" content=\"summary_large_image\" \/>\n<meta name=\"twitter:label1\" content=\"Gesch\u00e4tzte Lesezeit\" \/>\n\t<meta name=\"twitter:data1\" content=\"1\u00a0Minute\" \/>\n<script type=\"application\/ld+json\" class=\"yoast-schema-graph\">{\"@context\":\"https:\\\/\\\/schema.org\",\"@graph\":[{\"@type\":\"WebPage\",\"@id\":\"https:\\\/\\\/houseofotoko.com\\\/product\\\/truck-seat-fabric-cushion\\\/\",\"url\":\"https:\\\/\\\/houseofotoko.com\\\/product\\\/truck-seat-fabric-cushion\\\/\",\"name\":\"Truck Seat Fabric Cushion - House of Otoko\",\"isPartOf\":{\"@id\":\"https:\\\/\\\/houseofotoko.com\\\/#website\"},\"primaryImageOfPage\":{\"@id\":\"https:\\\/\\\/houseofotoko.com\\\/product\\\/truck-seat-fabric-cushion\\\/#primaryimage\"},\"image\":{\"@id\":\"https:\\\/\\\/houseofotoko.com\\\/product\\\/truck-seat-fabric-cushion\\\/#primaryimage\"},\"thumbnailUrl\":\"https:\\\/\\\/houseofotoko.com\\\/wp-content\\\/uploads\\\/2025\\\/03\\\/Truck-seat-fabrick-cushion-3.webp\",\"datePublished\":\"2025-03-18T09:29:15+00:00\",\"dateModified\":\"2026-01-08T14:46:06+00:00\",\"description\":\"If you appreciate raw materials with a masculine, lived-in appeal, the Puebco Truck Seat Fabric cushion cover is the perfect addition to your home.\",\"breadcrumb\":{\"@id\":\"https:\\\/\\\/houseofotoko.com\\\/product\\\/truck-seat-fabric-cushion\\\/#breadcrumb\"},\"inLanguage\":\"de\",\"potentialAction\":[{\"@type\":\"ReadAction\",\"target\":[\"https:\\\/\\\/houseofotoko.com\\\/product\\\/truck-seat-fabric-cushion\\\/\"]}]},{\"@type\":\"ImageObject\",\"inLanguage\":\"de\",\"@id\":\"https:\\\/\\\/houseofotoko.com\\\/product\\\/truck-seat-fabric-cushion\\\/#primaryimage\",\"url\":\"https:\\\/\\\/houseofotoko.com\\\/wp-content\\\/uploads\\\/2025\\\/03\\\/Truck-seat-fabrick-cushion-3.webp\",\"contentUrl\":\"https:\\\/\\\/houseofotoko.com\\\/wp-content\\\/uploads\\\/2025\\\/03\\\/Truck-seat-fabrick-cushion-3.webp\",\"width\":600,\"height\":600,\"caption\":\"Puebco - Truck seat fabrick cushion - House of Otoko\"},{\"@type\":\"BreadcrumbList\",\"@id\":\"https:\\\/\\\/houseofotoko.com\\\/product\\\/truck-seat-fabric-cushion\\\/#breadcrumb\",\"itemListElement\":[{\"@type\":\"ListItem\",\"position\":1,\"name\":\"Home\",\"item\":\"https:\\\/\\\/houseofotoko.com\\\/\"},{\"@type\":\"ListItem\",\"position\":2,\"name\":\"Shop\",\"item\":\"https:\\\/\\\/houseofotoko.com\\\/shop\\\/\"},{\"@type\":\"ListItem\",\"position\":3,\"name\":\"Truck Seat Fabric Cushion\"}]},{\"@type\":\"WebSite\",\"@id\":\"https:\\\/\\\/houseofotoko.com\\\/#website\",\"url\":\"https:\\\/\\\/houseofotoko.com\\\/\",\"name\":\"House of Otoko\",\"description\":\"\",\"publisher\":{\"@id\":\"https:\\\/\\\/houseofotoko.com\\\/#organization\"},\"potentialAction\":[{\"@type\":\"SearchAction\",\"target\":{\"@type\":\"EntryPoint\",\"urlTemplate\":\"https:\\\/\\\/houseofotoko.com\\\/?s={search_term_string}\"},\"query-input\":{\"@type\":\"PropertyValueSpecification\",\"valueRequired\":true,\"valueName\":\"search_term_string\"}}],\"inLanguage\":\"de\"},{\"@type\":\"Organization\",\"@id\":\"https:\\\/\\\/houseofotoko.com\\\/#organization\",\"name\":\"House of Otoko\",\"url\":\"https:\\\/\\\/houseofotoko.com\\\/\",\"logo\":{\"@type\":\"ImageObject\",\"inLanguage\":\"de\",\"@id\":\"https:\\\/\\\/houseofotoko.com\\\/#\\\/schema\\\/logo\\\/image\\\/\",\"url\":\"https:\\\/\\\/mlfln9ez57ke.i.optimole.com\\\/w:1123\\\/h:1038\\\/q:mauto\\\/f:best\\\/ig:avif\\\/https:\\\/\\\/houseofotoko.com\\\/wp-content\\\/uploads\\\/2025\\\/01\\\/LOGO-PNG-1.png\",\"contentUrl\":\"https:\\\/\\\/mlfln9ez57ke.i.optimole.com\\\/w:1123\\\/h:1038\\\/q:mauto\\\/f:best\\\/ig:avif\\\/https:\\\/\\\/houseofotoko.com\\\/wp-content\\\/uploads\\\/2025\\\/01\\\/LOGO-PNG-1.png\",\"width\":1123,\"height\":1038,\"caption\":\"House of Otoko\"},\"image\":{\"@id\":\"https:\\\/\\\/houseofotoko.com\\\/#\\\/schema\\\/logo\\\/image\\\/\"},\"sameAs\":[\"https:\\\/\\\/www.instagram.com\\\/houseofotoko\\\/\"]}]}<\/script>\n<!-- \/ Yoast SEO plugin. -->","yoast_head_json":{"title":"Truck Seat Fabric Cushion - House of Otoko","description":"If you appreciate raw materials with a masculine, lived-in appeal, the Puebco Truck Seat Fabric cushion cover is the perfect addition to your home.","robots":{"index":"index","follow":"follow","max-snippet":"max-snippet:-1","max-image-preview":"max-image-preview:large","max-video-preview":"max-video-preview:-1"},"canonical":"https:\/\/houseofotoko.com\/de\/produkt\/truck-seat-fabric-cushion\/","og_locale":"de_DE","og_type":"article","og_title":"Truck Seat Fabric Cushion - House of Otoko","og_description":"If you appreciate raw materials with a masculine, lived-in appeal, the Puebco Truck Seat Fabric cushion cover is the perfect addition to your home.","og_url":"https:\/\/houseofotoko.com\/de\/produkt\/truck-seat-fabric-cushion\/","og_site_name":"House of Otoko","article_modified_time":"2026-01-08T14:46:06+00:00","og_image":[{"width":600,"height":600,"url":"https:\/\/houseofotoko.com\/wp-content\/uploads\/2025\/03\/Truck-seat-fabrick-cushion-3.webp","type":"image\/webp"}],"twitter_card":"summary_large_image","twitter_misc":{"Gesch\u00e4tzte Lesezeit":"1\u00a0Minute"},"schema":{"@context":"https:\/\/schema.org","@graph":[{"@type":"WebPage","@id":"https:\/\/houseofotoko.com\/product\/truck-seat-fabric-cushion\/","url":"https:\/\/houseofotoko.com\/product\/truck-seat-fabric-cushion\/","name":"Truck Seat Fabric Cushion - House of Otoko","isPartOf":{"@id":"https:\/\/houseofotoko.com\/#website"},"primaryImageOfPage":{"@id":"https:\/\/houseofotoko.com\/product\/truck-seat-fabric-cushion\/#primaryimage"},"image":{"@id":"https:\/\/houseofotoko.com\/product\/truck-seat-fabric-cushion\/#primaryimage"},"thumbnailUrl":"https:\/\/houseofotoko.com\/wp-content\/uploads\/2025\/03\/Truck-seat-fabrick-cushion-3.webp","datePublished":"2025-03-18T09:29:15+00:00","dateModified":"2026-01-08T14:46:06+00:00","description":"If you appreciate raw materials with a masculine, lived-in appeal, the Puebco Truck Seat Fabric cushion cover is the perfect addition to your home.","breadcrumb":{"@id":"https:\/\/houseofotoko.com\/product\/truck-seat-fabric-cushion\/#breadcrumb"},"inLanguage":"de","potentialAction":[{"@type":"ReadAction","target":["https:\/\/houseofotoko.com\/product\/truck-seat-fabric-cushion\/"]}]},{"@type":"ImageObject","inLanguage":"de","@id":"https:\/\/houseofotoko.com\/product\/truck-seat-fabric-cushion\/#primaryimage","url":"https:\/\/houseofotoko.com\/wp-content\/uploads\/2025\/03\/Truck-seat-fabrick-cushion-3.webp","contentUrl":"https:\/\/houseofotoko.com\/wp-content\/uploads\/2025\/03\/Truck-seat-fabrick-cushion-3.webp","width":600,"height":600,"caption":"Puebco - Truck seat fabrick cushion - House of Otoko"},{"@type":"BreadcrumbList","@id":"https:\/\/houseofotoko.com\/product\/truck-seat-fabric-cushion\/#breadcrumb","itemListElement":[{"@type":"ListItem","position":1,"name":"Home","item":"https:\/\/houseofotoko.com\/"},{"@type":"ListItem","position":2,"name":"Shop","item":"https:\/\/houseofotoko.com\/shop\/"},{"@type":"ListItem","position":3,"name":"Truck Seat Fabric Cushion"}]},{"@type":"WebSite","@id":"https:\/\/houseofotoko.com\/#website","url":"https:\/\/houseofotoko.com\/","name":"House of Otoko","description":"","publisher":{"@id":"https:\/\/houseofotoko.com\/#organization"},"potentialAction":[{"@type":"SearchAction","target":{"@type":"EntryPoint","urlTemplate":"https:\/\/houseofotoko.com\/?s={search_term_string}"},"query-input":{"@type":"PropertyValueSpecification","valueRequired":true,"valueName":"search_term_string"}}],"inLanguage":"de"},{"@type":"Organization","@id":"https:\/\/houseofotoko.com\/#organization","name":"House of Otoko","url":"https:\/\/houseofotoko.com\/","logo":{"@type":"ImageObject","inLanguage":"de","@id":"https:\/\/houseofotoko.com\/#\/schema\/logo\/image\/","url":"https:\/\/mlfln9ez57ke.i.optimole.com\/w:1123\/h:1038\/q:mauto\/f:best\/ig:avif\/https:\/\/houseofotoko.com\/wp-content\/uploads\/2025\/01\/LOGO-PNG-1.png","contentUrl":"https:\/\/mlfln9ez57ke.i.optimole.com\/w:1123\/h:1038\/q:mauto\/f:best\/ig:avif\/https:\/\/houseofotoko.com\/wp-content\/uploads\/2025\/01\/LOGO-PNG-1.png","width":1123,"height":1038,"caption":"House of Otoko"},"image":{"@id":"https:\/\/houseofotoko.com\/#\/schema\/logo\/image\/"},"sameAs":["https:\/\/www.instagram.com\/houseofotoko\/"]}]}},"_links":{"self":[{"href":"https:\/\/houseofotoko.com\/de\/wp-json\/wp\/v2\/product\/661","targetHints":{"allow":["GET"]}}],"collection":[{"href":"https:\/\/houseofotoko.com\/de\/wp-json\/wp\/v2\/product"}],"about":[{"href":"https:\/\/houseofotoko.com\/de\/wp-json\/wp\/v2\/types\/product"}],"replies":[{"embeddable":true,"href":"https:\/\/houseofotoko.com\/de\/wp-json\/wp\/v2\/comments?post=661"}],"wp:featuredmedia":[{"embeddable":true,"href":"https:\/\/houseofotoko.com\/de\/wp-json\/wp\/v2\/media\/1442"}],"wp:attachment":[{"href":"https:\/\/houseofotoko.com\/de\/wp-json\/wp\/v2\/media?parent=661"}],"wp:term":[{"taxonomy":"product_brand","embeddable":true,"href":"https:\/\/houseofotoko.com\/de\/wp-json\/wp\/v2\/product_brand?post=661"},{"taxonomy":"product_cat","embeddable":true,"href":"https:\/\/houseofotoko.com\/de\/wp-json\/wp\/v2\/product_cat?post=661"},{"taxonomy":"product_tag","embeddable":true,"href":"https:\/\/houseofotoko.com\/de\/wp-json\/wp\/v2\/product_tag?post=661"}],"curies":[{"name":"wp","href":"https:\/\/api.w.org\/{rel}","templated":true}]}}