{"id":654,"date":"2025-03-17T16:30:31","date_gmt":"2025-03-17T16:30:31","guid":{"rendered":"https:\/\/houseofotoko.com\/?post_type=product&#038;p=654"},"modified":"2026-01-08T15:35:15","modified_gmt":"2026-01-08T15:35:15","slug":"rivet-pet-bed","status":"publish","type":"product","link":"https:\/\/houseofotoko.com\/de\/produkt\/rivet-pet-bed\/","title":{"rendered":"Nieten-Haustierbett"},"content":{"rendered":"<p data-start=\"0\" data-end=\"68\">Rivet Pet Bed Robust, industriell und komfortabel Geben Sie Ihrem Haustier mit dem Puebco Rivet Pet Bed einen k\u00fchnen und dauerhaften Schlafplatz. Dieses Bett f\u00fcr Haustiere wurde mit einer industriellen \u00c4sthetik entworfen und verf\u00fcgt \u00fcber einen robusten Metallrahmen mit freiliegenden Nieten, die ihm einen rauen und kantigen Look verleihen. Das Kissen kann mit alten Kleidungsst\u00fccken gef\u00fcllt werden, um ultimativen Komfort zu gew\u00e4hrleisten, und ist somit der perfekte Ort f\u00fcr Ihr Haustier, um sich zu entspannen.<\/p>\n<ul data-start=\"1402\" data-end=\"1530\">\n<li data-start=\"433\" data-end=\"855\"><em><strong>Polsterung: Weiche, pl\u00fcschige Polsterung f\u00fcr maximalen Komfort<\/strong><\/em><\/li>\n<li data-start=\"433\" data-end=\"855\"><em><strong>Einfache Pflege: Abnehmbarer und waschbarer Kissenbezug<\/strong><\/em><\/li>\n<li data-start=\"1402\" data-end=\"1426\"><em><strong>Material: Wiederverwendeter Stoff\u00a0<\/strong><\/em><\/li>\n<li data-start=\"1402\" data-end=\"1426\"><em><strong data-start=\"1247\" data-end=\"1264\">Einzigartiges Design<\/strong> - kein Bett ist wie das andere.<\/em><\/li>\n<li data-start=\"1427\" data-end=\"1498\"><em><strong>Abmessungen: 50 x 50 x 15 cm<\/strong><\/em><\/li>\n<li data-start=\"1499\" data-end=\"1530\"><em><em><strong>Produkt-Nummer: Nr.110349<\/strong><\/em><\/em><\/li>\n<li data-start=\"1499\" data-end=\"1530\"><em><strong>Marke: <a href=\"https:\/\/houseofotoko.com\/product-categorie\/shop\/brands\/puebco\/\">Puebco<\/a><\/strong><\/em><\/li>\n<\/ul>\n<hr \/>\n<p data-start=\"1532\" data-end=\"1774\">\u2714 Durch die Verwendung von recycelten Materialien und handgefertigten Prozessen verleiht PUEBCO diesen Objekten das Gef\u00fchl vieler Lebenszeiten und ein Gef\u00fchl von Geschichte, das jedes St\u00fcck einzigartig macht.<\/p>\n<hr \/>\n<p data-start=\"1532\" data-end=\"1774\">","protected":false},"excerpt":{"rendered":"<p>Das Rivet Pet Bed ist mehr als nur ein Bett f\u00fcr Haustiere. Es ist ein Highlight f\u00fcr Haustierbesitzer, die Design, Haltbarkeit und Funktionalit\u00e4t sch\u00e4tzen. Eine perfekte Mischung aus robuster \u00c4sthetik und kuscheligem Komfort, denn Ihr Haustier hat nur das Beste verdient.<\/p>","protected":false},"featured_media":655,"comment_status":"open","ping_status":"closed","template":"","meta":{"neve_meta_sidebar":"","neve_meta_container":"","neve_meta_enable_content_width":"off","neve_meta_content_width":100,"neve_meta_title_alignment":"","neve_meta_author_avatar":"","neve_post_elements_order":"","neve_meta_disable_header":"","neve_meta_disable_footer":"","neve_meta_disable_title":"","neve_meta_reading_time":"","_themeisle_gutenberg_block_has_review":false,"neve_tabs_data":"","neve_override_tab_layout":""},"product_brand":[118],"product_cat":[16,39,43,22,24,69,23],"product_tag":[99,98,83,81],"class_list":{"0":"post-654","1":"product","2":"type-product","3":"status-publish","4":"has-post-thumbnail","6":"product_brand-puebco","7":"product_cat-all","8":"product_cat-furniture","9":"product_cat-home-textiles","10":"product_cat-living","11":"product_cat-pets","12":"product_cat-puebco","13":"product_cat-sustainable","14":"product_tag-cotton","15":"product_tag-pet-bed","16":"product_tag-puebco","17":"product_tag-sustainable","18":"product_shipping_class-standard-package","20":"first","21":"instock","22":"taxable","23":"shipping-taxable","24":"purchasable","25":"product-type-simple"},"yoast_head":"<!-- This site is optimized with the Yoast SEO plugin v27.4 - https:\/\/yoast.com\/product\/yoast-seo-wordpress\/ -->\n<title>Rivet Pet Bed - House of Otoko<\/title>\n<meta name=\"description\" content=\"More than just a pet bed, the Rivet Pet Bed is a statement piece for pet owners who appreciate design, durability, and functionality.\" \/>\n<meta name=\"robots\" content=\"index, follow, max-snippet:-1, max-image-preview:large, max-video-preview:-1\" \/>\n<link rel=\"canonical\" href=\"https:\/\/houseofotoko.com\/de\/produkt\/rivet-pet-bed\/\" \/>\n<meta property=\"og:locale\" content=\"de_DE\" \/>\n<meta property=\"og:type\" content=\"article\" \/>\n<meta property=\"og:title\" content=\"Rivet Pet Bed - House of Otoko\" \/>\n<meta property=\"og:description\" content=\"More than just a pet bed, the Rivet Pet Bed is a statement piece for pet owners who appreciate design, durability, and functionality.\" \/>\n<meta property=\"og:url\" content=\"https:\/\/houseofotoko.com\/de\/produkt\/rivet-pet-bed\/\" \/>\n<meta property=\"og:site_name\" content=\"House of Otoko\" \/>\n<meta property=\"article:modified_time\" content=\"2026-01-08T15:35:15+00:00\" \/>\n<meta property=\"og:image\" content=\"https:\/\/houseofotoko.com\/wp-content\/uploads\/2025\/03\/rivet-pet-bed.webp\" \/>\n\t<meta property=\"og:image:width\" content=\"600\" \/>\n\t<meta property=\"og:image:height\" content=\"600\" \/>\n\t<meta property=\"og:image:type\" content=\"image\/webp\" \/>\n<meta name=\"twitter:card\" content=\"summary_large_image\" \/>\n<meta name=\"twitter:label1\" content=\"Gesch\u00e4tzte Lesezeit\" \/>\n\t<meta name=\"twitter:data1\" content=\"1\u00a0Minute\" \/>\n<script type=\"application\/ld+json\" class=\"yoast-schema-graph\">{\"@context\":\"https:\\\/\\\/schema.org\",\"@graph\":[{\"@type\":\"WebPage\",\"@id\":\"https:\\\/\\\/houseofotoko.com\\\/product\\\/rivet-pet-bed\\\/\",\"url\":\"https:\\\/\\\/houseofotoko.com\\\/product\\\/rivet-pet-bed\\\/\",\"name\":\"Rivet Pet Bed - House of Otoko\",\"isPartOf\":{\"@id\":\"https:\\\/\\\/houseofotoko.com\\\/#website\"},\"primaryImageOfPage\":{\"@id\":\"https:\\\/\\\/houseofotoko.com\\\/product\\\/rivet-pet-bed\\\/#primaryimage\"},\"image\":{\"@id\":\"https:\\\/\\\/houseofotoko.com\\\/product\\\/rivet-pet-bed\\\/#primaryimage\"},\"thumbnailUrl\":\"https:\\\/\\\/houseofotoko.com\\\/wp-content\\\/uploads\\\/2025\\\/03\\\/rivet-pet-bed.webp\",\"datePublished\":\"2025-03-17T16:30:31+00:00\",\"dateModified\":\"2026-01-08T15:35:15+00:00\",\"description\":\"More than just a pet bed, the Rivet Pet Bed is a statement piece for pet owners who appreciate design, durability, and functionality.\",\"breadcrumb\":{\"@id\":\"https:\\\/\\\/houseofotoko.com\\\/product\\\/rivet-pet-bed\\\/#breadcrumb\"},\"inLanguage\":\"de\",\"potentialAction\":[{\"@type\":\"ReadAction\",\"target\":[\"https:\\\/\\\/houseofotoko.com\\\/product\\\/rivet-pet-bed\\\/\"]}]},{\"@type\":\"ImageObject\",\"inLanguage\":\"de\",\"@id\":\"https:\\\/\\\/houseofotoko.com\\\/product\\\/rivet-pet-bed\\\/#primaryimage\",\"url\":\"https:\\\/\\\/houseofotoko.com\\\/wp-content\\\/uploads\\\/2025\\\/03\\\/rivet-pet-bed.webp\",\"contentUrl\":\"https:\\\/\\\/houseofotoko.com\\\/wp-content\\\/uploads\\\/2025\\\/03\\\/rivet-pet-bed.webp\",\"width\":600,\"height\":600,\"caption\":\"Puebco rivet pet bed; House of Otoko\"},{\"@type\":\"BreadcrumbList\",\"@id\":\"https:\\\/\\\/houseofotoko.com\\\/product\\\/rivet-pet-bed\\\/#breadcrumb\",\"itemListElement\":[{\"@type\":\"ListItem\",\"position\":1,\"name\":\"Home\",\"item\":\"https:\\\/\\\/houseofotoko.com\\\/\"},{\"@type\":\"ListItem\",\"position\":2,\"name\":\"Shop\",\"item\":\"https:\\\/\\\/houseofotoko.com\\\/shop\\\/\"},{\"@type\":\"ListItem\",\"position\":3,\"name\":\"Rivet Pet Bed\"}]},{\"@type\":\"WebSite\",\"@id\":\"https:\\\/\\\/houseofotoko.com\\\/#website\",\"url\":\"https:\\\/\\\/houseofotoko.com\\\/\",\"name\":\"House of Otoko\",\"description\":\"\",\"publisher\":{\"@id\":\"https:\\\/\\\/houseofotoko.com\\\/#organization\"},\"potentialAction\":[{\"@type\":\"SearchAction\",\"target\":{\"@type\":\"EntryPoint\",\"urlTemplate\":\"https:\\\/\\\/houseofotoko.com\\\/?s={search_term_string}\"},\"query-input\":{\"@type\":\"PropertyValueSpecification\",\"valueRequired\":true,\"valueName\":\"search_term_string\"}}],\"inLanguage\":\"de\"},{\"@type\":\"Organization\",\"@id\":\"https:\\\/\\\/houseofotoko.com\\\/#organization\",\"name\":\"House of Otoko\",\"url\":\"https:\\\/\\\/houseofotoko.com\\\/\",\"logo\":{\"@type\":\"ImageObject\",\"inLanguage\":\"de\",\"@id\":\"https:\\\/\\\/houseofotoko.com\\\/#\\\/schema\\\/logo\\\/image\\\/\",\"url\":\"https:\\\/\\\/mlfln9ez57ke.i.optimole.com\\\/w:1123\\\/h:1038\\\/q:mauto\\\/f:best\\\/ig:avif\\\/https:\\\/\\\/houseofotoko.com\\\/wp-content\\\/uploads\\\/2025\\\/01\\\/LOGO-PNG-1.png\",\"contentUrl\":\"https:\\\/\\\/mlfln9ez57ke.i.optimole.com\\\/w:1123\\\/h:1038\\\/q:mauto\\\/f:best\\\/ig:avif\\\/https:\\\/\\\/houseofotoko.com\\\/wp-content\\\/uploads\\\/2025\\\/01\\\/LOGO-PNG-1.png\",\"width\":1123,\"height\":1038,\"caption\":\"House of Otoko\"},\"image\":{\"@id\":\"https:\\\/\\\/houseofotoko.com\\\/#\\\/schema\\\/logo\\\/image\\\/\"},\"sameAs\":[\"https:\\\/\\\/www.instagram.com\\\/houseofotoko\\\/\"]}]}<\/script>\n<!-- \/ Yoast SEO plugin. -->","yoast_head_json":{"title":"Rivet Pet Bed - House of Otoko","description":"More than just a pet bed, the Rivet Pet Bed is a statement piece for pet owners who appreciate design, durability, and functionality.","robots":{"index":"index","follow":"follow","max-snippet":"max-snippet:-1","max-image-preview":"max-image-preview:large","max-video-preview":"max-video-preview:-1"},"canonical":"https:\/\/houseofotoko.com\/de\/produkt\/rivet-pet-bed\/","og_locale":"de_DE","og_type":"article","og_title":"Rivet Pet Bed - House of Otoko","og_description":"More than just a pet bed, the Rivet Pet Bed is a statement piece for pet owners who appreciate design, durability, and functionality.","og_url":"https:\/\/houseofotoko.com\/de\/produkt\/rivet-pet-bed\/","og_site_name":"House of Otoko","article_modified_time":"2026-01-08T15:35:15+00:00","og_image":[{"width":600,"height":600,"url":"https:\/\/houseofotoko.com\/wp-content\/uploads\/2025\/03\/rivet-pet-bed.webp","type":"image\/webp"}],"twitter_card":"summary_large_image","twitter_misc":{"Gesch\u00e4tzte Lesezeit":"1\u00a0Minute"},"schema":{"@context":"https:\/\/schema.org","@graph":[{"@type":"WebPage","@id":"https:\/\/houseofotoko.com\/product\/rivet-pet-bed\/","url":"https:\/\/houseofotoko.com\/product\/rivet-pet-bed\/","name":"Rivet Pet Bed - House of Otoko","isPartOf":{"@id":"https:\/\/houseofotoko.com\/#website"},"primaryImageOfPage":{"@id":"https:\/\/houseofotoko.com\/product\/rivet-pet-bed\/#primaryimage"},"image":{"@id":"https:\/\/houseofotoko.com\/product\/rivet-pet-bed\/#primaryimage"},"thumbnailUrl":"https:\/\/houseofotoko.com\/wp-content\/uploads\/2025\/03\/rivet-pet-bed.webp","datePublished":"2025-03-17T16:30:31+00:00","dateModified":"2026-01-08T15:35:15+00:00","description":"More than just a pet bed, the Rivet Pet Bed is a statement piece for pet owners who appreciate design, durability, and functionality.","breadcrumb":{"@id":"https:\/\/houseofotoko.com\/product\/rivet-pet-bed\/#breadcrumb"},"inLanguage":"de","potentialAction":[{"@type":"ReadAction","target":["https:\/\/houseofotoko.com\/product\/rivet-pet-bed\/"]}]},{"@type":"ImageObject","inLanguage":"de","@id":"https:\/\/houseofotoko.com\/product\/rivet-pet-bed\/#primaryimage","url":"https:\/\/houseofotoko.com\/wp-content\/uploads\/2025\/03\/rivet-pet-bed.webp","contentUrl":"https:\/\/houseofotoko.com\/wp-content\/uploads\/2025\/03\/rivet-pet-bed.webp","width":600,"height":600,"caption":"Puebco rivet pet bed; House of Otoko"},{"@type":"BreadcrumbList","@id":"https:\/\/houseofotoko.com\/product\/rivet-pet-bed\/#breadcrumb","itemListElement":[{"@type":"ListItem","position":1,"name":"Home","item":"https:\/\/houseofotoko.com\/"},{"@type":"ListItem","position":2,"name":"Shop","item":"https:\/\/houseofotoko.com\/shop\/"},{"@type":"ListItem","position":3,"name":"Rivet Pet Bed"}]},{"@type":"WebSite","@id":"https:\/\/houseofotoko.com\/#website","url":"https:\/\/houseofotoko.com\/","name":"House of Otoko","description":"","publisher":{"@id":"https:\/\/houseofotoko.com\/#organization"},"potentialAction":[{"@type":"SearchAction","target":{"@type":"EntryPoint","urlTemplate":"https:\/\/houseofotoko.com\/?s={search_term_string}"},"query-input":{"@type":"PropertyValueSpecification","valueRequired":true,"valueName":"search_term_string"}}],"inLanguage":"de"},{"@type":"Organization","@id":"https:\/\/houseofotoko.com\/#organization","name":"House of Otoko","url":"https:\/\/houseofotoko.com\/","logo":{"@type":"ImageObject","inLanguage":"de","@id":"https:\/\/houseofotoko.com\/#\/schema\/logo\/image\/","url":"https:\/\/mlfln9ez57ke.i.optimole.com\/w:1123\/h:1038\/q:mauto\/f:best\/ig:avif\/https:\/\/houseofotoko.com\/wp-content\/uploads\/2025\/01\/LOGO-PNG-1.png","contentUrl":"https:\/\/mlfln9ez57ke.i.optimole.com\/w:1123\/h:1038\/q:mauto\/f:best\/ig:avif\/https:\/\/houseofotoko.com\/wp-content\/uploads\/2025\/01\/LOGO-PNG-1.png","width":1123,"height":1038,"caption":"House of Otoko"},"image":{"@id":"https:\/\/houseofotoko.com\/#\/schema\/logo\/image\/"},"sameAs":["https:\/\/www.instagram.com\/houseofotoko\/"]}]}},"_links":{"self":[{"href":"https:\/\/houseofotoko.com\/de\/wp-json\/wp\/v2\/product\/654","targetHints":{"allow":["GET"]}}],"collection":[{"href":"https:\/\/houseofotoko.com\/de\/wp-json\/wp\/v2\/product"}],"about":[{"href":"https:\/\/houseofotoko.com\/de\/wp-json\/wp\/v2\/types\/product"}],"replies":[{"embeddable":true,"href":"https:\/\/houseofotoko.com\/de\/wp-json\/wp\/v2\/comments?post=654"}],"wp:featuredmedia":[{"embeddable":true,"href":"https:\/\/houseofotoko.com\/de\/wp-json\/wp\/v2\/media\/655"}],"wp:attachment":[{"href":"https:\/\/houseofotoko.com\/de\/wp-json\/wp\/v2\/media?parent=654"}],"wp:term":[{"taxonomy":"product_brand","embeddable":true,"href":"https:\/\/houseofotoko.com\/de\/wp-json\/wp\/v2\/product_brand?post=654"},{"taxonomy":"product_cat","embeddable":true,"href":"https:\/\/houseofotoko.com\/de\/wp-json\/wp\/v2\/product_cat?post=654"},{"taxonomy":"product_tag","embeddable":true,"href":"https:\/\/houseofotoko.com\/de\/wp-json\/wp\/v2\/product_tag?post=654"}],"curies":[{"name":"wp","href":"https:\/\/api.w.org\/{rel}","templated":true}]}}