{"id":642,"date":"2025-03-17T14:27:00","date_gmt":"2025-03-17T14:27:00","guid":{"rendered":"https:\/\/houseofotoko.com\/?post_type=product&#038;p=642"},"modified":"2026-01-06T16:53:26","modified_gmt":"2026-01-06T16:53:26","slug":"dog-treat-bag-york","status":"publish","type":"product","link":"https:\/\/houseofotoko.com\/de\/produkt\/dog-treat-bag-york\/","title":{"rendered":"Hundeleckerli-Tasche YORK"},"content":{"rendered":"<p data-start=\"977\" data-end=\"1017\">Dog Treat Bag YORK F\u00fcr Hundebesitzer, die Wert auf Stil, Funktionalit\u00e4t und Langlebigkeit legen. Die YORK Hundeleckerli-Tasche von BAND&amp;ROLL ist aus hochwertigem Leder und gewachstem Segeltuch handgefertigt und damit ebenso robust und stilvoll wie langlebig. Perfekt f\u00fcr Training, Spazierg\u00e4nge und Abenteuer mit Ihrem vierbeinigen Begleiter.<\/p>\n<ul>\n<li><strong><em>Kompakt und faltbar<\/em><\/strong><\/li>\n<li><strong><em>Material: Naturleder und gewachstes Segeltuch<\/em><\/strong><\/li>\n<li><em><strong>Farbe: gr\u00fcn und braun<\/strong><\/em><\/li>\n<li><strong><em>Abmessungen: \u00d8 7 x 12 cm\u00a0<\/em><\/strong><\/li>\n<li><strong><em>Robustes und zeitloses Design - handgefertigt und f\u00fcr eine jahrelange Lebensdauer ausgelegt.<\/em><\/strong><\/li>\n<li><strong><em>Marke<\/em>:<\/strong> <strong><em>Band &amp; Roll<\/em><\/strong><\/li>\n<\/ul>\n<p data-start=\"1760\" data-end=\"1840\" data-is-last-node=\"\" data-is-only-node=\"\">Ein Muss f\u00fcr jeden Hundeliebhaber, der Stil und Zweckm\u00e4\u00dfigkeit verbinden m\u00f6chte.<\/p>","protected":false},"excerpt":{"rendered":"<p>Mit der Dog Treat Bag YORK haben Sie die Leckerlis Ihres Hundes in einer kompakten Tasche aus gewachstem Canvas immer dabei. Sie ist der perfekte Begleiter f\u00fcr die Abenteuer Ihres pelzigen Freundes.<\/p>","protected":false},"featured_media":650,"comment_status":"open","ping_status":"closed","template":"","meta":{"neve_meta_sidebar":"","neve_meta_container":"","neve_meta_enable_content_width":"off","neve_meta_content_width":100,"neve_meta_title_alignment":"","neve_meta_author_avatar":"","neve_post_elements_order":"","neve_meta_disable_header":"","neve_meta_disable_footer":"","neve_meta_disable_title":"","neve_meta_reading_time":"","_themeisle_gutenberg_block_has_review":false,"neve_tabs_data":"","neve_override_tab_layout":""},"product_brand":[208],"product_cat":[16,50,25,24,23,46],"product_tag":[95,94,81],"class_list":{"0":"post-642","1":"product","2":"type-product","3":"status-publish","4":"has-post-thumbnail","6":"product_brand-band-roll","7":"product_cat-all","8":"product_cat-camping","9":"product_cat-outdoor","10":"product_cat-pets","11":"product_cat-sustainable","12":"product_cat-usefull","13":"product_tag-bowl","14":"product_tag-pet","15":"product_tag-sustainable","16":"product_shipping_class-letterbox-package","18":"first","19":"instock","20":"taxable","21":"shipping-taxable","22":"purchasable","23":"product-type-simple"},"yoast_head":"<!-- This site is optimized with the Yoast SEO plugin v27.4 - https:\/\/yoast.com\/product\/yoast-seo-wordpress\/ -->\n<title>Dog Treat Bag YORK - House of Otoko<\/title>\n<meta name=\"description\" content=\"Dog Treat Bag YORK keeps your pup\u2019s treats close, in a compact waxed canvas bag. It\u2019s the perfect companion for your furry friend\u2019s adventures.\" \/>\n<meta name=\"robots\" content=\"index, follow, max-snippet:-1, max-image-preview:large, max-video-preview:-1\" \/>\n<link rel=\"canonical\" href=\"https:\/\/houseofotoko.com\/de\/produkt\/dog-treat-bag-york\/\" \/>\n<meta property=\"og:locale\" content=\"de_DE\" \/>\n<meta property=\"og:type\" content=\"article\" \/>\n<meta property=\"og:title\" content=\"Dog Treat Bag YORK - House of Otoko\" \/>\n<meta property=\"og:description\" content=\"Dog Treat Bag YORK keeps your pup\u2019s treats close, in a compact waxed canvas bag. It\u2019s the perfect companion for your furry friend\u2019s adventures.\" \/>\n<meta property=\"og:url\" content=\"https:\/\/houseofotoko.com\/de\/produkt\/dog-treat-bag-york\/\" \/>\n<meta property=\"og:site_name\" content=\"House of Otoko\" \/>\n<meta property=\"article:modified_time\" content=\"2026-01-06T16:53:26+00:00\" \/>\n<meta property=\"og:image\" content=\"https:\/\/houseofotoko.com\/wp-content\/uploads\/2025\/03\/Treat-bag-YORK-1.webp\" \/>\n\t<meta property=\"og:image:width\" content=\"600\" \/>\n\t<meta property=\"og:image:height\" content=\"600\" \/>\n\t<meta property=\"og:image:type\" content=\"image\/webp\" \/>\n<meta name=\"twitter:card\" content=\"summary_large_image\" \/>\n<meta name=\"twitter:label1\" content=\"Gesch\u00e4tzte Lesezeit\" \/>\n\t<meta name=\"twitter:data1\" content=\"1\u00a0Minute\" \/>\n<script type=\"application\/ld+json\" class=\"yoast-schema-graph\">{\"@context\":\"https:\\\/\\\/schema.org\",\"@graph\":[{\"@type\":\"WebPage\",\"@id\":\"https:\\\/\\\/houseofotoko.com\\\/product\\\/dog-treat-bag-york\\\/\",\"url\":\"https:\\\/\\\/houseofotoko.com\\\/product\\\/dog-treat-bag-york\\\/\",\"name\":\"Dog Treat Bag YORK - House of Otoko\",\"isPartOf\":{\"@id\":\"https:\\\/\\\/houseofotoko.com\\\/#website\"},\"primaryImageOfPage\":{\"@id\":\"https:\\\/\\\/houseofotoko.com\\\/product\\\/dog-treat-bag-york\\\/#primaryimage\"},\"image\":{\"@id\":\"https:\\\/\\\/houseofotoko.com\\\/product\\\/dog-treat-bag-york\\\/#primaryimage\"},\"thumbnailUrl\":\"https:\\\/\\\/houseofotoko.com\\\/wp-content\\\/uploads\\\/2025\\\/03\\\/Treat-bag-YORK-1.webp\",\"datePublished\":\"2025-03-17T14:27:00+00:00\",\"dateModified\":\"2026-01-06T16:53:26+00:00\",\"description\":\"Dog Treat Bag YORK keeps your pup\u2019s treats close, in a compact waxed canvas bag. It\u2019s the perfect companion for your furry friend\u2019s adventures.\",\"breadcrumb\":{\"@id\":\"https:\\\/\\\/houseofotoko.com\\\/product\\\/dog-treat-bag-york\\\/#breadcrumb\"},\"inLanguage\":\"de\",\"potentialAction\":[{\"@type\":\"ReadAction\",\"target\":[\"https:\\\/\\\/houseofotoko.com\\\/product\\\/dog-treat-bag-york\\\/\"]}]},{\"@type\":\"ImageObject\",\"inLanguage\":\"de\",\"@id\":\"https:\\\/\\\/houseofotoko.com\\\/product\\\/dog-treat-bag-york\\\/#primaryimage\",\"url\":\"https:\\\/\\\/houseofotoko.com\\\/wp-content\\\/uploads\\\/2025\\\/03\\\/Treat-bag-YORK-1.webp\",\"contentUrl\":\"https:\\\/\\\/houseofotoko.com\\\/wp-content\\\/uploads\\\/2025\\\/03\\\/Treat-bag-YORK-1.webp\",\"width\":600,\"height\":600,\"caption\":\"BAND&ROLL DOG TREAT BAG. YORK\"},{\"@type\":\"BreadcrumbList\",\"@id\":\"https:\\\/\\\/houseofotoko.com\\\/product\\\/dog-treat-bag-york\\\/#breadcrumb\",\"itemListElement\":[{\"@type\":\"ListItem\",\"position\":1,\"name\":\"Home\",\"item\":\"https:\\\/\\\/houseofotoko.com\\\/\"},{\"@type\":\"ListItem\",\"position\":2,\"name\":\"Shop\",\"item\":\"https:\\\/\\\/houseofotoko.com\\\/shop\\\/\"},{\"@type\":\"ListItem\",\"position\":3,\"name\":\"Dog Treat Bag YORK\"}]},{\"@type\":\"WebSite\",\"@id\":\"https:\\\/\\\/houseofotoko.com\\\/#website\",\"url\":\"https:\\\/\\\/houseofotoko.com\\\/\",\"name\":\"House of Otoko\",\"description\":\"\",\"publisher\":{\"@id\":\"https:\\\/\\\/houseofotoko.com\\\/#organization\"},\"potentialAction\":[{\"@type\":\"SearchAction\",\"target\":{\"@type\":\"EntryPoint\",\"urlTemplate\":\"https:\\\/\\\/houseofotoko.com\\\/?s={search_term_string}\"},\"query-input\":{\"@type\":\"PropertyValueSpecification\",\"valueRequired\":true,\"valueName\":\"search_term_string\"}}],\"inLanguage\":\"de\"},{\"@type\":\"Organization\",\"@id\":\"https:\\\/\\\/houseofotoko.com\\\/#organization\",\"name\":\"House of Otoko\",\"url\":\"https:\\\/\\\/houseofotoko.com\\\/\",\"logo\":{\"@type\":\"ImageObject\",\"inLanguage\":\"de\",\"@id\":\"https:\\\/\\\/houseofotoko.com\\\/#\\\/schema\\\/logo\\\/image\\\/\",\"url\":\"https:\\\/\\\/mlfln9ez57ke.i.optimole.com\\\/w:1123\\\/h:1038\\\/q:mauto\\\/f:best\\\/ig:avif\\\/https:\\\/\\\/houseofotoko.com\\\/wp-content\\\/uploads\\\/2025\\\/01\\\/LOGO-PNG-1.png\",\"contentUrl\":\"https:\\\/\\\/mlfln9ez57ke.i.optimole.com\\\/w:1123\\\/h:1038\\\/q:mauto\\\/f:best\\\/ig:avif\\\/https:\\\/\\\/houseofotoko.com\\\/wp-content\\\/uploads\\\/2025\\\/01\\\/LOGO-PNG-1.png\",\"width\":1123,\"height\":1038,\"caption\":\"House of Otoko\"},\"image\":{\"@id\":\"https:\\\/\\\/houseofotoko.com\\\/#\\\/schema\\\/logo\\\/image\\\/\"},\"sameAs\":[\"https:\\\/\\\/www.instagram.com\\\/houseofotoko\\\/\"]}]}<\/script>\n<!-- \/ Yoast SEO plugin. -->","yoast_head_json":{"title":"Dog Treat Bag YORK - House of Otoko","description":"Mit der Dog Treat Bag YORK haben Sie die Leckerlis Ihres Hundes in einer kompakten Tasche aus gewachstem Canvas immer dabei. Sie ist der perfekte Begleiter f\u00fcr die Abenteuer Ihres pelzigen Freundes.","robots":{"index":"index","follow":"follow","max-snippet":"max-snippet:-1","max-image-preview":"max-image-preview:large","max-video-preview":"max-video-preview:-1"},"canonical":"https:\/\/houseofotoko.com\/de\/produkt\/dog-treat-bag-york\/","og_locale":"de_DE","og_type":"article","og_title":"Dog Treat Bag YORK - House of Otoko","og_description":"Dog Treat Bag YORK keeps your pup\u2019s treats close, in a compact waxed canvas bag. It\u2019s the perfect companion for your furry friend\u2019s adventures.","og_url":"https:\/\/houseofotoko.com\/de\/produkt\/dog-treat-bag-york\/","og_site_name":"House of Otoko","article_modified_time":"2026-01-06T16:53:26+00:00","og_image":[{"width":600,"height":600,"url":"https:\/\/houseofotoko.com\/wp-content\/uploads\/2025\/03\/Treat-bag-YORK-1.webp","type":"image\/webp"}],"twitter_card":"summary_large_image","twitter_misc":{"Gesch\u00e4tzte Lesezeit":"1\u00a0Minute"},"schema":{"@context":"https:\/\/schema.org","@graph":[{"@type":"WebPage","@id":"https:\/\/houseofotoko.com\/product\/dog-treat-bag-york\/","url":"https:\/\/houseofotoko.com\/product\/dog-treat-bag-york\/","name":"Dog Treat Bag YORK - House of Otoko","isPartOf":{"@id":"https:\/\/houseofotoko.com\/#website"},"primaryImageOfPage":{"@id":"https:\/\/houseofotoko.com\/product\/dog-treat-bag-york\/#primaryimage"},"image":{"@id":"https:\/\/houseofotoko.com\/product\/dog-treat-bag-york\/#primaryimage"},"thumbnailUrl":"https:\/\/houseofotoko.com\/wp-content\/uploads\/2025\/03\/Treat-bag-YORK-1.webp","datePublished":"2025-03-17T14:27:00+00:00","dateModified":"2026-01-06T16:53:26+00:00","description":"Mit der Dog Treat Bag YORK haben Sie die Leckerlis Ihres Hundes in einer kompakten Tasche aus gewachstem Canvas immer dabei. Sie ist der perfekte Begleiter f\u00fcr die Abenteuer Ihres pelzigen Freundes.","breadcrumb":{"@id":"https:\/\/houseofotoko.com\/product\/dog-treat-bag-york\/#breadcrumb"},"inLanguage":"de","potentialAction":[{"@type":"ReadAction","target":["https:\/\/houseofotoko.com\/product\/dog-treat-bag-york\/"]}]},{"@type":"ImageObject","inLanguage":"de","@id":"https:\/\/houseofotoko.com\/product\/dog-treat-bag-york\/#primaryimage","url":"https:\/\/houseofotoko.com\/wp-content\/uploads\/2025\/03\/Treat-bag-YORK-1.webp","contentUrl":"https:\/\/houseofotoko.com\/wp-content\/uploads\/2025\/03\/Treat-bag-YORK-1.webp","width":600,"height":600,"caption":"BAND&ROLL DOG TREAT BAG. YORK"},{"@type":"BreadcrumbList","@id":"https:\/\/houseofotoko.com\/product\/dog-treat-bag-york\/#breadcrumb","itemListElement":[{"@type":"ListItem","position":1,"name":"Home","item":"https:\/\/houseofotoko.com\/"},{"@type":"ListItem","position":2,"name":"Shop","item":"https:\/\/houseofotoko.com\/shop\/"},{"@type":"ListItem","position":3,"name":"Dog Treat Bag YORK"}]},{"@type":"WebSite","@id":"https:\/\/houseofotoko.com\/#website","url":"https:\/\/houseofotoko.com\/","name":"House of Otoko","description":"","publisher":{"@id":"https:\/\/houseofotoko.com\/#organization"},"potentialAction":[{"@type":"SearchAction","target":{"@type":"EntryPoint","urlTemplate":"https:\/\/houseofotoko.com\/?s={search_term_string}"},"query-input":{"@type":"PropertyValueSpecification","valueRequired":true,"valueName":"search_term_string"}}],"inLanguage":"de"},{"@type":"Organization","@id":"https:\/\/houseofotoko.com\/#organization","name":"House of Otoko","url":"https:\/\/houseofotoko.com\/","logo":{"@type":"ImageObject","inLanguage":"de","@id":"https:\/\/houseofotoko.com\/#\/schema\/logo\/image\/","url":"https:\/\/mlfln9ez57ke.i.optimole.com\/w:1123\/h:1038\/q:mauto\/f:best\/ig:avif\/https:\/\/houseofotoko.com\/wp-content\/uploads\/2025\/01\/LOGO-PNG-1.png","contentUrl":"https:\/\/mlfln9ez57ke.i.optimole.com\/w:1123\/h:1038\/q:mauto\/f:best\/ig:avif\/https:\/\/houseofotoko.com\/wp-content\/uploads\/2025\/01\/LOGO-PNG-1.png","width":1123,"height":1038,"caption":"House of Otoko"},"image":{"@id":"https:\/\/houseofotoko.com\/#\/schema\/logo\/image\/"},"sameAs":["https:\/\/www.instagram.com\/houseofotoko\/"]}]}},"_links":{"self":[{"href":"https:\/\/houseofotoko.com\/de\/wp-json\/wp\/v2\/product\/642","targetHints":{"allow":["GET"]}}],"collection":[{"href":"https:\/\/houseofotoko.com\/de\/wp-json\/wp\/v2\/product"}],"about":[{"href":"https:\/\/houseofotoko.com\/de\/wp-json\/wp\/v2\/types\/product"}],"replies":[{"embeddable":true,"href":"https:\/\/houseofotoko.com\/de\/wp-json\/wp\/v2\/comments?post=642"}],"wp:featuredmedia":[{"embeddable":true,"href":"https:\/\/houseofotoko.com\/de\/wp-json\/wp\/v2\/media\/650"}],"wp:attachment":[{"href":"https:\/\/houseofotoko.com\/de\/wp-json\/wp\/v2\/media?parent=642"}],"wp:term":[{"taxonomy":"product_brand","embeddable":true,"href":"https:\/\/houseofotoko.com\/de\/wp-json\/wp\/v2\/product_brand?post=642"},{"taxonomy":"product_cat","embeddable":true,"href":"https:\/\/houseofotoko.com\/de\/wp-json\/wp\/v2\/product_cat?post=642"},{"taxonomy":"product_tag","embeddable":true,"href":"https:\/\/houseofotoko.com\/de\/wp-json\/wp\/v2\/product_tag?post=642"}],"curies":[{"name":"wp","href":"https:\/\/api.w.org\/{rel}","templated":true}]}}