{"id":629,"date":"2025-03-15T16:06:55","date_gmt":"2025-03-15T16:06:55","guid":{"rendered":"https:\/\/houseofotoko.com\/?post_type=product&#038;p=629"},"modified":"2026-04-12T11:50:15","modified_gmt":"2026-04-12T11:50:15","slug":"icelandic-sheepskin-rug-natural-brown","status":"publish","type":"product","link":"https:\/\/houseofotoko.com\/de\/produkt\/icelandic-sheepskin-rug-natural-brown\/","title":{"rendered":"Isl\u00e4ndischer Schafsfellteppich - naturbraun"},"content":{"rendered":"<div class=\"flex max-w-full flex-col flex-grow\">\n<div class=\"min-h-8 text-message relative flex w-full flex-col items-end gap-2 whitespace-normal break-words text-start [.text-message+&amp;]:mt-5\" dir=\"auto\" data-message-author-role=\"assistant\" data-message-id=\"5117fad6-0ab7-437b-93ee-ae42dfa1c191\" data-message-model-slug=\"gpt-4o\">\n<div class=\"flex w-full flex-col gap-1 empty:hidden first:pt-[3px]\">\n<div class=\"markdown prose w-full break-words dark:prose-invert light\">\n<div class=\"flex max-w-full flex-col flex-grow\">\n<div class=\"min-h-8 text-message relative flex w-full flex-col items-end gap-2 whitespace-normal break-words text-start [.text-message+&amp;]:mt-5\" dir=\"auto\" data-message-author-role=\"assistant\" data-message-id=\"05edae69-deaf-4a8b-bf90-5f40046ab079\" data-message-model-slug=\"gpt-4o\">\n<div class=\"flex w-full flex-col gap-1 empty:hidden first:pt-[3px]\">\n<div class=\"markdown prose w-full break-words dark:prose-invert light\">\n<div class=\"flex max-w-full flex-col flex-grow\">\n<div class=\"min-h-8 text-message relative flex w-full flex-col items-end gap-2 whitespace-normal break-words text-start [.text-message+&amp;]:mt-5\" dir=\"auto\" data-message-author-role=\"assistant\" data-message-id=\"05edae69-deaf-4a8b-bf90-5f40046ab079\" data-message-model-slug=\"gpt-4o\">\n<div class=\"flex w-full flex-col gap-1 empty:hidden first:pt-[3px]\">\n<div class=\"markdown prose w-full break-words dark:prose-invert light\">\n<p data-start=\"0\" data-end=\"63\"><strong data-start=\"0\" data-end=\"61\">Icelandic Sheepskin Rug in natural Brown, Wild &amp; Authentic<\/strong><\/p>\n<p data-start=\"65\" data-end=\"344\">Add a rugged, masculine edge to your space with this <strong data-start=\"118\" data-end=\"145\">Icelandic Sheepskin Rug<\/strong> in natural brown. Sourced from Iceland\u2019s hardy mountain sheep, this premium sheepskin is known for its <strong data-start=\"249\" data-end=\"279\">long, thick, and soft wool<\/strong>, offering warmth, comfort, and bold character to any interior.<\/p>\n<\/div>\n<\/div>\n<\/div>\n<\/div>\n<\/div>\n<\/div>\n<\/div>\n<\/div>\n<ul data-start=\"345\" data-end=\"823\">\n<li data-start=\"345\" data-end=\"403\"><strong><em>Size: Approx. 110 x 70 cm<\/em><\/strong><\/li>\n<li data-start=\"404\" data-end=\"483\"><strong><em>Material: 100% genuine Sheepskin <\/em><\/strong><\/li>\n<li data-start=\"404\" data-end=\"483\"><strong><em>Icelandic sheepskin with naturally long wool .<\/em><\/strong><\/li>\n<li data-start=\"484\" data-end=\"588\"><strong><em>Colors: Natural brown tones, making each rug unique.<\/em><\/strong><\/li>\n<li data-start=\"701\" data-end=\"823\"><strong><em>Low Maintenance: Wool\u2019s natural lanolin repels dirt, making it easy to care for.<\/em><\/strong><\/li>\n<li data-start=\"701\" data-end=\"823\"><em><strong>Brand: <a href=\"https:\/\/houseofotoko.com\/product-categorie\/shop\/brands\/van-buren\/\">van Buren<\/a><\/strong><\/em><\/li>\n<\/ul>\n<h3 data-start=\"1101\" data-end=\"1129\"><strong data-start=\"1105\" data-end=\"1127\">Care Instructions:<\/strong><\/h3>\n<ul data-start=\"1131\" data-end=\"1305\">\n<li data-start=\"1131\" data-end=\"1180\">Shake out and air regularly to keep it fresh.<\/li>\n<li data-start=\"1181\" data-end=\"1241\">Keep away from direct sunlight to prevent discoloration.<\/li>\n<li data-start=\"1242\" data-end=\"1305\">Spot clean with a damp cloth and keep the leather side dry.<\/li>\n<\/ul>\n<\/div>\n<\/div>\n<\/div>\n<\/div>\n","protected":false},"excerpt":{"rendered":"<p>Mit seiner ungez\u00e4hmten Sch\u00f6nheit und au\u00dfergew\u00f6hnlichen Qualit\u00e4t ist dieser isl\u00e4ndische Schaffellteppich perfekt f\u00fcr alle, die die raue Eleganz der Natur sch\u00e4tzen.<\/p>","protected":false},"featured_media":632,"comment_status":"open","ping_status":"closed","template":"","meta":{"neve_meta_sidebar":"","neve_meta_container":"","neve_meta_enable_content_width":"off","neve_meta_content_width":100,"neve_meta_title_alignment":"","neve_meta_author_avatar":"","neve_post_elements_order":"","neve_meta_disable_header":"","neve_meta_disable_footer":"","neve_meta_disable_title":"","neve_meta_reading_time":"","_themeisle_gutenberg_block_has_review":false,"neve_tabs_data":"","neve_override_tab_layout":""},"product_brand":[147],"product_cat":[16,50,40,43,25,24,89],"product_tag":[91,90],"class_list":{"0":"post-629","1":"product","2":"type-product","3":"status-publish","4":"has-post-thumbnail","6":"product_brand-van-buren-bolsward","7":"product_cat-all","8":"product_cat-camping","9":"product_cat-home-decor","10":"product_cat-home-textiles","11":"product_cat-outdoor","12":"product_cat-pets","13":"product_cat-van-buren","14":"product_tag-naturel","15":"product_tag-shapenvacht","16":"product_shipping_class-standard-package","18":"first","19":"outofstock","20":"taxable","21":"shipping-taxable","22":"purchasable","23":"product-type-simple"},"yoast_head":"<!-- This site is optimized with the Yoast SEO plugin v27.4 - https:\/\/yoast.com\/product\/yoast-seo-wordpress\/ -->\n<title>Icelandic Sheepskin Rug - natural brown - House of Otoko<\/title>\n<meta name=\"description\" content=\"With its untamed beauty and exceptional quality, this Icelandic Sheepskin Rug is perfect for those who appreciate nature\u2019s rugged elegance.\" \/>\n<meta name=\"robots\" content=\"index, follow, max-snippet:-1, max-image-preview:large, max-video-preview:-1\" \/>\n<link rel=\"canonical\" href=\"https:\/\/houseofotoko.com\/de\/produkt\/icelandic-sheepskin-rug-natural-brown\/\" \/>\n<meta property=\"og:locale\" content=\"de_DE\" \/>\n<meta property=\"og:type\" content=\"article\" \/>\n<meta property=\"og:title\" content=\"Icelandic Sheepskin Rug - natural brown - House of Otoko\" \/>\n<meta property=\"og:description\" content=\"With its untamed beauty and exceptional quality, this Icelandic Sheepskin Rug is perfect for those who appreciate nature\u2019s rugged elegance.\" \/>\n<meta property=\"og:url\" content=\"https:\/\/houseofotoko.com\/de\/produkt\/icelandic-sheepskin-rug-natural-brown\/\" \/>\n<meta property=\"og:site_name\" content=\"House of Otoko\" \/>\n<meta property=\"article:modified_time\" content=\"2026-04-12T11:50:15+00:00\" \/>\n<meta property=\"og:image\" content=\"https:\/\/houseofotoko.com\/wp-content\/uploads\/2025\/03\/Icelandic-sheepskin-brown-1.webp\" \/>\n\t<meta property=\"og:image:width\" content=\"600\" \/>\n\t<meta property=\"og:image:height\" content=\"600\" \/>\n\t<meta property=\"og:image:type\" content=\"image\/webp\" \/>\n<meta name=\"twitter:card\" content=\"summary_large_image\" \/>\n<meta name=\"twitter:label1\" content=\"Gesch\u00e4tzte Lesezeit\" \/>\n\t<meta name=\"twitter:data1\" content=\"1\u00a0Minute\" \/>\n<script type=\"application\/ld+json\" class=\"yoast-schema-graph\">{\"@context\":\"https:\\\/\\\/schema.org\",\"@graph\":[{\"@type\":\"WebPage\",\"@id\":\"https:\\\/\\\/houseofotoko.com\\\/product\\\/icelandic-sheepskin-rug-natural-brown\\\/\",\"url\":\"https:\\\/\\\/houseofotoko.com\\\/product\\\/icelandic-sheepskin-rug-natural-brown\\\/\",\"name\":\"Icelandic Sheepskin Rug - natural brown - House of Otoko\",\"isPartOf\":{\"@id\":\"https:\\\/\\\/houseofotoko.com\\\/#website\"},\"primaryImageOfPage\":{\"@id\":\"https:\\\/\\\/houseofotoko.com\\\/product\\\/icelandic-sheepskin-rug-natural-brown\\\/#primaryimage\"},\"image\":{\"@id\":\"https:\\\/\\\/houseofotoko.com\\\/product\\\/icelandic-sheepskin-rug-natural-brown\\\/#primaryimage\"},\"thumbnailUrl\":\"https:\\\/\\\/houseofotoko.com\\\/wp-content\\\/uploads\\\/2025\\\/03\\\/Icelandic-sheepskin-brown-1.webp\",\"datePublished\":\"2025-03-15T16:06:55+00:00\",\"dateModified\":\"2026-04-12T11:50:15+00:00\",\"description\":\"With its untamed beauty and exceptional quality, this Icelandic Sheepskin Rug is perfect for those who appreciate nature\u2019s rugged elegance.\",\"breadcrumb\":{\"@id\":\"https:\\\/\\\/houseofotoko.com\\\/product\\\/icelandic-sheepskin-rug-natural-brown\\\/#breadcrumb\"},\"inLanguage\":\"de\",\"potentialAction\":[{\"@type\":\"ReadAction\",\"target\":[\"https:\\\/\\\/houseofotoko.com\\\/product\\\/icelandic-sheepskin-rug-natural-brown\\\/\"]}]},{\"@type\":\"ImageObject\",\"inLanguage\":\"de\",\"@id\":\"https:\\\/\\\/houseofotoko.com\\\/product\\\/icelandic-sheepskin-rug-natural-brown\\\/#primaryimage\",\"url\":\"https:\\\/\\\/houseofotoko.com\\\/wp-content\\\/uploads\\\/2025\\\/03\\\/Icelandic-sheepskin-brown-1.webp\",\"contentUrl\":\"https:\\\/\\\/houseofotoko.com\\\/wp-content\\\/uploads\\\/2025\\\/03\\\/Icelandic-sheepskin-brown-1.webp\",\"width\":600,\"height\":600,\"caption\":\"IJslands schapenvacht\"},{\"@type\":\"BreadcrumbList\",\"@id\":\"https:\\\/\\\/houseofotoko.com\\\/product\\\/icelandic-sheepskin-rug-natural-brown\\\/#breadcrumb\",\"itemListElement\":[{\"@type\":\"ListItem\",\"position\":1,\"name\":\"Home\",\"item\":\"https:\\\/\\\/houseofotoko.com\\\/\"},{\"@type\":\"ListItem\",\"position\":2,\"name\":\"Shop\",\"item\":\"https:\\\/\\\/houseofotoko.com\\\/shop\\\/\"},{\"@type\":\"ListItem\",\"position\":3,\"name\":\"Icelandic Sheepskin Rug &#8211; natural brown\"}]},{\"@type\":\"WebSite\",\"@id\":\"https:\\\/\\\/houseofotoko.com\\\/#website\",\"url\":\"https:\\\/\\\/houseofotoko.com\\\/\",\"name\":\"House of Otoko\",\"description\":\"\",\"publisher\":{\"@id\":\"https:\\\/\\\/houseofotoko.com\\\/#organization\"},\"potentialAction\":[{\"@type\":\"SearchAction\",\"target\":{\"@type\":\"EntryPoint\",\"urlTemplate\":\"https:\\\/\\\/houseofotoko.com\\\/?s={search_term_string}\"},\"query-input\":{\"@type\":\"PropertyValueSpecification\",\"valueRequired\":true,\"valueName\":\"search_term_string\"}}],\"inLanguage\":\"de\"},{\"@type\":\"Organization\",\"@id\":\"https:\\\/\\\/houseofotoko.com\\\/#organization\",\"name\":\"House of Otoko\",\"url\":\"https:\\\/\\\/houseofotoko.com\\\/\",\"logo\":{\"@type\":\"ImageObject\",\"inLanguage\":\"de\",\"@id\":\"https:\\\/\\\/houseofotoko.com\\\/#\\\/schema\\\/logo\\\/image\\\/\",\"url\":\"https:\\\/\\\/mlfln9ez57ke.i.optimole.com\\\/w:1123\\\/h:1038\\\/q:mauto\\\/f:best\\\/ig:avif\\\/https:\\\/\\\/houseofotoko.com\\\/wp-content\\\/uploads\\\/2025\\\/01\\\/LOGO-PNG-1.png\",\"contentUrl\":\"https:\\\/\\\/mlfln9ez57ke.i.optimole.com\\\/w:1123\\\/h:1038\\\/q:mauto\\\/f:best\\\/ig:avif\\\/https:\\\/\\\/houseofotoko.com\\\/wp-content\\\/uploads\\\/2025\\\/01\\\/LOGO-PNG-1.png\",\"width\":1123,\"height\":1038,\"caption\":\"House of Otoko\"},\"image\":{\"@id\":\"https:\\\/\\\/houseofotoko.com\\\/#\\\/schema\\\/logo\\\/image\\\/\"},\"sameAs\":[\"https:\\\/\\\/www.instagram.com\\\/houseofotoko\\\/\"]}]}<\/script>\n<!-- \/ Yoast SEO plugin. -->","yoast_head_json":{"title":"Icelandic Sheepskin Rug - natural brown - House of Otoko","description":"Mit seiner ungez\u00e4hmten Sch\u00f6nheit und au\u00dfergew\u00f6hnlichen Qualit\u00e4t ist dieser isl\u00e4ndische Schaffellteppich perfekt f\u00fcr alle, die die raue Eleganz der Natur sch\u00e4tzen.","robots":{"index":"index","follow":"follow","max-snippet":"max-snippet:-1","max-image-preview":"max-image-preview:large","max-video-preview":"max-video-preview:-1"},"canonical":"https:\/\/houseofotoko.com\/de\/produkt\/icelandic-sheepskin-rug-natural-brown\/","og_locale":"de_DE","og_type":"article","og_title":"Icelandic Sheepskin Rug - natural brown - House of Otoko","og_description":"With its untamed beauty and exceptional quality, this Icelandic Sheepskin Rug is perfect for those who appreciate nature\u2019s rugged elegance.","og_url":"https:\/\/houseofotoko.com\/de\/produkt\/icelandic-sheepskin-rug-natural-brown\/","og_site_name":"House of Otoko","article_modified_time":"2026-04-12T11:50:15+00:00","og_image":[{"width":600,"height":600,"url":"https:\/\/houseofotoko.com\/wp-content\/uploads\/2025\/03\/Icelandic-sheepskin-brown-1.webp","type":"image\/webp"}],"twitter_card":"summary_large_image","twitter_misc":{"Gesch\u00e4tzte Lesezeit":"1\u00a0Minute"},"schema":{"@context":"https:\/\/schema.org","@graph":[{"@type":"WebPage","@id":"https:\/\/houseofotoko.com\/product\/icelandic-sheepskin-rug-natural-brown\/","url":"https:\/\/houseofotoko.com\/product\/icelandic-sheepskin-rug-natural-brown\/","name":"Icelandic Sheepskin Rug - natural brown - House of Otoko","isPartOf":{"@id":"https:\/\/houseofotoko.com\/#website"},"primaryImageOfPage":{"@id":"https:\/\/houseofotoko.com\/product\/icelandic-sheepskin-rug-natural-brown\/#primaryimage"},"image":{"@id":"https:\/\/houseofotoko.com\/product\/icelandic-sheepskin-rug-natural-brown\/#primaryimage"},"thumbnailUrl":"https:\/\/houseofotoko.com\/wp-content\/uploads\/2025\/03\/Icelandic-sheepskin-brown-1.webp","datePublished":"2025-03-15T16:06:55+00:00","dateModified":"2026-04-12T11:50:15+00:00","description":"Mit seiner ungez\u00e4hmten Sch\u00f6nheit und au\u00dfergew\u00f6hnlichen Qualit\u00e4t ist dieser isl\u00e4ndische Schaffellteppich perfekt f\u00fcr alle, die die raue Eleganz der Natur sch\u00e4tzen.","breadcrumb":{"@id":"https:\/\/houseofotoko.com\/product\/icelandic-sheepskin-rug-natural-brown\/#breadcrumb"},"inLanguage":"de","potentialAction":[{"@type":"ReadAction","target":["https:\/\/houseofotoko.com\/product\/icelandic-sheepskin-rug-natural-brown\/"]}]},{"@type":"ImageObject","inLanguage":"de","@id":"https:\/\/houseofotoko.com\/product\/icelandic-sheepskin-rug-natural-brown\/#primaryimage","url":"https:\/\/houseofotoko.com\/wp-content\/uploads\/2025\/03\/Icelandic-sheepskin-brown-1.webp","contentUrl":"https:\/\/houseofotoko.com\/wp-content\/uploads\/2025\/03\/Icelandic-sheepskin-brown-1.webp","width":600,"height":600,"caption":"IJslands schapenvacht"},{"@type":"BreadcrumbList","@id":"https:\/\/houseofotoko.com\/product\/icelandic-sheepskin-rug-natural-brown\/#breadcrumb","itemListElement":[{"@type":"ListItem","position":1,"name":"Home","item":"https:\/\/houseofotoko.com\/"},{"@type":"ListItem","position":2,"name":"Shop","item":"https:\/\/houseofotoko.com\/shop\/"},{"@type":"ListItem","position":3,"name":"Icelandic Sheepskin Rug &#8211; natural brown"}]},{"@type":"WebSite","@id":"https:\/\/houseofotoko.com\/#website","url":"https:\/\/houseofotoko.com\/","name":"House of Otoko","description":"","publisher":{"@id":"https:\/\/houseofotoko.com\/#organization"},"potentialAction":[{"@type":"SearchAction","target":{"@type":"EntryPoint","urlTemplate":"https:\/\/houseofotoko.com\/?s={search_term_string}"},"query-input":{"@type":"PropertyValueSpecification","valueRequired":true,"valueName":"search_term_string"}}],"inLanguage":"de"},{"@type":"Organization","@id":"https:\/\/houseofotoko.com\/#organization","name":"House of Otoko","url":"https:\/\/houseofotoko.com\/","logo":{"@type":"ImageObject","inLanguage":"de","@id":"https:\/\/houseofotoko.com\/#\/schema\/logo\/image\/","url":"https:\/\/mlfln9ez57ke.i.optimole.com\/w:1123\/h:1038\/q:mauto\/f:best\/ig:avif\/https:\/\/houseofotoko.com\/wp-content\/uploads\/2025\/01\/LOGO-PNG-1.png","contentUrl":"https:\/\/mlfln9ez57ke.i.optimole.com\/w:1123\/h:1038\/q:mauto\/f:best\/ig:avif\/https:\/\/houseofotoko.com\/wp-content\/uploads\/2025\/01\/LOGO-PNG-1.png","width":1123,"height":1038,"caption":"House of Otoko"},"image":{"@id":"https:\/\/houseofotoko.com\/#\/schema\/logo\/image\/"},"sameAs":["https:\/\/www.instagram.com\/houseofotoko\/"]}]}},"_links":{"self":[{"href":"https:\/\/houseofotoko.com\/de\/wp-json\/wp\/v2\/product\/629","targetHints":{"allow":["GET"]}}],"collection":[{"href":"https:\/\/houseofotoko.com\/de\/wp-json\/wp\/v2\/product"}],"about":[{"href":"https:\/\/houseofotoko.com\/de\/wp-json\/wp\/v2\/types\/product"}],"replies":[{"embeddable":true,"href":"https:\/\/houseofotoko.com\/de\/wp-json\/wp\/v2\/comments?post=629"}],"wp:featuredmedia":[{"embeddable":true,"href":"https:\/\/houseofotoko.com\/de\/wp-json\/wp\/v2\/media\/632"}],"wp:attachment":[{"href":"https:\/\/houseofotoko.com\/de\/wp-json\/wp\/v2\/media?parent=629"}],"wp:term":[{"taxonomy":"product_brand","embeddable":true,"href":"https:\/\/houseofotoko.com\/de\/wp-json\/wp\/v2\/product_brand?post=629"},{"taxonomy":"product_cat","embeddable":true,"href":"https:\/\/houseofotoko.com\/de\/wp-json\/wp\/v2\/product_cat?post=629"},{"taxonomy":"product_tag","embeddable":true,"href":"https:\/\/houseofotoko.com\/de\/wp-json\/wp\/v2\/product_tag?post=629"}],"curies":[{"name":"wp","href":"https:\/\/api.w.org\/{rel}","templated":true}]}}