{"id":617,"date":"2025-03-05T16:23:10","date_gmt":"2025-03-05T16:23:10","guid":{"rendered":"https:\/\/houseofotoko.com\/?post_type=product&#038;p=617"},"modified":"2025-03-05T16:23:10","modified_gmt":"2025-03-05T16:23:10","slug":"tumbling-towers","status":"publish","type":"product","link":"https:\/\/houseofotoko.com\/de\/produkt\/tumbling-towers\/","title":{"rendered":"Tumbling-T\u00fcrme"},"content":{"rendered":"<p data-start=\"0\" data-end=\"77\"><strong>Tumbling Towers Das klassische Spiel mit einem mutigen, modernen Touch<\/strong><\/p>\n<p data-start=\"79\" data-end=\"334\">Heben Sie den Spieleabend auf ein neues Level mit den Printworks Tumbling Towers, einer robusten und stilvollen Neuerfindung des klassischen Stapelspiels. Dieses Set wurde f\u00fcr alle entwickelt, die sowohl Unterhaltung als auch \u00c4sthetik sch\u00e4tzen. Es ist nicht nur ein Spiel, sondern ein Statement-Piece.<\/p>\n<ul data-start=\"360\" data-end=\"820\">\n<li data-start=\"360\" data-end=\"474\"><strong><em>Schlankes &amp; modernes Design\u00a0<\/em><\/strong><\/li>\n<li data-start=\"360\" data-end=\"474\"><strong><em>Farben: Weinrot, Orange und Beige<\/em><\/strong><\/li>\n<li data-start=\"360\" data-end=\"474\"><strong><em>Gewicht: 1 kg<\/em><\/strong><\/li>\n<li data-start=\"475\" data-end=\"567\"><strong><em>Hergestellt aus hochwertigem Holz<\/em><\/strong><\/li>\n<li data-start=\"568\" data-end=\"688\"><strong><em>Ma\u00dfe: 28,5 x 8,5 x 8 cm<\/em><\/strong><\/li>\n<li data-start=\"689\" data-end=\"820\"><strong><em>Mehrsprachige Anweisungen\u00a0<\/em><\/strong><\/li>\n<\/ul>\n<p data-start=\"822\" data-end=\"1054\">Egal, ob Sie Ihre ruhige Hand allein testen oder Freunde in einem Showdown mit hohen Eins\u00e4tzen herausfordern, Printworks Tumbling Towers bietet Spannung, Strategie und Stil. Lassen Sie es ausgestellt, wenn Sie nicht spielen \u2013 es sieht einfach so gut aus.<\/p>\n<p data-start=\"1087\" data-end=\"1156\" data-is-last-node=\"\" data-is-only-node=\"\">Bereit zu bauen, auszubalancieren und zu erobern? Holen Sie sich den Wettbewerb jetzt nach Hause.<\/p>","protected":false},"excerpt":{"rendered":"<p>Egal, ob Sie Ihre ruhige Hand im Alleingang testen oder Freunde zu einem spannenden Showdown herausfordern, Tumbling Towers sorgt f\u00fcr Aufregung, Strategie und Stil. Behalten Sie es zur Zierde auf dem Tisch, wenn Sie nicht spielen; es sieht einfach gut aus!<\/p>","protected":false},"featured_media":622,"comment_status":"open","ping_status":"closed","template":"","meta":{"neve_meta_sidebar":"","neve_meta_container":"","neve_meta_enable_content_width":"off","neve_meta_content_width":100,"neve_meta_title_alignment":"","neve_meta_author_avatar":"","neve_post_elements_order":"","neve_meta_disable_header":"","neve_meta_disable_footer":"","neve_meta_disable_title":"","neve_meta_reading_time":"","_themeisle_gutenberg_block_has_review":false,"neve_tabs_data":"","neve_override_tab_layout":""},"product_brand":[],"product_cat":[16,47,40,22],"product_tag":[86,85,84],"class_list":{"0":"post-617","1":"product","2":"type-product","3":"status-publish","4":"has-post-thumbnail","6":"product_cat-all","7":"product_cat-games","8":"product_cat-home-decor","9":"product_cat-living","10":"product_tag-games","11":"product_tag-red","12":"product_tag-tumbling-towers","13":"product_shipping_class-standard-package","15":"first","16":"instock","17":"taxable","18":"shipping-taxable","19":"purchasable","20":"product-type-simple"},"yoast_head":"<!-- This site is optimized with the Yoast SEO plugin v27.4 - https:\/\/yoast.com\/product\/yoast-seo-wordpress\/ -->\n<title>Tumbling Towers - House of Otoko<\/title>\n<meta name=\"description\" content=\"Whether you&#039;re testing your steady hand or challenging friends in a high stakes showdown,\u00a0this Tumbling Towers delivers excitement, strategy, and style.\" \/>\n<meta name=\"robots\" content=\"index, follow, max-snippet:-1, max-image-preview:large, max-video-preview:-1\" \/>\n<link rel=\"canonical\" href=\"https:\/\/houseofotoko.com\/de\/produkt\/tumbling-towers\/\" \/>\n<meta property=\"og:locale\" content=\"de_DE\" \/>\n<meta property=\"og:type\" content=\"article\" \/>\n<meta property=\"og:title\" content=\"Tumbling Towers - House of Otoko\" \/>\n<meta property=\"og:description\" content=\"Whether you&#039;re testing your steady hand or challenging friends in a high stakes showdown,\u00a0this Tumbling Towers delivers excitement, strategy, and style.\" \/>\n<meta property=\"og:url\" content=\"https:\/\/houseofotoko.com\/de\/produkt\/tumbling-towers\/\" \/>\n<meta property=\"og:site_name\" content=\"House of Otoko\" \/>\n<meta property=\"og:image\" content=\"https:\/\/houseofotoko.com\/wp-content\/uploads\/2025\/03\/Tumbling-Tower-3.webp\" \/>\n\t<meta property=\"og:image:width\" content=\"600\" \/>\n\t<meta property=\"og:image:height\" content=\"600\" \/>\n\t<meta property=\"og:image:type\" content=\"image\/webp\" \/>\n<meta name=\"twitter:card\" content=\"summary_large_image\" \/>\n<meta name=\"twitter:label1\" content=\"Gesch\u00e4tzte Lesezeit\" \/>\n\t<meta name=\"twitter:data1\" content=\"1\u00a0Minute\" \/>\n<script type=\"application\/ld+json\" class=\"yoast-schema-graph\">{\"@context\":\"https:\\\/\\\/schema.org\",\"@graph\":[{\"@type\":\"WebPage\",\"@id\":\"https:\\\/\\\/houseofotoko.com\\\/product\\\/tumbling-towers\\\/\",\"url\":\"https:\\\/\\\/houseofotoko.com\\\/product\\\/tumbling-towers\\\/\",\"name\":\"Tumbling Towers - House of Otoko\",\"isPartOf\":{\"@id\":\"https:\\\/\\\/houseofotoko.com\\\/#website\"},\"primaryImageOfPage\":{\"@id\":\"https:\\\/\\\/houseofotoko.com\\\/product\\\/tumbling-towers\\\/#primaryimage\"},\"image\":{\"@id\":\"https:\\\/\\\/houseofotoko.com\\\/product\\\/tumbling-towers\\\/#primaryimage\"},\"thumbnailUrl\":\"https:\\\/\\\/houseofotoko.com\\\/wp-content\\\/uploads\\\/2025\\\/03\\\/Tumbling-Tower-3.webp\",\"datePublished\":\"2025-03-05T16:23:10+00:00\",\"description\":\"Whether you're testing your steady hand or challenging friends in a high stakes showdown,\u00a0this Tumbling Towers delivers excitement, strategy, and style.\",\"breadcrumb\":{\"@id\":\"https:\\\/\\\/houseofotoko.com\\\/product\\\/tumbling-towers\\\/#breadcrumb\"},\"inLanguage\":\"de\",\"potentialAction\":[{\"@type\":\"ReadAction\",\"target\":[\"https:\\\/\\\/houseofotoko.com\\\/product\\\/tumbling-towers\\\/\"]}]},{\"@type\":\"ImageObject\",\"inLanguage\":\"de\",\"@id\":\"https:\\\/\\\/houseofotoko.com\\\/product\\\/tumbling-towers\\\/#primaryimage\",\"url\":\"https:\\\/\\\/houseofotoko.com\\\/wp-content\\\/uploads\\\/2025\\\/03\\\/Tumbling-Tower-3.webp\",\"contentUrl\":\"https:\\\/\\\/houseofotoko.com\\\/wp-content\\\/uploads\\\/2025\\\/03\\\/Tumbling-Tower-3.webp\",\"width\":600,\"height\":600,\"caption\":\"Printworks Tubling Tower; ean 7350108172691; House of Otoko\"},{\"@type\":\"BreadcrumbList\",\"@id\":\"https:\\\/\\\/houseofotoko.com\\\/product\\\/tumbling-towers\\\/#breadcrumb\",\"itemListElement\":[{\"@type\":\"ListItem\",\"position\":1,\"name\":\"Home\",\"item\":\"https:\\\/\\\/houseofotoko.com\\\/\"},{\"@type\":\"ListItem\",\"position\":2,\"name\":\"Shop\",\"item\":\"https:\\\/\\\/houseofotoko.com\\\/shop\\\/\"},{\"@type\":\"ListItem\",\"position\":3,\"name\":\"Tumbling Towers\"}]},{\"@type\":\"WebSite\",\"@id\":\"https:\\\/\\\/houseofotoko.com\\\/#website\",\"url\":\"https:\\\/\\\/houseofotoko.com\\\/\",\"name\":\"House of Otoko\",\"description\":\"\",\"publisher\":{\"@id\":\"https:\\\/\\\/houseofotoko.com\\\/#organization\"},\"potentialAction\":[{\"@type\":\"SearchAction\",\"target\":{\"@type\":\"EntryPoint\",\"urlTemplate\":\"https:\\\/\\\/houseofotoko.com\\\/?s={search_term_string}\"},\"query-input\":{\"@type\":\"PropertyValueSpecification\",\"valueRequired\":true,\"valueName\":\"search_term_string\"}}],\"inLanguage\":\"de\"},{\"@type\":\"Organization\",\"@id\":\"https:\\\/\\\/houseofotoko.com\\\/#organization\",\"name\":\"House of Otoko\",\"url\":\"https:\\\/\\\/houseofotoko.com\\\/\",\"logo\":{\"@type\":\"ImageObject\",\"inLanguage\":\"de\",\"@id\":\"https:\\\/\\\/houseofotoko.com\\\/#\\\/schema\\\/logo\\\/image\\\/\",\"url\":\"https:\\\/\\\/mlfln9ez57ke.i.optimole.com\\\/w:1123\\\/h:1038\\\/q:mauto\\\/f:best\\\/ig:avif\\\/https:\\\/\\\/houseofotoko.com\\\/wp-content\\\/uploads\\\/2025\\\/01\\\/LOGO-PNG-1.png\",\"contentUrl\":\"https:\\\/\\\/mlfln9ez57ke.i.optimole.com\\\/w:1123\\\/h:1038\\\/q:mauto\\\/f:best\\\/ig:avif\\\/https:\\\/\\\/houseofotoko.com\\\/wp-content\\\/uploads\\\/2025\\\/01\\\/LOGO-PNG-1.png\",\"width\":1123,\"height\":1038,\"caption\":\"House of Otoko\"},\"image\":{\"@id\":\"https:\\\/\\\/houseofotoko.com\\\/#\\\/schema\\\/logo\\\/image\\\/\"},\"sameAs\":[\"https:\\\/\\\/www.instagram.com\\\/houseofotoko\\\/\"]}]}<\/script>\n<!-- \/ Yoast SEO plugin. -->","yoast_head_json":{"title":"Tumbling Towers - House of Otoko","description":"Whether you're testing your steady hand or challenging friends in a high stakes showdown,\u00a0this Tumbling Towers delivers excitement, strategy, and style.","robots":{"index":"index","follow":"follow","max-snippet":"max-snippet:-1","max-image-preview":"max-image-preview:large","max-video-preview":"max-video-preview:-1"},"canonical":"https:\/\/houseofotoko.com\/de\/produkt\/tumbling-towers\/","og_locale":"de_DE","og_type":"article","og_title":"Tumbling Towers - House of Otoko","og_description":"Whether you're testing your steady hand or challenging friends in a high stakes showdown,\u00a0this Tumbling Towers delivers excitement, strategy, and style.","og_url":"https:\/\/houseofotoko.com\/de\/produkt\/tumbling-towers\/","og_site_name":"House of Otoko","og_image":[{"width":600,"height":600,"url":"https:\/\/houseofotoko.com\/wp-content\/uploads\/2025\/03\/Tumbling-Tower-3.webp","type":"image\/webp"}],"twitter_card":"summary_large_image","twitter_misc":{"Gesch\u00e4tzte Lesezeit":"1\u00a0Minute"},"schema":{"@context":"https:\/\/schema.org","@graph":[{"@type":"WebPage","@id":"https:\/\/houseofotoko.com\/product\/tumbling-towers\/","url":"https:\/\/houseofotoko.com\/product\/tumbling-towers\/","name":"Tumbling Towers - House of Otoko","isPartOf":{"@id":"https:\/\/houseofotoko.com\/#website"},"primaryImageOfPage":{"@id":"https:\/\/houseofotoko.com\/product\/tumbling-towers\/#primaryimage"},"image":{"@id":"https:\/\/houseofotoko.com\/product\/tumbling-towers\/#primaryimage"},"thumbnailUrl":"https:\/\/houseofotoko.com\/wp-content\/uploads\/2025\/03\/Tumbling-Tower-3.webp","datePublished":"2025-03-05T16:23:10+00:00","description":"Whether you're testing your steady hand or challenging friends in a high stakes showdown,\u00a0this Tumbling Towers delivers excitement, strategy, and style.","breadcrumb":{"@id":"https:\/\/houseofotoko.com\/product\/tumbling-towers\/#breadcrumb"},"inLanguage":"de","potentialAction":[{"@type":"ReadAction","target":["https:\/\/houseofotoko.com\/product\/tumbling-towers\/"]}]},{"@type":"ImageObject","inLanguage":"de","@id":"https:\/\/houseofotoko.com\/product\/tumbling-towers\/#primaryimage","url":"https:\/\/houseofotoko.com\/wp-content\/uploads\/2025\/03\/Tumbling-Tower-3.webp","contentUrl":"https:\/\/houseofotoko.com\/wp-content\/uploads\/2025\/03\/Tumbling-Tower-3.webp","width":600,"height":600,"caption":"Printworks Tubling Tower; ean 7350108172691; House of Otoko"},{"@type":"BreadcrumbList","@id":"https:\/\/houseofotoko.com\/product\/tumbling-towers\/#breadcrumb","itemListElement":[{"@type":"ListItem","position":1,"name":"Home","item":"https:\/\/houseofotoko.com\/"},{"@type":"ListItem","position":2,"name":"Shop","item":"https:\/\/houseofotoko.com\/shop\/"},{"@type":"ListItem","position":3,"name":"Tumbling Towers"}]},{"@type":"WebSite","@id":"https:\/\/houseofotoko.com\/#website","url":"https:\/\/houseofotoko.com\/","name":"House of Otoko","description":"","publisher":{"@id":"https:\/\/houseofotoko.com\/#organization"},"potentialAction":[{"@type":"SearchAction","target":{"@type":"EntryPoint","urlTemplate":"https:\/\/houseofotoko.com\/?s={search_term_string}"},"query-input":{"@type":"PropertyValueSpecification","valueRequired":true,"valueName":"search_term_string"}}],"inLanguage":"de"},{"@type":"Organization","@id":"https:\/\/houseofotoko.com\/#organization","name":"House of Otoko","url":"https:\/\/houseofotoko.com\/","logo":{"@type":"ImageObject","inLanguage":"de","@id":"https:\/\/houseofotoko.com\/#\/schema\/logo\/image\/","url":"https:\/\/mlfln9ez57ke.i.optimole.com\/w:1123\/h:1038\/q:mauto\/f:best\/ig:avif\/https:\/\/houseofotoko.com\/wp-content\/uploads\/2025\/01\/LOGO-PNG-1.png","contentUrl":"https:\/\/mlfln9ez57ke.i.optimole.com\/w:1123\/h:1038\/q:mauto\/f:best\/ig:avif\/https:\/\/houseofotoko.com\/wp-content\/uploads\/2025\/01\/LOGO-PNG-1.png","width":1123,"height":1038,"caption":"House of Otoko"},"image":{"@id":"https:\/\/houseofotoko.com\/#\/schema\/logo\/image\/"},"sameAs":["https:\/\/www.instagram.com\/houseofotoko\/"]}]}},"_links":{"self":[{"href":"https:\/\/houseofotoko.com\/de\/wp-json\/wp\/v2\/product\/617","targetHints":{"allow":["GET"]}}],"collection":[{"href":"https:\/\/houseofotoko.com\/de\/wp-json\/wp\/v2\/product"}],"about":[{"href":"https:\/\/houseofotoko.com\/de\/wp-json\/wp\/v2\/types\/product"}],"replies":[{"embeddable":true,"href":"https:\/\/houseofotoko.com\/de\/wp-json\/wp\/v2\/comments?post=617"}],"wp:featuredmedia":[{"embeddable":true,"href":"https:\/\/houseofotoko.com\/de\/wp-json\/wp\/v2\/media\/622"}],"wp:attachment":[{"href":"https:\/\/houseofotoko.com\/de\/wp-json\/wp\/v2\/media?parent=617"}],"wp:term":[{"taxonomy":"product_brand","embeddable":true,"href":"https:\/\/houseofotoko.com\/de\/wp-json\/wp\/v2\/product_brand?post=617"},{"taxonomy":"product_cat","embeddable":true,"href":"https:\/\/houseofotoko.com\/de\/wp-json\/wp\/v2\/product_cat?post=617"},{"taxonomy":"product_tag","embeddable":true,"href":"https:\/\/houseofotoko.com\/de\/wp-json\/wp\/v2\/product_tag?post=617"}],"curies":[{"name":"wp","href":"https:\/\/api.w.org\/{rel}","templated":true}]}}