{"id":610,"date":"2025-03-05T15:30:56","date_gmt":"2025-03-05T15:30:56","guid":{"rendered":"https:\/\/houseofotoko.com\/?post_type=product&#038;p=610"},"modified":"2026-01-06T16:51:23","modified_gmt":"2026-01-06T16:51:23","slug":"brass-playing-card-case","status":"publish","type":"product","link":"https:\/\/houseofotoko.com\/de\/produkt\/brass-playing-card-case\/","title":{"rendered":"Spielkartenetui aus Messing"},"content":{"rendered":"<p data-start=\"0\" data-end=\"77\">Das Spielkartenetui aus Messing wertet alle Ihre Kartenspiele auf. Dieses Etui ist eine Verschmelzung von industrieller St\u00e4rke und zeitloser Raffinesse. Das aus massivem Messing gefertigte Etui sch\u00fctzt nicht nur Ihre Spielkarten, sondern setzt auch ein klares Zeichen f\u00fcr Ihren Stil und Ihre Wertsch\u00e4tzung f\u00fcr hochwertige Handwerkskunst.<\/p>\n<ul data-start=\"1402\" data-end=\"1530\">\n<li data-start=\"1402\" data-end=\"1426\"><strong><em>Material: Messing (mit Patina im Laufe der Zeit)<\/em><\/strong><\/li>\n<li data-start=\"1427\" data-end=\"1498\"><strong><em>Abmessungen: 7 x 0 x 0,2 cm (er ist so konzipiert, dass Standard-Spielkarten gut hineinpassen)<\/em><\/strong><\/li>\n<li data-start=\"1427\" data-end=\"1498\"><strong><em>Inklusive Karten<\/em><\/strong><\/li>\n<li data-start=\"1499\" data-end=\"1530\"><strong><em>Produkt-Nummer: Nr.401201<\/em><\/strong><\/li>\n<li data-start=\"1499\" data-end=\"1530\"><strong><em>Marke: <a href=\"https:\/\/houseofotoko.com\/product-categorie\/shop\/brands\/puebco\/\">Puebco<\/a><\/em><\/strong><\/li>\n<\/ul>\n<p data-start=\"1532\" data-end=\"1774\">Aufgrund der Beschaffenheit von Messing kann das Geh\u00e4use mit der Zeit anlaufen oder eine gr\u00fcnlich-blaue Patina annehmen. Diese Merkmale unterstreichen den Vintage-Look, k\u00f6nnen aber auf den Inhalt \u00fcbergehen. Um m\u00f6gliche Sch\u00e4den zu vermeiden, stellen Sie sicher, dass die Gegenst\u00e4nde nicht an den \u00d6ffnungs- und Schlie\u00dfkanten des Deckels liegen, bevor Sie ihn verschlie\u00dfen.<\/p>","protected":false},"excerpt":{"rendered":"<p>Egal, ob Sie ein Kartenliebhaber oder jemand sind, der robuste Accessoires mit einem Hauch von Klasse sch\u00e4tzt, das Spielkartenetui aus Messing ist eine unverzichtbare Erg\u00e4nzung Ihrer Sammlung. Es ist mehr als nur ein Etui; es ist ein Zeugnis f\u00fcr dauerhaften Stil und Funktionalit\u00e4t.<\/p>","protected":false},"featured_media":616,"comment_status":"open","ping_status":"closed","template":"","meta":{"neve_meta_sidebar":"","neve_meta_container":"","neve_meta_enable_content_width":"off","neve_meta_content_width":100,"neve_meta_title_alignment":"","neve_meta_author_avatar":"","neve_post_elements_order":"","neve_meta_disable_header":"","neve_meta_disable_footer":"","neve_meta_disable_title":"","neve_meta_reading_time":"","_themeisle_gutenberg_block_has_review":false,"neve_tabs_data":"","neve_override_tab_layout":""},"product_brand":[118],"product_cat":[16,47,69],"product_tag":[68,82,80,83],"class_list":{"0":"post-610","1":"product","2":"type-product","3":"status-publish","4":"has-post-thumbnail","6":"product_brand-puebco","7":"product_cat-all","8":"product_cat-games","9":"product_cat-puebco","10":"product_tag-brass","11":"product_tag-cards","12":"product_tag-game","13":"product_tag-puebco","14":"product_shipping_class-letterbox-package","16":"first","17":"outofstock","18":"taxable","19":"shipping-taxable","20":"purchasable","21":"product-type-simple"},"yoast_head":"<!-- This site is optimized with the Yoast SEO plugin v27.4 - https:\/\/yoast.com\/product\/yoast-seo-wordpress\/ -->\n<title>Brass Playing Card Case - House of Otoko<\/title>\n<meta name=\"description\" content=\"Whether you&#039;re a card enthusiast or someone who values rugged accessories, the Brass Playing Card Case is an essential addition to your collection.\" \/>\n<meta name=\"robots\" content=\"index, follow, max-snippet:-1, max-image-preview:large, max-video-preview:-1\" \/>\n<link rel=\"canonical\" href=\"https:\/\/houseofotoko.com\/de\/produkt\/brass-playing-card-case\/\" \/>\n<meta property=\"og:locale\" content=\"de_DE\" \/>\n<meta property=\"og:type\" content=\"article\" \/>\n<meta property=\"og:title\" content=\"Brass Playing Card Case - House of Otoko\" \/>\n<meta property=\"og:description\" content=\"Whether you&#039;re a card enthusiast or someone who values rugged accessories, the Brass Playing Card Case is an essential addition to your collection.\" \/>\n<meta property=\"og:url\" content=\"https:\/\/houseofotoko.com\/de\/produkt\/brass-playing-card-case\/\" \/>\n<meta property=\"og:site_name\" content=\"House of Otoko\" \/>\n<meta property=\"article:modified_time\" content=\"2026-01-06T16:51:23+00:00\" \/>\n<meta property=\"og:image\" content=\"https:\/\/houseofotoko.com\/wp-content\/uploads\/2025\/03\/Playing-card-case-brass-5.webp\" \/>\n\t<meta property=\"og:image:width\" content=\"600\" \/>\n\t<meta property=\"og:image:height\" content=\"600\" \/>\n\t<meta property=\"og:image:type\" content=\"image\/webp\" \/>\n<meta name=\"twitter:card\" content=\"summary_large_image\" \/>\n<meta name=\"twitter:label1\" content=\"Gesch\u00e4tzte Lesezeit\" \/>\n\t<meta name=\"twitter:data1\" content=\"1\u00a0Minute\" \/>\n<script type=\"application\/ld+json\" class=\"yoast-schema-graph\">{\"@context\":\"https:\\\/\\\/schema.org\",\"@graph\":[{\"@type\":\"WebPage\",\"@id\":\"https:\\\/\\\/houseofotoko.com\\\/product\\\/brass-playing-card-case\\\/\",\"url\":\"https:\\\/\\\/houseofotoko.com\\\/product\\\/brass-playing-card-case\\\/\",\"name\":\"Brass Playing Card Case - House of Otoko\",\"isPartOf\":{\"@id\":\"https:\\\/\\\/houseofotoko.com\\\/#website\"},\"primaryImageOfPage\":{\"@id\":\"https:\\\/\\\/houseofotoko.com\\\/product\\\/brass-playing-card-case\\\/#primaryimage\"},\"image\":{\"@id\":\"https:\\\/\\\/houseofotoko.com\\\/product\\\/brass-playing-card-case\\\/#primaryimage\"},\"thumbnailUrl\":\"https:\\\/\\\/houseofotoko.com\\\/wp-content\\\/uploads\\\/2025\\\/03\\\/Playing-card-case-brass-5.webp\",\"datePublished\":\"2025-03-05T15:30:56+00:00\",\"dateModified\":\"2026-01-06T16:51:23+00:00\",\"description\":\"Whether you're a card enthusiast or someone who values rugged accessories, the Brass Playing Card Case is an essential addition to your collection.\",\"breadcrumb\":{\"@id\":\"https:\\\/\\\/houseofotoko.com\\\/product\\\/brass-playing-card-case\\\/#breadcrumb\"},\"inLanguage\":\"de\",\"potentialAction\":[{\"@type\":\"ReadAction\",\"target\":[\"https:\\\/\\\/houseofotoko.com\\\/product\\\/brass-playing-card-case\\\/\"]}]},{\"@type\":\"ImageObject\",\"inLanguage\":\"de\",\"@id\":\"https:\\\/\\\/houseofotoko.com\\\/product\\\/brass-playing-card-case\\\/#primaryimage\",\"url\":\"https:\\\/\\\/houseofotoko.com\\\/wp-content\\\/uploads\\\/2025\\\/03\\\/Playing-card-case-brass-5.webp\",\"contentUrl\":\"https:\\\/\\\/houseofotoko.com\\\/wp-content\\\/uploads\\\/2025\\\/03\\\/Playing-card-case-brass-5.webp\",\"width\":600,\"height\":600,\"caption\":\"Brass Playing Card Case Puebco; No.401201; house of Otoko\"},{\"@type\":\"BreadcrumbList\",\"@id\":\"https:\\\/\\\/houseofotoko.com\\\/product\\\/brass-playing-card-case\\\/#breadcrumb\",\"itemListElement\":[{\"@type\":\"ListItem\",\"position\":1,\"name\":\"Home\",\"item\":\"https:\\\/\\\/houseofotoko.com\\\/\"},{\"@type\":\"ListItem\",\"position\":2,\"name\":\"Shop\",\"item\":\"https:\\\/\\\/houseofotoko.com\\\/shop\\\/\"},{\"@type\":\"ListItem\",\"position\":3,\"name\":\"Brass Playing Card Case\"}]},{\"@type\":\"WebSite\",\"@id\":\"https:\\\/\\\/houseofotoko.com\\\/#website\",\"url\":\"https:\\\/\\\/houseofotoko.com\\\/\",\"name\":\"House of Otoko\",\"description\":\"\",\"publisher\":{\"@id\":\"https:\\\/\\\/houseofotoko.com\\\/#organization\"},\"potentialAction\":[{\"@type\":\"SearchAction\",\"target\":{\"@type\":\"EntryPoint\",\"urlTemplate\":\"https:\\\/\\\/houseofotoko.com\\\/?s={search_term_string}\"},\"query-input\":{\"@type\":\"PropertyValueSpecification\",\"valueRequired\":true,\"valueName\":\"search_term_string\"}}],\"inLanguage\":\"de\"},{\"@type\":\"Organization\",\"@id\":\"https:\\\/\\\/houseofotoko.com\\\/#organization\",\"name\":\"House of Otoko\",\"url\":\"https:\\\/\\\/houseofotoko.com\\\/\",\"logo\":{\"@type\":\"ImageObject\",\"inLanguage\":\"de\",\"@id\":\"https:\\\/\\\/houseofotoko.com\\\/#\\\/schema\\\/logo\\\/image\\\/\",\"url\":\"https:\\\/\\\/mlfln9ez57ke.i.optimole.com\\\/w:1123\\\/h:1038\\\/q:mauto\\\/f:best\\\/ig:avif\\\/https:\\\/\\\/houseofotoko.com\\\/wp-content\\\/uploads\\\/2025\\\/01\\\/LOGO-PNG-1.png\",\"contentUrl\":\"https:\\\/\\\/mlfln9ez57ke.i.optimole.com\\\/w:1123\\\/h:1038\\\/q:mauto\\\/f:best\\\/ig:avif\\\/https:\\\/\\\/houseofotoko.com\\\/wp-content\\\/uploads\\\/2025\\\/01\\\/LOGO-PNG-1.png\",\"width\":1123,\"height\":1038,\"caption\":\"House of Otoko\"},\"image\":{\"@id\":\"https:\\\/\\\/houseofotoko.com\\\/#\\\/schema\\\/logo\\\/image\\\/\"},\"sameAs\":[\"https:\\\/\\\/www.instagram.com\\\/houseofotoko\\\/\"]}]}<\/script>\n<!-- \/ Yoast SEO plugin. -->","yoast_head_json":{"title":"Brass Playing Card Case - House of Otoko","description":"Whether you're a card enthusiast or someone who values rugged accessories, the Brass Playing Card Case is an essential addition to your collection.","robots":{"index":"index","follow":"follow","max-snippet":"max-snippet:-1","max-image-preview":"max-image-preview:large","max-video-preview":"max-video-preview:-1"},"canonical":"https:\/\/houseofotoko.com\/de\/produkt\/brass-playing-card-case\/","og_locale":"de_DE","og_type":"article","og_title":"Brass Playing Card Case - House of Otoko","og_description":"Whether you're a card enthusiast or someone who values rugged accessories, the Brass Playing Card Case is an essential addition to your collection.","og_url":"https:\/\/houseofotoko.com\/de\/produkt\/brass-playing-card-case\/","og_site_name":"House of Otoko","article_modified_time":"2026-01-06T16:51:23+00:00","og_image":[{"width":600,"height":600,"url":"https:\/\/houseofotoko.com\/wp-content\/uploads\/2025\/03\/Playing-card-case-brass-5.webp","type":"image\/webp"}],"twitter_card":"summary_large_image","twitter_misc":{"Gesch\u00e4tzte Lesezeit":"1\u00a0Minute"},"schema":{"@context":"https:\/\/schema.org","@graph":[{"@type":"WebPage","@id":"https:\/\/houseofotoko.com\/product\/brass-playing-card-case\/","url":"https:\/\/houseofotoko.com\/product\/brass-playing-card-case\/","name":"Brass Playing Card Case - House of Otoko","isPartOf":{"@id":"https:\/\/houseofotoko.com\/#website"},"primaryImageOfPage":{"@id":"https:\/\/houseofotoko.com\/product\/brass-playing-card-case\/#primaryimage"},"image":{"@id":"https:\/\/houseofotoko.com\/product\/brass-playing-card-case\/#primaryimage"},"thumbnailUrl":"https:\/\/houseofotoko.com\/wp-content\/uploads\/2025\/03\/Playing-card-case-brass-5.webp","datePublished":"2025-03-05T15:30:56+00:00","dateModified":"2026-01-06T16:51:23+00:00","description":"Whether you're a card enthusiast or someone who values rugged accessories, the Brass Playing Card Case is an essential addition to your collection.","breadcrumb":{"@id":"https:\/\/houseofotoko.com\/product\/brass-playing-card-case\/#breadcrumb"},"inLanguage":"de","potentialAction":[{"@type":"ReadAction","target":["https:\/\/houseofotoko.com\/product\/brass-playing-card-case\/"]}]},{"@type":"ImageObject","inLanguage":"de","@id":"https:\/\/houseofotoko.com\/product\/brass-playing-card-case\/#primaryimage","url":"https:\/\/houseofotoko.com\/wp-content\/uploads\/2025\/03\/Playing-card-case-brass-5.webp","contentUrl":"https:\/\/houseofotoko.com\/wp-content\/uploads\/2025\/03\/Playing-card-case-brass-5.webp","width":600,"height":600,"caption":"Brass Playing Card Case Puebco; No.401201; house of Otoko"},{"@type":"BreadcrumbList","@id":"https:\/\/houseofotoko.com\/product\/brass-playing-card-case\/#breadcrumb","itemListElement":[{"@type":"ListItem","position":1,"name":"Home","item":"https:\/\/houseofotoko.com\/"},{"@type":"ListItem","position":2,"name":"Shop","item":"https:\/\/houseofotoko.com\/shop\/"},{"@type":"ListItem","position":3,"name":"Brass Playing Card Case"}]},{"@type":"WebSite","@id":"https:\/\/houseofotoko.com\/#website","url":"https:\/\/houseofotoko.com\/","name":"House of Otoko","description":"","publisher":{"@id":"https:\/\/houseofotoko.com\/#organization"},"potentialAction":[{"@type":"SearchAction","target":{"@type":"EntryPoint","urlTemplate":"https:\/\/houseofotoko.com\/?s={search_term_string}"},"query-input":{"@type":"PropertyValueSpecification","valueRequired":true,"valueName":"search_term_string"}}],"inLanguage":"de"},{"@type":"Organization","@id":"https:\/\/houseofotoko.com\/#organization","name":"House of Otoko","url":"https:\/\/houseofotoko.com\/","logo":{"@type":"ImageObject","inLanguage":"de","@id":"https:\/\/houseofotoko.com\/#\/schema\/logo\/image\/","url":"https:\/\/mlfln9ez57ke.i.optimole.com\/w:1123\/h:1038\/q:mauto\/f:best\/ig:avif\/https:\/\/houseofotoko.com\/wp-content\/uploads\/2025\/01\/LOGO-PNG-1.png","contentUrl":"https:\/\/mlfln9ez57ke.i.optimole.com\/w:1123\/h:1038\/q:mauto\/f:best\/ig:avif\/https:\/\/houseofotoko.com\/wp-content\/uploads\/2025\/01\/LOGO-PNG-1.png","width":1123,"height":1038,"caption":"House of Otoko"},"image":{"@id":"https:\/\/houseofotoko.com\/#\/schema\/logo\/image\/"},"sameAs":["https:\/\/www.instagram.com\/houseofotoko\/"]}]}},"_links":{"self":[{"href":"https:\/\/houseofotoko.com\/de\/wp-json\/wp\/v2\/product\/610","targetHints":{"allow":["GET"]}}],"collection":[{"href":"https:\/\/houseofotoko.com\/de\/wp-json\/wp\/v2\/product"}],"about":[{"href":"https:\/\/houseofotoko.com\/de\/wp-json\/wp\/v2\/types\/product"}],"replies":[{"embeddable":true,"href":"https:\/\/houseofotoko.com\/de\/wp-json\/wp\/v2\/comments?post=610"}],"wp:featuredmedia":[{"embeddable":true,"href":"https:\/\/houseofotoko.com\/de\/wp-json\/wp\/v2\/media\/616"}],"wp:attachment":[{"href":"https:\/\/houseofotoko.com\/de\/wp-json\/wp\/v2\/media?parent=610"}],"wp:term":[{"taxonomy":"product_brand","embeddable":true,"href":"https:\/\/houseofotoko.com\/de\/wp-json\/wp\/v2\/product_brand?post=610"},{"taxonomy":"product_cat","embeddable":true,"href":"https:\/\/houseofotoko.com\/de\/wp-json\/wp\/v2\/product_cat?post=610"},{"taxonomy":"product_tag","embeddable":true,"href":"https:\/\/houseofotoko.com\/de\/wp-json\/wp\/v2\/product_tag?post=610"}],"curies":[{"name":"wp","href":"https:\/\/api.w.org\/{rel}","templated":true}]}}