{"id":605,"date":"2025-03-05T14:32:33","date_gmt":"2025-03-05T14:32:33","guid":{"rendered":"https:\/\/houseofotoko.com\/?post_type=product&#038;p=605"},"modified":"2026-01-06T16:49:21","modified_gmt":"2026-01-06T16:49:21","slug":"puebco-ring-toss-game","status":"publish","type":"product","link":"https:\/\/houseofotoko.com\/de\/produkt\/puebco-ring-toss-game\/","title":{"rendered":"Puebco Ring Toss Spiel"},"content":{"rendered":"<p data-start=\"71\" data-end=\"430\">Das Ringwurfspiel von Puebco ist eine k\u00fchne, n\u00fcchterne Interpretation des klassischen Spiels. Dieses Set wurde f\u00fcr diejenigen entwickelt, die Handwerkskunst und Nachhaltigkeit zu sch\u00e4tzen wissen, und kombiniert Vintage-\u00c4sthetik mit langlebigen Materialien. Ganz gleich, ob Sie Ihre Zielgenauigkeit verbessern oder Ihrem Raum eine einzigartige Note verleihen wollen, dieses robuste Spiel ist ebenso stilvoll wie unterhaltsam.<\/p>\n<p data-start=\"456\" data-end=\"928\">\u2714 <strong data-start=\"770\" data-end=\"800\">Umweltfreundlich und nachhaltig<\/strong> - Entworfen aus upgecycelten Materialien, die Unvollkommenheiten wie verblasste Farben, unterschiedliche N\u00e4hte und einen rohen, abgenutzten Look aufweisen.<\/p>\n<ul data-start=\"1402\" data-end=\"1530\">\n<li data-start=\"1402\" data-end=\"1426\"><em><strong>Material: Rosenholz &amp; Jute<\/strong><\/em><\/li>\n<li data-start=\"1427\" data-end=\"1498\"><em><strong>Abmessungen: 15 x 15 x 12 cm<\/strong><\/em><\/li>\n<li data-start=\"1499\" data-end=\"1530\"><em><strong>Produkt-Nummer: Nr.110974<\/strong><\/em><\/li>\n<li data-start=\"1499\" data-end=\"1530\"><em><strong>Marke: <a href=\"https:\/\/houseofotoko.com\/product-categorie\/shop\/brands\/puebco\/\">Puebco<\/a><\/strong><\/em><\/li>\n<\/ul>\n<p data-start=\"1532\" data-end=\"1774\">","protected":false},"excerpt":{"rendered":"<p>Das Puebco Ring Toss Game ist mehr als nur ein Spiel, es ist ein Statement. Eine Mischung aus Nostalgie, Handwerkskunst und robustem Charme, gebaut f\u00fcr diejenigen, die sowohl Spiel als auch Design sch\u00e4tzen. Fordern Sie Ihr Ziel heraus, genie\u00dfen Sie die Handwerkskunst und bringen Sie ein St\u00fcck zeitlosen Spa\u00df in Ihr Zuhause.<\/p>","protected":false},"featured_media":608,"comment_status":"open","ping_status":"closed","template":"","meta":{"neve_meta_sidebar":"","neve_meta_container":"","neve_meta_enable_content_width":"off","neve_meta_content_width":100,"neve_meta_title_alignment":"","neve_meta_author_avatar":"","neve_post_elements_order":"","neve_meta_disable_header":"","neve_meta_disable_footer":"","neve_meta_disable_title":"","neve_meta_reading_time":"","_themeisle_gutenberg_block_has_review":false,"neve_tabs_data":"","neve_override_tab_layout":""},"product_brand":[118],"product_cat":[16,50,47,49,40,22,25,69,23],"product_tag":[80,81,67],"class_list":{"0":"post-605","1":"product","2":"type-product","3":"status-publish","4":"has-post-thumbnail","6":"product_brand-puebco","7":"product_cat-all","8":"product_cat-camping","9":"product_cat-games","10":"product_cat-garden","11":"product_cat-home-decor","12":"product_cat-living","13":"product_cat-outdoor","14":"product_cat-puebco","15":"product_cat-sustainable","16":"product_tag-game","17":"product_tag-sustainable","18":"product_tag-wood","19":"product_shipping_class-standard-package","21":"first","22":"instock","23":"taxable","24":"shipping-taxable","25":"purchasable","26":"product-type-simple"},"yoast_head":"<!-- This site is optimized with the Yoast SEO plugin v27.4 - https:\/\/yoast.com\/product\/yoast-seo-wordpress\/ -->\n<title>Puebco Ring Toss Game - House of Otoko<\/title>\n<meta name=\"description\" content=\"The Puebco Ring Toss Game\u00a0is a bold, no-nonsense take on the classic game. Built for those who appreciate craftsmanship and sustainability.\" \/>\n<meta name=\"robots\" content=\"index, follow, max-snippet:-1, max-image-preview:large, max-video-preview:-1\" \/>\n<link rel=\"canonical\" href=\"https:\/\/houseofotoko.com\/de\/produkt\/puebco-ring-toss-game\/\" \/>\n<meta property=\"og:locale\" content=\"de_DE\" \/>\n<meta property=\"og:type\" content=\"article\" \/>\n<meta property=\"og:title\" content=\"Puebco Ring Toss Game - House of Otoko\" \/>\n<meta property=\"og:description\" content=\"The Puebco Ring Toss Game\u00a0is a bold, no-nonsense take on the classic game. Built for those who appreciate craftsmanship and sustainability.\" \/>\n<meta property=\"og:url\" content=\"https:\/\/houseofotoko.com\/de\/produkt\/puebco-ring-toss-game\/\" \/>\n<meta property=\"og:site_name\" content=\"House of Otoko\" \/>\n<meta property=\"article:modified_time\" content=\"2026-01-06T16:49:21+00:00\" \/>\n<meta property=\"og:image\" content=\"https:\/\/houseofotoko.com\/wp-content\/uploads\/2025\/03\/Ring-toss-game-5.webp\" \/>\n\t<meta property=\"og:image:width\" content=\"600\" \/>\n\t<meta property=\"og:image:height\" content=\"600\" \/>\n\t<meta property=\"og:image:type\" content=\"image\/webp\" \/>\n<meta name=\"twitter:card\" content=\"summary_large_image\" \/>\n<meta name=\"twitter:label1\" content=\"Gesch\u00e4tzte Lesezeit\" \/>\n\t<meta name=\"twitter:data1\" content=\"1\u00a0Minute\" \/>\n<script type=\"application\/ld+json\" class=\"yoast-schema-graph\">{\"@context\":\"https:\\\/\\\/schema.org\",\"@graph\":[{\"@type\":\"WebPage\",\"@id\":\"https:\\\/\\\/houseofotoko.com\\\/product\\\/puebco-ring-toss-game\\\/\",\"url\":\"https:\\\/\\\/houseofotoko.com\\\/product\\\/puebco-ring-toss-game\\\/\",\"name\":\"Puebco Ring Toss Game - House of Otoko\",\"isPartOf\":{\"@id\":\"https:\\\/\\\/houseofotoko.com\\\/#website\"},\"primaryImageOfPage\":{\"@id\":\"https:\\\/\\\/houseofotoko.com\\\/product\\\/puebco-ring-toss-game\\\/#primaryimage\"},\"image\":{\"@id\":\"https:\\\/\\\/houseofotoko.com\\\/product\\\/puebco-ring-toss-game\\\/#primaryimage\"},\"thumbnailUrl\":\"https:\\\/\\\/houseofotoko.com\\\/wp-content\\\/uploads\\\/2025\\\/03\\\/Ring-toss-game-5.webp\",\"datePublished\":\"2025-03-05T14:32:33+00:00\",\"dateModified\":\"2026-01-06T16:49:21+00:00\",\"description\":\"The Puebco Ring Toss Game\u00a0is a bold, no-nonsense take on the classic game. Built for those who appreciate craftsmanship and sustainability.\",\"breadcrumb\":{\"@id\":\"https:\\\/\\\/houseofotoko.com\\\/product\\\/puebco-ring-toss-game\\\/#breadcrumb\"},\"inLanguage\":\"de\",\"potentialAction\":[{\"@type\":\"ReadAction\",\"target\":[\"https:\\\/\\\/houseofotoko.com\\\/product\\\/puebco-ring-toss-game\\\/\"]}]},{\"@type\":\"ImageObject\",\"inLanguage\":\"de\",\"@id\":\"https:\\\/\\\/houseofotoko.com\\\/product\\\/puebco-ring-toss-game\\\/#primaryimage\",\"url\":\"https:\\\/\\\/houseofotoko.com\\\/wp-content\\\/uploads\\\/2025\\\/03\\\/Ring-toss-game-5.webp\",\"contentUrl\":\"https:\\\/\\\/houseofotoko.com\\\/wp-content\\\/uploads\\\/2025\\\/03\\\/Ring-toss-game-5.webp\",\"width\":600,\"height\":600,\"caption\":\"Puebco Ring Toss Game; No.110974; Hous of Otoko\"},{\"@type\":\"BreadcrumbList\",\"@id\":\"https:\\\/\\\/houseofotoko.com\\\/product\\\/puebco-ring-toss-game\\\/#breadcrumb\",\"itemListElement\":[{\"@type\":\"ListItem\",\"position\":1,\"name\":\"Home\",\"item\":\"https:\\\/\\\/houseofotoko.com\\\/\"},{\"@type\":\"ListItem\",\"position\":2,\"name\":\"Shop\",\"item\":\"https:\\\/\\\/houseofotoko.com\\\/shop\\\/\"},{\"@type\":\"ListItem\",\"position\":3,\"name\":\"Puebco Ring Toss Game\"}]},{\"@type\":\"WebSite\",\"@id\":\"https:\\\/\\\/houseofotoko.com\\\/#website\",\"url\":\"https:\\\/\\\/houseofotoko.com\\\/\",\"name\":\"House of Otoko\",\"description\":\"\",\"publisher\":{\"@id\":\"https:\\\/\\\/houseofotoko.com\\\/#organization\"},\"potentialAction\":[{\"@type\":\"SearchAction\",\"target\":{\"@type\":\"EntryPoint\",\"urlTemplate\":\"https:\\\/\\\/houseofotoko.com\\\/?s={search_term_string}\"},\"query-input\":{\"@type\":\"PropertyValueSpecification\",\"valueRequired\":true,\"valueName\":\"search_term_string\"}}],\"inLanguage\":\"de\"},{\"@type\":\"Organization\",\"@id\":\"https:\\\/\\\/houseofotoko.com\\\/#organization\",\"name\":\"House of Otoko\",\"url\":\"https:\\\/\\\/houseofotoko.com\\\/\",\"logo\":{\"@type\":\"ImageObject\",\"inLanguage\":\"de\",\"@id\":\"https:\\\/\\\/houseofotoko.com\\\/#\\\/schema\\\/logo\\\/image\\\/\",\"url\":\"https:\\\/\\\/mlfln9ez57ke.i.optimole.com\\\/w:1123\\\/h:1038\\\/q:mauto\\\/f:best\\\/ig:avif\\\/https:\\\/\\\/houseofotoko.com\\\/wp-content\\\/uploads\\\/2025\\\/01\\\/LOGO-PNG-1.png\",\"contentUrl\":\"https:\\\/\\\/mlfln9ez57ke.i.optimole.com\\\/w:1123\\\/h:1038\\\/q:mauto\\\/f:best\\\/ig:avif\\\/https:\\\/\\\/houseofotoko.com\\\/wp-content\\\/uploads\\\/2025\\\/01\\\/LOGO-PNG-1.png\",\"width\":1123,\"height\":1038,\"caption\":\"House of Otoko\"},\"image\":{\"@id\":\"https:\\\/\\\/houseofotoko.com\\\/#\\\/schema\\\/logo\\\/image\\\/\"},\"sameAs\":[\"https:\\\/\\\/www.instagram.com\\\/houseofotoko\\\/\"]}]}<\/script>\n<!-- \/ Yoast SEO plugin. -->","yoast_head_json":{"title":"Puebco Ring Toss Spiel - Haus von Otoko","description":"Das Puebco Ring Toss Game ist eine k\u00fchne, n\u00fcchterne Interpretation des klassischen Spiels. Gebaut f\u00fcr diejenigen, die Handwerkskunst und Nachhaltigkeit sch\u00e4tzen.","robots":{"index":"index","follow":"follow","max-snippet":"max-snippet:-1","max-image-preview":"max-image-preview:large","max-video-preview":"max-video-preview:-1"},"canonical":"https:\/\/houseofotoko.com\/de\/produkt\/puebco-ring-toss-game\/","og_locale":"de_DE","og_type":"article","og_title":"Puebco Ring Toss Game - House of Otoko","og_description":"The Puebco Ring Toss Game\u00a0is a bold, no-nonsense take on the classic game. Built for those who appreciate craftsmanship and sustainability.","og_url":"https:\/\/houseofotoko.com\/de\/produkt\/puebco-ring-toss-game\/","og_site_name":"House of Otoko","article_modified_time":"2026-01-06T16:49:21+00:00","og_image":[{"width":600,"height":600,"url":"https:\/\/houseofotoko.com\/wp-content\/uploads\/2025\/03\/Ring-toss-game-5.webp","type":"image\/webp"}],"twitter_card":"summary_large_image","twitter_misc":{"Gesch\u00e4tzte Lesezeit":"1\u00a0Minute"},"schema":{"@context":"https:\/\/schema.org","@graph":[{"@type":"WebPage","@id":"https:\/\/houseofotoko.com\/product\/puebco-ring-toss-game\/","url":"https:\/\/houseofotoko.com\/product\/puebco-ring-toss-game\/","name":"Puebco Ring Toss Spiel - Haus von Otoko","isPartOf":{"@id":"https:\/\/houseofotoko.com\/#website"},"primaryImageOfPage":{"@id":"https:\/\/houseofotoko.com\/product\/puebco-ring-toss-game\/#primaryimage"},"image":{"@id":"https:\/\/houseofotoko.com\/product\/puebco-ring-toss-game\/#primaryimage"},"thumbnailUrl":"https:\/\/houseofotoko.com\/wp-content\/uploads\/2025\/03\/Ring-toss-game-5.webp","datePublished":"2025-03-05T14:32:33+00:00","dateModified":"2026-01-06T16:49:21+00:00","description":"Das Puebco Ring Toss Game ist eine k\u00fchne, n\u00fcchterne Interpretation des klassischen Spiels. Gebaut f\u00fcr diejenigen, die Handwerkskunst und Nachhaltigkeit sch\u00e4tzen.","breadcrumb":{"@id":"https:\/\/houseofotoko.com\/product\/puebco-ring-toss-game\/#breadcrumb"},"inLanguage":"de","potentialAction":[{"@type":"ReadAction","target":["https:\/\/houseofotoko.com\/product\/puebco-ring-toss-game\/"]}]},{"@type":"ImageObject","inLanguage":"de","@id":"https:\/\/houseofotoko.com\/product\/puebco-ring-toss-game\/#primaryimage","url":"https:\/\/houseofotoko.com\/wp-content\/uploads\/2025\/03\/Ring-toss-game-5.webp","contentUrl":"https:\/\/houseofotoko.com\/wp-content\/uploads\/2025\/03\/Ring-toss-game-5.webp","width":600,"height":600,"caption":"Puebco Ring Toss Game; No.110974; Hous of Otoko"},{"@type":"BreadcrumbList","@id":"https:\/\/houseofotoko.com\/product\/puebco-ring-toss-game\/#breadcrumb","itemListElement":[{"@type":"ListItem","position":1,"name":"Home","item":"https:\/\/houseofotoko.com\/"},{"@type":"ListItem","position":2,"name":"Shop","item":"https:\/\/houseofotoko.com\/shop\/"},{"@type":"ListItem","position":3,"name":"Puebco Ring Toss Game"}]},{"@type":"WebSite","@id":"https:\/\/houseofotoko.com\/#website","url":"https:\/\/houseofotoko.com\/","name":"House of Otoko","description":"","publisher":{"@id":"https:\/\/houseofotoko.com\/#organization"},"potentialAction":[{"@type":"SearchAction","target":{"@type":"EntryPoint","urlTemplate":"https:\/\/houseofotoko.com\/?s={search_term_string}"},"query-input":{"@type":"PropertyValueSpecification","valueRequired":true,"valueName":"search_term_string"}}],"inLanguage":"de"},{"@type":"Organization","@id":"https:\/\/houseofotoko.com\/#organization","name":"House of Otoko","url":"https:\/\/houseofotoko.com\/","logo":{"@type":"ImageObject","inLanguage":"de","@id":"https:\/\/houseofotoko.com\/#\/schema\/logo\/image\/","url":"https:\/\/mlfln9ez57ke.i.optimole.com\/w:1123\/h:1038\/q:mauto\/f:best\/ig:avif\/https:\/\/houseofotoko.com\/wp-content\/uploads\/2025\/01\/LOGO-PNG-1.png","contentUrl":"https:\/\/mlfln9ez57ke.i.optimole.com\/w:1123\/h:1038\/q:mauto\/f:best\/ig:avif\/https:\/\/houseofotoko.com\/wp-content\/uploads\/2025\/01\/LOGO-PNG-1.png","width":1123,"height":1038,"caption":"House of Otoko"},"image":{"@id":"https:\/\/houseofotoko.com\/#\/schema\/logo\/image\/"},"sameAs":["https:\/\/www.instagram.com\/houseofotoko\/"]}]}},"_links":{"self":[{"href":"https:\/\/houseofotoko.com\/de\/wp-json\/wp\/v2\/product\/605","targetHints":{"allow":["GET"]}}],"collection":[{"href":"https:\/\/houseofotoko.com\/de\/wp-json\/wp\/v2\/product"}],"about":[{"href":"https:\/\/houseofotoko.com\/de\/wp-json\/wp\/v2\/types\/product"}],"replies":[{"embeddable":true,"href":"https:\/\/houseofotoko.com\/de\/wp-json\/wp\/v2\/comments?post=605"}],"wp:featuredmedia":[{"embeddable":true,"href":"https:\/\/houseofotoko.com\/de\/wp-json\/wp\/v2\/media\/608"}],"wp:attachment":[{"href":"https:\/\/houseofotoko.com\/de\/wp-json\/wp\/v2\/media?parent=605"}],"wp:term":[{"taxonomy":"product_brand","embeddable":true,"href":"https:\/\/houseofotoko.com\/de\/wp-json\/wp\/v2\/product_brand?post=605"},{"taxonomy":"product_cat","embeddable":true,"href":"https:\/\/houseofotoko.com\/de\/wp-json\/wp\/v2\/product_cat?post=605"},{"taxonomy":"product_tag","embeddable":true,"href":"https:\/\/houseofotoko.com\/de\/wp-json\/wp\/v2\/product_tag?post=605"}],"curies":[{"name":"wp","href":"https:\/\/api.w.org\/{rel}","templated":true}]}}