{"id":596,"date":"2025-03-05T13:54:15","date_gmt":"2025-03-05T13:54:15","guid":{"rendered":"https:\/\/houseofotoko.com\/?post_type=product&#038;p=596"},"modified":"2026-01-28T19:32:58","modified_gmt":"2026-01-28T19:32:58","slug":"lantern-garland-gold","status":"publish","type":"product","link":"https:\/\/houseofotoko.com\/de\/produkt\/lantern-garland-gold\/","title":{"rendered":"Laternengirlande Gold"},"content":{"rendered":"<p data-start=\"0\" data-end=\"275\">This lantern garland gold is the ultimate choice for anyone who wants to elevate their space with a bold statement while enjoying the practicality and durability that comes with Lovork\u2019s signature style. Ideal for tough environments or simply creating an unforgettable vibe indoors or outside.<\/p>\n<ul data-start=\"296\" data-end=\"953\">\n<li data-start=\"1577\" data-end=\"1979\"><em><strong>Color: Gold<\/strong><\/em><\/li>\n<li><em><strong>Abmessungen: 14 x 7 cm\u00a0<\/strong><\/em><\/li>\n<li><em><strong>Gewicht: 180g<\/strong><\/em><\/li>\n<li><em><strong>Material: ABS\/PC\/Aluminium<\/strong><\/em><\/li>\n<li><em><strong>Akku: Wiederaufladbar 3.7V 2000mAH<\/strong><\/em><\/li>\n<li><em><strong>Lichtleistung: LED 100 Lumen<\/strong><\/em><\/li>\n<li><em><strong>Lebensdauer der Batterie: Bis zu 81 Stunden (niedriger Modus)<\/strong><\/em><\/li>\n<li><em><strong>Inklusive Kabel Typ C<\/strong><\/em><\/li>\n<li><em><strong>Modi: einstellbare Intensit\u00e4tsstufen und SOS<\/strong><\/em><\/li>\n<li><em><strong>Perfekt f\u00fcr: Survival, taktische Verwendung, Camping, Outdoor-Abenteuer, Notfallvorsorge<\/strong><\/em><\/li>\n<li><em><strong>Marke: <a href=\"https:\/\/houseofotoko.com\/product-categorie\/shop\/brands\/lovork\/\">Lovork<\/a><\/strong><\/em><\/li>\n<\/ul>\n<p data-start=\"1981\" data-end=\"2071\">Wenn Sie Leistung, Pr\u00e4zision und Zuverl\u00e4ssigkeit brauchen, vertrauen Sie dem Lovork Hurricane Evolution.<\/p>","protected":false},"excerpt":{"rendered":"<p>Lantern Garland Gold; inspired by retro vibes, this lantern garland features a sleek, durable metal finish that gives off a raw, industrial feel adding a striking decorative touch wherever it\u2019s placed.<\/p>\n<p>Er ist sowohl f\u00fcr den Innen- als auch f\u00fcr den Au\u00dfenbereich geeignet und eignet sich daher f\u00fcr gem\u00fctliche Abende im Haus ebenso wie f\u00fcr den Einsatz im Freien.<\/p>","protected":false},"featured_media":602,"comment_status":"open","ping_status":"closed","template":"","meta":{"neve_meta_sidebar":"","neve_meta_container":"","neve_meta_enable_content_width":"off","neve_meta_content_width":100,"neve_meta_title_alignment":"","neve_meta_author_avatar":"","neve_post_elements_order":"","neve_meta_disable_header":"","neve_meta_disable_footer":"","neve_meta_disable_title":"","neve_meta_reading_time":"","_themeisle_gutenberg_block_has_review":false,"neve_tabs_data":"","neve_override_tab_layout":""},"product_brand":[207],"product_cat":[16,50,49,51,22,75,25],"product_tag":[79,77,76],"class_list":{"0":"post-596","1":"product","2":"type-product","3":"status-publish","4":"has-post-thumbnail","6":"product_brand-lovork","7":"product_cat-all","8":"product_cat-camping","9":"product_cat-garden","10":"product_cat-lighting","11":"product_cat-living","12":"product_cat-lovork","13":"product_cat-outdoor","14":"product_tag-garland","15":"product_tag-lamp","16":"product_tag-lantern","17":"product_shipping_class-standard-package","19":"first","20":"outofstock","21":"taxable","22":"shipping-taxable","23":"purchasable","24":"product-type-simple"},"yoast_head":"<!-- This site is optimized with the Yoast SEO plugin v27.4 - https:\/\/yoast.com\/product\/yoast-seo-wordpress\/ -->\n<title>Lantern Garland Gold - House of Otoko<\/title>\n<meta name=\"description\" content=\"Tough enough to withstand the elements but stylish enough to stand out, this Lantern Garland is as much about performance as it is about aesthetics.\" \/>\n<meta name=\"robots\" content=\"index, follow, max-snippet:-1, max-image-preview:large, max-video-preview:-1\" \/>\n<link rel=\"canonical\" href=\"https:\/\/houseofotoko.com\/de\/produkt\/lantern-garland-gold\/\" \/>\n<meta property=\"og:locale\" content=\"de_DE\" \/>\n<meta property=\"og:type\" content=\"article\" \/>\n<meta property=\"og:title\" content=\"Lantern Garland Gold - House of Otoko\" \/>\n<meta property=\"og:description\" content=\"Tough enough to withstand the elements but stylish enough to stand out, this Lantern Garland is as much about performance as it is about aesthetics.\" \/>\n<meta property=\"og:url\" content=\"https:\/\/houseofotoko.com\/de\/produkt\/lantern-garland-gold\/\" \/>\n<meta property=\"og:site_name\" content=\"House of Otoko\" \/>\n<meta property=\"article:modified_time\" content=\"2026-01-28T19:32:58+00:00\" \/>\n<meta property=\"og:image\" content=\"https:\/\/houseofotoko.com\/wp-content\/uploads\/2025\/03\/Lantern-Garland-gold-4.webp\" \/>\n\t<meta property=\"og:image:width\" content=\"600\" \/>\n\t<meta property=\"og:image:height\" content=\"600\" \/>\n\t<meta property=\"og:image:type\" content=\"image\/webp\" \/>\n<meta name=\"twitter:card\" content=\"summary_large_image\" \/>\n<meta name=\"twitter:label1\" content=\"Gesch\u00e4tzte Lesezeit\" \/>\n\t<meta name=\"twitter:data1\" content=\"1\u00a0Minute\" \/>\n<script type=\"application\/ld+json\" class=\"yoast-schema-graph\">{\"@context\":\"https:\\\/\\\/schema.org\",\"@graph\":[{\"@type\":\"WebPage\",\"@id\":\"https:\\\/\\\/houseofotoko.com\\\/product\\\/lantern-garland-gold\\\/\",\"url\":\"https:\\\/\\\/houseofotoko.com\\\/product\\\/lantern-garland-gold\\\/\",\"name\":\"Lantern Garland Gold - House of Otoko\",\"isPartOf\":{\"@id\":\"https:\\\/\\\/houseofotoko.com\\\/#website\"},\"primaryImageOfPage\":{\"@id\":\"https:\\\/\\\/houseofotoko.com\\\/product\\\/lantern-garland-gold\\\/#primaryimage\"},\"image\":{\"@id\":\"https:\\\/\\\/houseofotoko.com\\\/product\\\/lantern-garland-gold\\\/#primaryimage\"},\"thumbnailUrl\":\"https:\\\/\\\/houseofotoko.com\\\/wp-content\\\/uploads\\\/2025\\\/03\\\/Lantern-Garland-gold-4.webp\",\"datePublished\":\"2025-03-05T13:54:15+00:00\",\"dateModified\":\"2026-01-28T19:32:58+00:00\",\"description\":\"Tough enough to withstand the elements but stylish enough to stand out, this Lantern Garland is as much about performance as it is about aesthetics.\",\"breadcrumb\":{\"@id\":\"https:\\\/\\\/houseofotoko.com\\\/product\\\/lantern-garland-gold\\\/#breadcrumb\"},\"inLanguage\":\"de\",\"potentialAction\":[{\"@type\":\"ReadAction\",\"target\":[\"https:\\\/\\\/houseofotoko.com\\\/product\\\/lantern-garland-gold\\\/\"]}]},{\"@type\":\"ImageObject\",\"inLanguage\":\"de\",\"@id\":\"https:\\\/\\\/houseofotoko.com\\\/product\\\/lantern-garland-gold\\\/#primaryimage\",\"url\":\"https:\\\/\\\/houseofotoko.com\\\/wp-content\\\/uploads\\\/2025\\\/03\\\/Lantern-Garland-gold-4.webp\",\"contentUrl\":\"https:\\\/\\\/houseofotoko.com\\\/wp-content\\\/uploads\\\/2025\\\/03\\\/Lantern-Garland-gold-4.webp\",\"width\":600,\"height\":600,\"caption\":\"Lovork lantern garland gold; 3701582111739; House of Otoko\"},{\"@type\":\"BreadcrumbList\",\"@id\":\"https:\\\/\\\/houseofotoko.com\\\/product\\\/lantern-garland-gold\\\/#breadcrumb\",\"itemListElement\":[{\"@type\":\"ListItem\",\"position\":1,\"name\":\"Home\",\"item\":\"https:\\\/\\\/houseofotoko.com\\\/\"},{\"@type\":\"ListItem\",\"position\":2,\"name\":\"Shop\",\"item\":\"https:\\\/\\\/houseofotoko.com\\\/shop\\\/\"},{\"@type\":\"ListItem\",\"position\":3,\"name\":\"Lantern Garland Gold\"}]},{\"@type\":\"WebSite\",\"@id\":\"https:\\\/\\\/houseofotoko.com\\\/#website\",\"url\":\"https:\\\/\\\/houseofotoko.com\\\/\",\"name\":\"House of Otoko\",\"description\":\"\",\"publisher\":{\"@id\":\"https:\\\/\\\/houseofotoko.com\\\/#organization\"},\"potentialAction\":[{\"@type\":\"SearchAction\",\"target\":{\"@type\":\"EntryPoint\",\"urlTemplate\":\"https:\\\/\\\/houseofotoko.com\\\/?s={search_term_string}\"},\"query-input\":{\"@type\":\"PropertyValueSpecification\",\"valueRequired\":true,\"valueName\":\"search_term_string\"}}],\"inLanguage\":\"de\"},{\"@type\":\"Organization\",\"@id\":\"https:\\\/\\\/houseofotoko.com\\\/#organization\",\"name\":\"House of Otoko\",\"url\":\"https:\\\/\\\/houseofotoko.com\\\/\",\"logo\":{\"@type\":\"ImageObject\",\"inLanguage\":\"de\",\"@id\":\"https:\\\/\\\/houseofotoko.com\\\/#\\\/schema\\\/logo\\\/image\\\/\",\"url\":\"https:\\\/\\\/mlfln9ez57ke.i.optimole.com\\\/w:1123\\\/h:1038\\\/q:mauto\\\/f:best\\\/ig:avif\\\/https:\\\/\\\/houseofotoko.com\\\/wp-content\\\/uploads\\\/2025\\\/01\\\/LOGO-PNG-1.png\",\"contentUrl\":\"https:\\\/\\\/mlfln9ez57ke.i.optimole.com\\\/w:1123\\\/h:1038\\\/q:mauto\\\/f:best\\\/ig:avif\\\/https:\\\/\\\/houseofotoko.com\\\/wp-content\\\/uploads\\\/2025\\\/01\\\/LOGO-PNG-1.png\",\"width\":1123,\"height\":1038,\"caption\":\"House of Otoko\"},\"image\":{\"@id\":\"https:\\\/\\\/houseofotoko.com\\\/#\\\/schema\\\/logo\\\/image\\\/\"},\"sameAs\":[\"https:\\\/\\\/www.instagram.com\\\/houseofotoko\\\/\"]}]}<\/script>\n<!-- \/ Yoast SEO plugin. -->","yoast_head_json":{"title":"Lantern Garland Gold - House of Otoko","description":"Tough enough to withstand the elements but stylish enough to stand out, this Lantern Garland is as much about performance as it is about aesthetics.","robots":{"index":"index","follow":"follow","max-snippet":"max-snippet:-1","max-image-preview":"max-image-preview:large","max-video-preview":"max-video-preview:-1"},"canonical":"https:\/\/houseofotoko.com\/de\/produkt\/lantern-garland-gold\/","og_locale":"de_DE","og_type":"article","og_title":"Lantern Garland Gold - House of Otoko","og_description":"Tough enough to withstand the elements but stylish enough to stand out, this Lantern Garland is as much about performance as it is about aesthetics.","og_url":"https:\/\/houseofotoko.com\/de\/produkt\/lantern-garland-gold\/","og_site_name":"House of Otoko","article_modified_time":"2026-01-28T19:32:58+00:00","og_image":[{"width":600,"height":600,"url":"https:\/\/houseofotoko.com\/wp-content\/uploads\/2025\/03\/Lantern-Garland-gold-4.webp","type":"image\/webp"}],"twitter_card":"summary_large_image","twitter_misc":{"Gesch\u00e4tzte Lesezeit":"1\u00a0Minute"},"schema":{"@context":"https:\/\/schema.org","@graph":[{"@type":"WebPage","@id":"https:\/\/houseofotoko.com\/product\/lantern-garland-gold\/","url":"https:\/\/houseofotoko.com\/product\/lantern-garland-gold\/","name":"Lantern Garland Gold - House of Otoko","isPartOf":{"@id":"https:\/\/houseofotoko.com\/#website"},"primaryImageOfPage":{"@id":"https:\/\/houseofotoko.com\/product\/lantern-garland-gold\/#primaryimage"},"image":{"@id":"https:\/\/houseofotoko.com\/product\/lantern-garland-gold\/#primaryimage"},"thumbnailUrl":"https:\/\/houseofotoko.com\/wp-content\/uploads\/2025\/03\/Lantern-Garland-gold-4.webp","datePublished":"2025-03-05T13:54:15+00:00","dateModified":"2026-01-28T19:32:58+00:00","description":"Tough enough to withstand the elements but stylish enough to stand out, this Lantern Garland is as much about performance as it is about aesthetics.","breadcrumb":{"@id":"https:\/\/houseofotoko.com\/product\/lantern-garland-gold\/#breadcrumb"},"inLanguage":"de","potentialAction":[{"@type":"ReadAction","target":["https:\/\/houseofotoko.com\/product\/lantern-garland-gold\/"]}]},{"@type":"ImageObject","inLanguage":"de","@id":"https:\/\/houseofotoko.com\/product\/lantern-garland-gold\/#primaryimage","url":"https:\/\/houseofotoko.com\/wp-content\/uploads\/2025\/03\/Lantern-Garland-gold-4.webp","contentUrl":"https:\/\/houseofotoko.com\/wp-content\/uploads\/2025\/03\/Lantern-Garland-gold-4.webp","width":600,"height":600,"caption":"Lovork lantern garland gold; 3701582111739; House of Otoko"},{"@type":"BreadcrumbList","@id":"https:\/\/houseofotoko.com\/product\/lantern-garland-gold\/#breadcrumb","itemListElement":[{"@type":"ListItem","position":1,"name":"Home","item":"https:\/\/houseofotoko.com\/"},{"@type":"ListItem","position":2,"name":"Shop","item":"https:\/\/houseofotoko.com\/shop\/"},{"@type":"ListItem","position":3,"name":"Lantern Garland Gold"}]},{"@type":"WebSite","@id":"https:\/\/houseofotoko.com\/#website","url":"https:\/\/houseofotoko.com\/","name":"House of Otoko","description":"","publisher":{"@id":"https:\/\/houseofotoko.com\/#organization"},"potentialAction":[{"@type":"SearchAction","target":{"@type":"EntryPoint","urlTemplate":"https:\/\/houseofotoko.com\/?s={search_term_string}"},"query-input":{"@type":"PropertyValueSpecification","valueRequired":true,"valueName":"search_term_string"}}],"inLanguage":"de"},{"@type":"Organization","@id":"https:\/\/houseofotoko.com\/#organization","name":"House of Otoko","url":"https:\/\/houseofotoko.com\/","logo":{"@type":"ImageObject","inLanguage":"de","@id":"https:\/\/houseofotoko.com\/#\/schema\/logo\/image\/","url":"https:\/\/mlfln9ez57ke.i.optimole.com\/w:1123\/h:1038\/q:mauto\/f:best\/ig:avif\/https:\/\/houseofotoko.com\/wp-content\/uploads\/2025\/01\/LOGO-PNG-1.png","contentUrl":"https:\/\/mlfln9ez57ke.i.optimole.com\/w:1123\/h:1038\/q:mauto\/f:best\/ig:avif\/https:\/\/houseofotoko.com\/wp-content\/uploads\/2025\/01\/LOGO-PNG-1.png","width":1123,"height":1038,"caption":"House of Otoko"},"image":{"@id":"https:\/\/houseofotoko.com\/#\/schema\/logo\/image\/"},"sameAs":["https:\/\/www.instagram.com\/houseofotoko\/"]}]}},"_links":{"self":[{"href":"https:\/\/houseofotoko.com\/de\/wp-json\/wp\/v2\/product\/596","targetHints":{"allow":["GET"]}}],"collection":[{"href":"https:\/\/houseofotoko.com\/de\/wp-json\/wp\/v2\/product"}],"about":[{"href":"https:\/\/houseofotoko.com\/de\/wp-json\/wp\/v2\/types\/product"}],"replies":[{"embeddable":true,"href":"https:\/\/houseofotoko.com\/de\/wp-json\/wp\/v2\/comments?post=596"}],"wp:featuredmedia":[{"embeddable":true,"href":"https:\/\/houseofotoko.com\/de\/wp-json\/wp\/v2\/media\/602"}],"wp:attachment":[{"href":"https:\/\/houseofotoko.com\/de\/wp-json\/wp\/v2\/media?parent=596"}],"wp:term":[{"taxonomy":"product_brand","embeddable":true,"href":"https:\/\/houseofotoko.com\/de\/wp-json\/wp\/v2\/product_brand?post=596"},{"taxonomy":"product_cat","embeddable":true,"href":"https:\/\/houseofotoko.com\/de\/wp-json\/wp\/v2\/product_cat?post=596"},{"taxonomy":"product_tag","embeddable":true,"href":"https:\/\/houseofotoko.com\/de\/wp-json\/wp\/v2\/product_tag?post=596"}],"curies":[{"name":"wp","href":"https:\/\/api.w.org\/{rel}","templated":true}]}}