{"id":568,"date":"2025-03-05T10:18:53","date_gmt":"2025-03-05T10:18:53","guid":{"rendered":"https:\/\/houseofotoko.com\/?post_type=product&#038;p=568"},"modified":"2025-03-05T10:38:30","modified_gmt":"2025-03-05T10:38:30","slug":"able-clock-silo","status":"publish","type":"product","link":"https:\/\/houseofotoko.com\/de\/produkt\/able-clock-silo\/","title":{"rendered":"Tischuhr Silo"},"content":{"rendered":"<p data-start=\"942\" data-end=\"1237\">Die Tischuhr Silo von Gone's verbindet Funktionalit\u00e4t mit \u00c4sthetik. Die aus \u00f6kologischem Mineralbeton 100% gefertigte Uhr strahlt eine robuste und industrielle Ausstrahlung aus. Die Handwerkskunst wird vollst\u00e4ndig in der Werkstatt von Gone's in Lyon, Frankreich, ausgef\u00fchrt.<\/p>\n<ul data-start=\"1258\" data-end=\"1493\">\n<li data-start=\"1258\" data-end=\"1293\"><em><strong>Material: \u00d6kologischer Beton<\/strong><\/em><\/li>\n<li data-start=\"1294\" data-end=\"1327\"><em><strong>Abmessungen: 10 x 10 x 15 cm<\/strong><\/em><\/li>\n<li data-start=\"1310\" data-end=\"1358\"><em><strong>Farbe: grau und schwarz<\/strong><\/em><\/li>\n<li data-start=\"1359\" data-end=\"1397\"><em><strong>Herkunft: Handgefertigt in Lyon, Frankreich<\/strong><\/em><\/li>\n<li data-start=\"1359\" data-end=\"1397\"><em><strong>Marke: Gone's<\/strong><\/em><\/li>\n<\/ul>\n<p>&nbsp;<\/p>\n<ul data-start=\"1258\" data-end=\"1493\">\n<li data-start=\"1382\" data-end=\"1493\">Zus\u00e4tzliches Merkmal: Mit integriertem Fach f\u00fcr einen kleinen Kaktus oder eine Sukkulente (nicht im Lieferumfang enthalten)<\/li>\n<\/ul>","protected":false},"excerpt":{"rendered":"<p>Die Tischuhr Silo verbindet Funktionalit\u00e4t mit \u00c4sthetik. W\u00e4hrend die Zeit vergeht, f\u00fcgt das integrierte Fach, in dem eine Pflanze w\u00e4chst, ein dynamisches Element zu Ihrem Raum hinzu. Die klaren Linien und die Verwendung von Beton machen ihn zu einem perfekten Accessoire f\u00fcr Liebhaber des Industriedesigns.<\/p>","protected":false},"featured_media":571,"comment_status":"open","ping_status":"closed","template":"","meta":{"neve_meta_sidebar":"","neve_meta_container":"","neve_meta_enable_content_width":"off","neve_meta_content_width":100,"neve_meta_title_alignment":"","neve_meta_author_avatar":"","neve_post_elements_order":"","neve_meta_disable_header":"","neve_meta_disable_footer":"","neve_meta_disable_title":"","neve_meta_reading_time":"","_themeisle_gutenberg_block_has_review":false,"neve_tabs_data":"","neve_override_tab_layout":""},"product_brand":[],"product_cat":[16,40,22],"product_tag":[72,73,74],"class_list":{"0":"post-568","1":"product","2":"type-product","3":"status-publish","4":"has-post-thumbnail","6":"product_cat-all","7":"product_cat-home-decor","8":"product_cat-living","9":"product_tag-clock","10":"product_tag-concrete","11":"product_tag-grey","12":"product_shipping_class-standard-package","14":"first","15":"instock","16":"taxable","17":"shipping-taxable","18":"purchasable","19":"product-type-simple"},"yoast_head":"<!-- This site is optimized with the Yoast SEO plugin v27.4 - https:\/\/yoast.com\/product\/yoast-seo-wordpress\/ -->\n<title>Table Clock Silo - House of Otoko<\/title>\n<meta name=\"description\" content=\"Table Clock Silo combines functionality with aesthetics, the integrated compartment, to grow a plant, adds a dynamic element to your space.\" \/>\n<meta name=\"robots\" content=\"index, follow, max-snippet:-1, max-image-preview:large, max-video-preview:-1\" \/>\n<link rel=\"canonical\" href=\"https:\/\/houseofotoko.com\/de\/produkt\/able-clock-silo\/\" \/>\n<meta property=\"og:locale\" content=\"de_DE\" \/>\n<meta property=\"og:type\" content=\"article\" \/>\n<meta property=\"og:title\" content=\"Table Clock Silo - House of Otoko\" \/>\n<meta property=\"og:description\" content=\"Table Clock Silo combines functionality with aesthetics, the integrated compartment, to grow a plant, adds a dynamic element to your space.\" \/>\n<meta property=\"og:url\" content=\"https:\/\/houseofotoko.com\/de\/produkt\/able-clock-silo\/\" \/>\n<meta property=\"og:site_name\" content=\"House of Otoko\" \/>\n<meta property=\"article:modified_time\" content=\"2025-03-05T10:38:30+00:00\" \/>\n<meta property=\"og:image\" content=\"https:\/\/houseofotoko.com\/wp-content\/uploads\/2025\/03\/klok-beton-silo.webp\" \/>\n\t<meta property=\"og:image:width\" content=\"600\" \/>\n\t<meta property=\"og:image:height\" content=\"600\" \/>\n\t<meta property=\"og:image:type\" content=\"image\/webp\" \/>\n<meta name=\"twitter:card\" content=\"summary_large_image\" \/>\n<meta name=\"twitter:label1\" content=\"Gesch\u00e4tzte Lesezeit\" \/>\n\t<meta name=\"twitter:data1\" content=\"1\u00a0Minute\" \/>\n<script type=\"application\/ld+json\" class=\"yoast-schema-graph\">{\"@context\":\"https:\\\/\\\/schema.org\",\"@graph\":[{\"@type\":\"WebPage\",\"@id\":\"https:\\\/\\\/houseofotoko.com\\\/product\\\/able-clock-silo\\\/\",\"url\":\"https:\\\/\\\/houseofotoko.com\\\/product\\\/able-clock-silo\\\/\",\"name\":\"Table Clock Silo - House of Otoko\",\"isPartOf\":{\"@id\":\"https:\\\/\\\/houseofotoko.com\\\/#website\"},\"primaryImageOfPage\":{\"@id\":\"https:\\\/\\\/houseofotoko.com\\\/product\\\/able-clock-silo\\\/#primaryimage\"},\"image\":{\"@id\":\"https:\\\/\\\/houseofotoko.com\\\/product\\\/able-clock-silo\\\/#primaryimage\"},\"thumbnailUrl\":\"https:\\\/\\\/houseofotoko.com\\\/wp-content\\\/uploads\\\/2025\\\/03\\\/klok-beton-silo.webp\",\"datePublished\":\"2025-03-05T10:18:53+00:00\",\"dateModified\":\"2025-03-05T10:38:30+00:00\",\"description\":\"Table Clock Silo combines functionality with aesthetics, the integrated compartment, to grow a plant, adds a dynamic element to your space.\",\"breadcrumb\":{\"@id\":\"https:\\\/\\\/houseofotoko.com\\\/product\\\/able-clock-silo\\\/#breadcrumb\"},\"inLanguage\":\"de\",\"potentialAction\":[{\"@type\":\"ReadAction\",\"target\":[\"https:\\\/\\\/houseofotoko.com\\\/product\\\/able-clock-silo\\\/\"]}]},{\"@type\":\"ImageObject\",\"inLanguage\":\"de\",\"@id\":\"https:\\\/\\\/houseofotoko.com\\\/product\\\/able-clock-silo\\\/#primaryimage\",\"url\":\"https:\\\/\\\/houseofotoko.com\\\/wp-content\\\/uploads\\\/2025\\\/03\\\/klok-beton-silo.webp\",\"contentUrl\":\"https:\\\/\\\/houseofotoko.com\\\/wp-content\\\/uploads\\\/2025\\\/03\\\/klok-beton-silo.webp\",\"width\":600,\"height\":600,\"caption\":\"Desk Clock Silo concrete Gone's; House of Otoko\"},{\"@type\":\"BreadcrumbList\",\"@id\":\"https:\\\/\\\/houseofotoko.com\\\/product\\\/able-clock-silo\\\/#breadcrumb\",\"itemListElement\":[{\"@type\":\"ListItem\",\"position\":1,\"name\":\"Home\",\"item\":\"https:\\\/\\\/houseofotoko.com\\\/\"},{\"@type\":\"ListItem\",\"position\":2,\"name\":\"Shop\",\"item\":\"https:\\\/\\\/houseofotoko.com\\\/shop\\\/\"},{\"@type\":\"ListItem\",\"position\":3,\"name\":\"Table Clock Silo\"}]},{\"@type\":\"WebSite\",\"@id\":\"https:\\\/\\\/houseofotoko.com\\\/#website\",\"url\":\"https:\\\/\\\/houseofotoko.com\\\/\",\"name\":\"House of Otoko\",\"description\":\"\",\"publisher\":{\"@id\":\"https:\\\/\\\/houseofotoko.com\\\/#organization\"},\"potentialAction\":[{\"@type\":\"SearchAction\",\"target\":{\"@type\":\"EntryPoint\",\"urlTemplate\":\"https:\\\/\\\/houseofotoko.com\\\/?s={search_term_string}\"},\"query-input\":{\"@type\":\"PropertyValueSpecification\",\"valueRequired\":true,\"valueName\":\"search_term_string\"}}],\"inLanguage\":\"de\"},{\"@type\":\"Organization\",\"@id\":\"https:\\\/\\\/houseofotoko.com\\\/#organization\",\"name\":\"House of Otoko\",\"url\":\"https:\\\/\\\/houseofotoko.com\\\/\",\"logo\":{\"@type\":\"ImageObject\",\"inLanguage\":\"de\",\"@id\":\"https:\\\/\\\/houseofotoko.com\\\/#\\\/schema\\\/logo\\\/image\\\/\",\"url\":\"https:\\\/\\\/mlfln9ez57ke.i.optimole.com\\\/w:1123\\\/h:1038\\\/q:mauto\\\/f:best\\\/ig:avif\\\/https:\\\/\\\/houseofotoko.com\\\/wp-content\\\/uploads\\\/2025\\\/01\\\/LOGO-PNG-1.png\",\"contentUrl\":\"https:\\\/\\\/mlfln9ez57ke.i.optimole.com\\\/w:1123\\\/h:1038\\\/q:mauto\\\/f:best\\\/ig:avif\\\/https:\\\/\\\/houseofotoko.com\\\/wp-content\\\/uploads\\\/2025\\\/01\\\/LOGO-PNG-1.png\",\"width\":1123,\"height\":1038,\"caption\":\"House of Otoko\"},\"image\":{\"@id\":\"https:\\\/\\\/houseofotoko.com\\\/#\\\/schema\\\/logo\\\/image\\\/\"},\"sameAs\":[\"https:\\\/\\\/www.instagram.com\\\/houseofotoko\\\/\"]}]}<\/script>\n<!-- \/ Yoast SEO plugin. -->","yoast_head_json":{"title":"Table Clock Silo - House of Otoko","description":"Table Clock Silo combines functionality with aesthetics, the integrated compartment, to grow a plant, adds a dynamic element to your space.","robots":{"index":"index","follow":"follow","max-snippet":"max-snippet:-1","max-image-preview":"max-image-preview:large","max-video-preview":"max-video-preview:-1"},"canonical":"https:\/\/houseofotoko.com\/de\/produkt\/able-clock-silo\/","og_locale":"de_DE","og_type":"article","og_title":"Table Clock Silo - House of Otoko","og_description":"Table Clock Silo combines functionality with aesthetics, the integrated compartment, to grow a plant, adds a dynamic element to your space.","og_url":"https:\/\/houseofotoko.com\/de\/produkt\/able-clock-silo\/","og_site_name":"House of Otoko","article_modified_time":"2025-03-05T10:38:30+00:00","og_image":[{"width":600,"height":600,"url":"https:\/\/houseofotoko.com\/wp-content\/uploads\/2025\/03\/klok-beton-silo.webp","type":"image\/webp"}],"twitter_card":"summary_large_image","twitter_misc":{"Gesch\u00e4tzte Lesezeit":"1\u00a0Minute"},"schema":{"@context":"https:\/\/schema.org","@graph":[{"@type":"WebPage","@id":"https:\/\/houseofotoko.com\/product\/able-clock-silo\/","url":"https:\/\/houseofotoko.com\/product\/able-clock-silo\/","name":"Table Clock Silo - House of Otoko","isPartOf":{"@id":"https:\/\/houseofotoko.com\/#website"},"primaryImageOfPage":{"@id":"https:\/\/houseofotoko.com\/product\/able-clock-silo\/#primaryimage"},"image":{"@id":"https:\/\/houseofotoko.com\/product\/able-clock-silo\/#primaryimage"},"thumbnailUrl":"https:\/\/houseofotoko.com\/wp-content\/uploads\/2025\/03\/klok-beton-silo.webp","datePublished":"2025-03-05T10:18:53+00:00","dateModified":"2025-03-05T10:38:30+00:00","description":"Table Clock Silo combines functionality with aesthetics, the integrated compartment, to grow a plant, adds a dynamic element to your space.","breadcrumb":{"@id":"https:\/\/houseofotoko.com\/product\/able-clock-silo\/#breadcrumb"},"inLanguage":"de","potentialAction":[{"@type":"ReadAction","target":["https:\/\/houseofotoko.com\/product\/able-clock-silo\/"]}]},{"@type":"ImageObject","inLanguage":"de","@id":"https:\/\/houseofotoko.com\/product\/able-clock-silo\/#primaryimage","url":"https:\/\/houseofotoko.com\/wp-content\/uploads\/2025\/03\/klok-beton-silo.webp","contentUrl":"https:\/\/houseofotoko.com\/wp-content\/uploads\/2025\/03\/klok-beton-silo.webp","width":600,"height":600,"caption":"Desk Clock Silo concrete Gone's; House of Otoko"},{"@type":"BreadcrumbList","@id":"https:\/\/houseofotoko.com\/product\/able-clock-silo\/#breadcrumb","itemListElement":[{"@type":"ListItem","position":1,"name":"Home","item":"https:\/\/houseofotoko.com\/"},{"@type":"ListItem","position":2,"name":"Shop","item":"https:\/\/houseofotoko.com\/shop\/"},{"@type":"ListItem","position":3,"name":"Table Clock Silo"}]},{"@type":"WebSite","@id":"https:\/\/houseofotoko.com\/#website","url":"https:\/\/houseofotoko.com\/","name":"House of Otoko","description":"","publisher":{"@id":"https:\/\/houseofotoko.com\/#organization"},"potentialAction":[{"@type":"SearchAction","target":{"@type":"EntryPoint","urlTemplate":"https:\/\/houseofotoko.com\/?s={search_term_string}"},"query-input":{"@type":"PropertyValueSpecification","valueRequired":true,"valueName":"search_term_string"}}],"inLanguage":"de"},{"@type":"Organization","@id":"https:\/\/houseofotoko.com\/#organization","name":"House of Otoko","url":"https:\/\/houseofotoko.com\/","logo":{"@type":"ImageObject","inLanguage":"de","@id":"https:\/\/houseofotoko.com\/#\/schema\/logo\/image\/","url":"https:\/\/mlfln9ez57ke.i.optimole.com\/w:1123\/h:1038\/q:mauto\/f:best\/ig:avif\/https:\/\/houseofotoko.com\/wp-content\/uploads\/2025\/01\/LOGO-PNG-1.png","contentUrl":"https:\/\/mlfln9ez57ke.i.optimole.com\/w:1123\/h:1038\/q:mauto\/f:best\/ig:avif\/https:\/\/houseofotoko.com\/wp-content\/uploads\/2025\/01\/LOGO-PNG-1.png","width":1123,"height":1038,"caption":"House of Otoko"},"image":{"@id":"https:\/\/houseofotoko.com\/#\/schema\/logo\/image\/"},"sameAs":["https:\/\/www.instagram.com\/houseofotoko\/"]}]}},"_links":{"self":[{"href":"https:\/\/houseofotoko.com\/de\/wp-json\/wp\/v2\/product\/568","targetHints":{"allow":["GET"]}}],"collection":[{"href":"https:\/\/houseofotoko.com\/de\/wp-json\/wp\/v2\/product"}],"about":[{"href":"https:\/\/houseofotoko.com\/de\/wp-json\/wp\/v2\/types\/product"}],"replies":[{"embeddable":true,"href":"https:\/\/houseofotoko.com\/de\/wp-json\/wp\/v2\/comments?post=568"}],"wp:featuredmedia":[{"embeddable":true,"href":"https:\/\/houseofotoko.com\/de\/wp-json\/wp\/v2\/media\/571"}],"wp:attachment":[{"href":"https:\/\/houseofotoko.com\/de\/wp-json\/wp\/v2\/media?parent=568"}],"wp:term":[{"taxonomy":"product_brand","embeddable":true,"href":"https:\/\/houseofotoko.com\/de\/wp-json\/wp\/v2\/product_brand?post=568"},{"taxonomy":"product_cat","embeddable":true,"href":"https:\/\/houseofotoko.com\/de\/wp-json\/wp\/v2\/product_cat?post=568"},{"taxonomy":"product_tag","embeddable":true,"href":"https:\/\/houseofotoko.com\/de\/wp-json\/wp\/v2\/product_tag?post=568"}],"curies":[{"name":"wp","href":"https:\/\/api.w.org\/{rel}","templated":true}]}}