{"id":525,"date":"2025-02-28T10:10:25","date_gmt":"2025-02-28T10:10:25","guid":{"rendered":"https:\/\/houseofotoko.com\/?post_type=product&#038;p=525"},"modified":"2025-02-28T10:10:25","modified_gmt":"2025-02-28T10:10:25","slug":"wool-blanket-us-army","status":"publish","type":"product","link":"https:\/\/houseofotoko.com\/de\/produkt\/wool-blanket-us-army\/","title":{"rendered":"Wolldecke US Army"},"content":{"rendered":"<p data-start=\"828\" data-end=\"1130\">Die Wolldecke US Army hat eine tiefgr\u00fcne Milit\u00e4rfarbe, die ihr einen authentischen, robusten Look verleiht, und ist somit eine perfekte Erg\u00e4nzung f\u00fcr jedes Outdoor-Setup, jeden Man Cave oder jedes Survival-Kit. Ob beim Wandern in der Wildnis, beim Sitzen am Lagerfeuer oder einfach auf der Suche nach einer robusten, warmen Decke f\u00fcr zu Hause \u2013 diese Decke ist der Aufgabe gewachsen. Diese Decke im milit\u00e4rischen Stil ist pflegeleicht und langlebig und ein Muss f\u00fcr Abenteurer und alle, die ein robustes St\u00fcck Heimdekoration sch\u00e4tzen.<\/p>\n<ul data-start=\"528\" data-end=\"826\">\n<li data-start=\"528\" data-end=\"618\"><strong><em>Gebaut, um rauen Umgebungen und langfristiger Nutzung standzuhalten.<\/em><\/strong><\/li>\n<li data-start=\"619\" data-end=\"715\"><strong><em>Ideal f\u00fcr Camping, Outdoor-Survival, Notfallvorbereitung oder den Hausgebrauch.<\/em><\/strong><\/li>\n<li data-start=\"716\" data-end=\"826\"><strong><em>Hergestellt aus 80% Wolle mit 20% strapazierf\u00e4higen synthetischen Fasern f\u00fcr zus\u00e4tzliche Festigkeit<\/em><\/strong><\/li>\n<li data-start=\"716\" data-end=\"826\"><strong><em>Bei 40 Grad Celsius waschen<\/em><\/strong><\/li>\n<li data-start=\"716\" data-end=\"826\"><strong><em>Abmessungen: 1770 x 230 cm<\/em><\/strong><\/li>\n<\/ul>\n<p data-start=\"1132\" data-end=\"1283\">","protected":false},"excerpt":{"rendered":"<p>Die Wolldecke US Army ist auf Robustheit ausgelegt und f\u00fcr W\u00e4rme konzipiert. Die milit\u00e4rische Decke in US Army Gr\u00fcn ist inspiriert von klassischer Armeebestandsausr\u00fcstung und bietet die perfekte Kombination aus Langlebigkeit, Funktionalit\u00e4t und robustem Stil. Mit gro\u00dfz\u00fcgigen Ma\u00dfen von 170 x 230 cm bietet diese strapazierf\u00e4hige Decke vollst\u00e4ndige Abdeckung und hervorragende Isolierung. Hergestellt aus 80% hochwertiger Wolle, speichert sie W\u00e4rme au\u00dfergew\u00f6hnlich gut, selbst unter extremen Bedingungen.<\/p>","protected":false},"featured_media":526,"comment_status":"open","ping_status":"closed","template":"","meta":{"neve_meta_sidebar":"","neve_meta_container":"","neve_meta_enable_content_width":"off","neve_meta_content_width":100,"neve_meta_title_alignment":"","neve_meta_author_avatar":"","neve_post_elements_order":"","neve_meta_disable_header":"","neve_meta_disable_footer":"","neve_meta_disable_title":"","neve_meta_reading_time":"","_themeisle_gutenberg_block_has_review":false,"neve_tabs_data":"","neve_override_tab_layout":""},"product_brand":[],"product_cat":[16,50,49,43,22,25],"product_tag":[59,54,60],"class_list":{"0":"post-525","1":"product","2":"type-product","3":"status-publish","4":"has-post-thumbnail","6":"product_cat-all","7":"product_cat-camping","8":"product_cat-garden","9":"product_cat-home-textiles","10":"product_cat-living","11":"product_cat-outdoor","12":"product_tag-blanket","13":"product_tag-green","14":"product_tag-wool","15":"product_shipping_class-standard-package","17":"first","18":"instock","19":"taxable","20":"shipping-taxable","21":"purchasable","22":"product-type-simple"},"yoast_head":"<!-- This site is optimized with the Yoast SEO plugin v27.4 - https:\/\/yoast.com\/product\/yoast-seo-wordpress\/ -->\n<title>Wool Blanket US Army - House of Otoko<\/title>\n<meta name=\"description\" content=\"Wool Blanket US Army is built for toughness, designed for warmth and delivers the perfect combination of durability, functionality, and rugged home decor.\" \/>\n<meta name=\"robots\" content=\"index, follow, max-snippet:-1, max-image-preview:large, max-video-preview:-1\" \/>\n<link rel=\"canonical\" href=\"https:\/\/houseofotoko.com\/de\/produkt\/wool-blanket-us-army\/\" \/>\n<meta property=\"og:locale\" content=\"de_DE\" \/>\n<meta property=\"og:type\" content=\"article\" \/>\n<meta property=\"og:title\" content=\"Wool Blanket US Army - House of Otoko\" \/>\n<meta property=\"og:description\" content=\"Wool Blanket US Army is built for toughness, designed for warmth and delivers the perfect combination of durability, functionality, and rugged home decor.\" \/>\n<meta property=\"og:url\" content=\"https:\/\/houseofotoko.com\/de\/produkt\/wool-blanket-us-army\/\" \/>\n<meta property=\"og:site_name\" content=\"House of Otoko\" \/>\n<meta property=\"og:image\" content=\"https:\/\/houseofotoko.com\/wp-content\/uploads\/2025\/02\/US-blanket-green.webp\" \/>\n\t<meta property=\"og:image:width\" content=\"600\" \/>\n\t<meta property=\"og:image:height\" content=\"600\" \/>\n\t<meta property=\"og:image:type\" content=\"image\/webp\" \/>\n<meta name=\"twitter:card\" content=\"summary_large_image\" \/>\n<meta name=\"twitter:label1\" content=\"Gesch\u00e4tzte Lesezeit\" \/>\n\t<meta name=\"twitter:data1\" content=\"1\u00a0Minute\" \/>\n<script type=\"application\/ld+json\" class=\"yoast-schema-graph\">{\"@context\":\"https:\\\/\\\/schema.org\",\"@graph\":[{\"@type\":\"WebPage\",\"@id\":\"https:\\\/\\\/houseofotoko.com\\\/product\\\/wool-blanket-us-army\\\/\",\"url\":\"https:\\\/\\\/houseofotoko.com\\\/product\\\/wool-blanket-us-army\\\/\",\"name\":\"Wool Blanket US Army - House of Otoko\",\"isPartOf\":{\"@id\":\"https:\\\/\\\/houseofotoko.com\\\/#website\"},\"primaryImageOfPage\":{\"@id\":\"https:\\\/\\\/houseofotoko.com\\\/product\\\/wool-blanket-us-army\\\/#primaryimage\"},\"image\":{\"@id\":\"https:\\\/\\\/houseofotoko.com\\\/product\\\/wool-blanket-us-army\\\/#primaryimage\"},\"thumbnailUrl\":\"https:\\\/\\\/houseofotoko.com\\\/wp-content\\\/uploads\\\/2025\\\/02\\\/US-blanket-green.webp\",\"datePublished\":\"2025-02-28T10:10:25+00:00\",\"description\":\"Wool Blanket US Army is built for toughness, designed for warmth and delivers the perfect combination of durability, functionality, and rugged home decor.\",\"breadcrumb\":{\"@id\":\"https:\\\/\\\/houseofotoko.com\\\/product\\\/wool-blanket-us-army\\\/#breadcrumb\"},\"inLanguage\":\"de\",\"potentialAction\":[{\"@type\":\"ReadAction\",\"target\":[\"https:\\\/\\\/houseofotoko.com\\\/product\\\/wool-blanket-us-army\\\/\"]}]},{\"@type\":\"ImageObject\",\"inLanguage\":\"de\",\"@id\":\"https:\\\/\\\/houseofotoko.com\\\/product\\\/wool-blanket-us-army\\\/#primaryimage\",\"url\":\"https:\\\/\\\/houseofotoko.com\\\/wp-content\\\/uploads\\\/2025\\\/02\\\/US-blanket-green.webp\",\"contentUrl\":\"https:\\\/\\\/houseofotoko.com\\\/wp-content\\\/uploads\\\/2025\\\/02\\\/US-blanket-green.webp\",\"width\":600,\"height\":600,\"caption\":\"\\\"US Army Green\\\" Military Blanket\"},{\"@type\":\"BreadcrumbList\",\"@id\":\"https:\\\/\\\/houseofotoko.com\\\/product\\\/wool-blanket-us-army\\\/#breadcrumb\",\"itemListElement\":[{\"@type\":\"ListItem\",\"position\":1,\"name\":\"Home\",\"item\":\"https:\\\/\\\/houseofotoko.com\\\/\"},{\"@type\":\"ListItem\",\"position\":2,\"name\":\"Shop\",\"item\":\"https:\\\/\\\/houseofotoko.com\\\/shop\\\/\"},{\"@type\":\"ListItem\",\"position\":3,\"name\":\"Wool Blanket US Army\"}]},{\"@type\":\"WebSite\",\"@id\":\"https:\\\/\\\/houseofotoko.com\\\/#website\",\"url\":\"https:\\\/\\\/houseofotoko.com\\\/\",\"name\":\"House of Otoko\",\"description\":\"\",\"publisher\":{\"@id\":\"https:\\\/\\\/houseofotoko.com\\\/#organization\"},\"potentialAction\":[{\"@type\":\"SearchAction\",\"target\":{\"@type\":\"EntryPoint\",\"urlTemplate\":\"https:\\\/\\\/houseofotoko.com\\\/?s={search_term_string}\"},\"query-input\":{\"@type\":\"PropertyValueSpecification\",\"valueRequired\":true,\"valueName\":\"search_term_string\"}}],\"inLanguage\":\"de\"},{\"@type\":\"Organization\",\"@id\":\"https:\\\/\\\/houseofotoko.com\\\/#organization\",\"name\":\"House of Otoko\",\"url\":\"https:\\\/\\\/houseofotoko.com\\\/\",\"logo\":{\"@type\":\"ImageObject\",\"inLanguage\":\"de\",\"@id\":\"https:\\\/\\\/houseofotoko.com\\\/#\\\/schema\\\/logo\\\/image\\\/\",\"url\":\"https:\\\/\\\/mlfln9ez57ke.i.optimole.com\\\/w:1123\\\/h:1038\\\/q:mauto\\\/f:best\\\/ig:avif\\\/https:\\\/\\\/houseofotoko.com\\\/wp-content\\\/uploads\\\/2025\\\/01\\\/LOGO-PNG-1.png\",\"contentUrl\":\"https:\\\/\\\/mlfln9ez57ke.i.optimole.com\\\/w:1123\\\/h:1038\\\/q:mauto\\\/f:best\\\/ig:avif\\\/https:\\\/\\\/houseofotoko.com\\\/wp-content\\\/uploads\\\/2025\\\/01\\\/LOGO-PNG-1.png\",\"width\":1123,\"height\":1038,\"caption\":\"House of Otoko\"},\"image\":{\"@id\":\"https:\\\/\\\/houseofotoko.com\\\/#\\\/schema\\\/logo\\\/image\\\/\"},\"sameAs\":[\"https:\\\/\\\/www.instagram.com\\\/houseofotoko\\\/\"]}]}<\/script>\n<!-- \/ Yoast SEO plugin. -->","yoast_head_json":{"title":"Wool Blanket US Army - House of Otoko","description":"Wool Blanket US Army is built for toughness, designed for warmth and delivers the perfect combination of durability, functionality, and rugged home decor.","robots":{"index":"index","follow":"follow","max-snippet":"max-snippet:-1","max-image-preview":"max-image-preview:large","max-video-preview":"max-video-preview:-1"},"canonical":"https:\/\/houseofotoko.com\/de\/produkt\/wool-blanket-us-army\/","og_locale":"de_DE","og_type":"article","og_title":"Wool Blanket US Army - House of Otoko","og_description":"Wool Blanket US Army is built for toughness, designed for warmth and delivers the perfect combination of durability, functionality, and rugged home decor.","og_url":"https:\/\/houseofotoko.com\/de\/produkt\/wool-blanket-us-army\/","og_site_name":"House of Otoko","og_image":[{"width":600,"height":600,"url":"https:\/\/houseofotoko.com\/wp-content\/uploads\/2025\/02\/US-blanket-green.webp","type":"image\/webp"}],"twitter_card":"summary_large_image","twitter_misc":{"Gesch\u00e4tzte Lesezeit":"1\u00a0Minute"},"schema":{"@context":"https:\/\/schema.org","@graph":[{"@type":"WebPage","@id":"https:\/\/houseofotoko.com\/product\/wool-blanket-us-army\/","url":"https:\/\/houseofotoko.com\/product\/wool-blanket-us-army\/","name":"Wool Blanket US Army - House of Otoko","isPartOf":{"@id":"https:\/\/houseofotoko.com\/#website"},"primaryImageOfPage":{"@id":"https:\/\/houseofotoko.com\/product\/wool-blanket-us-army\/#primaryimage"},"image":{"@id":"https:\/\/houseofotoko.com\/product\/wool-blanket-us-army\/#primaryimage"},"thumbnailUrl":"https:\/\/houseofotoko.com\/wp-content\/uploads\/2025\/02\/US-blanket-green.webp","datePublished":"2025-02-28T10:10:25+00:00","description":"Wool Blanket US Army is built for toughness, designed for warmth and delivers the perfect combination of durability, functionality, and rugged home decor.","breadcrumb":{"@id":"https:\/\/houseofotoko.com\/product\/wool-blanket-us-army\/#breadcrumb"},"inLanguage":"de","potentialAction":[{"@type":"ReadAction","target":["https:\/\/houseofotoko.com\/product\/wool-blanket-us-army\/"]}]},{"@type":"ImageObject","inLanguage":"de","@id":"https:\/\/houseofotoko.com\/product\/wool-blanket-us-army\/#primaryimage","url":"https:\/\/houseofotoko.com\/wp-content\/uploads\/2025\/02\/US-blanket-green.webp","contentUrl":"https:\/\/houseofotoko.com\/wp-content\/uploads\/2025\/02\/US-blanket-green.webp","width":600,"height":600,"caption":"\"US Army Green\" Military Blanket"},{"@type":"BreadcrumbList","@id":"https:\/\/houseofotoko.com\/product\/wool-blanket-us-army\/#breadcrumb","itemListElement":[{"@type":"ListItem","position":1,"name":"Home","item":"https:\/\/houseofotoko.com\/"},{"@type":"ListItem","position":2,"name":"Shop","item":"https:\/\/houseofotoko.com\/shop\/"},{"@type":"ListItem","position":3,"name":"Wool Blanket US Army"}]},{"@type":"WebSite","@id":"https:\/\/houseofotoko.com\/#website","url":"https:\/\/houseofotoko.com\/","name":"House of Otoko","description":"","publisher":{"@id":"https:\/\/houseofotoko.com\/#organization"},"potentialAction":[{"@type":"SearchAction","target":{"@type":"EntryPoint","urlTemplate":"https:\/\/houseofotoko.com\/?s={search_term_string}"},"query-input":{"@type":"PropertyValueSpecification","valueRequired":true,"valueName":"search_term_string"}}],"inLanguage":"de"},{"@type":"Organization","@id":"https:\/\/houseofotoko.com\/#organization","name":"House of Otoko","url":"https:\/\/houseofotoko.com\/","logo":{"@type":"ImageObject","inLanguage":"de","@id":"https:\/\/houseofotoko.com\/#\/schema\/logo\/image\/","url":"https:\/\/mlfln9ez57ke.i.optimole.com\/w:1123\/h:1038\/q:mauto\/f:best\/ig:avif\/https:\/\/houseofotoko.com\/wp-content\/uploads\/2025\/01\/LOGO-PNG-1.png","contentUrl":"https:\/\/mlfln9ez57ke.i.optimole.com\/w:1123\/h:1038\/q:mauto\/f:best\/ig:avif\/https:\/\/houseofotoko.com\/wp-content\/uploads\/2025\/01\/LOGO-PNG-1.png","width":1123,"height":1038,"caption":"House of Otoko"},"image":{"@id":"https:\/\/houseofotoko.com\/#\/schema\/logo\/image\/"},"sameAs":["https:\/\/www.instagram.com\/houseofotoko\/"]}]}},"_links":{"self":[{"href":"https:\/\/houseofotoko.com\/de\/wp-json\/wp\/v2\/product\/525","targetHints":{"allow":["GET"]}}],"collection":[{"href":"https:\/\/houseofotoko.com\/de\/wp-json\/wp\/v2\/product"}],"about":[{"href":"https:\/\/houseofotoko.com\/de\/wp-json\/wp\/v2\/types\/product"}],"replies":[{"embeddable":true,"href":"https:\/\/houseofotoko.com\/de\/wp-json\/wp\/v2\/comments?post=525"}],"wp:featuredmedia":[{"embeddable":true,"href":"https:\/\/houseofotoko.com\/de\/wp-json\/wp\/v2\/media\/526"}],"wp:attachment":[{"href":"https:\/\/houseofotoko.com\/de\/wp-json\/wp\/v2\/media?parent=525"}],"wp:term":[{"taxonomy":"product_brand","embeddable":true,"href":"https:\/\/houseofotoko.com\/de\/wp-json\/wp\/v2\/product_brand?post=525"},{"taxonomy":"product_cat","embeddable":true,"href":"https:\/\/houseofotoko.com\/de\/wp-json\/wp\/v2\/product_cat?post=525"},{"taxonomy":"product_tag","embeddable":true,"href":"https:\/\/houseofotoko.com\/de\/wp-json\/wp\/v2\/product_tag?post=525"}],"curies":[{"name":"wp","href":"https:\/\/api.w.org\/{rel}","templated":true}]}}