{"id":300,"date":"2025-01-21T16:59:19","date_gmt":"2025-01-21T16:59:19","guid":{"rendered":"https:\/\/houseofotoko.com\/?post_type=product&#038;p=300"},"modified":"2025-02-10T19:39:08","modified_gmt":"2025-02-10T19:39:08","slug":"wine-bottle-tumblers","status":"publish","type":"product","link":"https:\/\/houseofotoko.com\/de\/produkt\/wine-bottle-tumblers\/","title":{"rendered":"Weinflaschenbecher"},"content":{"rendered":"<p><strong>Weinflaschenbecher - Set mit 4 verschiedenen Farben<\/strong><\/p>\n<p>Peppen Sie Ihr Trinkgeschirr mit diesen k\u00fchnen und nachhaltigen Bechern auf, die sich f\u00fcr eine Kreislaufwirtschaft einsetzen.<\/p>\n<p>Diese aus wiederverwerteten Weinflaschen hergestellten Gl\u00e4ser bieten ein perfektes Gleichgewicht zwischen Stil und Zweckm\u00e4\u00dfigkeit. Mit ihrem bequemen Griff und ihrem idealen Fassungsverm\u00f6gen sind sie f\u00fcr den t\u00e4glichen Gebrauch konzipiert. Die subtilen Details in jedem Glas verraten ihr fr\u00fcheres Leben als Flasche und machen jedes Glas zu einem echten Unikat.<\/p>\n<p>Diese Becher sind nicht nur funktional, sie sind auch ein echter Gespr\u00e4chsanlass. Der perfekte Eisbrecher f\u00fcr jede Zusammenkunft. Prost auf die Nachhaltigkeit!<\/p>\n<ul>\n<li><em><strong>Kapazit\u00e4t:<\/strong> \u00b1 330 ml pro Glas<\/em><\/li>\n<li><em><strong>Material:<\/strong> 100% recyceltes Glas<\/em><\/li>\n<li><em><strong>Abmessungen:<\/strong> \u00d8 7,5 cm \/ 11 cm H\u00f6he<\/em><\/li>\n<li><em><strong>Farben:<\/strong> 4 verschiedene Farbt\u00f6ne<\/em><\/li>\n<li><em><strong>Sp\u00fclmaschinenfest:<\/strong> Bis zu 60\u00b0C<\/em><\/li>\n<li><em><strong>Verpackung:<\/strong> Satz mit 4 Gl\u00e4sern<\/em><\/li>\n<li><em><strong>Ethisch produziert:<\/strong> Stolz hergestellt in den Niederlanden<\/em><\/li>\n<li><em><strong>Einzigartige St\u00fccke:<\/strong> Jedes Glas hat seine eigene Geschichte<\/em><\/li>\n<li><em><strong>Marke:<\/strong> <a href=\"https:\/\/houseofotoko.com\/product-categorie\/shop\/brands\/rebottled\/\">Neu abgef\u00fcllt<\/a><\/em><\/li>\n<\/ul>\n<p>Nachhaltig trinken, mutig leben.<\/p>","protected":false},"excerpt":{"rendered":"<p>Diese Wine Bottle Tumblers werden aus wiederverwerteten Weinflaschen hergestellt und bieten ein perfektes Gleichgewicht zwischen Stil und Zweckm\u00e4\u00dfigkeit.<\/p>","protected":false},"featured_media":437,"comment_status":"open","ping_status":"closed","template":"","meta":{"neve_meta_sidebar":"","neve_meta_container":"","neve_meta_enable_content_width":"off","neve_meta_content_width":100,"neve_meta_title_alignment":"","neve_meta_author_avatar":"","neve_post_elements_order":"","neve_meta_disable_header":"","neve_meta_disable_footer":"","neve_meta_disable_title":"","neve_meta_reading_time":"","_themeisle_gutenberg_block_has_review":false,"neve_tabs_data":null,"neve_override_tab_layout":"on"},"product_brand":[],"product_cat":[16,52,42,22,36,23],"product_tag":[32,31],"class_list":{"0":"post-300","1":"product","2":"type-product","3":"status-publish","4":"has-post-thumbnail","6":"product_cat-all","7":"product_cat-glassware_bar","8":"product_cat-kitchen_dining","9":"product_cat-living","10":"product_cat-rebottled","11":"product_cat-sustainable","12":"product_tag-reclaimed","13":"product_tag-tumbler","14":"product_shipping_class-standard-package","16":"first","17":"instock","18":"taxable","19":"shipping-taxable","20":"purchasable","21":"product-type-simple"},"yoast_head":"<!-- This site is optimized with the Yoast SEO plugin v27.4 - https:\/\/yoast.com\/product\/yoast-seo-wordpress\/ -->\n<title>Wine Bottle Tumblers - House of Otoko<\/title>\n<meta name=\"description\" content=\"These Wine Bottle Tumblers are crafted from reclaimed wine bottles, these glasses offer a perfect balance of style and practicality.\" \/>\n<meta name=\"robots\" content=\"index, follow, max-snippet:-1, max-image-preview:large, max-video-preview:-1\" \/>\n<link rel=\"canonical\" href=\"https:\/\/houseofotoko.com\/de\/produkt\/wine-bottle-tumblers\/\" \/>\n<meta property=\"og:locale\" content=\"de_DE\" \/>\n<meta property=\"og:type\" content=\"article\" \/>\n<meta property=\"og:title\" content=\"Wine Bottle Tumblers - House of Otoko\" \/>\n<meta property=\"og:description\" content=\"These Wine Bottle Tumblers are crafted from reclaimed wine bottles, these glasses offer a perfect balance of style and practicality.\" \/>\n<meta property=\"og:url\" content=\"https:\/\/houseofotoko.com\/de\/produkt\/wine-bottle-tumblers\/\" \/>\n<meta property=\"og:site_name\" content=\"House of Otoko\" \/>\n<meta property=\"article:modified_time\" content=\"2025-02-10T19:39:08+00:00\" \/>\n<meta property=\"og:image\" content=\"https:\/\/houseofotoko.com\/wp-content\/uploads\/2025\/02\/Rebottled-Tumbler-multi-color-on-table.webp\" \/>\n\t<meta property=\"og:image:width\" content=\"600\" \/>\n\t<meta property=\"og:image:height\" content=\"600\" \/>\n\t<meta property=\"og:image:type\" content=\"image\/webp\" \/>\n<meta name=\"twitter:card\" content=\"summary_large_image\" \/>\n<meta name=\"twitter:label1\" content=\"Gesch\u00e4tzte Lesezeit\" \/>\n\t<meta name=\"twitter:data1\" content=\"1\u00a0Minute\" \/>\n<script type=\"application\/ld+json\" class=\"yoast-schema-graph\">{\"@context\":\"https:\\\/\\\/schema.org\",\"@graph\":[{\"@type\":\"WebPage\",\"@id\":\"https:\\\/\\\/houseofotoko.com\\\/product\\\/wine-bottle-tumblers\\\/\",\"url\":\"https:\\\/\\\/houseofotoko.com\\\/product\\\/wine-bottle-tumblers\\\/\",\"name\":\"Wine Bottle Tumblers - House of Otoko\",\"isPartOf\":{\"@id\":\"https:\\\/\\\/houseofotoko.com\\\/#website\"},\"primaryImageOfPage\":{\"@id\":\"https:\\\/\\\/houseofotoko.com\\\/product\\\/wine-bottle-tumblers\\\/#primaryimage\"},\"image\":{\"@id\":\"https:\\\/\\\/houseofotoko.com\\\/product\\\/wine-bottle-tumblers\\\/#primaryimage\"},\"thumbnailUrl\":\"https:\\\/\\\/houseofotoko.com\\\/wp-content\\\/uploads\\\/2025\\\/02\\\/Rebottled-Tumbler-multi-color-on-table.webp\",\"datePublished\":\"2025-01-21T16:59:19+00:00\",\"dateModified\":\"2025-02-10T19:39:08+00:00\",\"description\":\"These Wine Bottle Tumblers are crafted from reclaimed wine bottles, these glasses offer a perfect balance of style and practicality.\",\"breadcrumb\":{\"@id\":\"https:\\\/\\\/houseofotoko.com\\\/product\\\/wine-bottle-tumblers\\\/#breadcrumb\"},\"inLanguage\":\"de\",\"potentialAction\":[{\"@type\":\"ReadAction\",\"target\":[\"https:\\\/\\\/houseofotoko.com\\\/product\\\/wine-bottle-tumblers\\\/\"]}]},{\"@type\":\"ImageObject\",\"inLanguage\":\"de\",\"@id\":\"https:\\\/\\\/houseofotoko.com\\\/product\\\/wine-bottle-tumblers\\\/#primaryimage\",\"url\":\"https:\\\/\\\/houseofotoko.com\\\/wp-content\\\/uploads\\\/2025\\\/02\\\/Rebottled-Tumbler-multi-color-on-table.webp\",\"contentUrl\":\"https:\\\/\\\/houseofotoko.com\\\/wp-content\\\/uploads\\\/2025\\\/02\\\/Rebottled-Tumbler-multi-color-on-table.webp\",\"width\":600,\"height\":600,\"caption\":\"house of otoko reclaimed wine bottle tumblers multi pack\"},{\"@type\":\"BreadcrumbList\",\"@id\":\"https:\\\/\\\/houseofotoko.com\\\/product\\\/wine-bottle-tumblers\\\/#breadcrumb\",\"itemListElement\":[{\"@type\":\"ListItem\",\"position\":1,\"name\":\"Home\",\"item\":\"https:\\\/\\\/houseofotoko.com\\\/\"},{\"@type\":\"ListItem\",\"position\":2,\"name\":\"Shop\",\"item\":\"https:\\\/\\\/houseofotoko.com\\\/shop\\\/\"},{\"@type\":\"ListItem\",\"position\":3,\"name\":\"Wine Bottle Tumblers\"}]},{\"@type\":\"WebSite\",\"@id\":\"https:\\\/\\\/houseofotoko.com\\\/#website\",\"url\":\"https:\\\/\\\/houseofotoko.com\\\/\",\"name\":\"House of Otoko\",\"description\":\"\",\"publisher\":{\"@id\":\"https:\\\/\\\/houseofotoko.com\\\/#organization\"},\"potentialAction\":[{\"@type\":\"SearchAction\",\"target\":{\"@type\":\"EntryPoint\",\"urlTemplate\":\"https:\\\/\\\/houseofotoko.com\\\/?s={search_term_string}\"},\"query-input\":{\"@type\":\"PropertyValueSpecification\",\"valueRequired\":true,\"valueName\":\"search_term_string\"}}],\"inLanguage\":\"de\"},{\"@type\":\"Organization\",\"@id\":\"https:\\\/\\\/houseofotoko.com\\\/#organization\",\"name\":\"House of Otoko\",\"url\":\"https:\\\/\\\/houseofotoko.com\\\/\",\"logo\":{\"@type\":\"ImageObject\",\"inLanguage\":\"de\",\"@id\":\"https:\\\/\\\/houseofotoko.com\\\/#\\\/schema\\\/logo\\\/image\\\/\",\"url\":\"https:\\\/\\\/mlfln9ez57ke.i.optimole.com\\\/w:1123\\\/h:1038\\\/q:mauto\\\/f:best\\\/ig:avif\\\/https:\\\/\\\/houseofotoko.com\\\/wp-content\\\/uploads\\\/2025\\\/01\\\/LOGO-PNG-1.png\",\"contentUrl\":\"https:\\\/\\\/mlfln9ez57ke.i.optimole.com\\\/w:1123\\\/h:1038\\\/q:mauto\\\/f:best\\\/ig:avif\\\/https:\\\/\\\/houseofotoko.com\\\/wp-content\\\/uploads\\\/2025\\\/01\\\/LOGO-PNG-1.png\",\"width\":1123,\"height\":1038,\"caption\":\"House of Otoko\"},\"image\":{\"@id\":\"https:\\\/\\\/houseofotoko.com\\\/#\\\/schema\\\/logo\\\/image\\\/\"},\"sameAs\":[\"https:\\\/\\\/www.instagram.com\\\/houseofotoko\\\/\"]}]}<\/script>\n<!-- \/ Yoast SEO plugin. -->","yoast_head_json":{"title":"Weinflaschenbecher - House of Otoko","description":"Diese Wine Bottle Tumblers werden aus wiederverwerteten Weinflaschen hergestellt und bieten ein perfektes Gleichgewicht zwischen Stil und Zweckm\u00e4\u00dfigkeit.","robots":{"index":"index","follow":"follow","max-snippet":"max-snippet:-1","max-image-preview":"max-image-preview:large","max-video-preview":"max-video-preview:-1"},"canonical":"https:\/\/houseofotoko.com\/de\/produkt\/wine-bottle-tumblers\/","og_locale":"de_DE","og_type":"article","og_title":"Wine Bottle Tumblers - House of Otoko","og_description":"These Wine Bottle Tumblers are crafted from reclaimed wine bottles, these glasses offer a perfect balance of style and practicality.","og_url":"https:\/\/houseofotoko.com\/de\/produkt\/wine-bottle-tumblers\/","og_site_name":"House of Otoko","article_modified_time":"2025-02-10T19:39:08+00:00","og_image":[{"width":600,"height":600,"url":"https:\/\/houseofotoko.com\/wp-content\/uploads\/2025\/02\/Rebottled-Tumbler-multi-color-on-table.webp","type":"image\/webp"}],"twitter_card":"summary_large_image","twitter_misc":{"Gesch\u00e4tzte Lesezeit":"1\u00a0Minute"},"schema":{"@context":"https:\/\/schema.org","@graph":[{"@type":"WebPage","@id":"https:\/\/houseofotoko.com\/product\/wine-bottle-tumblers\/","url":"https:\/\/houseofotoko.com\/product\/wine-bottle-tumblers\/","name":"Weinflaschenbecher - House of Otoko","isPartOf":{"@id":"https:\/\/houseofotoko.com\/#website"},"primaryImageOfPage":{"@id":"https:\/\/houseofotoko.com\/product\/wine-bottle-tumblers\/#primaryimage"},"image":{"@id":"https:\/\/houseofotoko.com\/product\/wine-bottle-tumblers\/#primaryimage"},"thumbnailUrl":"https:\/\/houseofotoko.com\/wp-content\/uploads\/2025\/02\/Rebottled-Tumbler-multi-color-on-table.webp","datePublished":"2025-01-21T16:59:19+00:00","dateModified":"2025-02-10T19:39:08+00:00","description":"Diese Wine Bottle Tumblers werden aus wiederverwerteten Weinflaschen hergestellt und bieten ein perfektes Gleichgewicht zwischen Stil und Zweckm\u00e4\u00dfigkeit.","breadcrumb":{"@id":"https:\/\/houseofotoko.com\/product\/wine-bottle-tumblers\/#breadcrumb"},"inLanguage":"de","potentialAction":[{"@type":"ReadAction","target":["https:\/\/houseofotoko.com\/product\/wine-bottle-tumblers\/"]}]},{"@type":"ImageObject","inLanguage":"de","@id":"https:\/\/houseofotoko.com\/product\/wine-bottle-tumblers\/#primaryimage","url":"https:\/\/houseofotoko.com\/wp-content\/uploads\/2025\/02\/Rebottled-Tumbler-multi-color-on-table.webp","contentUrl":"https:\/\/houseofotoko.com\/wp-content\/uploads\/2025\/02\/Rebottled-Tumbler-multi-color-on-table.webp","width":600,"height":600,"caption":"house of otoko reclaimed wine bottle tumblers multi pack"},{"@type":"BreadcrumbList","@id":"https:\/\/houseofotoko.com\/product\/wine-bottle-tumblers\/#breadcrumb","itemListElement":[{"@type":"ListItem","position":1,"name":"Home","item":"https:\/\/houseofotoko.com\/"},{"@type":"ListItem","position":2,"name":"Shop","item":"https:\/\/houseofotoko.com\/shop\/"},{"@type":"ListItem","position":3,"name":"Wine Bottle Tumblers"}]},{"@type":"WebSite","@id":"https:\/\/houseofotoko.com\/#website","url":"https:\/\/houseofotoko.com\/","name":"House of Otoko","description":"","publisher":{"@id":"https:\/\/houseofotoko.com\/#organization"},"potentialAction":[{"@type":"SearchAction","target":{"@type":"EntryPoint","urlTemplate":"https:\/\/houseofotoko.com\/?s={search_term_string}"},"query-input":{"@type":"PropertyValueSpecification","valueRequired":true,"valueName":"search_term_string"}}],"inLanguage":"de"},{"@type":"Organization","@id":"https:\/\/houseofotoko.com\/#organization","name":"House of Otoko","url":"https:\/\/houseofotoko.com\/","logo":{"@type":"ImageObject","inLanguage":"de","@id":"https:\/\/houseofotoko.com\/#\/schema\/logo\/image\/","url":"https:\/\/mlfln9ez57ke.i.optimole.com\/w:1123\/h:1038\/q:mauto\/f:best\/ig:avif\/https:\/\/houseofotoko.com\/wp-content\/uploads\/2025\/01\/LOGO-PNG-1.png","contentUrl":"https:\/\/mlfln9ez57ke.i.optimole.com\/w:1123\/h:1038\/q:mauto\/f:best\/ig:avif\/https:\/\/houseofotoko.com\/wp-content\/uploads\/2025\/01\/LOGO-PNG-1.png","width":1123,"height":1038,"caption":"House of Otoko"},"image":{"@id":"https:\/\/houseofotoko.com\/#\/schema\/logo\/image\/"},"sameAs":["https:\/\/www.instagram.com\/houseofotoko\/"]}]}},"_links":{"self":[{"href":"https:\/\/houseofotoko.com\/de\/wp-json\/wp\/v2\/product\/300","targetHints":{"allow":["GET"]}}],"collection":[{"href":"https:\/\/houseofotoko.com\/de\/wp-json\/wp\/v2\/product"}],"about":[{"href":"https:\/\/houseofotoko.com\/de\/wp-json\/wp\/v2\/types\/product"}],"replies":[{"embeddable":true,"href":"https:\/\/houseofotoko.com\/de\/wp-json\/wp\/v2\/comments?post=300"}],"wp:featuredmedia":[{"embeddable":true,"href":"https:\/\/houseofotoko.com\/de\/wp-json\/wp\/v2\/media\/437"}],"wp:attachment":[{"href":"https:\/\/houseofotoko.com\/de\/wp-json\/wp\/v2\/media?parent=300"}],"wp:term":[{"taxonomy":"product_brand","embeddable":true,"href":"https:\/\/houseofotoko.com\/de\/wp-json\/wp\/v2\/product_brand?post=300"},{"taxonomy":"product_cat","embeddable":true,"href":"https:\/\/houseofotoko.com\/de\/wp-json\/wp\/v2\/product_cat?post=300"},{"taxonomy":"product_tag","embeddable":true,"href":"https:\/\/houseofotoko.com\/de\/wp-json\/wp\/v2\/product_tag?post=300"}],"curies":[{"name":"wp","href":"https:\/\/api.w.org\/{rel}","templated":true}]}}