{"id":1482,"date":"2026-02-18T15:45:57","date_gmt":"2026-02-18T15:45:57","guid":{"rendered":"https:\/\/houseofotoko.com\/?post_type=product&#038;p=1482"},"modified":"2026-02-18T16:42:38","modified_gmt":"2026-02-18T16:42:38","slug":"country-road-premium-soy-candle","status":"publish","type":"product","link":"https:\/\/houseofotoko.com\/de\/produkt\/country-road-premium-soy-candle\/","title":{"rendered":"Country Road Premium Sojakerze"},"content":{"rendered":"<h2 data-start=\"461\" data-end=\"507\"><strong data-start=\"461\" data-end=\"507\">Country Road Premium Sojakerze<\/strong><\/h2>\n<p data-start=\"509\" data-end=\"825\">Die Country Road Kerze ist mehr als nur ein Duft, sie ist Atmosph\u00e4re. Handgegossen mit 100 % europ\u00e4ischem Premium-Sojawachs, brennt diese Kerze sauber und lange und f\u00fcllt Ihren Raum mit einem warmen, trockenen, w\u00fcrzigen Duft, der an abgenutztes Leder, offene Horizonte und ruhiges Vertrauen erinnert.<\/p>\n<p data-start=\"827\" data-end=\"1119\">Cassia, Anis und schwarzer Pfeffer vereinen sich zu einer k\u00fchnen, eleganten Komposition, die niemals \u00fcberw\u00e4ltigt, sondern einfach nur f\u00fcr Stimmung sorgt. Country Road wird in Budapest mit einer veganen, plastikfreien Formel und einem Docht aus \u00d6ko-Baumwolle hergestellt und bringt eine raffinierte und doch robuste Note in Ihr Zuhause.<\/p>\n<p data-start=\"1121\" data-end=\"1401\"><strong data-start=\"1121\" data-end=\"1137\">Wesentliche Merkmale:<\/strong><\/p>\n<ul>\n<li data-start=\"1121\" data-end=\"1401\"><strong><em>Warmes &amp; w\u00fcrziges Duftprofil<\/em><\/strong><\/li>\n<li data-start=\"1121\" data-end=\"1401\"><strong><em>Gr\u00f6\u00dfe: H\u00f6he: 6,5 cm - Durchmesser: 6,5 cm<\/em><\/strong><\/li>\n<li data-start=\"1121\" data-end=\"1401\"><em><strong>Inhalt: 120 ml<\/strong><\/em><\/li>\n<li><strong><em>22-25 Stunden Brenndauer<\/em><\/strong><\/li>\n<li data-start=\"1121\" data-end=\"1401\"><strong><em>100 % Europ\u00e4isches Sojawachs <\/em><\/strong><\/li>\n<li data-start=\"1121\" data-end=\"1401\"><strong><em>Handgegossene Handwerkskunst <\/em><\/strong><\/li>\n<li data-start=\"1121\" data-end=\"1401\"><strong><em> Vegan, grausam, frei von Phthalaten und Erd\u00f6lderivaten<\/em><\/strong><\/li>\n<li data-start=\"1121\" data-end=\"1401\"><em><strong>Marke: Andyourstories<\/strong><\/em><\/li>\n<\/ul>\n<hr \/>\n<p data-start=\"1403\" data-end=\"1505\">F\u00fcr Abende, die zum Verweilen einladen, und Morgen, an die man sich gerne erinnert - Country Road ist der Ort, an dem sich Duft und Geschichte treffen.<\/p>\n<hr \/>\n<p data-start=\"1403\" data-end=\"1505\">","protected":false},"excerpt":{"rendered":"<p data-start=\"461\" data-end=\"507\">Country Road Premium Soy Candle ist unverwechselbar und unerwartet, mit einer raffinierten Note, die selbstbewusst, atmosph\u00e4risch und ein wenig anders ist.<\/p>","protected":false},"featured_media":1485,"comment_status":"closed","ping_status":"closed","template":"","meta":{"neve_meta_sidebar":"","neve_meta_container":"","neve_meta_enable_content_width":"off","neve_meta_content_width":100,"neve_meta_title_alignment":"","neve_meta_author_avatar":"","neve_post_elements_order":"","neve_meta_disable_header":"","neve_meta_disable_footer":"","neve_meta_disable_title":"","neve_meta_reading_time":"","_themeisle_gutenberg_block_has_review":false,"neve_tabs_data":"","neve_override_tab_layout":""},"product_brand":[],"product_cat":[16,51,22,37],"product_tag":[210,211],"class_list":{"0":"post-1482","1":"product","2":"type-product","3":"status-publish","4":"has-post-thumbnail","6":"product_cat-all","7":"product_cat-lighting","8":"product_cat-living","9":"product_cat-shop","10":"product_tag-candle","11":"product_tag-country-road","12":"product_shipping_class-standard-package","14":"first","15":"instock","16":"taxable","17":"shipping-taxable","18":"purchasable","19":"product-type-simple"},"yoast_head":"<!-- This site is optimized with the Yoast SEO plugin v27.4 - https:\/\/yoast.com\/product\/yoast-seo-wordpress\/ -->\n<title>Country Road Premium Soy Candle - House of Otoko<\/title>\n<meta name=\"description\" content=\"Country Road Premium Soy Candle is distinctive and unexpected, with a refined edge that feels confident, atmospheric, and a little different.\" \/>\n<meta name=\"robots\" content=\"index, follow, max-snippet:-1, max-image-preview:large, max-video-preview:-1\" \/>\n<link rel=\"canonical\" href=\"https:\/\/houseofotoko.com\/de\/produkt\/country-road-premium-soy-candle\/\" \/>\n<meta property=\"og:locale\" content=\"de_DE\" \/>\n<meta property=\"og:type\" content=\"article\" \/>\n<meta property=\"og:title\" content=\"Country Road Premium Soy Candle - House of Otoko\" \/>\n<meta property=\"og:description\" content=\"Country Road Premium Soy Candle is distinctive and unexpected, with a refined edge that feels confident, atmospheric, and a little different.\" \/>\n<meta property=\"og:url\" content=\"https:\/\/houseofotoko.com\/de\/produkt\/country-road-premium-soy-candle\/\" \/>\n<meta property=\"og:site_name\" content=\"House of Otoko\" \/>\n<meta property=\"article:modified_time\" content=\"2026-02-18T16:42:38+00:00\" \/>\n<meta property=\"og:image\" content=\"https:\/\/houseofotoko.com\/wp-content\/uploads\/2026\/02\/Country-Road-scent-Premium-Soy-Candle-andyourstories-House-of-Otoko.webp\" \/>\n\t<meta property=\"og:image:width\" content=\"600\" \/>\n\t<meta property=\"og:image:height\" content=\"600\" \/>\n\t<meta property=\"og:image:type\" content=\"image\/webp\" \/>\n<meta name=\"twitter:card\" content=\"summary_large_image\" \/>\n<meta name=\"twitter:label1\" content=\"Gesch\u00e4tzte Lesezeit\" \/>\n\t<meta name=\"twitter:data1\" content=\"1\u00a0Minute\" \/>\n<script type=\"application\/ld+json\" class=\"yoast-schema-graph\">{\"@context\":\"https:\\\/\\\/schema.org\",\"@graph\":[{\"@type\":\"WebPage\",\"@id\":\"https:\\\/\\\/houseofotoko.com\\\/product\\\/country-road-premium-soy-candle\\\/\",\"url\":\"https:\\\/\\\/houseofotoko.com\\\/product\\\/country-road-premium-soy-candle\\\/\",\"name\":\"Country Road Premium Soy Candle - House of Otoko\",\"isPartOf\":{\"@id\":\"https:\\\/\\\/houseofotoko.com\\\/#website\"},\"primaryImageOfPage\":{\"@id\":\"https:\\\/\\\/houseofotoko.com\\\/product\\\/country-road-premium-soy-candle\\\/#primaryimage\"},\"image\":{\"@id\":\"https:\\\/\\\/houseofotoko.com\\\/product\\\/country-road-premium-soy-candle\\\/#primaryimage\"},\"thumbnailUrl\":\"https:\\\/\\\/houseofotoko.com\\\/wp-content\\\/uploads\\\/2026\\\/02\\\/Country-Road-scent-Premium-Soy-Candle-andyourstories-House-of-Otoko.webp\",\"datePublished\":\"2026-02-18T15:45:57+00:00\",\"dateModified\":\"2026-02-18T16:42:38+00:00\",\"description\":\"Country Road Premium Soy Candle is distinctive and unexpected, with a refined edge that feels confident, atmospheric, and a little different.\",\"breadcrumb\":{\"@id\":\"https:\\\/\\\/houseofotoko.com\\\/product\\\/country-road-premium-soy-candle\\\/#breadcrumb\"},\"inLanguage\":\"de\",\"potentialAction\":[{\"@type\":\"ReadAction\",\"target\":[\"https:\\\/\\\/houseofotoko.com\\\/product\\\/country-road-premium-soy-candle\\\/\"]}]},{\"@type\":\"ImageObject\",\"inLanguage\":\"de\",\"@id\":\"https:\\\/\\\/houseofotoko.com\\\/product\\\/country-road-premium-soy-candle\\\/#primaryimage\",\"url\":\"https:\\\/\\\/houseofotoko.com\\\/wp-content\\\/uploads\\\/2026\\\/02\\\/Country-Road-scent-Premium-Soy-Candle-andyourstories-House-of-Otoko.webp\",\"contentUrl\":\"https:\\\/\\\/houseofotoko.com\\\/wp-content\\\/uploads\\\/2026\\\/02\\\/Country-Road-scent-Premium-Soy-Candle-andyourstories-House-of-Otoko.webp\",\"width\":600,\"height\":600,\"caption\":\"Country Road scent Premium Soy Candle - andyourstories - House of Otoko\"},{\"@type\":\"BreadcrumbList\",\"@id\":\"https:\\\/\\\/houseofotoko.com\\\/product\\\/country-road-premium-soy-candle\\\/#breadcrumb\",\"itemListElement\":[{\"@type\":\"ListItem\",\"position\":1,\"name\":\"Home\",\"item\":\"https:\\\/\\\/houseofotoko.com\\\/\"},{\"@type\":\"ListItem\",\"position\":2,\"name\":\"Shop\",\"item\":\"https:\\\/\\\/houseofotoko.com\\\/shop\\\/\"},{\"@type\":\"ListItem\",\"position\":3,\"name\":\"Country Road Premium Soy Candle\"}]},{\"@type\":\"WebSite\",\"@id\":\"https:\\\/\\\/houseofotoko.com\\\/#website\",\"url\":\"https:\\\/\\\/houseofotoko.com\\\/\",\"name\":\"House of Otoko\",\"description\":\"\",\"publisher\":{\"@id\":\"https:\\\/\\\/houseofotoko.com\\\/#organization\"},\"potentialAction\":[{\"@type\":\"SearchAction\",\"target\":{\"@type\":\"EntryPoint\",\"urlTemplate\":\"https:\\\/\\\/houseofotoko.com\\\/?s={search_term_string}\"},\"query-input\":{\"@type\":\"PropertyValueSpecification\",\"valueRequired\":true,\"valueName\":\"search_term_string\"}}],\"inLanguage\":\"de\"},{\"@type\":\"Organization\",\"@id\":\"https:\\\/\\\/houseofotoko.com\\\/#organization\",\"name\":\"House of Otoko\",\"url\":\"https:\\\/\\\/houseofotoko.com\\\/\",\"logo\":{\"@type\":\"ImageObject\",\"inLanguage\":\"de\",\"@id\":\"https:\\\/\\\/houseofotoko.com\\\/#\\\/schema\\\/logo\\\/image\\\/\",\"url\":\"https:\\\/\\\/mlfln9ez57ke.i.optimole.com\\\/w:1123\\\/h:1038\\\/q:mauto\\\/f:best\\\/ig:avif\\\/https:\\\/\\\/houseofotoko.com\\\/wp-content\\\/uploads\\\/2025\\\/01\\\/LOGO-PNG-1.png\",\"contentUrl\":\"https:\\\/\\\/mlfln9ez57ke.i.optimole.com\\\/w:1123\\\/h:1038\\\/q:mauto\\\/f:best\\\/ig:avif\\\/https:\\\/\\\/houseofotoko.com\\\/wp-content\\\/uploads\\\/2025\\\/01\\\/LOGO-PNG-1.png\",\"width\":1123,\"height\":1038,\"caption\":\"House of Otoko\"},\"image\":{\"@id\":\"https:\\\/\\\/houseofotoko.com\\\/#\\\/schema\\\/logo\\\/image\\\/\"},\"sameAs\":[\"https:\\\/\\\/www.instagram.com\\\/houseofotoko\\\/\"]}]}<\/script>\n<!-- \/ Yoast SEO plugin. -->","yoast_head_json":{"title":"Country Road Premium Soy Candle - House of Otoko","description":"Country Road Premium Soy Candle ist unverwechselbar und unerwartet, mit einer raffinierten Note, die selbstbewusst, atmosph\u00e4risch und ein wenig anders ist.","robots":{"index":"index","follow":"follow","max-snippet":"max-snippet:-1","max-image-preview":"max-image-preview:large","max-video-preview":"max-video-preview:-1"},"canonical":"https:\/\/houseofotoko.com\/de\/produkt\/country-road-premium-soy-candle\/","og_locale":"de_DE","og_type":"article","og_title":"Country Road Premium Soy Candle - House of Otoko","og_description":"Country Road Premium Soy Candle is distinctive and unexpected, with a refined edge that feels confident, atmospheric, and a little different.","og_url":"https:\/\/houseofotoko.com\/de\/produkt\/country-road-premium-soy-candle\/","og_site_name":"House of Otoko","article_modified_time":"2026-02-18T16:42:38+00:00","og_image":[{"width":600,"height":600,"url":"https:\/\/houseofotoko.com\/wp-content\/uploads\/2026\/02\/Country-Road-scent-Premium-Soy-Candle-andyourstories-House-of-Otoko.webp","type":"image\/webp"}],"twitter_card":"summary_large_image","twitter_misc":{"Gesch\u00e4tzte Lesezeit":"1\u00a0Minute"},"schema":{"@context":"https:\/\/schema.org","@graph":[{"@type":"WebPage","@id":"https:\/\/houseofotoko.com\/product\/country-road-premium-soy-candle\/","url":"https:\/\/houseofotoko.com\/product\/country-road-premium-soy-candle\/","name":"Country Road Premium Soy Candle - House of Otoko","isPartOf":{"@id":"https:\/\/houseofotoko.com\/#website"},"primaryImageOfPage":{"@id":"https:\/\/houseofotoko.com\/product\/country-road-premium-soy-candle\/#primaryimage"},"image":{"@id":"https:\/\/houseofotoko.com\/product\/country-road-premium-soy-candle\/#primaryimage"},"thumbnailUrl":"https:\/\/houseofotoko.com\/wp-content\/uploads\/2026\/02\/Country-Road-scent-Premium-Soy-Candle-andyourstories-House-of-Otoko.webp","datePublished":"2026-02-18T15:45:57+00:00","dateModified":"2026-02-18T16:42:38+00:00","description":"Country Road Premium Soy Candle ist unverwechselbar und unerwartet, mit einer raffinierten Note, die selbstbewusst, atmosph\u00e4risch und ein wenig anders ist.","breadcrumb":{"@id":"https:\/\/houseofotoko.com\/product\/country-road-premium-soy-candle\/#breadcrumb"},"inLanguage":"de","potentialAction":[{"@type":"ReadAction","target":["https:\/\/houseofotoko.com\/product\/country-road-premium-soy-candle\/"]}]},{"@type":"ImageObject","inLanguage":"de","@id":"https:\/\/houseofotoko.com\/product\/country-road-premium-soy-candle\/#primaryimage","url":"https:\/\/houseofotoko.com\/wp-content\/uploads\/2026\/02\/Country-Road-scent-Premium-Soy-Candle-andyourstories-House-of-Otoko.webp","contentUrl":"https:\/\/houseofotoko.com\/wp-content\/uploads\/2026\/02\/Country-Road-scent-Premium-Soy-Candle-andyourstories-House-of-Otoko.webp","width":600,"height":600,"caption":"Country Road scent Premium Soy Candle - andyourstories - House of Otoko"},{"@type":"BreadcrumbList","@id":"https:\/\/houseofotoko.com\/product\/country-road-premium-soy-candle\/#breadcrumb","itemListElement":[{"@type":"ListItem","position":1,"name":"Home","item":"https:\/\/houseofotoko.com\/"},{"@type":"ListItem","position":2,"name":"Shop","item":"https:\/\/houseofotoko.com\/shop\/"},{"@type":"ListItem","position":3,"name":"Country Road Premium Soy Candle"}]},{"@type":"WebSite","@id":"https:\/\/houseofotoko.com\/#website","url":"https:\/\/houseofotoko.com\/","name":"House of Otoko","description":"","publisher":{"@id":"https:\/\/houseofotoko.com\/#organization"},"potentialAction":[{"@type":"SearchAction","target":{"@type":"EntryPoint","urlTemplate":"https:\/\/houseofotoko.com\/?s={search_term_string}"},"query-input":{"@type":"PropertyValueSpecification","valueRequired":true,"valueName":"search_term_string"}}],"inLanguage":"de"},{"@type":"Organization","@id":"https:\/\/houseofotoko.com\/#organization","name":"House of Otoko","url":"https:\/\/houseofotoko.com\/","logo":{"@type":"ImageObject","inLanguage":"de","@id":"https:\/\/houseofotoko.com\/#\/schema\/logo\/image\/","url":"https:\/\/mlfln9ez57ke.i.optimole.com\/w:1123\/h:1038\/q:mauto\/f:best\/ig:avif\/https:\/\/houseofotoko.com\/wp-content\/uploads\/2025\/01\/LOGO-PNG-1.png","contentUrl":"https:\/\/mlfln9ez57ke.i.optimole.com\/w:1123\/h:1038\/q:mauto\/f:best\/ig:avif\/https:\/\/houseofotoko.com\/wp-content\/uploads\/2025\/01\/LOGO-PNG-1.png","width":1123,"height":1038,"caption":"House of Otoko"},"image":{"@id":"https:\/\/houseofotoko.com\/#\/schema\/logo\/image\/"},"sameAs":["https:\/\/www.instagram.com\/houseofotoko\/"]}]}},"_links":{"self":[{"href":"https:\/\/houseofotoko.com\/de\/wp-json\/wp\/v2\/product\/1482","targetHints":{"allow":["GET"]}}],"collection":[{"href":"https:\/\/houseofotoko.com\/de\/wp-json\/wp\/v2\/product"}],"about":[{"href":"https:\/\/houseofotoko.com\/de\/wp-json\/wp\/v2\/types\/product"}],"replies":[{"embeddable":true,"href":"https:\/\/houseofotoko.com\/de\/wp-json\/wp\/v2\/comments?post=1482"}],"wp:featuredmedia":[{"embeddable":true,"href":"https:\/\/houseofotoko.com\/de\/wp-json\/wp\/v2\/media\/1485"}],"wp:attachment":[{"href":"https:\/\/houseofotoko.com\/de\/wp-json\/wp\/v2\/media?parent=1482"}],"wp:term":[{"taxonomy":"product_brand","embeddable":true,"href":"https:\/\/houseofotoko.com\/de\/wp-json\/wp\/v2\/product_brand?post=1482"},{"taxonomy":"product_cat","embeddable":true,"href":"https:\/\/houseofotoko.com\/de\/wp-json\/wp\/v2\/product_cat?post=1482"},{"taxonomy":"product_tag","embeddable":true,"href":"https:\/\/houseofotoko.com\/de\/wp-json\/wp\/v2\/product_tag?post=1482"}],"curies":[{"name":"wp","href":"https:\/\/api.w.org\/{rel}","templated":true}]}}