{"id":1301,"date":"2025-10-14T15:32:20","date_gmt":"2025-10-14T15:32:20","guid":{"rendered":"https:\/\/houseofotoko.com\/?post_type=product&#038;p=1301"},"modified":"2025-10-14T15:32:20","modified_gmt":"2025-10-14T15:32:20","slug":"pique-fleurs-white-rosie-vase","status":"publish","type":"product","link":"https:\/\/houseofotoko.com\/de\/produkt\/pique-fleurs-white-rosie-vase\/","title":{"rendered":"Pique Fleurs Wei\u00df Rosie Vase"},"content":{"rendered":"<h2 data-start=\"129\" data-end=\"188\">Pique Fleurs Wei\u00df Rosie <strong data-start=\"132\" data-end=\"188\">Vase<\/strong><\/h2>\n<p data-start=\"190\" data-end=\"513\">Die <strong data-start=\"194\" data-end=\"235\">Serax Pique Fleurs Vase Wei\u00df Rosie<\/strong>\u00a0von Designer <strong data-start=\"248\" data-end=\"269\">Marie Michielssen<\/strong> ist ein skulpturales Designerst\u00fcck, das die Grenzen zwischen Kunst und Gebrauchsgegenstand verwischt. Seine organische, korallen\u00e4hnliche Form verleiht jedem Raum eine raue Eleganz, w\u00e4hrend das Steingut f\u00fcr echte Substanz hinter dem Stil sorgt.<\/p>\n<p data-start=\"515\" data-end=\"525\"><strong data-start=\"515\" data-end=\"525\">Technische Daten:<\/strong><\/p>\n<ul>\n<li data-start=\"528\" data-end=\"598\"><em><strong>Material: Feines wei\u00dfes Steingut <\/strong><\/em><\/li>\n<li data-start=\"601\" data-end=\"668\"><em><strong>Abmessungen: 22 \u00d7 22 \u00d7 38 cm <\/strong><\/em><\/li>\n<li data-start=\"671\" data-end=\"701\"><em><strong>Ausf\u00fchrung: Strukturiertes, mattes Off-White<\/strong><\/em><\/li>\n<li data-start=\"704\" data-end=\"771\"><em><strong>Designer: Marie Michielssen<\/strong><\/em><\/li>\n<li data-start=\"704\" data-end=\"771\"><em><strong>Marke: <a href=\"https:\/\/houseofotoko.com\/product-categorie\/shop\/brands\/serax\/\">Serax<\/a><\/strong><\/em><\/li>\n<\/ul>\n<hr \/>\n<p data-start=\"773\" data-end=\"934\">Diese Vase ist ein Blickfang in Galerien, modernen H\u00e4usern oder industriellen Lofts. Ob leer oder mit Blumen best\u00fcckt, sie ist ein k\u00fchner Akzent, der mit subtiler Kraft spricht.<\/p>\n<hr \/>\n<p data-start=\"773\" data-end=\"934\">","protected":false},"excerpt":{"rendered":"<p>Diese Vase ist ein Blickfang in Galerien, modernen H\u00e4usern oder industriellen Lofts. Ob leer oder mit Blumen best\u00fcckt, sie ist ein k\u00fchner Akzent, der mit subtiler Kraft spricht.<\/p>","protected":false},"featured_media":1305,"comment_status":"open","ping_status":"closed","template":"","meta":{"neve_meta_sidebar":"","neve_meta_container":"","neve_meta_enable_content_width":"off","neve_meta_content_width":100,"neve_meta_title_alignment":"","neve_meta_author_avatar":"","neve_post_elements_order":"","neve_meta_disable_header":"","neve_meta_disable_footer":"","neve_meta_disable_title":"","neve_meta_reading_time":"","_themeisle_gutenberg_block_has_review":false,"neve_tabs_data":"","neve_override_tab_layout":""},"product_brand":[112],"product_cat":[16,40,22,111],"product_tag":[114,108,150],"class_list":{"0":"post-1301","1":"product","2":"type-product","3":"status-publish","4":"has-post-thumbnail","6":"product_brand-serax","7":"product_cat-all","8":"product_cat-home-decor","9":"product_cat-living","10":"product_cat-serax","11":"product_tag-serax","12":"product_tag-vase","13":"product_tag-white","14":"product_shipping_class-standard-package","16":"first","17":"instock","18":"taxable","19":"shipping-taxable","20":"purchasable","21":"product-type-simple"},"yoast_head":"<!-- This site is optimized with the Yoast SEO plugin v27.4 - https:\/\/yoast.com\/product\/yoast-seo-wordpress\/ -->\n<title>Pique Fleurs White Rosie Vase - House of Otoko<\/title>\n<meta name=\"description\" content=\"The Pique Fleurs White Rosie Vase by Marie Michielssen is a manifestation of a colourful and carefree fantastical world where you can briefly escape reality\" \/>\n<meta name=\"robots\" content=\"index, follow, max-snippet:-1, max-image-preview:large, max-video-preview:-1\" \/>\n<link rel=\"canonical\" href=\"https:\/\/houseofotoko.com\/de\/produkt\/pique-fleurs-white-rosie-vase\/\" \/>\n<meta property=\"og:locale\" content=\"de_DE\" \/>\n<meta property=\"og:type\" content=\"article\" \/>\n<meta property=\"og:title\" content=\"Pique Fleurs White Rosie Vase - House of Otoko\" \/>\n<meta property=\"og:description\" content=\"The Pique Fleurs White Rosie Vase by Marie Michielssen is a manifestation of a colourful and carefree fantastical world where you can briefly escape reality\" \/>\n<meta property=\"og:url\" content=\"https:\/\/houseofotoko.com\/de\/produkt\/pique-fleurs-white-rosie-vase\/\" \/>\n<meta property=\"og:site_name\" content=\"House of Otoko\" \/>\n<meta property=\"og:image\" content=\"https:\/\/houseofotoko.com\/wp-content\/uploads\/2025\/10\/Serax-Pique-Vase.webp\" \/>\n\t<meta property=\"og:image:width\" content=\"600\" \/>\n\t<meta property=\"og:image:height\" content=\"600\" \/>\n\t<meta property=\"og:image:type\" content=\"image\/webp\" \/>\n<meta name=\"twitter:card\" content=\"summary_large_image\" \/>\n<meta name=\"twitter:label1\" content=\"Gesch\u00e4tzte Lesezeit\" \/>\n\t<meta name=\"twitter:data1\" content=\"1\u00a0Minute\" \/>\n<script type=\"application\/ld+json\" class=\"yoast-schema-graph\">{\"@context\":\"https:\\\/\\\/schema.org\",\"@graph\":[{\"@type\":\"WebPage\",\"@id\":\"https:\\\/\\\/houseofotoko.com\\\/product\\\/pique-fleurs-white-rosie-vase\\\/\",\"url\":\"https:\\\/\\\/houseofotoko.com\\\/product\\\/pique-fleurs-white-rosie-vase\\\/\",\"name\":\"Pique Fleurs White Rosie Vase - House of Otoko\",\"isPartOf\":{\"@id\":\"https:\\\/\\\/houseofotoko.com\\\/#website\"},\"primaryImageOfPage\":{\"@id\":\"https:\\\/\\\/houseofotoko.com\\\/product\\\/pique-fleurs-white-rosie-vase\\\/#primaryimage\"},\"image\":{\"@id\":\"https:\\\/\\\/houseofotoko.com\\\/product\\\/pique-fleurs-white-rosie-vase\\\/#primaryimage\"},\"thumbnailUrl\":\"https:\\\/\\\/houseofotoko.com\\\/wp-content\\\/uploads\\\/2025\\\/10\\\/Serax-Pique-Vase.webp\",\"datePublished\":\"2025-10-14T15:32:20+00:00\",\"description\":\"The Pique Fleurs White Rosie Vase by Marie Michielssen is a manifestation of a colourful and carefree fantastical world where you can briefly escape reality\",\"breadcrumb\":{\"@id\":\"https:\\\/\\\/houseofotoko.com\\\/product\\\/pique-fleurs-white-rosie-vase\\\/#breadcrumb\"},\"inLanguage\":\"de\",\"potentialAction\":[{\"@type\":\"ReadAction\",\"target\":[\"https:\\\/\\\/houseofotoko.com\\\/product\\\/pique-fleurs-white-rosie-vase\\\/\"]}]},{\"@type\":\"ImageObject\",\"inLanguage\":\"de\",\"@id\":\"https:\\\/\\\/houseofotoko.com\\\/product\\\/pique-fleurs-white-rosie-vase\\\/#primaryimage\",\"url\":\"https:\\\/\\\/houseofotoko.com\\\/wp-content\\\/uploads\\\/2025\\\/10\\\/Serax-Pique-Vase.webp\",\"contentUrl\":\"https:\\\/\\\/houseofotoko.com\\\/wp-content\\\/uploads\\\/2025\\\/10\\\/Serax-Pique-Vase.webp\",\"width\":600,\"height\":600},{\"@type\":\"BreadcrumbList\",\"@id\":\"https:\\\/\\\/houseofotoko.com\\\/product\\\/pique-fleurs-white-rosie-vase\\\/#breadcrumb\",\"itemListElement\":[{\"@type\":\"ListItem\",\"position\":1,\"name\":\"Home\",\"item\":\"https:\\\/\\\/houseofotoko.com\\\/\"},{\"@type\":\"ListItem\",\"position\":2,\"name\":\"Shop\",\"item\":\"https:\\\/\\\/houseofotoko.com\\\/shop\\\/\"},{\"@type\":\"ListItem\",\"position\":3,\"name\":\"Pique Fleurs White Rosie Vase\"}]},{\"@type\":\"WebSite\",\"@id\":\"https:\\\/\\\/houseofotoko.com\\\/#website\",\"url\":\"https:\\\/\\\/houseofotoko.com\\\/\",\"name\":\"House of Otoko\",\"description\":\"\",\"publisher\":{\"@id\":\"https:\\\/\\\/houseofotoko.com\\\/#organization\"},\"potentialAction\":[{\"@type\":\"SearchAction\",\"target\":{\"@type\":\"EntryPoint\",\"urlTemplate\":\"https:\\\/\\\/houseofotoko.com\\\/?s={search_term_string}\"},\"query-input\":{\"@type\":\"PropertyValueSpecification\",\"valueRequired\":true,\"valueName\":\"search_term_string\"}}],\"inLanguage\":\"de\"},{\"@type\":\"Organization\",\"@id\":\"https:\\\/\\\/houseofotoko.com\\\/#organization\",\"name\":\"House of Otoko\",\"url\":\"https:\\\/\\\/houseofotoko.com\\\/\",\"logo\":{\"@type\":\"ImageObject\",\"inLanguage\":\"de\",\"@id\":\"https:\\\/\\\/houseofotoko.com\\\/#\\\/schema\\\/logo\\\/image\\\/\",\"url\":\"https:\\\/\\\/mlfln9ez57ke.i.optimole.com\\\/w:1123\\\/h:1038\\\/q:mauto\\\/f:best\\\/ig:avif\\\/https:\\\/\\\/houseofotoko.com\\\/wp-content\\\/uploads\\\/2025\\\/01\\\/LOGO-PNG-1.png\",\"contentUrl\":\"https:\\\/\\\/mlfln9ez57ke.i.optimole.com\\\/w:1123\\\/h:1038\\\/q:mauto\\\/f:best\\\/ig:avif\\\/https:\\\/\\\/houseofotoko.com\\\/wp-content\\\/uploads\\\/2025\\\/01\\\/LOGO-PNG-1.png\",\"width\":1123,\"height\":1038,\"caption\":\"House of Otoko\"},\"image\":{\"@id\":\"https:\\\/\\\/houseofotoko.com\\\/#\\\/schema\\\/logo\\\/image\\\/\"},\"sameAs\":[\"https:\\\/\\\/www.instagram.com\\\/houseofotoko\\\/\"]}]}<\/script>\n<!-- \/ Yoast SEO plugin. -->","yoast_head_json":{"title":"Pique Fleurs White Rosie Vase - House of Otoko","description":"The Pique Fleurs White Rosie Vase by Marie Michielssen is a manifestation of a colourful and carefree fantastical world where you can briefly escape reality","robots":{"index":"index","follow":"follow","max-snippet":"max-snippet:-1","max-image-preview":"max-image-preview:large","max-video-preview":"max-video-preview:-1"},"canonical":"https:\/\/houseofotoko.com\/de\/produkt\/pique-fleurs-white-rosie-vase\/","og_locale":"de_DE","og_type":"article","og_title":"Pique Fleurs White Rosie Vase - House of Otoko","og_description":"The Pique Fleurs White Rosie Vase by Marie Michielssen is a manifestation of a colourful and carefree fantastical world where you can briefly escape reality","og_url":"https:\/\/houseofotoko.com\/de\/produkt\/pique-fleurs-white-rosie-vase\/","og_site_name":"House of Otoko","og_image":[{"width":600,"height":600,"url":"https:\/\/houseofotoko.com\/wp-content\/uploads\/2025\/10\/Serax-Pique-Vase.webp","type":"image\/webp"}],"twitter_card":"summary_large_image","twitter_misc":{"Gesch\u00e4tzte Lesezeit":"1\u00a0Minute"},"schema":{"@context":"https:\/\/schema.org","@graph":[{"@type":"WebPage","@id":"https:\/\/houseofotoko.com\/product\/pique-fleurs-white-rosie-vase\/","url":"https:\/\/houseofotoko.com\/product\/pique-fleurs-white-rosie-vase\/","name":"Pique Fleurs White Rosie Vase - House of Otoko","isPartOf":{"@id":"https:\/\/houseofotoko.com\/#website"},"primaryImageOfPage":{"@id":"https:\/\/houseofotoko.com\/product\/pique-fleurs-white-rosie-vase\/#primaryimage"},"image":{"@id":"https:\/\/houseofotoko.com\/product\/pique-fleurs-white-rosie-vase\/#primaryimage"},"thumbnailUrl":"https:\/\/houseofotoko.com\/wp-content\/uploads\/2025\/10\/Serax-Pique-Vase.webp","datePublished":"2025-10-14T15:32:20+00:00","description":"The Pique Fleurs White Rosie Vase by Marie Michielssen is a manifestation of a colourful and carefree fantastical world where you can briefly escape reality","breadcrumb":{"@id":"https:\/\/houseofotoko.com\/product\/pique-fleurs-white-rosie-vase\/#breadcrumb"},"inLanguage":"de","potentialAction":[{"@type":"ReadAction","target":["https:\/\/houseofotoko.com\/product\/pique-fleurs-white-rosie-vase\/"]}]},{"@type":"ImageObject","inLanguage":"de","@id":"https:\/\/houseofotoko.com\/product\/pique-fleurs-white-rosie-vase\/#primaryimage","url":"https:\/\/houseofotoko.com\/wp-content\/uploads\/2025\/10\/Serax-Pique-Vase.webp","contentUrl":"https:\/\/houseofotoko.com\/wp-content\/uploads\/2025\/10\/Serax-Pique-Vase.webp","width":600,"height":600},{"@type":"BreadcrumbList","@id":"https:\/\/houseofotoko.com\/product\/pique-fleurs-white-rosie-vase\/#breadcrumb","itemListElement":[{"@type":"ListItem","position":1,"name":"Home","item":"https:\/\/houseofotoko.com\/"},{"@type":"ListItem","position":2,"name":"Shop","item":"https:\/\/houseofotoko.com\/shop\/"},{"@type":"ListItem","position":3,"name":"Pique Fleurs White Rosie Vase"}]},{"@type":"WebSite","@id":"https:\/\/houseofotoko.com\/#website","url":"https:\/\/houseofotoko.com\/","name":"House of Otoko","description":"","publisher":{"@id":"https:\/\/houseofotoko.com\/#organization"},"potentialAction":[{"@type":"SearchAction","target":{"@type":"EntryPoint","urlTemplate":"https:\/\/houseofotoko.com\/?s={search_term_string}"},"query-input":{"@type":"PropertyValueSpecification","valueRequired":true,"valueName":"search_term_string"}}],"inLanguage":"de"},{"@type":"Organization","@id":"https:\/\/houseofotoko.com\/#organization","name":"House of Otoko","url":"https:\/\/houseofotoko.com\/","logo":{"@type":"ImageObject","inLanguage":"de","@id":"https:\/\/houseofotoko.com\/#\/schema\/logo\/image\/","url":"https:\/\/mlfln9ez57ke.i.optimole.com\/w:1123\/h:1038\/q:mauto\/f:best\/ig:avif\/https:\/\/houseofotoko.com\/wp-content\/uploads\/2025\/01\/LOGO-PNG-1.png","contentUrl":"https:\/\/mlfln9ez57ke.i.optimole.com\/w:1123\/h:1038\/q:mauto\/f:best\/ig:avif\/https:\/\/houseofotoko.com\/wp-content\/uploads\/2025\/01\/LOGO-PNG-1.png","width":1123,"height":1038,"caption":"House of Otoko"},"image":{"@id":"https:\/\/houseofotoko.com\/#\/schema\/logo\/image\/"},"sameAs":["https:\/\/www.instagram.com\/houseofotoko\/"]}]}},"_links":{"self":[{"href":"https:\/\/houseofotoko.com\/de\/wp-json\/wp\/v2\/product\/1301","targetHints":{"allow":["GET"]}}],"collection":[{"href":"https:\/\/houseofotoko.com\/de\/wp-json\/wp\/v2\/product"}],"about":[{"href":"https:\/\/houseofotoko.com\/de\/wp-json\/wp\/v2\/types\/product"}],"replies":[{"embeddable":true,"href":"https:\/\/houseofotoko.com\/de\/wp-json\/wp\/v2\/comments?post=1301"}],"wp:featuredmedia":[{"embeddable":true,"href":"https:\/\/houseofotoko.com\/de\/wp-json\/wp\/v2\/media\/1305"}],"wp:attachment":[{"href":"https:\/\/houseofotoko.com\/de\/wp-json\/wp\/v2\/media?parent=1301"}],"wp:term":[{"taxonomy":"product_brand","embeddable":true,"href":"https:\/\/houseofotoko.com\/de\/wp-json\/wp\/v2\/product_brand?post=1301"},{"taxonomy":"product_cat","embeddable":true,"href":"https:\/\/houseofotoko.com\/de\/wp-json\/wp\/v2\/product_cat?post=1301"},{"taxonomy":"product_tag","embeddable":true,"href":"https:\/\/houseofotoko.com\/de\/wp-json\/wp\/v2\/product_tag?post=1301"}],"curies":[{"name":"wp","href":"https:\/\/api.w.org\/{rel}","templated":true}]}}