{"id":1240,"date":"2025-10-09T12:46:03","date_gmt":"2025-10-09T12:46:03","guid":{"rendered":"https:\/\/houseofotoko.com\/?post_type=product&#038;p=1240"},"modified":"2026-03-25T14:44:36","modified_gmt":"2026-03-25T14:44:36","slug":"puebco-not-paper-cup","status":"publish","type":"product","link":"https:\/\/houseofotoko.com\/de\/produkt\/puebco-not-paper-cup\/","title":{"rendered":"Puebco Not Pappbecher"},"content":{"rendered":"<h2 data-start=\"155\" data-end=\"197\"><strong data-start=\"158\" data-end=\"197\">Puebco \u201cNicht Pappbecher\u201d Becher<\/strong><\/h2>\n<p data-start=\"199\" data-end=\"382\">Sie lieben das Aussehen von Pappbechern, bevorzugen aber etwas Haltbareres? Der Puebco \u201cNot Paper Cup\u201d Becher ist eine Neuinterpretation des klassischen Einwegbechers aus haltbarer Keramik. Sein minimalistisches Design und seine robuste Bauweise machen ihn zu einem herausragenden St\u00fcck f\u00fcr jeden modernen Raum.<\/p>\n<p data-start=\"384\" data-end=\"403\"><strong data-start=\"384\" data-end=\"403\">Spezifikationen:<\/strong><\/p>\n<ul>\n<li data-start=\"406\" data-end=\"427\"><strong><em>Material: Keramik<\/em><\/strong><\/li>\n<li data-start=\"430\" data-end=\"475\"><strong><em>Abmessungen: Ungef\u00e4hr \u00d890 mm \u00d7 H90 mm<\/em><\/strong><\/li>\n<li data-start=\"478\" data-end=\"506\"><strong><em>Fassungsverm\u00f6gen: Ca. 300 ml<\/em><\/strong><\/li>\n<li><strong><em>Modell-Nr.: 302812<\/em><\/strong><\/li>\n<li data-start=\"509\" data-end=\"576\"><strong><em>Pflegehinweise: Mikrowellen- und sp\u00fclmaschinenfest; nicht ofenfest<\/em><\/strong><\/li>\n<li data-start=\"579\" data-end=\"668\"><strong><em>Hinweis: Vorsicht bei der Bef\u00fcllung mit hei\u00dfen Fl\u00fcssigkeiten; pl\u00f6tzliche Temperaturschwankungen vermeiden<\/em><\/strong><\/li>\n<li><strong><em>Marke: <a href=\"https:\/\/houseofotoko.com\/product-categorie\/shop\/brands\/puebco\/\">Puebco<\/a><\/em><\/strong><\/li>\n<\/ul>\n<hr \/>\n<p data-start=\"901\" data-end=\"1060\">Diese Tasse verbindet Funktionalit\u00e4t mit einem Hauch von Ironie und ist damit eine perfekte Erg\u00e4nzung f\u00fcr Ihre K\u00fcche oder ein durchdachtes Geschenk.<\/p>\n<hr \/>\n<p data-start=\"901\" data-end=\"1060\">","protected":false},"excerpt":{"rendered":"<p><strong>Puebco \u2018Nicht Pappbecher\u2019 Becher<\/strong> Langlebige Keramiktasse mit minimalistischem Design. Diese Tasse kombiniert Funktionalit\u00e4t mit einem Hauch von Ironie.<\/p>","protected":false},"featured_media":1241,"comment_status":"open","ping_status":"closed","template":"","meta":{"neve_meta_sidebar":"","neve_meta_container":"","neve_meta_enable_content_width":"off","neve_meta_content_width":100,"neve_meta_title_alignment":"","neve_meta_author_avatar":"","neve_post_elements_order":"","neve_meta_disable_header":"","neve_meta_disable_footer":"","neve_meta_disable_title":"","neve_meta_reading_time":"","_themeisle_gutenberg_block_has_review":false,"neve_tabs_data":"","neve_override_tab_layout":""},"product_brand":[118],"product_cat":[16,52,42,22,69],"product_tag":[201,113,83],"class_list":{"0":"post-1240","1":"product","2":"type-product","3":"status-publish","4":"has-post-thumbnail","6":"product_brand-puebco","7":"product_cat-all","8":"product_cat-glassware_bar","9":"product_cat-kitchen_dining","10":"product_cat-living","11":"product_cat-puebco","12":"product_tag-ceramic","13":"product_tag-cup","14":"product_tag-puebco","15":"product_shipping_class-standard-package","17":"first","18":"outofstock","19":"taxable","20":"shipping-taxable","21":"purchasable","22":"product-type-simple"},"yoast_head":"<!-- This site is optimized with the Yoast SEO plugin v27.4 - https:\/\/yoast.com\/product\/yoast-seo-wordpress\/ -->\n<title>Puebco Not Paper Cup - House of Otoko<\/title>\n<meta name=\"description\" content=\"Puebco &#039;Not Paper Cup&#039; Cup Durable ceramic cup with a minimalist design. This cup combines functionality with a touch of irony.\" \/>\n<meta name=\"robots\" content=\"index, follow, max-snippet:-1, max-image-preview:large, max-video-preview:-1\" \/>\n<link rel=\"canonical\" href=\"https:\/\/houseofotoko.com\/de\/produkt\/puebco-not-paper-cup\/\" \/>\n<meta property=\"og:locale\" content=\"de_DE\" \/>\n<meta property=\"og:type\" content=\"article\" \/>\n<meta property=\"og:title\" content=\"Puebco Not Paper Cup - House of Otoko\" \/>\n<meta property=\"og:description\" content=\"Puebco &#039;Not Paper Cup&#039; Cup Durable ceramic cup with a minimalist design. This cup combines functionality with a touch of irony.\" \/>\n<meta property=\"og:url\" content=\"https:\/\/houseofotoko.com\/de\/produkt\/puebco-not-paper-cup\/\" \/>\n<meta property=\"og:site_name\" content=\"House of Otoko\" \/>\n<meta property=\"article:modified_time\" content=\"2026-03-25T14:44:36+00:00\" \/>\n<meta property=\"og:image\" content=\"https:\/\/houseofotoko.com\/wp-content\/uploads\/2025\/10\/Puebco-not-a-paper-cup-cup-302812-2.webp\" \/>\n\t<meta property=\"og:image:width\" content=\"600\" \/>\n\t<meta property=\"og:image:height\" content=\"600\" \/>\n\t<meta property=\"og:image:type\" content=\"image\/webp\" \/>\n<meta name=\"twitter:card\" content=\"summary_large_image\" \/>\n<meta name=\"twitter:label1\" content=\"Gesch\u00e4tzte Lesezeit\" \/>\n\t<meta name=\"twitter:data1\" content=\"1\u00a0Minute\" \/>\n<script type=\"application\/ld+json\" class=\"yoast-schema-graph\">{\"@context\":\"https:\\\/\\\/schema.org\",\"@graph\":[{\"@type\":\"WebPage\",\"@id\":\"https:\\\/\\\/houseofotoko.com\\\/product\\\/puebco-not-paper-cup\\\/\",\"url\":\"https:\\\/\\\/houseofotoko.com\\\/product\\\/puebco-not-paper-cup\\\/\",\"name\":\"Puebco Not Paper Cup - House of Otoko\",\"isPartOf\":{\"@id\":\"https:\\\/\\\/houseofotoko.com\\\/#website\"},\"primaryImageOfPage\":{\"@id\":\"https:\\\/\\\/houseofotoko.com\\\/product\\\/puebco-not-paper-cup\\\/#primaryimage\"},\"image\":{\"@id\":\"https:\\\/\\\/houseofotoko.com\\\/product\\\/puebco-not-paper-cup\\\/#primaryimage\"},\"thumbnailUrl\":\"https:\\\/\\\/houseofotoko.com\\\/wp-content\\\/uploads\\\/2025\\\/10\\\/Puebco-not-a-paper-cup-cup-302812-2.webp\",\"datePublished\":\"2025-10-09T12:46:03+00:00\",\"dateModified\":\"2026-03-25T14:44:36+00:00\",\"description\":\"Puebco 'Not Paper Cup' Cup Durable ceramic cup with a minimalist design. This cup combines functionality with a touch of irony.\",\"breadcrumb\":{\"@id\":\"https:\\\/\\\/houseofotoko.com\\\/product\\\/puebco-not-paper-cup\\\/#breadcrumb\"},\"inLanguage\":\"de\",\"potentialAction\":[{\"@type\":\"ReadAction\",\"target\":[\"https:\\\/\\\/houseofotoko.com\\\/product\\\/puebco-not-paper-cup\\\/\"]}]},{\"@type\":\"ImageObject\",\"inLanguage\":\"de\",\"@id\":\"https:\\\/\\\/houseofotoko.com\\\/product\\\/puebco-not-paper-cup\\\/#primaryimage\",\"url\":\"https:\\\/\\\/houseofotoko.com\\\/wp-content\\\/uploads\\\/2025\\\/10\\\/Puebco-not-a-paper-cup-cup-302812-2.webp\",\"contentUrl\":\"https:\\\/\\\/houseofotoko.com\\\/wp-content\\\/uploads\\\/2025\\\/10\\\/Puebco-not-a-paper-cup-cup-302812-2.webp\",\"width\":600,\"height\":600,\"caption\":\"Puebco - not a paper cup cup - 302812\"},{\"@type\":\"BreadcrumbList\",\"@id\":\"https:\\\/\\\/houseofotoko.com\\\/product\\\/puebco-not-paper-cup\\\/#breadcrumb\",\"itemListElement\":[{\"@type\":\"ListItem\",\"position\":1,\"name\":\"Home\",\"item\":\"https:\\\/\\\/houseofotoko.com\\\/\"},{\"@type\":\"ListItem\",\"position\":2,\"name\":\"Shop\",\"item\":\"https:\\\/\\\/houseofotoko.com\\\/shop\\\/\"},{\"@type\":\"ListItem\",\"position\":3,\"name\":\"Puebco Not Paper Cup\"}]},{\"@type\":\"WebSite\",\"@id\":\"https:\\\/\\\/houseofotoko.com\\\/#website\",\"url\":\"https:\\\/\\\/houseofotoko.com\\\/\",\"name\":\"House of Otoko\",\"description\":\"\",\"publisher\":{\"@id\":\"https:\\\/\\\/houseofotoko.com\\\/#organization\"},\"potentialAction\":[{\"@type\":\"SearchAction\",\"target\":{\"@type\":\"EntryPoint\",\"urlTemplate\":\"https:\\\/\\\/houseofotoko.com\\\/?s={search_term_string}\"},\"query-input\":{\"@type\":\"PropertyValueSpecification\",\"valueRequired\":true,\"valueName\":\"search_term_string\"}}],\"inLanguage\":\"de\"},{\"@type\":\"Organization\",\"@id\":\"https:\\\/\\\/houseofotoko.com\\\/#organization\",\"name\":\"House of Otoko\",\"url\":\"https:\\\/\\\/houseofotoko.com\\\/\",\"logo\":{\"@type\":\"ImageObject\",\"inLanguage\":\"de\",\"@id\":\"https:\\\/\\\/houseofotoko.com\\\/#\\\/schema\\\/logo\\\/image\\\/\",\"url\":\"https:\\\/\\\/mlfln9ez57ke.i.optimole.com\\\/w:1123\\\/h:1038\\\/q:mauto\\\/f:best\\\/ig:avif\\\/https:\\\/\\\/houseofotoko.com\\\/wp-content\\\/uploads\\\/2025\\\/01\\\/LOGO-PNG-1.png\",\"contentUrl\":\"https:\\\/\\\/mlfln9ez57ke.i.optimole.com\\\/w:1123\\\/h:1038\\\/q:mauto\\\/f:best\\\/ig:avif\\\/https:\\\/\\\/houseofotoko.com\\\/wp-content\\\/uploads\\\/2025\\\/01\\\/LOGO-PNG-1.png\",\"width\":1123,\"height\":1038,\"caption\":\"House of Otoko\"},\"image\":{\"@id\":\"https:\\\/\\\/houseofotoko.com\\\/#\\\/schema\\\/logo\\\/image\\\/\"},\"sameAs\":[\"https:\\\/\\\/www.instagram.com\\\/houseofotoko\\\/\"]}]}<\/script>\n<!-- \/ Yoast SEO plugin. -->","yoast_head_json":{"title":"Puebco Not Paper Cup - House of Otoko","description":"Puebco 'Not Paper Cup' Cup Durable ceramic cup with a minimalist design. This cup combines functionality with a touch of irony.","robots":{"index":"index","follow":"follow","max-snippet":"max-snippet:-1","max-image-preview":"max-image-preview:large","max-video-preview":"max-video-preview:-1"},"canonical":"https:\/\/houseofotoko.com\/de\/produkt\/puebco-not-paper-cup\/","og_locale":"de_DE","og_type":"article","og_title":"Puebco Not Paper Cup - House of Otoko","og_description":"Puebco 'Not Paper Cup' Cup Durable ceramic cup with a minimalist design. This cup combines functionality with a touch of irony.","og_url":"https:\/\/houseofotoko.com\/de\/produkt\/puebco-not-paper-cup\/","og_site_name":"House of Otoko","article_modified_time":"2026-03-25T14:44:36+00:00","og_image":[{"width":600,"height":600,"url":"https:\/\/houseofotoko.com\/wp-content\/uploads\/2025\/10\/Puebco-not-a-paper-cup-cup-302812-2.webp","type":"image\/webp"}],"twitter_card":"summary_large_image","twitter_misc":{"Gesch\u00e4tzte Lesezeit":"1\u00a0Minute"},"schema":{"@context":"https:\/\/schema.org","@graph":[{"@type":"WebPage","@id":"https:\/\/houseofotoko.com\/product\/puebco-not-paper-cup\/","url":"https:\/\/houseofotoko.com\/product\/puebco-not-paper-cup\/","name":"Puebco Not Paper Cup - House of Otoko","isPartOf":{"@id":"https:\/\/houseofotoko.com\/#website"},"primaryImageOfPage":{"@id":"https:\/\/houseofotoko.com\/product\/puebco-not-paper-cup\/#primaryimage"},"image":{"@id":"https:\/\/houseofotoko.com\/product\/puebco-not-paper-cup\/#primaryimage"},"thumbnailUrl":"https:\/\/houseofotoko.com\/wp-content\/uploads\/2025\/10\/Puebco-not-a-paper-cup-cup-302812-2.webp","datePublished":"2025-10-09T12:46:03+00:00","dateModified":"2026-03-25T14:44:36+00:00","description":"Puebco 'Not Paper Cup' Cup Durable ceramic cup with a minimalist design. This cup combines functionality with a touch of irony.","breadcrumb":{"@id":"https:\/\/houseofotoko.com\/product\/puebco-not-paper-cup\/#breadcrumb"},"inLanguage":"de","potentialAction":[{"@type":"ReadAction","target":["https:\/\/houseofotoko.com\/product\/puebco-not-paper-cup\/"]}]},{"@type":"ImageObject","inLanguage":"de","@id":"https:\/\/houseofotoko.com\/product\/puebco-not-paper-cup\/#primaryimage","url":"https:\/\/houseofotoko.com\/wp-content\/uploads\/2025\/10\/Puebco-not-a-paper-cup-cup-302812-2.webp","contentUrl":"https:\/\/houseofotoko.com\/wp-content\/uploads\/2025\/10\/Puebco-not-a-paper-cup-cup-302812-2.webp","width":600,"height":600,"caption":"Puebco - not a paper cup cup - 302812"},{"@type":"BreadcrumbList","@id":"https:\/\/houseofotoko.com\/product\/puebco-not-paper-cup\/#breadcrumb","itemListElement":[{"@type":"ListItem","position":1,"name":"Home","item":"https:\/\/houseofotoko.com\/"},{"@type":"ListItem","position":2,"name":"Shop","item":"https:\/\/houseofotoko.com\/shop\/"},{"@type":"ListItem","position":3,"name":"Puebco Not Paper Cup"}]},{"@type":"WebSite","@id":"https:\/\/houseofotoko.com\/#website","url":"https:\/\/houseofotoko.com\/","name":"House of Otoko","description":"","publisher":{"@id":"https:\/\/houseofotoko.com\/#organization"},"potentialAction":[{"@type":"SearchAction","target":{"@type":"EntryPoint","urlTemplate":"https:\/\/houseofotoko.com\/?s={search_term_string}"},"query-input":{"@type":"PropertyValueSpecification","valueRequired":true,"valueName":"search_term_string"}}],"inLanguage":"de"},{"@type":"Organization","@id":"https:\/\/houseofotoko.com\/#organization","name":"House of Otoko","url":"https:\/\/houseofotoko.com\/","logo":{"@type":"ImageObject","inLanguage":"de","@id":"https:\/\/houseofotoko.com\/#\/schema\/logo\/image\/","url":"https:\/\/mlfln9ez57ke.i.optimole.com\/w:1123\/h:1038\/q:mauto\/f:best\/ig:avif\/https:\/\/houseofotoko.com\/wp-content\/uploads\/2025\/01\/LOGO-PNG-1.png","contentUrl":"https:\/\/mlfln9ez57ke.i.optimole.com\/w:1123\/h:1038\/q:mauto\/f:best\/ig:avif\/https:\/\/houseofotoko.com\/wp-content\/uploads\/2025\/01\/LOGO-PNG-1.png","width":1123,"height":1038,"caption":"House of Otoko"},"image":{"@id":"https:\/\/houseofotoko.com\/#\/schema\/logo\/image\/"},"sameAs":["https:\/\/www.instagram.com\/houseofotoko\/"]}]}},"_links":{"self":[{"href":"https:\/\/houseofotoko.com\/de\/wp-json\/wp\/v2\/product\/1240","targetHints":{"allow":["GET"]}}],"collection":[{"href":"https:\/\/houseofotoko.com\/de\/wp-json\/wp\/v2\/product"}],"about":[{"href":"https:\/\/houseofotoko.com\/de\/wp-json\/wp\/v2\/types\/product"}],"replies":[{"embeddable":true,"href":"https:\/\/houseofotoko.com\/de\/wp-json\/wp\/v2\/comments?post=1240"}],"wp:featuredmedia":[{"embeddable":true,"href":"https:\/\/houseofotoko.com\/de\/wp-json\/wp\/v2\/media\/1241"}],"wp:attachment":[{"href":"https:\/\/houseofotoko.com\/de\/wp-json\/wp\/v2\/media?parent=1240"}],"wp:term":[{"taxonomy":"product_brand","embeddable":true,"href":"https:\/\/houseofotoko.com\/de\/wp-json\/wp\/v2\/product_brand?post=1240"},{"taxonomy":"product_cat","embeddable":true,"href":"https:\/\/houseofotoko.com\/de\/wp-json\/wp\/v2\/product_cat?post=1240"},{"taxonomy":"product_tag","embeddable":true,"href":"https:\/\/houseofotoko.com\/de\/wp-json\/wp\/v2\/product_tag?post=1240"}],"curies":[{"name":"wp","href":"https:\/\/api.w.org\/{rel}","templated":true}]}}