{"id":1095,"date":"2025-06-09T14:21:43","date_gmt":"2025-06-09T14:21:43","guid":{"rendered":"https:\/\/houseofotoko.com\/?post_type=product&#038;p=1095"},"modified":"2025-06-09T14:46:23","modified_gmt":"2025-06-09T14:46:23","slug":"ribbed-cappuccino-mug-light-grey","status":"publish","type":"product","link":"https:\/\/houseofotoko.com\/de\/produkt\/ribbed-cappuccino-mug-light-grey\/","title":{"rendered":"Gerippte Cappuccino-Tasse Hellgrau"},"content":{"rendered":"<p data-start=\"0\" data-end=\"266\">Einf\u00fchrung in die <strong data-start=\"16\" data-end=\"52\">Hellgraue gerippte Cappuccinotasse<\/strong> von <strong data-start=\"56\" data-end=\"74\">Archiv Studio<\/strong>; ein robuster Begleiter f\u00fcr Ihr t\u00e4gliches Gebr\u00e4u. Die matte, unglasierte, gerippte Au\u00dfenseite dieses Steingutbechers verspr\u00fcht einen rauen Charme, w\u00e4hrend die glasierte Innenseite f\u00fcr ein angenehmes Trinkerlebnis sorgt.<\/p>\n<ul data-start=\"287\" data-end=\"447\">\n<li data-start=\"287\" data-end=\"325\"><em><strong data-start=\"289\" data-end=\"302\">Material:<\/strong> Hochwertiges Steingut<\/em><\/li>\n<li data-start=\"326\" data-end=\"349\"><em><strong data-start=\"328\" data-end=\"338\">Farbe:<\/strong> Hellgrau<\/em><\/li>\n<li data-start=\"350\" data-end=\"396\"><em><strong data-start=\"352\" data-end=\"367\">Abmessungen:<\/strong> Durchmesser: 8 cm; H\u00f6he: 6 cm<\/em><\/li>\n<li data-start=\"397\" data-end=\"419\"><em><strong data-start=\"399\" data-end=\"412\">Kapazit\u00e4t:<\/strong> 120 ml<\/em><\/li>\n<li data-start=\"420\" data-end=\"447\"><em><strong data-start=\"422\" data-end=\"431\">Pflege:<\/strong> Sp\u00fclmaschinenfest<\/em><\/li>\n<li data-start=\"420\" data-end=\"447\"><em><strong>Marke:<\/strong> <a href=\"https:\/\/houseofotoko.com\/product-categorie\/shop\/brands\/archive-studio\/\">Archiv Studio<\/a><\/em><\/li>\n<\/ul>\n<p data-start=\"449\" data-end=\"717\">Die Farbpigmente werden bei der Herstellung mit Pr\u00e4zision in den fl\u00fcssigen Ton gemischt, um einen gleichm\u00e4\u00dfigen Farbton sowohl innen als auch au\u00dfen zu gew\u00e4hrleisten. Die matte, unglasierte, gerippte Au\u00dfenseite sorgt nicht nur f\u00fcr einen festen Griff, sondern verleiht Ihrem Kaffeeritual auch einen Hauch von maskuliner Eleganz.<\/p>\n<p data-start=\"719\" data-end=\"888\">","protected":false},"excerpt":{"rendered":"<p>Die gerippte Cappuccino-Tasse ist f\u00fcr den t\u00e4glichen Gebrauch gebaut und ist ebenso haltbar wie stilvoll. Erh\u00f6hen Sie Ihr Kaffeeerlebnis mit dieser Tasse.<\/p>","protected":false},"featured_media":519,"comment_status":"open","ping_status":"closed","template":"","meta":{"neve_meta_sidebar":"","neve_meta_container":"","neve_meta_enable_content_width":"off","neve_meta_content_width":100,"neve_meta_title_alignment":"","neve_meta_author_avatar":"","neve_post_elements_order":"","neve_meta_disable_header":"","neve_meta_disable_footer":"","neve_meta_disable_title":"","neve_meta_reading_time":"","_themeisle_gutenberg_block_has_review":false,"neve_tabs_data":"","neve_override_tab_layout":""},"product_brand":[],"product_cat":[16,52,42,146],"product_tag":[],"class_list":{"0":"post-1095","1":"product","2":"type-product","3":"status-publish","4":"has-post-thumbnail","6":"product_cat-all","7":"product_cat-glassware_bar","8":"product_cat-kitchen_dining","9":"product_cat-uitgelicht","10":"product_shipping_class-standard-package","12":"first","13":"instock","14":"taxable","15":"shipping-taxable","16":"purchasable","17":"product-type-simple"},"yoast_head":"<!-- This site is optimized with the Yoast SEO plugin v27.4 - https:\/\/yoast.com\/product\/yoast-seo-wordpress\/ -->\n<title>Ribbed Cappuccino Mug Light Grey - House of Otoko<\/title>\n<meta name=\"description\" content=\"Ribbed Cappuccino Mug is built to withstand the rigors of daily use, this mug is as durable as it is stylish. Elevate your coffee experience with this mug.\" \/>\n<meta name=\"robots\" content=\"index, follow, max-snippet:-1, max-image-preview:large, max-video-preview:-1\" \/>\n<link rel=\"canonical\" href=\"https:\/\/houseofotoko.com\/de\/produkt\/ribbed-cappuccino-mug-light-grey\/\" \/>\n<meta property=\"og:locale\" content=\"de_DE\" \/>\n<meta property=\"og:type\" content=\"article\" \/>\n<meta property=\"og:title\" content=\"Ribbed Cappuccino Mug Light Grey - House of Otoko\" \/>\n<meta property=\"og:description\" content=\"Ribbed Cappuccino Mug is built to withstand the rigors of daily use, this mug is as durable as it is stylish. Elevate your coffee experience with this mug.\" \/>\n<meta property=\"og:url\" content=\"https:\/\/houseofotoko.com\/de\/produkt\/ribbed-cappuccino-mug-light-grey\/\" \/>\n<meta property=\"og:site_name\" content=\"House of Otoko\" \/>\n<meta property=\"article:modified_time\" content=\"2025-06-09T14:46:23+00:00\" \/>\n<meta property=\"og:image\" content=\"https:\/\/houseofotoko.com\/wp-content\/uploads\/2025\/02\/Cappuccino-kop-geribbeld-lichtgrijs-2.webp\" \/>\n\t<meta property=\"og:image:width\" content=\"600\" \/>\n\t<meta property=\"og:image:height\" content=\"600\" \/>\n\t<meta property=\"og:image:type\" content=\"image\/webp\" \/>\n<meta name=\"twitter:card\" content=\"summary_large_image\" \/>\n<meta name=\"twitter:label1\" content=\"Gesch\u00e4tzte Lesezeit\" \/>\n\t<meta name=\"twitter:data1\" content=\"1\u00a0Minute\" \/>\n<script type=\"application\/ld+json\" class=\"yoast-schema-graph\">{\"@context\":\"https:\\\/\\\/schema.org\",\"@graph\":[{\"@type\":\"WebPage\",\"@id\":\"https:\\\/\\\/houseofotoko.com\\\/product\\\/ribbed-cappuccino-mug-light-grey\\\/\",\"url\":\"https:\\\/\\\/houseofotoko.com\\\/product\\\/ribbed-cappuccino-mug-light-grey\\\/\",\"name\":\"Ribbed Cappuccino Mug Light Grey - House of Otoko\",\"isPartOf\":{\"@id\":\"https:\\\/\\\/houseofotoko.com\\\/#website\"},\"primaryImageOfPage\":{\"@id\":\"https:\\\/\\\/houseofotoko.com\\\/product\\\/ribbed-cappuccino-mug-light-grey\\\/#primaryimage\"},\"image\":{\"@id\":\"https:\\\/\\\/houseofotoko.com\\\/product\\\/ribbed-cappuccino-mug-light-grey\\\/#primaryimage\"},\"thumbnailUrl\":\"https:\\\/\\\/houseofotoko.com\\\/wp-content\\\/uploads\\\/2025\\\/02\\\/Cappuccino-kop-geribbeld-lichtgrijs-2.webp\",\"datePublished\":\"2025-06-09T14:21:43+00:00\",\"dateModified\":\"2025-06-09T14:46:23+00:00\",\"description\":\"Ribbed Cappuccino Mug is built to withstand the rigors of daily use, this mug is as durable as it is stylish. Elevate your coffee experience with this mug.\",\"breadcrumb\":{\"@id\":\"https:\\\/\\\/houseofotoko.com\\\/product\\\/ribbed-cappuccino-mug-light-grey\\\/#breadcrumb\"},\"inLanguage\":\"de\",\"potentialAction\":[{\"@type\":\"ReadAction\",\"target\":[\"https:\\\/\\\/houseofotoko.com\\\/product\\\/ribbed-cappuccino-mug-light-grey\\\/\"]}]},{\"@type\":\"ImageObject\",\"inLanguage\":\"de\",\"@id\":\"https:\\\/\\\/houseofotoko.com\\\/product\\\/ribbed-cappuccino-mug-light-grey\\\/#primaryimage\",\"url\":\"https:\\\/\\\/houseofotoko.com\\\/wp-content\\\/uploads\\\/2025\\\/02\\\/Cappuccino-kop-geribbeld-lichtgrijs-2.webp\",\"contentUrl\":\"https:\\\/\\\/houseofotoko.com\\\/wp-content\\\/uploads\\\/2025\\\/02\\\/Cappuccino-kop-geribbeld-lichtgrijs-2.webp\",\"width\":600,\"height\":600},{\"@type\":\"BreadcrumbList\",\"@id\":\"https:\\\/\\\/houseofotoko.com\\\/product\\\/ribbed-cappuccino-mug-light-grey\\\/#breadcrumb\",\"itemListElement\":[{\"@type\":\"ListItem\",\"position\":1,\"name\":\"Home\",\"item\":\"https:\\\/\\\/houseofotoko.com\\\/\"},{\"@type\":\"ListItem\",\"position\":2,\"name\":\"Shop\",\"item\":\"https:\\\/\\\/houseofotoko.com\\\/shop\\\/\"},{\"@type\":\"ListItem\",\"position\":3,\"name\":\"Ribbed Cappuccino Mug Light Grey\"}]},{\"@type\":\"WebSite\",\"@id\":\"https:\\\/\\\/houseofotoko.com\\\/#website\",\"url\":\"https:\\\/\\\/houseofotoko.com\\\/\",\"name\":\"House of Otoko\",\"description\":\"\",\"publisher\":{\"@id\":\"https:\\\/\\\/houseofotoko.com\\\/#organization\"},\"potentialAction\":[{\"@type\":\"SearchAction\",\"target\":{\"@type\":\"EntryPoint\",\"urlTemplate\":\"https:\\\/\\\/houseofotoko.com\\\/?s={search_term_string}\"},\"query-input\":{\"@type\":\"PropertyValueSpecification\",\"valueRequired\":true,\"valueName\":\"search_term_string\"}}],\"inLanguage\":\"de\"},{\"@type\":\"Organization\",\"@id\":\"https:\\\/\\\/houseofotoko.com\\\/#organization\",\"name\":\"House of Otoko\",\"url\":\"https:\\\/\\\/houseofotoko.com\\\/\",\"logo\":{\"@type\":\"ImageObject\",\"inLanguage\":\"de\",\"@id\":\"https:\\\/\\\/houseofotoko.com\\\/#\\\/schema\\\/logo\\\/image\\\/\",\"url\":\"https:\\\/\\\/mlfln9ez57ke.i.optimole.com\\\/w:1123\\\/h:1038\\\/q:mauto\\\/f:best\\\/ig:avif\\\/https:\\\/\\\/houseofotoko.com\\\/wp-content\\\/uploads\\\/2025\\\/01\\\/LOGO-PNG-1.png\",\"contentUrl\":\"https:\\\/\\\/mlfln9ez57ke.i.optimole.com\\\/w:1123\\\/h:1038\\\/q:mauto\\\/f:best\\\/ig:avif\\\/https:\\\/\\\/houseofotoko.com\\\/wp-content\\\/uploads\\\/2025\\\/01\\\/LOGO-PNG-1.png\",\"width\":1123,\"height\":1038,\"caption\":\"House of Otoko\"},\"image\":{\"@id\":\"https:\\\/\\\/houseofotoko.com\\\/#\\\/schema\\\/logo\\\/image\\\/\"},\"sameAs\":[\"https:\\\/\\\/www.instagram.com\\\/houseofotoko\\\/\"]}]}<\/script>\n<!-- \/ Yoast SEO plugin. -->","yoast_head_json":{"title":"Ribbed Cappuccino Mug Light Grey - House of Otoko","description":"Die gerippte Cappuccino-Tasse ist f\u00fcr den t\u00e4glichen Gebrauch gebaut und ist ebenso haltbar wie stilvoll. Erh\u00f6hen Sie Ihr Kaffeeerlebnis mit dieser Tasse.","robots":{"index":"index","follow":"follow","max-snippet":"max-snippet:-1","max-image-preview":"max-image-preview:large","max-video-preview":"max-video-preview:-1"},"canonical":"https:\/\/houseofotoko.com\/de\/produkt\/ribbed-cappuccino-mug-light-grey\/","og_locale":"de_DE","og_type":"article","og_title":"Ribbed Cappuccino Mug Light Grey - House of Otoko","og_description":"Ribbed Cappuccino Mug is built to withstand the rigors of daily use, this mug is as durable as it is stylish. Elevate your coffee experience with this mug.","og_url":"https:\/\/houseofotoko.com\/de\/produkt\/ribbed-cappuccino-mug-light-grey\/","og_site_name":"House of Otoko","article_modified_time":"2025-06-09T14:46:23+00:00","og_image":[{"width":600,"height":600,"url":"https:\/\/houseofotoko.com\/wp-content\/uploads\/2025\/02\/Cappuccino-kop-geribbeld-lichtgrijs-2.webp","type":"image\/webp"}],"twitter_card":"summary_large_image","twitter_misc":{"Gesch\u00e4tzte Lesezeit":"1\u00a0Minute"},"schema":{"@context":"https:\/\/schema.org","@graph":[{"@type":"WebPage","@id":"https:\/\/houseofotoko.com\/product\/ribbed-cappuccino-mug-light-grey\/","url":"https:\/\/houseofotoko.com\/product\/ribbed-cappuccino-mug-light-grey\/","name":"Ribbed Cappuccino Mug Light Grey - House of Otoko","isPartOf":{"@id":"https:\/\/houseofotoko.com\/#website"},"primaryImageOfPage":{"@id":"https:\/\/houseofotoko.com\/product\/ribbed-cappuccino-mug-light-grey\/#primaryimage"},"image":{"@id":"https:\/\/houseofotoko.com\/product\/ribbed-cappuccino-mug-light-grey\/#primaryimage"},"thumbnailUrl":"https:\/\/houseofotoko.com\/wp-content\/uploads\/2025\/02\/Cappuccino-kop-geribbeld-lichtgrijs-2.webp","datePublished":"2025-06-09T14:21:43+00:00","dateModified":"2025-06-09T14:46:23+00:00","description":"Die gerippte Cappuccino-Tasse ist f\u00fcr den t\u00e4glichen Gebrauch gebaut und ist ebenso haltbar wie stilvoll. Erh\u00f6hen Sie Ihr Kaffeeerlebnis mit dieser Tasse.","breadcrumb":{"@id":"https:\/\/houseofotoko.com\/product\/ribbed-cappuccino-mug-light-grey\/#breadcrumb"},"inLanguage":"de","potentialAction":[{"@type":"ReadAction","target":["https:\/\/houseofotoko.com\/product\/ribbed-cappuccino-mug-light-grey\/"]}]},{"@type":"ImageObject","inLanguage":"de","@id":"https:\/\/houseofotoko.com\/product\/ribbed-cappuccino-mug-light-grey\/#primaryimage","url":"https:\/\/houseofotoko.com\/wp-content\/uploads\/2025\/02\/Cappuccino-kop-geribbeld-lichtgrijs-2.webp","contentUrl":"https:\/\/houseofotoko.com\/wp-content\/uploads\/2025\/02\/Cappuccino-kop-geribbeld-lichtgrijs-2.webp","width":600,"height":600},{"@type":"BreadcrumbList","@id":"https:\/\/houseofotoko.com\/product\/ribbed-cappuccino-mug-light-grey\/#breadcrumb","itemListElement":[{"@type":"ListItem","position":1,"name":"Home","item":"https:\/\/houseofotoko.com\/"},{"@type":"ListItem","position":2,"name":"Shop","item":"https:\/\/houseofotoko.com\/shop\/"},{"@type":"ListItem","position":3,"name":"Ribbed Cappuccino Mug Light Grey"}]},{"@type":"WebSite","@id":"https:\/\/houseofotoko.com\/#website","url":"https:\/\/houseofotoko.com\/","name":"House of Otoko","description":"","publisher":{"@id":"https:\/\/houseofotoko.com\/#organization"},"potentialAction":[{"@type":"SearchAction","target":{"@type":"EntryPoint","urlTemplate":"https:\/\/houseofotoko.com\/?s={search_term_string}"},"query-input":{"@type":"PropertyValueSpecification","valueRequired":true,"valueName":"search_term_string"}}],"inLanguage":"de"},{"@type":"Organization","@id":"https:\/\/houseofotoko.com\/#organization","name":"House of Otoko","url":"https:\/\/houseofotoko.com\/","logo":{"@type":"ImageObject","inLanguage":"de","@id":"https:\/\/houseofotoko.com\/#\/schema\/logo\/image\/","url":"https:\/\/mlfln9ez57ke.i.optimole.com\/w:1123\/h:1038\/q:mauto\/f:best\/ig:avif\/https:\/\/houseofotoko.com\/wp-content\/uploads\/2025\/01\/LOGO-PNG-1.png","contentUrl":"https:\/\/mlfln9ez57ke.i.optimole.com\/w:1123\/h:1038\/q:mauto\/f:best\/ig:avif\/https:\/\/houseofotoko.com\/wp-content\/uploads\/2025\/01\/LOGO-PNG-1.png","width":1123,"height":1038,"caption":"House of Otoko"},"image":{"@id":"https:\/\/houseofotoko.com\/#\/schema\/logo\/image\/"},"sameAs":["https:\/\/www.instagram.com\/houseofotoko\/"]}]}},"_links":{"self":[{"href":"https:\/\/houseofotoko.com\/de\/wp-json\/wp\/v2\/product\/1095","targetHints":{"allow":["GET"]}}],"collection":[{"href":"https:\/\/houseofotoko.com\/de\/wp-json\/wp\/v2\/product"}],"about":[{"href":"https:\/\/houseofotoko.com\/de\/wp-json\/wp\/v2\/types\/product"}],"replies":[{"embeddable":true,"href":"https:\/\/houseofotoko.com\/de\/wp-json\/wp\/v2\/comments?post=1095"}],"wp:featuredmedia":[{"embeddable":true,"href":"https:\/\/houseofotoko.com\/de\/wp-json\/wp\/v2\/media\/519"}],"wp:attachment":[{"href":"https:\/\/houseofotoko.com\/de\/wp-json\/wp\/v2\/media?parent=1095"}],"wp:term":[{"taxonomy":"product_brand","embeddable":true,"href":"https:\/\/houseofotoko.com\/de\/wp-json\/wp\/v2\/product_brand?post=1095"},{"taxonomy":"product_cat","embeddable":true,"href":"https:\/\/houseofotoko.com\/de\/wp-json\/wp\/v2\/product_cat?post=1095"},{"taxonomy":"product_tag","embeddable":true,"href":"https:\/\/houseofotoko.com\/de\/wp-json\/wp\/v2\/product_tag?post=1095"}],"curies":[{"name":"wp","href":"https:\/\/api.w.org\/{rel}","templated":true}]}}